{"id":21673,"date":"2025-05-20T18:21:00","date_gmt":"2025-05-20T18:21:00","guid":{"rendered":"https:\/\/electricstore.eu\/p\/uncategorized\/daxtromn-ggh-3-5kw-solar-inverter-5000w-pure-sine-wave-100a-mppt-solar-charger-max-500vdc-pv-input\/"},"modified":"2025-05-20T18:21:02","modified_gmt":"2025-05-20T18:21:02","slug":"daxtromn-ggh-3-5kw-solar-inverter-5000w-pure-sine-wave-100a-mppt-solar-charger-max-500vdc-pv-input","status":"publish","type":"product","link":"https:\/\/www.electricstore.eu\/et\/p\/batteries\/portable-power-stations\/daxtromn-ggh-3-5kw-solar-inverter-5000w-pure-sine-wave-100a-mppt-solar-charger-max-500vdc-pv-input\/","title":{"rendered":"DAXTROMN GGH-3,5 kW p\u00e4ikeseinverter 5000 W puhas siinuslaine 100 A MPPT p\u00e4ikeselaadija max. 500 V alalisvoolu PV sisend"},"content":{"rendered":"<div class=\"product-specs-list-container\">\n<ul class=\"product-specs-list util-clearfix\">\n<li class=\"product-prop line-limit-length\"><span\n                                        class=\"property-title\">Br\u00e4nd:&nbsp;<\/span><span\n                                        class=\"property-desc line-limit-length\">DAXTROMN<\/span>\n                            <\/li>\n<li class=\"product-prop line-limit-length\"><span\n                                        class=\"property-title\">Mudel:&nbsp;<\/span><span\n                                        class=\"property-desc line-limit-length\">GGH-3,5KW<\/span>\n                            <\/li>\n<li class=\"product-prop line-limit-length\"><span\n                                        class=\"property-title\">T\u00fc\u00fcp:&nbsp;<\/span><span\n                                        class=\"property-desc line-limit-length\">P\u00e4ikeseenergia inverter<\/span>\n                            <\/li>\n<li class=\"product-prop line-limit-length\"><span\n                                        class=\"property-title\">Faas:&nbsp;<\/span><span\n                                        class=\"property-desc line-limit-length\">1-faasiline<\/span>\n                            <\/li>\n<li class=\"product-prop line-limit-length\"><span\n                                        class=\"property-title\">Maksimaalne PV sisendv\u00f5imsus:&nbsp;<\/span><span\n                                        class=\"property-desc line-limit-length\">3500W<\/span>\n                            <\/li>\n<li class=\"product-prop line-limit-length\"><span\n                                        class=\"property-title\">Nimiv\u00e4ljundv\u00f5imsus:&nbsp;<\/span><span\n                                        class=\"property-desc line-limit-length\">3500W\/3500VA<\/span>\n                            <\/li>\n<li class=\"product-prop line-limit-length\"><span\n                                        class=\"property-title\">MPPT pingevahemik:&nbsp;<\/span><span\n                                        class=\"property-desc line-limit-length\">120\u2013450 V alalisvool<\/span>\n                            <\/li>\n<li class=\"product-prop line-limit-length\"><span\n                                        class=\"property-title\">Liigpinge:&nbsp;<\/span><span\n                                        class=\"property-desc line-limit-length\">7000 VA<\/span>\n                            <\/li>\n<\/ul><\/div>\n<p style=\"font-family:&quot;Microsoft YaHei&quot;;font-size:medium;font-weight:400;letter-spacing:normal;text-align:start;white-space:normal;color:rgb(0, 0, 0)\" align=\"start\"><strong><span style=\"font-size:x-large\">T\u00e4hts\u00fcndmused<\/span><\/strong><\/p>\n<p><\/p>\n<h3 style=\"font-family:&quot;Microsoft YaHei&quot;;letter-spacing:normal;text-align:start;white-space:normal;color:rgb(0, 0, 0)\" align=\"start\"><strong>Puhas siinuslaine inverter<\/strong><\/h3>\n<p style=\"font-family:&quot;Microsoft YaHei&quot;;font-size:medium;font-weight:400;letter-spacing:normal;text-align:start;white-space:normal;color:rgb(0, 0, 0)\" align=\"start\">HYBRID p\u00e4ikeseenergia inverter pakub puhast ja stabiilset energiat puhta siinuslaine v\u00e4ljundiga, tagades \u00fchilduvuse tundlike kodumasinate ja personaalarvutitega. See funktsioon garanteerib teie seadmete optimaalse j\u00f5udluse ja pikaealisuse.<\/p>\n<h3 style=\"font-family:&quot;Microsoft YaHei&quot;;letter-spacing:normal;text-align:start;white-space:normal;color:rgb(0, 0, 0)\" align=\"start\"><strong>Sisseehitatud MPPT p\u00e4ikesekontroller<\/strong><\/h3>\n<p style=\"font-family:&quot;Microsoft YaHei&quot;;font-size:medium;font-weight:400;letter-spacing:normal;text-align:start;white-space:normal;color:rgb(0, 0, 0)\" align=\"start\">Sisseehitatud maksimaalse v\u00f5imsuspunkti j\u00e4lgimise (MPPT) p\u00e4ikesekontrolleriga varustatud p\u00e4ikesepaneelide inverter maksimeerib teie p\u00e4ikesepaneelide efektiivsust. See tagab, et teie p\u00e4ikeses\u00fcsteemist saadakse maksimaalne energiahulk isegi muutuvate ilmastikutingimuste korral.<\/p>\n<h3 style=\"font-family:&quot;Microsoft YaHei&quot;;letter-spacing:normal;text-align:start;white-space:normal;color:rgb(0, 0, 0)\" align=\"start\"><strong>Automaatse taask\u00e4ivitamise funktsioon<\/strong><\/h3>\n<p style=\"font-family:&quot;Microsoft YaHei&quot;;font-size:medium;font-weight:400;letter-spacing:normal;text-align:start;white-space:normal;color:rgb(0, 0, 0)\" align=\"start\">Voolukatkestuse korral taask\u00e4ivitub inverter automaatselt, kui vahelduvvooluvool taastub. See funktsioon tagab teie seadmete ja s\u00fcsteemide t\u00f6\u00f6 j\u00e4tkamise ilma k\u00e4sitsi sekkumiseta.<\/p>\n<h3 style=\"font-family:&quot;Microsoft YaHei&quot;;letter-spacing:normal;text-align:start;white-space:normal;color:rgb(0, 0, 0)\" align=\"start\"><strong>P\u00f5hjalik kaitse<\/strong><\/h3>\n<p style=\"font-family:&quot;Microsoft YaHei&quot;;font-size:medium;font-weight:400;letter-spacing:normal;text-align:start;white-space:normal;color:rgb(0, 0, 0)\" align=\"start\">HYBRID p\u00e4ikeseenergia inverteril on \u00fclekoormuse, \u00fclekuumenemise ja l\u00fchise kaitse. Need ohutusfunktsioonid kaitsevad teie seadmeid ja tagavad usaldusv\u00e4\u00e4rse t\u00f6\u00f6 erinevates tingimustes.<\/p>\n<h3 style=\"font-family:&quot;Microsoft YaHei&quot;;letter-spacing:normal;text-align:start;white-space:normal;color:rgb(0, 0, 0)\" align=\"start\"><strong>Nutika akulaadija disain<\/strong><\/h3>\n<p style=\"font-family:&quot;Microsoft YaHei&quot;;font-size:medium;font-weight:400;letter-spacing:normal;text-align:start;white-space:normal;color:rgb(0, 0, 0)\" align=\"start\">Inverteril on nutikas akulaadija disain, mis optimeerib aku j\u00f5udlust. See tagab t\u00f5husad laadimis- ja t\u00fchjendusts\u00fcklid, maksimeerides akude eluiga ja t\u00f6\u00f6kindlust.<\/p>\n<h3 style=\"font-family:&quot;Microsoft YaHei&quot;;letter-spacing:normal;text-align:start;white-space:normal;color:rgb(0, 0, 0)\" align=\"start\"><strong>K\u00fclmk\u00e4ivitusfunktsioon<\/strong><\/h3>\n<p style=\"font-family:&quot;Microsoft YaHei&quot;;font-size:medium;font-weight:400;letter-spacing:normal;text-align:start;white-space:normal;color:rgb(0, 0, 0)\" align=\"start\">H\u00dcBRIID-INVERTERIL on k\u00fclmk\u00e4ivitusfunktsioon, mis v\u00f5imaldab sellel k\u00e4ivituda ja t\u00f6\u00f6tada isegi madala temperatuuriga keskkonnas. See funktsioon tagab, et teil on juurdep\u00e4\u00e4s voolule just siis, kui seda k\u00f5ige rohkem vajate, olenemata ilmastikutingimustest.<\/p>\n<p><\/p>\n<h2 style=\"font-family:&quot;Microsoft YaHei&quot;;font-size:14px;letter-spacing:normal;text-align:start;white-space:normal;color:rgb(0, 0, 0);margin:10px 0px;margin-bottom:10px;margin-top:10px;margin-left:0px;margin-right:0px;padding:0px;padding-bottom:0px;padding-top:0px;padding-left:0px;padding-right:0px\" align=\"start\"><span style=\"font-size:28px\"><strong>Spetsifikatsioon<\/strong><\/span><\/h2>\n<p><\/p>\n<table style=\"border-collapse:collapse;font-family:&quot;Microsoft YaHei&quot;;width:1000px\" class=\"jbEidtTable\" border=\"1\" cellpadding=\"5\" cellspacing=\"0\">\n<tbody>\n<tr>\n<td style=\"text-align:left;height:89px\" align=\"left\">\n<p>\u00dcldine<\/p>\n<\/td>\n<td style=\"text-align:left;height:89px\" align=\"left\">\n<p>Kaubam\u00e4rk: DAXTROMN\u00a0<br \/>T\u00fc\u00fcp: P\u00e4ikeseenergia inverter<br \/>Mudel: GGH-3.5KW<br \/>V\u00e4rv: Sinine-valge<\/p>\n<\/td>\n<\/tr>\n<tr>\n<td style=\"text-align:left;height:22px\" align=\"left\">\n<p>Spetsifikatsioon<\/p>\n<\/td>\n<td style=\"text-align:left;height:22px\" align=\"left\">\n<p>Faas: 1-faas<br \/>Maksimaalne PV sisendv\u00f5imsus: 3500W<br \/>Nimiv\u00e4ljundv\u00f5imsus: 3500W\/3500VA<br \/>Maksimaalne p\u00e4ikeselaadimisvool: 100A<\/p>\n<p>V\u00d5RGUSIDUSE OPERATSIOON<br \/>Nominaalne alalisvoolupinge\/maksimaalne alalisvoolupinge: 360 V alalisvoolu\/500 V alalisvoolu<br \/>K\u00e4ivituspinge\/esialgne toitepinge: 90 V \/ 120 V<br \/>MPPT pingevahemik: 120\u2013450 V alalisvool<br \/>MPPT-de arv\/maksimaalne sisendvool: 1\/23A<\/p>\n<p>V\u00d5RGU V\u00c4LJUNDV\u00d5IMSUS (VAHELDUVVOOL)<br \/>Nimiv\u00e4ljundpinge: 220\/230\/240 V vahelduvvool<br \/>V\u00e4ljundpinge vahemik: 195,5\u2013253 VAC<br \/>Nimiv\u00e4ljundvool: 15,7 A<br \/>V\u00f5imsustegur: &gt;0,99<\/p>\n<p>V\u00d5RGUST V\u00c4LJASPOOL T\u00d6\u00d6TAMINE<br \/>Vahelduvvoolu sisend:\u00a0<br \/>Vahelduvvoolu k\u00e4ivituspinge\/automaatse taask\u00e4ivituse pinge: 120\u2013140 VAC\/180 VAC<br \/>Vastuv\u00f5etav sisendpinge vahemik: 90\u2013280 VAC v\u00f5i 170\u2013280 VAC<br \/>Maksimaalne vahelduvvoolu sisendvool: 60A<br \/>Nimisagedus: 50\/60 Hz<br \/>\u00dclepingev\u00f5imsus: 7000 VA<\/p>\n<p>AKU V\u00c4LJUNDV\u00d5IMSUS (VAHELDUVVOOL)<br \/>Nimiv\u00e4ljundpinge: 220\/230\/240 V vahelduvvool<br \/>V\u00e4ljundlainekuju: puhas siinuslaine<br \/>Efektiivsus (alalisvoolust vahelduvvooluni): 94%<\/p>\n<p>AKU JA LAADIJA<br \/>Nimipinge alalisvoolule:\u00a0<br \/>Maksimaalne p\u00e4ikeselaadimisvool: 100A<br \/>Maksimaalne vahelduvvoolu laadimisvool: 60A<\/p>\n<p>T\u00f6\u00f6temperatuur: -10\u201350 \u00b0C<\/p>\n<\/td>\n<\/tr>\n<tr>\n<td style=\"text-align:left;height:89px\" align=\"left\">\n<p>Kaal ja suurus<\/p>\n<\/td>\n<td style=\"text-align:left;height:89px\" align=\"left\">\n<p>Toote kaal: 10 kg<br \/>Paki kaal: 11 kg<br \/>Toote m\u00f5\u00f5dud (P x L x K): 49x30x11cm<br \/>Paki suurus (P x L x K): 54x35x18cm<\/p>\n<\/td>\n<\/tr>\n<tr>\n<td style=\"text-align:left;height:52px\" align=\"left\">\n<p>Pakendi sisu<\/p>\n<\/td>\n<td style=\"text-align:left;height:52px\" align=\"left\">\n<p>1 x p\u00e4ikesepaneelide inverter<br \/>1 x kasutusjuhend<\/p>\n<\/td>\n<\/tr>\n<\/tbody>\n<\/table>\n<p><img decoding=\"async\" src=\"https:\/\/ae01.alicdn.com\/kf\/Seebe50769e384c328b0befe2f6be0f7co.jpg\" slate-data-type=\"image\"\/><img decoding=\"async\" src=\"https:\/\/ae01.alicdn.com\/kf\/S5a6f10d0492b45ecabf7ec9b6e89aed5m.jpg\" slate-data-type=\"image\"\/><img decoding=\"async\" src=\"https:\/\/ae01.alicdn.com\/kf\/Sdf9fe3bb10764eb0ac0dccbdf46aff04m.jpg\" slate-data-type=\"image\"\/><img decoding=\"async\" src=\"https:\/\/ae01.alicdn.com\/kf\/Sf1ba4738d8d54109a909917b871d9b5b3.jpg\" slate-data-type=\"image\"\/><img decoding=\"async\" src=\"https:\/\/ae01.alicdn.com\/kf\/S273fecaa7ff948949ab0e3f281034028C.jpg\" slate-data-type=\"image\"\/><img decoding=\"async\" src=\"https:\/\/ae01.alicdn.com\/kf\/S7d183739390641e2bbe639e7afc9d0a5L.jpg\" slate-data-type=\"image\"\/><img decoding=\"async\" src=\"https:\/\/ae01.alicdn.com\/kf\/S77e7b505dafc48a1ac01594ae1e94cbep.jpg\" slate-data-type=\"image\"\/><img decoding=\"async\" src=\"https:\/\/ae01.alicdn.com\/kf\/S399626c6b7f44a43a6f0d1acdd944273B.jpg\" slate-data-type=\"image\"\/><img decoding=\"async\" src=\"https:\/\/ae01.alicdn.com\/kf\/S9435f066b37b4adcbba75db39801cd75F.jpg\" slate-data-type=\"image\"\/><img decoding=\"async\" src=\"https:\/\/ae01.alicdn.com\/kf\/Sf8a53685f7174b28930514e1be489bc6b.jpg\" slate-data-type=\"image\"\/><img decoding=\"async\" src=\"https:\/\/ae01.alicdn.com\/kf\/S8995435ef77d462f9237c8cf0404227dB.jpg\" slate-data-type=\"image\"\/><\/p>","protected":false},"excerpt":{"rendered":"<p>Brand:&nbsp;DAXTROMN Model:&nbsp;GGH-3.5KW Type:&nbsp;Solar Inverter Phase:&nbsp;1-Phase Maximum PV Input Power:&nbsp;3500W Rated Output Power:&nbsp;3500W\/3500VA MPPT Voltage Range:&nbsp;120-450VDC Surge power:&nbsp;7000VA Highlights Pure Sine Wave Inverter The HYBRID Solar Inverter provides clean, stable power<\/p>","protected":false},"featured_media":21674,"comment_status":"open","ping_status":"closed","template":"","meta":{"_acf_changed":false},"product_brand":[],"product_cat":[515],"product_tag":[],"class_list":{"0":"post-21673","1":"product","2":"type-product","3":"status-publish","4":"has-post-thumbnail","6":"product_cat-portable-power-stations","8":"first","9":"instock","10":"shipping-taxable","11":"purchasable","12":"product-type-simple"},"acf":[],"_links":{"self":[{"href":"https:\/\/www.electricstore.eu\/et\/wp-json\/wp\/v2\/product\/21673","targetHints":{"allow":["GET"]}}],"collection":[{"href":"https:\/\/www.electricstore.eu\/et\/wp-json\/wp\/v2\/product"}],"about":[{"href":"https:\/\/www.electricstore.eu\/et\/wp-json\/wp\/v2\/types\/product"}],"replies":[{"embeddable":true,"href":"https:\/\/www.electricstore.eu\/et\/wp-json\/wp\/v2\/comments?post=21673"}],"wp:featuredmedia":[{"embeddable":true,"href":"https:\/\/www.electricstore.eu\/et\/wp-json\/wp\/v2\/media\/21674"}],"wp:attachment":[{"href":"https:\/\/www.electricstore.eu\/et\/wp-json\/wp\/v2\/media?parent=21673"}],"wp:term":[{"taxonomy":"product_brand","embeddable":true,"href":"https:\/\/www.electricstore.eu\/et\/wp-json\/wp\/v2\/product_brand?post=21673"},{"taxonomy":"product_cat","embeddable":true,"href":"https:\/\/www.electricstore.eu\/et\/wp-json\/wp\/v2\/product_cat?post=21673"},{"taxonomy":"product_tag","embeddable":true,"href":"https:\/\/www.electricstore.eu\/et\/wp-json\/wp\/v2\/product_tag?post=21673"}],"curies":[{"name":"wp","href":"https:\/\/api.w.org\/{rel}","templated":true}]}}