{"id":21668,"date":"2025-05-20T18:20:58","date_gmt":"2025-05-20T18:20:58","guid":{"rendered":"https:\/\/electricstore.eu\/p\/uncategorized\/haniwinner-hd009-10-portable-power-station-1280wh-12-8v-100ah-lifepo4-battery-charging-stations-2000-cycles-power-generator\/"},"modified":"2025-05-20T18:20:59","modified_gmt":"2025-05-20T18:20:59","slug":"haniwinner-hd009-10-portable-power-station-1280wh-12-8v-100ah-lifepo4-battery-charging-stations-2000-cycles-power-generator","status":"publish","type":"product","link":"https:\/\/www.electricstore.eu\/et\/p\/batteries\/portable-power-stations\/haniwinner-hd009-10-portable-power-station-1280wh-12-8v-100ah-lifepo4-battery-charging-stations-2000-cycles-power-generator\/","title":{"rendered":"HANIWINNER HD009-10 kaasaskantav elektrijaam 1280Wh 12.8V 100Ah LiFePO4 aku laadimisjaam 2000+ ts\u00fcklit elektrigeneraator"},"content":{"rendered":"<div class=\"product-specs-list-container\">\n<ul class=\"product-specs-list util-clearfix\">\n<li class=\"product-prop line-limit-length\"><span\n                                        class=\"property-title\">Nimimaht:&nbsp;<\/span><span\n                                        class=\"property-desc line-limit-length\">1280Wh<\/span>\n                            <\/li>\n<li class=\"product-prop line-limit-length\"><span\n                                        class=\"property-title\">Mudelinumber:&nbsp;<\/span><span\n                                        class=\"property-desc line-limit-length\">HANIWINNER HD009-10<\/span>\n                            <\/li>\n<li class=\"product-prop line-limit-length\"><span\n                                        class=\"property-title\">T\u00fc\u00fcp:&nbsp;<\/span><span\n                                        class=\"property-desc line-limit-length\">LiFePO4<\/span>\n                            <\/li>\n<li class=\"product-prop line-limit-length\"><span\n                                        class=\"property-title\">Komplekti t\u00fc\u00fcp:&nbsp;<\/span><span\n                                        class=\"property-desc line-limit-length\">Laadija komplektid<\/span>\n                            <\/li>\n<li class=\"product-prop line-limit-length\"><span\n                                        class=\"property-title\">Br\u00e4nd:&nbsp;<\/span><span\n                                        class=\"property-desc line-limit-length\">HANIWINNER<\/span>\n                            <\/li>\n<li class=\"product-prop line-limit-length\"><span\n                                        class=\"property-title\">Mudel:&nbsp;<\/span><span\n                                        class=\"property-desc line-limit-length\">HD009-10<\/span>\n                            <\/li>\n<li class=\"product-prop line-limit-length\"><span\n                                        class=\"property-title\">Nimipinge:&nbsp;<\/span><span\n                                        class=\"property-desc line-limit-length\">12,8 V<\/span>\n                            <\/li>\n<li class=\"product-prop line-limit-length\"><span\n                                        class=\"property-title\">V\u00f5imsus:&nbsp;<\/span><span\n                                        class=\"property-desc line-limit-length\">1280Wh, 1280Wh<\/span>\n                            <\/li>\n<li class=\"product-prop line-limit-length\"><span\n                                        class=\"property-title\">Laadimisvool:&nbsp;<\/span><span\n                                        class=\"property-desc line-limit-length\">20A<\/span>\n                            <\/li>\n<li class=\"product-prop line-limit-length\"><span\n                                        class=\"property-title\">Omadused 02:&nbsp;<\/span><span\n                                        class=\"property-desc line-limit-length\">elektrijaam<\/span>\n                            <\/li>\n<li class=\"product-prop line-limit-length\"><span\n                                        class=\"property-title\">Omadused 03:&nbsp;<\/span><span\n                                        class=\"property-desc line-limit-length\">kaasaskantav p\u00e4ikeseelektrijaam<\/span>\n                            <\/li>\n<li class=\"product-prop line-limit-length\"><span\n                                        class=\"property-title\">Omadused 04:&nbsp;<\/span><span\n                                        class=\"property-desc line-limit-length\">laadimisjaamad<\/span>\n                            <\/li>\n<li class=\"product-prop line-limit-length\"><span\n                                        class=\"property-title\">Omadused 05:&nbsp;<\/span><span\n                                        class=\"property-desc line-limit-length\">p\u00e4ikesegeneraator<\/span>\n                            <\/li>\n<li class=\"product-prop line-limit-length\"><span\n                                        class=\"property-title\">Maksimaalne laadimisvool:&nbsp;<\/span><span\n                                        class=\"property-desc line-limit-length\">50A<\/span>\n                            <\/li>\n<li class=\"product-prop line-limit-length\"><span\n                                        class=\"property-title\">Korpus:&nbsp;<\/span><span\n                                        class=\"property-desc line-limit-length\">ABS-i<\/span>\n                            <\/li>\n<li class=\"product-prop line-limit-length\"><span\n                                        class=\"property-title\">Terminal:&nbsp;<\/span><span\n                                        class=\"property-desc line-limit-length\">M8<\/span>\n                            <\/li>\n<li class=\"product-prop line-limit-length\"><span\n                                        class=\"property-title\">Sisemine kombinatsioonire\u017eiim:&nbsp;<\/span><span\n                                        class=\"property-desc line-limit-length\">IFR32700\/6000mAh, 4S17P<\/span>\n                            <\/li>\n<li class=\"product-prop line-limit-length\"><span\n                                        class=\"property-title\">Vee-tolmukindlus:&nbsp;<\/span><span\n                                        class=\"property-desc line-limit-length\">IP55<\/span>\n                            <\/li>\n<\/ul><\/div>\n<p><span style=\"font-size:24px\"><strong>T\u00e4hts\u00fcndmused:<\/strong><\/span><\/p>\n<ul style=\"font-family:&quot;Microsoft YaHei&quot;;font-size:medium;font-weight:400;letter-spacing:normal;text-align:start;white-space:normal;color:rgb(0, 0, 0);margin-bottom:10px;padding-left:0px\" class=\"clearfix\" align=\"start\">\n<li style=\"font-size:14px;margin-right:10px;padding-left:18px;list-style:none;position:relative;float:left\">\n<p><strong>Ohutu LiFePO4 aku, 2000+ ts\u00fcklit<\/strong><br \/>Kasutades liitiumraudfosfaatakut ja k\u00fcpset tehnoloogiat, on see akupakett k\u00f5rge ohutusega ning pakub tavatingimustes 100% DOD laadimist ja t\u00fchjenemist enam kui 2000 ts\u00fcklit.\u00a0<\/p>\n<div><\/div>\n<p><strong>10 aastat eluiga ja kerge disain<\/strong><br \/>HANIWINNER 12,8 V 100 Ah LiFePO4 liitiumaku eluiga on peaaegu 10 aastat. Vaid 12,3 kg kaaluv aku sobib ideaalselt pliiakudele ja on hooldusvaba.\u00a0<\/p>\n<div><\/div>\n<p><strong>Sisseehitatud hooneautomaatika (BMS)<\/strong><br \/>HANIWINNER LiFePO4 akupakendil on sisseehitatud BMS intelligentne moodul \u00fclelaadimiskaitse, \u00fclet\u00fchjenemiskaitse, \u00fclevoolukaitse, \u00fclekuumenemiskaitse ja l\u00fchisekaitse jms jaoks.<\/p>\n<div><\/div>\n<p><strong>Toetus jada-\/paralleelselt<\/strong><br \/>See toetab laia t\u00f6\u00f6temperatuuri vahemikus -20 kuni 60 Celsiuse j\u00e4rgi ning seda saab \u00fchendada paralleelselt ja j\u00e4rjestikku suurema mahtuvuse ja pinge saavutamiseks. (Toetab 4S17P, vajab t\u00f6\u00f6tamist tehnilise juhendamise all), sobib ideaalselt p\u00e4ikeseenergial t\u00f6\u00f6tavate t\u00e4navavalgustite ja valgustuss\u00fcsteemide, elektriautode, UPS-i varutoiteallikate, fotogalvaanika, tuuleenergia, h\u00fcdroenergia, kodumajapidamiste ja muude energiasalvestuss\u00fcsteemide jaoks.<\/p>\n<\/li>\n<li style=\"font-size:14px;font-weight:bold;margin-right:10px;padding-left:18px;list-style:none;float:left\">\n<p><span style=\"font-size:24px\"><strong>Spetsifikatsioon:<\/strong><\/span><\/p>\n<\/li>\n<li style=\"font-size:14px;margin-right:10px;padding-left:18px;list-style:none;position:relative;float:left\">\n<table style=\"border-collapse:collapse;width:1000px\" class=\"jbEidtTable\" border=\"1\" cellpadding=\"5\" cellspacing=\"0\">\n<tbody>\n<tr>\n<td style=\"font-size:14px;text-align:left\" align=\"left\">\n<p><strong>\u00dcldine<\/strong><\/p>\n<\/td>\n<td style=\"font-size:14px;text-align:left\" align=\"left\">\n<p>Kaubam\u00e4rk: HANIWINNER<br \/>T\u00fc\u00fcp: Akupakett<br \/>Mudel: HD009-10<br \/>V\u00e4rv: must<\/p>\n<\/td>\n<\/tr>\n<tr>\n<td style=\"font-size:14px;text-align:left\" align=\"left\">\n<p><strong>Spetsifikatsioon<\/strong><\/p>\n<\/td>\n<td style=\"font-size:14px;text-align:left\" align=\"left\">\n<p>Nimipinge: 12,8 V<br \/>Nimimaht: 100Ah @0.2C<br \/>V\u00f5imsus: 1280 Wh<br \/>Sisemine takistus: \u226455m\u03a9<br \/>Ts\u00fckli eluiga: \u22652000 ts\u00fcklit (0,2C 100% DOD laadimis-\/t\u00fchjendusts\u00fckkel, kuni mahtuvus langeb 70%-ni)<br \/>Iset\u00fchjenemine: \u22643,5% kuus (25\u00b15 Celsiuse j\u00e4rgi)<br \/>Maksimaalne laadimispinge: 14,6 \u00b1 0,2 V<br \/>Laadimisre\u017eiim: 0\u201345 Celsiuse juures konstantse voolutugevusega 0,2 C5 A laadimine pingeni 14,6 V, seej\u00e4rel konstantse pingega 14,6 V laadimine, kuni voolutugevus v\u00e4heneb pingeni 0,02 C5 A, ja seej\u00e4rel laadimine peatub.<br \/>Laadimisvool: 20A<br \/>Maksimaalne laadimisvool: 50A<br \/>T\u00fchjenduspiiri pinge: 10,0 V<br \/>T\u00fchjendusvool: 20A<br \/>Maksimaalne pidev t\u00fchjendusvool: 100A<br \/>Laadimistemperatuur: 0\u201345 Celsiuse j\u00e4rgi (\u00f5huniiskus 40\u201375 \u00b0C)<br \/>T\u00fchjendustemperatuur: -20\u201360 Celsiust (\u00f5huniiskus 40\u201375 \u00b0C)<br \/>S\u00e4ilitustemperatuur: 0\u201345 Celsiuse j\u00e4rgi (\u00f5huniiskus 40\u201375 \u00b0C)<br \/>Vee-tolmukindlus: IP55<br \/>Sisemine kombineeritud re\u017eiim: IFR32700\/6000mAh, 4S17P<br \/>Korpus: ABS<br \/>L\u00f5pp-peatus: M8<\/p>\n<\/td>\n<\/tr>\n<tr>\n<td style=\"font-size:14px;text-align:left\" align=\"left\">\n<p><strong>Kaal ja suurus<\/strong><\/p>\n<\/td>\n<td style=\"font-size:14px;text-align:left\" align=\"left\">\n<p>Toote kaal: 13,1 kg<br \/>Paki kaal: 13,8 kg<br \/>Toote m\u00f5\u00f5dud (P x L x K): 328 * 172 * 215 * 220 mm<br \/>Paki suurus (P x L x K): 340 * 175 * 235 mm<\/p>\n<\/td>\n<\/tr>\n<tr>\n<td style=\"font-size:14px;text-align:left\" align=\"left\">\n<p><strong>Pakendi sisu<\/strong><\/p>\n<\/td>\n<td style=\"font-size:14px;text-align:left\" align=\"left\">\n<p>1 x akupakk<br \/>1 x kasutusjuhend<\/p>\n<\/td>\n<\/tr>\n<\/tbody>\n<\/table>\n<\/li>\n<\/ul>\n<p><img decoding=\"async\" src=\"https:\/\/ae01.alicdn.com\/kf\/Sa6b2e3da30ca4198a123d6d327ae90dbm.jpg\" slate-data-type=\"image\"\/><img decoding=\"async\" src=\"https:\/\/ae01.alicdn.com\/kf\/Sdc96de4021384f2788d85f2febd8623eV.jpg\" slate-data-type=\"image\"\/><img decoding=\"async\" src=\"https:\/\/ae01.alicdn.com\/kf\/Sfa0cc04edf5242c6bb1ae7740ec6215cd.jpg\" slate-data-type=\"image\"\/><img decoding=\"async\" src=\"https:\/\/ae01.alicdn.com\/kf\/Sa7bb70aecd0644549313b65d0cebc013K.jpg\" slate-data-type=\"image\"\/><img decoding=\"async\" src=\"https:\/\/ae01.alicdn.com\/kf\/Sc979099e15bc4722bf2e5e0c6e57257e0.jpg\" slate-data-type=\"image\"\/><img decoding=\"async\" src=\"https:\/\/ae01.alicdn.com\/kf\/S656b1bf086534f7dbafe03e4efc4bb2bl.jpg\" slate-data-type=\"image\"\/><img decoding=\"async\" src=\"https:\/\/ae01.alicdn.com\/kf\/Sb1d3c74fb70e4ec5b38eb251b78cec2cd.jpg\" slate-data-type=\"image\"\/><img decoding=\"async\" src=\"https:\/\/ae01.alicdn.com\/kf\/S6c258a3525884833bfd6f7fef7d0aa51m.jpg\" slate-data-type=\"image\"\/><img decoding=\"async\" src=\"https:\/\/ae01.alicdn.com\/kf\/S7e379a3e52724fe8a86c45713829382eB.jpg\" slate-data-type=\"image\"\/><img decoding=\"async\" src=\"https:\/\/ae01.alicdn.com\/kf\/S7e006749d26f4beebd7474e517670de5Y.jpg\" slate-data-type=\"image\"\/><img decoding=\"async\" src=\"https:\/\/ae01.alicdn.com\/kf\/S01a8392d2e6648c58ec2b05b5224f7feq.jpg\" slate-data-type=\"image\"\/><img decoding=\"async\" src=\"https:\/\/ae01.alicdn.com\/kf\/S166f90cdf0af4b9ea50faf01f9e6613br.jpg\" slate-data-type=\"image\"\/><\/p>","protected":false},"excerpt":{"rendered":"<p>Nominal Capacity:&nbsp;1280Wh Model Number:&nbsp;HANIWINNER HD009-10 Type:&nbsp;LiFePO4 Set Type:&nbsp;Charger Sets Brand:&nbsp;HANIWINNER Model:&nbsp;HD009-10 Nominal Voltage:&nbsp;12.8V Power:&nbsp;1280Wh,1280Wh Charging Current:&nbsp;20A Features 02:&nbsp;power station Features 03:&nbsp;portable solar power station Features 04:&nbsp;charging stations Features 05:&nbsp;solar generator<\/p>","protected":false},"featured_media":21670,"comment_status":"open","ping_status":"closed","template":"","meta":{"_acf_changed":false},"product_brand":[],"product_cat":[515],"product_tag":[],"class_list":{"0":"post-21668","1":"product","2":"type-product","3":"status-publish","4":"has-post-thumbnail","6":"product_cat-portable-power-stations","8":"first","9":"instock","10":"shipping-taxable","11":"purchasable","12":"product-type-simple"},"acf":[],"_links":{"self":[{"href":"https:\/\/www.electricstore.eu\/et\/wp-json\/wp\/v2\/product\/21668","targetHints":{"allow":["GET"]}}],"collection":[{"href":"https:\/\/www.electricstore.eu\/et\/wp-json\/wp\/v2\/product"}],"about":[{"href":"https:\/\/www.electricstore.eu\/et\/wp-json\/wp\/v2\/types\/product"}],"replies":[{"embeddable":true,"href":"https:\/\/www.electricstore.eu\/et\/wp-json\/wp\/v2\/comments?post=21668"}],"wp:featuredmedia":[{"embeddable":true,"href":"https:\/\/www.electricstore.eu\/et\/wp-json\/wp\/v2\/media\/21670"}],"wp:attachment":[{"href":"https:\/\/www.electricstore.eu\/et\/wp-json\/wp\/v2\/media?parent=21668"}],"wp:term":[{"taxonomy":"product_brand","embeddable":true,"href":"https:\/\/www.electricstore.eu\/et\/wp-json\/wp\/v2\/product_brand?post=21668"},{"taxonomy":"product_cat","embeddable":true,"href":"https:\/\/www.electricstore.eu\/et\/wp-json\/wp\/v2\/product_cat?post=21668"},{"taxonomy":"product_tag","embeddable":true,"href":"https:\/\/www.electricstore.eu\/et\/wp-json\/wp\/v2\/product_tag?post=21668"}],"curies":[{"name":"wp","href":"https:\/\/api.w.org\/{rel}","templated":true}]}}