{"id":21663,"date":"2025-05-20T18:20:51","date_gmt":"2025-05-20T18:20:51","guid":{"rendered":"https:\/\/electricstore.eu\/p\/uncategorized\/flashfish-p66-pure-sine-wave-portable-power-station-300w-230-88wh-outdoor-generator-8-outlets-usb-c-qc3-0-solar-charging\/"},"modified":"2025-05-20T18:20:53","modified_gmt":"2025-05-20T18:20:53","slug":"flashfish-p66-pure-sine-wave-portable-power-station-300w-230-88wh-outdoor-generator-8-outlets-usb-c-qc3-0-solar-charging","status":"publish","type":"product","link":"https:\/\/www.electricstore.eu\/et\/p\/batteries\/portable-power-stations\/flashfish-p66-pure-sine-wave-portable-power-station-300w-230-88wh-outdoor-generator-8-outlets-usb-c-qc3-0-solar-charging\/","title":{"rendered":"Flashfish P66 kaasaskantav siinuslaine elektrijaam 300W 230.88Wh \u00f5uegeneraator 8 pistikupesaga USB-C QC3.0 p\u00e4ikeselaadimine"},"content":{"rendered":"<div class=\"product-specs-list-container\">\n<ul class=\"product-specs-list util-clearfix\">\n<li class=\"product-prop line-limit-length\"><span\n                                        class=\"property-title\">Nimimaht:&nbsp;<\/span><span\n                                        class=\"property-desc line-limit-length\">62400mAh<\/span>\n                            <\/li>\n<li class=\"product-prop line-limit-length\"><span\n                                        class=\"property-title\">Mudelinumber:&nbsp;<\/span><span\n                                        class=\"property-desc line-limit-length\">P66<\/span>\n                            <\/li>\n<li class=\"product-prop line-limit-length\"><span\n                                        class=\"property-title\">T\u00fc\u00fcp:&nbsp;<\/span><span\n                                        class=\"property-desc line-limit-length\">Li-ioon<\/span>\n                            <\/li>\n<li class=\"product-prop line-limit-length\"><span\n                                        class=\"property-title\">Komplekti t\u00fc\u00fcp:&nbsp;<\/span><span\n                                        class=\"property-desc line-limit-length\">Laadija komplektid<\/span>\n                            <\/li>\n<li class=\"product-prop line-limit-length\"><span\n                                        class=\"property-title\">Br\u00e4nd:&nbsp;<\/span><span\n                                        class=\"property-desc line-limit-length\">FF Flashfish<\/span>\n                            <\/li>\n<li class=\"product-prop line-limit-length\"><span\n                                        class=\"property-title\">T\u00fc\u00fcp:&nbsp;<\/span><span\n                                        class=\"property-desc line-limit-length\">Li-ioon<\/span>\n                            <\/li>\n<li class=\"product-prop line-limit-length\"><span\n                                        class=\"property-title\">Mudel:&nbsp;<\/span><span\n                                        class=\"property-desc line-limit-length\">P66-300W<\/span>\n                            <\/li>\n<li class=\"product-prop line-limit-length\"><span\n                                        class=\"property-title\">LED:&nbsp;<\/span><span\n                                        class=\"property-desc line-limit-length\">3W<\/span>\n                            <\/li>\n<li class=\"product-prop line-limit-length\"><span\n                                        class=\"property-title\">Omadused 01:&nbsp;<\/span><span\n                                        class=\"property-desc line-limit-length\">telkimine<\/span>\n                            <\/li>\n<li class=\"product-prop line-limit-length\"><span\n                                        class=\"property-title\">Omadused 02:&nbsp;<\/span><span\n                                        class=\"property-desc line-limit-length\">kaasaskantav elektrijaam<\/span>\n                            <\/li>\n<li class=\"product-prop line-limit-length\"><span\n                                        class=\"property-title\">Omadused 03:&nbsp;<\/span><span\n                                        class=\"property-desc line-limit-length\">elektrijaam<\/span>\n                            <\/li>\n<li class=\"product-prop line-limit-length\"><span\n                                        class=\"property-title\">Omadused 04:&nbsp;<\/span><span\n                                        class=\"property-desc line-limit-length\">kaasaskantav matkaaku<\/span>\n                            <\/li>\n<li class=\"product-prop line-limit-length\"><span\n                                        class=\"property-title\">Omadused 05:&nbsp;<\/span><span\n                                        class=\"property-desc line-limit-length\">kaasaskantav generaator<\/span>\n                            <\/li>\n<li class=\"product-prop line-limit-length\"><span\n                                        class=\"property-title\">Omadused 06:&nbsp;<\/span><span\n                                        class=\"property-desc line-limit-length\">elektrijaamad<\/span>\n                            <\/li>\n<\/ul><\/div>\n<p><\/p>\n<p style=\"font-family:&quot;Microsoft YaHei&quot;;font-size:medium;font-weight:400;letter-spacing:normal;text-align:start;white-space:normal;color:rgb(0, 0, 0)\" align=\"start\"><span style=\"font-size:x-large\">T\u00e4hts\u00fcndmused<\/span><\/p>\n<p><\/p>\n<h3 style=\"font-family:&quot;Microsoft YaHei&quot;;letter-spacing:normal;text-align:start;white-space:normal;color:rgb(0, 0, 0)\" align=\"start\">288,6 Wh mahtuvus ja 260 W vahelduvvoolu pidevv\u00f5imsus<\/h3>\n<p style=\"font-family:&quot;Microsoft YaHei&quot;;font-size:medium;font-weight:400;letter-spacing:normal;text-align:start;white-space:normal;color:rgb(0, 0, 0)\" align=\"start\">Sisseehitatud 288,6 Wh suure j\u00f5udlusega liitiumioonaku ja 260 W vahelduvvoolu puhta siinuslaine v\u00e4ljundv\u00f5imsusega (tippv\u00f5imsus 520 W) saab Flashfish P66 toitejaama kasutada enamiku elektriseadmetega, sealhulgas kaamerate, nutitelefonide, lampide, ventilaatorite, tahvelarvutite jne.<\/p>\n<h3 style=\"font-family:&quot;Microsoft YaHei&quot;;letter-spacing:normal;text-align:start;white-space:normal;color:rgb(0, 0, 0)\" align=\"start\">8 laadimisv\u00e4ljundit, 5W juhtmevaba laadimine<\/h3>\n<p style=\"font-family:&quot;Microsoft YaHei&quot;;font-size:medium;font-weight:400;letter-spacing:normal;text-align:start;white-space:normal;color:rgb(0, 0, 0)\" align=\"start\">Kaasaskantaval Flashfish P66 laadimisjaamal on lai valik v\u00e4ljundv\u00f5imalusi, sealhulgas 1 x puhas siinuslaine vahelduvvoolu v\u00e4ljund, 3 alalisvoolu v\u00e4ljundporti, 4 x USB-porti ja 5W juhtmevaba laadimine, mis v\u00f5imaldab toita enamikku teie seadmetest.<\/p>\n<h3 style=\"font-family:&quot;Microsoft YaHei&quot;;letter-spacing:normal;text-align:start;white-space:normal;color:rgb(0, 0, 0)\" align=\"start\">3 laadimismeetodit<\/h3>\n<p style=\"font-family:&quot;Microsoft YaHei&quot;;font-size:medium;font-weight:400;letter-spacing:normal;text-align:start;white-space:normal;color:rgb(0, 0, 0)\" align=\"start\">P66 kaasaskantavat laadimisjaama saab laadida DC 15V\/3A adapteri, 12V autolaadija ja p\u00e4ikesepaneeliga. Soovitatav on kasutada v\u00e4hemalt 100 W v\u00f5imsusega p\u00e4ikesepaneeli, mis v\u00f5imaldab jaama h\u00f5lpsalt laadida. Olenemata sellest, kas olete kodus, liikvel v\u00f5i v\u00e4ljas, on alati olemas viis laadimisjaama laadimiseks ja oma elu energiaga varustamiseks.<\/p>\n<h3 style=\"font-family:&quot;Microsoft YaHei&quot;;letter-spacing:normal;text-align:start;white-space:normal;color:rgb(0, 0, 0)\" align=\"start\">Ohutu kaitse<\/h3>\n<p style=\"font-family:&quot;Microsoft YaHei&quot;;font-size:medium;font-weight:400;letter-spacing:normal;text-align:start;white-space:normal;color:rgb(0, 0, 0)\" align=\"start\">Flashfish P66 elektrijaam on varustatud usaldusv\u00e4\u00e4rsete elementide ja BMS-iga, millel on l\u00fchise-, \u00fclevoolu-, \u00fclepinge- ja \u00fclekuumenemiskaitse, et tagada teile turvaline kasutuskogemus.<\/p>\n<h3 style=\"font-family:&quot;Microsoft YaHei&quot;;letter-spacing:normal;text-align:start;white-space:normal;color:rgb(0, 0, 0)\" align=\"start\">Selge LED-ekraan<\/h3>\n<p style=\"font-family:&quot;Microsoft YaHei&quot;;font-size:medium;font-weight:400;letter-spacing:normal;text-align:start;white-space:normal;color:rgb(0, 0, 0)\" align=\"start\">LED-indikaator n\u00e4itab seadme olekut erinevates olukordades, nt j\u00e4relej\u00e4\u00e4nud energiat, sisendi olekut, vahelduvvoolu v\u00e4ljundi olekut ja alalisvoolu v\u00e4ljundi olekut.<\/p>\n<p><\/p>\n<h2 style=\"font-family:&quot;Microsoft YaHei&quot;;font-size:14px;letter-spacing:normal;text-align:start;white-space:normal;color:rgb(0, 0, 0);margin:10px 0px;margin-bottom:10px;margin-top:10px;margin-left:0px;margin-right:0px;padding:0px;padding-bottom:0px;padding-top:0px;padding-left:0px;padding-right:0px\" align=\"start\">Spetsifikatsioon<\/h2>\n<p><\/p>\n<table style=\"border-collapse:collapse;font-family:&quot;Microsoft YaHei&quot;;width:1000px\" class=\"jbEidtTable\" border=\"1\" cellpadding=\"5\" cellspacing=\"0\">\n<tbody>\n<tr>\n<td style=\"text-align:left;height:116px\" align=\"left\">\n<p><strong>\u00dcldine<\/strong><\/p>\n<\/td>\n<td style=\"text-align:left;height:116px\" align=\"left\">\n<p>Kaubam\u00e4rk: FF Flashfish<br \/>T\u00fc\u00fcp: Li-ioon\u00a0<br \/>Mudel: P66-300W<br \/>V\u00e4rv: hall-oran\u017e<\/p>\n<\/td>\n<\/tr>\n<tr>\n<td style=\"text-align:left;height:21px\" align=\"left\">\n<p><strong>Spetsifikatsioon<\/strong><\/p>\n<\/td>\n<td style=\"text-align:left;height:21px\" align=\"left\">\n<p>Mahtuvus: 11,1 V, 20,8 Ah, 230,88 Wh \/ (62400 mAh \/ 3,7 V)<br \/>Vahelduvvoolu v\u00e4ljund: nimiv\u00f5imsus 300 W, tippv\u00f5imsus 600 W<br \/>Adapteri sisend: DC15V\/2.4A, 36W Max (8-9h)<br \/>Sisendpinge\/vool: 9\u201326 V, 4 A, 36 W max<br \/>1x USB: QC3.0, 18W (5V 2.4A\/9V 2A\/12V 1.5A)<br \/>2X USB: 5V\/2.1A<br \/>C-t\u00fc\u00fcp: QC3.0, 18 W (5 V 2,4 A \/ 9 V 2 A \/ 12 V 1,5 A)<br \/>Sigaretis\u00fc\u00fctaja + DC5521 * 2 tk: DC12V 10A, 120W Max<br \/>LED: 3W<\/p>\n<\/td>\n<\/tr>\n<tr>\n<td style=\"text-align:left;height:84px\" align=\"left\">\n<p><strong>Kaal ja suurus<\/strong><\/p>\n<\/td>\n<td style=\"text-align:left;height:84px\" align=\"left\">\n<p>Toote kaal: 2,6 kg<br \/>Paki kaal: 3,3 kg<br \/>Toote suurus (P x L x K): 21 * 15 * 16 cm\u00a0<br \/>Paki suurus (P x L x K): 29 * 21 * 21 cm\u00a0<\/p>\n<\/td>\n<\/tr>\n<tr>\n<td style=\"text-align:left;height:74px\" align=\"left\">\n<p><strong>Pakendi sisu<\/strong><\/p>\n<\/td>\n<td style=\"text-align:left;height:74px\" align=\"left\">\n<p>1 x P66-300W elektrijaam<br \/>1 x vahelduvvoolu laadimisadapter<br \/>1 x autolaadija kaabel<br \/>1 x kasutusjuhend<\/p>\n<\/td>\n<\/tr>\n<\/tbody>\n<\/table>\n<p><img decoding=\"async\" src=\"https:\/\/ae01.alicdn.com\/kf\/S2e854e301aff4179baf6a26ff5c42d99J.jpeg\" slate-data-type=\"image\"\/><img decoding=\"async\" src=\"https:\/\/ae01.alicdn.com\/kf\/S3529096d5f4f439098b112ed257d1a5cG.jpeg\" slate-data-type=\"image\"\/><img decoding=\"async\" src=\"https:\/\/ae01.alicdn.com\/kf\/Sdf8f3c5d651c41c5ab2fb1c751cd4d7dl.jpeg\" slate-data-type=\"image\"\/><img decoding=\"async\" src=\"https:\/\/ae01.alicdn.com\/kf\/S4a497158ff2549c388dfc53e22a9e630E.jpeg\" slate-data-type=\"image\"\/><img decoding=\"async\" src=\"https:\/\/ae01.alicdn.com\/kf\/Sd6e0c3d496ac4fdd8ad4aa7666ffe8cej.jpeg\" slate-data-type=\"image\"\/><img decoding=\"async\" src=\"https:\/\/ae01.alicdn.com\/kf\/S72f8d699243140ef97a35a6fa4b304d0Z.jpeg\" slate-data-type=\"image\"\/><img decoding=\"async\" src=\"https:\/\/ae01.alicdn.com\/kf\/S955eb5c0882b48baab695907b43e62e7N.jpeg\" slate-data-type=\"image\"\/><img decoding=\"async\" src=\"https:\/\/ae01.alicdn.com\/kf\/S868685bcb9764d759fc1f8f30fe16aeao.jpeg\" slate-data-type=\"image\"\/><img decoding=\"async\" src=\"https:\/\/ae01.alicdn.com\/kf\/S5cb389df94054a42b359893f76dee478b.jpeg\" slate-data-type=\"image\"\/><img decoding=\"async\" src=\"https:\/\/ae01.alicdn.com\/kf\/Sfbf3dfd8b11b46b6b8c497224cc289d43.jpeg\" slate-data-type=\"image\"\/><\/p>","protected":false},"excerpt":{"rendered":"<p>Nominal Capacity:&nbsp;62400mAh Model Number:&nbsp;P66 Type:&nbsp;Li-Ion Set Type:&nbsp;Charger Sets Brand:&nbsp;FF Flashfish Type:&nbsp;Li-ion Model:&nbsp;P66-300W LED:&nbsp;3W Features 01:&nbsp;camping Features 02:&nbsp;portable power station Features 03:&nbsp;power station Features 04:&nbsp;portable camping battery Features 05:&nbsp;portable generator Features<\/p>","protected":false},"featured_media":21664,"comment_status":"open","ping_status":"closed","template":"","meta":{"_acf_changed":false},"product_brand":[],"product_cat":[515],"product_tag":[],"class_list":{"0":"post-21663","1":"product","2":"type-product","3":"status-publish","4":"has-post-thumbnail","6":"product_cat-portable-power-stations","8":"first","9":"instock","10":"shipping-taxable","11":"purchasable","12":"product-type-simple"},"acf":[],"_links":{"self":[{"href":"https:\/\/www.electricstore.eu\/et\/wp-json\/wp\/v2\/product\/21663","targetHints":{"allow":["GET"]}}],"collection":[{"href":"https:\/\/www.electricstore.eu\/et\/wp-json\/wp\/v2\/product"}],"about":[{"href":"https:\/\/www.electricstore.eu\/et\/wp-json\/wp\/v2\/types\/product"}],"replies":[{"embeddable":true,"href":"https:\/\/www.electricstore.eu\/et\/wp-json\/wp\/v2\/comments?post=21663"}],"wp:featuredmedia":[{"embeddable":true,"href":"https:\/\/www.electricstore.eu\/et\/wp-json\/wp\/v2\/media\/21664"}],"wp:attachment":[{"href":"https:\/\/www.electricstore.eu\/et\/wp-json\/wp\/v2\/media?parent=21663"}],"wp:term":[{"taxonomy":"product_brand","embeddable":true,"href":"https:\/\/www.electricstore.eu\/et\/wp-json\/wp\/v2\/product_brand?post=21663"},{"taxonomy":"product_cat","embeddable":true,"href":"https:\/\/www.electricstore.eu\/et\/wp-json\/wp\/v2\/product_cat?post=21663"},{"taxonomy":"product_tag","embeddable":true,"href":"https:\/\/www.electricstore.eu\/et\/wp-json\/wp\/v2\/product_tag?post=21663"}],"curies":[{"name":"wp","href":"https:\/\/api.w.org\/{rel}","templated":true}]}}