{"id":21586,"date":"2025-05-20T18:20:07","date_gmt":"2025-05-20T18:20:07","guid":{"rendered":"https:\/\/electricstore.eu\/p\/uncategorized\/eleglide-t2-27-5-adult-electric-bike-250w-motor-36v-13ah-100km-range-with-hydraulic-disc-brakes-25km-h-electric-bicycle\/"},"modified":"2025-05-20T18:20:08","modified_gmt":"2025-05-20T18:20:08","slug":"eleglide-t2-27-5-adult-electric-bike-250w-motor-36v-13ah-100km-range-with-hydraulic-disc-brakes-25km-h-electric-bicycle","status":"publish","type":"product","link":"https:\/\/www.electricstore.eu\/et\/p\/bikes\/eleglide-t2-27-5-adult-electric-bike-250w-motor-36v-13ah-100km-range-with-hydraulic-disc-brakes-25km-h-electric-bicycle\/","title":{"rendered":"Eglide T2 27,5\u2033 t\u00e4iskasvanute elektriratas 250W mootor 36V 13Ah 100km ulatus h\u00fcdrauliliste ketaspiduritega 25km\/h elektriratas"},"content":{"rendered":"<div class=\"product-specs-list-container\">\n<ul class=\"product-specs-list util-clearfix\">\n<li class=\"product-prop line-limit-length\"><span\n                                        class=\"property-title\">Jalgratta vedrustuse t\u00fc\u00fcbid:&nbsp;<\/span><span\n                                        class=\"property-desc line-limit-length\">Vastupidav<\/span>\n                            <\/li>\n<li class=\"product-prop line-limit-length\"><span\n                                        class=\"property-title\">Piduris\u00fcsteem:&nbsp;<\/span><span\n                                        class=\"property-desc line-limit-length\">Eesmine ja tagumine mehaaniline ketaspidur<\/span>\n                            <\/li>\n<li class=\"product-prop line-limit-length\"><span\n                                        class=\"property-title\">Ratta suurus:&nbsp;<\/span><span\n                                        class=\"property-desc line-limit-length\">27.5&#039;&#039;<\/span>\n                            <\/li>\n<li class=\"product-prop line-limit-length\"><span\n                                        class=\"property-title\">Br\u00e4nd:&nbsp;<\/span><span\n                                        class=\"property-desc line-limit-length\">Eglide<\/span>\n                            <\/li>\n<li class=\"product-prop line-limit-length\"><span\n                                        class=\"property-title\">Mudel:&nbsp;<\/span><span\n                                        class=\"property-desc line-limit-length\">T2<\/span>\n                            <\/li>\n<li class=\"product-prop line-limit-length\"><span\n                                        class=\"property-title\">Raami suurus:&nbsp;<\/span><span\n                                        class=\"property-desc line-limit-length\">27,5&quot; x 17,5&quot;<\/span>\n                            <\/li>\n<li class=\"product-prop line-limit-length\"><span\n                                        class=\"property-title\">Maksimaalne koormus:&nbsp;<\/span><span\n                                        class=\"property-desc line-limit-length\">120 kg (264,5 naela)<\/span>\n                            <\/li>\n<li class=\"product-prop line-limit-length\"><span\n                                        class=\"property-title\">Piirkiirus:&nbsp;<\/span><span\n                                        class=\"property-desc line-limit-length\">25 km\/h<\/span>\n                            <\/li>\n<li class=\"product-prop line-limit-length\"><span\n                                        class=\"property-title\">Maksimaalne ulatus:&nbsp;<\/span><span\n                                        class=\"property-desc line-limit-length\">100 km (abire\u017eiim)<\/span>\n                            <\/li>\n<li class=\"product-prop line-limit-length\"><span\n                                        class=\"property-title\">Veekindluse tase:&nbsp;<\/span><span\n                                        class=\"property-desc line-limit-length\">IPX4<\/span>\n                            <\/li>\n<li class=\"product-prop line-limit-length\"><span\n                                        class=\"property-title\">Piduris\u00fcsteem:&nbsp;<\/span><span\n                                        class=\"property-desc line-limit-length\">H\u00fcdraulilised ketaspidurid ja automaatse v\u00e4ljal\u00fclitusega disain<\/span>\n                            <\/li>\n<li class=\"product-prop line-limit-length\"><span\n                                        class=\"property-title\">Omadused 01:&nbsp;<\/span><span\n                                        class=\"property-desc line-limit-length\">Elektriline jalgratas<\/span>\n                            <\/li>\n<li class=\"product-prop line-limit-length\"><span\n                                        class=\"property-title\">Omadused 02:&nbsp;<\/span><span\n                                        class=\"property-desc line-limit-length\">Elektrilised jalgrattad<\/span>\n                            <\/li>\n<li class=\"product-prop line-limit-length\"><span\n                                        class=\"property-title\">Omadused 03:&nbsp;<\/span><span\n                                        class=\"property-desc line-limit-length\">Elektrijalgratta pakkumine<\/span>\n                            <\/li>\n<li class=\"product-prop line-limit-length\"><span\n                                        class=\"property-title\">Omadused 04:&nbsp;<\/span><span\n                                        class=\"property-desc line-limit-length\">Elektrilised jalgrattad t\u00e4iskasvanutele<\/span>\n                            <\/li>\n<li class=\"product-prop line-limit-length\"><span\n                                        class=\"property-title\">Omadused 05:&nbsp;<\/span><span\n                                        class=\"property-desc line-limit-length\">Kokkupandav jalgratas<\/span>\n                            <\/li>\n<li class=\"product-prop line-limit-length\"><span\n                                        class=\"property-title\">Omadused 06:&nbsp;<\/span><span\n                                        class=\"property-desc line-limit-length\">Elektrilised jalgrattad t\u00e4iskasvanutele<\/span>\n                            <\/li>\n<li class=\"product-prop line-limit-length\"><span\n                                        class=\"property-title\">Pinge ja mahtuvus:&nbsp;<\/span><span\n                                        class=\"property-desc line-limit-length\">36 V, 13 Ah<\/span>\n                            <\/li>\n<li class=\"product-prop line-limit-length\"><span\n                                        class=\"property-title\">Laadimisaeg:&nbsp;<\/span><span\n                                        class=\"property-desc line-limit-length\">6,5 tundi<\/span>\n                            <\/li>\n<\/ul><\/div>\n<p><\/p>\n<p style=\"font-family:&quot;Noto Sans SC&quot;;font-size:medium;font-weight:400;letter-spacing:normal;text-align:start;white-space:normal;color:rgb(0, 0, 0)\" align=\"start\"><span style=\"font-size:x-large\">T\u00e4hts\u00fcndmused<\/span><\/p>\n<p><\/p>\n<p style=\"font-family:&quot;Noto Sans SC&quot;;font-size:medium;font-weight:400;letter-spacing:normal;text-align:start;white-space:normal;color:rgb(0, 0, 0)\" align=\"start\"><strong>T\u00e4iustatud ohutusdisain<br \/><\/strong>T2 elektrirattal on esmaklassilised h\u00fcdraulilised ketaspidurid, mis pakuvad paremat kontrolli, suuremat pidurdusj\u00f5udu ja tundlikumat pidurdamist, v\u00f5imaldades 30% puhul l\u00fchemat pidurdusteekonda kui traditsioonilised mehaanilised pidurid. Suletud h\u00fcdrauliline s\u00fcsteem on v\u00e4hem altid saastumisele, kulumisele v\u00f5i rebenemisele, mis kestab kauem ja vajab v\u00e4hem hooldust. StVZO-sertifitseeritud valgustuss\u00fcsteemiga, mis on loodud vastama Saksamaa liikluseeskirjade rangetele standarditele, tagab T2 turvalisema s\u00f5idu \u00f6\u00f6sel, suurendades n\u00e4htavust ilma pimestamata.<strong><\/p>\n<p>Pikaajaline ja v\u00f5imas s\u00f5it<br \/><\/strong>Vahetatava 486 Wh (36 V 13 Ah) liitiumioonakuga suudab T2 elektriratas abire\u017eiimis \u00fche laadimisega h\u00f5lpsalt l\u00e4bida 100 km (62 miili), v\u00f5imaldades teil s\u00f5ita nii kaugele kui soovite, ilma et peaksite muretsema l\u00e4bitava s\u00f5iduulatuse p\u00e4rast. Sisseehitatud disain on esteetiliselt meeldivam ja kaitseb akut paremini pritsmete eest. Selle v\u00f5imas harjadeta mootor pakub 45 Nm p\u00f6\u00f6rdemomenti, maksimaalset hetkev\u00f5imsust 450 W ja tippkiirust 25 km\/h, muutes ronimise ja kiirendamise imelihtsaks. T\u00e4pse kadentsianduriga edastavad pedaalid signaale 12 korda ringi kohta, et tagada t\u00e4pne abij\u00f5ud ilma latentsuseta, v\u00f5imaldades pingutuseta s\u00f5itu.<strong><br \/><\/strong><br \/><strong>Optimaalne s\u00f5idumugavus ja ergonoomika<br \/><\/strong>Vastupidav vedrustushark v\u00e4hendab oluliselt jalgratta vibratsiooni ebatasasel maastikul, suurendab stabiilsust ja juhitavust ning neelab t\u00f5husalt konaruste ja takistuste l\u00f6\u00f6ke, et parandada mugavust ja sujuvust. Lukustusfunktsioon v\u00f5imaldab vedrustust lukustada ja avada, et saavutada optimaalne s\u00f5iduefektiivsus mitmekesisel maastikul. Reguleeritava varre ja istme abil saate lenkstangi ja istme k\u00f5rgust kohandada k\u00f5ige mugavama s\u00f5iduasendi saavutamiseks. Selle ergonoomiliselt kumerad lenkstangid v\u00f5imaldavad pikka ja pingevaba s\u00f5itu.<\/p>\n<p><strong>Sujuvam ja l\u00f5busam s\u00f5it<br \/><\/strong>Varustatud 7-k\u00e4igulise professionaalse Shimano k\u00e4iguvahetajaga, v\u00f5imaldab T2 teil nautida muutuva kiiruse ja kerge vaevaga teedel s\u00f5itmise p\u00f5nevust. 27,5&quot;x2,1&quot; \u00f5hkrehvid pakuvad stabiilset ja sujuvat s\u00f5itu erinevatel maastikel. Kogege kiiret ja nauditavat s\u00f5itu T2-ga.<strong><br \/><\/strong><br \/><strong>Nutikas LCD-juhtimine ja rakenduse juhtimine<br \/><\/strong>T2 elektrijalgrattal on nutikas LCD-ekraan, mis hoiab sind kursis oluliste andmetega, nagu reaalajas kiirus, l\u00e4bitud vahemaa ja aku tase, ning v\u00f5imaldab sul h\u00f5lpsalt vahetada 5 pedaali abitaseme vahel, sealhulgas 12, 15, 18, 21 ja 25 km\/h, samuti aktiveerida 6 km\/h k\u00f5ndimisre\u017eiimi ja palju muud. Lisaks saad oma jalgratast juhtida Eglide rakenduse kaudu oma telefonis. Nutikas rakendus v\u00f5imaldab sul aktiveerida lisafunktsioone, n\u00e4iteks ratta lukustamine, parooli m\u00e4\u00e4ramine ja ekraani ajal\u00f5pu reguleerimine, et oma s\u00f5idust rohkem kasu saada.<\/p>\n<p><\/p>\n<h2 style=\"font-family:&quot;Noto Sans SC&quot;;font-size:14px;letter-spacing:normal;text-align:start;white-space:normal;color:rgb(0, 0, 0);margin:10px 0px;margin-bottom:10px;margin-top:10px;margin-left:0px;margin-right:0px;padding:0px;padding-bottom:0px;padding-top:0px;padding-left:0px;padding-right:0px\" align=\"start\">Spetsifikatsioon<\/h2>\n<p><\/p>\n<table style=\"border-collapse:collapse;font-family:&quot;Noto Sans SC&quot;\" border=\"1\" cellpadding=\"8\">\n<tbody>\n<tr>\n<td style=\"width:131px\" width=\"131\">\n<p>\u00dcldine<\/p>\n<\/td>\n<td style=\"width:424px\" width=\"424\">\n<p>Kaubam\u00e4rk: Eglide<br \/>Mudel: T2<br \/>V\u00e4rv: tumehall<\/p>\n<\/td>\n<\/tr>\n<tr>\n<td style=\"width:131px\" width=\"131\">\n<p>P\u00f5hispetsifikatsioon<\/p>\n<\/td>\n<td style=\"width:424px\" width=\"424\">\n<p>Netokaal: 27,9 kg<br \/>Lahtivolditud suurus: 1800x670x1100mm<br \/>Raami suurus: 27,5&quot; x 17,5&quot;<br \/>Lenksu pikkus: 660 mm (26&quot;)<br \/>Sadula k\u00f5rgus (maapinnast): 83\u2013110 cm (32,7\u201343,3 tolli)<br \/>Soovitatav s\u00f5itja pikkus: 160\u2013195 cm (5&#039; 3&quot;\u20136&#039; 5&quot;)<br \/>Maksimaalne koormus: 120 kg (264,5 naela)<br \/>Kiirusepiirang: 25 km\/h<br \/>Maksimaalne s\u00f5iduulatus: 100 km (abire\u017eiim)<br \/>Pedaali abitasemed: 12\/15\/18\/21\/25 km\/h<br \/>Jalutusre\u017eiim: 6 km\/h<br \/>Veekindluse tase: IPX4<br \/>Raami materjal: STL<br \/>Piduris\u00fcsteem: h\u00fcdraulilised ketaspidurid ja automaatse v\u00e4ljal\u00fclitusega disain<\/p>\n<\/td>\n<\/tr>\n<tr>\n<td style=\"width:131px\" width=\"131\">\n<p>Mootor<\/p>\n<\/td>\n<td style=\"width:424px\" width=\"424\">\n<p>T\u00fc\u00fcp: Rummumootor<br \/>Nimiv\u00f5imsus ja pinge: 250 W, 36 V<br \/>Maksimaalne v\u00e4ljundmoment: 45 Nm<\/p>\n<\/td>\n<\/tr>\n<tr>\n<td style=\"width:131px\" width=\"131\">\n<p>K\u00e4iguvahetaja<\/p>\n<\/td>\n<td style=\"width:424px\" width=\"424\">\n<p>Kaubam\u00e4rk: Shimano<br \/>K\u00e4ikude arv: 7 (taga)<\/p>\n<\/td>\n<\/tr>\n<tr>\n<td style=\"width:131px\" width=\"131\">\n<p>Vedrustus<\/p>\n<\/td>\n<td style=\"width:424px\" width=\"424\">\n<p>T\u00fc\u00fcp: Lukustatav vedrustushark<br \/>Vedrustuse k\u00e4ik: 80 mm<\/p>\n<\/td>\n<\/tr>\n<tr>\n<td style=\"width:131px\" width=\"131\">\n<p>Aku<\/p>\n<\/td>\n<td style=\"width:424px\" width=\"424\">\n<p>Pinge ja mahtuvus: 36V, 13Ah<br \/>Laadimisaeg: 6,5 tundi<br \/>V\u00f5imsus: 468Wh<br \/>Kaitses\u00fcsteem: Jah<\/p>\n<\/td>\n<\/tr>\n<tr>\n<td style=\"width:131px\" width=\"131\">\n<p>Laadija<\/p>\n<\/td>\n<td style=\"width:424px\" width=\"424\">\n<p>Sisend: 100\u2013240 V, 2 A<br \/>V\u00e4ljund: 42 V, 2 A<\/p>\n<\/td>\n<\/tr>\n<tr>\n<td style=\"width:131px\" width=\"131\">\n<p>Rehv<\/p>\n<\/td>\n<td style=\"width:424px\" width=\"424\">\n<p>Suurus: 27,5&quot; x 2,1&quot;<br \/>T\u00fc\u00fcp: Pneumaatilised kummirehvid<br \/>Rehvir\u00f5hk: 30\u201345 PSI<br \/>Parim rehvir\u00f5hk: 35\u201340 PSI<\/p>\n<\/td>\n<\/tr>\n<tr>\n<td style=\"width:131px\" width=\"131\">\n<p>Ekraan<\/p>\n<\/td>\n<td style=\"width:424px\" width=\"424\">\n<p>Suurus: 2,6&quot;<br \/>T\u00fc\u00fcp: LCD<br \/>Teave: kiirus, aku tase, l\u00e4bitud vahemaa\/odomeeter, abitase, k\u00f5ndimisre\u017eiim, tulede m\u00e4rgistus, pidurdusm\u00e4rgistus<br \/>Funktsioonid: Toide sisse\/v\u00e4lja, tulede sisse-\/v\u00e4ljal\u00fclitamine, abitasemete muutmine,<\/p>\n<\/td>\n<\/tr>\n<tr>\n<td style=\"width:131px\" width=\"131\">\n<p>Rakendus<\/p>\n<\/td>\n<td style=\"width:424px\" width=\"424\">\n<p>Nimi: Eglide<br \/>S\u00fcsteemitugi: iOS (11.0+), Android (5.0+)<br \/>Funktsioonid: tulede sisse\/v\u00e4lja l\u00fclitamine, abitasemete muutmine, jalgratta lukustamine\/avamine, parooli m\u00e4\u00e4ramine, ekraani heleduse reguleerimine jne.<\/p>\n<\/td>\n<\/tr>\n<tr>\n<td style=\"width:131px\" width=\"131\">\n<p>Pakett<\/p>\n<\/td>\n<td style=\"width:424px\" width=\"424\">\n<p>Suurus: 1500x250x850mm<br \/>T\u00e4iskaal: 34,9 kg<\/p>\n<\/td>\n<\/tr>\n<tr>\n<td style=\"width:131px\" width=\"131\">\n<p>Pakkide nimekiri<\/p>\n<\/td>\n<td style=\"width:424px\" width=\"424\">\n<p>1 x elektriratas 1 x kasutusjuhend<br \/>1 x laadija 2 x pedaali (vasak ja parem)<br \/>1 x esituli 2 x kodarapeegeldit<br \/>1 x tagatuli 2 x poritiiba (ees ja taga)<br \/>1 x LCD-ekraan 1 x sadul<br \/>1 x t\u00f6\u00f6riistakomplekt 2 x v\u00f5tit<\/p>\n<\/td>\n<\/tr>\n<tr>\n<td style=\"width:556px\" width=\"556\" colspan=\"2\">\n<p>M\u00e4rkus:<br \/>Maksimaalne s\u00f5iduulatus saavutatakse j\u00e4rgmistel tingimustel: 75 kg koormus, 26 \u2103 temperatuur, 15 km\/h p\u00fcsiv kiirus, tasasel teel ja tugeva tuuleta.<\/p>\n<\/td>\n<\/tr>\n<\/tbody>\n<\/table>\n<p><img decoding=\"async\" src=\"https:\/\/ae01.alicdn.com\/kf\/S97318016be3f4e5caff35595147176f8d.jpeg\" slate-data-type=\"image\"\/><img decoding=\"async\" src=\"https:\/\/ae01.alicdn.com\/kf\/S47695beb73ee4c78b181eed88e259d92Z.jpeg\" slate-data-type=\"image\"\/><img decoding=\"async\" src=\"https:\/\/ae01.alicdn.com\/kf\/Sdf5ce4ba6df14547b02b82b786bc3857i.jpeg\" slate-data-type=\"image\"\/><img decoding=\"async\" src=\"https:\/\/ae01.alicdn.com\/kf\/S143c946a51144c36a3cb05ac532028few.jpeg\" slate-data-type=\"image\"\/><img decoding=\"async\" src=\"https:\/\/ae01.alicdn.com\/kf\/Sd127888bab9a415086670d91ffee2f850.jpeg\" slate-data-type=\"image\"\/><img decoding=\"async\" src=\"https:\/\/ae01.alicdn.com\/kf\/S4d8dbb67e71e4778a033d9236c41fc6dA.jpeg\" slate-data-type=\"image\"\/><img decoding=\"async\" src=\"https:\/\/ae01.alicdn.com\/kf\/Scd80b2a087bb4a9a92f3f33fef3e1b0cH.jpeg\" slate-data-type=\"image\"\/><img decoding=\"async\" src=\"https:\/\/ae01.alicdn.com\/kf\/Sfe29dfb1619d4b71b30c83325d7f9713C.jpeg\" slate-data-type=\"image\"\/><img decoding=\"async\" src=\"https:\/\/ae01.alicdn.com\/kf\/Sfd9efa9022044e32b9eac65d70d36415c.jpeg\" slate-data-type=\"image\"\/><img decoding=\"async\" src=\"https:\/\/ae01.alicdn.com\/kf\/S88b3d431cb9e4632a6d41e7c213dd53bk.jpeg\" slate-data-type=\"image\"\/><img decoding=\"async\" src=\"https:\/\/ae01.alicdn.com\/kf\/S7a88b973dc194423aeb3124332297b64J.jpeg\" slate-data-type=\"image\"\/><img decoding=\"async\" src=\"https:\/\/ae01.alicdn.com\/kf\/Scfeef1d207a94ea7b4933554219e8effG.jpeg\" slate-data-type=\"image\"\/><img decoding=\"async\" src=\"https:\/\/ae01.alicdn.com\/kf\/S30f14f33e29846b1bf20f7ecc49b8756t.jpeg\" slate-data-type=\"image\"\/><\/p>","protected":false},"excerpt":{"rendered":"<p>Bike Suspension Types:&nbsp;Sturdy Braking System:&nbsp;Front and Rear Mechanical Disc Brake Wheel Size:&nbsp;27.5&#039;&#039; Brand:&nbsp;Eleglide Model:&nbsp;T2 Size of Frame:&nbsp;27.5&quot;x17.5&quot; Max Load:&nbsp;120kg (264.5 lbs) Cut-off Speed:&nbsp;25km\/h Max Range:&nbsp;100km (Assist Mode) Waterproof Level:&nbsp;IPX4 Braking<\/p>","protected":false},"featured_media":21588,"comment_status":"open","ping_status":"closed","template":"","meta":{"_acf_changed":false},"product_brand":[],"product_cat":[230],"product_tag":[],"class_list":{"0":"post-21586","1":"product","2":"type-product","3":"status-publish","4":"has-post-thumbnail","6":"product_cat-bikes","8":"first","9":"instock","10":"shipping-taxable","11":"purchasable","12":"product-type-simple"},"acf":[],"_links":{"self":[{"href":"https:\/\/www.electricstore.eu\/et\/wp-json\/wp\/v2\/product\/21586","targetHints":{"allow":["GET"]}}],"collection":[{"href":"https:\/\/www.electricstore.eu\/et\/wp-json\/wp\/v2\/product"}],"about":[{"href":"https:\/\/www.electricstore.eu\/et\/wp-json\/wp\/v2\/types\/product"}],"replies":[{"embeddable":true,"href":"https:\/\/www.electricstore.eu\/et\/wp-json\/wp\/v2\/comments?post=21586"}],"wp:featuredmedia":[{"embeddable":true,"href":"https:\/\/www.electricstore.eu\/et\/wp-json\/wp\/v2\/media\/21588"}],"wp:attachment":[{"href":"https:\/\/www.electricstore.eu\/et\/wp-json\/wp\/v2\/media?parent=21586"}],"wp:term":[{"taxonomy":"product_brand","embeddable":true,"href":"https:\/\/www.electricstore.eu\/et\/wp-json\/wp\/v2\/product_brand?post=21586"},{"taxonomy":"product_cat","embeddable":true,"href":"https:\/\/www.electricstore.eu\/et\/wp-json\/wp\/v2\/product_cat?post=21586"},{"taxonomy":"product_tag","embeddable":true,"href":"https:\/\/www.electricstore.eu\/et\/wp-json\/wp\/v2\/product_tag?post=21586"}],"curies":[{"name":"wp","href":"https:\/\/api.w.org\/{rel}","templated":true}]}}