{"id":21563,"date":"2025-05-20T18:19:56","date_gmt":"2025-05-20T18:19:56","guid":{"rendered":"https:\/\/electricstore.eu\/p\/uncategorized\/touroll-s2-adult-bikes-20-250w-motor-electric-bikes-25km-h-720wh-battery-120km-range-48v-15ah-electric-bicycles\/"},"modified":"2025-05-20T18:20:04","modified_gmt":"2025-05-20T18:20:04","slug":"touroll-s2-adult-bikes-20-250w-motor-electric-bikes-25km-h-720wh-battery-120km-range-48v-15ah-electric-bicycles","status":"publish","type":"product","link":"https:\/\/www.electricstore.eu\/et\/p\/bikes\/touroll-s2-adult-bikes-20-250w-motor-electric-bikes-25km-h-720wh-battery-120km-range-48v-15ah-electric-bicycles\/","title":{"rendered":"Touroll S2 t\u00e4iskasvanutele m\u00f5eldud jalgratas 20\u2033 250W mootoriga elektrijalgratas 25km\/h 720Wh aku 120km ulatus 48V 15Ah elektrijalgratas"},"content":{"rendered":"<div class=\"product-specs-list-container\">\n<ul class=\"product-specs-list util-clearfix\">\n<li class=\"product-prop line-limit-length\"><span\n                                        class=\"property-title\">Jalgratta vedrustuse t\u00fc\u00fcbid:&nbsp;<\/span><span\n                                        class=\"property-desc line-limit-length\">Vastupidav<\/span>\n                            <\/li>\n<li class=\"product-prop line-limit-length\"><span\n                                        class=\"property-title\">Piduris\u00fcsteem:&nbsp;<\/span><span\n                                        class=\"property-desc line-limit-length\">Eesmine ja tagumine mehaaniline ketaspidur<\/span>\n                            <\/li>\n<li class=\"product-prop line-limit-length\"><span\n                                        class=\"property-title\">Ratta suurus:&nbsp;<\/span><span\n                                        class=\"property-desc line-limit-length\">20 tolli 500 mm<\/span>\n                            <\/li>\n<li class=\"product-prop line-limit-length\"><span\n                                        class=\"property-title\">Br\u00e4nd:&nbsp;<\/span><span\n                                        class=\"property-desc line-limit-length\">Touroll<\/span>\n                            <\/li>\n<li class=\"product-prop line-limit-length\"><span\n                                        class=\"property-title\">Mudel:&nbsp;<\/span><span\n                                        class=\"property-desc line-limit-length\">S2<\/span>\n                            <\/li>\n<li class=\"product-prop line-limit-length\"><span\n                                        class=\"property-title\">Loode:&nbsp;<\/span><span\n                                        class=\"property-desc line-limit-length\">31,2 kg<\/span>\n                            <\/li>\n<li class=\"product-prop line-limit-length\"><span\n                                        class=\"property-title\">Piirkiirus:&nbsp;<\/span><span\n                                        class=\"property-desc line-limit-length\">25 km\/h<\/span>\n                            <\/li>\n<li class=\"product-prop line-limit-length\"><span\n                                        class=\"property-title\">Jalgratta maksimaalne koormus:&nbsp;<\/span><span\n                                        class=\"property-desc line-limit-length\">120 kg<\/span>\n                            <\/li>\n<li class=\"product-prop line-limit-length\"><span\n                                        class=\"property-title\">Maksimaalne ulatus:&nbsp;<\/span><span\n                                        class=\"property-desc line-limit-length\">150 km (abire\u017eiim)<\/span>\n                            <\/li>\n<li class=\"product-prop line-limit-length\"><span\n                                        class=\"property-title\">Mahtuvus\/Pinge:&nbsp;<\/span><span\n                                        class=\"property-desc line-limit-length\">15Ah \/ 48V<\/span>\n                            <\/li>\n<li class=\"product-prop line-limit-length\"><span\n                                        class=\"property-title\">Laadimisaeg:&nbsp;<\/span><span\n                                        class=\"property-desc line-limit-length\">6\u20138 tundi<\/span>\n                            <\/li>\n<li class=\"product-prop line-limit-length\"><span\n                                        class=\"property-title\">Raami suurus:&nbsp;<\/span><span\n                                        class=\"property-desc line-limit-length\">20&quot;x17&quot;<\/span>\n                            <\/li>\n<\/ul><\/div>\n<p style=\"font-family:&quot;Noto Sans SC&quot;;font-size:medium;font-weight:400;letter-spacing:normal;text-align:start;white-space:normal;color:rgb(0, 0, 0)\" align=\"start\"><span style=\"font-size:x-large\">T\u00e4hts\u00fcndmused<\/span><\/p>\n<p><\/p>\n<p style=\"font-family:&quot;Noto Sans SC&quot;;font-size:medium;font-weight:400;letter-spacing:normal;text-align:start;white-space:normal;color:rgb(0, 0, 0)\" align=\"start\"><strong>\u00dcletamatu<\/strong><strong><span>\u00a0<\/span><\/strong><strong>Ohutus ja<\/strong><strong><span>\u00a0<\/span><\/strong><strong>Stabiilsus<\/strong><br \/>20*4.0 maastikurehvidega fat Touroll S2 elektriratas on loodud vallutama sillutamata teid, nagu metsarajad, m\u00e4giteed ja liivarannad. Laiad rehvid loovad maapinnaga suurema kokkupuuteala, tagades suurep\u00e4rase haarduvuse ja stabiilsuse isegi libedatel pindadel. Rattal on 80 mm k\u00e4iguga l\u00f6\u00f6ke summutav vedrustus, mis minimeerib vibratsiooni, pakkudes sujuvamat ja mugavamat s\u00f5itu. Lisaks on elektriratas varustatud elektripiduri ja ketaspiduriga, mis peatavad mootori pidurdamisel koheselt, tagades ohutuma ja kontrollituma s\u00f5idukogemuse.<\/p>\n<p><strong>V\u00f5imas j\u00f5udlus<\/strong><br \/>Touroll S2 elektriratta tippv\u00f5imsus on 650 W ja kandev\u00f5ime kuni 120 kg, mist\u00f5ttu sobib see ideaalselt lisavarustuse v\u00f5i tarvikute vedamiseks. Selle spetsiaalselt fat rehvidega jalgratastele loodud mootor pakub tippp\u00f6\u00f6rdemomenti 55 Nm, pakkudes pingutuseta s\u00f5itu ja head j\u00f5udlust \u00fclesm\u00e4gedel. 720 Wh suure mahutavusega akuga suudab Touroll S2 abire\u017eiimis l\u00e4bida kuni 150 km, muutes selle teie reiside parimaks kaaslaseks.<\/p>\n<p><strong>Sujuv ja pingutuseta s\u00f5it<\/strong><br \/>T\u00e4pne jooksulindi andur v\u00f5imaldab t\u00e4pset ja tundlikku mootori abi, v\u00f5imaldades pedaalidel edastada v\u00f5imsussignaale 12 korda pedaalip\u00f6\u00f6rde kohta. 5 PAS-tasemega (12\/15\/18\/21\/25 km\/h) saate oma kiirust vastavalt oma s\u00f5iduvajadustele h\u00f5lpsalt reguleerida. Shimano 7-k\u00e4iguline k\u00e4igukast tagab sujuva ja t\u00f5husa k\u00e4iguvahetuse, parandades teie \u00fcldist s\u00f5idukogemust.<\/p>\n<p><strong>Ergonoomiline<\/strong><strong><span>\u00a0<\/span><\/strong><strong>Disain<\/strong><br \/>Astmelise raami disainiga Touroll S2 teeb rattale peale- ja mahamineku igas vanuses ja oskustasemega s\u00f5itjatele lihtsaks. Reguleeritav lenkstang ja iste v\u00f5imaldavad teil oma ratast k\u00f5ige mugavama s\u00f5iduasendi saavutamiseks kohandada. Olenemata sellest, kas olete noor seikleja v\u00f5i kogenud s\u00f5itja, pakub Touroll S2 mugavat kogemust k\u00f5igile.<\/p>\n<p><strong>Mugav hoiustamine ja laadimine<\/strong><br \/>Elektriratta kokkupandav raam ja vars muudavad selle kitsastes kohtades hoiustamise v\u00f5i maasturisse v\u00f5i universaali paigutamise lihtsaks. Eemaldatava aku disain lihtsustab laadimist, v\u00f5imaldades teil kiiresti teele tagasi p\u00f6\u00f6rduda. S\u00f5iduulatuse suurendamiseks saate osta ka lisaaku.<\/p>\n<p><strong>T\u00e4iustatud SafeNight Riding ja kristallselge ekraan<\/strong><br \/>Varustatud EL StVZO sertifikaadiga esitulede ja tagatuledega, tagab see elektriratas suurep\u00e4rase n\u00e4htavuse ja ohutuse h\u00e4maras valguses. LCD-ekraan pakub selget ja h\u00f5lpsasti loetavat teavet, hoides teid igal ajal oma s\u00f5iduga kursis.<\/p>\n<p><\/p>\n<h2 style=\"font-family:&quot;Noto Sans SC&quot;;font-size:14px;letter-spacing:normal;text-align:start;white-space:normal;color:rgb(0, 0, 0);margin:10px 0px;margin-bottom:10px;margin-top:10px;margin-left:0px;margin-right:0px;padding:0px;padding-bottom:0px;padding-top:0px;padding-left:0px;padding-right:0px\" align=\"start\">Spetsifikatsioon<\/h2>\n<p><\/p>\n<table style=\"border-collapse:collapse;font-family:&quot;Noto Sans SC&quot;\" border=\"1\" cellpadding=\"8\">\n<tbody>\n<tr>\n<td style=\"width:137px\" width=\"137\">\n<p>\u00dcldine<\/p>\n<\/td>\n<td style=\"width:427px\" width=\"427\">\n<p>Kaubam\u00e4rk: Touroll<br \/>Mudel: S2<br \/>V\u00e4rv: sinine<\/p>\n<\/td>\n<\/tr>\n<tr>\n<td style=\"width:137px\" width=\"137\">\n<p>P\u00f5hispetsifikatsioon.<\/p>\n<\/td>\n<td style=\"width:427px\" width=\"427\">\n<p>Loode: 31,2 kg<br \/>Lahtivolditud suurus: 1720x640x1300mm<br \/>Kokkupandud suurus: 970x450x740mm<br \/>Raami suurus: 20&quot;x17&quot;<br \/>Lenksu laius: 620 mm (24,4 tolli)<br \/>Soovitatav s\u00f5itja pikkus: 160\u2013195 cm (5&#039;3\u20136&#039;5&quot;)<br \/>Jalgratta maksimaalne kandev\u00f5ime: 120 kg<br \/>Kiirusepiirang: 25 km\/h<br \/>Maksimaalne s\u00f5iduulatus: 150 km (abire\u017eiim)<br \/>PAS-tasemed: 12\/15\/18\/21\/25 km\/h (tase 1-5)<br \/>Jalutusre\u017eiim: 6 km\/h<br \/>Veekindluse tase: IPX4<br \/>Raami materjal: STL<br \/>Raami t\u00fc\u00fcp: Astmeline<br \/>Piduris\u00fcsteem: mehaaniline ketaspidur ja elektriline pidur<br \/>Vedrustus: mehaaniline amortisaator<br \/>Vedrustuse k\u00e4ik: 80 mm<\/p>\n<\/td>\n<\/tr>\n<tr>\n<td style=\"width:137px\" width=\"137\">\n<p>Mootor<\/p>\n<\/td>\n<td style=\"width:427px\" width=\"427\">\n<p>Nimipinge: 48V<br \/>Maksimaalne v\u00e4ljundmoment: 55 Nm<\/p>\n<\/td>\n<\/tr>\n<tr>\n<td style=\"width:137px\" width=\"137\">\n<p>K\u00e4iguvahetaja<\/p>\n<\/td>\n<td style=\"width:427px\" width=\"427\">\n<p>K\u00e4iguvahetushoobade arv: 7 (taga)<br \/>Kaubam\u00e4rk: Shimano<\/p>\n<\/td>\n<\/tr>\n<tr>\n<td style=\"width:137px\" width=\"137\">\n<p>Aku<\/p>\n<\/td>\n<td style=\"width:427px\" width=\"427\">\n<p>Mahtuvus\/Pinge: 15Ah \/ 48V<br \/>V\u00f5imsus: 720Wh<br \/>Laadimisaeg: 6-8 tundi<br \/>Kaitses\u00fcsteem: Jah<\/p>\n<\/td>\n<\/tr>\n<tr>\n<td style=\"width:137px\" width=\"137\">\n<p>Rehvid<\/p>\n<\/td>\n<td style=\"width:427px\" width=\"427\">\n<p>Suurus: 20&quot;x4&quot;<br \/>T\u00fc\u00fcp, materjal: CST pneumaatilised kummirehvid<br \/>Rehvir\u00f5hk: 5-20PSI<br \/>Parim rehvir\u00f5hk: 15\u201320 PSI<\/p>\n<\/td>\n<\/tr>\n<tr>\n<td style=\"width:137px\" width=\"137\">\n<p>Ekraan<\/p>\n<\/td>\n<td style=\"width:427px\" width=\"427\">\n<p>Suurus, t\u00fc\u00fcp: 2,6&quot; LCD<br \/>Teave: reaalajas kiirus, abistase, aku tase, k\u00f5ndimisre\u017eiim, l\u00e4bitud vahemaa<br \/>Funktsioonid: Toide sisse\/v\u00e4lja, Tulede sisse\/v\u00e4lja l\u00fclitamine, Abitasemete vahetamine, K\u00f5ndimisre\u017eiimi aktiveerimine jne.<\/p>\n<\/td>\n<\/tr>\n<tr>\n<td style=\"width:137px\" width=\"137\">\n<p>Pakett<\/p>\n<\/td>\n<td style=\"width:427px\" width=\"427\">\n<p>Suurus: 148x32x77,5 cm<br \/>Kaal: 38,2 kg<\/p>\n<\/td>\n<\/tr>\n<tr>\n<td style=\"width:137px\" width=\"137\">\n<p>Pakkide nimekiri<\/p>\n<\/td>\n<td style=\"width:427px\" width=\"427\">\n<p>1 x Touroll pedaaliga<br \/>2 x pedaali (vasak ja parem)<br \/>1 x eesmine poritiib<br \/>1 x kasutusjuhend<br \/>1 x t\u00f6\u00f6riistakomplekt<br \/>1 x laadija<br \/>1 x esitule<br \/>2 v\u00f5tit<\/p>\n<\/td>\n<\/tr>\n<tr>\n<td style=\"width:565px\" width=\"565\" colspan=\"2\">\n<p><strong>M\u00e4rkus:<\/strong>\u00a0Maksimaalne s\u00f5iduulatus saavutatakse j\u00e4rgmistel tingimustel: 75 kg koormus, 26 \u2103 temperatuur, 12 km\/h p\u00fcsiv kiirus, tasasel teel ja tugeva tuuleta.<\/p>\n<\/td>\n<\/tr>\n<\/tbody>\n<\/table>\n<p><img decoding=\"async\" src=\"https:\/\/ae01.alicdn.com\/kf\/S9cc4aa863c7e42468272a42412fa5725U.jpeg\" slate-data-type=\"image\"\/><img decoding=\"async\" src=\"https:\/\/ae01.alicdn.com\/kf\/Sabd76241c5d9404ba09393afd3ac68a2Q.jpeg\" slate-data-type=\"image\"\/><img decoding=\"async\" src=\"https:\/\/ae01.alicdn.com\/kf\/S16aa2f3a4d0143e3bbae8ee8e6d9cea8F.jpeg\" slate-data-type=\"image\"\/><img decoding=\"async\" src=\"https:\/\/ae01.alicdn.com\/kf\/S56aaf09a61a24e57a35309dcb4ef5ffcq.jpeg\" slate-data-type=\"image\"\/><img decoding=\"async\" src=\"https:\/\/ae01.alicdn.com\/kf\/S7979775108094b959549ba7701b77146C.jpeg\" slate-data-type=\"image\"\/><img decoding=\"async\" src=\"https:\/\/ae01.alicdn.com\/kf\/S020490a5aaa04a2687eed647a1f16ca84.jpeg\" slate-data-type=\"image\"\/><img decoding=\"async\" src=\"https:\/\/ae01.alicdn.com\/kf\/S0e16b4c9fa144f2ab8b61c2cd3d46f79Y.jpeg\" slate-data-type=\"image\"\/><img decoding=\"async\" src=\"https:\/\/ae01.alicdn.com\/kf\/Saa87f625732849b5845d9a905eb6fb18f.jpeg\" slate-data-type=\"image\"\/><img decoding=\"async\" src=\"https:\/\/ae01.alicdn.com\/kf\/S8b71635f37f344d58dc7749e22b61c0aQ.jpeg\" slate-data-type=\"image\"\/><\/p>","protected":false},"excerpt":{"rendered":"<p>Bike Suspension Types:&nbsp;Sturdy Braking System:&nbsp;Front and Rear Mechanical Disc Brake Wheel Size:&nbsp;20Inches 500mm Brand:&nbsp;Touroll Model:&nbsp;S2 N.W.:&nbsp;31.2kg Cut-off Speed:&nbsp;25km\/h Max Load of Bike:&nbsp;120kg Max. Range:&nbsp;150km(Assist Mode) Capacity\/Voltage:&nbsp;15Ah \/ 48V Charging Time:&nbsp;6-8h<\/p>","protected":false},"featured_media":21564,"comment_status":"open","ping_status":"closed","template":"","meta":{"_acf_changed":false},"product_brand":[],"product_cat":[230],"product_tag":[],"class_list":{"0":"post-21563","1":"product","2":"type-product","3":"status-publish","4":"has-post-thumbnail","6":"product_cat-bikes","8":"first","9":"instock","10":"shipping-taxable","11":"purchasable","12":"product-type-simple"},"acf":[],"_links":{"self":[{"href":"https:\/\/www.electricstore.eu\/et\/wp-json\/wp\/v2\/product\/21563","targetHints":{"allow":["GET"]}}],"collection":[{"href":"https:\/\/www.electricstore.eu\/et\/wp-json\/wp\/v2\/product"}],"about":[{"href":"https:\/\/www.electricstore.eu\/et\/wp-json\/wp\/v2\/types\/product"}],"replies":[{"embeddable":true,"href":"https:\/\/www.electricstore.eu\/et\/wp-json\/wp\/v2\/comments?post=21563"}],"wp:featuredmedia":[{"embeddable":true,"href":"https:\/\/www.electricstore.eu\/et\/wp-json\/wp\/v2\/media\/21564"}],"wp:attachment":[{"href":"https:\/\/www.electricstore.eu\/et\/wp-json\/wp\/v2\/media?parent=21563"}],"wp:term":[{"taxonomy":"product_brand","embeddable":true,"href":"https:\/\/www.electricstore.eu\/et\/wp-json\/wp\/v2\/product_brand?post=21563"},{"taxonomy":"product_cat","embeddable":true,"href":"https:\/\/www.electricstore.eu\/et\/wp-json\/wp\/v2\/product_cat?post=21563"},{"taxonomy":"product_tag","embeddable":true,"href":"https:\/\/www.electricstore.eu\/et\/wp-json\/wp\/v2\/product_tag?post=21563"}],"curies":[{"name":"wp","href":"https:\/\/api.w.org\/{rel}","templated":true}]}}