{"id":21547,"date":"2025-05-20T18:19:48","date_gmt":"2025-05-20T18:19:48","guid":{"rendered":"https:\/\/electricstore.eu\/p\/uncategorized\/touroll-s1-electric-fat-bike-25km-h-20x4-0-fat-tires-60nm-torque-15-6ah-100km-range-7-speed-shimano-gear-electric-bicycles\/"},"modified":"2025-05-20T18:19:57","modified_gmt":"2025-05-20T18:19:57","slug":"touroll-s1-electric-fat-bike-25km-h-20x4-0-fat-tires-60nm-torque-15-6ah-100km-range-7-speed-shimano-gear-electric-bicycles","status":"publish","type":"product","link":"https:\/\/www.electricstore.eu\/et\/p\/bikes\/touroll-s1-electric-fat-bike-25km-h-20x4-0-fat-tires-60nm-torque-15-6ah-100km-range-7-speed-shimano-gear-electric-bicycles\/","title":{"rendered":"Touroll S1 Electric Fat Bike 25km\/h 20&#039;x4.0\u2032 Fat Rehvid 60Nm P\u00f6\u00f6rdemoment 15.6Ah L\u00e4bis\u00f5it 100km 7-k\u00e4iguline Shimano k\u00e4iguga elektrijalgrattad"},"content":{"rendered":"<div class=\"product-specs-list-container\">\n<ul class=\"product-specs-list util-clearfix\">\n<li class=\"product-prop line-limit-length\"><span\n                                        class=\"property-title\">Br\u00e4nd:&nbsp;<\/span><span\n                                        class=\"property-desc line-limit-length\">Touroll<\/span>\n                            <\/li>\n<li class=\"product-prop line-limit-length\"><span\n                                        class=\"property-title\">Nimi:&nbsp;<\/span><span\n                                        class=\"property-desc line-limit-length\">Snodal<\/span>\n                            <\/li>\n<li class=\"product-prop line-limit-length\"><span\n                                        class=\"property-title\">Mudel:&nbsp;<\/span><span\n                                        class=\"property-desc line-limit-length\">S1<\/span>\n                            <\/li>\n<li class=\"product-prop line-limit-length\"><span\n                                        class=\"property-title\">V\u00f5imsus:&nbsp;<\/span><span\n                                        class=\"property-desc line-limit-length\">748,8 Wh<\/span>\n                            <\/li>\n<li class=\"product-prop line-limit-length\"><span\n                                        class=\"property-title\">Raami suurus:&nbsp;<\/span><span\n                                        class=\"property-desc line-limit-length\">20&quot;x17&quot;<\/span>\n                            <\/li>\n<li class=\"product-prop line-limit-length\"><span\n                                        class=\"property-title\">Jalgratta maksimaalne koormus:&nbsp;<\/span><span\n                                        class=\"property-desc line-limit-length\">120 kg<\/span>\n                            <\/li>\n<li class=\"product-prop line-limit-length\"><span\n                                        class=\"property-title\">Piirkiirus:&nbsp;<\/span><span\n                                        class=\"property-desc line-limit-length\">25 km\/h<\/span>\n                            <\/li>\n<li class=\"product-prop line-limit-length\"><span\n                                        class=\"property-title\">Maksimaalne ulatus::&nbsp;<\/span><span\n                                        class=\"property-desc line-limit-length\">100 km (abire\u017eiim)<\/span>\n                            <\/li>\n<li class=\"product-prop line-limit-length\"><span\n                                        class=\"property-title\">Omadused 01:&nbsp;<\/span><span\n                                        class=\"property-desc line-limit-length\">Elektriline jalgratas<\/span>\n                            <\/li>\n<li class=\"product-prop line-limit-length\"><span\n                                        class=\"property-title\">Omadused 02:&nbsp;<\/span><span\n                                        class=\"property-desc line-limit-length\">Elektrilised jalgrattad<\/span>\n                            <\/li>\n<li class=\"product-prop line-limit-length\"><span\n                                        class=\"property-title\">Omadused 03:&nbsp;<\/span><span\n                                        class=\"property-desc line-limit-length\">Elektrijalgratta pakkumine<\/span>\n                            <\/li>\n<li class=\"product-prop line-limit-length\"><span\n                                        class=\"property-title\">Omadused 04:&nbsp;<\/span><span\n                                        class=\"property-desc line-limit-length\">Elektrilised jalgrattad t\u00e4iskasvanutele<\/span>\n                            <\/li>\n<li class=\"product-prop line-limit-length\"><span\n                                        class=\"property-title\">Omadused 06:&nbsp;<\/span><span\n                                        class=\"property-desc line-limit-length\">Elektrilised jalgrattad t\u00e4iskasvanutele<\/span>\n                            <\/li>\n<li class=\"product-prop line-limit-length\"><span\n                                        class=\"property-title\">Omadused 08:&nbsp;<\/span><span\n                                        class=\"property-desc line-limit-length\">Elektriline jalgratas<\/span>\n                            <\/li>\n<li class=\"product-prop line-limit-length\"><span\n                                        class=\"property-title\">Omadused 09:&nbsp;<\/span><span\n                                        class=\"property-desc line-limit-length\">Odavad jalgrattad<\/span>\n                            <\/li>\n<li class=\"product-prop line-limit-length\"><span\n                                        class=\"property-title\">Veekindluse tase:&nbsp;<\/span><span\n                                        class=\"property-desc line-limit-length\">IPX4<\/span>\n                            <\/li>\n<li class=\"product-prop line-limit-length\"><span\n                                        class=\"property-title\">Raami materjal:&nbsp;<\/span><span\n                                        class=\"property-desc line-limit-length\">Alumiiniumsulam (AL6061)<\/span>\n                            <\/li>\n<\/ul><\/div>\n<p style=\"font-family:&quot;Noto Sans SC&quot;;font-size:medium;font-weight:400;letter-spacing:normal;text-align:start;white-space:normal;color:rgb(0, 0, 0)\" align=\"start\"><span style=\"font-size:x-large\">T\u00e4hts\u00fcndmused<\/span><\/p>\n<p><\/p>\n<p style=\"font-family:&quot;Noto Sans SC&quot;;font-size:medium;font-weight:400;letter-spacing:normal;text-align:start;white-space:normal;color:rgb(0, 0, 0)\" align=\"start\"><strong>Sujuv s\u00f5it igal maastikul<br \/><\/strong>Touroll S1 elektriratas fat bike vallutab iga maastiku pingutuseta t\u00e4nu 4-tollistele laiadele rehvidele, mis pakuvad paremat haarduvust, t\u00e4iustatud juhitavust ja stabiilsust. Nurkjas rehvipind neelab m\u00e4rkimisv\u00e4\u00e4rselt maastiku ebatasasusi, et s\u00f5it oleks sujuvam. Selle 20-tollised rattad veerevad h\u00f5lpsalt l\u00e4bi takistuste ja kiirusmurede. Usaldusv\u00e4\u00e4rse vedrustusega, mis v\u00e4hendab oluliselt l\u00f6\u00f6ke, v\u00f5imaldab see ratas teil ebatasasel maastikul mugavalt ja enesekindlalt liikuda.<br \/><strong><br \/>V\u00f5imas ja vastupidav s\u00f5it<br \/><\/strong>S1 elektriratas pakub erutavat v\u00f5imsust v\u00f5imsa harjadeta mootoriga, mis toodab 60 Nm p\u00f6\u00f6rdemomenti, v\u00f5imaldades teil avastada loodust v\u00f5imsuse, kiiruse ja p\u00f5nevusega. Eemaldatava 15,6 Ah liitiumioonakuga l\u00e4bite abire\u017eiimis \u00fche laadimisega 100 km (62,13 miili), muutes teie seiklused ja pikad s\u00f5idud imelihtsaks.<strong><br \/><\/strong><br \/><strong>T\u00e4iustatud turvalisus<br \/><\/strong>Touroll S1-l on vastupidav 6061 alumiiniumsulamist raam, mis tagab usaldusv\u00e4\u00e4rse s\u00f5idu. Selle t\u00e4iustatud piduris\u00fcsteem koosneb e-pidurist ja kahekordsetest ketaspiduritest maksimaalse reageerimisv\u00f5ime tagamiseks. StVZO-sertifikaadiga tuli on valmistatud vastavalt Saksamaa liikluseeskirjade rangetele standarditele. See jalgrattatuli pakub suurep\u00e4rast valgustust\u00f5husust ilma pimestamiseta, suurendades n\u00e4htavust teel ja tagades teiste liiklejate ohutuse. Minge s\u00f5itma meelerahuga!<strong><\/p>\n<p>L\u00f5bus jalgrattas\u00f5it koos<\/strong><strong><span>\u00a0<\/span><\/strong><strong>Shimano k\u00e4igukast<br \/><\/strong>7-k\u00e4iguline Shimano k\u00e4iguvahetaja v\u00f5imaldab teil k\u00e4ike igal ajal vahetada ja nautida muutuva kiiruse r\u00f5\u00f5mu. Professionaalse k\u00e4iguvahetuss\u00fcsteemiga saate oma jalgratta k\u00e4ike vastavalt teeoludele reguleerida, et tagada kiire ja nauditav s\u00f5it.<\/p>\n<p><strong>Nutikas LCD-juhtimine<br \/><\/strong>Nutika LCD-ekraani abil saate h\u00f5lpsalt j\u00e4lgida olulisi andmeid, n\u00e4iteks reaalajas kiirust ja aku taset, ning sujuvalt vahetada 5 pedaali abitaseme vahel \u2013 12, 15, 18, 21 ja 25 km\/h. Vaid nupuvajutusega saate aktiveerida 6 km\/h k\u00f5ndimisre\u017eiimi ja rattaga vaevata k\u00f5ndida, mis sobib ideaalselt rahulikuks jalutusk\u00e4iguks tee \u00e4\u00e4res. Nautige maastikku omas tempos Touroll S1-ga.<strong><\/p>\n<p>T\u00e4iustatud<\/strong><strong><span>\u00a0<\/span><\/strong><strong>Mugavus ja k\u00e4ep\u00e4rasus<br \/><\/strong>Touroll S1 fat bike on varustatud reguleeritava varrega, mis v\u00f5imaldab lenkstangi k\u00f5rgust paindlikult kohandada mugava s\u00f5iduasendi saavutamiseks. Sellel on kokkupandav mehhanism h\u00f5lpsaks transportimiseks ja hoiustamiseks. Lisaks on S1-l vastupidav pakiraam teie asjade turvaliseks hoidmiseks muretu jalgrattas\u00f5idu jaoks.<\/p>\n<p><\/p>\n<h2 style=\"font-family:&quot;Noto Sans SC&quot;;font-size:14px;letter-spacing:normal;text-align:start;white-space:normal;color:rgb(0, 0, 0);margin:10px 0px;margin-bottom:10px;margin-top:10px;margin-left:0px;margin-right:0px;padding:0px;padding-bottom:0px;padding-top:0px;padding-left:0px;padding-right:0px\" align=\"start\">Spetsifikatsioon<\/h2>\n<p><\/p>\n<table style=\"border-collapse:collapse;font-family:&quot;Noto Sans SC&quot;\" border=\"1\" cellpadding=\"8\">\n<tbody>\n<tr>\n<td style=\"width:98px\" width=\"98\">\n<p>\u00dcldine<\/p>\n<\/td>\n<td style=\"width:458px\" width=\"458\">\n<p>Kaubam\u00e4rk: Touroll<br \/>Nimi: Snodal<br \/>Mudel: S1<br \/>V\u00e4rv: must<\/p>\n<\/td>\n<\/tr>\n<tr>\n<td style=\"width:98px\" width=\"98\">\n<p>P\u00f5hispetsifikatsioon<\/p>\n<\/td>\n<td style=\"width:458px\" width=\"458\">\n<p>Netokaal: 30 kg<br \/>Lahtivolditud suurus: 1700x600x1320mm<br \/>Kokkupandud suurus: 1000x740x475mm<br \/>Raami suurus: 20&quot;x17&quot;<br \/>Lenksu pikkus: 600 mm (23,6 tolli)<br \/>Sadula k\u00f5rgus (maapinnast): 83\u2013107 cm<br \/>Soovitatav s\u00f5itja pikkus: 160\u2013200 cm (umbes 1,5\u20131,8 meetrit)<br \/>Jalgratta maksimaalne kandev\u00f5ime: 120 kg<br \/>Kiirusepiirang: 25 km\/h<br \/>Maksimaalne s\u00f5iduulatus: 100 km (abire\u017eiim)<br \/>Pedaali abitasemed: 12\/15\/18\/21\/25 km\/h<br \/>Jalutusre\u017eiim: 6 km\/h<br \/>Veekindluse tase: IPX4<br \/>Raami materjal: alumiiniumisulam (AL6061)<br \/>Piduris\u00fcsteem: ketaspidurid ja elektriline pidur<br \/>Vedrustus: mehaaniline amortisaator lukustusega<br \/>Vedrustuse k\u00e4ik: 50 mm<\/p>\n<\/td>\n<\/tr>\n<tr>\n<td style=\"width:98px\" width=\"98\">\n<p>Mootor<\/p>\n<\/td>\n<td style=\"width:458px\" width=\"458\">\n<p>T\u00fc\u00fcp: Rummumootor<br \/>Nimipinge: 48V<br \/>Maksimaalne v\u00e4ljundmoment: 60 Nm<\/p>\n<\/td>\n<\/tr>\n<tr>\n<td style=\"width:98px\" width=\"98\">\n<p>K\u00e4iguvahetaja<\/p>\n<\/td>\n<td style=\"width:458px\" width=\"458\">\n<p>Kaubam\u00e4rk: Shimano<br \/>K\u00e4ikude arv: 7 (taga)<\/p>\n<\/td>\n<\/tr>\n<tr>\n<td style=\"width:98px\" width=\"98\">\n<p>Aku<\/p>\n<\/td>\n<td style=\"width:458px\" width=\"458\">\n<p>Mahutavus: 15,6 Ah<br \/>Pinge: 48V<br \/>Laadimisaeg: 6-8 tundi<br \/>V\u00f5imsus: 748,8 Wh<br \/>Kaitses\u00fcsteem: Jah<\/p>\n<\/td>\n<\/tr>\n<tr>\n<td style=\"width:98px\" width=\"98\">\n<p>Laadija<\/p>\n<\/td>\n<td style=\"width:458px\" width=\"458\">\n<p>Sisend: 100\u2013240 V, 2,0 A<br \/>V\u00e4ljund: 54,6 V, 2,0 A<\/p>\n<\/td>\n<\/tr>\n<tr>\n<td style=\"width:98px\" width=\"98\">\n<p>Rehvid<\/p>\n<\/td>\n<td style=\"width:458px\" width=\"458\">\n<p>Suurus: 20 \u00d7 4&quot;<br \/>T\u00fc\u00fcp: Pneumaatilised kummirehvid<br \/>Rehvir\u00f5hk: 5\u201330 PSI\u00a0<br \/>Parim rehvir\u00f5hk: 15\u201317,5 PSI<\/p>\n<\/td>\n<\/tr>\n<tr>\n<td style=\"width:98px\" width=\"98\">\n<p>Ekraan<\/p>\n<\/td>\n<td style=\"width:458px\" width=\"458\">\n<p>T\u00fc\u00fcp: LCD<br \/>Teave: reaalajas kiirus, abistase, aku tase<br \/>Funktsioonid: Toide sisse\/v\u00e4lja, Tulede sisse\/v\u00e4lja l\u00fclitamine, Abitasemete vahetamine, K\u00f5ndimisre\u017eiimi aktiveerimine jne.<\/p>\n<\/td>\n<\/tr>\n<tr>\n<td style=\"width:98px\" width=\"98\">\n<p>Pakett<\/p>\n<\/td>\n<td style=\"width:458px\" width=\"458\">\n<p>Suurus: 1400x290x745mm<br \/>T\u00e4iskaal: 38 kg<\/p>\n<\/td>\n<\/tr>\n<tr>\n<td style=\"width:98px\" width=\"98\">\n<p>Pakkide nimekiri<\/p>\n<\/td>\n<td style=\"width:458px\" width=\"458\">\n<p>1 x elektriratas 1 x kasutusjuhend<br \/>1 x laadija 2 x pedaali (vasak ja parem)<br \/>1 x esituli 2 x kodarapeegeldit<br \/>1 x sadul 1 x tagumine helkur<br \/>1 x ekraan 1 x tagumine pakiraam tagatulega<br \/>2 x v\u00f5tit 2 x poritiiba (ees ja taga)<br \/>1 x t\u00f6\u00f6riistakomplekt\u00a0\u00a0\u00a0\u00a0\u00a0\u00a0\u00a0\u00a0\u00a0\u00a0<\/p>\n<\/td>\n<\/tr>\n<tr>\n<td style=\"width:556px\" width=\"556\" colspan=\"2\">\n<p>M\u00e4rkus: maksimaalne ulatus saavutatakse j\u00e4rgmistel tingimustel: 75 kg koormus, 26 \u2103 temperatuur, 15 km\/h p\u00fcsiv kiirus, tasasel teel ja tugeva tuuleta.<\/p>\n<\/td>\n<\/tr>\n<\/tbody>\n<\/table>\n<p><img decoding=\"async\" src=\"https:\/\/ae01.alicdn.com\/kf\/Sa9b7f74d147244d080dec043041031a8K.jpeg\" slate-data-type=\"image\"\/><img decoding=\"async\" src=\"https:\/\/ae01.alicdn.com\/kf\/S126c06209c814432bdb5a40a12663539e.jpeg\" slate-data-type=\"image\"\/><img decoding=\"async\" src=\"https:\/\/ae01.alicdn.com\/kf\/S6acfd2dd40274063aebeac7817aabd1b0.jpeg\" slate-data-type=\"image\"\/><img decoding=\"async\" src=\"https:\/\/ae01.alicdn.com\/kf\/S7c310d2659444ca9b8d19e696b9ea36eZ.jpeg\" slate-data-type=\"image\"\/><img decoding=\"async\" src=\"https:\/\/ae01.alicdn.com\/kf\/S33c43cfb399d48b5b586d02d697addbaU.jpeg\" slate-data-type=\"image\"\/><img decoding=\"async\" src=\"https:\/\/ae01.alicdn.com\/kf\/Sae0d1025c0c94b54aff86305df224c8dO.jpeg\" slate-data-type=\"image\"\/><img decoding=\"async\" src=\"https:\/\/ae01.alicdn.com\/kf\/S5a6ce1d6e7144230a5f82d05005fe2c2J.jpeg\" slate-data-type=\"image\"\/><img decoding=\"async\" src=\"https:\/\/ae01.alicdn.com\/kf\/S3c41e0809fe44230af0c9960e768b69dQ.jpeg\" slate-data-type=\"image\"\/><img decoding=\"async\" src=\"https:\/\/ae01.alicdn.com\/kf\/S13ce4a7b8a9146049d88cffc639a8985T.jpeg\" slate-data-type=\"image\"\/><img decoding=\"async\" src=\"https:\/\/ae01.alicdn.com\/kf\/Sd6290a361aa9429fbeb62f4586b4df9fc.jpeg\" slate-data-type=\"image\"\/><img decoding=\"async\" src=\"https:\/\/ae01.alicdn.com\/kf\/S4f4e14cb579543099ef7c0e5889cb1d32.jpeg\" slate-data-type=\"image\"\/><img decoding=\"async\" src=\"https:\/\/ae01.alicdn.com\/kf\/Sed0ca1ac0b1148fe90975516f234d6138.jpeg\" slate-data-type=\"image\"\/><\/p>","protected":false},"excerpt":{"rendered":"<p>Brand:&nbsp;Touroll Name:&nbsp;Snodal Model:&nbsp;S1 Power Capacity:&nbsp;748.8Wh Size of Frame:&nbsp;20&quot;x17&quot; Max Load of Bike:&nbsp;120kg Cut-off Speed:&nbsp;25km\/h Max Range::&nbsp;100km (Assist Mode) Features 01:&nbsp;Electric Bicycle Features 02:&nbsp;Electric Bikes Features 03:&nbsp;Electric Bike Offer Features 04:&nbsp;Electric<\/p>","protected":false},"featured_media":21548,"comment_status":"open","ping_status":"closed","template":"","meta":{"_acf_changed":false},"product_brand":[],"product_cat":[230],"product_tag":[],"class_list":{"0":"post-21547","1":"product","2":"type-product","3":"status-publish","4":"has-post-thumbnail","6":"product_cat-bikes","8":"first","9":"instock","10":"shipping-taxable","11":"purchasable","12":"product-type-simple"},"acf":[],"_links":{"self":[{"href":"https:\/\/www.electricstore.eu\/et\/wp-json\/wp\/v2\/product\/21547","targetHints":{"allow":["GET"]}}],"collection":[{"href":"https:\/\/www.electricstore.eu\/et\/wp-json\/wp\/v2\/product"}],"about":[{"href":"https:\/\/www.electricstore.eu\/et\/wp-json\/wp\/v2\/types\/product"}],"replies":[{"embeddable":true,"href":"https:\/\/www.electricstore.eu\/et\/wp-json\/wp\/v2\/comments?post=21547"}],"wp:featuredmedia":[{"embeddable":true,"href":"https:\/\/www.electricstore.eu\/et\/wp-json\/wp\/v2\/media\/21548"}],"wp:attachment":[{"href":"https:\/\/www.electricstore.eu\/et\/wp-json\/wp\/v2\/media?parent=21547"}],"wp:term":[{"taxonomy":"product_brand","embeddable":true,"href":"https:\/\/www.electricstore.eu\/et\/wp-json\/wp\/v2\/product_brand?post=21547"},{"taxonomy":"product_cat","embeddable":true,"href":"https:\/\/www.electricstore.eu\/et\/wp-json\/wp\/v2\/product_cat?post=21547"},{"taxonomy":"product_tag","embeddable":true,"href":"https:\/\/www.electricstore.eu\/et\/wp-json\/wp\/v2\/product_tag?post=21547"}],"curies":[{"name":"wp","href":"https:\/\/api.w.org\/{rel}","templated":true}]}}