{"id":21512,"date":"2025-05-20T18:19:20","date_gmt":"2025-05-20T18:19:20","guid":{"rendered":"https:\/\/electricstore.eu\/p\/uncategorized\/e-bike-display-uart-indicator-for-bafang-8fun-mid-hub-drive-motor-electric-bicycle-conversion-kits-p860c-dpc18-500c-dz40-mini\/"},"modified":"2025-05-20T18:19:27","modified_gmt":"2025-05-20T18:19:27","slug":"e-bike-display-uart-indicator-for-bafang-8fun-mid-hub-drive-motor-electric-bicycle-conversion-kits-p860c-dpc18-500c-dz40-mini","status":"publish","type":"product","link":"https:\/\/www.electricstore.eu\/et\/p\/p\/ebike-batteries\/rear-rack-e-bike-batteries\/e-bike-display-uart-indicator-for-bafang-8fun-mid-hub-drive-motor-electric-bicycle-conversion-kits-p860c-dpc18-500c-dz40-mini\/","title":{"rendered":"E-jalgratta ekraan UART indikaator Bafang\/8FUN keskmise rummuga ajamimootori elektrijalgratta konversioonikomplektidele P860C DPC18 500C DZ40 Mini"},"content":{"rendered":"<div class=\"product-specs-list-container\">\n<ul class=\"product-specs-list util-clearfix\">\n<li class=\"product-prop line-limit-length\"><span\n                                        class=\"property-title\">T\u00fc\u00fcp:&nbsp;<\/span><span\n                                        class=\"property-desc line-limit-length\">Ekraan<\/span>\n                            <\/li>\n<li class=\"product-prop line-limit-length\"><span\n                                        class=\"property-title\">Br\u00e4ndi nimi:&nbsp;<\/span><span\n                                        class=\"property-desc line-limit-length\">BAFANG<\/span>\n                            <\/li>\n<li class=\"product-prop line-limit-length\"><span\n                                        class=\"property-title\">P\u00e4ritolu:&nbsp;<\/span><span\n                                        class=\"property-desc line-limit-length\">Mandri-Hiina<\/span>\n                            <\/li>\n<li class=\"product-prop line-limit-length\"><span\n                                        class=\"property-title\">T\u00fc\u00fcp:&nbsp;<\/span><span\n                                        class=\"property-desc line-limit-length\">Elektrijalgratta v\u00e4ljapanek<\/span>\n                            <\/li>\n<li class=\"product-prop line-limit-length\"><span\n                                        class=\"property-title\">Protokoll:&nbsp;<\/span><span\n                                        class=\"property-desc line-limit-length\">For  UART<\/span>\n                            <\/li>\n<li class=\"product-prop line-limit-length\"><span\n                                        class=\"property-title\">PAS:&nbsp;<\/span><span\n                                        class=\"property-desc line-limit-length\">0-3\/0-5\/0-9  Optional<\/span>\n                            <\/li>\n<li class=\"product-prop line-limit-length\"><span\n                                        class=\"property-title\">Screen size:&nbsp;<\/span><span\n                                        class=\"property-desc line-limit-length\">2.4 inches<\/span>\n                            <\/li>\n<li class=\"product-prop line-limit-length\"><span\n                                        class=\"property-title\">Waterproof level:&nbsp;<\/span><span\n                                        class=\"property-desc line-limit-length\">IP67<\/span>\n                            <\/li>\n<li class=\"product-prop line-limit-length\"><span\n                                        class=\"property-title\">Connector type:&nbsp;<\/span><span\n                                        class=\"property-desc line-limit-length\">M5 waterproof plug<\/span>\n                            <\/li>\n<li class=\"product-prop line-limit-length\"><span\n                                        class=\"property-title\">Pinge:&nbsp;<\/span><span\n                                        class=\"property-desc line-limit-length\">12V\/32V\/48V\/60V<\/span>\n                            <\/li>\n<li class=\"product-prop line-limit-length\"><span\n                                        class=\"property-title\">T\u00f6\u00f6temperatuur:&nbsp;<\/span><span\n                                        class=\"property-desc line-limit-length\">-20 \u00b0C to +70 \u00b0C<\/span>\n                            <\/li>\n<li class=\"product-prop line-limit-length\"><span\n                                        class=\"property-title\">USB Charger:&nbsp;<\/span><span\n                                        class=\"property-desc line-limit-length\">Type-C Option<\/span>\n                            <\/li>\n<li class=\"product-prop line-limit-length\"><span\n                                        class=\"property-title\">Garantii:&nbsp;<\/span><span\n                                        class=\"property-desc line-limit-length\">1 aasta<\/span>\n                            <\/li>\n<li class=\"product-prop line-limit-length\"><span\n                                        class=\"property-title\">Tarneaeg:&nbsp;<\/span><span\n                                        class=\"property-desc line-limit-length\">2\u20137 p\u00e4eva<\/span>\n                            <\/li>\n<\/ul><\/div>\n<div class=\"detailmodule_html\">\n<div class=\"detail-desc-decorate-richtext\">\n<div><strong><span style=\"font-size:72px\">Elektrijalgratta v\u00e4ljapanek \u00a0<\/span><\/strong><span style=\"color:rgba(251,158,0,255);font-size:72px\"><strong>UART Protocol<\/strong><\/span><\/div>\n<div>\u00a0<\/div>\n<div>\u00a0<\/div>\n<div><span style=\"font-size:20px\">LCD Display &amp; Computer for Electric Bike : Compatible with BAFANG BBS01 BBS02 BBSHD Mid Drive Motor, 8fun Smart Indicator &amp; Meter Control Panel with Controller for eBike Conversion Kit<\/span><\/div>\n<div>\u00a0<\/div>\n<div><span style=\"color:rgb(251, 158, 0);font-size:48px\"><strong><\/strong><\/span><img decoding=\"async\" src=\"https:\/\/ae01.alicdn.com\/kf\/S5fd33a34efd041ae970eb40c7dc6b4c1w.jpg\" slate-data-type=\"image\"\/><span style=\"color:rgb(251, 158, 0);font-size:48px\"><strong><\/strong><\/span><\/div>\n<div><span style=\"color:rgb(77, 77, 77);font-size:72px\"><span style=\"color:rgb(251, 158, 0);font-size:72px\"><strong>Selle \u00fcksuse kohta<\/strong><\/span><\/span><\/div>\n<div>\u00a0<\/div>\n<div><span style=\"font-size:22px\">[ WIDE COMPATIBILITY ] The display fits for BAFNAG motor BBS01 BBS02 BBSHD that is with UART protocol<\/span><\/div>\n<div>\u00a0<\/div>\n<div><span style=\"font-size:22px\">[VERSATILE LCD DISPLAY ] Avg speed , max speed , real-time speed , battery power indicator , riding time &amp; clock can be showed on the LCD screen . You can also set the display as you need<\/span><\/div>\n<div>\u00a0<\/div>\n<div><span style=\"font-size:22px\">[ EASY TO USE ] It only takes you sevral senconds to install the display and the information on the screen is very legible . Easy to read , simple to operate . If you are not sure some details setting about the <br \/>display , please email us and we will help you fix the problem<\/span><\/div>\n<div>\u00a0<\/div>\n<div><span style=\"font-size:22px\">[ CLEAR INDICATOR ] You can easily and quickly find the important information on the clear LCD screen of BAFANG HMI display . There is no difficulty even you read the parameter under direct sunlight<\/span><\/div>\n<div>\u00a0<\/div>\n<div>\u00a0<\/div>\n<div>\u00a0<\/div>\n<div><span style=\"color:rgb(251, 158, 0);font-size:48px\"><strong>Warm<\/strong><\/span><strong><span style=\"font-size:48px\"> Tips:<\/span><\/strong><\/div>\n<div>\u00a0<\/div>\n<div><span style=\"font-size:22px\">1. All displays in our store are only compatible with Bafang Motor (UART <br \/>Protocol) and their connectors are 5PIN Female. (* Before purchasing, <br \/>please confirm that your motor brand, motor model, motor communication <br \/>protocol and the line sequence of the display connector on the motor are<br \/> consistent with our displays.)<\/span><\/div>\n<div><span style=\"font-size:22px\">2. Please turn the power off before you connect or disconnect displays.<\/span><\/div>\n<div><span style=\"font-size:22px\">3.There is a protective film on the screen to prevent the screen from <br \/>being scratched during transportation. You can tear off the protective <br \/>film when using it.<\/span><\/div>\n<div><span style=\"font-size:22px\">4. Avoid collisions.<\/span><\/div>\n<div><span style=\"font-size:22px\">5. If unfortunately the display doesn&#x27;t work, please kindly contact us <br \/>first. Please don&#x27;t take the display apart or reset its parameters.<\/span><\/div>\n<div><span style=\"font-size:22px\">6. Please do not use the display in the rain for a long time or rinse it directly with water.<\/span><\/div>\n<div>\u00a0<\/div>\n<div>\u00a0<\/div>\n<div><img decoding=\"async\" src=\"https:\/\/ae01.alicdn.com\/kf\/S1137c29ea37a4b57beeb67b1928a30c1g.jpg\" slate-data-type=\"image\"\/><img decoding=\"async\" src=\"https:\/\/ae01.alicdn.com\/kf\/Acd939564532441dea03ff6d3610c7ff2c.jpg\" slate-data-type=\"image\"\/><img decoding=\"async\" src=\"https:\/\/ae01.alicdn.com\/kf\/S179177a608c045eb9e2ecb0d8c9a5c7dk.jpg\" slate-data-type=\"image\"\/><img decoding=\"async\" src=\"https:\/\/ae01.alicdn.com\/kf\/S7269c53015ea48629ea80390fabf765aO.jpg\" slate-data-type=\"image\"\/><img decoding=\"async\" src=\"https:\/\/ae01.alicdn.com\/kf\/S3c8bc40f6d504755b37c354289e58d09k.jpg\" slate-data-type=\"image\"\/><img decoding=\"async\" src=\"https:\/\/ae01.alicdn.com\/kf\/Sa1ac6440f3054b6d88f7f4c6246d1a07y.jpg\" slate-data-type=\"image\"\/><\/div>\n<div><img decoding=\"async\" src=\"https:\/\/ae01.alicdn.com\/kf\/Sc393573908d64afaa4a8426e974c878bf.jpg\" slate-data-type=\"image\"\/><img decoding=\"async\" src=\"https:\/\/ae01.alicdn.com\/kf\/S88c62b5ea2d8472094b330a0bfb80d92x.jpg\" slate-data-type=\"image\"\/><\/div>\n<p><img decoding=\"async\" src=\"https:\/\/ae01.alicdn.com\/kf\/S5f489d0ca2ac4825aa1dba268c42f2f5K.jpg\" slate-data-type=\"image\"\/><\/p>\n<\/div>\n<\/div>\n<div class=\"detailmodule_dynamic\"><img decoding=\"async\" src=\"https:\/\/ae01.alicdn.com\/kf\/S2c34a79983d64196b1722032a6e49ce3d.jpg\" slate-data-type=\"image\"\/><span style=\"font-size:24px\"><br \/><\/span><\/div>\n<p><span style=\"font-size:20px\"><br \/><\/span><\/p>\n<p><\/p>\n<div style=\"font-family:&quot;TT Norms Pro&quot;, &quot;Open Sans&quot;, Roboto, Arial, Helvetica, sans-serif, SimSun;font-size:14px;font-weight:400;letter-spacing:normal;text-align:start;white-space:normal;color:rgb(34, 34, 34);background-color:rgb(255, 255, 255);margin:0px;margin-bottom:0px;margin-top:0px;margin-left:0px;margin-right:0px;padding:0px;padding-bottom:0px;padding-top:0px;padding-left:0px;padding-right:0px;box-sizing:content-box\" align=\"start\">\n<div style=\"margin:0px;margin-bottom:0px;margin-top:0px;margin-left:0px;margin-right:0px;padding:0px;padding-bottom:0px;padding-top:0px;padding-left:0px;padding-right:0px;box-sizing:content-box\">\n<div style=\"margin:0px;margin-bottom:0px;margin-top:0px;margin-left:0px;margin-right:0px;padding:0px;padding-bottom:0px;padding-top:0px;padding-left:0px;padding-right:0px;box-sizing:content-box\">\n<div style=\"margin:0px;margin-bottom:0px;margin-top:0px;margin-left:0px;margin-right:0px;padding:0px;padding-bottom:0px;padding-top:0px;padding-left:0px;padding-right:0px;box-sizing:content-box\">\n<div style=\"margin:0px;margin-bottom:0px;margin-top:0px;margin-left:0px;margin-right:0px;padding:0px;padding-bottom:0px;padding-top:0px;padding-left:0px;padding-right:0px;box-sizing:content-box\">\n<div style=\"margin:0px;margin-bottom:0px;margin-top:0px;margin-left:0px;margin-right:0px;padding:0px;padding-bottom:0px;padding-top:0px;padding-left:0px;padding-right:0px;box-sizing:content-box\">\n<div style=\"margin:0px;margin-bottom:0px;margin-top:0px;margin-left:0px;margin-right:0px;padding:0px;padding-bottom:0px;padding-top:0px;padding-left:0px;padding-right:0px;box-sizing:content-box\">\n<div style=\"margin:0px;margin-bottom:0px;margin-top:0px;margin-left:0px;margin-right:0px;padding:0px;padding-bottom:0px;padding-top:0px;padding-left:0px;padding-right:0px;box-sizing:content-box\">\n<div style=\"margin:0px;margin-bottom:0px;margin-top:0px;margin-left:0px;margin-right:0px;padding:0px;padding-bottom:0px;padding-top:0px;padding-left:0px;padding-right:0px;box-sizing:content-box\">\n<div style=\"margin:0px;margin-bottom:0px;margin-top:0px;margin-left:0px;margin-right:0px;padding:0px;padding-bottom:0px;padding-top:0px;padding-left:0px;padding-right:0px;box-sizing:content-box\">\n<p style=\"line-height:inherit;margin:0px;margin-bottom:0px;margin-top:0px;margin-left:0px;margin-right:0px;padding:0px;padding-bottom:0px;padding-top:0px;padding-left:0px;padding-right:0px;box-sizing:border-box\"><img decoding=\"async\" style=\"border:0px;margin:0px;margin-bottom:0px;margin-top:0px;margin-left:0px;margin-right:0px;padding:0px;padding-bottom:0px;padding-top:0px;padding-left:0px;padding-right:0px;max-width:100%;box-sizing:border-box\" src=\"https:\/\/ae01.alicdn.com\/kf\/S7fbef954f932475887f040aa999ee5afO.jpg\" slate-data-type=\"image\"\/><\/p>\n<\/div>\n<\/div>\n<\/div>\n<\/div>\n<\/div>\n<\/div>\n<\/div>\n<\/div>\n<\/div>\n<\/div>\n<div style=\"font-family:&quot;TT Norms Pro&quot;, &quot;Open Sans&quot;, Roboto, Arial, Helvetica, sans-serif, SimSun;font-size:14px;font-weight:400;letter-spacing:normal;text-align:start;white-space:normal;color:rgb(34, 34, 34);background-color:rgb(255, 255, 255);margin:0px;margin-bottom:0px;margin-top:0px;margin-left:0px;margin-right:0px;padding:0px;padding-bottom:0px;padding-top:0px;padding-left:0px;padding-right:0px;box-sizing:content-box\" align=\"start\">\n<p style=\"line-height:inherit;margin:0px;margin-bottom:0px;margin-top:0px;margin-left:0px;margin-right:0px;padding:0px;padding-bottom:0px;padding-top:0px;padding-left:0px;padding-right:0px;box-sizing:border-box\"><\/p>\n<p style=\"line-height:inherit;margin:0px;margin-bottom:0px;margin-top:0px;margin-left:0px;margin-right:0px;padding:0px;padding-bottom:0px;padding-top:0px;padding-left:0px;padding-right:0px;box-sizing:border-box\"><span style=\"color:rgb(77, 77, 77);font-size:72px\"><strong>MEIST<\/strong><\/span><span style=\"color:rgb(251, 158, 0);font-size:72px\"><span style=\"font-size:72px\"><strong> BAFANG<\/strong><\/span><\/span><\/p>\n<div style=\"margin:0px;margin-bottom:0px;margin-top:0px;margin-left:0px;margin-right:0px;padding:0px;padding-bottom:0px;padding-top:0px;padding-left:0px;padding-right:0px;box-sizing:content-box\"><\/div>\n<p style=\"line-height:inherit;margin:0px;margin-bottom:0px;margin-top:0px;margin-left:0px;margin-right:0px;padding:0px;padding-bottom:0px;padding-top:0px;padding-left:0px;padding-right:0px;box-sizing:border-box\"><span style=\"font-size:20px\">Bafang, \u00fcks juhtivaid e-mobiilsuse komponentide ja t\u00e4ielike e-ajamis\u00fcsteemide tootjaid, on arendanud lahendusi elektriautodele alates 2003. aastast. Ettev\u00f5te keskendub k\u00f5ikidele globaalsetele e-mobiilsuse tulevikutrendidele: olgu selleks siis individuaalsed e-jalgrattad, e-t\u00f5ukerattad v\u00f5i avalikud jalgrattajagamiss\u00fcsteemid. Peakontor, arendus- ja tootmiskeskus asub Suzhous Shanghai l\u00e4hedal. Bafangil on m\u00fc\u00fcgi- ja teeninduskeskused Hollandis, USAs, Saksamaal, Prantsusmaal, Itaalias, Taanis ja Taiwanis Hiinas. \u00c4sja avatud tehas Poolas keskendub keskmootoris\u00fcsteemide tootmisele Euroopa turgudele.<\/span><\/p>\n<div style=\"margin:0px;margin-bottom:0px;margin-top:0px;margin-left:0px;margin-right:0px;padding:0px;padding-bottom:0px;padding-top:0px;padding-left:0px;padding-right:0px;box-sizing:content-box\"><span style=\"font-size:20px\"><br \/><\/span><\/div>\n<p style=\"line-height:inherit;margin:0px;margin-bottom:0px;margin-top:0px;margin-left:0px;margin-right:0px;padding:0px;padding-bottom:0px;padding-top:0px;padding-left:0px;padding-right:0px;box-sizing:border-box\"><span style=\"font-size:20px\">Olles teinud BAFANGiga aastaid koost\u00f6\u00f6d, on Greenergy, BAFANGi ametlik volitatud m\u00fc\u00fcja Aliexpressis, professionaalne pood, mis on spetsialiseerunud BAFANGi keskk\u00e4igukastidele ja elektrijalgratastele. Greenergy on p\u00fchendunud klientidele kvaliteetsete toodete pakkumisele.<\/span><\/p>\n<div style=\"margin:0px;margin-bottom:0px;margin-top:0px;margin-left:0px;margin-right:0px;padding:0px;padding-bottom:0px;padding-top:0px;padding-left:0px;padding-right:0px;box-sizing:content-box\"><\/div>\n<p style=\"line-height:inherit;margin:0px;margin-bottom:0px;margin-top:0px;margin-left:0px;margin-right:0px;padding:0px;padding-bottom:0px;padding-top:0px;padding-left:0px;padding-right:0px;box-sizing:border-box\"><img decoding=\"async\" style=\"border:0px;margin:0px;margin-bottom:0px;margin-top:0px;margin-left:0px;margin-right:0px;padding:0px;padding-bottom:0px;padding-top:0px;padding-left:0px;padding-right:0px;max-width:100%;box-sizing:border-box\" src=\"https:\/\/ae01.alicdn.com\/kf\/Sfa9d585f695f475ba7d17a76979a19ddQ.jpg\" slate-data-type=\"image\"\/><\/p>\n<div style=\"margin:0px;margin-bottom:0px;margin-top:0px;margin-left:0px;margin-right:0px;padding:0px;padding-bottom:0px;padding-top:0px;padding-left:0px;padding-right:0px;box-sizing:content-box\"><\/div>\n<p style=\"line-height:inherit;margin:0px;margin-bottom:0px;margin-top:0px;margin-left:0px;margin-right:0px;padding:0px;padding-bottom:0px;padding-top:0px;padding-left:0px;padding-right:0px;box-sizing:border-box\"><img decoding=\"async\" style=\"border:0px;margin:0px;margin-bottom:0px;margin-top:0px;margin-left:0px;margin-right:0px;padding:0px;padding-bottom:0px;padding-top:0px;padding-left:0px;padding-right:0px;max-width:100%;box-sizing:border-box\" src=\"https:\/\/ae01.alicdn.com\/kf\/S9737d158e3194c9c9093cd1720bbdfc0V.jpg\" slate-data-type=\"image\"\/><\/p>\n<p style=\"line-height:inherit;margin:0px;margin-bottom:0px;margin-top:0px;margin-left:0px;margin-right:0px;padding:0px;padding-bottom:0px;padding-top:0px;padding-left:0px;padding-right:0px;box-sizing:border-box\"><\/p>\n<div style=\"margin:0px;margin-bottom:0px;margin-top:0px;margin-left:0px;margin-right:0px;padding:0px;padding-bottom:0px;padding-top:0px;padding-left:0px;padding-right:0px;box-sizing:content-box\">\n<div style=\"margin:0px;margin-bottom:0px;margin-top:0px;margin-left:0px;margin-right:0px;padding:0px;padding-bottom:0px;padding-top:0px;padding-left:0px;padding-right:0px;box-sizing:content-box\">\n<div style=\"margin:0px;margin-bottom:0px;margin-top:0px;margin-left:0px;margin-right:0px;padding:0px;padding-bottom:0px;padding-top:0px;padding-left:0px;padding-right:0px;box-sizing:content-box\">\n<div style=\"margin:0px;margin-bottom:0px;margin-top:0px;margin-left:0px;margin-right:0px;padding:0px;padding-bottom:0px;padding-top:0px;padding-left:0px;padding-right:0px;box-sizing:content-box\">\n<div style=\"margin:0px;margin-bottom:0px;margin-top:0px;margin-left:0px;margin-right:0px;padding:0px;padding-bottom:0px;padding-top:0px;padding-left:0px;padding-right:0px;box-sizing:content-box\">\n<div style=\"margin:0px;margin-bottom:0px;margin-top:0px;margin-left:0px;margin-right:0px;padding:0px;padding-bottom:0px;padding-top:0px;padding-left:0px;padding-right:0px;box-sizing:content-box\">\n<div style=\"margin:0px;margin-bottom:0px;margin-top:0px;margin-left:0px;margin-right:0px;padding:0px;padding-bottom:0px;padding-top:0px;padding-left:0px;padding-right:0px;box-sizing:content-box\">\n<div style=\"margin:0px;margin-bottom:0px;margin-top:0px;margin-left:0px;margin-right:0px;padding:0px;padding-bottom:0px;padding-top:0px;padding-left:0px;padding-right:0px;box-sizing:content-box\">\n<div style=\"margin:0px;margin-bottom:0px;margin-top:0px;margin-left:0px;margin-right:0px;padding:0px;padding-bottom:0px;padding-top:0px;padding-left:0px;padding-right:0px;box-sizing:content-box\">\n<div style=\"margin:0px;margin-bottom:0px;margin-top:0px;margin-left:0px;margin-right:0px;padding:0px;padding-bottom:0px;padding-top:0px;padding-left:0px;padding-right:0px;box-sizing:content-box\">\n<div style=\"margin:0px;margin-bottom:0px;margin-top:0px;margin-left:0px;margin-right:0px;padding:0px;padding-bottom:0px;padding-top:0px;padding-left:0px;padding-right:0px;box-sizing:content-box\"><\/div>\n<p style=\"line-height:inherit;margin:0px;margin-bottom:0px;margin-top:0px;margin-left:0px;margin-right:0px;padding:0px;padding-bottom:0px;padding-top:0px;padding-left:0px;padding-right:0px;box-sizing:border-box\"><span style=\"color:rgb(251, 158, 0);font-size:48px\"><strong>GLOBAALNE \u00a0<\/strong><\/span><span style=\"font-size:48px\"><strong>LADU JA TEENINDUS<\/strong><\/span><\/p>\n<div style=\"margin:0px;margin-bottom:0px;margin-top:0px;margin-left:0px;margin-right:0px;padding:0px;padding-bottom:0px;padding-top:0px;padding-left:0px;padding-right:0px;box-sizing:content-box\"><span style=\"font-size:22px\"><br \/>Meil on Prantsusmaa\/Poolas\/Saksamaal\/Hispaanias\/Itaalias ladu v\u00f5i remondipunkt, v\u00f5ite oma pakid k\u00e4tte saada umbes 2-7 p\u00e4eva jooksul. K\u00d5IKIDELE toodetele kehtib \u00fcheaastane garantii ja 24-tunnine klienditeenindus. Meil on professionaalsed tehnikud EL-is, kes saavad teile pakkuda.<br \/>tehnilist tuge ja abi probleemide lahendamisel<\/span><\/div>\n<\/div>\n<\/div>\n<\/div>\n<\/div>\n<\/div>\n<\/div>\n<\/div>\n<\/div>\n<\/div>\n<\/div>\n<div style=\"margin:0px;margin-bottom:0px;margin-top:0px;margin-left:0px;margin-right:0px;padding:0px;padding-bottom:0px;padding-top:0px;padding-left:0px;padding-right:0px;box-sizing:content-box\"><\/div>\n<p style=\"line-height:inherit;margin:0px;margin-bottom:0px;margin-top:0px;margin-left:0px;margin-right:0px;padding:0px;padding-bottom:0px;padding-top:0px;padding-left:0px;padding-right:0px;box-sizing:border-box\"><img decoding=\"async\" style=\"border:0px;margin:0px;margin-bottom:0px;margin-top:0px;margin-left:0px;margin-right:0px;padding:0px;padding-bottom:0px;padding-top:0px;padding-left:0px;padding-right:0px;max-width:100%;box-sizing:border-box\" src=\"https:\/\/ae01.alicdn.com\/kf\/Sf1733e188e5c404f978d407a1a5241bbM.jpg\" slate-data-type=\"image\"\/><img decoding=\"async\" style=\"border:0px;margin:0px;margin-bottom:0px;margin-top:0px;margin-left:0px;margin-right:0px;padding:0px;padding-bottom:0px;padding-top:0px;padding-left:0px;padding-right:0px;max-width:100%;box-sizing:border-box\" src=\"https:\/\/ae01.alicdn.com\/kf\/S22820572228c4ca0b3209b857cb92ee9Q.jpg\" slate-data-type=\"image\"\/><\/p>\n<\/div>\n<p><\/p>\n<p><\/p>","protected":false},"excerpt":{"rendered":"<p>Type:&nbsp;Display Brand Name:&nbsp;BAFANG Origin:&nbsp;Mainland China Type:&nbsp;Ebike Display Protocol:&nbsp;For UART PAS:&nbsp;0-3\/0-5\/0-9 Optional Screen size:&nbsp;2.4 inches Waterproof level:&nbsp;IP67 Connector type:&nbsp;M5 waterproof plug Voltage:&nbsp;12V\/32V\/48V\/60V Operating temperature:&nbsp;-20 \u00b0C to +70 \u00b0C USB Charger:&nbsp;Type-C Option<\/p>","protected":false},"featured_media":0,"comment_status":"open","ping_status":"closed","template":"","meta":{"_acf_changed":false},"product_brand":[],"product_cat":[534],"product_tag":[],"class_list":{"0":"post-21512","1":"product","2":"type-product","3":"status-publish","5":"product_cat-rear-rack-e-bike-batteries","7":"first","8":"instock","9":"shipping-taxable","10":"purchasable","11":"product-type-variable"},"acf":[],"_links":{"self":[{"href":"https:\/\/www.electricstore.eu\/et\/wp-json\/wp\/v2\/product\/21512","targetHints":{"allow":["GET"]}}],"collection":[{"href":"https:\/\/www.electricstore.eu\/et\/wp-json\/wp\/v2\/product"}],"about":[{"href":"https:\/\/www.electricstore.eu\/et\/wp-json\/wp\/v2\/types\/product"}],"replies":[{"embeddable":true,"href":"https:\/\/www.electricstore.eu\/et\/wp-json\/wp\/v2\/comments?post=21512"}],"wp:attachment":[{"href":"https:\/\/www.electricstore.eu\/et\/wp-json\/wp\/v2\/media?parent=21512"}],"wp:term":[{"taxonomy":"product_brand","embeddable":true,"href":"https:\/\/www.electricstore.eu\/et\/wp-json\/wp\/v2\/product_brand?post=21512"},{"taxonomy":"product_cat","embeddable":true,"href":"https:\/\/www.electricstore.eu\/et\/wp-json\/wp\/v2\/product_cat?post=21512"},{"taxonomy":"product_tag","embeddable":true,"href":"https:\/\/www.electricstore.eu\/et\/wp-json\/wp\/v2\/product_tag?post=21512"}],"curies":[{"name":"wp","href":"https:\/\/api.w.org\/{rel}","templated":true}]}}