{"id":2183,"date":"2016-02-28T08:28:22","date_gmt":"2016-02-28T08:28:22","guid":{"rendered":"https:\/\/electro.madrasthemes.com\/?page_id=2183"},"modified":"2016-02-28T08:28:22","modified_gmt":"2016-02-28T08:28:22","slug":"terms-and-conditions","status":"publish","type":"page","link":"https:\/\/www.electricstore.eu\/et\/terms-and-conditions\/","title":{"rendered":"Terms and Conditions"},"content":{"rendered":"<section class=\"section inner-bottom-xs\">\n<h2>Intellektuaalomand<\/h2>\n<ol>\n<li>Lorem ipsum dolor sit amet, consectetur adipiscing eliit. Etiam quis diam erat. Duis velit lectus, posuere a blandit sit amet, tempor ja lorem. Donec ultricies, lorem sed ultrices interdum.<\/li>\n<li>Leo metus luctus sem, vel vulputate diam ipsum sed lorem. Donec tempor arcu nisl, et molestie massa scelerisque ut. Nunc ja rutrum leo. Mauris metus mauris, tristique quis sapien eu, rutrum vulputate enim.<\/li>\n<li>Mauris tempus erat laoreet turpis lobortis, eu tincidunt erat fermentum.<\/li>\n<li>Aliquam non tincidunt urna. T\u00e4isarv tincidunt nisl vitae ullamcorper. Proin sed haavandid erat. Praesent varius ultrices massa at faucibus.<\/li>\n<li>Aenean dignissim, orci sed faucibus pharetra, dui mi dignissim tortor, sit amet condimentum mi ligula sit amet augue.<\/li>\n<li>Pellentesque vitae eros eget enim mollis placerat.<\/li>\n<\/ol>\n<\/section>\n<section class=\"section inner-bottom-xs\">\n<h2>L\u00f5petamine<\/h2>\n<ol>\n<li>Lorem ipsum dolor sit amet, consectetur adipiscing eliit. Etiam quis diam erat. Duis velit lectus, posuere a blandit sit amet, tempor ja lorem. Donec ultricies, lorem sed ultrices interdum.<\/li>\n<li>Leo metus luctus sem, vel vulputate diam ipsum sed lorem. Donec tempor arcu nisl, et molestie massa scelerisque ut. Nunc ja rutrum leo. Mauris metus mauris, tristique quis sapien eu, rutrum vulputate enim.<\/li>\n<li>Mauris tempus erat laoreet turpis lobortis, eu tincidunt erat fermentum.<\/li>\n<li>Aliquam non tincidunt urna. T\u00e4isarv tincidunt nisl vitae ullamcorper. Proin sed haavandid erat. Praesent varius ultrices massa at faucibus.<\/li>\n<li>Aenean dignissim, orci sed faucibus pharetra, dui mi dignissim tortor, sit amet condimentum mi ligula sit amet augue.<\/li>\n<li>Pellentesque vitae eros eget enim mollis placerat.<\/li>\n<\/ol>\n<\/section>\n<section class=\"section inner-bottom-xs\">\n<h2>K\u00e4esoleva lepingu muudatused<\/h2>\n<p>J\u00e4tame endale \u00f5iguse oma \u00e4ran\u00e4gemisel neid tingimusi muuta v\u00f5i asendada, postitades uuendatud tingimused saidile. Saidi edasine kasutamine p\u00e4rast selliste muudatuste j\u00f5ustumist t\u00e4hendab uute tingimustega n\u00f5ustumist.<\/p>\n<\/section>\n<section class=\"section intellectual-property\">\n<h2>V\u00f5ta meiega \u00fchendust<\/h2>\n<p>Kui teil on selle lepingu kohta k\u00fcsimusi, v\u00f5tke meiega \u00fchendust, t\u00e4ites selle <a href=\"#\"><strong>kontaktvorm<\/strong><\/a><\/p>\n<\/section>","protected":false},"excerpt":{"rendered":"<p>Intellectual Propertly Lorem ipsum dolor sit amet, consectetur adipiscing elit. Etiam quis diam erat. Duis velit lectus, posuere a blandit sit amet, tempor at lorem. Donec ultricies, lorem sed ultrices<\/p>","protected":false},"author":1,"featured_media":0,"parent":0,"menu_order":0,"comment_status":"closed","ping_status":"closed","template":"","meta":{"_acf_changed":false,"footnotes":""},"class_list":["post-2183","page","type-page","status-publish","hentry"],"acf":[],"_links":{"self":[{"href":"https:\/\/www.electricstore.eu\/et\/wp-json\/wp\/v2\/pages\/2183","targetHints":{"allow":["GET"]}}],"collection":[{"href":"https:\/\/www.electricstore.eu\/et\/wp-json\/wp\/v2\/pages"}],"about":[{"href":"https:\/\/www.electricstore.eu\/et\/wp-json\/wp\/v2\/types\/page"}],"author":[{"embeddable":true,"href":"https:\/\/www.electricstore.eu\/et\/wp-json\/wp\/v2\/users\/1"}],"replies":[{"embeddable":true,"href":"https:\/\/www.electricstore.eu\/et\/wp-json\/wp\/v2\/comments?post=2183"}],"version-history":[{"count":0,"href":"https:\/\/www.electricstore.eu\/et\/wp-json\/wp\/v2\/pages\/2183\/revisions"}],"wp:attachment":[{"href":"https:\/\/www.electricstore.eu\/et\/wp-json\/wp\/v2\/media?parent=2183"}],"curies":[{"name":"wp","href":"https:\/\/api.w.org\/{rel}","templated":true}]}}