{"id":8887,"date":"2025-05-19T21:19:40","date_gmt":"2025-05-19T21:19:40","guid":{"rendered":"https:\/\/electricstore.eu\/product\/uncategorized\/engwe-mapfour-n1-air-st-250w-36v-10ah-100km-25km-h-carbon-fiber-city-ebike\/"},"modified":"2025-05-21T05:41:20","modified_gmt":"2025-05-21T05:41:20","slug":"engwe-mapfour-n1-air-st-250w-36v-10ah-100km-25km-h-carbon-fiber-city-ebike","status":"publish","type":"product","link":"https:\/\/www.electricstore.eu\/de\/p\/bikes\/electric-city-bikes\/engwe-mapfour-n1-air-st-250w-36v-10ah-100km-25km-h-carbon-fiber-city-ebike\/","title":{"rendered":"ENGWE MAPFOUR N1 AIR ST 250W 36V 10Ah 25km\/h 100km 20\u2033 City Elektrofahrrad"},"content":{"rendered":"<div class=\"product-specs-list-container\">\n<ul class=\"product-specs-list util-clearfix\">\n<li class=\"product-prop line-limit-length\"><span\n                                        class=\"property-title\">Modellnummer:&nbsp;<\/span><span\n                                        class=\"property-desc line-limit-length\">ENGWE MAPFOUR N1 AIR ST<\/span>\n                            <\/li>\n<li class=\"product-prop line-limit-length\"><span\n                                        class=\"property-title\">Bewertete Passagierkapazit\u00e4t:&nbsp;<\/span><span\n                                        class=\"property-desc line-limit-length\">Ein Sitz<\/span>\n                            <\/li>\n<li class=\"product-prop line-limit-length\"><span\n                                        class=\"property-title\">Stil:&nbsp;<\/span><span\n                                        class=\"property-desc line-limit-length\">Luxustyp<\/span>\n                            <\/li>\n<li class=\"product-prop line-limit-length\"><span\n                                        class=\"property-title\">H\u00f6chstgeschwindigkeit:&nbsp;<\/span><span\n                                        class=\"property-desc line-limit-length\">&lt;25km\/h<\/span>\n                            <\/li>\n<li class=\"product-prop line-limit-length\"><span\n                                        class=\"property-title\">Reichweite pro Leistung:&nbsp;<\/span><span\n                                        class=\"property-desc line-limit-length\">&gt; 60 km<\/span>\n                            <\/li>\n<li class=\"product-prop line-limit-length\"><span\n                                        class=\"property-title\">Leistung:&nbsp;<\/span><span\n                                        class=\"property-desc line-limit-length\">200 \u2013 250 W<\/span>\n                            <\/li>\n<li class=\"product-prop line-limit-length\"><span\n                                        class=\"property-title\">Stromversorgung:&nbsp;<\/span><span\n                                        class=\"property-desc line-limit-length\">Lithiumbatterie<\/span>\n                            <\/li>\n<li class=\"product-prop line-limit-length\"><span\n                                        class=\"property-title\">Stromspannung:&nbsp;<\/span><span\n                                        class=\"property-desc line-limit-length\">48 V<\/span>\n                            <\/li>\n<li class=\"product-prop line-limit-length\"><span\n                                        class=\"property-title\">Herkunft:&nbsp;<\/span><span\n                                        class=\"property-desc line-limit-length\">Festlandchina<\/span>\n                            <\/li>\n<li class=\"product-prop line-limit-length\"><span\n                                        class=\"property-title\">Motor:&nbsp;<\/span><span\n                                        class=\"property-desc line-limit-length\">B\u00fcrstenlos<\/span>\n                            <\/li>\n<li class=\"product-prop line-limit-length\"><span\n                                        class=\"property-title\">Radgr\u00f6\u00dfe:&nbsp;<\/span><span\n                                        class=\"property-desc line-limit-length\">20\u201c<\/span>\n                            <\/li>\n<li class=\"product-prop line-limit-length\"><span\n                                        class=\"property-title\">Rahmenmaterial:&nbsp;<\/span><span\n                                        class=\"property-desc line-limit-length\">Kohlefaser<\/span>\n                            <\/li>\n<\/ul><\/div>\n<p><span style=\"color:rgb(244, 78, 59)\"><u>Lieber Freund,<\/u><\/span><\/p>\n<h3 style=\"font-family:&quot;TT Norms Pro&quot;, &quot;Open Sans&quot;, Roboto, Arial, Helvetica, sans-serif, SimSun;letter-spacing:normal;text-align:start;white-space:normal;color:rgb(34, 34, 34);box-sizing:border-box\" align=\"start\"><span style=\"color:rgb(244, 78, 59)\"><u>Wir verf\u00fcgen in Polen \u00fcber ein professionelles Reparaturteam und einen Offline-Kundendienst.<\/u><\/span><\/h3>\n<h3 style=\"font-family:&quot;TT Norms Pro&quot;, &quot;Open Sans&quot;, Roboto, Arial, Helvetica, sans-serif, SimSun;letter-spacing:normal;text-align:start;white-space:normal;color:rgb(34, 34, 34);box-sizing:border-box\" align=\"start\"><span style=\"color:rgb(244, 78, 59)\"><u>Das gekaufte Elektrofahrrad wird aus Polen verschickt, wof\u00fcr wir eine Rechnung ausstellen k\u00f6nnen. Bei Fragen kontaktieren Sie uns bitte.<\/u><\/span><\/h3>\n<p style=\"font-family:&quot;TT Norms Pro&quot;, &quot;Open Sans&quot;, Roboto, Arial, Helvetica, sans-serif, SimSun;font-size:14px;font-weight:400;letter-spacing:normal;line-height:inherit;text-align:start;white-space:normal;color:rgb(34, 34, 34);margin:0px;margin-bottom:0px;margin-top:0px;margin-left:0px;margin-right:0px;padding:0px;padding-bottom:0px;padding-top:0px;padding-left:0px;padding-right:0px;box-sizing:border-box\" align=\"start\"><\/p>\n<h2 style=\"font-family:&quot;TT Norms Pro&quot;, &quot;Open Sans&quot;, Roboto, Arial, Helvetica, sans-serif, SimSun;letter-spacing:normal;text-align:start;white-space:normal;color:rgb(34, 34, 34);box-sizing:border-box\" align=\"start\"><\/h2>\n<h1 style=\"text-align:center\" align=\"center\"><strong>ENGWE MAPFOUR N1 AIR ST Electric Bike for Women With Torque Sensor 250W 36V 10Ah Battery 100km 25km\/h Carbon Fiber City Ebike <\/strong><\/h1>\n<div style=\"text-align:center\" align=\"center\"><\/div>\n<p style=\"font-family:Poppins, sans-serif;font-size:13px;font-weight:500;letter-spacing:0.65px;line-height:inherit;text-align:start;white-space:normal;color:rgb(83, 81, 81);margin:0px 0px 25px;margin-bottom:25px;margin-top:0px;margin-left:0px;margin-right:0px;padding:0px;padding-bottom:0px;padding-top:0px;padding-left:0px;padding-right:0px;box-sizing:border-box\" align=\"start\"><strong>250W Powerful Motor ( Top Speed 25km\/h )<\/strong><\/p>\n<p style=\"font-family:Poppins, sans-serif;font-size:13px;font-weight:500;letter-spacing:0.65px;line-height:inherit;text-align:start;white-space:normal;color:rgb(83, 81, 81);margin:0px 0px 25px;margin-bottom:25px;margin-top:0px;margin-left:0px;margin-right:0px;padding:0px;padding-bottom:0px;padding-top:0px;padding-left:0px;padding-right:0px;box-sizing:border-box\" align=\"start\">The N1 AIR electric bike is equipped with a 250W high-efficiency motor, which not only provides strong power, but also has a torque of up to 40N.m, allowing you to easily control various terrains.<\/p>\n<p style=\"font-family:Poppins, sans-serif;font-size:13px;font-weight:500;letter-spacing:0.65px;line-height:inherit;text-align:start;white-space:normal;color:rgb(83, 81, 81);margin:0px 0px 25px;margin-bottom:25px;margin-top:0px;margin-left:0px;margin-right:0px;padding:0px;padding-bottom:0px;padding-top:0px;padding-left:0px;padding-right:0px;box-sizing:border-box\" align=\"start\"><strong>Removable battery 36V 10Ah(360Wh)<\/strong><\/p>\n<p style=\"font-family:Poppins, sans-serif;font-size:13px;font-weight:500;letter-spacing:0.65px;line-height:inherit;text-align:start;white-space:normal;color:rgb(83, 81, 81);margin:0px 0px 25px;margin-bottom:25px;margin-top:0px;margin-left:0px;margin-right:0px;padding:0px;padding-bottom:0px;padding-top:0px;padding-left:0px;padding-right:0px;box-sizing:border-box\" align=\"start\">Portable and anti-theft\uff0cwhich can travel 100 kilometers on a single charge in ASSIST mode. (Specific data is affected by load, temperature, road conditions, etc.)<\/p>\n<p style=\"font-family:Poppins, sans-serif;font-size:13px;font-weight:500;letter-spacing:0.65px;line-height:inherit;text-align:start;white-space:normal;color:rgb(83, 81, 81);margin:0px 0px 25px;margin-bottom:25px;margin-top:0px;margin-left:0px;margin-right:0px;padding:0px;padding-bottom:0px;padding-top:0px;padding-left:0px;padding-right:0px;box-sizing:border-box\" align=\"start\"><strong>Shimano 7-Gang-Schalthebel<\/strong><\/p>\n<p style=\"font-family:Poppins, sans-serif;font-size:13px;font-weight:500;letter-spacing:0.65px;line-height:inherit;text-align:start;white-space:normal;color:rgb(83, 81, 81);margin:0px 0px 25px;margin-bottom:25px;margin-top:0px;margin-left:0px;margin-right:0px;padding:0px;padding-bottom:0px;padding-top:0px;padding-left:0px;padding-right:0px;box-sizing:border-box\" align=\"start\">Das Shimano 7-Gang-Schaltwerk sorgt f\u00fcr pr\u00e4zises und sanftes Schalten, um sicherzustellen, dass Ihr Antriebsstrang lange reaktionsf\u00e4hig bleibt.<\/p>\n<p style=\"font-family:Poppins, sans-serif;font-size:13px;font-weight:500;letter-spacing:0.65px;line-height:inherit;text-align:start;white-space:normal;color:rgb(83, 81, 81);margin:0px 0px 25px;margin-bottom:25px;margin-top:0px;margin-left:0px;margin-right:0px;padding:0px;padding-bottom:0px;padding-top:0px;padding-left:0px;padding-right:0px;box-sizing:border-box\" align=\"start\"><strong>Drehmomentsensor<\/strong><\/p>\n<p style=\"font-family:Poppins, sans-serif;font-size:13px;font-weight:500;letter-spacing:0.65px;line-height:inherit;text-align:start;white-space:normal;color:rgb(83, 81, 81);margin:0px 0px 25px;margin-bottom:25px;margin-top:0px;margin-left:0px;margin-right:0px;padding:0px;padding-bottom:0px;padding-top:0px;padding-left:0px;padding-right:0px;box-sizing:border-box\" align=\"start\">Hohe Empfindlichkeit und Genauigkeit bei der Erfassung, die statisches und dynamisches Drehmoment erkennen und eine stabile Fahrleistung von Elektrofahrr\u00e4dern ohne Anfahren w\u00e4hrend des Radfahrens gew\u00e4hrleisten kann.<\/p>\n<p style=\"font-family:Poppins, sans-serif;font-size:13px;font-weight:500;letter-spacing:0.65px;line-height:inherit;text-align:start;white-space:normal;color:rgb(83, 81, 81);margin:0px 0px 25px;margin-bottom:25px;margin-top:0px;margin-left:0px;margin-right:0px;padding:0px;padding-bottom:0px;padding-top:0px;padding-left:0px;padding-right:0px;box-sizing:border-box\" align=\"start\"><strong>Ultra Lightweight Carbon<\/strong><\/p>\n<p style=\"font-family:Poppins, sans-serif;font-size:13px;font-weight:500;letter-spacing:0.65px;line-height:inherit;text-align:start;white-space:normal;color:rgb(83, 81, 81);margin:0px 0px 25px;margin-bottom:25px;margin-top:0px;margin-left:0px;margin-right:0px;padding:0px;padding-bottom:0px;padding-top:0px;padding-left:0px;padding-right:0px;box-sizing:border-box\" align=\"start\">Super-light carbon fiber frame, just 1.28 kg, engineered for optimal aerodynamics, delivering a smoother, more stable ride with reduced wind drag<\/p>\n<p style=\"font-family:Poppins, sans-serif;font-size:13px;font-weight:500;letter-spacing:0.65px;line-height:inherit;text-align:start;white-space:normal;color:rgb(83, 81, 81);margin:0px 0px 25px;margin-bottom:25px;margin-top:0px;margin-left:0px;margin-right:0px;padding:0px;padding-bottom:0px;padding-top:0px;padding-left:0px;padding-right:0px;box-sizing:border-box\" align=\"start\"><strong>Anti-theft Protection<\/strong><\/p>\n<p style=\"font-family:Poppins, sans-serif;font-size:13px;font-weight:500;letter-spacing:0.65px;line-height:inherit;text-align:start;white-space:normal;color:rgb(83, 81, 81);margin:0px 0px 25px;margin-bottom:25px;margin-top:0px;margin-left:0px;margin-right:0px;padding:0px;padding-bottom:0px;padding-top:0px;padding-left:0px;padding-right:0px;box-sizing:border-box\" align=\"start\"><span>Protect your ride with smart technology that senses threats and keeps your bike traceable, ensuring your urban commute stays worry-free and secure.<\/span><\/p>\n<p style=\"font-family:&quot;PT Sans&quot;, sans-serif;font-size:17px;font-weight:400;letter-spacing:normal;line-height:inherit;text-align:start;white-space:normal;color:rgb(45, 55, 72);background-color:rgb(255, 255, 255);margin:0px;margin-bottom:0px;margin-top:0px;margin-left:0px;margin-right:0px;padding:0px;padding-bottom:0px;padding-top:0px;padding-left:0px;padding-right:0px;box-sizing:inherit\" align=\"start\"><img decoding=\"async\" src=\"https:\/\/ae01.alicdn.com\/kf\/S1f135265c73b48bd9221312b2b99be09O.jpg\" slate-data-type=\"image\"\/><img decoding=\"async\" src=\"https:\/\/ae01.alicdn.com\/kf\/S9d1059aa782d41248ba26cfc09dec356d.jpg\" slate-data-type=\"image\"\/><img decoding=\"async\" src=\"https:\/\/ae01.alicdn.com\/kf\/Se99784f086ff47fa8c279f7943b8f51dd.jpg\" slate-data-type=\"image\"\/><img decoding=\"async\" src=\"https:\/\/ae01.alicdn.com\/kf\/S8a277f74de3646ae8523f7c40c345637J.jpg\" slate-data-type=\"image\"\/><img decoding=\"async\" src=\"https:\/\/ae01.alicdn.com\/kf\/S132059b415844a3fb5004cd8b687e081G.jpg\" slate-data-type=\"image\"\/><img decoding=\"async\" src=\"https:\/\/ae01.alicdn.com\/kf\/S962a9d83c59940b8b6371a09929a9249O.jpg\" slate-data-type=\"image\"\/><img decoding=\"async\" src=\"https:\/\/ae01.alicdn.com\/kf\/S9c9d75b853af421ea4d7358d9c10148bt.jpg\" slate-data-type=\"image\"\/><img decoding=\"async\" src=\"https:\/\/ae01.alicdn.com\/kf\/Sded2e615e6ab4178ae5d96e2be29da926.jpg\" slate-data-type=\"image\"\/><img decoding=\"async\" src=\"https:\/\/ae01.alicdn.com\/kf\/Sa04a9c05288e42ea8e8e5e489d1dd167n.jpg\" slate-data-type=\"image\"\/><img decoding=\"async\" src=\"https:\/\/ae01.alicdn.com\/kf\/Sfa9efd33edeb4be7adbb38c64f48653eh.jpg\" slate-data-type=\"image\"\/><img decoding=\"async\" src=\"https:\/\/ae01.alicdn.com\/kf\/S60e3144072be4f2a9d817335cff7867dR.jpg\" slate-data-type=\"image\"\/><img decoding=\"async\" src=\"https:\/\/ae01.alicdn.com\/kf\/Sde36b6af43f94de1ac1ea23cd5583801N.jpg\" slate-data-type=\"image\"\/><img fetchpriority=\"high\" decoding=\"async\" width=\"944\" height=\"181\" src=\"https:\/\/ae01.alicdn.com\/kf\/S3445910837dd4ea18b75555c44d7f53bg.jpg\" slate-data-type=\"image\"\/><\/p>","protected":false},"excerpt":{"rendered":"<p>Model Number:&nbsp;ENGWE MAPFOUR N1 AIR ST Rated Passenger Capacity:&nbsp;One Seat Style:&nbsp;Luxury Type Max Speed:&nbsp;&lt;25km\/h Range per Power:&nbsp;&gt; 60 km Wattage:&nbsp;200 &#8211; 250w Power Supply:&nbsp;lithium battery Voltage:&nbsp;48V Origin:&nbsp;Mainland China Motor:&nbsp;Brushless Wheel<\/p>","protected":false},"featured_media":8888,"comment_status":"open","ping_status":"closed","template":"","meta":{"_acf_changed":false},"product_brand":[],"product_cat":[298],"product_tag":[],"class_list":{"0":"post-8887","1":"product","2":"type-product","3":"status-publish","4":"has-post-thumbnail","6":"product_cat-electric-city-bikes","8":"first","9":"instock","10":"shipping-taxable","11":"purchasable","12":"product-type-variable"},"acf":[],"_links":{"self":[{"href":"https:\/\/www.electricstore.eu\/de\/wp-json\/wp\/v2\/product\/8887","targetHints":{"allow":["GET"]}}],"collection":[{"href":"https:\/\/www.electricstore.eu\/de\/wp-json\/wp\/v2\/product"}],"about":[{"href":"https:\/\/www.electricstore.eu\/de\/wp-json\/wp\/v2\/types\/product"}],"replies":[{"embeddable":true,"href":"https:\/\/www.electricstore.eu\/de\/wp-json\/wp\/v2\/comments?post=8887"}],"wp:featuredmedia":[{"embeddable":true,"href":"https:\/\/www.electricstore.eu\/de\/wp-json\/wp\/v2\/media\/8888"}],"wp:attachment":[{"href":"https:\/\/www.electricstore.eu\/de\/wp-json\/wp\/v2\/media?parent=8887"}],"wp:term":[{"taxonomy":"product_brand","embeddable":true,"href":"https:\/\/www.electricstore.eu\/de\/wp-json\/wp\/v2\/product_brand?post=8887"},{"taxonomy":"product_cat","embeddable":true,"href":"https:\/\/www.electricstore.eu\/de\/wp-json\/wp\/v2\/product_cat?post=8887"},{"taxonomy":"product_tag","embeddable":true,"href":"https:\/\/www.electricstore.eu\/de\/wp-json\/wp\/v2\/product_tag?post=8887"}],"curies":[{"name":"wp","href":"https:\/\/api.w.org\/{rel}","templated":true}]}}