{"id":8727,"date":"2025-05-19T21:18:14","date_gmt":"2025-05-19T21:18:14","guid":{"rendered":"https:\/\/electricstore.eu\/product\/uncategorized\/kukirin-s1-max-500w-39km-36v-10-4ah-32km-h-foldable-escooter\/"},"modified":"2025-05-20T13:06:23","modified_gmt":"2025-05-20T13:06:23","slug":"kukirin-s1-max-500w-39km-36v-10-4ah-32km-h-foldable-escooter","status":"publish","type":"product","link":"https:\/\/www.electricstore.eu\/de\/p\/scooters\/electric-city-scooters\/kukirin-s1-max-500w-39km-36v-10-4ah-32km-h-foldable-escooter\/","title":{"rendered":"KuKirin S1 Max 500W 36V 10,4Ah 32km\/h 39km 8\u2033 faltbarer EScooter"},"content":{"rendered":"<div class=\"product-specs-list-container\">\n<ul class=\"product-specs-list util-clearfix\">\n<li class=\"product-prop line-limit-length\"><span\n                                        class=\"property-title\">Reifengr\u00f6\u00dfe:&nbsp;<\/span><span\n                                        class=\"property-desc line-limit-length\">8 Zoll<\/span>\n                            <\/li>\n<li class=\"product-prop line-limit-length\"><span\n                                        class=\"property-title\">Modellnummer:&nbsp;<\/span><span\n                                        class=\"property-desc line-limit-length\">KuKirin S1 Max<\/span>\n                            <\/li>\n<li class=\"product-prop line-limit-length\"><span\n                                        class=\"property-title\">Kategorie:&nbsp;<\/span><span\n                                        class=\"property-desc line-limit-length\">Zweirad-Scooter<\/span>\n                            <\/li>\n<li class=\"product-prop line-limit-length\"><span\n                                        class=\"property-title\">Anwendbare Personen:&nbsp;<\/span><span\n                                        class=\"property-desc line-limit-length\">Unisex<\/span>\n                            <\/li>\n<li class=\"product-prop line-limit-length\"><span\n                                        class=\"property-title\">Reichweite pro Ladung:&nbsp;<\/span><span\n                                        class=\"property-desc line-limit-length\">39 km<\/span>\n                            <\/li>\n<li class=\"product-prop line-limit-length\"><span\n                                        class=\"property-title\">Ladezeit:&nbsp;<\/span><span\n                                        class=\"property-desc line-limit-length\">6-8 Stunden<\/span>\n                            <\/li>\n<li class=\"product-prop line-limit-length\"><span\n                                        class=\"property-title\">Stromspannung:&nbsp;<\/span><span\n                                        class=\"property-desc line-limit-length\">36 V<\/span>\n                            <\/li>\n<li class=\"product-prop line-limit-length\"><span\n                                        class=\"property-title\">Gefaltet:&nbsp;<\/span><span\n                                        class=\"property-desc line-limit-length\">JA<\/span>\n                            <\/li>\n<li class=\"product-prop line-limit-length\"><span\n                                        class=\"property-title\">Leistung (W):&nbsp;<\/span><span\n                                        class=\"property-desc line-limit-length\">201\u2013500 W<\/span>\n                            <\/li>\n<li class=\"product-prop line-limit-length\"><span\n                                        class=\"property-title\">Herkunft:&nbsp;<\/span><span\n                                        class=\"property-desc line-limit-length\">Festlandchina<\/span>\n                            <\/li>\n<li class=\"product-prop line-limit-length\"><span\n                                        class=\"property-title\">max. Motorleistung:&nbsp;<\/span><span\n                                        class=\"property-desc line-limit-length\">500 W<\/span>\n                            <\/li>\n<li class=\"product-prop line-limit-length\"><span\n                                        class=\"property-title\">maximale Reichweite:&nbsp;<\/span><span\n                                        class=\"property-desc line-limit-length\">39 KM<\/span>\n                            <\/li>\n<li class=\"product-prop line-limit-length\"><span\n                                        class=\"property-title\">H\u00f6chstgeschwindigkeit:&nbsp;<\/span><span\n                                        class=\"property-desc line-limit-length\">32 km\/h<\/span>\n                            <\/li>\n<li class=\"product-prop line-limit-length\"><span\n                                        class=\"property-title\">max. Belastung:&nbsp;<\/span><span\n                                        class=\"property-desc line-limit-length\">120 kg<\/span>\n                            <\/li>\n<li class=\"product-prop line-limit-length\"><span\n                                        class=\"property-title\">1., 2., 3. (Leerlauf):&nbsp;<\/span><span\n                                        class=\"property-desc line-limit-length\">15 km\/h, 20 km\/h, 32 km\/h<\/span>\n                            <\/li>\n<li class=\"product-prop line-limit-length\"><span\n                                        class=\"property-title\">Kletterf\u00e4higkeit:&nbsp;<\/span><span\n                                        class=\"property-desc line-limit-length\">\u226415\u00b0 Neigung<\/span>\n                            <\/li>\n<li class=\"product-prop line-limit-length\"><span\n                                        class=\"property-title\">Bremssystem:&nbsp;<\/span><span\n                                        class=\"property-desc line-limit-length\">E-Bremse<\/span>\n                            <\/li>\n<li class=\"product-prop line-limit-length\"><span\n                                        class=\"property-title\">Batterie:&nbsp;<\/span><span\n                                        class=\"property-desc line-limit-length\">36 V 10,4 Ah<\/span>\n                            <\/li>\n<li class=\"product-prop line-limit-length\"><span\n                                        class=\"property-title\">Zertifikat:&nbsp;<\/span><span\n                                        class=\"property-desc line-limit-length\"><\/span>\n                            <\/li>\n<\/ul><\/div>\n<h1 style=\"text-align:center\" align=\"center\"><strong>KuKirin S1 Max Elektroroller, Spitzenleistung 500-W-Motor, 39 km maximale Reichweite, 36 V, 10,4 Ah, 32 km\/h H\u00f6chstgeschwindigkeit, 8-Zoll-Reifen, E-Bremse, faltbarer EScooter <\/strong><\/h1>\n<p style=\"font-family:&quot;Open Sans&quot;, Roboto, Arial, Helvetica, sans-serif, SimSun;font-size:14px;font-weight:400;letter-spacing:normal;line-height:inherit;text-align:start;white-space:normal;color:rgb(34, 34, 34);background-color:rgb(255, 255, 255);margin:0px;margin-bottom:0px;margin-top:0px;margin-left:0px;margin-right:0px;padding:0px;padding-bottom:0px;padding-top:0px;padding-left:0px;padding-right:0px;box-sizing:border-box\" align=\"start\"><strong><span style=\"font-size:24px\"><span style=\"font-family:&quot;times new roman&quot;, times, serif\">&gt;&gt;Highlights<\/span><\/span><\/strong><\/p>\n<p style=\"font-family:&quot;Microsoft YaHei&quot;;font-size:medium;font-weight:400;letter-spacing:normal;line-height:inherit;text-align:start;white-space:normal;color:rgb(0, 0, 0);background-color:rgb(255, 255, 255);margin:0px;margin-bottom:0px;margin-top:0px;margin-left:0px;margin-right:0px;padding:0px;padding-bottom:0px;padding-top:0px;padding-left:0px;padding-right:0px;box-sizing:border-box\" align=\"start\"><img decoding=\"async\" style=\"border:0px;margin:0px;margin-bottom:0px;margin-top:0px;margin-left:0px;margin-right:0px;padding:0px;padding-bottom:0px;padding-top:0px;padding-left:0px;padding-right:0px;max-width:100%;box-sizing:border-box\" src=\"https:\/\/ae01.alicdn.com\/kf\/Hfe87bce67f2e4de3a1d571ce40c2f920X.jpg\" slate-data-type=\"image\"\/><\/p>\n<p style=\"font-family:&quot;TT Norms Pro&quot;, &quot;Open Sans&quot;, Roboto, Arial, Helvetica, sans-serif, SimSun;font-size:14px;font-weight:400;letter-spacing:normal;line-height:inherit;text-align:start;white-space:normal;color:rgb(34, 34, 34);background-color:rgb(255, 255, 255);margin:0px;margin-bottom:0px;margin-top:0px;margin-left:0px;margin-right:0px;padding:0px;padding-bottom:0px;padding-top:0px;padding-left:0px;padding-right:0px;box-sizing:border-box\" align=\"start\"><\/p>\n<h3 style=\"font-family:&quot;Microsoft YaHei&quot;;font-size:24px;font-weight:500;letter-spacing:normal;line-height:1.1;text-align:start;white-space:normal;color:rgb(0, 0, 0);background-color:rgb(255, 255, 255);margin-bottom:10px;margin-top:20px;box-sizing:border-box\" align=\"start\">350-W-Motor<\/h3>\n<p style=\"font-family:&quot;Microsoft YaHei&quot;;font-size:medium;font-weight:400;letter-spacing:normal;line-height:inherit;text-align:start;white-space:normal;color:rgb(0, 0, 0);background-color:rgb(255, 255, 255);margin:0px;margin-bottom:0px;margin-top:0px;margin-left:0px;margin-right:0px;padding:0px;padding-bottom:0px;padding-top:0px;padding-left:0px;padding-right:0px;box-sizing:border-box\" align=\"start\">Der 350-W-Motor bietet eine starke Beschleunigung und gen\u00fcgend Leistung f\u00fcr eine ruhige Fahrt auf unterschiedlichem Gel\u00e4nde, einschlie\u00dflich m\u00e4\u00dfiger Steigungen.<\/p>\n<h3 style=\"font-family:&quot;Microsoft YaHei&quot;;font-size:24px;font-weight:500;letter-spacing:normal;line-height:1.1;text-align:start;white-space:normal;color:rgb(0, 0, 0);background-color:rgb(255, 255, 255);margin-bottom:10px;margin-top:20px;box-sizing:border-box\" align=\"start\">Reichweite von bis zu 39 km<\/h3>\n<p style=\"font-family:&quot;Microsoft YaHei&quot;;font-size:medium;font-weight:400;letter-spacing:normal;line-height:inherit;text-align:start;white-space:normal;color:rgb(0, 0, 0);background-color:rgb(255, 255, 255);margin:0px;margin-bottom:0px;margin-top:0px;margin-left:0px;margin-right:0px;padding:0px;padding-bottom:0px;padding-top:0px;padding-left:0px;padding-right:0px;box-sizing:border-box\" align=\"start\">Mit seinem leistungsstarken Akku bietet dieser Elektroroller eine Reichweite von 39 km und ist somit ideal f\u00fcr den t\u00e4glichen Stadtverkehr und kurze Fahrten. Reisen Sie, ohne sich Gedanken \u00fcber h\u00e4ufiges Aufladen machen zu m\u00fcssen.<\/p>\n<h3 style=\"font-family:&quot;Microsoft YaHei&quot;;font-size:24px;font-weight:500;letter-spacing:normal;line-height:1.1;text-align:start;white-space:normal;color:rgb(0, 0, 0);background-color:rgb(255, 255, 255);margin-bottom:10px;margin-top:20px;box-sizing:border-box\" align=\"start\">8-Zoll-Reifen<\/h3>\n<p style=\"font-family:&quot;Microsoft YaHei&quot;;font-size:medium;font-weight:400;letter-spacing:normal;line-height:inherit;text-align:start;white-space:normal;color:rgb(0, 0, 0);background-color:rgb(255, 255, 255);margin:0px;margin-bottom:0px;margin-top:0px;margin-left:0px;margin-right:0px;padding:0px;padding-bottom:0px;padding-top:0px;padding-left:0px;padding-right:0px;box-sizing:border-box\" align=\"start\">Ausgestattet mit 8-Zoll-Reifen, die Pannensicherheit und hervorragende D\u00e4mpfung bieten.<\/p>\n<h3 style=\"font-family:&quot;Microsoft YaHei&quot;;font-size:24px;font-weight:500;letter-spacing:normal;line-height:1.1;text-align:start;white-space:normal;color:rgb(0, 0, 0);background-color:rgb(255, 255, 255);margin-bottom:10px;margin-top:20px;box-sizing:border-box\" align=\"start\">Elektronische Bremse<\/h3>\n<p style=\"font-family:&quot;Microsoft YaHei&quot;;font-size:medium;font-weight:400;letter-spacing:normal;line-height:inherit;text-align:start;white-space:normal;color:rgb(0, 0, 0);background-color:rgb(255, 255, 255);margin:0px;margin-bottom:0px;margin-top:0px;margin-left:0px;margin-right:0px;padding:0px;padding-bottom:0px;padding-top:0px;padding-left:0px;padding-right:0px;box-sizing:border-box\" align=\"start\">Die elektronische Vorderbremse und die physischen Bremsen sorgen f\u00fcr ein effektives und sicheres Anhalten.<\/p>\n<h3 style=\"font-family:&quot;Microsoft YaHei&quot;;font-size:24px;font-weight:500;letter-spacing:normal;line-height:1.1;text-align:start;white-space:normal;color:rgb(0, 0, 0);background-color:rgb(255, 255, 255);margin-bottom:10px;margin-top:20px;box-sizing:border-box\" align=\"start\">Faltbares Design<\/h3>\n<p style=\"font-family:&quot;Microsoft YaHei&quot;;font-size:medium;font-weight:400;letter-spacing:normal;line-height:inherit;text-align:start;white-space:normal;color:rgb(0, 0, 0);background-color:rgb(255, 255, 255);margin:0px;margin-bottom:0px;margin-top:0px;margin-left:0px;margin-right:0px;padding:0px;padding-bottom:0px;padding-top:0px;padding-left:0px;padding-right:0px;box-sizing:border-box\" align=\"start\">Der Roller l\u00e4sst sich einfach zusammenklappen und ist somit bequem zu transportieren und aufzubewahren, egal ob im Kofferraum Ihres Autos oder zu Hause.<\/p>\n<h3 style=\"font-family:&quot;Microsoft YaHei&quot;;font-size:24px;font-weight:500;letter-spacing:normal;line-height:1.1;text-align:start;white-space:normal;color:rgb(0, 0, 0);background-color:rgb(255, 255, 255);margin-bottom:10px;margin-top:20px;box-sizing:border-box\" align=\"start\">Intelligentes Display<\/h3>\n<p style=\"font-family:&quot;Microsoft YaHei&quot;;font-size:medium;font-weight:400;letter-spacing:normal;line-height:inherit;text-align:start;white-space:normal;color:rgb(0, 0, 0);background-color:rgb(255, 255, 255);margin:0px;margin-bottom:0px;margin-top:0px;margin-left:0px;margin-right:0px;padding:0px;padding-bottom:0px;padding-top:0px;padding-left:0px;padding-right:0px;box-sizing:border-box\" align=\"start\">\u00dcber das \u00fcbersichtliche Smart-Display k\u00f6nnen Sie Geschwindigkeit, zur\u00fcckgelegte Strecke und Batteriestatus \u00fcberwachen und haben so die volle Kontrolle \u00fcber Ihre Fahrt.<\/p>\n<p style=\"font-family:&quot;TT Norms Pro&quot;, &quot;Open Sans&quot;, Roboto, Arial, Helvetica, sans-serif, SimSun;font-size:14px;font-weight:400;letter-spacing:normal;line-height:inherit;text-align:start;white-space:normal;color:rgb(34, 34, 34);background-color:rgb(255, 255, 255);margin:0px;margin-bottom:0px;margin-top:0px;margin-left:0px;margin-right:0px;padding:0px;padding-bottom:0px;padding-top:0px;padding-left:0px;padding-right:0px;box-sizing:border-box\" align=\"start\"><\/p>\n<h2 style=\"font-family:&quot;Microsoft YaHei&quot;;font-size:14px;font-weight:500;letter-spacing:normal;line-height:1.1;text-align:start;white-space:normal;color:rgb(0, 0, 0);background-color:rgb(255, 255, 255);margin:10px 0px;margin-bottom:10px;margin-top:10px;margin-left:0px;margin-right:0px;padding:0px;padding-bottom:0px;padding-top:0px;padding-left:0px;padding-right:0px;box-sizing:border-box\" align=\"start\">Spezifikation<\/h2>\n<p style=\"font-family:&quot;TT Norms Pro&quot;, &quot;Open Sans&quot;, Roboto, Arial, Helvetica, sans-serif, SimSun;font-size:14px;font-weight:400;letter-spacing:normal;line-height:inherit;text-align:start;white-space:normal;color:rgb(34, 34, 34);background-color:rgb(255, 255, 255);margin:0px;margin-bottom:0px;margin-top:0px;margin-left:0px;margin-right:0px;padding:0px;padding-bottom:0px;padding-top:0px;padding-left:0px;padding-right:0px;box-sizing:border-box\" align=\"start\"><\/p>\n<table style=\"border-collapse:collapse;font-family:&quot;Microsoft YaHei&quot;;font-size:14px;text-align:start;color:rgb(34, 34, 34);background-color:rgb(255, 255, 255);width:1000px\" class=\"jbEidtTable\" border=\"1\" cellpadding=\"5\" cellspacing=\"0\" align=\"start\">\n<tbody>\n<tr>\n<td style=\"text-align:left;border:1px solid;padding:0px\" align=\"left\">\n<p style=\"line-height:inherit;margin:0px;margin-bottom:0px;margin-top:0px;margin-left:0px;margin-right:0px;padding:0px;padding-bottom:0px;padding-top:0px;padding-left:0px;padding-right:0px;box-sizing:border-box\"><strong>Allgemein<\/strong><\/p>\n<\/td>\n<td style=\"text-align:left;border:1px solid;padding:0px\" align=\"left\">\n<p style=\"line-height:inherit;margin:0px;margin-bottom:0px;margin-top:0px;margin-left:0px;margin-right:0px;padding:0px;padding-bottom:0px;padding-top:0px;padding-left:0px;padding-right:0px;box-sizing:border-box\">Marke: Kukirin<br \/>Typ: Elektroroller<br \/>Modell: S1 Max<\/p>\n<\/td>\n<\/tr>\n<tr style=\"background-color:lightgray\">\n<td style=\"text-align:left;border:1px solid;padding:0px\" align=\"left\">\n<p style=\"line-height:inherit;margin:0px;margin-bottom:0px;margin-top:0px;margin-left:0px;margin-right:0px;padding:0px;padding-bottom:0px;padding-top:0px;padding-left:0px;padding-right:0px;box-sizing:border-box\"><strong>Spezifikation<\/strong><\/p>\n<\/td>\n<td style=\"text-align:left;border:1px solid;padding:0px\" align=\"left\">\n<p style=\"line-height:inherit;margin:0px;margin-bottom:0px;margin-top:0px;margin-left:0px;margin-right:0px;padding:0px;padding-bottom:0px;padding-top:0px;padding-left:0px;padding-right:0px;box-sizing:border-box\">Rahmen: Eisen<br \/>Motor: 350 W (Nennleistung), 500 W (Spitzenleistung)<br \/>Max. Drehmoment: 19 Nm<br \/>H\u00f6chstgeschwindigkeit: 30 km\/h<br \/>1., 2., 3. Gang (Leerlauf): Unbegrenzt: 15, 20, 32 km\/h, Begrenzt: 15, 20, 25 km\/h<br \/>1., 2., 3. Gang (65 kg Last): Unbegrenzt: 15, 20, 30 km\/h, Begrenzt: 15, 20, 25 km\/h<br \/>Reichweite: 39 km<br \/>Steigf\u00e4higkeit: \u226415\u00b0<br \/>Bremse: Elektronische Bremse + Hilfsbremse<br \/>Wasserdicht: IP54<br \/>Batterie: 36V 10,4Ah<br \/>Batterieschutzsystem: BMS<br \/>Ladeger\u00e4t: 100\u2013240 VAC ~ 50\/60 Hz, 2,0 A<br \/>Ladezeit: 7-8h<br \/>Sto\u00dfd\u00e4mpfung: Sto\u00dfd\u00e4mpfung mit hinterer Feder<br \/>Beleuchtungssystem: LED-Scheinwerfer + R\u00fccklicht<br \/>Reifen: 8 Zoll Vollreifen mit Wabenstruktur<br \/>Anzeige: LED<\/p>\n<\/td>\n<\/tr>\n<tr>\n<td style=\"text-align:left;border:1px solid;padding:0px\" align=\"left\">\n<p style=\"line-height:inherit;margin:0px;margin-bottom:0px;margin-top:0px;margin-left:0px;margin-right:0px;padding:0px;padding-bottom:0px;padding-top:0px;padding-left:0px;padding-right:0px;box-sizing:border-box\"><strong>Gewicht &amp; Gr\u00f6\u00dfe<\/strong><\/p>\n<\/td>\n<td style=\"text-align:left;border:1px solid;padding:0px\" align=\"left\">\n<p style=\"line-height:inherit;margin:0px;margin-bottom:0px;margin-top:0px;margin-left:0px;margin-right:0px;padding:0px;padding-bottom:0px;padding-top:0px;padding-left:0px;padding-right:0px;box-sizing:border-box\">Produktgewicht: 16 kg<br \/>Paketgewicht: 18,3 kg<br \/>Produktgr\u00f6\u00dfe (L x B x H): 108 x 50 x 110 cm (ausgeklappt)<br \/>Produktgr\u00f6\u00dfe (L x B x H): 108 x 50 x 46 cm (gefaltet)<br \/>Verpackungsgr\u00f6\u00dfe (L x B x H): 109 x 15,8 x 46,5 cm<\/p>\n<\/td>\n<\/tr>\n<tr>\n<td style=\"text-align:left;border:1px solid;padding:0px\" align=\"left\">\n<p style=\"line-height:inherit;margin:0px;margin-bottom:0px;margin-top:0px;margin-left:0px;margin-right:0px;padding:0px;padding-bottom:0px;padding-top:0px;padding-left:0px;padding-right:0px;box-sizing:border-box\"><strong>Packungsinhalt<\/strong><\/p>\n<\/td>\n<td style=\"text-align:left;border:1px solid;padding:0px\" align=\"left\">\n<p style=\"line-height:inherit;margin:0px;margin-bottom:0px;margin-top:0px;margin-left:0px;margin-right:0px;padding:0px;padding-bottom:0px;padding-top:0px;padding-left:0px;padding-right:0px;box-sizing:border-box\">1 x Elektroroller<br \/>1 x Ladeger\u00e4t<br \/>1 x Sechskantschl\u00fcssel<br \/>6 x Schrauben<br \/>1 x Benutzerhandbuch<\/p>\n<\/td>\n<\/tr>\n<\/tbody>\n<\/table>\n<p><\/p>\n<p style=\"font-family:&quot;TT Norms Pro&quot;, &quot;Open Sans&quot;, Roboto, Arial, Helvetica, sans-serif, SimSun;font-size:14px;font-weight:400;letter-spacing:normal;line-height:inherit;text-align:start;white-space:normal;color:rgb(34, 34, 34);background-color:rgb(255, 255, 255);margin:0px;margin-bottom:0px;margin-top:0px;margin-left:0px;margin-right:0px;padding:0px;padding-bottom:0px;padding-top:0px;padding-left:0px;padding-right:0px;box-sizing:border-box\" align=\"start\"><img decoding=\"async\" src=\"https:\/\/ae01.alicdn.com\/kf\/S5a117dded4744fbd81326d2aa9c98df84.jpg\" slate-data-type=\"image\"\/><img decoding=\"async\" src=\"https:\/\/ae01.alicdn.com\/kf\/Sc878d231486148e8a9480111f5cef267A.jpg\" slate-data-type=\"image\"\/><img decoding=\"async\" src=\"https:\/\/ae01.alicdn.com\/kf\/Se3e0cf21abb74cf3859b93641712ae10f.jpg\" slate-data-type=\"image\"\/><img decoding=\"async\" src=\"https:\/\/ae01.alicdn.com\/kf\/S204bd840260b4cbea9ee756a385e163bi.jpg\" slate-data-type=\"image\"\/><img decoding=\"async\" src=\"https:\/\/ae01.alicdn.com\/kf\/Safb49c9093434974b75c9fb6198a9c77d.jpg\" slate-data-type=\"image\"\/><img decoding=\"async\" src=\"https:\/\/ae01.alicdn.com\/kf\/S9e97265bf9274019b0655b4c37b5053fw.jpg\" slate-data-type=\"image\"\/><img decoding=\"async\" src=\"https:\/\/ae01.alicdn.com\/kf\/S582c9604429a46edb583b0b666796722K.jpg\" slate-data-type=\"image\"\/><img decoding=\"async\" src=\"https:\/\/ae01.alicdn.com\/kf\/S5465818a0af4463da7b100046b47cc05K.jpg\" slate-data-type=\"image\"\/><img decoding=\"async\" src=\"https:\/\/ae01.alicdn.com\/kf\/S1d57feb5808048dab757dbed2bb16127E.jpg\" slate-data-type=\"image\"\/><img decoding=\"async\" src=\"https:\/\/ae01.alicdn.com\/kf\/S08152ad3ad6f432cac7cea9aa19a9271B.jpg\" slate-data-type=\"image\"\/><img decoding=\"async\" src=\"https:\/\/ae01.alicdn.com\/kf\/S3ae70d309f56450e902af967696161c7x.jpg\" slate-data-type=\"image\"\/><img decoding=\"async\" src=\"https:\/\/ae01.alicdn.com\/kf\/S22cd7377d9f24eb5a415d60ee72ff8b6b.jpg\" slate-data-type=\"image\"\/><img decoding=\"async\" src=\"https:\/\/ae01.alicdn.com\/kf\/Sb85fde587ece499c83e15d3502e50521N.jpg\" slate-data-type=\"image\"\/><img decoding=\"async\" src=\"https:\/\/ae01.alicdn.com\/kf\/Sf07c3fd2ed8047a682a8c8bc9e9419c6u.jpg\" slate-data-type=\"image\"\/><img decoding=\"async\" src=\"https:\/\/ae01.alicdn.com\/kf\/S00f982c6e50f402f8d4f76fa8c5e982aq.jpg\" slate-data-type=\"image\"\/><img decoding=\"async\" src=\"https:\/\/ae01.alicdn.com\/kf\/Se12162d9ab794652b9bec088074b3a16M.jpg\" slate-data-type=\"image\"\/><img decoding=\"async\" src=\"https:\/\/ae01.alicdn.com\/kf\/S5abbc84e13dc4fc9acc559fb67fa842aI.jpg\" slate-data-type=\"image\"\/><\/p>","protected":false},"excerpt":{"rendered":"<p>Tire Size:&nbsp;8 inch Model Number:&nbsp;KuKirin S1 Max Category:&nbsp;Two-wheel Scooter Applicable People:&nbsp;Unisex Range Per Charge:&nbsp;39km Charging Time:&nbsp;6-8h Voltage:&nbsp;36v Folded:&nbsp;YES Power (W):&nbsp;201-500W Origin:&nbsp;Mainland China max motor:&nbsp;500W max range:&nbsp;39 KM max speed:&nbsp;32km\/h max<\/p>","protected":false},"featured_media":8729,"comment_status":"open","ping_status":"closed","template":"","meta":{"_acf_changed":false},"product_brand":[],"product_cat":[469],"product_tag":[],"class_list":{"0":"post-8727","1":"product","2":"type-product","3":"status-publish","4":"has-post-thumbnail","6":"product_cat-electric-city-scooters","8":"first","9":"instock","10":"shipping-taxable","11":"purchasable","12":"product-type-simple"},"acf":[],"_links":{"self":[{"href":"https:\/\/www.electricstore.eu\/de\/wp-json\/wp\/v2\/product\/8727","targetHints":{"allow":["GET"]}}],"collection":[{"href":"https:\/\/www.electricstore.eu\/de\/wp-json\/wp\/v2\/product"}],"about":[{"href":"https:\/\/www.electricstore.eu\/de\/wp-json\/wp\/v2\/types\/product"}],"replies":[{"embeddable":true,"href":"https:\/\/www.electricstore.eu\/de\/wp-json\/wp\/v2\/comments?post=8727"}],"wp:featuredmedia":[{"embeddable":true,"href":"https:\/\/www.electricstore.eu\/de\/wp-json\/wp\/v2\/media\/8729"}],"wp:attachment":[{"href":"https:\/\/www.electricstore.eu\/de\/wp-json\/wp\/v2\/media?parent=8727"}],"wp:term":[{"taxonomy":"product_brand","embeddable":true,"href":"https:\/\/www.electricstore.eu\/de\/wp-json\/wp\/v2\/product_brand?post=8727"},{"taxonomy":"product_cat","embeddable":true,"href":"https:\/\/www.electricstore.eu\/de\/wp-json\/wp\/v2\/product_cat?post=8727"},{"taxonomy":"product_tag","embeddable":true,"href":"https:\/\/www.electricstore.eu\/de\/wp-json\/wp\/v2\/product_tag?post=8727"}],"curies":[{"name":"wp","href":"https:\/\/api.w.org\/{rel}","templated":true}]}}