{"id":8724,"date":"2025-05-19T21:18:10","date_gmt":"2025-05-19T21:18:10","guid":{"rendered":"https:\/\/electricstore.eu\/product\/uncategorized\/kukirin-g2pro-45km-h-1000w-48v-15-6ah-58km-off-road-kick-scooter\/"},"modified":"2025-05-20T13:06:26","modified_gmt":"2025-05-20T13:06:26","slug":"kukirin-g2pro-45km-h-1000w-48v-15-6ah-58km-off-road-kick-scooter","status":"publish","type":"product","link":"https:\/\/www.electricstore.eu\/de\/p\/scooters\/electric-off-road-scooter\/kukirin-g2pro-45km-h-1000w-48v-15-6ah-58km-off-road-kick-scooter\/","title":{"rendered":"KuKirin G2 Pro 1000W 48V 15,6Ah 45KM\/H 58KM 9\u2033 Offroad-Tretroller"},"content":{"rendered":"<div class=\"product-specs-list-container\">\n<ul class=\"product-specs-list util-clearfix\">\n<li class=\"product-prop line-limit-length\"><span\n                                        class=\"property-title\">Reifengr\u00f6\u00dfe:&nbsp;<\/span><span\n                                        class=\"property-desc line-limit-length\">9 Zoll<\/span>\n                            <\/li>\n<li class=\"product-prop line-limit-length\"><span\n                                        class=\"property-title\">Modellnummer:&nbsp;<\/span><span\n                                        class=\"property-desc line-limit-length\">KuKirin G2 Pro<\/span>\n                            <\/li>\n<li class=\"product-prop line-limit-length\"><span\n                                        class=\"property-title\">Kategorie:&nbsp;<\/span><span\n                                        class=\"property-desc line-limit-length\">Zweirad-Scooter<\/span>\n                            <\/li>\n<li class=\"product-prop line-limit-length\"><span\n                                        class=\"property-title\">Anwendbare Personen:&nbsp;<\/span><span\n                                        class=\"property-desc line-limit-length\">Unisex<\/span>\n                            <\/li>\n<li class=\"product-prop line-limit-length\"><span\n                                        class=\"property-title\">Reichweite pro Ladung:&nbsp;<\/span><span\n                                        class=\"property-desc line-limit-length\">40-60 km<\/span>\n                            <\/li>\n<li class=\"product-prop line-limit-length\"><span\n                                        class=\"property-title\">Ladezeit:&nbsp;<\/span><span\n                                        class=\"property-desc line-limit-length\">6-8 Stunden<\/span>\n                            <\/li>\n<li class=\"product-prop line-limit-length\"><span\n                                        class=\"property-title\">Stromspannung:&nbsp;<\/span><span\n                                        class=\"property-desc line-limit-length\">48 V<\/span>\n                            <\/li>\n<li class=\"product-prop line-limit-length\"><span\n                                        class=\"property-title\">Gefaltet:&nbsp;<\/span><span\n                                        class=\"property-desc line-limit-length\">JA<\/span>\n                            <\/li>\n<li class=\"product-prop line-limit-length\"><span\n                                        class=\"property-title\">Leistung (W):&nbsp;<\/span><span\n                                        class=\"property-desc line-limit-length\">501-1000 W<\/span>\n                            <\/li>\n<li class=\"product-prop line-limit-length\"><span\n                                        class=\"property-title\">Herkunft:&nbsp;<\/span><span\n                                        class=\"property-desc line-limit-length\">Festlandchina<\/span>\n                            <\/li>\n<li class=\"product-prop line-limit-length\"><span\n                                        class=\"property-title\">max. Motorleistung:&nbsp;<\/span><span\n                                        class=\"property-desc line-limit-length\">1000 W<\/span>\n                            <\/li>\n<li class=\"product-prop line-limit-length\"><span\n                                        class=\"property-title\">maximale Reichweite:&nbsp;<\/span><span\n                                        class=\"property-desc line-limit-length\">58 km<\/span>\n                            <\/li>\n<li class=\"product-prop line-limit-length\"><span\n                                        class=\"property-title\">H\u00f6chstgeschwindigkeit:&nbsp;<\/span><span\n                                        class=\"property-desc line-limit-length\">45 km\/h<\/span>\n                            <\/li>\n<li class=\"product-prop line-limit-length\"><span\n                                        class=\"property-title\">max. Belastung:&nbsp;<\/span><span\n                                        class=\"property-desc line-limit-length\">120 kg<\/span>\n                            <\/li>\n<li class=\"product-prop line-limit-length\"><span\n                                        class=\"property-title\">1., 2., 3. (Leerlauf):&nbsp;<\/span><span\n                                        class=\"property-desc line-limit-length\">23 km\/h, 43 km\/h, 55 km\/h<\/span>\n                            <\/li>\n<li class=\"product-prop line-limit-length\"><span\n                                        class=\"property-title\">Kletterf\u00e4higkeit:&nbsp;<\/span><span\n                                        class=\"property-desc line-limit-length\">\u226419\u00b0 Neigung<\/span>\n                            <\/li>\n<li class=\"product-prop line-limit-length\"><span\n                                        class=\"property-title\">Bremssystem:&nbsp;<\/span><span\n                                        class=\"property-desc line-limit-length\">Scheibenbremse vorne und hinten &amp; E-Bremse<\/span>\n                            <\/li>\n<li class=\"product-prop line-limit-length\"><span\n                                        class=\"property-title\">Batterie:&nbsp;<\/span><span\n                                        class=\"property-desc line-limit-length\">48 V 15,6 Ah<\/span>\n                            <\/li>\n<li class=\"product-prop line-limit-length\"><span\n                                        class=\"property-title\">Sto\u00dfd\u00e4mpfer vorne:&nbsp;<\/span><span\n                                        class=\"property-desc line-limit-length\">Federsto\u00dfd\u00e4mpfung<\/span>\n                            <\/li>\n<li class=\"product-prop line-limit-length\"><span\n                                        class=\"property-title\">Sto\u00dfd\u00e4mpfer hinten:&nbsp;<\/span><span\n                                        class=\"property-desc line-limit-length\">Federsto\u00dfd\u00e4mpfung<\/span>\n                            <\/li>\n<li class=\"product-prop line-limit-length\"><span\n                                        class=\"property-title\">Zertifikat:&nbsp;<\/span><span\n                                        class=\"property-desc line-limit-length\"><\/span>\n                            <\/li>\n<\/ul><\/div>\n<h1 style=\"text-align:center\" align=\"center\"><strong>Kukirin G2 Pro Elektroroller f\u00fcr Erwachsene, 45 km\/h Geschwindigkeit, 1000-W-Motor, 48-V-15,6-Ah-Akku, 58 km maximale Reichweite, 9-Zoll-Vakuum-Gummireifen, gel\u00e4ndeg\u00e4ngiger Tretroller, abnehmbarer Sitz<\/strong><\/h1>\n<p><strong><span style=\"color:rgb(25, 25, 25);font-size:24px;font-family:&quot;TT Norms Pro&quot;, &quot;Open Sans&quot;, Roboto, Arial, Helvetica, sans-serif, SimSun\">Beschreibung:<\/span><\/strong><\/p>\n<p><span style=\"color:rgb(0, 0, 0);font-size:14px;font-family:OpenSans\">H\u00f6chstgeschwindigkeit: 45 km\/h<\/span><br \/><span style=\"color:rgb(0, 0, 0);font-size:14px;font-family:OpenSans\">1., 2., 3. Gang (Leerlauf): 23 km\/h, 43 km\/h, 55 km\/h<\/span><br \/><span style=\"color:rgb(0, 0, 0);font-size:14px;font-family:OpenSans\">1., 2., 3. Gang (65 kg Last): 20 km\/h, 40 km\/h, 45 km\/h<\/span><br \/><span style=\"color:rgb(0, 0, 0);font-size:14px;font-family:OpenSans\">Mittlere Geschwindigkeit (65 kg Zuladung): \u226458 km<\/span><br \/><span style=\"color:rgb(0, 0, 0);font-size:14px;font-family:OpenSans\">Steigf\u00e4higkeit: \u226419\u00b0 Neigung<\/span><br \/><span style=\"color:rgb(0, 0, 0);font-size:14px;font-family:OpenSans\">Bremssystem: Scheibenbremsen vorne und hinten sowie Handbremse<\/span><br \/><span style=\"color:rgb(0, 0, 0);font-size:14px;font-family:OpenSans\">Bremsweg: 5-12 m<\/span><br \/><span style=\"color:rgb(0, 0, 0);font-size:14px;font-family:OpenSans\">Wasserdichtigkeitsgrad: IP54<\/span><br \/><span style=\"color:rgb(0, 0, 0);font-size:14px;font-family:OpenSans\">Motortyp: B\u00fcrstenloser Hall-Gleichstrommotor (Hinterradantrieb)<\/span><br \/><span style=\"color:rgb(0, 0, 0);font-size:14px;font-family:OpenSans\">Nennleistung des Motors: 600 W (maximal 1000 W)<\/span><br \/><span style=\"color:rgb(0, 0, 0);font-size:14px;font-family:OpenSans\">Maximales Drehmoment: 22 Nm<\/span><br \/><span style=\"color:rgb(0, 0, 0);font-size:14px;font-family:OpenSans\">Batterie: 48 V 15,6 Ah<\/span><br \/><span style=\"color:rgb(0, 0, 0);font-size:14px;font-family:OpenSans\">Eingangsspannung des Ladeger\u00e4ts: 100\u2013240 V AC ~ 50\/60 Hz<\/span><br \/><span style=\"color:rgb(0, 0, 0);font-size:14px;font-family:OpenSans\">Ladezeit: 7-8 Stunden<\/span><br \/><span style=\"color:rgb(0, 0, 0);font-size:14px;font-family:OpenSans\">Vorderer Sto\u00dfd\u00e4mpfer: Federd\u00e4mpfung<\/span><br \/><span style=\"color:rgb(0, 0, 0);font-size:14px;font-family:OpenSans\">Hinterer Sto\u00dfd\u00e4mpfer: Federd\u00e4mpfung<\/span><br \/><span style=\"color:rgb(0, 0, 0);font-size:14px;font-family:OpenSans\">Scheinwerfertyp: LED<\/span><br \/><span style=\"color:rgb(0, 0, 0);font-size:14px;font-family:OpenSans\">Scheinwerferleistung: 6 W<\/span><br \/><span style=\"color:rgb(0, 0, 0);font-size:14px;font-family:OpenSans\">Scheinwerferbeleuchtungswinkel: 45\u00b0<\/span><br \/><span style=\"color:rgb(0, 0, 0);font-size:14px;font-family:OpenSans\">Scheinwerferbeleuchtungsbereich: 5 m\u00b2<\/span><br \/><span style=\"color:rgb(0, 0, 0);font-size:14px;font-family:OpenSans\">Licht einschalten: Ja<\/span><br \/><span style=\"color:rgb(0, 0, 0);font-size:14px;font-family:OpenSans\">R\u00fccklicht: Ja, die R\u00fccklichter leuchten, wenn der Scheinwerfer eingeschaltet ist, und blinken beim Bremsen.<\/span><br \/><span style=\"color:rgb(0, 0, 0);font-size:14px;font-family:OpenSans\">9-Zoll-Vakuumreifen<\/span><br \/><span style=\"color:rgb(0, 0, 0);font-size:14px;font-family:OpenSans\">Instrumententyp: LED<\/span><\/p>\n<p><\/p>\n<p style=\"font-family:&quot;Microsoft YaHei&quot;;font-size:14px;font-weight:400;letter-spacing:normal;line-height:inherit;text-align:start;white-space:normal;color:rgb(0, 0, 0);margin:0px;margin-bottom:0px;margin-top:0px;margin-left:0px;margin-right:0px;padding:0px;padding-bottom:0px;padding-top:0px;padding-left:0px;padding-right:0px;box-sizing:border-box\" align=\"start\"><strong><span style=\"font-size:16px;font-family:arial, helvetica, sans-serif\">Leistungsstarker Motor<\/span><\/strong><\/p>\n<p style=\"font-family:&quot;Microsoft YaHei&quot;;font-size:medium;font-weight:400;letter-spacing:normal;line-height:inherit;text-align:start;white-space:normal;color:rgb(0, 0, 0);margin:0px;margin-bottom:0px;margin-top:0px;margin-left:0px;margin-right:0px;padding:0px;padding-bottom:0px;padding-top:0px;padding-left:0px;padding-right:0px;box-sizing:border-box\" align=\"start\"><span style=\"font-size:16px;font-family:arial, helvetica, sans-serif\">Der KuKirin G2 Pro Elektroroller (Version 2024) verf\u00fcgt \u00fcber einen leistungsstarken 600-W-b\u00fcrstenlosen Motor, erm\u00f6glicht extrem schnelles Fahren, bietet 3 Geschwindigkeitsmodi und eine H\u00f6chstgeschwindigkeit von 45 km\/h, was das Fahren flexibler macht.\u00a0<\/span><\/p>\n<div style=\"font-family:&quot;Open Sans&quot;, Arial, Helvetica, sans-serif, Heiti;font-size:14px;font-weight:400;letter-spacing:normal;text-align:start;white-space:normal;color:rgb(0, 0, 0);margin:0px;margin-bottom:0px;margin-top:0px;margin-left:0px;margin-right:0px;padding:0px;padding-bottom:0px;padding-top:0px;padding-left:0px;padding-right:0px;box-sizing:content-box\" align=\"start\"><\/div>\n<p style=\"font-family:&quot;Microsoft YaHei&quot;;font-size:14px;font-weight:400;letter-spacing:normal;line-height:inherit;text-align:start;white-space:normal;color:rgb(0, 0, 0);margin:0px;margin-bottom:0px;margin-top:0px;margin-left:0px;margin-right:0px;padding:0px;padding-bottom:0px;padding-top:0px;padding-left:0px;padding-right:0px;box-sizing:border-box\" align=\"start\"><strong><span style=\"font-size:16px;font-family:arial, helvetica, sans-serif\">Hochwertige Batterie<\/span><\/strong><\/p>\n<p style=\"font-family:&quot;Microsoft YaHei&quot;;font-size:medium;font-weight:400;letter-spacing:normal;line-height:inherit;text-align:start;white-space:normal;color:rgb(0, 0, 0);margin:0px;margin-bottom:0px;margin-top:0px;margin-left:0px;margin-right:0px;padding:0px;padding-bottom:0px;padding-top:0px;padding-left:0px;padding-right:0px;box-sizing:border-box\" align=\"start\"><span style=\"font-size:16px;font-family:arial, helvetica, sans-serif\">48V 15,6AH Lithium-Ionen-Akku mit hoher Kapazit\u00e4t, hochwertiger Lithium-Ionen-Akku vom Leistungstyp, kontinuierliche hohe Stromabgabef\u00e4higkeit, erm\u00f6glicht eine Reichweite von 58 km. \u00a0 \u00a0 \u00a0 \u00a0 \u00a0 \u00a0\u00a0<\/span><\/p>\n<div style=\"font-family:&quot;Open Sans&quot;, Arial, Helvetica, sans-serif, Heiti;font-size:14px;font-weight:400;letter-spacing:normal;text-align:start;white-space:normal;color:rgb(0, 0, 0);margin:0px;margin-bottom:0px;margin-top:0px;margin-left:0px;margin-right:0px;padding:0px;padding-bottom:0px;padding-top:0px;padding-left:0px;padding-right:0px;box-sizing:content-box\" align=\"start\"><\/div>\n<p style=\"font-family:&quot;Microsoft YaHei&quot;;font-size:14px;font-weight:400;letter-spacing:normal;line-height:inherit;text-align:start;white-space:normal;color:rgb(0, 0, 0);margin:0px;margin-bottom:0px;margin-top:0px;margin-left:0px;margin-right:0px;padding:0px;padding-bottom:0px;padding-top:0px;padding-left:0px;padding-right:0px;box-sizing:border-box\" align=\"start\"><strong><span style=\"font-size:16px;font-family:arial, helvetica, sans-serif\">Bremssystem<\/span><\/strong><\/p>\n<p style=\"font-family:&quot;Microsoft YaHei&quot;;font-size:medium;font-weight:400;letter-spacing:normal;line-height:inherit;text-align:start;white-space:normal;color:rgb(0, 0, 0);margin:0px;margin-bottom:0px;margin-top:0px;margin-left:0px;margin-right:0px;padding:0px;padding-bottom:0px;padding-top:0px;padding-left:0px;padding-right:0px;box-sizing:border-box\" align=\"start\"><span style=\"font-size:16px;font-family:arial, helvetica, sans-serif\">Doppelscheibenbremsen vorne und hinten \u2013 Sie k\u00f6nnen jederzeit anhalten, schieben oder einfach losfahren! Keine Angst vor hohen Geschwindigkeiten, Sie k\u00f6nnen jederzeit sicher anhalten. \u00a0 \u00a0<\/span><\/p>\n<div style=\"font-family:&quot;Open Sans&quot;, Arial, Helvetica, sans-serif, Heiti;font-size:14px;font-weight:400;letter-spacing:normal;text-align:start;white-space:normal;color:rgb(0, 0, 0);margin:0px;margin-bottom:0px;margin-top:0px;margin-left:0px;margin-right:0px;padding:0px;padding-bottom:0px;padding-top:0px;padding-left:0px;padding-right:0px;box-sizing:content-box\" align=\"start\"><\/div>\n<p style=\"font-family:&quot;Microsoft YaHei&quot;;font-size:14px;font-weight:400;letter-spacing:normal;line-height:inherit;text-align:start;white-space:normal;color:rgb(0, 0, 0);margin:0px;margin-bottom:0px;margin-top:0px;margin-left:0px;margin-right:0px;padding:0px;padding-bottom:0px;padding-top:0px;padding-left:0px;padding-right:0px;box-sizing:border-box\" align=\"start\"><strong><span style=\"font-size:16px;font-family:arial, helvetica, sans-serif\">Doppelfeder-Sto\u00dfd\u00e4mpfersystem vorne und hinten<\/span><\/strong><\/p>\n<p style=\"font-family:&quot;Microsoft YaHei&quot;;font-size:medium;font-weight:400;letter-spacing:normal;line-height:inherit;text-align:start;white-space:normal;color:rgb(0, 0, 0);margin:0px;margin-bottom:0px;margin-top:0px;margin-left:0px;margin-right:0px;padding:0px;padding-bottom:0px;padding-top:0px;padding-left:0px;padding-right:0px;box-sizing:border-box\" align=\"start\"><span style=\"font-size:16px;font-family:arial, helvetica, sans-serif\">Der fein abgestimmte Federsto\u00dfd\u00e4mpfer kann die St\u00f6\u00dfe des komplexen Gel\u00e4ndes effektiv abfedern. Sie k\u00f6nnen damit auf unebenen Stra\u00dfen fahren und Ihren Reisespa\u00df maximieren.\u00a0<\/span><\/p>\n<div style=\"font-family:&quot;Open Sans&quot;, Arial, Helvetica, sans-serif, Heiti;font-size:14px;font-weight:400;letter-spacing:normal;text-align:start;white-space:normal;color:rgb(0, 0, 0);margin:0px;margin-bottom:0px;margin-top:0px;margin-left:0px;margin-right:0px;padding:0px;padding-bottom:0px;padding-top:0px;padding-left:0px;padding-right:0px;box-sizing:content-box\" align=\"start\"><\/div>\n<p style=\"font-family:&quot;Microsoft YaHei&quot;;font-size:14px;font-weight:400;letter-spacing:normal;line-height:inherit;text-align:start;white-space:normal;color:rgb(0, 0, 0);margin:0px;margin-bottom:0px;margin-top:0px;margin-left:0px;margin-right:0px;padding:0px;padding-bottom:0px;padding-top:0px;padding-left:0px;padding-right:0px;box-sizing:border-box\" align=\"start\"><strong><span style=\"font-size:16px;font-family:arial, helvetica, sans-serif\">9-Zoll-Reifen<\/span><\/strong><\/p>\n<p style=\"font-family:&quot;Microsoft YaHei&quot;;font-size:medium;font-weight:400;letter-spacing:normal;line-height:inherit;text-align:start;white-space:normal;color:rgb(0, 0, 0);margin:0px;margin-bottom:0px;margin-top:0px;margin-left:0px;margin-right:0px;padding:0px;padding-bottom:0px;padding-top:0px;padding-left:0px;padding-right:0px;box-sizing:border-box\" align=\"start\"><span style=\"font-size:16px;font-family:arial, helvetica, sans-serif\">Die 9-Zoll-Gummireifen mit gro\u00dfer Auflagefl\u00e4che versinken auch bei Regen nicht im Schlamm, bieten gute Sto\u00dfd\u00e4mpfung und guten Grip und trotzen schwierigen Stra\u00dfenverh\u00e4ltnissen \u2013 f\u00fcr Ihre Sicherheit, wann immer Sie wollen.<\/span><\/p>\n<div style=\"font-family:&quot;Open Sans&quot;, Arial, Helvetica, sans-serif, Heiti;font-size:14px;font-weight:400;letter-spacing:normal;text-align:start;white-space:normal;color:rgb(0, 0, 0);margin:0px;margin-bottom:0px;margin-top:0px;margin-left:0px;margin-right:0px;padding:0px;padding-bottom:0px;padding-top:0px;padding-left:0px;padding-right:0px;box-sizing:content-box\" align=\"start\"><\/div>\n<p style=\"font-family:&quot;Microsoft YaHei&quot;;font-size:14px;font-weight:400;letter-spacing:normal;line-height:inherit;text-align:start;white-space:normal;color:rgb(0, 0, 0);margin:0px;margin-bottom:0px;margin-top:0px;margin-left:0px;margin-right:0px;padding:0px;padding-bottom:0px;padding-top:0px;padding-left:0px;padding-right:0px;box-sizing:border-box\" align=\"start\"><strong><span style=\"font-size:16px;font-family:arial, helvetica, sans-serif\">LED-Beleuchtungssystem<\/span><\/strong><\/p>\n<p style=\"font-family:&quot;Microsoft YaHei&quot;;font-size:medium;font-weight:400;letter-spacing:normal;line-height:inherit;text-align:start;white-space:normal;color:rgb(0, 0, 0);margin:0px;margin-bottom:0px;margin-top:0px;margin-left:0px;margin-right:0px;padding:0px;padding-bottom:0px;padding-top:0px;padding-left:0px;padding-right:0px;box-sizing:border-box\" align=\"start\"><span style=\"font-size:16px;font-family:arial, helvetica, sans-serif\">Das Fahrzeug verf\u00fcgt \u00fcber ein 6-teiliges Beleuchtungssystem, das Sie ausleuchtet und Ihre Sicherheit gew\u00e4hrleistet: 1 Scheinwerfer + 2 vordere Seitenleuchten + 3 R\u00fcckleuchten\/Bremsleuchten. Dieses System leuchtet Ihnen nicht nur die Stra\u00dfe vor Ihnen aus, sondern sch\u00fctzt Sie auch links, rechts und hinten. \u00a0 \u00a0 \u00a0 \u00a0 \u00a0 \u00a0<\/span><\/p>\n<div style=\"font-family:&quot;Open Sans&quot;, Arial, Helvetica, sans-serif, Heiti;font-size:14px;font-weight:400;letter-spacing:normal;text-align:start;white-space:normal;color:rgb(0, 0, 0);margin:0px;margin-bottom:0px;margin-top:0px;margin-left:0px;margin-right:0px;padding:0px;padding-bottom:0px;padding-top:0px;padding-left:0px;padding-right:0px;box-sizing:content-box\" align=\"start\"><\/div>\n<p style=\"font-family:&quot;Microsoft YaHei&quot;;font-size:14px;font-weight:400;letter-spacing:normal;line-height:inherit;text-align:start;white-space:normal;color:rgb(0, 0, 0);margin:0px;margin-bottom:0px;margin-top:0px;margin-left:0px;margin-right:0px;padding:0px;padding-bottom:0px;padding-top:0px;padding-left:0px;padding-right:0px;box-sizing:border-box\" align=\"start\"><strong><span style=\"font-size:16px;font-family:arial, helvetica, sans-serif\">Schnelles Zusammenklappen<\/span><\/strong><\/p>\n<p style=\"font-family:&quot;Microsoft YaHei&quot;;font-size:medium;font-weight:400;letter-spacing:normal;line-height:inherit;text-align:start;white-space:normal;color:rgb(0, 0, 0);margin:0px;margin-bottom:0px;margin-top:0px;margin-left:0px;margin-right:0px;padding:0px;padding-bottom:0px;padding-top:0px;padding-left:0px;padding-right:0px;box-sizing:border-box\" align=\"start\"><span style=\"font-size:16px;font-family:arial, helvetica, sans-serif\">Das Design des Klappsitzes ist einfach und leicht zu bedienen, sodass Sie ihn bequem in anderen Fahrzeugen mitnehmen k\u00f6nnen.<\/span><\/p>\n<p><img decoding=\"async\" src=\"https:\/\/ae01.alicdn.com\/kf\/Sbb096dc8e55945b885445d9ba1c39d06Y.jpg\" slate-data-type=\"image\"\/><img decoding=\"async\" src=\"https:\/\/ae01.alicdn.com\/kf\/S34789e29ffd549e68f826130c3d366aah.jpg\" slate-data-type=\"image\"\/><img decoding=\"async\" src=\"https:\/\/ae01.alicdn.com\/kf\/S686ca120ab7943c18982b2a2bfc2352b8.jpg\" slate-data-type=\"image\"\/><img decoding=\"async\" src=\"https:\/\/ae01.alicdn.com\/kf\/S943c7cbeffaa4b259bfe3a6fb82c53d1j.jpg\" slate-data-type=\"image\"\/><img decoding=\"async\" src=\"https:\/\/ae01.alicdn.com\/kf\/S7cb55e4682984d89b98522be0bef5095k.jpg\" slate-data-type=\"image\"\/><img decoding=\"async\" src=\"https:\/\/ae01.alicdn.com\/kf\/Sdbff02b76d9d4df5ba39914b98a580e9h.jpg\" slate-data-type=\"image\"\/><img decoding=\"async\" src=\"https:\/\/ae01.alicdn.com\/kf\/S80d0c6c9386945359f05b3a181979b00s.jpg\" slate-data-type=\"image\"\/><img decoding=\"async\" src=\"https:\/\/ae01.alicdn.com\/kf\/S12a26d4d1c834bd791900f06c3a1a4d0g.jpg\" slate-data-type=\"image\"\/><img decoding=\"async\" src=\"https:\/\/ae01.alicdn.com\/kf\/S3967faa9764e4747aa6c36db2d6e00697.jpg\" slate-data-type=\"image\"\/><img decoding=\"async\" src=\"https:\/\/ae01.alicdn.com\/kf\/Sde07cad3139b45dfb18ea70848c16c66e.jpg\" slate-data-type=\"image\"\/><img decoding=\"async\" src=\"https:\/\/ae01.alicdn.com\/kf\/S1a6ea048d8364756a9035aa2ac382b27s.jpg\" slate-data-type=\"image\"\/><img decoding=\"async\" src=\"https:\/\/ae01.alicdn.com\/kf\/Sfeb4a2b78c4b49578387f15e4e07ad23X.jpg\" slate-data-type=\"image\"\/><img decoding=\"async\" src=\"https:\/\/ae01.alicdn.com\/kf\/S2e557031d8a442fa928cce49ca9ec049w.jpg\" slate-data-type=\"image\"\/><img decoding=\"async\" src=\"https:\/\/ae01.alicdn.com\/kf\/S6d62bc5fafa244f1ab2eb6df73ede7a42.jpg\" slate-data-type=\"image\"\/><img decoding=\"async\" src=\"https:\/\/ae01.alicdn.com\/kf\/S67c5c2fc4790408ea45e847f856afa631.jpg\" slate-data-type=\"image\"\/><img decoding=\"async\" src=\"https:\/\/ae01.alicdn.com\/kf\/Sb1fdae96e910414fbcc23967e94f9508q.jpg\" slate-data-type=\"image\"\/><img decoding=\"async\" src=\"https:\/\/ae01.alicdn.com\/kf\/Sb7d454ee778e43108e63485961295b236.jpg\" slate-data-type=\"image\"\/><img decoding=\"async\" src=\"https:\/\/ae01.alicdn.com\/kf\/S55742d8867104dfc90837aefe0eb9fc5B.jpg\" slate-data-type=\"image\"\/><\/p>","protected":false},"excerpt":{"rendered":"<p>Tire Size:&nbsp;9 inch Model Number:&nbsp;KuKirin G2 Pro Category:&nbsp;Two-wheel Scooter Applicable People:&nbsp;Unisex Range Per Charge:&nbsp;40-60km Charging Time:&nbsp;6-8h Voltage:&nbsp;48v Folded:&nbsp;YES Power (W):&nbsp;501-1000w Origin:&nbsp;Mainland China max motor:&nbsp;1000W max range:&nbsp;58 KM max speed:&nbsp;45km\/h max<\/p>","protected":false},"featured_media":8725,"comment_status":"open","ping_status":"closed","template":"","meta":{"_acf_changed":false},"product_brand":[],"product_cat":[468,471],"product_tag":[],"class_list":{"0":"post-8724","1":"product","2":"type-product","3":"status-publish","4":"has-post-thumbnail","6":"product_cat-electric-off-road-scooter","7":"product_cat-electric-scooters-with-seat","9":"first","10":"instock","11":"shipping-taxable","12":"purchasable","13":"product-type-simple"},"acf":[],"_links":{"self":[{"href":"https:\/\/www.electricstore.eu\/de\/wp-json\/wp\/v2\/product\/8724","targetHints":{"allow":["GET"]}}],"collection":[{"href":"https:\/\/www.electricstore.eu\/de\/wp-json\/wp\/v2\/product"}],"about":[{"href":"https:\/\/www.electricstore.eu\/de\/wp-json\/wp\/v2\/types\/product"}],"replies":[{"embeddable":true,"href":"https:\/\/www.electricstore.eu\/de\/wp-json\/wp\/v2\/comments?post=8724"}],"wp:featuredmedia":[{"embeddable":true,"href":"https:\/\/www.electricstore.eu\/de\/wp-json\/wp\/v2\/media\/8725"}],"wp:attachment":[{"href":"https:\/\/www.electricstore.eu\/de\/wp-json\/wp\/v2\/media?parent=8724"}],"wp:term":[{"taxonomy":"product_brand","embeddable":true,"href":"https:\/\/www.electricstore.eu\/de\/wp-json\/wp\/v2\/product_brand?post=8724"},{"taxonomy":"product_cat","embeddable":true,"href":"https:\/\/www.electricstore.eu\/de\/wp-json\/wp\/v2\/product_cat?post=8724"},{"taxonomy":"product_tag","embeddable":true,"href":"https:\/\/www.electricstore.eu\/de\/wp-json\/wp\/v2\/product_tag?post=8724"}],"curies":[{"name":"wp","href":"https:\/\/api.w.org\/{rel}","templated":true}]}}