{"id":8568,"date":"2025-05-19T20:32:10","date_gmt":"2025-05-19T20:32:10","guid":{"rendered":"https:\/\/electricstore.eu\/product\/uncategorized\/woyu-q3-electric-bicycle-20-inch-large-motor-48v-13ah\/"},"modified":"2025-05-21T05:41:25","modified_gmt":"2025-05-21T05:41:25","slug":"woyu-q3-electric-bicycle-20-inch-large-motor-48v-13ah","status":"publish","type":"product","link":"https:\/\/www.electricstore.eu\/de\/p\/bikes\/electric-fat-bikes\/woyu-q3-electric-bicycle-20-inch-large-motor-48v-13ah\/","title":{"rendered":"WOYU Q3 250W 48V 13Ah 60km 20\u2033 Elektrofahrrad"},"content":{"rendered":"<div class=\"product-specs-list-container\">\n<ul class=\"product-specs-list util-clearfix\">\n<li class=\"product-prop line-limit-length\"><span\n                                        class=\"property-title\">Modellnummer:&nbsp;<\/span><span\n                                        class=\"property-desc line-limit-length\">Drittes Quartal<\/span>\n                            <\/li>\n<li class=\"product-prop line-limit-length\"><span\n                                        class=\"property-title\">Bewertete Passagierkapazit\u00e4t:&nbsp;<\/span><span\n                                        class=\"property-desc line-limit-length\">Ein Sitz<\/span>\n                            <\/li>\n<li class=\"product-prop line-limit-length\"><span\n                                        class=\"property-title\">Stil:&nbsp;<\/span><span\n                                        class=\"property-desc line-limit-length\">Luxustyp<\/span>\n                            <\/li>\n<li class=\"product-prop line-limit-length\"><span\n                                        class=\"property-title\">H\u00f6chstgeschwindigkeit:&nbsp;<\/span><span\n                                        class=\"property-desc line-limit-length\">&lt;25km\/h<\/span>\n                            <\/li>\n<li class=\"product-prop line-limit-length\"><span\n                                        class=\"property-title\">Reichweite pro Leistung:&nbsp;<\/span><span\n                                        class=\"property-desc line-limit-length\">&gt; 60 km<\/span>\n                            <\/li>\n<li class=\"product-prop line-limit-length\"><span\n                                        class=\"property-title\">Leistung:&nbsp;<\/span><span\n                                        class=\"property-desc line-limit-length\">200 \u2013 250 W<\/span>\n                            <\/li>\n<li class=\"product-prop line-limit-length\"><span\n                                        class=\"property-title\">Stromversorgung:&nbsp;<\/span><span\n                                        class=\"property-desc line-limit-length\">Lithiumbatterie<\/span>\n                            <\/li>\n<li class=\"product-prop line-limit-length\"><span\n                                        class=\"property-title\">Stromspannung:&nbsp;<\/span><span\n                                        class=\"property-desc line-limit-length\">48 V<\/span>\n                            <\/li>\n<li class=\"product-prop line-limit-length\"><span\n                                        class=\"property-title\">Stromquelle:&nbsp;<\/span><span\n                                        class=\"property-desc line-limit-length\">Lithiumbatterie<\/span>\n                            <\/li>\n<li class=\"product-prop line-limit-length\"><span\n                                        class=\"property-title\">Herkunft:&nbsp;<\/span><span\n                                        class=\"property-desc line-limit-length\">Festlandchina<\/span>\n                            <\/li>\n<li class=\"product-prop line-limit-length\"><span\n                                        class=\"property-title\">Gefaltet:&nbsp;<\/span><span\n                                        class=\"property-desc line-limit-length\">NEIN<\/span>\n                            <\/li>\n<li class=\"product-prop line-limit-length\"><span\n                                        class=\"property-title\">Herkunftsort:&nbsp;<\/span><span\n                                        class=\"property-desc line-limit-length\">Anhui, China<\/span>\n                            <\/li>\n<li class=\"product-prop line-limit-length\"><span\n                                        class=\"property-title\">Markenname:&nbsp;<\/span><span\n                                        class=\"property-desc line-limit-length\">WOYU<\/span>\n                            <\/li>\n<li class=\"product-prop line-limit-length\"><span\n                                        class=\"property-title\">Modellnummer:&nbsp;<\/span><span\n                                        class=\"property-desc line-limit-length\">Drittes Quartal<\/span>\n                            <\/li>\n<li class=\"product-prop line-limit-length\"><span\n                                        class=\"property-title\">Getriebe:&nbsp;<\/span><span\n                                        class=\"property-desc line-limit-length\">7-Gang<\/span>\n                            <\/li>\n<li class=\"product-prop line-limit-length\"><span\n                                        class=\"property-title\">Reichweite pro Leistung:&nbsp;<\/span><span\n                                        class=\"property-desc line-limit-length\">&gt; 60 km<\/span>\n                            <\/li>\n<li class=\"product-prop line-limit-length\"><span\n                                        class=\"property-title\">Rahmenmaterial:&nbsp;<\/span><span\n                                        class=\"property-desc line-limit-length\">Aluminiumlegierung<\/span>\n                            <\/li>\n<li class=\"product-prop line-limit-length\"><span\n                                        class=\"property-title\">Radgr\u00f6\u00dfe:&nbsp;<\/span><span\n                                        class=\"property-desc line-limit-length\">20&quot;<\/span>\n                            <\/li>\n<li class=\"product-prop line-limit-length\"><span\n                                        class=\"property-title\">H\u00f6chstgeschwindigkeit:&nbsp;<\/span><span\n                                        class=\"property-desc line-limit-length\">30-50 km\/h<\/span>\n                            <\/li>\n<li class=\"product-prop line-limit-length\"><span\n                                        class=\"property-title\">Stromspannung:&nbsp;<\/span><span\n                                        class=\"property-desc line-limit-length\">48 V<\/span>\n                            <\/li>\n<li class=\"product-prop line-limit-length\"><span\n                                        class=\"property-title\">Stromversorgung:&nbsp;<\/span><span\n                                        class=\"property-desc line-limit-length\">Lithiumbatterie<\/span>\n                            <\/li>\n<li class=\"product-prop line-limit-length\"><span\n                                        class=\"property-title\">Bremssystem:&nbsp;<\/span><span\n                                        class=\"property-desc line-limit-length\">Scheibenbremse<\/span>\n                            <\/li>\n<li class=\"product-prop line-limit-length\"><span\n                                        class=\"property-title\">Drehmoment:&nbsp;<\/span><span\n                                        class=\"property-desc line-limit-length\">80-90 Nm<\/span>\n                            <\/li>\n<li class=\"product-prop line-limit-length\"><span\n                                        class=\"property-title\">Ladezeit:&nbsp;<\/span><span\n                                        class=\"property-desc line-limit-length\">&gt;3 Stunden<\/span>\n                            <\/li>\n<li class=\"product-prop line-limit-length\"><span\n                                        class=\"property-title\">Motorposition:&nbsp;<\/span><span\n                                        class=\"property-desc line-limit-length\">Hinterradnabenmotor<\/span>\n                            <\/li>\n<li class=\"product-prop line-limit-length\"><span\n                                        class=\"property-title\">Batterieposition:&nbsp;<\/span><span\n                                        class=\"property-desc line-limit-length\">Unterrohr<\/span>\n                            <\/li>\n<li class=\"product-prop line-limit-length\"><span\n                                        class=\"property-title\">Batteriekapazit\u00e4t:&nbsp;<\/span><span\n                                        class=\"property-desc line-limit-length\">13AH<\/span>\n                            <\/li>\n<li class=\"product-prop line-limit-length\"><span\n                                        class=\"property-title\">Smart-Typ:&nbsp;<\/span><span\n                                        class=\"property-desc line-limit-length\">Elektronisch<\/span>\n                            <\/li>\n<li class=\"product-prop line-limit-length\"><span\n                                        class=\"property-title\">Maximale Belastung:&nbsp;<\/span><span\n                                        class=\"property-desc line-limit-length\">150 kg<\/span>\n                            <\/li>\n<li class=\"product-prop line-limit-length\"><span\n                                        class=\"property-title\">Steigungswinkel:&nbsp;<\/span><span\n                                        class=\"property-desc line-limit-length\">25\u00b0<\/span>\n                            <\/li>\n<li class=\"product-prop line-limit-length\"><span\n                                        class=\"property-title\">Bereich der Leistungsunterst\u00fctzung:&nbsp;<\/span><span\n                                        class=\"property-desc line-limit-length\">90-100 km<\/span>\n                            <\/li>\n<li class=\"product-prop line-limit-length\"><span\n                                        class=\"property-title\">Das Netzteil:&nbsp;<\/span><span\n                                        class=\"property-desc line-limit-length\">54,6 V\/2 A<\/span>\n                            <\/li>\n<li class=\"product-prop line-limit-length\"><span\n                                        class=\"property-title\">Nettogewicht:&nbsp;<\/span><span\n                                        class=\"property-desc line-limit-length\">26 kg<\/span>\n                            <\/li>\n<li class=\"product-prop line-limit-length\"><span\n                                        class=\"property-title\">Fahrmodus:&nbsp;<\/span><span\n                                        class=\"property-desc line-limit-length\">Reiten \/ Elektro<\/span>\n                            <\/li>\n<li class=\"product-prop line-limit-length\"><span\n                                        class=\"property-title\">APP:&nbsp;<\/span><span\n                                        class=\"property-desc line-limit-length\">Optional<\/span>\n                            <\/li>\n<\/ul><\/div>\n<div class=\"detailmodule_html\">\n<div class=\"detail-desc-decorate-richtext\">\n<div id=\"detail_decorate_root\">\n<div>\u00a0<\/div>\n<div>\n<div>\u00a0<\/div>\n<div><img decoding=\"async\" class=\"magic-3\" src=\"https:\/\/ae01.alicdn.com\/kf\/S310ff39c0bc24d898c3cde7ec06e12b6Z.jpg?width=800&amp;height=800&amp;hash=1600\" slate-data-type=\"image\"\/><\/div>\n<div><img decoding=\"async\" class=\"magic-3\" src=\"https:\/\/ae01.alicdn.com\/kf\/Sd52a485ca77842d487d82c1890c28bebM.jpg?width=1920&amp;height=1080&amp;hash=3000\" slate-data-type=\"image\"\/><\/div>\n<div><img decoding=\"async\" class=\"magic-3\" src=\"https:\/\/ae01.alicdn.com\/kf\/S3131163a05164d08ab1450ea7e8a07f0n.jpg?width=1920&amp;height=1080&amp;hash=3000\" slate-data-type=\"image\"\/><\/div>\n<div><img decoding=\"async\" class=\"magic-3\" src=\"https:\/\/ae01.alicdn.com\/kf\/S0e93a7f427b0476f8de460f1e60e8d677.jpg?width=1920&amp;height=1080&amp;hash=3000\" slate-data-type=\"image\"\/><\/div>\n<div><img decoding=\"async\" class=\"magic-3\" src=\"https:\/\/ae01.alicdn.com\/kf\/S7ad63b8ed4ea41218f1c7785ef484a90X.jpg?width=1920&amp;height=1080&amp;hash=3000\" slate-data-type=\"image\"\/><\/div>\n<div><img decoding=\"async\" class=\"magic-3\" src=\"https:\/\/ae01.alicdn.com\/kf\/Sf99093f1c29f47d3850a66631be898d1v.jpg?width=1920&amp;height=1080&amp;hash=3000\" slate-data-type=\"image\"\/><\/div>\n<div><img decoding=\"async\" class=\"magic-3\" src=\"https:\/\/ae01.alicdn.com\/kf\/S5670927b9c4d40308caaa739b381dad1x.jpg?width=1920&amp;height=1080&amp;hash=3000\" slate-data-type=\"image\"\/><\/div>\n<div><img decoding=\"async\" class=\"magic-3\" src=\"https:\/\/ae01.alicdn.com\/kf\/S2f36f9a305694488a4040d16c50ff308J.jpg?width=790&amp;height=920&amp;hash=1710\" slate-data-type=\"image\"\/><\/div>\n<div><img decoding=\"async\" class=\"magic-3\" src=\"https:\/\/ae01.alicdn.com\/kf\/Se30c7ba6434a4f0b9faec3fbb3470a8dj.jpg?width=790&amp;height=1409&amp;hash=2199\" slate-data-type=\"image\"\/><\/div>\n<\/div>\n<div>\n<div id=\"ali-anchor-AliMagic-qaj16g\">Produktverpackung<\/div>\n<\/div>\n<div>\n<div>\n<div>\n<div>\n<div>\n<div><img decoding=\"async\" class=\"magic-7\" src=\"https:\/\/ae01.alicdn.com\/kf\/Saece606b87444e65aa35926dd8e3afbf6.jpg?width=1280&amp;height=960&amp;hash=2240\" slate-data-type=\"image\"\/><\/div>\n<div><img decoding=\"async\" class=\"magic-9\" src=\"https:\/\/ae01.alicdn.com\/kf\/S3aa10afa66f247fab5b2103bffc9850bd.jpg?width=800&amp;height=800&amp;hash=1600\" slate-data-type=\"image\"\/><\/div>\n<\/div>\n<div><img decoding=\"async\" class=\"magic-11\" src=\"https:\/\/ae01.alicdn.com\/kf\/Sea15a1f42651436a95d203e6d796e0663.jpg?width=600&amp;height=800&amp;hash=1400\" slate-data-type=\"image\"\/><\/div>\n<\/div>\n<\/div>\n<\/div>\n<\/div>\n<div>\n<div>\n<div>\n<div>\n<div>\n<div><img decoding=\"async\" class=\"magic-14\" src=\"https:\/\/ae01.alicdn.com\/kf\/S5f3acce68f1a4edb8d64f23d32ba302bj.jpg?width=600&amp;height=800&amp;hash=1400\" slate-data-type=\"image\"\/><\/div>\n<\/div>\n<div>\n<div>\n<div>\n<div>\u00a0<\/div>\n<div>\u00a0<\/div>\n<div>\u00a0<\/div>\n<div>\u00a0<\/div>\n<div><span><strong>Um die Sicherheit Ihrer Waren besser zu gew\u00e4hrleisten, professionelle, umweltfreundliche, bequeme und effiziente Verpackungsdienstleistungen<br \/>wird bereitgestellt.<\/strong><\/span><\/div>\n<\/div>\n<\/div>\n<\/div>\n<\/div>\n<\/div>\n<\/div>\n<\/div>\n<div>\n<div>\u00a0<\/div>\n<div>\n<div><img decoding=\"async\" class=\"magic-19\" src=\"https:\/\/ae01.alicdn.com\/kf\/S0ddff6bbe6504307a89cf73e7329a369n.jpg?width=693&amp;height=978&amp;hash=1671\" slate-data-type=\"image\"\/><\/div>\n<div><img decoding=\"async\" class=\"magic-21\" src=\"https:\/\/ae01.alicdn.com\/kf\/S6a0013e33cce42e5968aeab412eab04fX.jpg?width=696&amp;height=980&amp;hash=1676\" slate-data-type=\"image\"\/><\/div>\n<\/div>\n<\/div>\n<div>\n<div id=\"ali-anchor-AliMagic-8728gk\">Ausstellung<\/div>\n<\/div>\n<div>\n<div>\n<div>\n<div>\n<div>\n<div><img decoding=\"async\" class=\"magic-23\" src=\"https:\/\/ae01.alicdn.com\/kf\/S424810e4dba74c8ca860a47c077228b6t.jpg?width=940&amp;height=562&amp;hash=1502\" slate-data-type=\"image\"\/><\/div>\n<\/div>\n<\/div>\n<\/div>\n<\/div>\n<\/div>\n<div>\n<div id=\"ali-anchor-AliMagic-7isiro\">Unternehmensprofil<\/div>\n<\/div>\n<div>\n<div>\u00a0<\/div>\n<div>\n<div>\n<div>\u00a0<\/div>\n<div>E-ONE ist ein Unternehmen, das sich haupts\u00e4chlich mit dem Export neuer Energieprodukte besch\u00e4ftigt. Das Unternehmen hat seinen Sitz in Hefei, der Hauptstadt der Provinz Anhui.<strong>wurde offiziell autorisiert <\/strong>\u00fcber bekannte Branchenmarken wie<strong>Segway-Ninebot, Intex, DYU, HIMO, Kugoo<\/strong> und einige andere renommierte. Grunds\u00e4tzlich reicht unsere komplette Serie nachhaltiger gr\u00fcner und sauberer Produkte von<strong>Elektro-Tretroller, Elektro-Selbstbalancierende Roller, Elektro-Einr\u00e4der,<\/strong><span><strong>elektrische Gokarts<\/strong><\/span><strong>, Elektrofahrr\u00e4der, Elektromotorr\u00e4der<\/strong>. Mit allen zugeh\u00f6rigen Zertifikaten verf\u00fcgbar, was uns definitiv dazu bef\u00e4higt, unsere qualit\u00e4tsorientierten Produkte weltweit zu verkaufen.<\/div>\n<\/div>\n<\/div>\n<\/div>\n<div>\n<div id=\"ali-anchor-AliMagic-y5v1u8\">H\u00e4ufig gestellte Fragen<\/div>\n<\/div>\n<div>\n<div>\n<div>\n<h3 class=\"magic-28\"><\/h3>\n<div>\n<div>\n<div><strong>Q<\/strong>: Sind Sie Hersteller?<strong>A<\/strong>: Ja, wir sind Hersteller. Wir k\u00f6nnen kundenspezifische OEM\/ODM-Dienste entsprechend den verschiedenen Anwendungen und Anforderungen unserer Kunden anbieten. Alle unsere Produkte sind vollst\u00e4ndig patentiert, Design, Hardware und Software, Formenbau und Montage werden von unserem eigenen Team durchgef\u00fchrt.<strong>Q<\/strong>: Wie hoch ist die Mindestbestellmenge (MOQ)?<strong>A<\/strong>: Wir akzeptieren eine Einheit f\u00fcr Standardprodukte. Bei Bedarf k\u00f6nnen wir diese sogar mit Ihrem Logo anpassen. Wenn Sie einen OEM ben\u00f6tigen, werden wir die detaillierten Anforderungen pr\u00fcfen und Ihnen die Mindestbestellmenge von unserer Verkaufsabteilung best\u00e4tigen.<strong>Q<\/strong>: K\u00f6nnen wir die kostenlose Probe bekommen?<strong>A<\/strong>: Leider stellen wir im Allgemeinen keine kostenlosen Muster zur Verf\u00fcgung. Wenn der Kunde die Spezifikation und den Preis best\u00e4tigt, kann er zun\u00e4chst das Muster zum Testen und Auswerten bestellen.<strong>Q<\/strong>: Wie bestellen und bezahlen?<strong>A<\/strong>: Wir akzeptieren T\/T (Bank\u00fcberweisung), Alibaba online, Western Union 1 Handelsversicherung<strong>Q<\/strong>: Welche Garantie haben Sie f\u00fcr Ihre Produkte?<strong>A<\/strong>: Wir bieten 24 Monate Garantie nach Versand.<strong>Q<\/strong>: Wie lange dauert die Lieferung?<strong>A<\/strong>: Die Produktionsvorlaufzeit betr\u00e4gt je nach Bedarf ca. 3-10 Tage und die Lieferzeit per DHL\/UPS\/FEDEX\/TNT ca. 3-7 Werktage. F\u00fcr einige abgelegene Orte kann die Lieferzeit etwas l\u00e4nger sein.<strong>Q<\/strong> :Wie kann ich das Ger\u00e4t reparieren, wenn ein Problem auftritt?<strong>A<\/strong>: Wir bieten technischen Online-Support zur Probleml\u00f6sung. Bei Hardwareproblemen k\u00f6nnen wir die Teile oder Komponenten senden und dem Kunden den Einbau erkl\u00e4ren, wenn er einen Techniker hat, oder sie zur Reparatur an uns zur\u00fcckschicken.<strong>Q<\/strong>: K\u00f6nnen Sie unser Produkt individuell anpassen und vertreiben?<strong>A<\/strong>: Wir sind ein professioneller Hersteller von E-Bikes mit 8 Jahren Erfahrung in der Herstellung und unterst\u00fctzen jede individuelle Anpassung, den Vertrieb und den Gro\u00dfhandel von Produkten.<\/div>\n<\/div>\n<\/div>\n<\/div>\n<\/div>\n<\/div>\n<\/div>\n<div><\/div>\n<\/div>\n<\/div>\n<p><\/p>","protected":false},"excerpt":{"rendered":"<p>Model Number:&nbsp;Q3 Rated Passenger Capacity:&nbsp;One Seat Style:&nbsp;Luxury Type Max Speed:&nbsp;&lt;25km\/h Range per Power:&nbsp;&gt; 60 km Wattage:&nbsp;200 &#8211; 250w Power Supply:&nbsp;lithium battery Voltage:&nbsp;48V Power Source:&nbsp;lithium battery Origin:&nbsp;Mainland China Folded:&nbsp;No Place of<\/p>","protected":false},"featured_media":8569,"comment_status":"open","ping_status":"closed","template":"","meta":{"_acf_changed":false},"product_brand":[],"product_cat":[300],"product_tag":[],"class_list":{"0":"post-8568","1":"product","2":"type-product","3":"status-publish","4":"has-post-thumbnail","6":"product_cat-electric-fat-bikes","8":"first","9":"instock","10":"shipping-taxable","11":"purchasable","12":"product-type-variable"},"acf":[],"_links":{"self":[{"href":"https:\/\/www.electricstore.eu\/de\/wp-json\/wp\/v2\/product\/8568","targetHints":{"allow":["GET"]}}],"collection":[{"href":"https:\/\/www.electricstore.eu\/de\/wp-json\/wp\/v2\/product"}],"about":[{"href":"https:\/\/www.electricstore.eu\/de\/wp-json\/wp\/v2\/types\/product"}],"replies":[{"embeddable":true,"href":"https:\/\/www.electricstore.eu\/de\/wp-json\/wp\/v2\/comments?post=8568"}],"wp:featuredmedia":[{"embeddable":true,"href":"https:\/\/www.electricstore.eu\/de\/wp-json\/wp\/v2\/media\/8569"}],"wp:attachment":[{"href":"https:\/\/www.electricstore.eu\/de\/wp-json\/wp\/v2\/media?parent=8568"}],"wp:term":[{"taxonomy":"product_brand","embeddable":true,"href":"https:\/\/www.electricstore.eu\/de\/wp-json\/wp\/v2\/product_brand?post=8568"},{"taxonomy":"product_cat","embeddable":true,"href":"https:\/\/www.electricstore.eu\/de\/wp-json\/wp\/v2\/product_cat?post=8568"},{"taxonomy":"product_tag","embeddable":true,"href":"https:\/\/www.electricstore.eu\/de\/wp-json\/wp\/v2\/product_tag?post=8568"}],"curies":[{"name":"wp","href":"https:\/\/api.w.org\/{rel}","templated":true}]}}