{"id":8411,"date":"2025-05-19T20:30:40","date_gmt":"2025-05-19T20:30:40","guid":{"rendered":"https:\/\/electricstore.eu\/product\/uncategorized\/x4-best-dual-motor-1600w-48v-17-5ah\/"},"modified":"2025-05-20T13:08:31","modified_gmt":"2025-05-20T13:08:31","slug":"x4-best-dual-motor-1600w-48v-17-5ah","status":"publish","type":"product","link":"https:\/\/www.electricstore.eu\/de\/p\/scooters\/electric-off-road-scooter\/x4-best-dual-motor-1600w-48v-17-5ah\/","title":{"rendered":"Electrib X4 1600W 48V 17,5Ah 45km\/h 70km 10\u2033 Elektroroller mit Doppelmotor"},"content":{"rendered":"<div class=\"product-specs-list-container\">\n<ul class=\"product-specs-list util-clearfix\">\n<li class=\"product-prop line-limit-length\"><span\n                                        class=\"property-title\">Reifengr\u00f6\u00dfe:&nbsp;<\/span><span\n                                        class=\"property-desc line-limit-length\">10 Zoll<\/span>\n                            <\/li>\n<li class=\"product-prop line-limit-length\"><span\n                                        class=\"property-title\">Modellnummer:&nbsp;<\/span><span\n                                        class=\"property-desc line-limit-length\">X4<\/span>\n                            <\/li>\n<li class=\"product-prop line-limit-length\"><span\n                                        class=\"property-title\">Kategorie:&nbsp;<\/span><span\n                                        class=\"property-desc line-limit-length\">Zweirad-Scooter<\/span>\n                            <\/li>\n<li class=\"product-prop line-limit-length\"><span\n                                        class=\"property-title\">Anwendbare Personen:&nbsp;<\/span><span\n                                        class=\"property-desc line-limit-length\">Unisex<\/span>\n                            <\/li>\n<li class=\"product-prop line-limit-length\"><span\n                                        class=\"property-title\">Reichweite pro Ladung:&nbsp;<\/span><span\n                                        class=\"property-desc line-limit-length\">40-60 km<\/span>\n                            <\/li>\n<li class=\"product-prop line-limit-length\"><span\n                                        class=\"property-title\">Ladezeit:&nbsp;<\/span><span\n                                        class=\"property-desc line-limit-length\">6-8 Stunden<\/span>\n                            <\/li>\n<li class=\"product-prop line-limit-length\"><span\n                                        class=\"property-title\">Stromspannung:&nbsp;<\/span><span\n                                        class=\"property-desc line-limit-length\">48 V<\/span>\n                            <\/li>\n<li class=\"product-prop line-limit-length\"><span\n                                        class=\"property-title\">Gefaltet:&nbsp;<\/span><span\n                                        class=\"property-desc line-limit-length\">JA<\/span>\n                            <\/li>\n<li class=\"product-prop line-limit-length\"><span\n                                        class=\"property-title\">Herkunft:&nbsp;<\/span><span\n                                        class=\"property-desc line-limit-length\">Festlandchina<\/span>\n                            <\/li>\n<li class=\"product-prop line-limit-length\"><span\n                                        class=\"property-title\">Leistung (W):&nbsp;<\/span><span\n                                        class=\"property-desc line-limit-length\">1001-2000 W<\/span>\n                            <\/li>\n<li class=\"product-prop line-limit-length\"><span\n                                        class=\"property-title\">Herkunftsort:&nbsp;<\/span><span\n                                        class=\"property-desc line-limit-length\">Zhejiang, China<\/span>\n                            <\/li>\n<li class=\"product-prop line-limit-length\"><span\n                                        class=\"property-title\">Marke:&nbsp;<\/span><span\n                                        class=\"property-desc line-limit-length\">OEM<\/span>\n                            <\/li>\n<li class=\"product-prop line-limit-length\"><span\n                                        class=\"property-title\">Modellnummer:&nbsp;<\/span><span\n                                        class=\"property-desc line-limit-length\">X4<\/span>\n                            <\/li>\n<li class=\"product-prop line-limit-length\"><span\n                                        class=\"property-title\">Ladezeit:&nbsp;<\/span><span\n                                        class=\"property-desc line-limit-length\">6-8 Stunden<\/span>\n                            <\/li>\n<li class=\"product-prop line-limit-length\"><span\n                                        class=\"property-title\">Faltbar:&nbsp;<\/span><span\n                                        class=\"property-desc line-limit-length\">Ja<\/span>\n                            <\/li>\n<li class=\"product-prop line-limit-length\"><span\n                                        class=\"property-title\">Reichweite pro Ladung:&nbsp;<\/span><span\n                                        class=\"property-desc line-limit-length\">70-80 km<\/span>\n                            <\/li>\n<li class=\"product-prop line-limit-length\"><span\n                                        class=\"property-title\">H\u00f6chstgeschwindigkeit:&nbsp;<\/span><span\n                                        class=\"property-desc line-limit-length\">41-50 km\/h<\/span>\n                            <\/li>\n<li class=\"product-prop line-limit-length\"><span\n                                        class=\"property-title\">Kategorie:&nbsp;<\/span><span\n                                        class=\"property-desc line-limit-length\">Zweirad-Scooter<\/span>\n                            <\/li>\n<li class=\"product-prop line-limit-length\"><span\n                                        class=\"property-title\">F\u00fcr die Masse anwendbar:&nbsp;<\/span><span\n                                        class=\"property-desc line-limit-length\">Unisex<\/span>\n                            <\/li>\n<li class=\"product-prop line-limit-length\"><span\n                                        class=\"property-title\">Smart-Typ:&nbsp;<\/span><span\n                                        class=\"property-desc line-limit-length\">Elektronisch<\/span>\n                            <\/li>\n<li class=\"product-prop line-limit-length\"><span\n                                        class=\"property-title\">Batteriekapazit\u00e4t:&nbsp;<\/span><span\n                                        class=\"property-desc line-limit-length\">10 \u2013 20Ah<\/span>\n                            <\/li>\n<li class=\"product-prop line-limit-length\"><span\n                                        class=\"property-title\">Eingangsspannung:&nbsp;<\/span><span\n                                        class=\"property-desc line-limit-length\">100-240 V<\/span>\n                            <\/li>\n<li class=\"product-prop line-limit-length\"><span\n                                        class=\"property-title\">Tasche f\u00fcr Elektroroller-Akkus (Typ: [Typ einf\u00fcgen])&nbsp;<\/span><span\n                                        class=\"property-desc line-limit-length\">17,5A<\/span>\n                            <\/li>\n<li class=\"product-prop line-limit-length\"><span\n                                        class=\"property-title\">Reichweite pro Ladung:&nbsp;<\/span><span\n                                        class=\"property-desc line-limit-length\">70 km<\/span>\n                            <\/li>\n<li class=\"product-prop line-limit-length\"><span\n                                        class=\"property-title\">Maximale Ladekapazit\u00e4t:&nbsp;<\/span><span\n                                        class=\"property-desc line-limit-length\">130 kg<\/span>\n                            <\/li>\n<li class=\"product-prop line-limit-length\"><span\n                                        class=\"property-title\">Anzeige:&nbsp;<\/span><span\n                                        class=\"property-desc line-limit-length\">LED-Anzeige<\/span>\n                            <\/li>\n<li class=\"product-prop line-limit-length\"><span\n                                        class=\"property-title\">Geschwindigkeitsmodi:&nbsp;<\/span><span\n                                        class=\"property-desc line-limit-length\">3 Geschwindigkeitsmodi<\/span>\n                            <\/li>\n<li class=\"product-prop line-limit-length\"><span\n                                        class=\"property-title\">Bruttogewicht:&nbsp;<\/span><span\n                                        class=\"property-desc line-limit-length\">29 kg<\/span>\n                            <\/li>\n<li class=\"product-prop line-limit-length\"><span\n                                        class=\"property-title\">Verpackungsgr\u00f6\u00dfe:&nbsp;<\/span><span\n                                        class=\"property-desc line-limit-length\">122 x 26 x 48 cm<\/span>\n                            <\/li>\n<li class=\"product-prop line-limit-length\"><span\n                                        class=\"property-title\">Zertifizierung:&nbsp;<\/span><span\n                                        class=\"property-desc line-limit-length\">ce<\/span>\n                            <\/li>\n<li class=\"product-prop line-limit-length\"><span\n                                        class=\"property-title\">Zertifikat:&nbsp;<\/span><span\n                                        class=\"property-desc line-limit-length\"><\/span>\n                            <\/li>\n<\/ul><\/div>\n<div class=\"detailmodule_html\">\n<div class=\"detail-desc-decorate-richtext\">\n<div id=\"detail_decorate_root\">\n<div>\u00a0<\/div>\n<div>\u00a0<\/div>\n<div>\n<div>\n<table style=\"border-collapse:collapse\" class=\"has-title is-zebra hight-light-first-column all magic-1\">\n<tbody>\n<tr>\n<td rowspan=\"1\" colspan=\"1\">\n<div>Maximalgeschwindigkeit<\/div>\n<\/td>\n<td rowspan=\"1\" colspan=\"1\">\n<div>Kilometerstand<\/div>\n<\/td>\n<td rowspan=\"1\" colspan=\"1\">\n<div>Batterie<\/div>\n<\/td>\n<td rowspan=\"1\" colspan=\"1\">\n<div>Eingangsspannung<\/div>\n<\/td>\n<td rowspan=\"1\" colspan=\"1\">\n<div>Anzeige<\/div>\n<\/td>\n<\/tr>\n<tr>\n<td rowspan=\"1\" colspan=\"1\">\n<div>45 km\/h<\/div>\n<\/td>\n<td rowspan=\"1\" colspan=\"1\">\n<div>70 km<\/div>\n<\/td>\n<td rowspan=\"1\" colspan=\"1\">\n<div>17,5A<\/div>\n<\/td>\n<td rowspan=\"1\" colspan=\"1\">\n<div>100-240 V<\/div>\n<\/td>\n<td rowspan=\"1\" colspan=\"1\">\n<div>LED-Anzeige<\/div>\n<\/td>\n<\/tr>\n<tr>\n<td rowspan=\"1\" colspan=\"1\">\n<div>Geschwindigkeitsmodi<\/div>\n<\/td>\n<td rowspan=\"1\" colspan=\"1\">\n<div>Rahmenmaterial<\/div>\n<\/td>\n<td rowspan=\"1\" colspan=\"1\">\n<div>Maximale Ladekapazit\u00e4t<\/div>\n<\/td>\n<td rowspan=\"1\" colspan=\"1\">\n<div>Bruttogewicht<\/div>\n<\/td>\n<td rowspan=\"1\" colspan=\"1\">\n<div>Verpackungsgr\u00f6\u00dfe<\/div>\n<\/td>\n<\/tr>\n<tr>\n<td rowspan=\"1\" colspan=\"1\">\n<div>3 Geschwindigkeitsmodi<\/div>\n<\/td>\n<td rowspan=\"1\" colspan=\"1\">\n<div>Aluminiumlegierung<\/div>\n<\/td>\n<td rowspan=\"1\" colspan=\"1\">\n<div>130 kg<\/div>\n<\/td>\n<td rowspan=\"1\" colspan=\"1\">\n<div>29 kg<\/div>\n<\/td>\n<td rowspan=\"1\" colspan=\"1\">\n<div>122 x 26 x 48 cm<\/div>\n<\/td>\n<\/tr>\n<\/tbody>\n<\/table>\n<\/div>\n<\/div>\n<div>\n<div>\n<div><img decoding=\"async\" class=\"magic-6\" src=\"https:\/\/ae01.alicdn.com\/kf\/S2e1a3bd0b109455fa16d00e72f1c544b2.jpg?width=1000&amp;height=1000&amp;hash=2000\" slate-data-type=\"image\"\/><\/div>\n<div><img decoding=\"async\" class=\"magic-6\" src=\"https:\/\/ae01.alicdn.com\/kf\/S5fa77583b0384ff98b1c7faf8137bb2f9.jpg?width=1000&amp;height=1000&amp;hash=2000\" slate-data-type=\"image\"\/><\/div>\n<div><img decoding=\"async\" class=\"magic-6\" src=\"https:\/\/ae01.alicdn.com\/kf\/S2873c9bed9ca487d8dd70ddf2f981ca8D.jpg?width=800&amp;height=800&amp;hash=1600\" slate-data-type=\"image\"\/><\/div>\n<div><img decoding=\"async\" class=\"magic-6\" src=\"https:\/\/ae01.alicdn.com\/kf\/Sd3cf4a08ab0e4ed38cc33fcf9fe73ea0O.jpg?width=800&amp;height=800&amp;hash=1600\" slate-data-type=\"image\"\/><\/div>\n<div><img decoding=\"async\" class=\"magic-6\" src=\"https:\/\/ae01.alicdn.com\/kf\/S91db3c7657314e52ab0d30c5ad820867C.jpg?width=1000&amp;height=1000&amp;hash=2000\" slate-data-type=\"image\"\/><\/div>\n<div><img decoding=\"async\" class=\"magic-6\" src=\"https:\/\/ae01.alicdn.com\/kf\/S73ec722e81084f5f9b0bde83d149b615W.jpg?width=720&amp;height=727&amp;hash=1447\" slate-data-type=\"image\"\/><\/div>\n<div><img decoding=\"async\" class=\"magic-6\" src=\"https:\/\/ae01.alicdn.com\/kf\/S3f92091c2427448aa0df1ebd80db3b75h.jpg?width=720&amp;height=720&amp;hash=1440\" slate-data-type=\"image\"\/><\/div>\n<div><img decoding=\"async\" class=\"magic-6\" src=\"https:\/\/ae01.alicdn.com\/kf\/S56f7f4d1ae7443aea0f2c4ba5e92582aY.jpg?width=800&amp;height=800&amp;hash=1600\" slate-data-type=\"image\"\/><\/div>\n<div><img decoding=\"async\" class=\"magic-6\" src=\"https:\/\/ae01.alicdn.com\/kf\/S4076d43cf25d43f58d55b64e0d2d98a7L.jpg?width=1000&amp;height=1000&amp;hash=2000\" slate-data-type=\"image\"\/><\/div>\n<div><img decoding=\"async\" class=\"magic-6\" src=\"https:\/\/ae01.alicdn.com\/kf\/Sbf836306499d4b1ebd48515c1bb4a4e1I.jpg?width=877&amp;height=609&amp;hash=1486\" slate-data-type=\"image\"\/><\/div>\n<\/div>\n<\/div>\n<div>\n<div>\n<div>\n<div>\n<div>\n<div><img decoding=\"async\" class=\"magic-9\" src=\"https:\/\/ae01.alicdn.com\/kf\/S4d6d7579fa4a48f497f8c5c6cb917f883.jpg?width=800&amp;height=1092&amp;hash=1892\" slate-data-type=\"image\"\/><\/div>\n<\/div>\n<\/div>\n<\/div>\n<\/div>\n<\/div>\n<div>\n<div>\n<div>\n<div>\n<div>\n<div><img decoding=\"async\" class=\"magic-11\" src=\"https:\/\/ae01.alicdn.com\/kf\/S3c9eabbe15644c2ab878dc329669ec16I.jpg?width=800&amp;height=1002&amp;hash=1802\" slate-data-type=\"image\"\/><\/div>\n<\/div>\n<\/div>\n<\/div>\n<\/div>\n<\/div>\n<div>\n<div>\n<div>\n<div>\n<div>\n<div><img decoding=\"async\" class=\"magic-13\" src=\"https:\/\/ae01.alicdn.com\/kf\/S2192512aec8347b79fba0cebc1745b79d.jpg?width=800&amp;height=712&amp;hash=1512\" slate-data-type=\"image\"\/><\/div>\n<\/div>\n<\/div>\n<\/div>\n<\/div>\n<\/div>\n<div>\n<div id=\"ali-anchor-AliMagic-w6s9px\">H\u00e4ufig gestellte Fragen<\/div>\n<\/div>\n<div>\n<div>\n<div>\n<h3 class=\"magic-16\"><span>Frage 1: Wie lauten Ihre Verpackungsbedingungen?<\/span><\/h3>\n<div>\n<div>\n<div><span>A: Im Allgemeinen verpacken wir unsere Waren in Kartons. Wenn Sie ein eingetragenes Patent besitzen, k\u00f6nnen wir die Waren auch in Ihren Markenverpackungen verpacken.<br \/>nach Erhalt Ihrer Genehmigungsschreiben.<\/span><\/div>\n<\/div>\n<\/div>\n<\/div>\n<\/div>\n<\/div>\n<div>\n<div>\n<div>\n<h3 class=\"magic-16\"><span>Frage 2: Wie lauten Ihre Zahlungsbedingungen?<\/span><\/h3>\n<div>\n<div>\n<div><span>A: Sie k\u00f6nnen per Treuhandkonto, TT\/LC oder Kreditkarte bezahlen. Die Anzahlung betr\u00e4gt 30% per T\/T, der Restbetrag vor Lieferung 70%. Wir zeigen Ihnen dann\u2026<br \/>Sie erhalten die Fotos der Produkte und Verpackungen, bevor Sie den Restbetrag bezahlen.<\/span><\/div>\n<\/div>\n<\/div>\n<\/div>\n<\/div>\n<\/div>\n<div>\n<div>\n<div>\n<h3 class=\"magic-16\"><span>Frage 3: K\u00f6nnen Sie nach den Mustern produzieren?<\/span><\/h3>\n<div>\n<div>\n<div><span>A: Ja, wir k\u00f6nnen nach Ihren Mustern oder technischen Zeichnungen fertigen. Wir k\u00f6nnen die Formen und Vorrichtungen herstellen.<\/span><\/div>\n<\/div>\n<\/div>\n<\/div>\n<\/div>\n<\/div>\n<div>\n<div>\n<div>\n<h3 class=\"magic-16\"><span>Frage 4: Wie lange ist Ihre Lieferzeit?<\/span><\/h3>\n<div>\n<div>\n<div><span>A: Im Allgemeinen dauert es 15 bis 30 Tage nach Eingang Ihrer Vorauszahlung. Die genaue Lieferzeit h\u00e4ngt von den Artikeln ab und<br \/>die Qualit\u00e4t Ihrer Bestellung.<\/span><\/div>\n<\/div>\n<\/div>\n<\/div>\n<\/div>\n<\/div>\n<div>\n<div>\n<div>\n<h3 class=\"magic-16\"><span>Frage 5: Wie k\u00f6nnen wir eine langfristige und gute Gesch\u00e4ftsbeziehung aufbauen?<\/span><\/h3>\n<div>\n<div>\n<div>\n<div><span>A: 1. Wir achten auf gute Qualit\u00e4t und wettbewerbsf\u00e4hige Preise, um den Nutzen f\u00fcr unsere Kunden zu gew\u00e4hrleisten.<\/span><\/div>\n<div><span>2. Wir respektieren jeden Kunden als Freund und pflegen aufrichtige Gesch\u00e4ftsbeziehungen und Freundschaften mit ihnen, unabh\u00e4ngig von ihrer Herkunft.<\/span><\/div>\n<\/div>\n<\/div>\n<\/div>\n<\/div>\n<\/div>\n<\/div>\n<\/div>\n<div><\/div>\n<\/div>\n<\/div>\n<p><\/p>","protected":false},"excerpt":{"rendered":"<p>Tire Size:&nbsp;10 inch Model Number:&nbsp;X4 Category:&nbsp;Two-wheel Scooter Applicable People:&nbsp;Unisex Range Per Charge:&nbsp;40-60km Charging Time:&nbsp;6-8h Voltage:&nbsp;48v Folded:&nbsp;YES Origin:&nbsp;Mainland China Power (W):&nbsp;1001-2000w Place of Origin:&nbsp;Zhejiang, China Brand:&nbsp;OEM Model Number:&nbsp;X4 Charging Time:&nbsp;6-8h, 6-8Hours<\/p>","protected":false},"featured_media":8412,"comment_status":"open","ping_status":"closed","template":"","meta":{"_acf_changed":false},"product_brand":[],"product_cat":[468,297],"product_tag":[],"class_list":{"0":"post-8411","1":"product","2":"type-product","3":"status-publish","4":"has-post-thumbnail","6":"product_cat-electric-off-road-scooter","7":"product_cat-scooters","9":"first","10":"instock","11":"shipping-taxable","12":"purchasable","13":"product-type-simple"},"acf":[],"_links":{"self":[{"href":"https:\/\/www.electricstore.eu\/de\/wp-json\/wp\/v2\/product\/8411","targetHints":{"allow":["GET"]}}],"collection":[{"href":"https:\/\/www.electricstore.eu\/de\/wp-json\/wp\/v2\/product"}],"about":[{"href":"https:\/\/www.electricstore.eu\/de\/wp-json\/wp\/v2\/types\/product"}],"replies":[{"embeddable":true,"href":"https:\/\/www.electricstore.eu\/de\/wp-json\/wp\/v2\/comments?post=8411"}],"wp:featuredmedia":[{"embeddable":true,"href":"https:\/\/www.electricstore.eu\/de\/wp-json\/wp\/v2\/media\/8412"}],"wp:attachment":[{"href":"https:\/\/www.electricstore.eu\/de\/wp-json\/wp\/v2\/media?parent=8411"}],"wp:term":[{"taxonomy":"product_brand","embeddable":true,"href":"https:\/\/www.electricstore.eu\/de\/wp-json\/wp\/v2\/product_brand?post=8411"},{"taxonomy":"product_cat","embeddable":true,"href":"https:\/\/www.electricstore.eu\/de\/wp-json\/wp\/v2\/product_cat?post=8411"},{"taxonomy":"product_tag","embeddable":true,"href":"https:\/\/www.electricstore.eu\/de\/wp-json\/wp\/v2\/product_tag?post=8411"}],"curies":[{"name":"wp","href":"https:\/\/api.w.org\/{rel}","templated":true}]}}