{"id":8401,"date":"2025-05-19T20:30:33","date_gmt":"2025-05-19T20:30:33","guid":{"rendered":"https:\/\/electricstore.eu\/product\/uncategorized\/humsienk-lifepo4-lithium-battery-24v-100ah\/"},"modified":"2025-05-20T13:37:37","modified_gmt":"2025-05-20T13:37:37","slug":"humsienk-lifepo4-lithium-battery-24v-100ah","status":"publish","type":"product","link":"https:\/\/www.electricstore.eu\/de\/p\/batteries\/lifepo4-batteries\/100-200ah-lifepo4-batteries\/humsienk-lifepo4-lithium-battery-24v-100ah\/","title":{"rendered":"Humsienk 100Ah 24V LiFePO4 Batterie"},"content":{"rendered":"<div class=\"product-specs-list-container\">\n<ul class=\"product-specs-list util-clearfix\">\n<li class=\"product-prop line-limit-length\"><span\n                                        class=\"property-title\">Hochgef\u00e4hrliche Chemikalie:&nbsp;<\/span><span\n                                        class=\"property-desc line-limit-length\">Keiner<\/span>\n                            <\/li>\n<li class=\"product-prop line-limit-length\"><span\n                                        class=\"property-title\">Nennkapazit\u00e4t:&nbsp;<\/span><span\n                                        class=\"property-desc line-limit-length\">100 Ah<\/span>\n                            <\/li>\n<li class=\"product-prop line-limit-length\"><span\n                                        class=\"property-title\">Gewicht:&nbsp;<\/span><span\n                                        class=\"property-desc line-limit-length\">44,0 lbs \/ 19,96 kg<\/span>\n                            <\/li>\n<li class=\"product-prop line-limit-length\"><span\n                                        class=\"property-title\">Stromspannung:&nbsp;<\/span><span\n                                        class=\"property-desc line-limit-length\">24 V<\/span>\n                            <\/li>\n<li class=\"product-prop line-limit-length\"><span\n                                        class=\"property-title\">Gr\u00f6\u00dfe:&nbsp;<\/span><span\n                                        class=\"property-desc line-limit-length\">21,8 x 9,4 x 11,8 Zoll<\/span>\n                            <\/li>\n<li class=\"product-prop line-limit-length\"><span\n                                        class=\"property-title\">Anwendung:&nbsp;<\/span><span\n                                        class=\"property-desc line-limit-length\">Stromversorgung f\u00fcr den Au\u00dfenbereich<\/span>\n                            <\/li>\n<li class=\"product-prop line-limit-length\"><span\n                                        class=\"property-title\">Modellnummer:&nbsp;<\/span><span\n                                        class=\"property-desc line-limit-length\">24 V 100 Ah<\/span>\n                            <\/li>\n<li class=\"product-prop line-limit-length\"><span\n                                        class=\"property-title\">Typ:&nbsp;<\/span><span\n                                        class=\"property-desc line-limit-length\">LiFePO4<\/span>\n                            <\/li>\n<li class=\"product-prop line-limit-length\"><span\n                                        class=\"property-title\">Markenname:&nbsp;<\/span><span\n                                        class=\"property-desc line-limit-length\">Humsienk<\/span>\n                            <\/li>\n<li class=\"product-prop line-limit-length\"><span\n                                        class=\"property-title\">Herkunft:&nbsp;<\/span><span\n                                        class=\"property-desc line-limit-length\">Festlandchina<\/span>\n                            <\/li>\n<li class=\"product-prop line-limit-length\"><span\n                                        class=\"property-title\">Nennspannung:&nbsp;<\/span><span\n                                        class=\"property-desc line-limit-length\">Sonstige<\/span>\n                            <\/li>\n<li class=\"product-prop line-limit-length\"><span\n                                        class=\"property-title\">Wasserdicht:&nbsp;<\/span><span\n                                        class=\"property-desc line-limit-length\">IP65<\/span>\n                            <\/li>\n<li class=\"product-prop line-limit-length\"><span\n                                        class=\"property-title\">Merkmale:&nbsp;<\/span><span\n                                        class=\"property-desc line-limit-length\">Tragbar Effizienz Sicherer Langlebig Umweltfreundlich Vielseitig<\/span>\n                            <\/li>\n<\/ul><\/div>\n<p><strong><span style=\"font-size:18px;font-family:arial, helvetica, sans-serif\">Automobilzellen der Klasse A+: <\/span><\/strong><\/p>\n<p><span style=\"font-size:18px;font-family:arial, helvetica, sans-serif\">Die Humsienk 24V 100AhLiFePO4-Batterie ist mit Automotive-LiFePO4-Zellen der Klasse A+ ausgestattet und gew\u00e4hrleistet h\u00f6chste Sicherheit, Energiedichte, Leistung und Stabilit\u00e4t. Diese Batterie bietet zuverl\u00e4ssige und langlebige Energie mit einer minimalen Selbstentladungsrate von nur 3% pro Monat. Sie verf\u00fcgt \u00fcber einen robusten Schutz gegen \u00dcberladung, Tiefentladung, \u00dcberstrom und Kurzschl\u00fcsse und bietet so Sicherheit und zuverl\u00e4ssige Leistung.<\/span><\/p>\n<p><\/p>\n<p><strong><span style=\"font-size:18px;font-family:arial, helvetica, sans-serif\">Intelligentes BMS:<\/span><\/strong><\/p>\n<p><span style=\"font-size:18px;font-family:arial, helvetica, sans-serif\">Es verf\u00fcgt \u00fcber ein leistungsstarkes 100-A-Batteriemanagementsystem (BMS), das Lade- und Entladezyklen verwaltet und die Batterie vor \u00dcberladung, Tiefentladung und Kurzschl\u00fcssen sch\u00fctzt. Dieses fortschrittliche BMS erh\u00f6ht sowohl die Sicherheit als auch die Effizienz.<\/span><\/p>\n<p><\/p>\n<p><strong><span style=\"font-size:18px;font-family:arial, helvetica, sans-serif\">Langlebigkeit: <\/span><\/strong><\/p>\n<p><span style=\"font-size:18px;font-family:arial, helvetica, sans-serif\">Mit einer Lebensdauer von bis zu 10 Jahren und 5.000 bis 15.000 Ladezyklen erzeugt diese Batterie insgesamt 12.800 kWh Energie (2560 Wh x 5.000 Zyklen). Diese Langlebigkeit f\u00fchrt zu erheblichen Kosteneinsparungen und erm\u00f6glicht bis zu 501 TP7T Stromeinsparungen im Vergleich zum Netzstrom.<\/span><\/p>\n<p><\/p>\n<p><strong><span style=\"font-size:18px;font-family:arial, helvetica, sans-serif\">Kosteneffizient: <\/span><\/strong><\/p>\n<p><span style=\"font-size:18px;font-family:arial, helvetica, sans-serif\">Die WattCycle 24V 100Ah Batterie ist zudem kosteneffizient und bietet eine robuste Energiespeicherung f\u00fcr Wohnmobile, Schiffsanwendungen oder den netzunabh\u00e4ngigen Einsatz. Sie ist leicht und wiegt nur 20 kg.<\/span><\/p>\n<p><\/p>\n<p><strong><span style=\"font-size:18px;font-family:arial, helvetica, sans-serif\">Leicht: <\/span><\/strong><\/p>\n<p><span style=\"font-size:18px;font-family:arial, helvetica, sans-serif\">Eine 24-V-Lithiumbatterie mit 100 Ah wiegt nur 1\/3 einer vergleichbaren Blei-S\u00e4ure-Batterie mit der gleichen Kapazit\u00e4t und ist etwas leichter als ein 2er-Pack WattCycle 12-V-LiFePO4-Batterien mit 100 Ah.<\/span><\/p>\n<p><\/p>\n<p><strong><span style=\"font-size:18px;font-family:arial, helvetica, sans-serif\">Hohe Energiedichte: <\/span><\/strong><\/p>\n<p><span style=\"font-size:18px;font-family:arial, helvetica, sans-serif\">Die Batterie verf\u00fcgt \u00fcber eine hohe Energiedichte von 60 Wh\/lb (2560 Wh \/ 44 lbs \u2248 58 Wh\/lb).<\/span><\/p>\n<p><\/p>\n<p><strong><span style=\"font-size:18px;font-family:arial, helvetica, sans-serif\">Schnellladefunktionen: <\/span><\/strong><\/p>\n<p><span style=\"font-size:18px;font-family:arial, helvetica, sans-serif\">Es unterst\u00fctzt Schnellladen, wodurch schnellere Durchlaufzeiten m\u00f6glich sind und Ausfallzeiten zwischen den Anwendungen minimiert werden.<\/span><\/p>\n<p><img decoding=\"async\" src=\"https:\/\/ae01.alicdn.com\/kf\/S919f57880b3a4421a3befbed3acce9410.jpg\" slate-data-type=\"image\"\/><img decoding=\"async\" src=\"https:\/\/ae01.alicdn.com\/kf\/Sd5ba8ef3527a4510bc9efcf32b8eb861V.jpg\" slate-data-type=\"image\"\/><img decoding=\"async\" src=\"https:\/\/ae01.alicdn.com\/kf\/S33645654898f4b5bb389c1657e83b85ct.jpg\" slate-data-type=\"image\"\/><img decoding=\"async\" src=\"https:\/\/ae01.alicdn.com\/kf\/S3452eb79bd874b4a8e1784c7bfa4eaee0.jpg\" slate-data-type=\"image\"\/><img decoding=\"async\" src=\"https:\/\/ae01.alicdn.com\/kf\/S22323eb9d9aa4931b005adb08bee883cO.jpg\" slate-data-type=\"image\"\/><img decoding=\"async\" src=\"https:\/\/ae01.alicdn.com\/kf\/S68d6d344d5c54aa0833e3e993ed0b15c8.jpg\" slate-data-type=\"image\"\/><\/p>","protected":false},"excerpt":{"rendered":"<p>Hign-concerned Chemical:&nbsp;None Nominal Capacity:&nbsp;100Ah Weight:&nbsp;44.0 lbs \/ 19.96kg Voltage:&nbsp;24V Size:&nbsp;21.8 x 9.4 x 11.8 inches Application:&nbsp;Outdoor Power Supply Model Number:&nbsp;24V 100Ah Type:&nbsp;LiFePO4 Brand Name:&nbsp;Humsienk Origin:&nbsp;Mainland China Rated Voltage:&nbsp;Others Waterproof:&nbsp;IP65 Features:&nbsp;Portable<\/p>","protected":false},"featured_media":8402,"comment_status":"open","ping_status":"closed","template":"","meta":{"_acf_changed":false},"product_brand":[],"product_cat":[237],"product_tag":[],"class_list":{"0":"post-8401","1":"product","2":"type-product","3":"status-publish","4":"has-post-thumbnail","6":"product_cat-100-200ah-lifepo4-batteries","8":"first","9":"instock","10":"shipping-taxable","11":"purchasable","12":"product-type-simple"},"acf":[],"_links":{"self":[{"href":"https:\/\/www.electricstore.eu\/de\/wp-json\/wp\/v2\/product\/8401","targetHints":{"allow":["GET"]}}],"collection":[{"href":"https:\/\/www.electricstore.eu\/de\/wp-json\/wp\/v2\/product"}],"about":[{"href":"https:\/\/www.electricstore.eu\/de\/wp-json\/wp\/v2\/types\/product"}],"replies":[{"embeddable":true,"href":"https:\/\/www.electricstore.eu\/de\/wp-json\/wp\/v2\/comments?post=8401"}],"wp:featuredmedia":[{"embeddable":true,"href":"https:\/\/www.electricstore.eu\/de\/wp-json\/wp\/v2\/media\/8402"}],"wp:attachment":[{"href":"https:\/\/www.electricstore.eu\/de\/wp-json\/wp\/v2\/media?parent=8401"}],"wp:term":[{"taxonomy":"product_brand","embeddable":true,"href":"https:\/\/www.electricstore.eu\/de\/wp-json\/wp\/v2\/product_brand?post=8401"},{"taxonomy":"product_cat","embeddable":true,"href":"https:\/\/www.electricstore.eu\/de\/wp-json\/wp\/v2\/product_cat?post=8401"},{"taxonomy":"product_tag","embeddable":true,"href":"https:\/\/www.electricstore.eu\/de\/wp-json\/wp\/v2\/product_tag?post=8401"}],"curies":[{"name":"wp","href":"https:\/\/api.w.org\/{rel}","templated":true}]}}