{"id":8228,"date":"2025-05-19T20:29:21","date_gmt":"2025-05-19T20:29:21","guid":{"rendered":"https:\/\/electricstore.eu\/product\/uncategorized\/qs-motor-qs138-3000w-v1-mid-drive-motor-72v100kph-electric-motorcycle\/"},"modified":"2025-05-20T13:09:49","modified_gmt":"2025-05-20T13:09:49","slug":"qs-motor-qs138-3000w-v1-mid-drive-motor-72v100kph-electric-motorcycle","status":"publish","type":"product","link":"https:\/\/www.electricstore.eu\/de\/p\/o\/qs-motor-qs138-3000w-v1-mid-drive-motor-72v100kph-electric-motorcycle\/","title":{"rendered":"QS MOTOR QS138 3000W 72V 13.6Ah 100KM\/H Elektromotorrad Mittelantriebsmotor"},"content":{"rendered":"<div class=\"product-specs-list-container\">\n<ul class=\"product-specs-list util-clearfix\">\n<li class=\"product-prop line-limit-length\"><span\n                                        class=\"property-title\">Hochgef\u00e4hrliche Chemikalie:&nbsp;<\/span><span\n                                        class=\"property-desc line-limit-length\">Keiner<\/span>\n                            <\/li>\n<li class=\"product-prop line-limit-length\"><span\n                                        class=\"property-title\">Andere Teilenummer:&nbsp;<\/span><span\n                                        class=\"property-desc line-limit-length\">A<\/span>\n                            <\/li>\n<li class=\"product-prop line-limit-length\"><span\n                                        class=\"property-title\">Platzierung am Fahrzeug:&nbsp;<\/span><span\n                                        class=\"property-desc line-limit-length\">HINTEREN<\/span>\n                            <\/li>\n<li class=\"product-prop line-limit-length\"><span\n                                        class=\"property-title\">Herstellungsland\/-region:&nbsp;<\/span><span\n                                        class=\"property-desc line-limit-length\">China<\/span>\n                            <\/li>\n<li class=\"product-prop line-limit-length\"><span\n                                        class=\"property-title\">Austausch-Teilenummer:&nbsp;<\/span><span\n                                        class=\"property-desc line-limit-length\">A<\/span>\n                            <\/li>\n<li class=\"product-prop line-limit-length\"><span\n                                        class=\"property-title\">Besondere Merkmale:&nbsp;<\/span><span\n                                        class=\"property-desc line-limit-length\">Fahren<\/span>\n                            <\/li>\n<li class=\"product-prop line-limit-length\"><span\n                                        class=\"property-title\">Artikelgewicht:&nbsp;<\/span><span\n                                        class=\"property-desc line-limit-length\">13.7<\/span>\n                            <\/li>\n<li class=\"product-prop line-limit-length\"><span\n                                        class=\"property-title\">Artikelh\u00f6he:&nbsp;<\/span><span\n                                        class=\"property-desc line-limit-length\">32<\/span>\n                            <\/li>\n<li class=\"product-prop line-limit-length\"><span\n                                        class=\"property-title\">Artikelbreite:&nbsp;<\/span><span\n                                        class=\"property-desc line-limit-length\">31.5<\/span>\n                            <\/li>\n<li class=\"product-prop line-limit-length\"><span\n                                        class=\"property-title\">Artikell\u00e4nge:&nbsp;<\/span><span\n                                        class=\"property-desc line-limit-length\">31.5<\/span>\n                            <\/li>\n<li class=\"product-prop line-limit-length\"><span\n                                        class=\"property-title\">Herstellernummer:&nbsp;<\/span><span\n                                        class=\"property-desc line-limit-length\">A<\/span>\n                            <\/li>\n<li class=\"product-prop line-limit-length\"><span\n                                        class=\"property-title\">Herkunft:&nbsp;<\/span><span\n                                        class=\"property-desc line-limit-length\">Festlandchina<\/span>\n                            <\/li>\n<li class=\"product-prop line-limit-length\"><span\n                                        class=\"property-title\">Motor:&nbsp;<\/span><span\n                                        class=\"property-desc line-limit-length\">Gleichstrommotor<\/span>\n                            <\/li>\n<li class=\"product-prop line-limit-length\"><span\n                                        class=\"property-title\">Material:&nbsp;<\/span><span\n                                        class=\"property-desc line-limit-length\">Aluminium<\/span>\n                            <\/li>\n<\/ul><\/div>\n<div>\n<div><kse:widget data-widget-type=\"customText\" id=\"1005000001338413\" type=\"relation\"><\/kse:widget><\/div>\n<div><strong><span style=\"font-size:22px;font-family:&quot;lucida sans unicode&quot;, &quot;lucida grande&quot;, sans-serif\">QS 138 3000W V1 Mittelmotor 72V 100KPH Altes Aussehen f\u00fcr elektrisches Motorrad<\/span><\/strong><\/div>\n<div class=\"detailmodule_text-image\">\n<div><\/div>\n<p style=\"color:rgb(208, 2, 27)\"><span style=\"font-family:&quot;lucida sans unicode&quot;, &quot;lucida grande&quot;, sans-serif\">F\u00fcr einen 138 3000W Mittelmotor k\u00f6nnte er f\u00fcr ein elektrisches Leichtmotorrad verwendet werden, das 72V 100KPH erreichen k\u00f6nnte.<br \/>Dar\u00fcber hinaus liefern wir Kettengetriebeadapter standardm\u00e4\u00dfig mit.<br \/>PS: Sollten Sie Fragen zu den Versandkosten haben, kontaktieren Sie uns bitte.<br \/>Sie k\u00f6nnten auch eine Bestellung aufgeben, aber nicht zuerst bezahlen; dann k\u00f6nnten wir den Preis anpassen.<\/span><\/p>\n<div><\/div>\n<div class=\"detailmodule_image\"><strong><span class=\"15\" style=\"color:rgb(211, 49, 21);font-size:12pt;font-family:&quot;Lucida Sans Unicode&quot;\">Notiz: <\/span><\/strong><\/div>\n<p style=\"line-height:13.5pt;margin:0pt;margin-bottom:0pt;margin-top:0pt;margin-left:0pt;margin-right:0pt;padding:0pt;padding-bottom:0pt;padding-top:0pt;padding-left:0em;padding-right:0pt\" class=\"p\"><strong><span class=\"15\" style=\"color:rgb(211, 49, 21);font-size:12pt;font-family:&quot;Lucida Sans Unicode&quot;\">Dieser Artikel wird aus unserem europ\u00e4ischen Lager versendet.<\/span><\/strong><\/p>\n<p class=\"MsoNormal\"><strong><span class=\"15\" style=\"color:rgb(211, 49, 21);font-size:12pt;font-family:&quot;Lucida Sans Unicode&quot;\">Die Produkte werden aus unserem Lager in Polen versandt und k\u00f6nnen nur nach Polen und in die folgenden europ\u00e4ischen L\u00e4nder geliefert werden: Deutschland, Frankreich, Italien, \u00d6sterreich, Niederlande, Finnland, Belgien, D\u00e4nemark, Spanien, Bulgarien, Portugal, Schweden, Ungarn, Slowakei, Tschechien, Litauen, Lettland, Luxemburg, Slowenien, Estland, Kroatien, Griechenland, Rum\u00e4nien, Irland und Zypern. Bitte beachten Sie dies.<\/span><\/strong><span style=\"color:rgb(211, 49, 21);font-size:16px;font-family:&quot;lucida sans unicode&quot;, &quot;lucida grande&quot;, sans-serif\"><strong>\u00a0<\/strong><\/span><\/p>\n<div>\n<p><\/div>\n<div>\u00a0<\/div>\n<\/div>\n<div class=\"detailmodule_text-image\">\n<div><\/div>\n<p style=\"font-family:OpenSans;font-size:20px;font-weight:900;line-height:28px;text-align:left;white-space:pre-wrap;color:rgb(0, 0, 0);margin-bottom:12px\" class=\"detail-desc-decorate-title\" align=\"left\"><span style=\"background-color:rgb(164, 221, 0);font-size:16px;font-family:&quot;lucida sans unicode&quot;, &quot;lucida grande&quot;, sans-serif\">Ein Set, das folgende Baus\u00e4tze enth\u00e4lt<\/span><\/p>\n<p style=\"font-family:OpenSans;font-size:14px;font-weight:300;line-height:20px;white-space:pre-wrap;color:rgb(0, 0, 0);margin-bottom:12px\" class=\"detail-desc-decorate-content\"><span style=\"font-size:14px;font-family:&quot;lucida sans unicode&quot;, &quot;lucida grande&quot;, sans-serif\"><br \/>1,1 St\u00fcck x 138 3000W V1 Mittelmotor mit 428 14T Kettenradadapter<\/span><\/p>\n<div><\/div>\n<\/div>\n<div class=\"detailmodule_text\">\n<p style=\"font-family:OpenSans;font-size:20px;font-weight:900;line-height:28px;white-space:pre-wrap;color:rgb(0, 0, 0);margin-bottom:12px\" class=\"detail-desc-decorate-title\"><span style=\"background-color:rgb(164, 221, 0);font-size:16px\">Hauptmerkmale<\/span><\/p>\n<p style=\"font-family:OpenSans;font-size:14px;font-weight:300;line-height:20px;white-space:pre-wrap;color:rgb(0, 0, 0);margin-bottom:12px\" class=\"detail-desc-decorate-content\"><span style=\"font-family:&quot;lucida sans unicode&quot;, &quot;lucida grande&quot;, sans-serif\">1) Geringes Gewicht und kleine Abmessungen im Vergleich zum Nabenmotor<br \/>2) Hoher Leistungsnutzen durch Flussschw\u00e4chung<br \/>3) Hohe Effizienz beim Bergauffahren und bessere Beschleunigung<br \/>4) Unterst\u00fctzung der regenerativen Bremsung<\/span><\/p>\n<p style=\"font-family:OpenSans;font-size:14px;font-weight:300;line-height:20px;white-space:pre-wrap;color:rgb(0, 0, 0);margin-bottom:12px\" class=\"detail-desc-decorate-content\"><img decoding=\"async\" src=\"https:\/\/ae01.alicdn.com\/kf\/S6946e94503f34fc08a6a3d129a0ed4b2X.jpg\" slate-data-type=\"image\"\/><\/p>\n<div><\/div>\n<\/div>\n<div class=\"detailmodule_text-image\">\n<p style=\"font-family:OpenSans;font-size:20px;font-weight:900;line-height:28px;white-space:pre-wrap;color:rgb(0, 0, 0);margin-bottom:12px\" class=\"detail-desc-decorate-title\"><span style=\"background-color:rgb(164, 221, 0);font-size:16px\">Produktbeschreibung<\/span><\/p>\n<div><img decoding=\"async\" src=\"https:\/\/ae01.alicdn.com\/kf\/Sea562be3849f43eea009178791b4954aT.jpg\" slate-data-type=\"image\"\/><\/div>\n<\/div>\n<div class=\"detailmodule_text-image\">\n<div><\/div>\n<p style=\"font-family:OpenSans;font-size:20px;font-weight:900;line-height:28px;white-space:pre-wrap;color:rgb(0, 0, 0);margin-bottom:12px\" class=\"detail-desc-decorate-title\"><span style=\"background-color:rgb(244, 78, 59);font-size:16px;font-family:&quot;lucida sans unicode&quot;, &quot;lucida grande&quot;, sans-serif\">Zeichnung<\/span><\/p>\n<p style=\"font-family:OpenSans;font-size:14px;font-weight:300;line-height:20px;white-space:pre-wrap;color:rgb(0, 0, 0);margin-bottom:12px\" class=\"detail-desc-decorate-content\"><span style=\"font-size:14px;font-family:&quot;lucida sans unicode&quot;, &quot;lucida grande&quot;, sans-serif\">Siehe den 138 3000W V1 Mittelmotor mit Riemenantrieb<\/span><\/p>\n<div><img fetchpriority=\"high\" decoding=\"async\" class=\"detail-desc-decorate-image\" width=\"800\" height=\"657\" src=\"https:\/\/ae01.alicdn.com\/kf\/Hd34d04446c1d4eb7a30f0162b3895e68m.jpg\" slate-data-type=\"image\"\/><\/div>\n<\/div>\n<div class=\"detailmodule_text-image\">\n<div><\/div>\n<p style=\"font-family:OpenSans;font-size:20px;font-weight:900;line-height:28px;white-space:pre-wrap;color:rgb(0, 0, 0);margin-bottom:12px\" class=\"detail-desc-decorate-title\"><span style=\"background-color:rgb(244, 78, 59);font-size:16px;font-family:&quot;lucida sans unicode&quot;, &quot;lucida grande&quot;, sans-serif\">Testbericht<\/span><\/p>\n<div><img decoding=\"async\" class=\"detail-desc-decorate-image\" width=\"800\" height=\"486\" src=\"https:\/\/ae01.alicdn.com\/kf\/H68d41373bb1940fb8a933fe6dc560366K.jpg\" slate-data-type=\"image\"\/><\/div>\n<\/div>\n<div class=\"detailmodule_text-image\">\n<div><\/div>\n<p class=\"MsoNormal\"><span style=\"color:rgb(255, 0, 0)\">Hinweis zum Kettenradmotor<\/span><\/p>\n<p class=\"MsoNormal\"><span style=\"color:rgb(255, 0, 0)\">Wir werden die Keilwellengr\u00f6\u00dfe schrittweise von 6-4 auf 6-5 umstellen.<\/span><\/p>\n<p class=\"MsoNormal\"><span style=\"color:rgb(255, 0, 0)\">Weil 6-5 verschlei\u00dffester und kompatibler ist.<\/span><\/p>\n<p class=\"MsoNormal\"><span style=\"color:rgb(255, 0, 0)\">Der Kontrast zwischen 6-4 und 6-5 stellt sich wie folgt dar:<\/span><\/p>\n<div><\/div>\n<p class=\"MsoNormal\"><img decoding=\"async\" width=\"800\" height=\"560\" src=\"https:\/\/ae01.alicdn.com\/kf\/H92532228f9054498b4de99b8855756a1U.jpg\" slate-data-type=\"image\"\/><\/p>\n<div><\/div>\n<p style=\"font-family:OpenSans;font-size:20px;font-weight:900;line-height:28px;white-space:pre-wrap;color:rgb(0, 0, 0);margin-bottom:12px\" class=\"detail-desc-decorate-title\"><span style=\"background-color:rgb(164, 221, 0);font-size:14px;font-family:&quot;lucida sans unicode&quot;, &quot;lucida grande&quot;, sans-serif\">Umr\u00fcsts\u00e4tze<\/span><\/p>\n<p style=\"color:rgb(208, 2, 27)\"><span style=\"font-size:14px;font-family:&quot;lucida sans unicode&quot;, &quot;lucida grande&quot;, sans-serif\">Wenn Sie an diesen Umbaus\u00e4tzen interessiert sind, k\u00f6nnen Sie auf das beigef\u00fcgte Bild klicken.<\/span><\/p>\n<div><\/div>\n<p style=\"color:rgb(208, 2, 27)\"><a href=\"https:\/\/www.aliexpress.com\/item\/4000003502810.html?spm=a2g0o.store_pc_groupList.8148356.40.58677d39u2VsRZ\" target=\"_self\" class=\"\"><img loading=\"lazy\" decoding=\"async\" width=\"285\" height=\"272\" src=\"https:\/\/ae01.alicdn.com\/kf\/H92409da29169482bb5733c44ef2fb23cC.jpg\" slate-data-type=\"image\"\/><\/a><\/p>\n<div><\/div>\n<\/div>\n<div class=\"detailmodule_text-image\">\n<p style=\"font-family:OpenSans;font-size:20px;font-weight:900;line-height:28px;white-space:pre-wrap;color:rgb(0, 0, 0);margin-bottom:12px\" class=\"detail-desc-decorate-title\"><span style=\"background-color:rgb(164, 221, 0);font-size:16px;font-family:&quot;lucida sans unicode&quot;, &quot;lucida grande&quot;, sans-serif\">Anwendung<\/span><\/p>\n<div><img decoding=\"async\" src=\"https:\/\/ae01.alicdn.com\/kf\/Sa12d2bcf8be845799786dd0294876ed4U.jpg\" slate-data-type=\"image\"\/><\/div>\n<\/div>\n<div><\/div>\n<\/div>\n<div>\u00a0<\/div>\n<p><span style=\"font-size:16px;font-family:&quot;lucida sans unicode&quot;, &quot;lucida grande&quot;, sans-serif\"><strong><span style=\"font-family:&quot;lucida sans unicode&quot;, &quot;lucida grande&quot;, sans-serif\"><span style=\"background-color:rgb(255, 255, 0);font-family:&quot;lucida sans unicode&quot;, &quot;lucida grande&quot;, sans-serif\"><span style=\"color:rgb(0, 0, 0);font-family:&quot;lucida sans unicode&quot;, &quot;lucida grande&quot;, sans-serif\">Programmierbare Software &amp; Benutzerhandbuch (Bevor Sie den Controller erhalten haben)\u00a0<\/span><\/span><\/span><\/strong><\/span><\/p>\n<p><\/p>\n<p style=\"font-family:&quot;open sans&quot;, roboto, arial, helvetica, sans-serif, simsun;font-size:14px;font-weight:400;letter-spacing:normal;line-height:inherit;text-align:start;white-space:normal;color:rgb(0, 0, 0);background-color:rgb(255, 255, 255);margin:0px;margin-bottom:0px;margin-top:0px;margin-left:0px;margin-right:0px;padding:0px;padding-bottom:0px;padding-top:0px;padding-left:0px;padding-right:0px;box-sizing:border-box\" align=\"start\"><span style=\"color:rgb(0, 0, 0);font-size:14px;font-family:&quot;lucida sans unicode&quot;, &quot;lucida grande&quot;, sans-serif\">Bitte kontaktieren Sie den Vertrieb, um den Link und das Passwort zum Herunterladen der Handb\u00fccher und der Software vor\/nach Erhalt der Controller zu erhalten.<\/span><\/p>\n<p style=\"font-family:&quot;open sans&quot;, roboto, arial, helvetica, sans-serif, simsun;font-size:14px;font-weight:400;letter-spacing:normal;line-height:inherit;text-align:start;white-space:normal;color:rgb(0, 0, 0);background-color:rgb(255, 255, 255);margin:0px;margin-bottom:0px;margin-top:0px;margin-left:0px;margin-right:0px;padding:0px;padding-bottom:0px;padding-top:0px;padding-left:0px;padding-right:0px;box-sizing:border-box\" align=\"start\"><\/p>\n<p style=\"font-family:&quot;open sans&quot;, roboto, arial, helvetica, sans-serif, simsun;font-size:14px;font-weight:400;letter-spacing:normal;line-height:inherit;text-align:start;white-space:normal;color:rgb(0, 0, 0);background-color:rgb(255, 255, 255);margin:0px;margin-bottom:0px;margin-top:0px;margin-left:0px;margin-right:0px;padding:0px;padding-bottom:0px;padding-top:0px;padding-left:0px;padding-right:0px;box-sizing:border-box\" align=\"start\"><kse:widget data-widget-type=\"customText\" id=\"1005000000987255\" type=\"custom\"><\/kse:widget><\/p>\n<p><\/p>","protected":false},"excerpt":{"rendered":"<p>Hign-concerned Chemical:&nbsp;None Other Part Number:&nbsp;a Placement on Vehicle:&nbsp;REAR Country\/Region of Manufacture:&nbsp;China Interchange Part Number:&nbsp;a Special Features:&nbsp;Driving Item Weight:&nbsp;13.7 Item Height:&nbsp;32 Item Width:&nbsp;31.5 Item Length:&nbsp;31.5 Manufacturer Part Number:&nbsp;a Origin:&nbsp;Mainland China Motor:&nbsp;DC<\/p>","protected":false},"featured_media":8229,"comment_status":"open","ping_status":"closed","template":"","meta":{"_acf_changed":false},"product_brand":[],"product_cat":[15,232],"product_tag":[],"class_list":{"0":"post-8228","1":"product","2":"type-product","3":"status-publish","4":"has-post-thumbnail","6":"product_cat-o","7":"product_cat-motorbikes","9":"first","10":"instock","11":"shipping-taxable","12":"purchasable","13":"product-type-simple"},"acf":[],"_links":{"self":[{"href":"https:\/\/www.electricstore.eu\/de\/wp-json\/wp\/v2\/product\/8228","targetHints":{"allow":["GET"]}}],"collection":[{"href":"https:\/\/www.electricstore.eu\/de\/wp-json\/wp\/v2\/product"}],"about":[{"href":"https:\/\/www.electricstore.eu\/de\/wp-json\/wp\/v2\/types\/product"}],"replies":[{"embeddable":true,"href":"https:\/\/www.electricstore.eu\/de\/wp-json\/wp\/v2\/comments?post=8228"}],"wp:featuredmedia":[{"embeddable":true,"href":"https:\/\/www.electricstore.eu\/de\/wp-json\/wp\/v2\/media\/8229"}],"wp:attachment":[{"href":"https:\/\/www.electricstore.eu\/de\/wp-json\/wp\/v2\/media?parent=8228"}],"wp:term":[{"taxonomy":"product_brand","embeddable":true,"href":"https:\/\/www.electricstore.eu\/de\/wp-json\/wp\/v2\/product_brand?post=8228"},{"taxonomy":"product_cat","embeddable":true,"href":"https:\/\/www.electricstore.eu\/de\/wp-json\/wp\/v2\/product_cat?post=8228"},{"taxonomy":"product_tag","embeddable":true,"href":"https:\/\/www.electricstore.eu\/de\/wp-json\/wp\/v2\/product_tag?post=8228"}],"curies":[{"name":"wp","href":"https:\/\/api.w.org\/{rel}","templated":true}]}}