{"id":7792,"date":"2025-05-15T19:57:33","date_gmt":"2025-05-15T19:57:33","guid":{"rendered":"https:\/\/electricstore.eu\/product\/evercross-tech-ev12m-300w-25-km-h-15-km12-children-electric-motorbike\/"},"modified":"2025-05-21T05:40:08","modified_gmt":"2025-05-21T05:40:08","slug":"evercross-tech-ev12m-300w-25-km-h-15-km12-children-electric-motorbike","status":"publish","type":"product","link":"https:\/\/www.electricstore.eu\/de\/p\/motorbikes\/electric-children-motorbikes\/evercross-tech-ev12m-300w-25-km-h-15-km12-children-electric-motorbike\/","title":{"rendered":"EVERCROSS TECH EV12M 300W 36V 4Ah 25km\/h 15km 12\u2033 Kinder Elektromotorrad"},"content":{"rendered":"<div class=\"product-specs-list-container\">\n<ul class=\"product-specs-list util-clearfix\">\n<li class=\"product-prop line-limit-length\"><span\n                                        class=\"property-title\">Modellnummer:&nbsp;<\/span><span\n                                        class=\"property-desc line-limit-length\">EV12M<\/span>\n                            <\/li>\n<li class=\"product-prop line-limit-length\"><span\n                                        class=\"property-title\">Bewertete Passagierkapazit\u00e4t:&nbsp;<\/span><span\n                                        class=\"property-desc line-limit-length\">Ein Sitz<\/span>\n                            <\/li>\n<li class=\"product-prop line-limit-length\"><span\n                                        class=\"property-title\">Stil:&nbsp;<\/span><span\n                                        class=\"property-desc line-limit-length\">Standardtyp<\/span>\n                            <\/li>\n<li class=\"product-prop line-limit-length\"><span\n                                        class=\"property-title\">H\u00f6chstgeschwindigkeit:&nbsp;<\/span><span\n                                        class=\"property-desc line-limit-length\">&lt;25km\/h<\/span>\n                            <\/li>\n<li class=\"product-prop line-limit-length\"><span\n                                        class=\"property-title\">Reichweite pro Leistung:&nbsp;<\/span><span\n                                        class=\"property-desc line-limit-length\">10 \u2013 30 km<\/span>\n                            <\/li>\n<li class=\"product-prop line-limit-length\"><span\n                                        class=\"property-title\">Leistung:&nbsp;<\/span><span\n                                        class=\"property-desc line-limit-length\">200 \u2013 250 W<\/span>\n                            <\/li>\n<li class=\"product-prop line-limit-length\"><span\n                                        class=\"property-title\">Stromversorgung:&nbsp;<\/span><span\n                                        class=\"property-desc line-limit-length\">Lithiumbatterie<\/span>\n                            <\/li>\n<li class=\"product-prop line-limit-length\"><span\n                                        class=\"property-title\">Stromspannung:&nbsp;<\/span><span\n                                        class=\"property-desc line-limit-length\">36 V<\/span>\n                            <\/li>\n<li class=\"product-prop line-limit-length\"><span\n                                        class=\"property-title\">Markenname:&nbsp;<\/span><span\n                                        class=\"property-desc line-limit-length\">EVERCROSS TECH<\/span>\n                            <\/li>\n<li class=\"product-prop line-limit-length\"><span\n                                        class=\"property-title\">Stromquelle:&nbsp;<\/span><span\n                                        class=\"property-desc line-limit-length\">Lithiumbatterie<\/span>\n                            <\/li>\n<li class=\"product-prop line-limit-length\"><span\n                                        class=\"property-title\">Herkunft:&nbsp;<\/span><span\n                                        class=\"property-desc line-limit-length\">Festlandchina<\/span>\n                            <\/li>\n<\/ul><\/div>\n<div class=\"detailmodule_html\">\n<div class=\"detail-desc-decorate-richtext\">\n<p><strong><span class=\"15\" style=\"font-family:Calibri\">SICHERHEITSRAT<\/span><\/strong><\/p>\n<p><strong><span class=\"15\" style=\"font-family:Calibri\">Das Elektromotorrad f\u00fcr Kinder EV12M ist robust und stabil. Wir empfehlen eine sorgf\u00e4ltige Montage durch zwei Erwachsene. \u00dcberpr\u00fcfen Sie vor jedem Gebrauch, ob alle Teile fest sitzen. Der Motor simuliert realistische Ger\u00e4usche f\u00fcr ein spa\u00dfiges Fahrerlebnis. LEISTUNGSSTARKER Motor 300W<\/span><\/strong><\/p>\n<p><strong><span class=\"15\" style=\"font-family:Calibri\">Ausgestattet mit einem 300-W-Motor erreicht dieses Motorrad eine H\u00f6chstgeschwindigkeit von 25 km\/h. Es ist f\u00fcr Kinder von 3 bis 12 Jahren geeignet und tr\u00e4gt eine maximale Belastung von 65 kg \u2013 perfekt f\u00fcr Abenteuer voller Nervenkitzel. NACHHALTIGER AKKU &amp; GESCHWINDIGKEITSMODUS<\/span><\/strong><\/p>\n<p><strong><span class=\"15\" style=\"font-family:Calibri\">Mit einem 36V 4AH Akku genie\u00dfen Sie eine Reichweite von bis zu 15 km pro voller Ladung. Die drei Geschwindigkeitsmodi (8 km\/h, 12 km\/h, 25 km\/h) bieten personalisierte Sicherheit und Fahrspa\u00df. KOMFORT &amp; SICHERHEIT<\/span><\/strong><\/p>\n<p><strong><span class=\"15\" style=\"font-family:Calibri\">Die leistungsstarke Federung und die 12-Zoll-Gummireifen sorgen f\u00fcr eine reibungslose Fahrt, auch auf unebenem Gel\u00e4nde. Das Trommelbremssystem bietet zuverl\u00e4ssige Sicherheit bei jeder Fahrt. IDEALES GESCHENK F\u00dcR KINDER<\/span><\/strong><\/p>\n<p><strong><span class=\"15\" style=\"font-family:Calibri\">Dieses Elektromotorrad ist das perfekte Geschenk f\u00fcr kleine Abenteuer. Es f\u00f6rdert Mut, Koordination und Fahrk\u00f6nnen \u2013 ein unvergessliches Erlebnis f\u00fcr einzigartige Kinder!<\/span><\/strong><\/p>\n<\/div>\n<\/div>","protected":false},"excerpt":{"rendered":"<p>Model Number:&nbsp;EV12M Rated Passenger Capacity:&nbsp;One Seat Style:&nbsp;Standard Type Max Speed:&nbsp;&lt;25km\/h Range per Power:&nbsp;10 &#8211; 30 km Wattage:&nbsp;200 &#8211; 250w Power Supply:&nbsp;lithium battery Voltage:&nbsp;36V Brand Name:&nbsp;EVERCROSS TECH Power Source:&nbsp;lithium battery Origin:&nbsp;Mainland<\/p>","protected":false},"featured_media":7793,"comment_status":"open","ping_status":"closed","template":"","meta":{"_acf_changed":false},"product_brand":[],"product_cat":[313],"product_tag":[327],"class_list":{"0":"post-7792","1":"product","2":"type-product","3":"status-publish","4":"has-post-thumbnail","6":"product_cat-electric-children-motorbikes","7":"product_tag-evercross","9":"first","10":"instock","11":"shipping-taxable","12":"purchasable","13":"product-type-variable"},"acf":[],"_links":{"self":[{"href":"https:\/\/www.electricstore.eu\/de\/wp-json\/wp\/v2\/product\/7792","targetHints":{"allow":["GET"]}}],"collection":[{"href":"https:\/\/www.electricstore.eu\/de\/wp-json\/wp\/v2\/product"}],"about":[{"href":"https:\/\/www.electricstore.eu\/de\/wp-json\/wp\/v2\/types\/product"}],"replies":[{"embeddable":true,"href":"https:\/\/www.electricstore.eu\/de\/wp-json\/wp\/v2\/comments?post=7792"}],"wp:featuredmedia":[{"embeddable":true,"href":"https:\/\/www.electricstore.eu\/de\/wp-json\/wp\/v2\/media\/7793"}],"wp:attachment":[{"href":"https:\/\/www.electricstore.eu\/de\/wp-json\/wp\/v2\/media?parent=7792"}],"wp:term":[{"taxonomy":"product_brand","embeddable":true,"href":"https:\/\/www.electricstore.eu\/de\/wp-json\/wp\/v2\/product_brand?post=7792"},{"taxonomy":"product_cat","embeddable":true,"href":"https:\/\/www.electricstore.eu\/de\/wp-json\/wp\/v2\/product_cat?post=7792"},{"taxonomy":"product_tag","embeddable":true,"href":"https:\/\/www.electricstore.eu\/de\/wp-json\/wp\/v2\/product_tag?post=7792"}],"curies":[{"name":"wp","href":"https:\/\/api.w.org\/{rel}","templated":true}]}}