{"id":7768,"date":"2025-05-15T19:55:22","date_gmt":"2025-05-15T19:55:22","guid":{"rendered":"https:\/\/electricstore.eu\/product\/evercross-tech-ev-08m-150w-8-16-km-h-10km-12-children-electric-motorbike\/"},"modified":"2025-05-21T05:40:08","modified_gmt":"2025-05-21T05:40:08","slug":"evercross-tech-ev-08m-150w-8-16-km-h-10km-12-children-electric-motorbike","status":"publish","type":"product","link":"https:\/\/www.electricstore.eu\/de\/p\/motorbikes\/electric-children-motorbikes\/evercross-tech-ev-08m-150w-8-16-km-h-10km-12-children-electric-motorbike\/","title":{"rendered":"EVERCROSS TECH EV08M 150W 12V 4Ah 16km\/h 10km 12\u2033 Kinder Elektromotorrad"},"content":{"rendered":"<div class=\"product-specs-list-container\">\n<ul class=\"product-specs-list util-clearfix\">\n<li class=\"product-prop line-limit-length\"><span\n                                        class=\"property-title\">Modellnummer:&nbsp;<\/span><span\n                                        class=\"property-desc line-limit-length\">EV08M<\/span>\n                            <\/li>\n<li class=\"product-prop line-limit-length\"><span\n                                        class=\"property-title\">Bewertete Passagierkapazit\u00e4t:&nbsp;<\/span><span\n                                        class=\"property-desc line-limit-length\">Ein Sitz<\/span>\n                            <\/li>\n<li class=\"product-prop line-limit-length\"><span\n                                        class=\"property-title\">Stil:&nbsp;<\/span><span\n                                        class=\"property-desc line-limit-length\">Standardtyp<\/span>\n                            <\/li>\n<li class=\"product-prop line-limit-length\"><span\n                                        class=\"property-title\">H\u00f6chstgeschwindigkeit:&nbsp;<\/span><span\n                                        class=\"property-desc line-limit-length\">&lt;25km\/h<\/span>\n                            <\/li>\n<li class=\"product-prop line-limit-length\"><span\n                                        class=\"property-title\">Reichweite pro Leistung:&nbsp;<\/span><span\n                                        class=\"property-desc line-limit-length\">10 \u2013 30 km<\/span>\n                            <\/li>\n<li class=\"product-prop line-limit-length\"><span\n                                        class=\"property-title\">Leistung:&nbsp;<\/span><span\n                                        class=\"property-desc line-limit-length\">&lt; 200 W<\/span>\n                            <\/li>\n<li class=\"product-prop line-limit-length\"><span\n                                        class=\"property-title\">Stromversorgung:&nbsp;<\/span><span\n                                        class=\"property-desc line-limit-length\">Lithiumbatterie<\/span>\n                            <\/li>\n<li class=\"product-prop line-limit-length\"><span\n                                        class=\"property-title\">Stromspannung:&nbsp;<\/span><span\n                                        class=\"property-desc line-limit-length\">12 V<\/span>\n                            <\/li>\n<li class=\"product-prop line-limit-length\"><span\n                                        class=\"property-title\">Markenname:&nbsp;<\/span><span\n                                        class=\"property-desc line-limit-length\">EVERCROSS TECH<\/span>\n                            <\/li>\n<li class=\"product-prop line-limit-length\"><span\n                                        class=\"property-title\">Stromquelle:&nbsp;<\/span><span\n                                        class=\"property-desc line-limit-length\">Lithiumbatterie<\/span>\n                            <\/li>\n<li class=\"product-prop line-limit-length\"><span\n                                        class=\"property-title\">Herkunft:&nbsp;<\/span><span\n                                        class=\"property-desc line-limit-length\">Festlandchina<\/span>\n                            <\/li>\n<\/ul><\/div>\n<div class=\"detailmodule_html\">\n<div class=\"detail-desc-decorate-richtext\">\n<p class=\"MsoNormal\"><strong><span style=\"font-size:10.5pt;font-family:Calibri\">LEISTUNGSSTARKER MOTOR MIT ANPASSENDEN GESCHWINDIGKEITSMODUS<\/span><\/strong><\/p>\n<p class=\"MsoNormal\"><span style=\"font-size:10.5pt;font-family:Calibri\">Das Elektromotorrad<\/span><span style=\"font-size:10.5pt;font-family:\u5b8b\u4f53\">EVERROSS TECH<\/span><span style=\"font-size:10.5pt;font-family:Calibri\">Der EV08M ist mit einem 150-W-Motor ausgestattet und erreicht eine H\u00f6chstgeschwindigkeit von 16 km\/h. Die zwei einstellbaren Geschwindigkeitsstufen (8 km\/h und 16 km\/h) bieten ein sicheres und unterhaltsames Fahrerlebnis, das sich an das Selbstvertrauen und das Alter der Kinder anpassen l\u00e4sst.<\/span><\/p>\n<p><\/p>\n<p class=\"MsoNormal\"><strong><span style=\"font-size:10.5pt;font-family:Calibri\">LANGE AUTONOMIE F\u00dcR MEHR VERGN\u00dcGEN<\/span><\/strong><\/p>\n<p class=\"MsoNormal\"><span style=\"font-size:10.5pt;font-family:Calibri\">Ausgestattet mit einem hocheffizienten 14,4-V-4-Ah-Akku bietet dieses Motorrad eine Reichweite von bis zu 10 km pro Ladung \u2013 ideal f\u00fcr ausgedehnte Abenteuer ohne h\u00e4ufige Unterbrechungen. Die perfekte Wahl f\u00fcr Familienausfl\u00fcge und Outdoor-Aktivit\u00e4ten.<\/span><\/p>\n<p><\/p>\n<p class=\"MsoNormal\"><strong><span style=\"font-size:10.5pt;font-family:Calibri\">SICHERHEITSBREMSANLAGE<\/span><\/strong><\/p>\n<p class=\"MsoNormal\"><span style=\"font-size:10.5pt;font-family:Calibri\">Die intuitive Bremse gew\u00e4hrleistet eine einfache Steuerung und erm\u00f6glicht Kindern, das Motorrad sicher anzuhalten. Dieser einfache und effektive Mechanismus garantiert kleinen Fahrern ein entspanntes Fahrerlebnis.<\/span><\/p>\n<p><\/p>\n<p class=\"MsoNormal\"><strong><span style=\"font-size:10.5pt;font-family:Calibri\">NACHHALTIGES DESIGN F\u00dcR FL\u00dcSSIGKEITSFAHRTEN<\/span><\/strong><\/p>\n<p class=\"MsoNormal\"><span style=\"font-size:10.5pt;font-family:Calibri\">Ausgestattet mit 12-Zoll-Gummireifen, tr\u00e4gt dieses Motorrad bis zu 50 kg und bietet optimale Stabilit\u00e4t auf unterschiedlichem Terrain. Frontscheinwerfer und ein robuster Rahmen erh\u00f6hen Sicherheit und Komfort zus\u00e4tzlich.<\/span><\/p>\n<p><\/p>\n<p class=\"MsoNormal\"><strong><span style=\"font-size:10.5pt;font-family:Calibri\">RETRO-STIL MIT MODELLEN<\/span><\/strong><\/p>\n<p class=\"MsoNormal\"><span style=\"font-size:10.5pt;font-family:Calibri\">Das Vintage-Design des EV08M wird durch moderne Elemente wie aufblasbare Reifen, Scheinwerfer und anpassbare Geschwindigkeitsmodi erg\u00e4nzt. Ein perfekter Neoprenanzug, der klassisches Aussehen und Innovation vereint und Kinder wie Eltern gleicherma\u00dfen begeistert.<\/span><\/p>\n<\/div>\n<\/div>","protected":false},"excerpt":{"rendered":"<p>Model Number:&nbsp;EV08M Rated Passenger Capacity:&nbsp;One Seat Style:&nbsp;Standard Type Max Speed:&nbsp;&lt;25km\/h Range per Power:&nbsp;10 &#8211; 30 km Wattage:&nbsp;&lt; 200W Power Supply:&nbsp;lithium battery Voltage:&nbsp;12V Brand Name:&nbsp;EVERCROSS TECH Power Source:&nbsp;lithium battery Origin:&nbsp;Mainland China<\/p>","protected":false},"featured_media":7769,"comment_status":"open","ping_status":"closed","template":"","meta":{"_acf_changed":false},"product_brand":[],"product_cat":[313],"product_tag":[327],"class_list":{"0":"post-7768","1":"product","2":"type-product","3":"status-publish","4":"has-post-thumbnail","6":"product_cat-electric-children-motorbikes","7":"product_tag-evercross","9":"first","10":"instock","11":"shipping-taxable","12":"purchasable","13":"product-type-variable"},"acf":[],"_links":{"self":[{"href":"https:\/\/www.electricstore.eu\/de\/wp-json\/wp\/v2\/product\/7768","targetHints":{"allow":["GET"]}}],"collection":[{"href":"https:\/\/www.electricstore.eu\/de\/wp-json\/wp\/v2\/product"}],"about":[{"href":"https:\/\/www.electricstore.eu\/de\/wp-json\/wp\/v2\/types\/product"}],"replies":[{"embeddable":true,"href":"https:\/\/www.electricstore.eu\/de\/wp-json\/wp\/v2\/comments?post=7768"}],"wp:featuredmedia":[{"embeddable":true,"href":"https:\/\/www.electricstore.eu\/de\/wp-json\/wp\/v2\/media\/7769"}],"wp:attachment":[{"href":"https:\/\/www.electricstore.eu\/de\/wp-json\/wp\/v2\/media?parent=7768"}],"wp:term":[{"taxonomy":"product_brand","embeddable":true,"href":"https:\/\/www.electricstore.eu\/de\/wp-json\/wp\/v2\/product_brand?post=7768"},{"taxonomy":"product_cat","embeddable":true,"href":"https:\/\/www.electricstore.eu\/de\/wp-json\/wp\/v2\/product_cat?post=7768"},{"taxonomy":"product_tag","embeddable":true,"href":"https:\/\/www.electricstore.eu\/de\/wp-json\/wp\/v2\/product_tag?post=7768"}],"curies":[{"name":"wp","href":"https:\/\/api.w.org\/{rel}","templated":true}]}}