{"id":7705,"date":"2025-05-15T19:49:11","date_gmt":"2025-05-15T19:49:11","guid":{"rendered":"https:\/\/electricstore.eu\/product\/m10-72v-50ah-10000w-dual-drive-electric-motorbike\/"},"modified":"2025-05-21T05:40:10","modified_gmt":"2025-05-21T05:40:10","slug":"m10-72v-50ah-10000w-dual-drive-electric-motorbike","status":"publish","type":"product","link":"https:\/\/www.electricstore.eu\/de\/p\/motorbikes\/electric-minibikes\/m10-72v-50ah-10000w-dual-drive-electric-motorbike\/","title":{"rendered":"Electrib M10 10000W &gt;60V 50Ah 50-70km\/h 60-80km 14\u2033 Doppelantrieb Elektromotorrad"},"content":{"rendered":"<div class=\"product-specs-list-container\">\n<ul class=\"product-specs-list util-clearfix\">\n<li class=\"product-prop line-limit-length\"><span\n                                        class=\"property-title\">Modellnummer:&nbsp;<\/span><span\n                                        class=\"property-desc line-limit-length\">M10<\/span>\n                            <\/li>\n<li class=\"product-prop line-limit-length\"><span\n                                        class=\"property-title\">Kategorie:&nbsp;<\/span><span\n                                        class=\"property-desc line-limit-length\">Zweirad-Scooter<\/span>\n                            <\/li>\n<li class=\"product-prop line-limit-length\"><span\n                                        class=\"property-title\">Anwendbare Personen:&nbsp;<\/span><span\n                                        class=\"property-desc line-limit-length\">Unisex<\/span>\n                            <\/li>\n<li class=\"product-prop line-limit-length\"><span\n                                        class=\"property-title\">Reichweite pro Ladung:&nbsp;<\/span><span\n                                        class=\"property-desc line-limit-length\">60-80 km<\/span>\n                            <\/li>\n<li class=\"product-prop line-limit-length\"><span\n                                        class=\"property-title\">Ladezeit:&nbsp;<\/span><span\n                                        class=\"property-desc line-limit-length\">8-10 Stunden<\/span>\n                            <\/li>\n<li class=\"product-prop line-limit-length\"><span\n                                        class=\"property-title\">Stromspannung:&nbsp;<\/span><span\n                                        class=\"property-desc line-limit-length\">&gt;60 V<\/span>\n                            <\/li>\n<li class=\"product-prop line-limit-length\"><span\n                                        class=\"property-title\">Gefaltet:&nbsp;<\/span><span\n                                        class=\"property-desc line-limit-length\">NEIN<\/span>\n                            <\/li>\n<li class=\"product-prop line-limit-length\"><span\n                                        class=\"property-title\">Herkunft:&nbsp;<\/span><span\n                                        class=\"property-desc line-limit-length\">Festlandchina<\/span>\n                            <\/li>\n<li class=\"product-prop line-limit-length\"><span\n                                        class=\"property-title\">Leistung (W):&nbsp;<\/span><span\n                                        class=\"property-desc line-limit-length\">10000 W<\/span>\n                            <\/li>\n<li class=\"product-prop line-limit-length\"><span\n                                        class=\"property-title\">Ursprungsland:&nbsp;<\/span><span\n                                        class=\"property-desc line-limit-length\">China<\/span>\n                            <\/li>\n<li class=\"product-prop line-limit-length\"><span\n                                        class=\"property-title\">Marke:&nbsp;<\/span><span\n                                        class=\"property-desc line-limit-length\">MM<\/span>\n                            <\/li>\n<li class=\"product-prop line-limit-length\"><span\n                                        class=\"property-title\">Modell:&nbsp;<\/span><span\n                                        class=\"property-desc line-limit-length\">M10<\/span>\n                            <\/li>\n<li class=\"product-prop line-limit-length\"><span\n                                        class=\"property-title\">Ladezeit:&nbsp;<\/span><span\n                                        class=\"property-desc line-limit-length\">6-8 Stunden<\/span>\n                            <\/li>\n<li class=\"product-prop line-limit-length\"><span\n                                        class=\"property-title\">Ob man falten sollte:&nbsp;<\/span><span\n                                        class=\"property-desc line-limit-length\">Ja<\/span>\n                            <\/li>\n<li class=\"product-prop line-limit-length\"><span\n                                        class=\"property-title\">Kilometer pro Ladung:&nbsp;<\/span><span\n                                        class=\"property-desc line-limit-length\">60-80 Kilometer<\/span>\n                            <\/li>\n<li class=\"product-prop line-limit-length\"><span\n                                        class=\"property-title\">H\u00f6chstgeschwindigkeit:&nbsp;<\/span><span\n                                        class=\"property-desc line-limit-length\">50-70 km\/h<\/span>\n                            <\/li>\n<li class=\"product-prop line-limit-length\"><span\n                                        class=\"property-title\">Einstufung:&nbsp;<\/span><span\n                                        class=\"property-desc line-limit-length\">zweir\u00e4driger Roller<\/span>\n                            <\/li>\n<li class=\"product-prop line-limit-length\"><span\n                                        class=\"property-title\">Zielgruppe:&nbsp;<\/span><span\n                                        class=\"property-desc line-limit-length\">Unisex<\/span>\n                            <\/li>\n<li class=\"product-prop line-limit-length\"><span\n                                        class=\"property-title\">Intelligent:&nbsp;<\/span><span\n                                        class=\"property-desc line-limit-length\">elektronisch<\/span>\n                            <\/li>\n<li class=\"product-prop line-limit-length\"><span\n                                        class=\"property-title\">Batteriekapazit\u00e4t:&nbsp;<\/span><span\n                                        class=\"property-desc line-limit-length\">30 Ah \/ 40 Ah<\/span>\n                            <\/li>\n<li class=\"product-prop line-limit-length\"><span\n                                        class=\"property-title\">patentiertes Produkt:&nbsp;<\/span><span\n                                        class=\"property-desc line-limit-length\">Gebrauchsmusterpatent<\/span>\n                            <\/li>\n<li class=\"product-prop line-limit-length\"><span\n                                        class=\"property-title\">Motor:&nbsp;<\/span><span\n                                        class=\"property-desc line-limit-length\">B\u00fcrstenlos<\/span>\n                            <\/li>\n<li class=\"product-prop line-limit-length\"><span\n                                        class=\"property-title\">wasserdicht:&nbsp;<\/span><span\n                                        class=\"property-desc line-limit-length\">wasserdicht<\/span>\n                            <\/li>\n<li class=\"product-prop line-limit-length\"><span\n                                        class=\"property-title\">Leistung:&nbsp;<\/span><span\n                                        class=\"property-desc line-limit-length\">10000 W<\/span>\n                            <\/li>\n<li class=\"product-prop line-limit-length\"><span\n                                        class=\"property-title\">Plug-in-Methode:&nbsp;<\/span><span\n                                        class=\"property-desc line-limit-length\">Japanischer Stecker, US-Standard, europ\u00e4ischer Stecker<\/span>\n                            <\/li>\n<li class=\"product-prop line-limit-length\"><span\n                                        class=\"property-title\">Federungstyp:&nbsp;<\/span><span\n                                        class=\"property-desc line-limit-length\">Vollfederung<\/span>\n                            <\/li>\n<li class=\"product-prop line-limit-length\"><span\n                                        class=\"property-title\">Maximale Belastung:&nbsp;<\/span><span\n                                        class=\"property-desc line-limit-length\">200 kg<\/span>\n                            <\/li>\n<li class=\"product-prop line-limit-length\"><span\n                                        class=\"property-title\">Akku-Typ:&nbsp;<\/span><span\n                                        class=\"property-desc line-limit-length\">Lithiumbatterie<\/span>\n                            <\/li>\n<li class=\"product-prop line-limit-length\"><span\n                                        class=\"property-title\">Komponentenmaterial:&nbsp;<\/span><span\n                                        class=\"property-desc line-limit-length\">Aluminiumlegierung<\/span>\n                            <\/li>\n<li class=\"product-prop line-limit-length\"><span\n                                        class=\"property-title\">Kontrollmethode:&nbsp;<\/span><span\n                                        class=\"property-desc line-limit-length\">Fernbedienung, App-Steuerung, Sprachsteuerung<\/span>\n                            <\/li>\n<li class=\"product-prop line-limit-length\"><span\n                                        class=\"property-title\">Bremssystem:&nbsp;<\/span><span\n                                        class=\"property-desc line-limit-length\">Elektronik, Scheibe, Hydraulische Scheibe<\/span>\n                            <\/li>\n<li class=\"product-prop line-limit-length\"><span\n                                        class=\"property-title\">Funktion:&nbsp;<\/span><span\n                                        class=\"property-desc line-limit-length\">Umweltfreundlich, faltbar, wasserdicht, tragbar, leicht, LED-Licht<\/span>\n                            <\/li>\n<li class=\"product-prop line-limit-length\"><span\n                                        class=\"property-title\">H\u00f6he des Artikels von unten nach oben:&nbsp;<\/span><span\n                                        class=\"property-desc line-limit-length\">45 Zoll und mehr<\/span>\n                            <\/li>\n<li class=\"product-prop line-limit-length\"><span\n                                        class=\"property-title\">Reichweite pro Ladung:&nbsp;<\/span><span\n                                        class=\"property-desc line-limit-length\">100-150 km<\/span>\n                            <\/li>\n<li class=\"product-prop line-limit-length\"><span\n                                        class=\"property-title\">H\u00f6chstgeschwindigkeit:&nbsp;<\/span><span\n                                        class=\"property-desc line-limit-length\">31-40km\/h<\/span>\n                            <\/li>\n<li class=\"product-prop line-limit-length\"><span\n                                        class=\"property-title\">Herkunftsort:&nbsp;<\/span><span\n                                        class=\"property-desc line-limit-length\">Jiangsu, China<\/span>\n                            <\/li>\n<li class=\"product-prop line-limit-length\"><span\n                                        class=\"property-title\">Smart-Typ:&nbsp;<\/span><span\n                                        class=\"property-desc line-limit-length\">Bluetooth<\/span>\n                            <\/li>\n<li class=\"product-prop line-limit-length\"><span\n                                        class=\"property-title\">Ladezeit:&nbsp;<\/span><span\n                                        class=\"property-desc line-limit-length\">6-8 Stunden<\/span>\n                            <\/li>\n<li class=\"product-prop line-limit-length\"><span\n                                        class=\"property-title\">Kategorie:&nbsp;<\/span><span\n                                        class=\"property-desc line-limit-length\">Zweirad-Scooter<\/span>\n                            <\/li>\n<li class=\"product-prop line-limit-length\"><span\n                                        class=\"property-title\">Anwendbare Personen:&nbsp;<\/span><span\n                                        class=\"property-desc line-limit-length\">Unisex<\/span>\n                            <\/li>\n<li class=\"product-prop line-limit-length\"><span\n                                        class=\"property-title\">Batteriekapazit\u00e4t:&nbsp;<\/span><span\n                                        class=\"property-desc line-limit-length\">&gt; 40Ah<\/span>\n                            <\/li>\n<li class=\"product-prop line-limit-length\"><span\n                                        class=\"property-title\">Material:&nbsp;<\/span><span\n                                        class=\"property-desc line-limit-length\">Verst\u00e4rktes Eisen + Aluminiumlegierung<\/span>\n                            <\/li>\n<li class=\"product-prop line-limit-length\"><span\n                                        class=\"property-title\">Reifengr\u00f6\u00dfe:&nbsp;<\/span><span\n                                        class=\"property-desc line-limit-length\">14-Zoll-Reifen<\/span>\n                            <\/li>\n<li class=\"product-prop line-limit-length\"><span\n                                        class=\"property-title\">Zertifikat:&nbsp;<\/span><span\n                                        class=\"property-desc line-limit-length\"><\/span>\n                            <\/li>\n<\/ul><\/div>\n<div class=\"detailmodule_html\">\n<div class=\"detail-desc-decorate-richtext\">\n<div id=\"ali-anchor-AliPostDhMb-CWMYZ\" style=\"padding-top:8px\" class=\"mceSectionContainer\">\n<div id=\"ali-title-AliPostDhMb-CWMYZ\" style=\"border-bottom:1px solid rgb(221, 221, 221);padding:8px 0px;padding-bottom:8px;padding-top:8px;padding-left:0px;padding-right:0px\"><span style=\"background-color:rgb(221, 221, 221);color:rgb(51, 51, 51)\">Produktbeschreibung<\/span><\/div>\n<div style=\"padding:10px 0px;padding-bottom:10px;padding-top:10px;padding-left:0px;padding-right:0px\"><img decoding=\"async\" style=\"width:100%\" width=\"100%\" src=\"https:\/\/ae01.alicdn.com\/kf\/S589df6d0e4e647c9ae89d3a7fbd2120aE.jpg?width=1700&amp;height=1700&amp;hash=3400\" slate-data-type=\"image\"\/><br \/><img decoding=\"async\" style=\"width:100%\" width=\"100%\" src=\"https:\/\/ae01.alicdn.com\/kf\/S147230ac33c641d783109fbe67b871abB.jpg?width=1024&amp;height=1024&amp;hash=2048\" slate-data-type=\"image\"\/><br \/><img decoding=\"async\" style=\"width:100%\" width=\"100%\" src=\"https:\/\/ae01.alicdn.com\/kf\/Sf48a9f6fa4db4d02ba419e466eb55f2eM.jpg?width=1000&amp;height=1000&amp;hash=2000\" slate-data-type=\"image\"\/><br \/><img decoding=\"async\" src=\"https:\/\/ae01.alicdn.com\/kf\/S589df6d0e4e647c9ae89d3a7fbd2120aE.jpg?width=1700&amp;height=1700&amp;hash=3400\" slate-data-type=\"image\"\/> <img decoding=\"async\" src=\"https:\/\/ae01.alicdn.com\/kf\/S6057c999aa2143e1b1463cffe1fbaa03O.jpg?width=1700&amp;height=1700&amp;hash=3400\" slate-data-type=\"image\"\/> <img decoding=\"async\" src=\"https:\/\/ae01.alicdn.com\/kf\/Sf777a634f2034a6daa48f80948aad775M.jpg?width=1700&amp;height=1700&amp;hash=3400\" slate-data-type=\"image\"\/> <img decoding=\"async\" src=\"https:\/\/ae01.alicdn.com\/kf\/Sf7672062435a417ab72bc32340dbcd6bJ.jpg?width=1700&amp;height=1700&amp;hash=3400\" slate-data-type=\"image\"\/> <img decoding=\"async\" src=\"https:\/\/ae01.alicdn.com\/kf\/S757b4b19bb6546859a467cc641fe1b2fM.jpg?width=1700&amp;height=1700&amp;hash=3400\" slate-data-type=\"image\"\/> <img decoding=\"async\" src=\"https:\/\/ae01.alicdn.com\/kf\/Sebe5663af04049579fe73d71cf44354e7.jpg?width=1700&amp;height=1700&amp;hash=3400\" slate-data-type=\"image\"\/> <img decoding=\"async\" src=\"https:\/\/ae01.alicdn.com\/kf\/Sf7fdd77acdfa4de5a083153d33120da2w.jpg?width=1700&amp;height=1700&amp;hash=3400\" slate-data-type=\"image\"\/> <img decoding=\"async\" src=\"https:\/\/ae01.alicdn.com\/kf\/S0dad8d8c851f437a8a503bc3b4ef272d7.jpg?width=1700&amp;height=1700&amp;hash=3400\" slate-data-type=\"image\"\/> <img decoding=\"async\" src=\"https:\/\/ae01.alicdn.com\/kf\/Sd07e4d7c400a440ba29acafa38f68a36B.jpg?width=1700&amp;height=1700&amp;hash=3400\" slate-data-type=\"image\"\/> <img decoding=\"async\" src=\"https:\/\/ae01.alicdn.com\/kf\/S8d2074c1e7824d838fc6f700f9e5454eG.jpg?width=1700&amp;height=1700&amp;hash=3400\" slate-data-type=\"image\"\/> <img decoding=\"async\" src=\"https:\/\/ae01.alicdn.com\/kf\/S50d6834cd0a4423981ba560771e92663y.jpg?width=1700&amp;height=1700&amp;hash=3400\" slate-data-type=\"image\"\/><\/div>\n<\/div>\n<div id=\"ali-anchor-AliPostDhMb-QrXan\" style=\"padding-top:8px\" class=\"mceSectionContainer\">\n<div id=\"ali-title-AliPostDhMb-QrXan\" style=\"border-bottom:1px solid rgb(221, 221, 221);padding:8px 0px;padding-bottom:8px;padding-top:8px;padding-left:0px;padding-right:0px\"><span style=\"background-color:rgb(221, 221, 221);color:rgb(51, 51, 51)\">Spezifikation<\/span><\/div>\n<div id=\"ali-desLoader-AliPostDhMb-QrXan\" style=\"padding:10px 4px;padding-bottom:10px;padding-top:10px;padding-left:4px;padding-right:4px\">\n<table style=\"border-collapse:collapse;background-color:rgb(255, 255, 255)\" border=\"1px\">\n<tbody>\n<tr>\n<td style=\"padding:5px 10px;width:259px\">\n<p>Artikel<\/p>\n<\/td>\n<td style=\"padding:5px 10px;width:443px\">\n<p>Wert<\/p>\n<\/td>\n<\/tr>\n<tr>\n<td style=\"padding:5px 10px;width:259px\">\n<p>Faltbar<\/p>\n<\/td>\n<td style=\"padding:5px 10px;width:443px\">\n<p>Ja<\/p>\n<\/td>\n<\/tr>\n<tr>\n<td style=\"padding:5px 10px;width:259px\">\n<p>Reichweite pro Ladung<\/p>\n<\/td>\n<td style=\"padding:5px 10px;width:443px\">\n<p>60-80 km<\/p>\n<\/td>\n<\/tr>\n<tr>\n<td style=\"padding:5px 10px;width:259px\">\n<p>Maximalgeschwindigkeit<\/p>\n<\/td>\n<td style=\"padding:5px 10px;width:443px\">\n<p>50-70 km\/h<\/p>\n<\/td>\n<\/tr>\n<tr>\n<td style=\"padding:5px 10px;width:259px\">\n<p>Herkunftsort<\/p>\n<\/td>\n<td style=\"padding:5px 10px;width:443px\">\n<p>China<\/p>\n<\/td>\n<\/tr>\n<tr>\n<td style=\"padding:5px 10px;width:259px\">\n<p>&#8211;<\/p>\n<\/td>\n<td style=\"padding:5px 10px;width:443px\">\n<p>Jiangsu<\/p>\n<\/td>\n<\/tr>\n<tr>\n<td style=\"padding:5px 10px;width:259px\">\n<p>Intelligenter Typ<\/p>\n<\/td>\n<td style=\"padding:5px 10px;width:443px\">\n<p>elektronisch<\/p>\n<\/td>\n<\/tr>\n<tr>\n<td style=\"padding:5px 10px;width:259px\">\n<p>Markenname<\/p>\n<\/td>\n<td style=\"padding:5px 10px;width:443px\">\n<p>Jinmingchan<\/p>\n<\/td>\n<\/tr>\n<tr>\n<td style=\"padding:5px 10px;width:259px\">\n<p>Ladezeit<\/p>\n<\/td>\n<td style=\"padding:5px 10px;width:443px\">\n<p>6-8 Stunden<\/p>\n<\/td>\n<\/tr>\n<tr>\n<td style=\"padding:5px 10px;width:259px\">\n<p>Kategorie<\/p>\n<\/td>\n<td style=\"padding:5px 10px;width:443px\">\n<p>Zweirad-Scooter<\/p>\n<\/td>\n<\/tr>\n<tr>\n<td style=\"padding:5px 10px;width:259px\">\n<p>Anwendbare Personen<\/p>\n<\/td>\n<td style=\"padding:5px 10px;width:443px\">\n<p>Unisex<\/p>\n<\/td>\n<\/tr>\n<tr>\n<td style=\"padding:5px 10px;width:259px\">\n<p>Batteriekapazit\u00e4t<\/p>\n<\/td>\n<td style=\"padding:5px 10px;width:443px\">\n<p>30 Ah \/ 40 Ah<\/p>\n<\/td>\n<\/tr>\n<tr>\n<td style=\"padding:5px 10px;width:259px\">\n<p>Patentiertes Produkt<\/p>\n<\/td>\n<td style=\"padding:5px 10px;width:443px\">\n<p>Gebrauchsmusterpatent<\/p>\n<\/td>\n<\/tr>\n<\/tbody>\n<\/table>\n<\/div>\n<\/div>\n<div id=\"ali-anchor-AliPostDhMb-3FlYX\" style=\"padding-top:8px\" class=\"mceSectionContainer\">\n<div id=\"ali-title-AliPostDhMb-3FlYX\" style=\"border-bottom:1px solid rgb(221, 221, 221);padding:8px 0px;padding-bottom:8px;padding-top:8px;padding-left:0px;padding-right:0px\"><span style=\"background-color:rgb(221, 221, 221);color:rgb(51, 51, 51)\">Verkaufsargument<\/span><\/div>\n<div style=\"padding:10px 4px;padding-bottom:10px;padding-top:10px;padding-left:4px;padding-right:4px\">\n<p>1. Doppelmotorleistung: Der Dokma D-NOVA Elektroroller verf\u00fcgt \u00fcber ein leistungsstarkes Doppelmotorsystem, das f\u00fcr schnelle Kraftentfaltung und ein sanftes Fahrgef\u00fchl sorgt.<\/p>\n<p>2. Individuell anpassbare Acrylbeleuchtung: Die einzigartige Acrylbeleuchtung des Scooters erm\u00f6glicht eine individuelle Gestaltung, die Ihrem pers\u00f6nlichen Stil entspricht und in der schnelllebigen Stadt f\u00fcr ein unverwechselbares Erscheinungsbild sorgt.<\/p>\n<p>3. Zusammenklappbar und leicht: Mit einem Gewicht von nur 14 kg ist dieser Scooter leicht und einfach zusammenzuklappen, was ihn perfekt f\u00fcr alle macht, die sich in belebten Gegenden bewegen oder stilvoll pendeln m\u00f6chten.<\/p>\n<p>4. Rahmen aus Aluminiumlegierung: Der D-NOVA Elektroroller ist mit einem robusten Rahmen aus Aluminiumlegierung ausgestattet und bietet somit eine stabile Plattform, die Fahrer bis zu 200 kg tr\u00e4gt und H\u00f6chstgeschwindigkeiten von bis zu 105 km\/h erm\u00f6glicht.<\/p>\n<p>5. CE-zertifiziert und sicherheitskonform: Der Dokma D-NOVA Elektroroller hat die CE-Zertifizierung erhalten, wodurch sichergestellt wird, dass er strenge Sicherheitsstandards erf\u00fcllt und in verschiedenen Umgebungen bedenkenlos eingesetzt werden kann.<\/p>\n<\/div>\n<\/div>\n<div id=\"ali-anchor-AliPostDhMb-W5Kby\" style=\"padding-top:8px\" class=\"mceSectionContainer\">\n<div id=\"ali-title-AliPostDhMb-W5Kby\" style=\"border-bottom:1px solid rgb(221, 221, 221);padding:8px 0px;padding-bottom:8px;padding-top:8px;padding-left:0px;padding-right:0px\"><span style=\"background-color:rgb(221, 221, 221);color:rgb(51, 51, 51)\">Unternehmensvorstellung<\/span><\/div>\n<div style=\"padding:10px 4px;padding-bottom:10px;padding-top:10px;padding-left:4px;padding-right:4px\">\n<p>Suzhou Jinming Cicada Technology Co., Ltd., gegr\u00fcndet 2019, ist ein professionelles Hightech-Unternehmen, das sich der Forschung, Entwicklung, Innovation und dem Vertrieb von Outdoor- und Elektronikprodukten widmet. Unser umfassendes Angebot umfasst Campingzelte, Pavillons, Stromversorgungen f\u00fcr den Au\u00dfenbereich, Campingwagen, Campingtische und -st\u00fchle, faltbare Solarladestationen, Smart-Armb\u00e4nder, Smartwatches, Wechselrichter, Photovoltaik-Wechselrichter, integrierte Energiespeicher-Wechselrichter und vieles mehr.<\/p>\n<p>Wir halten uns an strenge Qualit\u00e4tskontrollma\u00dfnahmen und gew\u00e4hrleisten so operative Exzellenz in jeder Produktionsphase, vom Rohmaterial bis zum fertigen Produkt. Unser Team aus qualifizierten Fachkr\u00e4ften arbeitet mit modernster Ausr\u00fcstung und einem hochmodernen Testsystem.<\/p>\n<p>Unsere Produkte sind CE-, RoHS- und MSDS-zertifiziert. Durch kontinuierliche Produktverbesserung gew\u00e4hrleisten wir h\u00f6chste Kundenzufriedenheit. Wir bieten sowohl OEM- als auch ODM-Services und liefern weltweit qualitativ hochwertige Produkte mit schneller Lieferzeit.<\/p>\n<p>Suzhou Jinming Cicada Technology Co., Ltd. bedient einen vielf\u00e4ltigen Markt, darunter Festlandchina, Nordamerika, Europa, den Nahen Osten, S\u00fcdamerika, S\u00fcdafrika, Russland, Indien und weitere L\u00e4nder. Wir streben langfristige Partnerschaften mit unseren Kunden im Ausland an und engagieren uns f\u00fcr eine gemeinsame, erfolgreiche Zukunft.<\/p>\n<\/div>\n<\/div>\n<div id=\"ali-anchor-AliPostDhMb-uimiX\" style=\"padding-top:8px\" class=\"mceSectionContainer\">\n<div id=\"ali-title-AliPostDhMb-uimiX\" style=\"border-bottom:1px solid rgb(221, 221, 221);padding:8px 0px;padding-bottom:8px;padding-top:8px;padding-left:0px;padding-right:0px\"><span style=\"background-color:rgb(221, 221, 221);color:rgb(51, 51, 51)\">H\u00e4ufig gestellte Fragen<\/span><\/div>\n<div style=\"padding:10px 4px;padding-bottom:10px;padding-top:10px;padding-left:4px;padding-right:4px\">\n<p><strong>1. Wer sind wir?<\/strong><br \/>Wir haben unseren Sitz in Jiangsu, China, und sind seit 2019 t\u00e4tig. Unsere Produkte werden in Westeuropa (10.001 TP7T), S\u00fcdostasien (10.001 TP7T), Nordamerika (10.001 TP7T), Osteuropa (8.001 TP7T), Ozeanien (8.001 TP7T), S\u00fcdeuropa (8.001 TP7T), Nordeuropa (8.001 TP7T), dem chinesischen Inlandsmarkt (6.001 TP7T), S\u00fcdasien (6.001 TP7T), S\u00fcdamerika (6.001 TP7T), Mittelamerika (5.001 TP7T), dem Nahen Osten (5.001 TP7T), Afrika (5.001 TP7T) und Ostasien (5.001 TP7T) vertrieben. Unser B\u00fcro besch\u00e4ftigt insgesamt 301 bis 500 Mitarbeiter.<\/p>\n<p><strong>2. Wie k\u00f6nnen wir Qualit\u00e4t garantieren?<\/strong><br \/>Vor der Massenproduktion wird stets ein Vorserienmuster angefertigt;<br \/>Vor dem Versand stets eine Endkontrolle durchf\u00fchren;<\/p>\n<p><strong>3. Was k\u00f6nnen Sie bei uns kaufen?<\/strong><br \/>Elektroroller, Seniorenroller, Elektromotorrad, Klapptische und -st\u00fchle f\u00fcr den Au\u00dfenbereich, Zelt und H\u00e4ngematte<\/p>\n<p><strong>4. Warum sollten Sie bei uns und nicht bei anderen Anbietern kaufen?<\/strong><br \/>Suzhou Cicada ist ein Hightech-Unternehmen, das sich seit mehr als 5 Jahren auf die Forschung, Herstellung, Entwicklung und den Vertrieb von E-Scootern, E-Scooter-Teilen sowie Outdoor-Zelten und Pavillons spezialisiert hat.<\/p>\n<p><strong>5. Welche Dienstleistungen k\u00f6nnen wir anbieten?<\/strong><br \/>Akzeptierte Lieferbedingungen: -;<br \/>Akzeptierte Zahlungsw\u00e4hrung: -;<br \/>Akzeptierte Zahlungsarten: -;<br \/>Gesprochene Sprache: \u2013<\/p>\n<\/div>\n<\/div>\n<\/div>\n<\/div>\n<p><\/p>","protected":false},"excerpt":{"rendered":"<p>Model Number:&nbsp;M10 Category:&nbsp;Two-wheel Scooter Applicable People:&nbsp;Unisex Range Per Charge:&nbsp;60-80km Charging Time:&nbsp;8-10h Voltage:&nbsp;&gt;60v Folded:&nbsp;No Origin:&nbsp;Mainland China Power (W):&nbsp;10000W country of origin:&nbsp;China brand:&nbsp;MM Model:&nbsp;M10 charging time:&nbsp;6-8 hours Whether to fold:&nbsp;Yes kilometers\/charge once:&nbsp;60-80<\/p>","protected":false},"featured_media":7706,"comment_status":"open","ping_status":"closed","template":"","meta":{"_acf_changed":false},"product_brand":[],"product_cat":[311],"product_tag":[306],"class_list":{"0":"post-7705","1":"product","2":"type-product","3":"status-publish","4":"has-post-thumbnail","6":"product_cat-electric-minibikes","7":"product_tag-m10","9":"first","10":"instock","11":"shipping-taxable","12":"purchasable","13":"product-type-variable"},"acf":[],"_links":{"self":[{"href":"https:\/\/www.electricstore.eu\/de\/wp-json\/wp\/v2\/product\/7705","targetHints":{"allow":["GET"]}}],"collection":[{"href":"https:\/\/www.electricstore.eu\/de\/wp-json\/wp\/v2\/product"}],"about":[{"href":"https:\/\/www.electricstore.eu\/de\/wp-json\/wp\/v2\/types\/product"}],"replies":[{"embeddable":true,"href":"https:\/\/www.electricstore.eu\/de\/wp-json\/wp\/v2\/comments?post=7705"}],"wp:featuredmedia":[{"embeddable":true,"href":"https:\/\/www.electricstore.eu\/de\/wp-json\/wp\/v2\/media\/7706"}],"wp:attachment":[{"href":"https:\/\/www.electricstore.eu\/de\/wp-json\/wp\/v2\/media?parent=7705"}],"wp:term":[{"taxonomy":"product_brand","embeddable":true,"href":"https:\/\/www.electricstore.eu\/de\/wp-json\/wp\/v2\/product_brand?post=7705"},{"taxonomy":"product_cat","embeddable":true,"href":"https:\/\/www.electricstore.eu\/de\/wp-json\/wp\/v2\/product_cat?post=7705"},{"taxonomy":"product_tag","embeddable":true,"href":"https:\/\/www.electricstore.eu\/de\/wp-json\/wp\/v2\/product_tag?post=7705"}],"curies":[{"name":"wp","href":"https:\/\/api.w.org\/{rel}","templated":true}]}}