{"id":7574,"date":"2025-05-15T19:32:53","date_gmt":"2025-05-15T19:32:53","guid":{"rendered":"https:\/\/electricstore.eu\/product\/usamr-500ah-12v-lifepo4-battery\/"},"modified":"2025-05-20T13:42:13","modified_gmt":"2025-05-20T13:42:13","slug":"usamr-500ah-12v-lifepo4-battery","status":"publish","type":"product","link":"https:\/\/www.electricstore.eu\/de\/p\/batteries\/lifepo4-batteries\/200ah-lifepo4-batteries\/usamr-500ah-12v-lifepo4-battery\/","title":{"rendered":"USAMR 500Ah 12V LiFePO4 Batterie"},"content":{"rendered":"<div class=\"product-specs-list-container\">\n<ul class=\"product-specs-list util-clearfix\">\n<li class=\"product-prop line-limit-length\"><span class=\"property-title\">Nennkapazit\u00e4t:\u00a0<\/span><span class=\"property-desc line-limit-length\">500AH<\/span><\/li>\n<li class=\"product-prop line-limit-length\"><span class=\"property-title\">Gewicht:\u00a0<\/span><span class=\"property-desc line-limit-length\">About 39.3kg<\/span><\/li>\n<li class=\"product-prop line-limit-length\"><span class=\"property-title\">Stromspannung:\u00a0<\/span><span class=\"property-desc line-limit-length\">12 V<\/span><\/li>\n<li class=\"product-prop line-limit-length\"><span class=\"property-title\">Gr\u00f6\u00dfe:\u00a0<\/span><span class=\"property-desc line-limit-length\">430x240x270mm<\/span><\/li>\n<li class=\"product-prop line-limit-length\"><span class=\"property-title\">Modellnummer:\u00a0<\/span><span class=\"property-desc line-limit-length\">12V Liferpo4 Batterie<\/span><\/li>\n<li class=\"product-prop line-limit-length\"><span class=\"property-title\">Typ:\u00a0<\/span><span class=\"property-desc line-limit-length\">LiFePO4<\/span><\/li>\n<li class=\"product-prop line-limit-length\"><span class=\"property-title\">Markenname:\u00a0<\/span><span class=\"property-desc line-limit-length\">Likctt<\/span><\/li>\n<li class=\"product-prop line-limit-length\"><span class=\"property-title\">Herkunft:\u00a0<\/span><span class=\"property-desc line-limit-length\">Festlandchina<\/span><\/li>\n<\/ul>\n<\/div>\n<div class=\"detailmodule_html\">\n<div class=\"detail-desc-decorate-richtext\">\n<p style=\"text-align: left; color: #ff0000; font-size: 20px; font-weight: bold;\">Transport in der Europ\u00e4ischen Union, dem Vereinigten K\u00f6nigreich, den Vereinigten Staaten, Kanada und Asien STEUERFREI.<\/p>\n<p style=\"text-align: left; color: #434649; font-size: 13px;\">Das EU-Lager (Lager in Polen) ist eingetroffen. Freunde, die es ben\u00f6tigen, k\u00f6nnen jetzt eine Bestellung aufgeben. Geben Sie zuerst die Bestellung auf und vereinbaren Sie zuerst den Versand. Sie k\u00f6nnen die Ware innerhalb von 3-7 Tagen nach dem Versand erhalten.<br \/>Akku-Typ:<br \/>Battery capacity:500ah<br \/>Battery size:430*240*270mm (+\/-10mm)<br \/>Weight:39.3kg(+\/-0.5kg)<br \/>Eingebaut: 3,2 V LiFePO4-Akku<br \/>Nennspannung: 12,8 V<br \/>Maximaler Ladestrom: 50 A<br \/>Momentaner Entladestrom: 200A<br \/>Dauerentladestrom: 100 A<br \/>Lebensdauer: 6000 Zyklen oder mehr<br \/>Geh\u00e4usematerial: Matel<br \/>Ladetemperatur: 0~45\u00b0C<br \/>Entladetemperatur: -20 ~ 60 \u00b0C<br \/>Lagertemperatur: -20 ~ 65 \u00b0C<br \/>Betriebsspannungsbereich: 8,0 V \u2013 14,6 V<br \/>\u00dcberlastschutzspannung: 14,6 V \u00b1 0,05 V<br \/>Schutzspannung gegen \u00dcberlastung: 8,0 V \u00b1 0,05 V<br \/>Batterietemperatur sch\u00fctzen: 60 \u00b0C plus 5 \u00b0C<br \/>Ausgang und Parameter: Hochstrom-Plus-\/Minus-Anschlusss\u00e4ule (rot positiv, schwarz negativ)<\/p>\n<p><img fetchpriority=\"high\" decoding=\"async\" style=\"width: 100%; height: auto; vertical-align: middle;\" src=\"https:\/\/ae01.alicdn.com\/kf\/Sd877e7644c8f4d3196748c53f5a8741dn.jpg\" width=\"1000\" height=\"1000\" \/><img decoding=\"async\" style=\"width: 100%; height: auto; vertical-align: middle;\" src=\"https:\/\/ae01.alicdn.com\/kf\/S9058fa1bec344b5f8240fb6ca48808f5w.jpg\" width=\"1000\" height=\"1000\" \/><img decoding=\"async\" style=\"width: 100%; height: auto; vertical-align: middle;\" src=\"https:\/\/ae01.alicdn.com\/kf\/S8545d111efbb41beba9ccb647eb2e0bbP.jpg\" width=\"1000\" height=\"1000\" \/><img loading=\"lazy\" decoding=\"async\" style=\"width: 100%; height: auto; vertical-align: middle;\" src=\"https:\/\/ae01.alicdn.com\/kf\/S1c9bd8397329465d9023bf1d760e5aadC.jpg?width=1000&amp;height=1000&amp;hash=2000\" width=\"1000\" height=\"1000\" \/><img loading=\"lazy\" decoding=\"async\" style=\"width: 100%; height: auto; vertical-align: middle;\" src=\"https:\/\/ae01.alicdn.com\/kf\/S489c689a043243cbac59ce467d13df0dv.jpg?width=1000&amp;height=1000&amp;hash=2000\" width=\"1000\" height=\"1000\" \/><img loading=\"lazy\" decoding=\"async\" style=\"width: 100%; height: auto; vertical-align: middle;\" src=\"https:\/\/ae01.alicdn.com\/kf\/Sad30417a2ed1492fb8f6200b937e0895L.jpg?width=1000&amp;height=1000&amp;hash=2000\" width=\"1000\" height=\"1000\" \/><img loading=\"lazy\" decoding=\"async\" style=\"width: 100%; height: auto; vertical-align: middle;\" src=\"https:\/\/ae01.alicdn.com\/kf\/S37076c5d5a274f3a9518a80bfa2013ad8.jpg?width=1000&amp;height=1000&amp;hash=2000\" width=\"1000\" height=\"1000\" \/><img loading=\"lazy\" decoding=\"async\" style=\"width: 100%; height: auto; vertical-align: middle;\" src=\"https:\/\/ae01.alicdn.com\/kf\/Sad01bdea2fc94119be5345b9d347c59e1.jpg?width=1000&amp;height=1000&amp;hash=2000\" width=\"1000\" height=\"1000\" \/><img loading=\"lazy\" decoding=\"async\" style=\"width: 100%; height: auto; vertical-align: middle;\" src=\"https:\/\/ae01.alicdn.com\/kf\/S5eecd84a030b4a388a6911fdf21988b5u.jpg?width=1000&amp;height=1000&amp;hash=2000\" width=\"1000\" height=\"1000\" \/><\/p>\n<p style=\"text-align: left; color: #434649; font-size: 13px;\">Elektrische Energieanwendung<\/p>\n<p style=\"text-align: left; color: #434649; font-size: 13px;\">\u25cfStarten Sie den Batteriemotor<\/p>\n<p style=\"text-align: left; color: #434649; font-size: 13px;\">\u25cf Kommerzielle Busse und Busse:<\/p>\n<p style=\"text-align: left; color: #434649; font-size: 13px;\">Elektroautos, Elektrobusse, Golfwagen\/Elektrofahrr\u00e4der, Motorroller, Wohnmobile, AGVs, Marinefahrzeuge, Reisebusse, Wohnwagen, Rollst\u00fchle,<\/p>\n<p style=\"text-align: left; color: #434649; font-size: 13px;\">Elektronische LKWs, elektronische Kehrmaschinen, Bodenreiniger, elektronische Gehhilfen usw.<\/p>\n<p style=\"text-align: left; color: #434649; font-size: 13px;\">\u25cf Intelligenter Roboter<\/p>\n<p style=\"text-align: left; color: #434649; font-size: 13px;\">\u25cf Elektrowerkzeuge: Bohrmaschinen, Spielzeug<\/p>\n<p style=\"text-align: left; color: #434649; font-size: 13px;\">Energiespeicherung<\/p>\n<p style=\"text-align: left; color: #434649; font-size: 13px;\">\u25cf Solar-Windkraftanlage<\/p>\n<p style=\"text-align: left; color: #434649; font-size: 13px;\">\u25cf Stadtnetz (ein\/aus)<\/p>\n<p style=\"text-align: left; color: #434649; font-size: 13px;\">Backup-System und USV<\/p>\n<p style=\"text-align: left; color: #434649; font-size: 13px;\">\u25cf Telekommunikationsbasis, Kabelfernsehsystem, Computerserverzentrum, medizinische Ausr\u00fcstung, milit\u00e4rische Ausr\u00fcstung<\/p>\n<p style=\"text-align: left; color: #434649; font-size: 13px;\">other apps<\/p>\n<p style=\"text-align: left; color: #434649; font-size: 13px;\">\u25cf Sicherheit und Elektronik, mobile Verkaufsstellen, Bergbaubeleuchtung \/ Taschenlampe \/ LED-Leuchten \/ Notbeleuchtung<\/p>\n<p style=\"text-align: left; color: #434649; font-size: 13px;\">Produktvorteile:<\/p>\n<p style=\"text-align: left; color: #434649; font-size: 13px;\">Leicht zu tragen, hohe Kapazit\u00e4t, hohe Ausl\u00f6seplattform, lange Arbeitszeiten, lange Lebensdauer, Sicherheit und Umweltschutz<\/p>\n<p><img loading=\"lazy\" decoding=\"async\" style=\"width: 100%; height: auto; vertical-align: middle;\" src=\"https:\/\/ae01.alicdn.com\/kf\/S27b23c2fe70a4c37899b54c92940cb610.jpg\" width=\"1000\" height=\"1000\" \/><\/p>\n<\/div>\n<\/div>","protected":false},"excerpt":{"rendered":"<p>Nominal Capacity:\u00a0500AH Weight:\u00a0About 39.3kg Voltage:\u00a012V Size:\u00a0430x240x270mm Model Number:\u00a012V Liferpo4 Battery Type:\u00a0LiFePO4 Brand Name:\u00a0Likctt Origin:\u00a0Mainland China Transportation in the European Union, United Kingdom,the United States, Canada, and Asian TAX FREE. The<\/p>","protected":false},"featured_media":7575,"comment_status":"open","ping_status":"closed","template":"","meta":{"_acf_changed":false},"product_brand":[],"product_cat":[238],"product_tag":[243],"class_list":{"0":"post-7574","1":"product","2":"type-product","3":"status-publish","4":"has-post-thumbnail","6":"product_cat-200ah-lifepo4-batteries","7":"product_tag-usamr","9":"first","10":"instock","11":"shipping-taxable","12":"purchasable","13":"product-type-simple"},"acf":[],"_links":{"self":[{"href":"https:\/\/www.electricstore.eu\/de\/wp-json\/wp\/v2\/product\/7574","targetHints":{"allow":["GET"]}}],"collection":[{"href":"https:\/\/www.electricstore.eu\/de\/wp-json\/wp\/v2\/product"}],"about":[{"href":"https:\/\/www.electricstore.eu\/de\/wp-json\/wp\/v2\/types\/product"}],"replies":[{"embeddable":true,"href":"https:\/\/www.electricstore.eu\/de\/wp-json\/wp\/v2\/comments?post=7574"}],"wp:featuredmedia":[{"embeddable":true,"href":"https:\/\/www.electricstore.eu\/de\/wp-json\/wp\/v2\/media\/7575"}],"wp:attachment":[{"href":"https:\/\/www.electricstore.eu\/de\/wp-json\/wp\/v2\/media?parent=7574"}],"wp:term":[{"taxonomy":"product_brand","embeddable":true,"href":"https:\/\/www.electricstore.eu\/de\/wp-json\/wp\/v2\/product_brand?post=7574"},{"taxonomy":"product_cat","embeddable":true,"href":"https:\/\/www.electricstore.eu\/de\/wp-json\/wp\/v2\/product_cat?post=7574"},{"taxonomy":"product_tag","embeddable":true,"href":"https:\/\/www.electricstore.eu\/de\/wp-json\/wp\/v2\/product_tag?post=7574"}],"curies":[{"name":"wp","href":"https:\/\/api.w.org\/{rel}","templated":true}]}}