{"id":7560,"date":"2025-05-15T19:32:35","date_gmt":"2025-05-15T19:32:35","guid":{"rendered":"https:\/\/electricstore.eu\/product\/usamr-100ah-12v-lifepo4-battery-2\/"},"modified":"2025-05-20T13:40:41","modified_gmt":"2025-05-20T13:40:41","slug":"usamr-100ah-12v-lifepo4-battery-2","status":"publish","type":"product","link":"https:\/\/www.electricstore.eu\/de\/p\/batteries\/lifepo4-batteries\/100-200ah-lifepo4-batteries\/usamr-100ah-12v-lifepo4-battery-2\/","title":{"rendered":"USAMR 120Ah 12V LiFePO4 Batterie"},"content":{"rendered":"<div class=\"product-specs-list-container\">\n<ul class=\"product-specs-list util-clearfix\">\n<li class=\"product-prop line-limit-length\"><span\n                                        class=\"property-title\">Nennkapazit\u00e4t:&nbsp;<\/span><span\n                                        class=\"property-desc line-limit-length\">120AH<\/span>\n                            <\/li>\n<li class=\"product-prop line-limit-length\"><span\n                                        class=\"property-title\">Gewicht:&nbsp;<\/span><span\n                                        class=\"property-desc line-limit-length\">About 12.8kg<\/span>\n                            <\/li>\n<li class=\"product-prop line-limit-length\"><span\n                                        class=\"property-title\">Gr\u00f6\u00dfe:&nbsp;<\/span><span\n                                        class=\"property-desc line-limit-length\">300x210x170mm<\/span>\n                            <\/li>\n<li class=\"product-prop line-limit-length\"><span\n                                        class=\"property-title\">Anwendung:&nbsp;<\/span><span\n                                        class=\"property-desc line-limit-length\">Elektrofahrzeug, Wohnmobil, Boot, Schleppmotor, Energie f\u00fcr Zuhause, Solarstromspeicher, netzunabh\u00e4ngiges Solarstromsystem, Sonstiges<\/span>\n                            <\/li>\n<li class=\"product-prop line-limit-length\"><span\n                                        class=\"property-title\">Modellnummer:&nbsp;<\/span><span\n                                        class=\"property-desc line-limit-length\">12V Liferpo4 Batterie<\/span>\n                            <\/li>\n<li class=\"product-prop line-limit-length\"><span\n                                        class=\"property-title\">Typ:&nbsp;<\/span><span\n                                        class=\"property-desc line-limit-length\">LiFePO4<\/span>\n                            <\/li>\n<li class=\"product-prop line-limit-length\"><span\n                                        class=\"property-title\">Markenname:&nbsp;<\/span><span\n                                        class=\"property-desc line-limit-length\">Likctt<\/span>\n                            <\/li>\n<li class=\"product-prop line-limit-length\"><span\n                                        class=\"property-title\">Herkunft:&nbsp;<\/span><span\n                                        class=\"property-desc line-limit-length\">Festlandchina<\/span>\n                            <\/li>\n<\/ul><\/div>\n<div class=\"detailmodule_html\">\n<div class=\"detail-desc-decorate-richtext\">\n<p class=\"word-break white-space mt-10\" style=\"color:#ff0000;\">Transport in der Europ\u00e4ischen Union, dem Vereinigten K\u00f6nigreich, den Vereinigten Staaten, Kanada und Asien STEUERFREI.<\/p>\n<p class=\"word-break white-space mt-10\" style=\"color:#434649;\">Das EU-Lager (Lager in Polen) ist eingetroffen. Freunde, die es ben\u00f6tigen, k\u00f6nnen jetzt eine Bestellung aufgeben. Geben Sie zuerst die Bestellung auf und vereinbaren Sie zuerst den Versand. Sie k\u00f6nnen die Ware innerhalb von 3-7 Tagen nach dem Versand erhalten.<\/p>\n<p><img fetchpriority=\"high\" decoding=\"async\" height=\"1000\" referrerpolicy=\"no-referrer\" src=\"https:\/\/ae01.alicdn.com\/kf\/Sf3428b5ab81e482ab980cba98fdd074bP.jpg\" style=\"width: 100%; height: auto; vertical-align: middle;\" width=\"1000\"><img decoding=\"async\" height=\"1000\" referrerpolicy=\"no-referrer\" src=\"https:\/\/ae01.alicdn.com\/kf\/Sc0db1c83ad5b4c7ba22efb77ff13ea71S.jpg\" style=\"width: 100%; height: auto; vertical-align: middle;\" width=\"1000\"><img decoding=\"async\" height=\"1000\" referrerpolicy=\"no-referrer\" src=\"https:\/\/ae01.alicdn.com\/kf\/S7258ff0b626c4fd5b21ad2777fe7a335w.jpg\" style=\"width: 100%; height: auto; vertical-align: middle;\" width=\"1000\"><img loading=\"lazy\" decoding=\"async\" height=\"1000\" referrerpolicy=\"no-referrer\" src=\"https:\/\/ae01.alicdn.com\/kf\/Sa664ab1a7c9444d28a1769daf9b9b9d5d.jpg\" style=\"width: 100%; height: auto; vertical-align: middle;\" width=\"1000\"><img loading=\"lazy\" decoding=\"async\" height=\"1000\" referrerpolicy=\"no-referrer\" src=\"https:\/\/ae01.alicdn.com\/kf\/S1e25678d179944c5872e7d160ebab46c3.jpg?width=1000&#038;height=1000&#038;hash=2000\" style=\"width: 100%; height: auto; vertical-align: middle;\" width=\"1000\"><img loading=\"lazy\" decoding=\"async\" height=\"1000\" referrerpolicy=\"no-referrer\" src=\"https:\/\/ae01.alicdn.com\/kf\/S7e0ca848626f47529d174a3cba92e6a4V.jpg?width=1000&#038;height=1000&#038;hash=2000\" style=\"width: 100%; height: auto; vertical-align: middle;\" width=\"1000\"><img loading=\"lazy\" decoding=\"async\" height=\"1000\" referrerpolicy=\"no-referrer\" src=\"https:\/\/ae01.alicdn.com\/kf\/Sf88e83fd5f24403685374f438c79bbc6I.jpg?width=1000&#038;height=1000&#038;hash=2000\" style=\"width: 100%; height: auto; vertical-align: middle;\" width=\"1000\"><img loading=\"lazy\" decoding=\"async\" height=\"1000\" referrerpolicy=\"no-referrer\" src=\"https:\/\/ae01.alicdn.com\/kf\/S1056f97b032e4c6f8e118e4098807869Z.jpg?width=1000&#038;height=1000&#038;hash=2000\" style=\"width: 100%; height: auto; vertical-align: middle;\" width=\"1000\"><img loading=\"lazy\" decoding=\"async\" height=\"1000\" referrerpolicy=\"no-referrer\" src=\"https:\/\/ae01.alicdn.com\/kf\/S4f678c10d08c42fbbc40d9835710276e7.jpg?width=1000&#038;height=1000&#038;hash=2000\" style=\"width: 100%; height: auto; vertical-align: middle;\" width=\"1000\"><img loading=\"lazy\" decoding=\"async\" height=\"1000\" referrerpolicy=\"no-referrer\" src=\"https:\/\/ae01.alicdn.com\/kf\/S851e05294af24b6fad3050ce313b0a2fR.jpg?width=1000&#038;height=1000&#038;hash=2000\" style=\"width: 100%; height: auto; vertical-align: middle;\" width=\"1000\"><\/p>\n<p class=\"word-break white-space mt-10\" style=\"color:#434649;\">Elektrische Energieanwendung<\/p>\n<p class=\"word-break white-space mt-10\" style=\"color:#434649;\">\u25cfStarten Sie den Batteriemotor<\/p>\n<p class=\"word-break white-space mt-10\" style=\"color:#434649;\">\u25cf Kommerzielle Busse und Busse:<\/p>\n<p class=\"word-break white-space mt-10\" style=\"color:#434649;\">Elektroautos, Elektrobusse, Golfwagen\/Elektrofahrr\u00e4der, Motorroller, Wohnmobile, AGVs, Marinefahrzeuge, Reisebusse, Wohnwagen, Rollst\u00fchle,<\/p>\n<p class=\"word-break white-space mt-10\" style=\"color:#434649;\">Elektronische LKWs, elektronische Kehrmaschinen, Bodenreiniger, elektronische Gehhilfen usw.<\/p>\n<p class=\"word-break white-space mt-10\" style=\"color:#434649;\">\u25cf Intelligenter Roboter<\/p>\n<p class=\"word-break white-space mt-10\" style=\"color:#434649;\">\u25cf Elektrowerkzeuge: Bohrmaschinen, Spielzeug<\/p>\n<p class=\"word-break white-space mt-10\" style=\"color:#434649;\">Energiespeicherung<\/p>\n<p class=\"word-break white-space mt-10\" style=\"color:#434649;\">\u25cf Solar-Windkraftanlage<\/p>\n<p class=\"word-break white-space mt-10\" style=\"color:#434649;\">\u25cf Stadtnetz (ein\/aus)<\/p>\n<p class=\"word-break white-space mt-10\" style=\"color:#434649;\">Backup-System und USV<\/p>\n<p class=\"word-break white-space mt-10\" style=\"color:#434649;\">\u25cf Telekommunikationsbasis, Kabelfernsehsystem, Computerserverzentrum, medizinische Ausr\u00fcstung, milit\u00e4rische Ausr\u00fcstung<\/p>\n<p class=\"word-break white-space mt-10\" style=\"color:#434649;\">\u25cf Sicherheit und Elektronik, mobile Verkaufsstellen, Bergbaubeleuchtung \/ Taschenlampe \/ LED-Leuchten \/ Notbeleuchtung<\/p>\n<p class=\"word-break white-space mt-10\" style=\"color:#434649;\">Produktvorteile:<\/p>\n<p class=\"word-break white-space mt-10\" style=\"color:#434649;\">Leicht zu tragen, hohe Kapazit\u00e4t, hohe Ausl\u00f6seplattform, lange Arbeitszeiten, lange Lebensdauer, Sicherheit und Umweltschutz<\/p>\n<p><img loading=\"lazy\" decoding=\"async\" height=\"1000\" referrerpolicy=\"no-referrer\" src=\"https:\/\/ae01.alicdn.com\/kf\/S27b23c2fe70a4c37899b54c92940cb610.jpg\" style=\"width: 100%; height: auto; vertical-align: middle;\" width=\"1000\"><\/div>\n<\/div>","protected":false},"excerpt":{"rendered":"<p>Nominal Capacity:&nbsp;120AH Weight:&nbsp;About 12.8kg Size:&nbsp;300x210x170mm Application:&nbsp;EV,RV,Marine Boat,Trolling Motor,Home Energy,Solar Power Storage,Off-Grid Solar Power System,Others Model Number:&nbsp;12V Liferpo4 Battery Type:&nbsp;LiFePO4 Brand Name:&nbsp;Likctt Origin:&nbsp;Mainland China Transportation in the European Union, United Kingdom,the<\/p>","protected":false},"featured_media":7483,"comment_status":"open","ping_status":"closed","template":"","meta":{"_acf_changed":false},"product_brand":[],"product_cat":[237],"product_tag":[243],"class_list":{"0":"post-7560","1":"product","2":"type-product","3":"status-publish","4":"has-post-thumbnail","6":"product_cat-100-200ah-lifepo4-batteries","7":"product_tag-usamr","9":"first","10":"instock","11":"shipping-taxable","12":"purchasable","13":"product-type-simple"},"acf":[],"_links":{"self":[{"href":"https:\/\/www.electricstore.eu\/de\/wp-json\/wp\/v2\/product\/7560","targetHints":{"allow":["GET"]}}],"collection":[{"href":"https:\/\/www.electricstore.eu\/de\/wp-json\/wp\/v2\/product"}],"about":[{"href":"https:\/\/www.electricstore.eu\/de\/wp-json\/wp\/v2\/types\/product"}],"replies":[{"embeddable":true,"href":"https:\/\/www.electricstore.eu\/de\/wp-json\/wp\/v2\/comments?post=7560"}],"wp:featuredmedia":[{"embeddable":true,"href":"https:\/\/www.electricstore.eu\/de\/wp-json\/wp\/v2\/media\/7483"}],"wp:attachment":[{"href":"https:\/\/www.electricstore.eu\/de\/wp-json\/wp\/v2\/media?parent=7560"}],"wp:term":[{"taxonomy":"product_brand","embeddable":true,"href":"https:\/\/www.electricstore.eu\/de\/wp-json\/wp\/v2\/product_brand?post=7560"},{"taxonomy":"product_cat","embeddable":true,"href":"https:\/\/www.electricstore.eu\/de\/wp-json\/wp\/v2\/product_cat?post=7560"},{"taxonomy":"product_tag","embeddable":true,"href":"https:\/\/www.electricstore.eu\/de\/wp-json\/wp\/v2\/product_tag?post=7560"}],"curies":[{"name":"wp","href":"https:\/\/api.w.org\/{rel}","templated":true}]}}