{"id":7544,"date":"2025-05-15T19:32:29","date_gmt":"2025-05-15T19:32:29","guid":{"rendered":"https:\/\/electricstore.eu\/product\/usamr-150ah-12v-lifepo4-battery\/"},"modified":"2025-05-21T05:40:16","modified_gmt":"2025-05-21T05:40:16","slug":"usamr-150ah-12v-lifepo4-battery","status":"publish","type":"product","link":"https:\/\/electricstore.eu\/de\/p\/batteries\/lifepo4-batteries\/100-200ah-lifepo4-batteries\/usamr-150ah-12v-lifepo4-battery\/","title":{"rendered":"USAMR 150Ah 12V LiFePO4 Batterie"},"content":{"rendered":"<div class=\"product-specs-list-container\">\n<ul class=\"product-specs-list util-clearfix\">\n<li class=\"product-prop line-limit-length\"><span\n                                        class=\"property-title\">Nennkapazit\u00e4t:&nbsp;<\/span><span\n                                        class=\"property-desc line-limit-length\">150AH<\/span>\n                            <\/li>\n<li class=\"product-prop line-limit-length\"><span\n                                        class=\"property-title\">Gewicht:&nbsp;<\/span><span\n                                        class=\"property-desc line-limit-length\">About 12kg<\/span>\n                            <\/li>\n<li class=\"product-prop line-limit-length\"><span\n                                        class=\"property-title\">Gr\u00f6\u00dfe:&nbsp;<\/span><span\n                                        class=\"property-desc line-limit-length\">330x230x170mm<\/span>\n                            <\/li>\n<li class=\"product-prop line-limit-length\"><span\n                                        class=\"property-title\">Anwendung:&nbsp;<\/span><span\n                                        class=\"property-desc line-limit-length\">Elektrofahrzeug, Wohnmobil, Boot, Schleppmotor, Energie f\u00fcr Zuhause, Solarstromspeicher, netzunabh\u00e4ngiges Solarstromsystem, Sonstiges<\/span>\n                            <\/li>\n<li class=\"product-prop line-limit-length\"><span\n                                        class=\"property-title\">Modellnummer:&nbsp;<\/span><span\n                                        class=\"property-desc line-limit-length\">12V Liferpo4 Batterie<\/span>\n                            <\/li>\n<li class=\"product-prop line-limit-length\"><span\n                                        class=\"property-title\">Typ:&nbsp;<\/span><span\n                                        class=\"property-desc line-limit-length\">LiFePO4<\/span>\n                            <\/li>\n<li class=\"product-prop line-limit-length\"><span\n                                        class=\"property-title\">Markenname:&nbsp;<\/span><span\n                                        class=\"property-desc line-limit-length\">Likctt<\/span>\n                            <\/li>\n<li class=\"product-prop line-limit-length\"><span\n                                        class=\"property-title\">Herkunft:&nbsp;<\/span><span\n                                        class=\"property-desc line-limit-length\">Festlandchina<\/span>\n                            <\/li>\n<\/ul><\/div>\n<div class=\"detailmodule_html\">\n<div class=\"detail-desc-decorate-richtext\">\n<p class=\"word-break white-space mt-10\" style=\"color:rgb(255, 0, 0);font-size:20px;font-weight:bold;\">Transport in der Europ\u00e4ischen Union, dem Vereinigten K\u00f6nigreich, den Vereinigten Staaten, Kanada und Asien STEUERFREI.<\/p>\n<p><img fetchpriority=\"high\" decoding=\"async\" height=\"1200\" referrerpolicy=\"no-referrer\" src=\"https:\/\/ae01.alicdn.com\/kf\/S35dcd2739699439a88556f721058ed87D.jpg?width=1200&amp;height=1200&amp;hash=2400\" style=\"width: 100%; height: auto; vertical-align: middle;\" width=\"1200\"><\/p>\n<p class=\"word-break white-space mt-10\" style=\"color:#ff0000;font-size:20px;font-weight:bold;\">Das EU-Lager (Lager in Polen) ist eingetroffen. Freunde, die es ben\u00f6tigen, k\u00f6nnen jetzt eine Bestellung aufgeben. Geben Sie zuerst die Bestellung auf und vereinbaren Sie zuerst den Versand. Sie k\u00f6nnen die Ware innerhalb von 3-7 Tagen nach dem Versand erhalten.<\/p>\n<p class=\"word-break white-space mt-10\" style=\"text-align:left;color:#434649;font-size:13px;font-weight:normal;\">Akku-Typ:<br \/>\nBattery capacity:150ah<br \/>\nBattery size:330*230*170mm (+\/-10mm)<br \/>\nWeight:12kg(+\/-0.5kg)<br \/>\nEingebaut: 3,2 V LiFePO4-Akku<br \/>\nNennspannung: 12,8 V<br \/>\nMaximaler Ladestrom: 50 A<br \/>\nMomentaner Entladestrom: 200A<br \/>\nDauerentladestrom: 100 A<br \/>\nLebensdauer: 6000 Zyklen oder mehr<br \/>\nLadetemperatur: 0~45\u00b0C<br \/>\nEntladetemperatur: -20 ~ 60 \u00b0C<br \/>\nLagertemperatur: -20 ~ 65 \u00b0C<br \/>\nBetriebsspannungsbereich: 8,0 V \u2013 14,6 V<br \/>\n\u00dcberlastschutzspannung: 14,6 V \u00b1 0,05 V<br \/>\nSchutzspannung gegen \u00dcberlastung: 8,0 V \u00b1 0,05 V<br \/>\nBatterietemperatur sch\u00fctzen: 60 \u00b0C plus 5 \u00b0C<br \/>\nAusgang und Parameter: Hochstrom-Plus-\/Minus-Anschlusss\u00e4ule (rot positiv, schwarz negativ)<\/p>\n<p><img decoding=\"async\" height=\"1000\" referrerpolicy=\"no-referrer\" src=\"https:\/\/ae01.alicdn.com\/kf\/S8bcff6c1d553445badafa9b8f7186a08N.jpg\" style=\"width: 100%; height: auto; vertical-align: middle;\" width=\"1000\"><img decoding=\"async\" height=\"1000\" referrerpolicy=\"no-referrer\" src=\"https:\/\/ae01.alicdn.com\/kf\/S82b27f18f1c141ffba330fc0e4484fb3Q.jpg?width=1000&amp;height=1000&amp;hash=2000\" style=\"width: 100%; height: auto; vertical-align: middle;\" width=\"1000\"><img loading=\"lazy\" decoding=\"async\" height=\"1000\" referrerpolicy=\"no-referrer\" src=\"https:\/\/ae01.alicdn.com\/kf\/Sf70946ecb6e3472ab0d4d5b24f333c40h.jpg?width=1000&amp;height=1000&amp;hash=2000\" style=\"width: 100%; height: auto; vertical-align: middle;\" width=\"1000\"><\/p>\n<p class=\"word-break white-space mt-10\" style=\"text-align:left;color:#434649;font-size:13px;font-weight:normal;\">Akku-Typ:<br \/>\nBattery capacity:120ah<br \/>\nBattery size:330*230*170mm (+\/-10mm)<br \/>\nWeight:10.5kg(+\/-0.5kg)<br \/>\nEingebaut: 3,2 V LiFePO4-Akku<br \/>\nNennspannung: 12,8 V<br \/>\nMaximaler Ladestrom: 50 A<br \/>\nMomentaner Entladestrom: 200A<br \/>\nDauerentladestrom: 100 A<br \/>\nLebensdauer: 6000 Zyklen oder mehr<br \/>\nLadetemperatur: 0~45\u00b0C<br \/>\nEntladetemperatur: -20 ~ 60 \u00b0C<br \/>\nLagertemperatur: -20 ~ 65 \u00b0C<br \/>\nBetriebsspannungsbereich: 8,0 V \u2013 14,6 V<br \/>\n\u00dcberlastschutzspannung: 14,6 V \u00b1 0,05 V<br \/>\nSchutzspannung gegen \u00dcberlastung: 8,0 V \u00b1 0,05 V<br \/>\nBatterietemperatur sch\u00fctzen: 60 \u00b0C plus 5 \u00b0C<br \/>\nAusgang und Parameter: Hochstrom-Plus-\/Minus-Anschlusss\u00e4ule (rot positiv, schwarz negativ)<\/p>\n<p><img loading=\"lazy\" decoding=\"async\" height=\"1000\" referrerpolicy=\"no-referrer\" src=\"https:\/\/ae01.alicdn.com\/kf\/S58e1749255c54da89732b0ff480bdc293.jpg?width=1000&amp;height=1000&amp;hash=2000\" style=\"width: 100%; height: auto; vertical-align: middle;\" width=\"1000\"><img loading=\"lazy\" decoding=\"async\" height=\"1000\" referrerpolicy=\"no-referrer\" src=\"https:\/\/ae01.alicdn.com\/kf\/S549ef97bb27e4969a47f7f1136bb182bO.jpg?width=1000&amp;height=1000&amp;hash=2000\" style=\"width: 100%; height: auto; vertical-align: middle;\" width=\"1000\"><img loading=\"lazy\" decoding=\"async\" height=\"1000\" referrerpolicy=\"no-referrer\" src=\"https:\/\/ae01.alicdn.com\/kf\/S8b93755b9ee24a889d7648bbba4d5c23C.jpg?width=1000&amp;height=1000&amp;hash=2000\" style=\"width: 100%; height: auto; vertical-align: middle;\" width=\"1000\"><\/p>\n<p class=\"word-break white-space mt-10\" style=\"text-align:left;color:#434649;font-size:13px;font-weight:normal;\">Akku-Typ:<br \/>\nBattery capacity:100ah<br \/>\nBattery size:310*172*193mm (+\/-10mm)<br \/>\nWeight:9.5kg(+\/-0.5kg)<br \/>\nEingebaut: 3,2 V LiFePO4-Akku<br \/>\nNennspannung: 12,8 V<br \/>\nMaximaler Ladestrom: 50 A<br \/>\nMomentaner Entladestrom: 200A<br \/>\nDauerentladestrom: 100 A<br \/>\nLebensdauer: 6000 Zyklen oder mehr<br \/>\nLadetemperatur: 0~45\u00b0C<br \/>\nEntladetemperatur: -20 ~ 60 \u00b0C<br \/>\nLagertemperatur: -20 ~ 65 \u00b0C<br \/>\nBetriebsspannungsbereich: 8,0 V \u2013 14,6 V<br \/>\n\u00dcberlastschutzspannung: 14,6 V \u00b1 0,05 V<br \/>\nSchutzspannung gegen \u00dcberlastung: 8,0 V \u00b1 0,05 V<br \/>\nBatterietemperatur sch\u00fctzen: 60 \u00b0C plus 5 \u00b0C<br \/>\nAusgang und Parameter: Hochstrom-Plus-\/Minus-Anschlusss\u00e4ule (rot positiv, schwarz negativ)<\/p>\n<p><img loading=\"lazy\" decoding=\"async\" height=\"1000\" referrerpolicy=\"no-referrer\" src=\"https:\/\/ae01.alicdn.com\/kf\/S7ab31d5bcc21462190a3dbf7b8dde4a0c.jpg\" style=\"width: 100%; height: auto; vertical-align: middle;\" width=\"1000\"><img loading=\"lazy\" decoding=\"async\" height=\"1000\" referrerpolicy=\"no-referrer\" src=\"https:\/\/ae01.alicdn.com\/kf\/S59b8b8b3d37743c1aefe5710fc421d4dG.jpg\" style=\"width: 100%; height: auto; vertical-align: middle;\" width=\"1000\"><img loading=\"lazy\" decoding=\"async\" height=\"1000\" referrerpolicy=\"no-referrer\" src=\"https:\/\/ae01.alicdn.com\/kf\/Se4f0309c932a4b0b8c55f27669797293m.jpg\" style=\"width: 100%; height: auto; vertical-align: middle;\" width=\"1000\"><\/p>\n<p class=\"word-break white-space mt-10\" style=\"text-align:left;color:#434649;font-size:13px;font-weight:normal;\">Akku-Typ:<br \/>\nBattery capacity:100ah<br \/>\nBatteriegr\u00f6\u00dfe: 230 x 230 x 180 mm (+\/- 10 mm)<br \/>\nWeight:10.8kg(+\/-0.5kg)<br \/>\nEingebaut: 3,2 V LiFePO4-Akku<br \/>\nNennspannung: 12,8 V<br \/>\nMaximaler Ladestrom: 50 A<br \/>\nMomentaner Entladestrom: 200A<br \/>\nDauerentladestrom: 100 A<br \/>\nLebensdauer: 6000 Zyklen oder mehr<br \/>\nGeh\u00e4usematerial: Matel<br \/>\nLadetemperatur: 0~45\u00b0C<br \/>\nEntladetemperatur: -20 ~ 60 \u00b0C<br \/>\nLagertemperatur: -20 ~ 65 \u00b0C<br \/>\nBetriebsspannungsbereich: 8,0 V \u2013 14,6 V<br \/>\n\u00dcberlastschutzspannung: 14,6 V \u00b1 0,05 V<br \/>\nSchutzspannung gegen \u00dcberlastung: 8,0 V \u00b1 0,05 V<br \/>\nBatterietemperatur sch\u00fctzen: 60 \u00b0C plus 5 \u00b0C<br \/>\nAusgang und Parameter: Hochstrom-Plus-\/Minus-Anschlusss\u00e4ule (rot positiv, schwarz negativ)<\/p>\n<p><img loading=\"lazy\" decoding=\"async\" height=\"1000\" referrerpolicy=\"no-referrer\" src=\"https:\/\/ae01.alicdn.com\/kf\/Sb5c8989b88024f3ab8bb5925541be49d0.jpg?width=1000&#038;height=1000&#038;hash=2000\" style=\"width: 100%; height: auto; vertical-align: middle;\" width=\"1000\"><img loading=\"lazy\" decoding=\"async\" height=\"1000\" referrerpolicy=\"no-referrer\" src=\"https:\/\/ae01.alicdn.com\/kf\/S3b297dfe2df946db90b12474d69d5a4cb.jpg?width=1000&#038;height=1000&#038;hash=2000\" style=\"width: 100%; height: auto; vertical-align: middle;\" width=\"1000\"><img loading=\"lazy\" decoding=\"async\" height=\"1000\" referrerpolicy=\"no-referrer\" src=\"https:\/\/ae01.alicdn.com\/kf\/S1e25678d179944c5872e7d160ebab46c3.jpg?width=1000&#038;height=1000&#038;hash=2000\" style=\"width: 100%; height: auto; vertical-align: middle;\" width=\"1000\"><\/p>\n<p class=\"word-break white-space mt-10\" style=\"text-align:left;color:#434649;font-size:13px;font-weight:normal;\">Akku-Typ:<br \/>\nBatteriekapazit\u00e4t: 50 Ah<br \/>\nBatteriegr\u00f6\u00dfe: 230 x 230 x 180 mm (+\/- 10 mm)<br \/>\nGewicht: 7,3 kg (+\/- 0,5 kg)<br \/>\nEingebaut: 3,2 V LiFePO4-Akku<br \/>\nNennspannung: 12,8 V<br \/>\nMaximaler Ladestrom: 50 A<br \/>\nMomentaner Entladestrom: 200A<br \/>\nDauerentladestrom: 100 A<br \/>\nLife: 5000 Cycles or more<br \/>\nGeh\u00e4usematerial: Matel<br \/>\nLadetemperatur: 0~45\u00b0C<br \/>\nEntladetemperatur: -20 ~ 60 \u00b0C<br \/>\nLagertemperatur: -20 ~ 65 \u00b0C<br \/>\nBetriebsspannungsbereich: 8,0 V \u2013 14,6 V<br \/>\n\u00dcberlastschutzspannung: 14,6 V \u00b1 0,05 V<br \/>\nSchutzspannung gegen \u00dcberlastung: 8,0 V \u00b1 0,05 V<br \/>\nBatterietemperatur sch\u00fctzen: 60 \u00b0C plus 5 \u00b0C<br \/>\nAusgang und Parameter: Hochstrom-Plus-\/Minus-Anschlusss\u00e4ule (rot positiv, schwarz negativ)<\/p>\n<p><img loading=\"lazy\" decoding=\"async\" height=\"1000\" referrerpolicy=\"no-referrer\" src=\"https:\/\/ae01.alicdn.com\/kf\/Sa8de42b6efd043fbbeefa518f3b9ee21S.jpg?width=1000&#038;height=1000&#038;hash=2000\" style=\"width: 100%; height: auto; vertical-align: middle;\" width=\"1000\"><img loading=\"lazy\" decoding=\"async\" height=\"1000\" referrerpolicy=\"no-referrer\" src=\"https:\/\/ae01.alicdn.com\/kf\/S3f2239c1872b4d93a0bc0cefd7defbccF.jpg?width=1000&#038;height=1000&#038;hash=2000\" style=\"width: 100%; height: auto; vertical-align: middle;\" width=\"1000\"><img loading=\"lazy\" decoding=\"async\" height=\"1000\" referrerpolicy=\"no-referrer\" src=\"https:\/\/ae01.alicdn.com\/kf\/Sb950945b25a6469cafda2a1c53f8af15D.jpg?width=1000&#038;height=1000&#038;hash=2000\" style=\"width: 100%; height: auto; vertical-align: middle;\" width=\"1000\"><\/p>\n<p class=\"word-break white-space mt-10\" style=\"text-align:left;color:#434649;font-size:13px;font-weight:normal;\">Elektrische Energieanwendung<br \/>\n\u25cfStarten Sie den Batteriemotor<br \/>\n\u25cf Kommerzielle Busse und Busse:<br \/>\nElektroautos, Elektrobusse, Golfwagen\/Elektrofahrr\u00e4der, Motorroller, Wohnmobile, AGVs, Marinefahrzeuge, Reisebusse, Wohnwagen, Rollst\u00fchle,<br \/>\nElektronische LKWs, elektronische Kehrmaschinen, Bodenreiniger, elektronische Gehhilfen usw.<br \/>\n\u25cf Intelligenter Roboter<br \/>\n\u25cf Elektrowerkzeuge: Bohrmaschinen, Spielzeug<br \/>\nEnergiespeicherung<br \/>\n\u25cf Solar-Windkraftanlage<br \/>\n\u25cf Stadtnetz (ein\/aus)<br \/>\nBackup-System und USV<br \/>\n\u25cf Telekommunikationsbasis, Kabelfernsehsystem, Computerserverzentrum, medizinische Ausr\u00fcstung, milit\u00e4rische Ausr\u00fcstung<br \/>\n\u25cf Sicherheit und Elektronik, mobile Verkaufsstellen, Bergbaubeleuchtung \/ Taschenlampe \/ LED-Leuchten \/ Notbeleuchtung<br \/>\nProduktvorteile:<br \/>\nLeicht zu tragen, hohe Kapazit\u00e4t, hohe Ausl\u00f6seplattform, lange Arbeitszeiten, lange Lebensdauer, Sicherheit und Umweltschutz<\/p>\n<p><img loading=\"lazy\" decoding=\"async\" height=\"1000\" referrerpolicy=\"no-referrer\" src=\"https:\/\/ae01.alicdn.com\/kf\/S27b23c2fe70a4c37899b54c92940cb610.jpg\" style=\"width: 100%; height: auto; vertical-align: middle;\" width=\"1000\"><\/div>\n<\/div>","protected":false},"excerpt":{"rendered":"<p>Nominal Capacity:&nbsp;150AH Weight:&nbsp;About 12kg Size:&nbsp;330x230x170mm Application:&nbsp;EV,RV,Marine Boat,Trolling Motor,Home Energy,Solar Power Storage,Off-Grid Solar Power System,Others Model Number:&nbsp;12V Liferpo4 Battery Type:&nbsp;LiFePO4 Brand Name:&nbsp;Likctt Origin:&nbsp;Mainland China Transportation in the European Union, United Kingdom,the<\/p>","protected":false},"featured_media":7545,"comment_status":"open","ping_status":"closed","template":"","meta":{"_acf_changed":false},"product_brand":[],"product_cat":[237],"product_tag":[243],"class_list":{"0":"post-7544","1":"product","2":"type-product","3":"status-publish","4":"has-post-thumbnail","6":"product_cat-100-200ah-lifepo4-batteries","7":"product_tag-usamr","9":"first","10":"instock","11":"shipping-taxable","12":"purchasable","13":"product-type-variable"},"acf":[],"_links":{"self":[{"href":"https:\/\/electricstore.eu\/de\/wp-json\/wp\/v2\/product\/7544","targetHints":{"allow":["GET"]}}],"collection":[{"href":"https:\/\/electricstore.eu\/de\/wp-json\/wp\/v2\/product"}],"about":[{"href":"https:\/\/electricstore.eu\/de\/wp-json\/wp\/v2\/types\/product"}],"replies":[{"embeddable":true,"href":"https:\/\/electricstore.eu\/de\/wp-json\/wp\/v2\/comments?post=7544"}],"wp:featuredmedia":[{"embeddable":true,"href":"https:\/\/electricstore.eu\/de\/wp-json\/wp\/v2\/media\/7545"}],"wp:attachment":[{"href":"https:\/\/electricstore.eu\/de\/wp-json\/wp\/v2\/media?parent=7544"}],"wp:term":[{"taxonomy":"product_brand","embeddable":true,"href":"https:\/\/electricstore.eu\/de\/wp-json\/wp\/v2\/product_brand?post=7544"},{"taxonomy":"product_cat","embeddable":true,"href":"https:\/\/electricstore.eu\/de\/wp-json\/wp\/v2\/product_cat?post=7544"},{"taxonomy":"product_tag","embeddable":true,"href":"https:\/\/electricstore.eu\/de\/wp-json\/wp\/v2\/product_tag?post=7544"}],"curies":[{"name":"wp","href":"https:\/\/api.w.org\/{rel}","templated":true}]}}