{"id":25943,"date":"2025-05-20T19:04:41","date_gmt":"2025-05-20T19:04:41","guid":{"rendered":"https:\/\/electricstore.eu\/p\/uncategorized\/duotts-c29-electric-bike-750w-29-tire-48v-15ah-battery-50km-max-range-50km-h-mountain-bikes-city-commuting-e-bikeroad-bicycle\/"},"modified":"2025-05-20T19:08:15","modified_gmt":"2025-05-20T19:08:15","slug":"duotts-c29-electric-bike-750w-29-tire-48v-15ah-battery-50km-max-range-50km-h-mountain-bikes-city-commuting-e-bikeroad-bicycle","status":"publish","type":"product","link":"https:\/\/www.electricstore.eu\/de\/p\/bikes\/duotts-c29-electric-bike-750w-29-tire-48v-15ah-battery-50km-max-range-50km-h-mountain-bikes-city-commuting-e-bikeroad-bicycle\/","title":{"rendered":"DUOTTS C29 Elektrofahrrad 750W 29\u2033 Reifen 48V 15Ah Akku 50km Max Reichweite 50km\/h Mountainbikes City-Pendler-E-Bike, Rennrad"},"content":{"rendered":"<div class=\"product-specs-list-container\">\n<ul class=\"product-specs-list util-clearfix\">\n<li class=\"product-prop line-limit-length\"><span\n                                        class=\"property-title\">Modellnummer:&nbsp;<\/span><span\n                                        class=\"property-desc line-limit-length\">DUOTTS C29<\/span>\n                            <\/li>\n<li class=\"product-prop line-limit-length\"><span\n                                        class=\"property-title\">Bewertete Passagierkapazit\u00e4t:&nbsp;<\/span><span\n                                        class=\"property-desc line-limit-length\">Zweisitzig<\/span>\n                            <\/li>\n<li class=\"product-prop line-limit-length\"><span\n                                        class=\"property-title\">Stil:&nbsp;<\/span><span\n                                        class=\"property-desc line-limit-length\">Standardtyp<\/span>\n                            <\/li>\n<li class=\"product-prop line-limit-length\"><span\n                                        class=\"property-title\">H\u00f6chstgeschwindigkeit:&nbsp;<\/span><span\n                                        class=\"property-desc line-limit-length\">30-50km\/h<\/span>\n                            <\/li>\n<li class=\"product-prop line-limit-length\"><span\n                                        class=\"property-title\">Reichweite pro Leistung:&nbsp;<\/span><span\n                                        class=\"property-desc line-limit-length\">31 \u2013 60 km<\/span>\n                            <\/li>\n<li class=\"product-prop line-limit-length\"><span\n                                        class=\"property-title\">Leistung:&nbsp;<\/span><span\n                                        class=\"property-desc line-limit-length\">&gt; 500 W<\/span>\n                            <\/li>\n<li class=\"product-prop line-limit-length\"><span\n                                        class=\"property-title\">Stromversorgung:&nbsp;<\/span><span\n                                        class=\"property-desc line-limit-length\">Lithiumbatterie<\/span>\n                            <\/li>\n<li class=\"product-prop line-limit-length\"><span\n                                        class=\"property-title\">Stromspannung:&nbsp;<\/span><span\n                                        class=\"property-desc line-limit-length\">48 V<\/span>\n                            <\/li>\n<li class=\"product-prop line-limit-length\"><span\n                                        class=\"property-title\">Stromquelle:&nbsp;<\/span><span\n                                        class=\"property-desc line-limit-length\">Lithiumbatterie<\/span>\n                            <\/li>\n<li class=\"product-prop line-limit-length\"><span\n                                        class=\"property-title\">Herkunft:&nbsp;<\/span><span\n                                        class=\"property-desc line-limit-length\">Festlandchina<\/span>\n                            <\/li>\n<li class=\"product-prop line-limit-length\"><span\n                                        class=\"property-title\">Gefaltet:&nbsp;<\/span><span\n                                        class=\"property-desc line-limit-length\">NEIN<\/span>\n                            <\/li>\n<li class=\"product-prop line-limit-length\"><span\n                                        class=\"property-title\">Motor:&nbsp;<\/span><span\n                                        class=\"property-desc line-limit-length\">B\u00fcrstenlos<\/span>\n                            <\/li>\n<li class=\"product-prop line-limit-length\"><span\n                                        class=\"property-title\">Radgr\u00f6\u00dfe:&nbsp;<\/span><span\n                                        class=\"property-desc line-limit-length\">29&quot;<\/span>\n                            <\/li>\n<li class=\"product-prop line-limit-length\"><span\n                                        class=\"property-title\">Rahmenmaterial:&nbsp;<\/span><span\n                                        class=\"property-desc line-limit-length\">Aluminiumlegierung<\/span>\n                            <\/li>\n<\/ul><\/div>\n<p><span style=\"color:rgb(244, 78, 59);font-size:20px\"><strong><u>Sehr geehrter Kunde,<br \/>\n<\/u><\/strong><\/span><\/p>\n<p><span style=\"color:rgb(244, 78, 59);font-size:20px\"><strong><u><br \/>\n<\/u><\/strong><\/span><\/p>\n<p><span style=\"color:rgb(244, 78, 59);font-size:20px\"><strong><u>Vielen Dank f\u00fcr Ihr Interesse an unserem Produkt! Wir bedauern, Ihnen mitteilen zu m\u00fcssen, dass das Scooter-Modell nicht mehr hergestellt wird und nicht mehr lieferbar ist. Der Link ist jedoch aktiv und kann daher momentan nicht entfernt werden. Sie k\u00f6nnen sich gerne unsere anderen verf\u00fcgbaren Modelle ansehen \u2013 hier ist der Link:<br \/>\n<\/u><\/strong><\/span><\/p>\n<p><span style=\"color:rgb(244, 78, 59);font-size:20px\"><strong><u>https:\/\/www.aliexpress.com\/store\/1104686089\/pages\/all-items.html?spm=a2g0o.store_pc_home.pcShopHead_2011895633671.1&amp;shop_sortType=bestmatch_sort<\/u><\/strong><\/span><\/p>\n<p style=\"font-family:&quot;TT Norms Pro&quot;, &quot;Open Sans&quot;, Roboto, Arial, Helvetica, sans-serif, SimSun;font-size:14px;font-weight:400;letter-spacing:normal;line-height:inherit;text-align:start;white-space:normal;color:rgb(34, 34, 34);margin:0px;margin-bottom:0px;margin-top:0px;margin-left:0px;margin-right:0px;padding:0px;padding-bottom:0px;padding-top:0px;padding-left:0px;padding-right:0px;box-sizing:border-box\" align=\"start\"><\/p>\n<div style=\"text-align:center\" align=\"center\"><strong>DUOTTS C29 Elektrofahrrad, 750 W, 29-Zoll-Reifen, 48 V, 15 Ah Akku, 50 km maximale Reichweite, 50 km\/h H\u00f6chstgeschwindigkeit, E-Mountainbike, Citybike, Pendlerfahrrad<\/strong><\/div>\n<div style=\"text-align:center\" align=\"center\"><\/div>\n<p style=\"font-family:&quot;Microsoft YaHei&quot;;font-size:medium;font-weight:400;letter-spacing:normal;line-height:inherit;text-align:start;white-space:normal;color:rgb(0, 0, 0);background-color:rgb(255, 255, 255);margin:0px;margin-bottom:0px;margin-top:0px;margin-left:0px;margin-right:0px;padding:0px;padding-bottom:0px;padding-top:0px;padding-left:0px;padding-right:0px;box-sizing:border-box\" align=\"start\"><strong><span style=\"font-size:24px\"><span style=\"font-family:&quot;times new roman&quot;, times, serif\">&gt;&gt;Highlights<\/span><\/span><\/strong><\/p>\n<div style=\"font-family:&quot;Open Sans&quot;, Roboto, Arial, Helvetica, sans-serif, SimSun;font-size:14px;font-weight:400;letter-spacing:normal;text-align:start;white-space:normal;color:rgb(34, 34, 34);margin:0px;margin-bottom:0px;margin-top:0px;margin-left:0px;margin-right:0px;padding:0px;padding-bottom:0px;padding-top:0px;padding-left:0px;padding-right:0px;box-sizing:content-box\" align=\"start\"><\/div>\n<p style=\"font-family:&quot;Microsoft YaHei&quot;;font-size:medium;font-weight:400;letter-spacing:normal;line-height:inherit;text-align:start;white-space:normal;color:rgb(0, 0, 0);background-color:rgb(255, 255, 255);margin:0px;margin-bottom:0px;margin-top:0px;margin-left:0px;margin-right:0px;padding:0px;padding-bottom:0px;padding-top:0px;padding-left:0px;padding-right:0px;box-sizing:border-box\" align=\"start\"><\/p>\n<p style=\"font-family:&quot;Open Sans&quot;, Roboto, Arial, Helvetica, sans-serif, SimSun;font-size:14px;font-weight:400;letter-spacing:normal;line-height:inherit;text-align:left;white-space:normal;color:rgb(34, 34, 34);margin:0px;margin-bottom:0px;margin-top:0px;margin-left:0px;margin-right:0px;padding:0px;padding-bottom:0px;padding-top:0px;padding-left:0px;padding-right:0px;box-sizing:border-box\" align=\"left\"><span style=\"color:rgb(0, 0, 0);font-size:18px;font-family:&quot;Times New Roman&quot;\"><strong>Rahmen aus Aluminiumlegierung<\/strong><\/span><span style=\"color:rgb(0, 0, 0);font-size:18px;font-family:&quot;Times New Roman&quot;\"><br \/>Es zeichnet sich durch h\u00f6here Festigkeit, Korrosionsbest\u00e4ndigkeit und Rostbest\u00e4ndigkeit aus und gew\u00e4hrleistet die Tragf\u00e4higkeit jedes einzelnen Teils.<\/p>\n<p><\/span><span style=\"color:rgb(0, 0, 0);font-size:18px;font-family:&quot;Times New Roman&quot;\"><strong>Starke 750-Watt-Leistung<\/strong><\/span><span style=\"color:rgb(0, 0, 0);font-size:18px;font-family:&quot;Times New Roman&quot;\"><br \/>Mit einem 48V 750W Hochgeschwindigkeits-B\u00fcrstenlos-Getriebemotor bietet er gen\u00fcgend Leistung, um eine Geschwindigkeit von bis zu 50 km\/h zu erreichen.<\/p>\n<p><\/span><span style=\"color:rgb(0, 0, 0);font-size:18px;font-family:&quot;Times New Roman&quot;\"><strong>Shimano 21-Gang-Schaltung<\/strong><\/span><span style=\"color:rgb(0, 0, 0);font-size:18px;font-family:&quot;Times New Roman&quot;\"><br \/>Die Shimano 21-Gang-Schaltung sorgt f\u00fcr mehr Kraft beim Bergauffahren, eine gr\u00f6\u00dfere \u00dcbersetzungsbandbreite und eine bessere Anpassungsf\u00e4higkeit an das Gel\u00e4nde.<\/p>\n<p><\/span><span style=\"color:rgb(0, 0, 0);font-size:18px;font-family:&quot;Times New Roman&quot;\"><strong>18650 Lithium-Batterie<\/strong><\/span><span style=\"color:rgb(0, 0, 0);font-size:18px;font-family:&quot;Times New Roman&quot;\"><br \/>Der herausnehmbare 15-Ah-Akku kann am oder abseits des Rahmens geladen werden; das BMS-System sch\u00fctzt den Akku und verl\u00e4ngert so seine Lebensdauer.<\/p>\n<p><\/span><span style=\"color:rgb(0, 0, 0);font-size:18px;font-family:&quot;Times New Roman&quot;\"><strong>3 Reisem\u00f6glichkeiten<\/strong><\/span><span style=\"color:rgb(0, 0, 0);font-size:18px;font-family:&quot;Times New Roman&quot;\"><br \/>Drei integrierte Fahrmodi: Fahrmodus, Unterst\u00fctzungsmodus und rein elektrischer Modus; einfacher Wechsel je nach Gang und Modus, sodass die Anforderungen verschiedener Situationen problemlos bew\u00e4ltigt werden k\u00f6nnen.<\/span><\/p>\n<p style=\"font-family:&quot;Open Sans&quot;, Roboto, Arial, Helvetica, sans-serif, SimSun;font-size:14px;font-weight:400;letter-spacing:normal;line-height:inherit;text-align:start;white-space:normal;color:rgb(34, 34, 34);margin:0px;margin-bottom:0px;margin-top:0px;margin-left:0px;margin-right:0px;padding:0px;padding-bottom:0px;padding-top:0px;padding-left:0px;padding-right:0px;box-sizing:border-box\" align=\"start\"><\/p>\n<p style=\"font-family:&quot;Microsoft YaHei&quot;;font-size:medium;font-weight:400;letter-spacing:normal;line-height:inherit;text-align:start;white-space:normal;color:rgb(0, 0, 0);background-color:rgb(255, 255, 255);margin:0px;margin-bottom:0px;margin-top:0px;margin-left:0px;margin-right:0px;padding:0px;padding-bottom:0px;padding-top:0px;padding-left:0px;padding-right:0px;box-sizing:border-box\" align=\"start\"><strong><span style=\"font-size:24px\"><span style=\"font-family:&quot;times new roman&quot;, times, serif\">&gt;&gt;Spezifikation<\/span><\/span><\/strong><\/p>\n<div style=\"font-family:&quot;Open Sans&quot;, Roboto, Arial, Helvetica, sans-serif, SimSun;font-size:14px;font-weight:400;letter-spacing:normal;text-align:start;white-space:normal;color:rgb(34, 34, 34);margin:0px;margin-bottom:0px;margin-top:0px;margin-left:0px;margin-right:0px;padding:0px;padding-bottom:0px;padding-top:0px;padding-left:0px;padding-right:0px;box-sizing:content-box\" align=\"start\"><\/div>\n<p><\/p>\n<table style=\"border-collapse:collapse;font-family:&quot;Microsoft YaHei&quot;;font-size:14px;text-align:start;color:rgb(34, 34, 34);width:1000px\" class=\"jbEidtTable\" border=\"1\" cellpadding=\"5\" cellspacing=\"0\" align=\"start\">\n<tbody>\n<tr>\n<td style=\"font-size:14px;text-align:left;height:121px\" align=\"left\">\n<p style=\"line-height:inherit;margin:0px;margin-bottom:0px;margin-top:0px;margin-left:0px;margin-right:0px;padding:0px;padding-bottom:0px;padding-top:0px;padding-left:0px;padding-right:0px;box-sizing:border-box\"><span style=\"font-size:18px;font-family:&quot;times new roman&quot;, times, serif\"><strong>Allgemein<\/strong><\/span><\/p>\n<\/td>\n<td style=\"font-size:14px;text-align:left;height:121px\" align=\"left\">\n<p style=\"line-height:inherit;margin:0px;margin-bottom:0px;margin-top:0px;margin-left:0px;margin-right:0px;padding:0px;padding-bottom:0px;padding-top:0px;padding-left:0px;padding-right:0px;box-sizing:border-box\"><span style=\"font-size:18px;font-family:&quot;times new roman&quot;, times, serif\">Marke: DUOTTS<br \/>Typ: Elektrofahrrad<br \/>Modell: C29<br \/>Farbe: Schwarz<\/span><\/p>\n<\/td>\n<\/tr>\n<tr>\n<td style=\"font-size:14px;text-align:left;height:22px\" align=\"left\">\n<p style=\"line-height:inherit;margin:0px;margin-bottom:0px;margin-top:0px;margin-left:0px;margin-right:0px;padding:0px;padding-bottom:0px;padding-top:0px;padding-left:0px;padding-right:0px;box-sizing:border-box\"><span style=\"font-size:18px;font-family:&quot;times new roman&quot;, times, serif\"><strong>Spezifikation<\/strong><\/span><\/p>\n<\/td>\n<td style=\"font-size:14px;text-align:left;height:22px\" align=\"left\">\n<p style=\"line-height:inherit;margin:0px;margin-bottom:0px;margin-top:0px;margin-left:0px;margin-right:0px;padding:0px;padding-bottom:0px;padding-top:0px;padding-left:0px;padding-right:0px;box-sizing:border-box\"><span style=\"font-size:18px;font-family:&quot;times new roman&quot;, times, serif\">Material: Aluminiumlegierung<br \/>Rad: 29*2,1 Zoll Rad<br \/>Ausstattung: Shimano 21-Gang-Schaltung<br \/>H\u00f6chstgeschwindigkeit: 50 km\/h<br \/>Maximale Steigung: 45 Grad<br \/>Wasserdicht: IP54<br \/>Sto\u00dfd\u00e4mpfer: Vordere Sto\u00dfd\u00e4mpfung<br \/>Batteriekapazit\u00e4t: 48 V 15 Ah<br \/>Ladezeit: 4-5 Stunden<br \/>Steuerungssystem: 48 V, 9 R\u00f6hren<br \/>Ausdauer: 50 km<br \/>Motor: 48 V 750 W<br \/>Bremse: Scheibenbremse<br \/>Gep\u00e4cktr\u00e4gerlast hinten: 60 kg<\/span><\/p>\n<\/td>\n<\/tr>\n<tr>\n<td style=\"font-size:14px;text-align:left;height:89px\" align=\"left\">\n<p style=\"line-height:inherit;margin:0px;margin-bottom:0px;margin-top:0px;margin-left:0px;margin-right:0px;padding:0px;padding-bottom:0px;padding-top:0px;padding-left:0px;padding-right:0px;box-sizing:border-box\"><span style=\"font-size:18px;font-family:&quot;times new roman&quot;, times, serif\"><strong>Gewicht &amp; Gr\u00f6\u00dfe<\/strong><\/span><\/p>\n<\/td>\n<td style=\"font-size:14px;text-align:left;height:89px\" align=\"left\">\n<p style=\"line-height:inherit;margin:0px;margin-bottom:0px;margin-top:0px;margin-left:0px;margin-right:0px;padding:0px;padding-bottom:0px;padding-top:0px;padding-left:0px;padding-right:0px;box-sizing:border-box\"><span style=\"font-size:18px;font-family:&quot;times new roman&quot;, times, serif\">Produktgewicht: 26 kg<br \/>Paketgewicht: 28 kg<br \/>Produktgr\u00f6\u00dfe: 184 x 113 x 70 cm<br \/>Verpackungsgr\u00f6\u00dfe: 142 x 23 x 77 cm<\/span><\/p>\n<\/td>\n<\/tr>\n<tr>\n<td style=\"font-size:14px;text-align:left;height:99px\" align=\"left\">\n<p style=\"line-height:inherit;margin:0px;margin-bottom:0px;margin-top:0px;margin-left:0px;margin-right:0px;padding:0px;padding-bottom:0px;padding-top:0px;padding-left:0px;padding-right:0px;box-sizing:border-box\"><span style=\"font-size:18px;font-family:&quot;times new roman&quot;, times, serif\"><strong>Packungsinhalt<\/strong><\/span><\/p>\n<\/td>\n<td style=\"font-size:14px;text-align:left;height:99px\" align=\"left\">\n<p style=\"line-height:inherit;margin:0px;margin-bottom:0px;margin-top:0px;margin-left:0px;margin-right:0px;padding:0px;padding-bottom:0px;padding-top:0px;padding-left:0px;padding-right:0px;box-sizing:border-box\"><span style=\"font-size:18px;font-family:&quot;times new roman&quot;, times, serif\">1 x C29 Elektromoped<br \/>1 x Ladeger\u00e4t<br \/>1 x Werkzeug<br \/>1 x Pumpe<br \/>1 x Gep\u00e4cktr\u00e4ger<\/span><\/p>\n<\/td>\n<\/tr>\n<\/tbody>\n<\/table>\n<p style=\"font-family:&quot;Open Sans&quot;, Roboto, Arial, Helvetica, sans-serif, SimSun;font-size:14px;font-weight:400;letter-spacing:normal;line-height:inherit;text-align:start;white-space:normal;color:rgb(34, 34, 34);margin:0px;margin-bottom:0px;margin-top:0px;margin-left:0px;margin-right:0px;padding:0px;padding-bottom:0px;padding-top:0px;padding-left:0px;padding-right:0px;box-sizing:border-box\" align=\"start\"><\/p>\n<p style=\"font-family:&quot;Open Sans&quot;, Roboto, Arial, Helvetica, sans-serif, SimSun;font-size:14px;font-weight:400;letter-spacing:normal;line-height:inherit;text-align:start;white-space:normal;color:rgb(34, 34, 34);margin:0px;margin-bottom:0px;margin-top:0px;margin-left:0px;margin-right:0px;padding:0px;padding-bottom:0px;padding-top:0px;padding-left:0px;padding-right:0px;box-sizing:border-box\" align=\"start\"><strong><span style=\"font-size:24px\"><span style=\"font-family:&quot;times new roman&quot;, times, serif\">&gt;&gt;Produktbilder und Beschreibungen<\/span><\/span><\/strong><\/p>\n<p style=\"font-family:&quot;Open Sans&quot;, Roboto, Arial, Helvetica, sans-serif, SimSun;font-size:14px;font-weight:400;letter-spacing:normal;line-height:inherit;text-align:start;white-space:normal;color:rgb(34, 34, 34);margin:0px;margin-bottom:0px;margin-top:0px;margin-left:0px;margin-right:0px;padding:0px;padding-bottom:0px;padding-top:0px;padding-left:0px;padding-right:0px;box-sizing:border-box\" align=\"start\"><img decoding=\"async\" src=\"https:\/\/ae01.alicdn.com\/kf\/S77a97ee889dd4e049fa415bf58446c20R.jpg\" slate-data-type=\"image\"\/><img decoding=\"async\" src=\"https:\/\/ae01.alicdn.com\/kf\/S0696ddf3fc45432aa867dda060845501L.jpg\" slate-data-type=\"image\"\/><img decoding=\"async\" src=\"https:\/\/ae01.alicdn.com\/kf\/Sbbd006cf711e4ca0aae8d3407ae2d8ceZ.jpg\" slate-data-type=\"image\"\/><img decoding=\"async\" src=\"https:\/\/ae01.alicdn.com\/kf\/S8fd7bb771bff4b6fac81d1b85b317a1fx.jpg\" slate-data-type=\"image\"\/><img decoding=\"async\" src=\"https:\/\/ae01.alicdn.com\/kf\/Sd440aea5ac0b4912908b1cd8bccf3da14.jpg\" slate-data-type=\"image\"\/><img decoding=\"async\" src=\"https:\/\/ae01.alicdn.com\/kf\/Sc3b8041ad30347baa4cfcfb2cba51e3bC.jpg\" slate-data-type=\"image\"\/><img decoding=\"async\" src=\"https:\/\/ae01.alicdn.com\/kf\/S2085f51baf3b466c943c2f8904c3135dM.jpg\" slate-data-type=\"image\"\/><img decoding=\"async\" src=\"https:\/\/ae01.alicdn.com\/kf\/S4a3abe522ba348d4912854a18f4d91c09.jpg\" slate-data-type=\"image\"\/><\/p>","protected":false},"excerpt":{"rendered":"<p>Model Number:&nbsp;DUOTTS C29 Rated Passenger Capacity:&nbsp;Two Seat Style:&nbsp;Standard Type Max Speed:&nbsp;30-50km\/h Range per Power:&nbsp;31 &#8211; 60 km Wattage:&nbsp;&gt; 500w Power Supply:&nbsp;lithium battery Voltage:&nbsp;48V Power Source:&nbsp;lithium battery Origin:&nbsp;Mainland China Folded:&nbsp;No Motor:&nbsp;Brushless<\/p>","protected":false},"featured_media":25944,"comment_status":"open","ping_status":"closed","template":"","meta":{"_acf_changed":false},"product_brand":[],"product_cat":[230],"product_tag":[],"class_list":{"0":"post-25943","1":"product","2":"type-product","3":"status-publish","4":"has-post-thumbnail","6":"product_cat-bikes","8":"first","9":"instock","10":"shipping-taxable","11":"purchasable","12":"product-type-variable"},"acf":[],"_links":{"self":[{"href":"https:\/\/www.electricstore.eu\/de\/wp-json\/wp\/v2\/product\/25943","targetHints":{"allow":["GET"]}}],"collection":[{"href":"https:\/\/www.electricstore.eu\/de\/wp-json\/wp\/v2\/product"}],"about":[{"href":"https:\/\/www.electricstore.eu\/de\/wp-json\/wp\/v2\/types\/product"}],"replies":[{"embeddable":true,"href":"https:\/\/www.electricstore.eu\/de\/wp-json\/wp\/v2\/comments?post=25943"}],"wp:featuredmedia":[{"embeddable":true,"href":"https:\/\/www.electricstore.eu\/de\/wp-json\/wp\/v2\/media\/25944"}],"wp:attachment":[{"href":"https:\/\/www.electricstore.eu\/de\/wp-json\/wp\/v2\/media?parent=25943"}],"wp:term":[{"taxonomy":"product_brand","embeddable":true,"href":"https:\/\/www.electricstore.eu\/de\/wp-json\/wp\/v2\/product_brand?post=25943"},{"taxonomy":"product_cat","embeddable":true,"href":"https:\/\/www.electricstore.eu\/de\/wp-json\/wp\/v2\/product_cat?post=25943"},{"taxonomy":"product_tag","embeddable":true,"href":"https:\/\/www.electricstore.eu\/de\/wp-json\/wp\/v2\/product_tag?post=25943"}],"curies":[{"name":"wp","href":"https:\/\/api.w.org\/{rel}","templated":true}]}}