{"id":25743,"date":"2025-05-20T19:01:03","date_gmt":"2025-05-20T19:01:03","guid":{"rendered":"https:\/\/electricstore.eu\/p\/uncategorized\/boyueda-s3-11-electric-scooter-6000w-dual-powerful-motor-60v38ah-battery-120km-max-range-85km-h-speed-foldable-adult-e-scooter\/"},"modified":"2025-05-20T19:06:30","modified_gmt":"2025-05-20T19:06:30","slug":"boyueda-s3-11-electric-scooter-6000w-dual-powerful-motor-60v38ah-battery-120km-max-range-85km-h-speed-foldable-adult-e-scooter","status":"publish","type":"product","link":"https:\/\/www.electricstore.eu\/de\/p\/scooters\/boyueda-s3-11-electric-scooter-6000w-dual-powerful-motor-60v38ah-battery-120km-max-range-85km-h-speed-foldable-adult-e-scooter\/","title":{"rendered":"BOYUEDA S3-11 Elektroroller, 6000 W, leistungsstarker Doppelmotor, 60 V, 38 Ah Akku, 120 km maximale Reichweite, 85 km\/h Geschwindigkeit, faltbarer E-Scooter f\u00fcr Erwachsene"},"content":{"rendered":"<div class=\"product-specs-list-container\">\n<ul class=\"product-specs-list util-clearfix\">\n<li class=\"product-prop line-limit-length\"><span\n                                        class=\"property-title\">Reifengr\u00f6\u00dfe:&nbsp;<\/span><span\n                                        class=\"property-desc line-limit-length\">11 Zoll<\/span>\n                            <\/li>\n<li class=\"product-prop line-limit-length\"><span\n                                        class=\"property-title\">Modellnummer:&nbsp;<\/span><span\n                                        class=\"property-desc line-limit-length\">BOYUEDA S3-11<\/span>\n                            <\/li>\n<li class=\"product-prop line-limit-length\"><span\n                                        class=\"property-title\">Kategorie:&nbsp;<\/span><span\n                                        class=\"property-desc line-limit-length\">Zweirad-Scooter<\/span>\n                            <\/li>\n<li class=\"product-prop line-limit-length\"><span\n                                        class=\"property-title\">Anwendbare Personen:&nbsp;<\/span><span\n                                        class=\"property-desc line-limit-length\">Unisex<\/span>\n                            <\/li>\n<li class=\"product-prop line-limit-length\"><span\n                                        class=\"property-title\">Reichweite pro Ladung:&nbsp;<\/span><span\n                                        class=\"property-desc line-limit-length\">60-80 km<\/span>\n                            <\/li>\n<li class=\"product-prop line-limit-length\"><span\n                                        class=\"property-title\">Ladezeit:&nbsp;<\/span><span\n                                        class=\"property-desc line-limit-length\">8-10 Stunden<\/span>\n                            <\/li>\n<li class=\"product-prop line-limit-length\"><span\n                                        class=\"property-title\">Stromspannung:&nbsp;<\/span><span\n                                        class=\"property-desc line-limit-length\">60 V<\/span>\n                            <\/li>\n<li class=\"product-prop line-limit-length\"><span\n                                        class=\"property-title\">Gefaltet:&nbsp;<\/span><span\n                                        class=\"property-desc line-limit-length\">JA<\/span>\n                            <\/li>\n<li class=\"product-prop line-limit-length\"><span\n                                        class=\"property-title\">Herkunft:&nbsp;<\/span><span\n                                        class=\"property-desc line-limit-length\">Festlandchina<\/span>\n                            <\/li>\n<li class=\"product-prop line-limit-length\"><span\n                                        class=\"property-title\">Leistung (W):&nbsp;<\/span><span\n                                        class=\"property-desc line-limit-length\">1001-2000 W<\/span>\n                            <\/li>\n<li class=\"product-prop line-limit-length\"><span\n                                        class=\"property-title\">Max. Motorleistung:&nbsp;<\/span><span\n                                        class=\"property-desc line-limit-length\">6000 W<\/span>\n                            <\/li>\n<li class=\"product-prop line-limit-length\"><span\n                                        class=\"property-title\">maximale Reichweite:&nbsp;<\/span><span\n                                        class=\"property-desc line-limit-length\">120 km<\/span>\n                            <\/li>\n<li class=\"product-prop line-limit-length\"><span\n                                        class=\"property-title\">H\u00f6chstgeschwindigkeit:&nbsp;<\/span><span\n                                        class=\"property-desc line-limit-length\">85 km\/h<\/span>\n                            <\/li>\n<li class=\"product-prop line-limit-length\"><span\n                                        class=\"property-title\">Kletterf\u00e4higkeit:&nbsp;<\/span><span\n                                        class=\"property-desc line-limit-length\">45\u00b0<\/span>\n                            <\/li>\n<li class=\"product-prop line-limit-length\"><span\n                                        class=\"property-title\">Bremssystem:&nbsp;<\/span><span\n                                        class=\"property-desc line-limit-length\">Hydraulische Scheibenbremsen vorne und hinten<\/span>\n                            <\/li>\n<li class=\"product-prop line-limit-length\"><span\n                                        class=\"property-title\">Batterie:&nbsp;<\/span><span\n                                        class=\"property-desc line-limit-length\">60V38AH<\/span>\n                            <\/li>\n<li class=\"product-prop line-limit-length\"><span\n                                        class=\"property-title\">Sto\u00dfd\u00e4mpfer vorne:&nbsp;<\/span><span\n                                        class=\"property-desc line-limit-length\">Herunterklappbarer hydraulischer Sto\u00dfd\u00e4mpfer f\u00fcr lange Strecken<\/span>\n                            <\/li>\n<li class=\"product-prop line-limit-length\"><span\n                                        class=\"property-title\">Sto\u00dfd\u00e4mpfer hinten:&nbsp;<\/span><span\n                                        class=\"property-desc line-limit-length\">Hydraulischer Sto\u00dfd\u00e4mpfer<\/span>\n                            <\/li>\n<li class=\"product-prop line-limit-length\"><span\n                                        class=\"property-title\">Regler:&nbsp;<\/span><span\n                                        class=\"property-desc line-limit-length\">60V45A*2<\/span>\n                            <\/li>\n<li class=\"product-prop line-limit-length\"><span\n                                        class=\"property-title\">Scheinwerfer:&nbsp;<\/span><span\n                                        class=\"property-desc line-limit-length\">Doppelte U7-Scheinwerfer<\/span>\n                            <\/li>\n<li class=\"product-prop line-limit-length\"><span\n                                        class=\"property-title\">Laden:&nbsp;<\/span><span\n                                        class=\"property-desc line-limit-length\">Doppelte Ladeanschl\u00fcsse, ausgestattet mit zwei Ladeger\u00e4ten<\/span>\n                            <\/li>\n<li class=\"product-prop line-limit-length\"><span\n                                        class=\"property-title\">Reifen:&nbsp;<\/span><span\n                                        class=\"property-desc line-limit-length\">Offroad-Reifen, Durchmesser 11 Zoll, Breite 100MM<\/span>\n                            <\/li>\n<li class=\"product-prop line-limit-length\"><span\n                                        class=\"property-title\">Anwendbares Gel\u00e4nde:&nbsp;<\/span><span\n                                        class=\"property-desc line-limit-length\">Stra\u00dfe, Gel\u00e4nde<\/span>\n                            <\/li>\n<li class=\"product-prop line-limit-length\"><span\n                                        class=\"property-title\">Zertifikat:&nbsp;<\/span><span\n                                        class=\"property-desc line-limit-length\"><\/span>\n                            <\/li>\n<\/ul><\/div>\n<h1 style=\"text-align:center\" align=\"center\"><strong>BOYUEDA S3-11 Elektroroller, 6000 W, leistungsstarker Doppelmotor, 60 V, 38 Ah Akku, 120 km maximale Reichweite, 85 km\/h Geschwindigkeit, faltbarer E-Scooter f\u00fcr Erwachsene<\/strong><\/h1>\n<h3 style=\"font-family:DeepSeek-CJK-patch, Inter, system-ui, -apple-system, BlinkMacSystemFont, &quot;Segoe UI&quot;, Roboto, &quot;Noto Sans&quot;, Ubuntu, Cantarell, &quot;Helvetica Neue&quot;, Oxygen, &quot;Open Sans&quot;, sans-serif;font-size:18.288px;font-weight:600;letter-spacing:normal;line-height:1.5;text-align:start;white-space:normal;color:rgb(64, 64, 64);background-color:rgb(255, 255, 255);margin:18.288px 0px 13.716px;margin-bottom:13.716px;margin-top:18.288px;margin-left:0px;margin-right:0px\" align=\"start\"><strong>S3-11 Elektroroller \u2013 Spezifikationen<\/strong><\/h3>\n<h4 style=\"font-family:DeepSeek-CJK-patch, Inter, system-ui, -apple-system, BlinkMacSystemFont, &quot;Segoe UI&quot;, Roboto, &quot;Noto Sans&quot;, Ubuntu, Cantarell, &quot;Helvetica Neue&quot;, Oxygen, &quot;Open Sans&quot;, sans-serif;font-size:16.002px;font-weight:600;letter-spacing:normal;line-height:28.575px;text-align:start;white-space:normal;color:rgb(64, 64, 64);background-color:rgb(255, 255, 255);margin:18.288px 0px 13.716px;margin-bottom:13.716px;margin-top:18.288px;margin-left:0px;margin-right:0px\" align=\"start\"><strong>Schl\u00fcsselparameter<\/strong><\/h4>\n<p><\/p>\n<table style=\"border-collapse:collapse;font-family:DeepSeek-CJK-patch, Inter, system-ui, -apple-system, BlinkMacSystemFont, &quot;Segoe UI&quot;, Roboto, &quot;Noto Sans&quot;, Ubuntu, Cantarell, &quot;Helvetica Neue&quot;, Oxygen, &quot;Open Sans&quot;, sans-serif;font-size:16.002px;text-align:start;color:rgb(64, 64, 64);background-color:rgb(255, 255, 255)\" align=\"start\">\n<tr>\n<td style=\"font-weight:600;text-align:left;color:rgb(64, 64, 64);border-bottom:1px solid rgb(163, 163, 163);border-top:1px solid rgb(163, 163, 163);padding:6.858px 13.716px 6.858px 0px;padding-bottom:6.858px;padding-top:6.858px;padding-left:0px;padding-right:13.716px\" align=\"left\">\n<p><strong>Kategorie<\/strong><\/p>\n<\/td>\n<td style=\"font-weight:600;text-align:left;color:rgb(64, 64, 64);border-bottom:1px solid rgb(163, 163, 163);border-top:1px solid rgb(163, 163, 163);padding:6.858px 13.716px;padding-bottom:6.858px;padding-top:6.858px;padding-left:13.716px;padding-right:13.716px\" align=\"left\">\n<p><strong>Details<\/strong><\/p>\n<\/td>\n<\/tr>\n<tbody>\n<tr>\n<td style=\"padding:6.858px 13.716px 6.858px 0px\">\n<p><strong>Modell<\/strong><\/p>\n<\/td>\n<td style=\"padding:6.858px 13.716px\">\n<p>S3-11<\/p>\n<\/td>\n<\/tr>\n<tr>\n<td style=\"padding:6.858px 13.716px 6.858px 0px\">\n<p><strong>Batteriekapazit\u00e4t<\/strong><\/p>\n<\/td>\n<td style=\"padding:6.858px 13.716px\">\n<p>60 V, 38 Ah (2280 Wh)<\/p>\n<\/td>\n<\/tr>\n<tr>\n<td style=\"padding:6.858px 13.716px 6.858px 0px\">\n<p><strong>Motor<\/strong><\/p>\n<\/td>\n<td style=\"padding:6.858px 13.716px\">\n<p>Zwei Hochgeschwindigkeitsmotoren, 2\u00d73000 W (insgesamt 6000 W)<\/p>\n<\/td>\n<\/tr>\n<tr>\n<td style=\"padding:6.858px 13.716px 6.858px 0px\">\n<p><strong>Reifen<\/strong><\/p>\n<\/td>\n<td style=\"padding:6.858px 13.716px\">\n<p>Offroad-Reifen, 11 Zoll Durchmesser, 100 mm Breite<\/p>\n<\/td>\n<\/tr>\n<tr>\n<td style=\"padding:6.858px 13.716px 6.858px 0px\">\n<p><strong>Maximalgeschwindigkeit<\/strong><\/p>\n<\/td>\n<td style=\"padding:6.858px 13.716px\">\n<p>85 km\/h<\/p>\n<\/td>\n<\/tr>\n<tr>\n<td style=\"padding:6.858px 13.716px 6.858px 0px\">\n<p><strong>Reichweite<\/strong><\/p>\n<\/td>\n<td style=\"padding:6.858px 13.716px\">\n<p>100\u2013120 km (variiert je nach Gel\u00e4nde und Beladung)<\/p>\n<\/td>\n<\/tr>\n<tr>\n<td style=\"padding:6.858px 13.716px 6.858px 0px\">\n<p><strong>Terrain<\/strong><\/p>\n<\/td>\n<td style=\"padding:6.858px 13.716px\">\n<p>Stra\u00dfe &amp; Gel\u00e4nde<\/p>\n<\/td>\n<\/tr>\n<tr>\n<td style=\"padding:6.858px 13.716px 6.858px 0px\">\n<p><strong>Z\u00fcndung<\/strong><\/p>\n<\/td>\n<td style=\"padding:6.858px 13.716px\">\n<p>Spannungsschalter mit Schl\u00fcsselsperre<\/p>\n<\/td>\n<\/tr>\n<tr>\n<td style=\"padding:6.858px 13.716px 6.858px 0px\">\n<p><strong>Scheinwerfer<\/strong><\/p>\n<\/td>\n<td style=\"padding:6.858px 13.716px\">\n<p>Doppelte U7-LED-Scheinwerfer<\/p>\n<\/td>\n<\/tr>\n<tr>\n<td style=\"padding:6.858px 13.716px 6.858px 0px\">\n<p><strong>Laden<\/strong><\/p>\n<\/td>\n<td style=\"padding:6.858px 13.716px\">\n<p>Zwei Ladeanschl\u00fcsse (beinhaltet 2 Ladeger\u00e4te)<\/p>\n<\/td>\n<\/tr>\n<tr>\n<td style=\"padding:6.858px 13.716px 6.858px 0px\">\n<p><strong>Betriebstemperatur.<\/strong><\/p>\n<\/td>\n<td style=\"padding:6.858px 13.716px\">\n<p>-30 \u00b0C und dar\u00fcber<\/p>\n<\/td>\n<\/tr>\n<tr>\n<td style=\"padding:6.858px 13.716px 6.858px 0px\">\n<p><strong>Maximaler Steigungswinkel<\/strong><\/p>\n<\/td>\n<td style=\"padding:6.858px 13.716px\">\n<p>45\u00b0<\/p>\n<\/td>\n<\/tr>\n<tr>\n<td style=\"padding:6.858px 13.716px 6.858px 0px\">\n<p><strong>Bremsen<\/strong><\/p>\n<\/td>\n<td style=\"padding:6.858px 13.716px\">\n<p>Hydraulische Scheibenbremsen (Marke: Dengfeng)<\/p>\n<\/td>\n<\/tr>\n<tr>\n<td style=\"padding:6.858px 13.716px 6.858px 0px\">\n<p><strong>Rahmenmaterial<\/strong><\/p>\n<\/td>\n<td style=\"padding:6.858px 13.716px\">\n<p>Hochfeste Aluminiumlegierung<\/p>\n<\/td>\n<\/tr>\n<tr>\n<td style=\"padding:6.858px 13.716px 6.858px 0px\">\n<p><strong>Farbe<\/strong><\/p>\n<\/td>\n<td style=\"padding:6.858px 13.716px\">\n<p>Mattschwarz (Hauptk\u00f6rper)<\/p>\n<\/td>\n<\/tr>\n<tr>\n<td style=\"padding:6.858px 13.716px 6.858px 0px\">\n<p><strong>Maximale Tragf\u00e4higkeit<\/strong><\/p>\n<\/td>\n<td style=\"padding:6.858px 13.716px\">\n<p>200 kg<\/p>\n<\/td>\n<\/tr>\n<tr>\n<td style=\"padding:6.858px 13.716px 6.858px 0px\">\n<p><strong>Deckh\u00f6he<\/strong><\/p>\n<\/td>\n<td style=\"padding:6.858px 13.716px\">\n<p>18,5 cm (Bodenfreiheit)<\/p>\n<\/td>\n<\/tr>\n<tr>\n<td style=\"padding:6.858px 13.716px 6.858px 0px\">\n<p><strong>Deckgr\u00f6\u00dfe<\/strong><\/p>\n<\/td>\n<td style=\"padding:6.858px 13.716px\">\n<p>28 cm (B) \u00d7 55 cm (L)<\/p>\n<\/td>\n<\/tr>\n<tr>\n<td style=\"padding:6.858px 13.716px 6.858px 0px\">\n<p><strong>Vorderradaufh\u00e4ngung<\/strong><\/p>\n<\/td>\n<td style=\"padding:6.858px 13.716px\">\n<p>Umgekehrte hydraulische Sto\u00dfd\u00e4mpfung mit gro\u00dfem Hub<\/p>\n<\/td>\n<\/tr>\n<tr>\n<td style=\"padding:6.858px 13.716px 6.858px 0px\">\n<p><strong>Hinterradaufh\u00e4ngung<\/strong><\/p>\n<\/td>\n<td style=\"padding:6.858px 13.716px\">\n<p>Hydraulische Sto\u00dfd\u00e4mpfung<\/p>\n<\/td>\n<\/tr>\n<tr>\n<td style=\"padding:6.858px 13.716px 6.858px 0px\">\n<p><strong>Regler<\/strong><\/p>\n<\/td>\n<td style=\"padding:6.858px 13.716px\">\n<p>Duale 60-V-45-A-Controller<\/p>\n<\/td>\n<\/tr>\n<tr>\n<td style=\"padding:6.858px 13.716px 6.858px 0px\">\n<p><strong>Im Lieferumfang enthalten<\/strong><\/p>\n<\/td>\n<td style=\"padding:6.858px 13.716px\">\n<p>Roller \u00d71, Sitz \u00d71, Ladeger\u00e4t \u00d72, Sechskantschraubendreher-Set \u00d71, Telefonhalter \u00d71, 3L schwarze EVA-Aufbewahrungstasche \u00d71<\/p>\n<\/td>\n<\/tr>\n<\/tbody>\n<\/table>\n<hr style=\"font-family:DeepSeek-CJK-patch, Inter, system-ui, -apple-system, BlinkMacSystemFont, &quot;Segoe UI&quot;, Roboto, &quot;Noto Sans&quot;, Ubuntu, Cantarell, &quot;Helvetica Neue&quot;, Oxygen, &quot;Open Sans&quot;, sans-serif;font-size:16.002px;font-weight:400;letter-spacing:normal;text-align:start;white-space:normal;color:rgb(64, 64, 64);background-color:rgb(163, 163, 163);border:none;margin:13.716px 0px;margin-bottom:13.716px;margin-top:13.716px;margin-left:0px;margin-right:0px;display:block;height:1px\" align=\"start\"\/>\n<h3 style=\"font-family:DeepSeek-CJK-patch, Inter, system-ui, -apple-system, BlinkMacSystemFont, &quot;Segoe UI&quot;, Roboto, &quot;Noto Sans&quot;, Ubuntu, Cantarell, &quot;Helvetica Neue&quot;, Oxygen, &quot;Open Sans&quot;, sans-serif;font-size:18.288px;font-weight:600;letter-spacing:normal;line-height:1.5;text-align:start;white-space:normal;color:rgb(64, 64, 64);background-color:rgb(255, 255, 255);margin:18.288px 0px 13.716px;margin-bottom:13.716px;margin-top:18.288px;margin-left:0px;margin-right:0px\" align=\"start\"><strong>Produkt Highlights<\/strong><\/h3>\n<ol style=\"font-family:DeepSeek-CJK-patch, Inter, system-ui, -apple-system, BlinkMacSystemFont, &quot;Segoe UI&quot;, Roboto, &quot;Noto Sans&quot;, Ubuntu, Cantarell, &quot;Helvetica Neue&quot;, Oxygen, &quot;Open Sans&quot;, sans-serif;font-size:16.002px;font-weight:400;letter-spacing:normal;text-align:start;white-space:normal;color:rgb(64, 64, 64);background-color:rgb(255, 255, 255);margin:13.716px 0px;margin-bottom:13.716px;margin-top:13.716px;margin-left:0px;margin-right:0px;padding-left:27.432px\" align=\"start\">\n<li>\n<p style=\"font-size:16.002px;line-height:28.575px;margin-bottom:0px;margin-top:0px;margin-left:0px;margin-right:0px\"><strong>Starke Leistung<\/strong><span>\u00a0<\/span>\u2013 6000W Doppelmotoren f\u00fcr Geschwindigkeiten bis zu<span>\u00a0<\/span><strong>85 km\/h<\/strong>, ideal f\u00fcr Pendler und Offroad-Abenteuer.<\/p>\n<\/li>\n<li style=\"margin-top:4px\">\n<p style=\"font-size:16.002px;line-height:28.575px;margin-bottom:0px;margin-top:0px;margin-left:0px;margin-right:0px\"><strong>Faltbar und langlebig<\/strong><span>\u00a0<\/span>\u2013 Rahmen aus hochfester Aluminiumlegierung, rostbest\u00e4ndig und wackelfrei auch nach l\u00e4ngerem Gebrauch.<\/p>\n<\/li>\n<li style=\"margin-top:4px\">\n<p style=\"font-size:16.002px;line-height:28.575px;margin-bottom:0px;margin-top:0px;margin-left:0px;margin-right:0px\"><strong>Langlebiger Akku<\/strong><span>\u00a0<\/span>\u2013 2280Wh Kapazit\u00e4t liefert<span>\u00a0<\/span><strong>100\u2013120 km<\/strong><span>\u00a0<\/span>pro Ladung.<\/p>\n<\/li>\n<li style=\"margin-top:4px\">\n<p style=\"font-size:16.002px;line-height:28.575px;margin-bottom:0px;margin-top:0px;margin-left:0px;margin-right:0px\"><strong>Schnelles Dual-Laden<\/strong><span>\u00a0<\/span>\u2013 Beinhaltet<span>\u00a0<\/span><strong>zwei 5A-Ladeger\u00e4te<\/strong><span>\u00a0<\/span>zum gleichzeitigen Laden.<\/p>\n<\/li>\n<li style=\"margin-top:4px\">\n<p style=\"font-size:16.002px;line-height:28.575px;margin-bottom:0px;margin-top:0px;margin-left:0px;margin-right:0px\"><strong>Wartungsfreundlicher Controller<\/strong><span>\u00a0<\/span>\u2013 Modulares Plug-In-Design f\u00fcr schnellen Austausch und problemlose Reparaturen.<\/p>\n<\/li>\n<li style=\"margin-top:4px\">\n<p style=\"font-size:16.002px;line-height:28.575px;margin-bottom:0px;margin-top:0px;margin-left:0px;margin-right:0px\"><strong>Verbesserte Sicherheit<\/strong><span>\u00a0<\/span>\u2013 Vorne und hinten<span>\u00a0<\/span><strong>hydraulische Scheibenbremsen<\/strong><span>\u00a0<\/span>f\u00fcr stabile, zuverl\u00e4ssige Bremskraft.<\/p>\n<\/li>\n<li style=\"margin-top:4px\">\n<p style=\"font-size:16.002px;line-height:28.575px;margin-bottom:0px;margin-top:0px;margin-left:0px;margin-right:0px\"><strong>Sanfte Fahrt<\/strong><span>\u00a0<\/span>\u2013<span>\u00a0<\/span><strong>Umgekehrte hydraulische Vorderradaufh\u00e4ngung<\/strong><span>\u00a0<\/span>+ hydraulische Sto\u00dfd\u00e4mpfer hinten f\u00fcr \u00fcberlegenen Komfort auf unebenem Gel\u00e4nde.<\/p>\n<\/li>\n<li style=\"margin-top:4px\">\n<p style=\"font-size:16.002px;line-height:28.575px;margin-bottom:0px;margin-top:0px;margin-left:0px;margin-right:0px\"><strong>Erweiterte Beleuchtung<\/strong><span>\u00a0<\/span>\u2013 Doppelte U7-Scheinwerfer, RGB-Seitendecklichter (anpassbar), sequentielle Blinker hinten und versteckte Lauf-\/Bremslichter.<\/p>\n<\/li>\n<li style=\"margin-top:4px\">\n<p style=\"font-size:16.002px;line-height:28.575px;margin-bottom:0px;margin-top:0px;margin-left:0px;margin-right:0px\"><strong>All-Terrain-Reifen<\/strong><span>\u00a0<\/span>\u2013 11-Zoll-Offroad<span>\u00a0<\/span><strong>Vakuumreifen<\/strong><span>\u00a0<\/span>f\u00fcr Haltbarkeit und Griffigkeit.<\/p>\n<\/li>\n<li style=\"margin-top:4px\">\n<p style=\"font-size:16.002px;line-height:28.575px;margin-bottom:0px;margin-top:0px;margin-left:0px;margin-right:0px\"><strong>Intelligentes LCD-Display<\/strong><span>\u00a0<\/span>\u2013 Zeigt Geschwindigkeit, Batteriestand, Kilometerstand, Spannung usw. an (km\/Meile umschaltbar) +<span>\u00a0<\/span><strong>USB-Ladeanschluss<\/strong>.<\/p>\n<\/li>\n<\/ol>\n<p><img decoding=\"async\" src=\"https:\/\/ae01.alicdn.com\/kf\/Sf33f34274f124ee5adebb04e2b2d8ddcI.jpg\" slate-data-type=\"image\"\/><img decoding=\"async\" src=\"https:\/\/ae01.alicdn.com\/kf\/Sca08803de72446f5b0cce68ca0ff9d4dV.jpg\" slate-data-type=\"image\"\/><img decoding=\"async\" src=\"https:\/\/ae01.alicdn.com\/kf\/S1e7597684c7a45b4800a23eaa2d38fd8B.jpg\" slate-data-type=\"image\"\/><img decoding=\"async\" src=\"https:\/\/ae01.alicdn.com\/kf\/S587589274c644c1c8875c56e23f59aa1B.jpg\" slate-data-type=\"image\"\/><img decoding=\"async\" src=\"https:\/\/ae01.alicdn.com\/kf\/S2044d9b859af4346945ddaa804caacb23.jpg\" slate-data-type=\"image\"\/><img decoding=\"async\" src=\"https:\/\/ae01.alicdn.com\/kf\/Sd6e5e9cebe4344e3a1bd41a4db39d941r.jpg\" slate-data-type=\"image\"\/><img decoding=\"async\" src=\"https:\/\/ae01.alicdn.com\/kf\/Sbd4d412cfdd744e1b81aadca8fe4e3edr.jpg\" slate-data-type=\"image\"\/><img decoding=\"async\" src=\"https:\/\/ae01.alicdn.com\/kf\/S802ad8a03222437a86e62c37434d4048c.jpg\" slate-data-type=\"image\"\/><img decoding=\"async\" src=\"https:\/\/ae01.alicdn.com\/kf\/S744150d21c5d4769a172db7800be4cd5C.jpg\" slate-data-type=\"image\"\/><img decoding=\"async\" src=\"https:\/\/ae01.alicdn.com\/kf\/S96ade660d56047f0ab277ac43ff9f758r.jpg\" slate-data-type=\"image\"\/><img decoding=\"async\" src=\"https:\/\/ae01.alicdn.com\/kf\/Sf8f68e1f10c544feb56e4c6460cc9f3aD.jpg\" slate-data-type=\"image\"\/><img decoding=\"async\" src=\"https:\/\/ae01.alicdn.com\/kf\/S3beb4199e0574136854a05373b128359L.jpg\" slate-data-type=\"image\"\/><img decoding=\"async\" src=\"https:\/\/ae01.alicdn.com\/kf\/Sad7ad7f3de394fbb90406d2e7e833cden.jpg\" slate-data-type=\"image\"\/><img decoding=\"async\" src=\"https:\/\/ae01.alicdn.com\/kf\/S1fe9c1a99937406a9aab142b6364448aZ.jpg\" slate-data-type=\"image\"\/><img decoding=\"async\" src=\"https:\/\/ae01.alicdn.com\/kf\/Sf71755a522144de79649f7947ca4730cn.jpg\" slate-data-type=\"image\"\/><img decoding=\"async\" src=\"https:\/\/ae01.alicdn.com\/kf\/Sd1e10045cb774af484b0cbb66b4abbf4d.jpg\" slate-data-type=\"image\"\/><img decoding=\"async\" src=\"https:\/\/ae01.alicdn.com\/kf\/S89df2c303f12489392ef3deaca9ef5d1D.jpg\" slate-data-type=\"image\"\/><img decoding=\"async\" src=\"https:\/\/ae01.alicdn.com\/kf\/Sed89b364103f41f3882306a0f92a01a26.jpg\" slate-data-type=\"image\"\/><img decoding=\"async\" src=\"https:\/\/ae01.alicdn.com\/kf\/S9ef237c76ab242d487096195cbda5c46L.jpg\" slate-data-type=\"image\"\/><img decoding=\"async\" src=\"https:\/\/ae01.alicdn.com\/kf\/S719b1c61b21748fd9515d640089b64efg.jpg\" slate-data-type=\"image\"\/><img decoding=\"async\" src=\"https:\/\/ae01.alicdn.com\/kf\/Sc38b68d25b4c41a0b7ef63debb5c3a29m.jpg\" slate-data-type=\"image\"\/><\/p>","protected":false},"excerpt":{"rendered":"<p>Tire Size:&nbsp;11 inch Model Number:&nbsp;BOYUEDA S3-11 Category:&nbsp;Two-wheel Scooter Applicable People:&nbsp;Unisex Range Per Charge:&nbsp;60-80km Charging Time:&nbsp;8-10h Voltage:&nbsp;60v Folded:&nbsp;YES Origin:&nbsp;Mainland China Power (W):&nbsp;1001-2000w Max motor:&nbsp;6000W max range:&nbsp;120KM max speed:&nbsp;85KM\/H Climbing ability:&nbsp;45\u00b0 Brake<\/p>","protected":false},"featured_media":25744,"comment_status":"open","ping_status":"closed","template":"","meta":{"_acf_changed":false},"product_brand":[],"product_cat":[297],"product_tag":[],"class_list":{"0":"post-25743","1":"product","2":"type-product","3":"status-publish","4":"has-post-thumbnail","6":"product_cat-scooters","8":"first","9":"instock","10":"shipping-taxable","11":"purchasable","12":"product-type-simple"},"acf":[],"_links":{"self":[{"href":"https:\/\/www.electricstore.eu\/de\/wp-json\/wp\/v2\/product\/25743","targetHints":{"allow":["GET"]}}],"collection":[{"href":"https:\/\/www.electricstore.eu\/de\/wp-json\/wp\/v2\/product"}],"about":[{"href":"https:\/\/www.electricstore.eu\/de\/wp-json\/wp\/v2\/types\/product"}],"replies":[{"embeddable":true,"href":"https:\/\/www.electricstore.eu\/de\/wp-json\/wp\/v2\/comments?post=25743"}],"wp:featuredmedia":[{"embeddable":true,"href":"https:\/\/www.electricstore.eu\/de\/wp-json\/wp\/v2\/media\/25744"}],"wp:attachment":[{"href":"https:\/\/www.electricstore.eu\/de\/wp-json\/wp\/v2\/media?parent=25743"}],"wp:term":[{"taxonomy":"product_brand","embeddable":true,"href":"https:\/\/www.electricstore.eu\/de\/wp-json\/wp\/v2\/product_brand?post=25743"},{"taxonomy":"product_cat","embeddable":true,"href":"https:\/\/www.electricstore.eu\/de\/wp-json\/wp\/v2\/product_cat?post=25743"},{"taxonomy":"product_tag","embeddable":true,"href":"https:\/\/www.electricstore.eu\/de\/wp-json\/wp\/v2\/product_tag?post=25743"}],"curies":[{"name":"wp","href":"https:\/\/api.w.org\/{rel}","templated":true}]}}