{"id":25654,"date":"2025-05-20T19:00:27","date_gmt":"2025-05-20T19:00:27","guid":{"rendered":"https:\/\/electricstore.eu\/p\/uncategorized\/wltoys-16101-pro-116-75km-h-4wd-rc-car-with-led-light-2-4g-remote-control-cars-high-speed-drift-monster-truck-for-children-gift\/"},"modified":"2025-05-20T19:05:50","modified_gmt":"2025-05-20T19:05:50","slug":"wltoys-16101-pro-116-75km-h-4wd-rc-car-with-led-light-2-4g-remote-control-cars-high-speed-drift-monster-truck-for-children-gift","status":"publish","type":"product","link":"https:\/\/www.electricstore.eu\/de\/p\/rc\/rc-cars\/wltoys-16101-pro-116-75km-h-4wd-rc-car-with-led-light-2-4g-remote-control-cars-high-speed-drift-monster-truck-for-children-gift\/","title":{"rendered":"WLtoys 16101 Pro 1:16 75KM\/H 4WD RC Auto Mit LED Licht 2,4G Fernbedienung Autos High Speed Drift Monster Truck f\u00fcr Kinder Geschenk"},"content":{"rendered":"<div class=\"product-specs-list-container\">\n<ul class=\"product-specs-list util-clearfix\">\n<li class=\"product-prop line-limit-length\"><span\n                                        class=\"property-title\">Hochgef\u00e4hrliche Chemikalie:&nbsp;<\/span><span\n                                        class=\"property-desc line-limit-length\">Keiner<\/span>\n                            <\/li>\n<li class=\"product-prop line-limit-length\"><span\n                                        class=\"property-title\">Zertifikatsnummer:&nbsp;<\/span><span\n                                        class=\"property-desc line-limit-length\">Wie gezeigt<\/span>\n                            <\/li>\n<li class=\"product-prop line-limit-length\"><span\n                                        class=\"property-title\">CE:&nbsp;<\/span><span\n                                        class=\"property-desc line-limit-length\">Zertifikat<\/span>\n                            <\/li>\n<li class=\"product-prop line-limit-length\"><span\n                                        class=\"property-title\">Ist elektrisch:&nbsp;<\/span><span\n                                        class=\"property-desc line-limit-length\">Lithiumbatterie<\/span>\n                            <\/li>\n<li class=\"product-prop line-limit-length\"><span\n                                        class=\"property-title\">Barcode:&nbsp;<\/span><span\n                                        class=\"property-desc line-limit-length\">NEIN<\/span>\n                            <\/li>\n<li class=\"product-prop line-limit-length\"><span\n                                        class=\"property-title\">Gasservo:&nbsp;<\/span><span\n                                        class=\"property-desc line-limit-length\">2840 B\u00fcrstenloser Motor<\/span>\n                            <\/li>\n<li class=\"product-prop line-limit-length\"><span\n                                        class=\"property-title\">Lenkservo:&nbsp;<\/span><span\n                                        class=\"property-desc line-limit-length\">Dreidraht-17G-Digitalservo<\/span>\n                            <\/li>\n<li class=\"product-prop line-limit-length\"><span\n                                        class=\"property-title\">Leistung:&nbsp;<\/span><span\n                                        class=\"property-desc line-limit-length\">70 km\/h<\/span>\n                            <\/li>\n<li class=\"product-prop line-limit-length\"><span\n                                        class=\"property-title\">Stand der Versammlung:&nbsp;<\/span><span\n                                        class=\"property-desc line-limit-length\">Sofort einsatzbereit<\/span>\n                            <\/li>\n<li class=\"product-prop line-limit-length\"><span\n                                        class=\"property-title\">Flugzeit:&nbsp;<\/span><span\n                                        class=\"property-desc line-limit-length\">15-18 Minuten<\/span>\n                            <\/li>\n<li class=\"product-prop line-limit-length\"><span\n                                        class=\"property-title\">Reifenspur:&nbsp;<\/span><span\n                                        class=\"property-desc line-limit-length\">188 mm<\/span>\n                            <\/li>\n<li class=\"product-prop line-limit-length\"><span\n                                        class=\"property-title\">Radstand:&nbsp;<\/span><span\n                                        class=\"property-desc line-limit-length\">185 mm<\/span>\n                            <\/li>\n<li class=\"product-prop line-limit-length\"><span\n                                        class=\"property-title\">Warnung:&nbsp;<\/span><span\n                                        class=\"property-desc line-limit-length\">Keiner<\/span>\n                            <\/li>\n<li class=\"product-prop line-limit-length\"><span\n                                        class=\"property-title\">Ferndistanz:&nbsp;<\/span><span\n                                        class=\"property-desc line-limit-length\">120 M<\/span>\n                            <\/li>\n<li class=\"product-prop line-limit-length\"><span\n                                        class=\"property-title\">Garantie:&nbsp;<\/span><span\n                                        class=\"property-desc line-limit-length\">Keiner<\/span>\n                            <\/li>\n<li class=\"product-prop line-limit-length\"><span\n                                        class=\"property-title\">Skala:&nbsp;<\/span><span\n                                        class=\"property-desc line-limit-length\">1:16<\/span>\n                            <\/li>\n<li class=\"product-prop line-limit-length\"><span\n                                        class=\"property-title\">Abmessungen:&nbsp;<\/span><span\n                                        class=\"property-desc line-limit-length\">30 x 23 x 11,5 cm<\/span>\n                            <\/li>\n<li class=\"product-prop line-limit-length\"><span\n                                        class=\"property-title\">Drehmoment:&nbsp;<\/span><span\n                                        class=\"property-desc line-limit-length\">Wie gezeigt<\/span>\n                            <\/li>\n<li class=\"product-prop line-limit-length\"><span\n                                        class=\"property-title\">Modellnummer:&nbsp;<\/span><span\n                                        class=\"property-desc line-limit-length\">S196<\/span>\n                            <\/li>\n<li class=\"product-prop line-limit-length\"><span\n                                        class=\"property-title\">Paket beinhaltet:&nbsp;<\/span><span\n                                        class=\"property-desc line-limit-length\">Originalverpackung, Batterien, Bedienungsanleitung, Fernbedienung, USB-Kabel<\/span>\n                            <\/li>\n<li class=\"product-prop line-limit-length\"><span\n                                        class=\"property-title\">Steuerkan\u00e4le:&nbsp;<\/span><span\n                                        class=\"property-desc line-limit-length\">4 Kan\u00e4le<\/span>\n                            <\/li>\n<li class=\"product-prop line-limit-length\"><span\n                                        class=\"property-title\">Controller-Modus:&nbsp;<\/span><span\n                                        class=\"property-desc line-limit-length\">MODUS 1<\/span>\n                            <\/li>\n<li class=\"product-prop line-limit-length\"><span\n                                        class=\"property-title\">Ladespannung:&nbsp;<\/span><span\n                                        class=\"property-desc line-limit-length\">7,4 V 1500 mAh<\/span>\n                            <\/li>\n<li class=\"product-prop line-limit-length\"><span\n                                        class=\"property-title\">Fernbedienung:&nbsp;<\/span><span\n                                        class=\"property-desc line-limit-length\">Ja<\/span>\n                            <\/li>\n<li class=\"product-prop line-limit-length\"><span\n                                        class=\"property-title\">Material:&nbsp;<\/span><span\n                                        class=\"property-desc line-limit-length\">Metall, Kunststoff<\/span>\n                            <\/li>\n<li class=\"product-prop line-limit-length\"><span\n                                        class=\"property-title\">Markenname:&nbsp;<\/span><span\n                                        class=\"property-desc line-limit-length\">WDSZKMYF<\/span>\n                            <\/li>\n<li class=\"product-prop line-limit-length\"><span\n                                        class=\"property-title\">Empfohlenes Alter:&nbsp;<\/span><span\n                                        class=\"property-desc line-limit-length\">14+ Jahre<\/span>\n                            <\/li>\n<li class=\"product-prop line-limit-length\"><span\n                                        class=\"property-title\">Herkunft:&nbsp;<\/span><span\n                                        class=\"property-desc line-limit-length\">Festlandchina<\/span>\n                            <\/li>\n<li class=\"product-prop line-limit-length\"><span\n                                        class=\"property-title\">Design:&nbsp;<\/span><span\n                                        class=\"property-desc line-limit-length\">Dirtbike<\/span>\n                            <\/li>\n<li class=\"product-prop line-limit-length\"><span\n                                        class=\"property-title\">Typ:&nbsp;<\/span><span\n                                        class=\"property-desc line-limit-length\">Auto<\/span>\n                            <\/li>\n<li class=\"product-prop line-limit-length\"><span\n                                        class=\"property-title\">Merkmale:&nbsp;<\/span><span\n                                        class=\"property-desc line-limit-length\">FERNBEDIENUNG<\/span>\n                            <\/li>\n<\/ul><\/div>\n<div class=\"detailmodule_html\">\n<div class=\"detail-desc-decorate-richtext\">\n<p><span style=\"background-color:rgb(252, 220, 0);color:rgb(244, 78, 59);font-size:18px\">Notiz:<\/span><\/p>\n<p><span style=\"color:rgb(244, 78, 59);font-size:18px\">1. Dieses ferngesteuerte Auto ist nur f\u00fcr hohe Geschwindigkeiten geeignet. Da der Generator bei niedrigen Geschwindigkeiten ungew\u00f6hnliche Ger\u00e4usche von sich gibt, ist dies ein normales Ph\u00e4nomen und kein Fehler.<\/span><\/p>\n<p><span style=\"color:rgb(244, 78, 59);font-size:18px\">2. Das Geh\u00e4use des ferngesteuerten Autos ist mit einer Schutzfolie \u00fcberzogen. Wenn das Geh\u00e4use Kratzer aufweist, kann die Folie abgerissen werden.<\/span><\/p>\n<p><span style=\"color:rgb(244, 78, 59);font-size:18px\">3. Wir versenden die Ware im Originalkarton. W\u00e4hrend des Transports kann es vorkommen, dass der Karton leicht besch\u00e4digt wird. Dies ist normal. Sollten Sie Besch\u00e4digungen am Karton nicht akzeptieren k\u00f6nnen, empfehlen wir Ihnen den Kauf einer Schaumstoffverpackung \u00fcber diesen Link.<\/span><\/p>\n<p><span style=\"background-color:rgb(255, 255, 255);color:rgb(0, 0, 0);font-size:20px\"><strong>16101PRO RC-Auto \u2013 Fragen und Antworten<\/strong><\/span><\/p>\n<p style=\"font-family:&quot;Open Sans&quot;, Roboto, Arial, Helvetica, sans-serif, SimSun;font-size:14px;font-weight:400;letter-spacing:normal;line-height:inherit;text-align:start;white-space:normal;color:rgb(34, 34, 34);background-color:rgb(255, 255, 255);margin:0px;margin-bottom:0px;margin-top:0px;margin-left:0px;margin-right:0px;padding:0px;padding-bottom:0px;padding-top:0px;padding-left:0px;padding-right:0px;box-sizing:border-box\" align=\"start\"><span style=\"background-color:rgb(255, 255, 255);color:rgb(0, 0, 0);font-size:16px\">Frage 1: Warum sind die Reifen des ferngesteuerten Autos ungesch\u00fctzt?<\/span><\/p>\n<p style=\"font-family:&quot;Open Sans&quot;, Roboto, Arial, Helvetica, sans-serif, SimSun;font-size:14px;font-weight:400;letter-spacing:normal;line-height:inherit;text-align:start;white-space:normal;color:rgb(34, 34, 34);background-color:rgb(255, 255, 255);margin:0px;margin-bottom:0px;margin-top:0px;margin-left:0px;margin-right:0px;padding:0px;padding-bottom:0px;padding-top:0px;padding-left:0px;padding-right:0px;box-sizing:border-box\" align=\"start\"><span style=\"background-color:rgb(255, 255, 255);color:rgb(0, 0, 0);font-size:16px\">A: [Spezielles Design] Der Zehengriff ist stark und verhindert ein leichtes Abdriften, was zur Verbesserung der Stabilit\u00e4t des Fahrzeugs und des Reifengrips in Kurven beitr\u00e4gt.<\/span><\/p>\n<p style=\"font-family:&quot;Open Sans&quot;, Roboto, Arial, Helvetica, sans-serif, SimSun;font-size:14px;font-weight:400;letter-spacing:normal;line-height:inherit;text-align:start;white-space:normal;color:rgb(34, 34, 34);background-color:rgb(255, 255, 255);margin:0px;margin-bottom:0px;margin-top:0px;margin-left:0px;margin-right:0px;padding:0px;padding-bottom:0px;padding-top:0px;padding-left:0px;padding-right:0px;box-sizing:border-box\" align=\"start\"><span style=\"background-color:rgb(255, 255, 255);color:rgb(0, 0, 0);font-size:16px\">Frage 2: Wie kann die Reifenneigung des ferngesteuerten Autos eingestellt werden?<\/span><\/p>\n<p style=\"font-family:&quot;Open Sans&quot;, Roboto, Arial, Helvetica, sans-serif, SimSun;font-size:14px;font-weight:400;letter-spacing:normal;line-height:inherit;text-align:start;white-space:normal;color:rgb(34, 34, 34);background-color:rgb(255, 255, 255);margin:0px;margin-bottom:0px;margin-top:0px;margin-left:0px;margin-right:0px;padding:0px;padding-bottom:0px;padding-top:0px;padding-left:0px;padding-right:0px;box-sizing:border-box\" align=\"start\"><span style=\"background-color:rgb(255, 255, 255);color:rgb(0, 0, 0);font-size:16px\">A: Das kann \u00fcber die Feineinstellungs- und Gasfeineinstellungskn\u00f6pfe der Fernbedienung eingestellt werden.<\/span><\/p>\n<p style=\"font-family:&quot;Open Sans&quot;, Roboto, Arial, Helvetica, sans-serif, SimSun;font-size:14px;font-weight:400;letter-spacing:normal;line-height:inherit;text-align:start;white-space:normal;color:rgb(34, 34, 34);background-color:rgb(255, 255, 255);margin:0px;margin-bottom:0px;margin-top:0px;margin-left:0px;margin-right:0px;padding:0px;padding-bottom:0px;padding-top:0px;padding-left:0px;padding-right:0px;box-sizing:border-box\" align=\"start\"><span style=\"background-color:rgb(255, 255, 255);color:rgb(0, 0, 0);font-size:16px\">Frage 3: Was soll ich tun, wenn ich mein Zubeh\u00f6r nicht finden kann?<\/span><\/p>\n<p style=\"font-family:&quot;Open Sans&quot;, Roboto, Arial, Helvetica, sans-serif, SimSun;font-size:14px;font-weight:400;letter-spacing:normal;line-height:inherit;text-align:start;white-space:normal;color:rgb(34, 34, 34);background-color:rgb(255, 255, 255);margin:0px;margin-bottom:0px;margin-top:0px;margin-left:0px;margin-right:0px;padding:0px;padding-bottom:0px;padding-top:0px;padding-left:0px;padding-right:0px;box-sizing:border-box\" align=\"start\"><span style=\"background-color:rgb(255, 255, 255);color:rgb(0, 0, 0);font-size:16px\">A: Bitte \u00fcberpr\u00fcfen Sie zun\u00e4chst das Paket sorgf\u00e4ltig. Sollten Sie es nicht finden, bitten wir Sie, uns ein vollst\u00e4ndiges Unboxing-Video zur Verf\u00fcgung zu stellen. Wir werden dieses Problem dann mit unserem Lager kl\u00e4ren und Ihnen eine entsprechende L\u00f6sung anbieten.<\/span><\/p>\n<p style=\"font-family:&quot;Open Sans&quot;, Roboto, Arial, Helvetica, sans-serif, SimSun;font-size:14px;font-weight:400;letter-spacing:normal;line-height:inherit;text-align:start;white-space:normal;color:rgb(34, 34, 34);background-color:rgb(255, 255, 255);margin:0px;margin-bottom:0px;margin-top:0px;margin-left:0px;margin-right:0px;padding:0px;padding-bottom:0px;padding-top:0px;padding-left:0px;padding-right:0px;box-sizing:border-box\" align=\"start\"><span style=\"background-color:rgb(255, 255, 255);color:rgb(0, 0, 0);font-size:16px\">Frage 4: Was soll ich tun, wenn meine Fernbedienung keine Verbindung zum RC herstellen kann?<\/span><\/p>\n<p style=\"font-family:&quot;Open Sans&quot;, Roboto, Arial, Helvetica, sans-serif, SimSun;font-size:14px;font-weight:400;letter-spacing:normal;line-height:inherit;text-align:start;white-space:normal;color:rgb(34, 34, 34);background-color:rgb(255, 255, 255);margin:0px;margin-bottom:0px;margin-top:0px;margin-left:0px;margin-right:0px;padding:0px;padding-bottom:0px;padding-top:0px;padding-left:0px;padding-right:0px;box-sizing:border-box\" align=\"start\"><span style=\"background-color:rgb(255, 255, 255);color:rgb(0, 0, 0);font-size:16px\">A: Bitte stellen Sie sicher, dass der Akku vollst\u00e4ndig geladen ist. Koppeln Sie anschlie\u00dfend das Spielzeugauto und die Fernbedienung manuell. Details zum Koppeln des Spielzeugautos finden Sie in der Bedienungsanleitung. Sie k\u00f6nnen die Spannung der Hauptplatine \u00fcberpr\u00fcfen, um die Fehlerursache zu ermitteln.<\/span><\/p>\n<p style=\"font-family:&quot;Open Sans&quot;, Roboto, Arial, Helvetica, sans-serif, SimSun;font-size:14px;font-weight:400;letter-spacing:normal;line-height:inherit;text-align:start;white-space:normal;color:rgb(34, 34, 34);background-color:rgb(255, 255, 255);margin:0px;margin-bottom:0px;margin-top:0px;margin-left:0px;margin-right:0px;padding:0px;padding-bottom:0px;padding-top:0px;padding-left:0px;padding-right:0px;box-sizing:border-box\" align=\"start\"><span style=\"background-color:rgb(255, 255, 255);color:rgb(0, 0, 0);font-size:16px\">Frage 5: Was soll ich tun, wenn sich das Spielzeugauto nach dem Anschluss der Fernbedienung an die RC-Anlage zwar drehen, aber weder vorw\u00e4rts noch r\u00fcckw\u00e4rts bewegen kann?<\/span><\/p>\n<p style=\"font-family:&quot;Open Sans&quot;, Roboto, Arial, Helvetica, sans-serif, SimSun;font-size:14px;font-weight:400;letter-spacing:normal;line-height:inherit;text-align:start;white-space:normal;color:rgb(34, 34, 34);background-color:rgb(255, 255, 255);margin:0px;margin-bottom:0px;margin-top:0px;margin-left:0px;margin-right:0px;padding:0px;padding-bottom:0px;padding-top:0px;padding-left:0px;padding-right:0px;box-sizing:border-box\" align=\"start\"><span style=\"background-color:rgb(255, 255, 255);color:rgb(0, 0, 0);font-size:16px\">A: Bitte pr\u00fcfen Sie zun\u00e4chst, ob der Akku vollst\u00e4ndig geladen ist, und testen Sie dann die Spannung an Motherboard und Motor, um die Fehlerursache zu ermitteln.<\/span><\/p>\n<div><span style=\"background-color:rgb(255, 255, 255);color:rgb(34, 34, 34);font-size:20px;font-family:&quot;Open Sans&quot;, Roboto, Arial, Helvetica, sans-serif, SimSun\"><strong>SCY 16101PRO 16102PRO 16103PRO 1:16 70KM\/H 4WD RC-Auto mit LED-Scheinwerfer, ferngesteuertes Auto, Hochgeschwindigkeits-Drift-Monstertruck f\u00fcr Kinder vs Wltoys 144001 Spielzeug<\/strong><\/span><\/div>\n<p><strong>Bitte beachten Sie beim Umgang mit dem Akku:<\/strong><\/p>\n<p>1. Wenn der Akku leer ist, muss er rechtzeitig aufgeladen werden, um sicherzustellen, dass der Akku \u00fcber \u00fcbersch\u00fcssige Leistung verf\u00fcgt. Wenn der Akku vollst\u00e4ndig leer ist, kann er nicht aufgeladen werden<\/p>\n<p>2. Trennen Sie beim Laden des Akkus die Verbindung zum ferngesteuerten Auto. Nehmen Sie den Akku unbedingt heraus, um ihn separat aufzuladen<\/p>\n<p>3. Wenn Sie das ferngesteuerte Auto nicht verwenden, trennen Sie bitte die Batterie vom Kabel des ferngesteuerten Autos, schlie\u00dfen Sie sie auf keinen Fall an und laden Sie die Batterie vollst\u00e4ndig auf, da sie sonst besch\u00e4digt wird.<\/p>\n<p><strong>Merkmale:<\/strong><\/p>\n<ol>\n<li>\n<p>Durch die Verwendung von Simulationsstrukturdesign mit dem Gef\u00fchl einer realen Fahrzeugsteuerung wird eine stufenlose Geschwindigkeitsregelung in vollem Umfang erm\u00f6glicht, einschlie\u00dflich Hochgeschwindigkeitsfahrten, schneller Beschleunigung, Verz\u00f6gerung, Bremsung, R\u00fcckw\u00e4rtsfahrt, Linkskurven und Rechtskurven.<\/p>\n<\/li>\n<li>\n<p>Geeignete Standorte: flaches Land, Sand, Schlamm, Gras.<\/p>\n<\/li>\n<li>\n<p>Allradantrieb: Federung mit senkrechten Federn vorne und hinten, unabh\u00e4ngiges Doppelquerlenker-Aufh\u00e4ngungssystem.<\/p>\n<\/li>\n<li>\n<p>2,4-GHz-Vollproportional-Synchronfernsteuerungssystem. Vollproportionale Gas- und Lenkung.<\/p>\n<\/li>\n<li>\n<p>Metalldifferential, Metalldifferentialbecher, Pulverplanetenrad, Pulver-Aktivrad, Pulver-Hauptrad.<\/p>\n<\/li>\n<li>\n<p>Metallene CVD-Vorderantriebswelle, metallene hintere Drehmomentst\u00fctze, metallene Radkappen.<\/p>\n<\/li>\n<li>\n<p>Dreidraht-17G-Digitalservo.<\/p>\n<\/li>\n<li>\n<p>7,4 V, 18650-1500 mAh Li-Ionen-Akku (T-Stecker), Entlademultiplikator 15C.<\/p>\n<\/li>\n<li>\n<p>Neue Funktion des Fernbedienungspanels: Einstellung der Rudervolumengr\u00f6\u00dfe.<\/p>\n<\/li>\n<li>\n<p>16 Kugellager f\u00fcr das gesamte Fahrzeug.<\/p>\n<\/li>\n<li>\n<p>Metallene zweite Bodenplatte, metallene vordere und hintere Armverst\u00e4rkung, metallene Mittelantriebswelle.<\/p>\n<\/li>\n<li>\n<p>Die Fahrzeugkarosserie besteht aus hochfestem, explosionsgesch\u00fctztem PVC.<\/p>\n<\/li>\n<li>\n<p>Ausgestattet mit LED-Scheinwerfern; (drei Modi: Dauerlicht, langsames Blinken, schnelles Blinken)<\/p>\n<\/li>\n<li>\n<p>Ausgestattet mit einem Head-up-Rad.<\/p>\n<\/li>\n<li>\n<p>Simulation von Bigfoot-Reifen, starker Grip<\/p>\n<\/li>\n<\/ol>\n<p><strong>Beschreibung:<\/strong><\/p>\n<p><span style=\"background-color:rgb(255, 255, 255);color:rgb(34, 34, 34);font-size:14px;font-family:&quot;Open Sans&quot;, Roboto, Arial, Helvetica, sans-serif, SimSun\">Artikelname: 16101PRO, 16102PRO, 16103PRO<\/span><\/p>\n<p>100% brandneu, hohe Qualit\u00e4t.<\/p>\n<p>LKW-Gr\u00f6\u00dfe im Ma\u00dfstab 1:16: 30 x 23 x 11,5 cm<\/p>\n<p>Spieldauer: 15-18 Minuten (Dauerlauf mit voller Geschwindigkeit)<\/p>\n<p>Ladezeit: 3-3,5 Stunden<\/p>\n<p>Steuerbereich: 120 m<\/p>\n<p>Autobatterie enthalten<\/p>\n<p>Fernbedienung: 3 AA-Batterien (nicht im Lieferumfang enthalten)<\/p>\n<p><span style=\"color:rgb(244, 78, 59)\"><strong>Notiz:<\/strong><\/span><\/p>\n<p><strong><span style=\"color:rgb(244, 78, 59)\">1: Ladeschutz: Ausgleichsladung mit konstantem Strom und konstanter Spannung, Schutzfunktion gegen \u00dcberladung und \u00dcberstrom der Batterie.<\/span><\/strong><\/p>\n<p><strong><span style=\"color:rgb(244, 78, 59)\">2: Motorschutz gegen Festfressen: Bei \u00dcberlastung stoppt der Motor.<\/span><\/strong><\/p>\n<p><strong><span style=\"color:rgb(244, 78, 59)\">3: Hochtemperaturschutz: Wenn die Betriebstemperatur den eingestellten Wert \u00fcberschreitet, schaltet sich die Antriebssteuerung ab und nimmt den Betrieb wieder auf, sobald die Temperatur einen sicheren Wert erreicht hat.<\/span><\/strong><\/p>\n<p><strong><span style=\"color:rgb(244, 78, 59)\">4: Die ESC-Unterspannungsabschaltfunktion sorgt daf\u00fcr, dass sich das Ger\u00e4t automatisch abschaltet, sobald die Akkuspannung unter ca. 6,3\u20136,4 V sinkt, um eine Tiefentladung und damit eine Besch\u00e4digung des Akkus zu verhindern.<\/span><\/strong><span style=\"color:rgb(244, 78, 59)\">.<\/span><img decoding=\"async\" src=\"https:\/\/ae01.alicdn.com\/kf\/Sdd01a7240c584b16b1a8a122c3c835ae2.jpg?width=1000&amp;height=5215&amp;hash=6215\" slate-data-type=\"image\"\/><\/p>\n<p><img decoding=\"async\" src=\"https:\/\/ae01.alicdn.com\/kf\/Sdedb2089b3ea41abb30373347f69d567d.jpg?width=1000&amp;height=6204&amp;hash=7204\" slate-data-type=\"image\"\/><img decoding=\"async\" src=\"https:\/\/ae01.alicdn.com\/kf\/Sf42b7fff22fb4dfea370c9431c033a0ex.jpg?width=1000&amp;height=5161&amp;hash=6161\" slate-data-type=\"image\"\/><\/p>\n<div>\n<\/div>\n<div><\/div>\n<\/div>\n<\/div>\n<p><\/p>","protected":false},"excerpt":{"rendered":"<p>Hign-concerned Chemical:&nbsp;None Certificate Number:&nbsp;As Show CE:&nbsp;Certificate Is Electric:&nbsp;lithium battery Barcode:&nbsp;No Throttle servo:&nbsp;2840 Brushless motor Steering servo:&nbsp;Three-wire 17G digital servo Power:&nbsp;70 km\/h State of Assembly:&nbsp;Ready-to-Go Flight Time:&nbsp;15-18 min Tire Track:&nbsp;188mm Wheelbase:&nbsp;185<\/p>","protected":false},"featured_media":25655,"comment_status":"open","ping_status":"closed","template":"","meta":{"_acf_changed":false},"product_brand":[],"product_cat":[519],"product_tag":[],"class_list":{"0":"post-25654","1":"product","2":"type-product","3":"status-publish","4":"has-post-thumbnail","6":"product_cat-rc-cars","8":"first","9":"instock","10":"shipping-taxable","11":"purchasable","12":"product-type-variable"},"acf":[],"_links":{"self":[{"href":"https:\/\/www.electricstore.eu\/de\/wp-json\/wp\/v2\/product\/25654","targetHints":{"allow":["GET"]}}],"collection":[{"href":"https:\/\/www.electricstore.eu\/de\/wp-json\/wp\/v2\/product"}],"about":[{"href":"https:\/\/www.electricstore.eu\/de\/wp-json\/wp\/v2\/types\/product"}],"replies":[{"embeddable":true,"href":"https:\/\/www.electricstore.eu\/de\/wp-json\/wp\/v2\/comments?post=25654"}],"wp:featuredmedia":[{"embeddable":true,"href":"https:\/\/www.electricstore.eu\/de\/wp-json\/wp\/v2\/media\/25655"}],"wp:attachment":[{"href":"https:\/\/www.electricstore.eu\/de\/wp-json\/wp\/v2\/media?parent=25654"}],"wp:term":[{"taxonomy":"product_brand","embeddable":true,"href":"https:\/\/www.electricstore.eu\/de\/wp-json\/wp\/v2\/product_brand?post=25654"},{"taxonomy":"product_cat","embeddable":true,"href":"https:\/\/www.electricstore.eu\/de\/wp-json\/wp\/v2\/product_cat?post=25654"},{"taxonomy":"product_tag","embeddable":true,"href":"https:\/\/www.electricstore.eu\/de\/wp-json\/wp\/v2\/product_tag?post=25654"}],"curies":[{"name":"wp","href":"https:\/\/api.w.org\/{rel}","templated":true}]}}