{"id":25631,"date":"2025-05-20T19:00:19","date_gmt":"2025-05-20T19:00:19","guid":{"rendered":"https:\/\/electricstore.eu\/p\/uncategorized\/wltoys-116-scale-large-rc-car-50km-h-high-speed-4wd-children-toy-for-boys-remote-control-car-2-4g-off-road-monster-truck-rc-toy\/"},"modified":"2025-05-20T19:05:28","modified_gmt":"2025-05-20T19:05:28","slug":"wltoys-116-scale-large-rc-car-50km-h-high-speed-4wd-children-toy-for-boys-remote-control-car-2-4g-off-road-monster-truck-rc-toy","status":"publish","type":"product","link":"https:\/\/www.electricstore.eu\/de\/p\/rc\/rc-cars\/wltoys-116-scale-large-rc-car-50km-h-high-speed-4wd-children-toy-for-boys-remote-control-car-2-4g-off-road-monster-truck-rc-toy\/","title":{"rendered":"WLtoys Gro\u00dfes RC-Auto im Ma\u00dfstab 1:16, 50 km\/h, Hochgeschwindigkeits-Allradantrieb, Kinderspielzeug f\u00fcr Jungen, ferngesteuertes Auto, 2,4\u00a0G, Offroad-Monstertruck, RC-Spielzeug"},"content":{"rendered":"<div class=\"product-specs-list-container\">\n<ul class=\"product-specs-list util-clearfix\">\n<li class=\"product-prop line-limit-length\"><span\n                                        class=\"property-title\">Hochgef\u00e4hrliche Chemikalie:&nbsp;<\/span><span\n                                        class=\"property-desc line-limit-length\">Keiner<\/span>\n                            <\/li>\n<li class=\"product-prop line-limit-length\"><span\n                                        class=\"property-title\">Zertifikatsnummer:&nbsp;<\/span><span\n                                        class=\"property-desc line-limit-length\">Wie gezeigt<\/span>\n                            <\/li>\n<li class=\"product-prop line-limit-length\"><span\n                                        class=\"property-title\">CE:&nbsp;<\/span><span\n                                        class=\"property-desc line-limit-length\">Zertifikat<\/span>\n                            <\/li>\n<li class=\"product-prop line-limit-length\"><span\n                                        class=\"property-title\">Ist elektrisch:&nbsp;<\/span><span\n                                        class=\"property-desc line-limit-length\">Lithiumbatterie<\/span>\n                            <\/li>\n<li class=\"product-prop line-limit-length\"><span\n                                        class=\"property-title\">Barcode:&nbsp;<\/span><span\n                                        class=\"property-desc line-limit-length\">NEIN<\/span>\n                            <\/li>\n<li class=\"product-prop line-limit-length\"><span\n                                        class=\"property-title\">Gasservo:&nbsp;<\/span><span\n                                        class=\"property-desc line-limit-length\">Wie gezeigt<\/span>\n                            <\/li>\n<li class=\"product-prop line-limit-length\"><span\n                                        class=\"property-title\">Lenkservo:&nbsp;<\/span><span\n                                        class=\"property-desc line-limit-length\">Wie gezeigt<\/span>\n                            <\/li>\n<li class=\"product-prop line-limit-length\"><span\n                                        class=\"property-title\">Leistung:&nbsp;<\/span><span\n                                        class=\"property-desc line-limit-length\">Wie gezeigt<\/span>\n                            <\/li>\n<li class=\"product-prop line-limit-length\"><span\n                                        class=\"property-title\">Stand der Versammlung:&nbsp;<\/span><span\n                                        class=\"property-desc line-limit-length\">Sofort einsatzbereit<\/span>\n                            <\/li>\n<li class=\"product-prop line-limit-length\"><span\n                                        class=\"property-title\">Flugzeit:&nbsp;<\/span><span\n                                        class=\"property-desc line-limit-length\">20 Minuten<\/span>\n                            <\/li>\n<li class=\"product-prop line-limit-length\"><span\n                                        class=\"property-title\">Reifenspur:&nbsp;<\/span><span\n                                        class=\"property-desc line-limit-length\">185 mm<\/span>\n                            <\/li>\n<li class=\"product-prop line-limit-length\"><span\n                                        class=\"property-title\">Radstand:&nbsp;<\/span><span\n                                        class=\"property-desc line-limit-length\">188 mm<\/span>\n                            <\/li>\n<li class=\"product-prop line-limit-length\"><span\n                                        class=\"property-title\">Warnung:&nbsp;<\/span><span\n                                        class=\"property-desc line-limit-length\">Away from fire<\/span>\n                            <\/li>\n<li class=\"product-prop line-limit-length\"><span\n                                        class=\"property-title\">Ferndistanz:&nbsp;<\/span><span\n                                        class=\"property-desc line-limit-length\">50m<\/span>\n                            <\/li>\n<li class=\"product-prop line-limit-length\"><span\n                                        class=\"property-title\">Garantie:&nbsp;<\/span><span\n                                        class=\"property-desc line-limit-length\">Wie gezeigt<\/span>\n                            <\/li>\n<li class=\"product-prop line-limit-length\"><span\n                                        class=\"property-title\">Skala:&nbsp;<\/span><span\n                                        class=\"property-desc line-limit-length\">1:16<\/span>\n                            <\/li>\n<li class=\"product-prop line-limit-length\"><span\n                                        class=\"property-title\">Abmessungen:&nbsp;<\/span><span\n                                        class=\"property-desc line-limit-length\">30*23*11.5cm<\/span>\n                            <\/li>\n<li class=\"product-prop line-limit-length\"><span\n                                        class=\"property-title\">Drehmoment:&nbsp;<\/span><span\n                                        class=\"property-desc line-limit-length\">Wie gezeigt<\/span>\n                            <\/li>\n<li class=\"product-prop line-limit-length\"><span\n                                        class=\"property-title\">Modellnummer:&nbsp;<\/span><span\n                                        class=\"property-desc line-limit-length\">S140<\/span>\n                            <\/li>\n<li class=\"product-prop line-limit-length\"><span\n                                        class=\"property-title\">Paket beinhaltet:&nbsp;<\/span><span\n                                        class=\"property-desc line-limit-length\">Remote Controller,USB CABLE<\/span>\n                            <\/li>\n<li class=\"product-prop line-limit-length\"><span\n                                        class=\"property-title\">Steuerkan\u00e4le:&nbsp;<\/span><span\n                                        class=\"property-desc line-limit-length\">4 Kan\u00e4le<\/span>\n                            <\/li>\n<li class=\"product-prop line-limit-length\"><span\n                                        class=\"property-title\">Controller-Modus:&nbsp;<\/span><span\n                                        class=\"property-desc line-limit-length\">MODUS 1<\/span>\n                            <\/li>\n<li class=\"product-prop line-limit-length\"><span\n                                        class=\"property-title\">Ladespannung:&nbsp;<\/span><span\n                                        class=\"property-desc line-limit-length\">5 V<\/span>\n                            <\/li>\n<li class=\"product-prop line-limit-length\"><span\n                                        class=\"property-title\">Fernbedienung:&nbsp;<\/span><span\n                                        class=\"property-desc line-limit-length\">Ja<\/span>\n                            <\/li>\n<li class=\"product-prop line-limit-length\"><span\n                                        class=\"property-title\">Material:&nbsp;<\/span><span\n                                        class=\"property-desc line-limit-length\">Plastic,PVC<\/span>\n                            <\/li>\n<li class=\"product-prop line-limit-length\"><span\n                                        class=\"property-title\">Markenname:&nbsp;<\/span><span\n                                        class=\"property-desc line-limit-length\">WDSZKMYF<\/span>\n                            <\/li>\n<li class=\"product-prop line-limit-length\"><span\n                                        class=\"property-title\">Empfohlenes Alter:&nbsp;<\/span><span\n                                        class=\"property-desc line-limit-length\">14+ Jahre<\/span>\n                            <\/li>\n<li class=\"product-prop line-limit-length\"><span\n                                        class=\"property-title\">Herkunft:&nbsp;<\/span><span\n                                        class=\"property-desc line-limit-length\">Festlandchina<\/span>\n                            <\/li>\n<li class=\"product-prop line-limit-length\"><span\n                                        class=\"property-title\">Design:&nbsp;<\/span><span\n                                        class=\"property-desc line-limit-length\">Dirtbike<\/span>\n                            <\/li>\n<li class=\"product-prop line-limit-length\"><span\n                                        class=\"property-title\">Typ:&nbsp;<\/span><span\n                                        class=\"property-desc line-limit-length\">Auto<\/span>\n                            <\/li>\n<li class=\"product-prop line-limit-length\"><span\n                                        class=\"property-title\">Merkmale:&nbsp;<\/span><span\n                                        class=\"property-desc line-limit-length\">FERNBEDIENUNG<\/span>\n                            <\/li>\n<\/ul><\/div>\n<div class=\"detailmodule_html\">\n<div class=\"detail-desc-decorate-richtext\">\n<div>About this item:<\/div>\n<div>\u3010Extreme Tire-Scorching Action\u3011: With powerful built-in motors, our rc trucks 4&#215;4 offroad waterproof come fully assembled, ready to run straight out of the box. It reaches speeds of up to 31 mph (50km\/h), which makes the car race faster than others<\/div>\n<p class=\"paragraph___1C-HL\">\u3010Simulation Structure Design\u3011: The use of simulation structure design, with the real car control feeling, to achieve full-scale stepless speed, high-speed driving, rapid acceleration, deceleration, braking, reversing, left turn, right turn.<\/p>\n<p class=\"paragraph___1C-HL\">\u30102.4GHz Remote Control\u3011: The 2.4Ghz frequency comes with an outstanding anti-interference capacity and enables you full-scale precise control. The remote control distance is more than 80m\/262ft, making it a great off-road car for indoor and outdoor use.<\/p>\n<p class=\"paragraph___1C-HL\">\u3010Speedy Drift\u3011: Powered by RC390 strong power motor and Designed with a unique front and rear gear planetary differential, the racing car toy can drift and reach up to a speed of 50km\/h, providing you a thrilling drift experience.<\/p>\n<p class=\"paragraph___1C-HL\">\u3010All-Terrain Crawler Car\u3011: The 4WD system and strong grip make sure the RC car can climb up 45 degrees slopes and conquer all terrains, such as grass, sand, mud, rocks, etc. It is a great gift for your children or friend.<\/p>\n<p class=\"paragraph___1C-HL\">\u3010Collision-Assistant\u3011: Made of high tenacity explosion-proof PVC shell, the RC car adopts front and rear upright springs design, and 4pcs larger independent shock absorbers, which has a wonderful collision assistant effect and can effectively adapt to various rugged and high vibration scenes.<\/p>\n<p class=\"paragraph___1C-HL\">\u3010Rechargeable High Capacity 1300mAH Batteries\u3011 The off road car are equipped with 7.4V 1300 mAh rechargeable Li-Po batteries. The RC car for boys and adults will run for up to 10-15 minutes depends on your setting on the speed mode. Expand your enjoyment and manufactured for high RC Racing performance.<\/p>\n<p><span style=\"color:rgb(244, 78, 59)\">Bitte beachten Sie beim Umgang mit dem Akku:<\/span><\/p>\n<p><span style=\"color:rgb(244, 78, 59)\">1. Wenn der Akku leer ist, muss er rechtzeitig aufgeladen werden, um sicherzustellen, dass der Akku \u00fcber \u00fcbersch\u00fcssige Leistung verf\u00fcgt. Wenn der Akku vollst\u00e4ndig leer ist, kann er nicht aufgeladen werden<\/span><\/p>\n<p><span style=\"color:rgb(244, 78, 59)\">2. Trennen Sie beim Laden des Akkus die Verbindung zum ferngesteuerten Auto. Nehmen Sie den Akku unbedingt heraus, um ihn separat aufzuladen<\/span><\/p>\n<p><span style=\"color:rgb(244, 78, 59)\">3. Wenn Sie das ferngesteuerte Auto nicht verwenden, trennen Sie bitte die Batterie vom Kabel des ferngesteuerten Autos, schlie\u00dfen Sie sie auf keinen Fall an und laden Sie die Batterie vollst\u00e4ndig auf, da sie sonst besch\u00e4digt wird.<\/span><\/p>\n<p class=\"paragraph___1C-HL\"><img decoding=\"async\" src=\"https:\/\/ae01.alicdn.com\/kf\/Sc7d8f1752eeb429cbcb49c0aea5bccc5O.jpg?width=1000&amp;height=1000&amp;hash=2000\" slate-data-type=\"image\"\/><img decoding=\"async\" src=\"https:\/\/ae01.alicdn.com\/kf\/S0538d3087c1c46d98d8ea6d73921502df.jpg?width=1000&amp;height=500&amp;hash=1500\" slate-data-type=\"image\"\/><img decoding=\"async\" src=\"https:\/\/ae01.alicdn.com\/kf\/Sa38b7df136814a38aa944342d3e82ebcb.jpg?width=1000&amp;height=1000&amp;hash=2000\" slate-data-type=\"image\"\/><img decoding=\"async\" src=\"https:\/\/ae01.alicdn.com\/kf\/S0a7289c8211d4a129312975daca49c5eK.jpg?width=1000&amp;height=1000&amp;hash=2000\" slate-data-type=\"image\"\/><img decoding=\"async\" src=\"https:\/\/ae01.alicdn.com\/kf\/S178b80007ce24fc8bc570c945a26b53by.jpg?width=1000&amp;height=1000&amp;hash=2000\" slate-data-type=\"image\"\/><img decoding=\"async\" src=\"https:\/\/ae01.alicdn.com\/kf\/S702086c0a0674b44868383d9048b2437T.jpg?width=1000&amp;height=1000&amp;hash=2000\" slate-data-type=\"image\"\/><img decoding=\"async\" src=\"https:\/\/ae01.alicdn.com\/kf\/S2859ddd4afcc4cacb58ba7b460b7b0cf0.jpg?width=1000&amp;height=1000&amp;hash=2000\" slate-data-type=\"image\"\/><img decoding=\"async\" src=\"https:\/\/ae01.alicdn.com\/kf\/Sa2fe2065268c4296a88f554e0853f64dJ.jpg?width=1000&amp;height=1000&amp;hash=2000\" slate-data-type=\"image\"\/><img decoding=\"async\" src=\"https:\/\/ae01.alicdn.com\/kf\/S6c861508a6bf463fab7480a07df383e8t.jpg?width=1000&amp;height=1000&amp;hash=2000\" slate-data-type=\"image\"\/><img decoding=\"async\" src=\"https:\/\/ae01.alicdn.com\/kf\/S1d5616a1786f41898797dc1b9593c1ea9.jpg?width=1000&amp;height=1000&amp;hash=2000\" slate-data-type=\"image\"\/><img decoding=\"async\" src=\"https:\/\/ae01.alicdn.com\/kf\/Sd8b948712cbd4c119217cfee121ec4daN.jpg?width=1000&amp;height=1000&amp;hash=2000\" slate-data-type=\"image\"\/><img decoding=\"async\" src=\"https:\/\/ae01.alicdn.com\/kf\/Sb46b5b3b77ab4516863741f1a7f0c9bdc.jpg?width=1000&amp;height=1000&amp;hash=2000\" slate-data-type=\"image\"\/><img decoding=\"async\" src=\"https:\/\/ae01.alicdn.com\/kf\/S7d3b899c240d4f79bd3deea2cbfaa03dh.jpg?width=1000&amp;height=1000&amp;hash=2000\" slate-data-type=\"image\"\/><img decoding=\"async\" src=\"https:\/\/ae01.alicdn.com\/kf\/Sed481e62dcd641959690a6be31d77e661.jpg?width=1000&amp;height=1000&amp;hash=2000\" slate-data-type=\"image\"\/><img decoding=\"async\" src=\"https:\/\/ae01.alicdn.com\/kf\/S34f8680be4ab48efa3b34f7e2f0acfbdh.jpg?width=1000&amp;height=1000&amp;hash=2000\" slate-data-type=\"image\"\/><img decoding=\"async\" src=\"https:\/\/ae01.alicdn.com\/kf\/Sd94f8033ef494b0b999bd1dc5b60829es.jpg?width=1000&amp;height=1000&amp;hash=2000\" slate-data-type=\"image\"\/><\/p>\n<div>\n<\/div>\n<div><\/div>\n<\/div>\n<\/div>\n<p><\/p>","protected":false},"excerpt":{"rendered":"<p>Hign-concerned Chemical:&nbsp;None Certificate Number:&nbsp;As Show CE:&nbsp;Certificate Is Electric:&nbsp;lithium battery Barcode:&nbsp;No Throttle servo:&nbsp;As Show Steering servo:&nbsp;As Show Power:&nbsp;As Show State of Assembly:&nbsp;Ready-to-Go Flight Time:&nbsp;20min Tire Track:&nbsp;185mm Wheelbase:&nbsp;188mm Warning:&nbsp;Away from fire Remote<\/p>","protected":false},"featured_media":25632,"comment_status":"open","ping_status":"closed","template":"","meta":{"_acf_changed":false},"product_brand":[],"product_cat":[519],"product_tag":[],"class_list":{"0":"post-25631","1":"product","2":"type-product","3":"status-publish","4":"has-post-thumbnail","6":"product_cat-rc-cars","8":"first","9":"instock","10":"shipping-taxable","11":"purchasable","12":"product-type-variable"},"acf":[],"_links":{"self":[{"href":"https:\/\/www.electricstore.eu\/de\/wp-json\/wp\/v2\/product\/25631","targetHints":{"allow":["GET"]}}],"collection":[{"href":"https:\/\/www.electricstore.eu\/de\/wp-json\/wp\/v2\/product"}],"about":[{"href":"https:\/\/www.electricstore.eu\/de\/wp-json\/wp\/v2\/types\/product"}],"replies":[{"embeddable":true,"href":"https:\/\/www.electricstore.eu\/de\/wp-json\/wp\/v2\/comments?post=25631"}],"wp:featuredmedia":[{"embeddable":true,"href":"https:\/\/www.electricstore.eu\/de\/wp-json\/wp\/v2\/media\/25632"}],"wp:attachment":[{"href":"https:\/\/www.electricstore.eu\/de\/wp-json\/wp\/v2\/media?parent=25631"}],"wp:term":[{"taxonomy":"product_brand","embeddable":true,"href":"https:\/\/www.electricstore.eu\/de\/wp-json\/wp\/v2\/product_brand?post=25631"},{"taxonomy":"product_cat","embeddable":true,"href":"https:\/\/www.electricstore.eu\/de\/wp-json\/wp\/v2\/product_cat?post=25631"},{"taxonomy":"product_tag","embeddable":true,"href":"https:\/\/www.electricstore.eu\/de\/wp-json\/wp\/v2\/product_tag?post=25631"}],"curies":[{"name":"wp","href":"https:\/\/api.w.org\/{rel}","templated":true}]}}