{"id":25575,"date":"2025-05-20T19:00:04","date_gmt":"2025-05-20T19:00:04","guid":{"rendered":"https:\/\/electricstore.eu\/p\/uncategorized\/vevor-motorcycle-helmet-full-face-smart-street-abshigh-density-helmet-with-bluetooth-slotinterchangeable-lens-fit-for-adults\/"},"modified":"2025-05-20T19:04:45","modified_gmt":"2025-05-20T19:04:45","slug":"vevor-motorcycle-helmet-full-face-smart-street-abshigh-density-helmet-with-bluetooth-slotinterchangeable-lens-fit-for-adults","status":"publish","type":"product","link":"https:\/\/www.electricstore.eu\/de\/p\/a\/helmets\/vevor-motorcycle-helmet-full-face-smart-street-abshigh-density-helmet-with-bluetooth-slotinterchangeable-lens-fit-for-adults\/","title":{"rendered":"VEVOR Motorradhelm, Integralhelm, Smart Street ABS &amp; High Density Helm mit Bluetooth-Steckplatz &amp; Wechselglas, passend f\u00fcr Erwachsene"},"content":{"rendered":"<div class=\"product-specs-list-container\">\n<ul class=\"product-specs-list util-clearfix\">\n<li class=\"product-prop line-limit-length\"><span\n                                        class=\"property-title\">Hochgef\u00e4hrliche Chemikalie:&nbsp;<\/span><span\n                                        class=\"property-desc line-limit-length\">Keiner<\/span>\n                            <\/li>\n<li class=\"product-prop line-limit-length\"><span\n                                        class=\"property-title\">Herkunft:&nbsp;<\/span><span\n                                        class=\"property-desc line-limit-length\">Festlandchina<\/span>\n                            <\/li>\n<li class=\"product-prop line-limit-length\"><span\n                                        class=\"property-title\">Artikeltyp:&nbsp;<\/span><span\n                                        class=\"property-desc line-limit-length\">Helme<\/span>\n                            <\/li>\n<\/ul><\/div>\n<div class=\"detailmodule_html\">\n<div class=\"detail-desc-decorate-richtext\">\n<div style=\"font-family:&quot;Open sans&quot;, Arial, Helvetica, sans-serif\">\n<div><img decoding=\"async\" style=\"width:100%\" width=\"100%\" src=\"https:\/\/d2qc09rl1gfuof.cloudfront.net\/vevor\/boutique-banner\/pc\/banner-en.jpg\" slate-data-type=\"image\"\/><\/div>\n<div>\n<div style=\"font-size:16px;font-weight:bold;text-align:center;color:rgb(34, 34, 34);margin:24px 0px;margin-bottom:24px;margin-top:24px;margin-left:0px;margin-right:0px\" align=\"center\">VEVOR sch\u00fctzt Sie auf jeder Reise<\/div>\n<div><img decoding=\"async\" style=\"width:100%\" width=\"100%\" src=\"https:\/\/d2qc09rl1gfuof.cloudfront.net\/product\/MTCQKOZBSMHSVYL17\/motorcycle-helmets-a100-1.4-pt.jpg\" slate-data-type=\"image\"\/><\/div>\n<div style=\"font-size:14px;text-align:center;color:rgb(34, 34, 34);margin:16px 0px 24px;margin-bottom:24px;margin-top:16px;margin-left:0px;margin-right:0px\" align=\"center\">Dieser Motorradhelm ist ECE-gepr\u00fcft und bietet ein hohes Ma\u00df an Sicherheit f\u00fcr Ihre Motorradtouren. Er bietet Vorteile wie Schlagfestigkeit, Durchdringungsfestigkeit und eine robuste Befestigung, sodass Sie bei jeder Fahrt beruhigt sein k\u00f6nnen.<\/div>\n<\/div>\n<div>\n<div style=\"font-size:16px;font-weight:bold;text-align:center;color:rgb(34, 34, 34);margin:24px 0px;margin-bottom:24px;margin-top:24px;margin-left:0px;margin-right:0px\" align=\"center\"><\/div>\n<div style=\"margin:8px 0px;margin-bottom:8px;margin-top:8px;margin-left:0px;margin-right:0px\"><img decoding=\"async\" style=\"width:100%\" width=\"100%\" src=\"https:\/\/d2qc09rl1gfuof.cloudfront.net\/product\/MTCQKOZBSMHSVYL17\/motorcycle-helmets-a100-2.2-pt.jpg\" slate-data-type=\"image\"\/><\/div>\n<div style=\"font-size:14px;text-align:center;color:rgb(34, 34, 34);margin:16px 0px 24px;margin-bottom:24px;margin-top:16px;margin-left:0px;margin-right:0px\" align=\"center\">Ausgestattet mit gro\u00dfen, klaren Linsen und integrierten Sonnenschutzlinsen blockieren die klaren Linsen Wind, Sand und fliegende Tiere f\u00fcr hochaufl\u00f6sende Bilder. Die integrierten Sonnenschutzlinsen filtern automatisch Blendung bei starker Sonneneinstrahlung, vermeiden so Augenreizungen und erm\u00f6glichen ein einfaches Wechseln.<\/div>\n<\/div>\n<div>\n<div style=\"font-size:16px;font-weight:bold;text-align:center;color:rgb(34, 34, 34);margin:24px 0px;margin-bottom:24px;margin-top:24px;margin-left:0px;margin-right:0px\" align=\"center\"><\/div>\n<div style=\"margin:8px 0px;margin-bottom:8px;margin-top:8px;margin-left:0px;margin-right:0px\"><img decoding=\"async\" style=\"width:100%\" width=\"100%\" src=\"https:\/\/d2qc09rl1gfuof.cloudfront.net\/product\/MTCQKOZBSMHSVYL17\/motorcycle-helmets-a100-2.3-pt.jpg\" slate-data-type=\"image\"\/><\/div>\n<div style=\"font-size:14px;text-align:center;color:rgb(34, 34, 34);margin:16px 0px 24px;margin-bottom:24px;margin-top:16px;margin-left:0px;margin-right:0px\" align=\"center\">Das aerodynamische Design in Kombination mit dem hocheffizienten Bel\u00fcftungssystem des Motorradhelms sorgt f\u00fcr eine Luftzirkulation im Helminneren und h\u00e4lt Ihren Kopf auch bei langen Fahrten k\u00fchl und vor der sengenden Hitze gesch\u00fctzt.<\/div>\n<\/div>\n<div>\n<div style=\"font-size:16px;font-weight:bold;text-align:center;color:rgb(34, 34, 34);margin:24px 0px;margin-bottom:24px;margin-top:24px;margin-left:0px;margin-right:0px\" align=\"center\"><\/div>\n<div style=\"margin:8px 0px;margin-bottom:8px;margin-top:8px;margin-left:0px;margin-right:0px\"><img decoding=\"async\" style=\"width:100%\" width=\"100%\" src=\"https:\/\/d2qc09rl1gfuof.cloudfront.net\/product\/MTCQKOZBSMHSVYL17\/motorcycle-helmets-a100-2.4-pt.jpg\" slate-data-type=\"image\"\/><\/div>\n<div style=\"font-size:14px;text-align:center;color:rgb(34, 34, 34);margin:16px 0px 24px;margin-bottom:24px;margin-top:16px;margin-left:0px;margin-right:0px\" align=\"center\">\u00dcber den integrierten Bluetooth-Headset-Steckplatz des Motorradhelms k\u00f6nnen Sie problemlos eine Verbindung zu Smart-Ger\u00e4ten herstellen, sodass Sie w\u00e4hrend der Fahrt Navigationsanweisungen h\u00f6ren, Anrufe entgegennehmen und vieles mehr k\u00f6nnen. Geeignet f\u00fcr den Einsatz auf langen Fahrten.<\/div>\n<\/div>\n<div>\n<div style=\"font-size:16px;font-weight:bold;text-align:center;color:rgb(34, 34, 34);margin:24px 0px;margin-bottom:24px;margin-top:24px;margin-left:0px;margin-right:0px\" align=\"center\"><\/div>\n<div style=\"margin:8px 0px;margin-bottom:8px;margin-top:8px;margin-left:0px;margin-right:0px\"><img decoding=\"async\" style=\"width:100%\" width=\"100%\" src=\"https:\/\/d2qc09rl1gfuof.cloudfront.net\/product\/MTCQKOZBSMHSVYL17\/motorcycle-helmets-a100-2.5-pt.jpg\" slate-data-type=\"image\"\/><\/div>\n<div style=\"font-size:14px;text-align:center;color:rgb(34, 34, 34);margin:16px 0px 24px;margin-bottom:24px;margin-top:16px;margin-left:0px;margin-right:0px\" align=\"center\">Unser Motorradhelm verteilt das Gewicht gleichm\u00e4\u00dfig und minimiert die Belastung von Kopf und Schultern bei l\u00e4ngerem Tragen. Dadurch wird der Kopf nicht so leicht eingeengt. Viel Spa\u00df mit unserem komfortablen Helm!<\/div>\n<\/div>\n<div style=\"margin:24px 0px;margin-bottom:24px;margin-top:24px;margin-left:0px;margin-right:0px\">\n<div style=\"font-size:16px;font-weight:bold;color:rgb(34, 34, 34);margin:24px 0px 16px;margin-bottom:16px;margin-top:24px;margin-left:0px;margin-right:0px\">Funktionen und Details<\/div>\n<ul style=\"margin:16px 0px 24px;margin-bottom:24px;margin-top:16px;margin-left:0px;margin-right:0px\">\n<li style=\"font-size:14px;color:rgb(34, 34, 34)\">\n<p>ECE-zertifiziert und robust: Dieser Motorradhelm ist ECE-zertifiziert und erf\u00fcllt die US-amerikanischen Vorschriften. Seine robuste ABS-Schale in Kombination mit weichem EPS-Schaum und hautfreundlichem Futter bietet Rundumschutz f\u00fcr Ihren Kopf.<\/p>\n<\/li>\n<li style=\"font-size:14px;color:rgb(34, 34, 34)\">\n<p>Integrierte Sonnenschutzlinse: Der Motorradhelm ist mit einer gro\u00dfen, klaren Linse ausgestattet, die den Wind blockiert und gleichzeitig eine hohe Aufl\u00f6sung beibeh\u00e4lt, wodurch die Unfallwahrscheinlichkeit minimiert wird. Die integrierte dunkle Teelinse blockiert Blendung und Blendung und vermeidet visuelle fatigue.<\/p>\n<\/li>\n<li style=\"font-size:14px;color:rgb(34, 34, 34)\">\n<p>Gro\u00dfes Heck: Der Motorradhelm verf\u00fcgt \u00fcber ein gro\u00dfes Heck. Sie k\u00f6nnen es einfach an Ihrem Motorradhelm anbringen, um die aerodynamische Leistung zu verbessern. Es verf\u00fcgt \u00fcber Bel\u00fcftungs\u00f6ffnungen und eine optimale Gewichtsverteilung, wodurch Druckgef\u00fchle auf dem Kopf vermieden werden.<\/p>\n<\/li>\n<li style=\"font-size:14px;color:rgb(34, 34, 34)\">\n<p>Bluetooth-Headset-Steckplatz: Der Bluetooth-Headset-Steckplatz des Motorradhelms befindet sich im Inneren. Bei Langstreckenfahrten k\u00f6nnen Sie bequem Anrufe entgegennehmen, Navigationsanweisungen h\u00f6ren usw. Das macht Ihre Fahrt intelligenter und bequemer.<\/p>\n<\/li>\n<li style=\"font-size:14px;color:rgb(34, 34, 34)\">\n<p>Abnehmbares und waschbares Innenfutter: Das Innenfutter des Motorradhelms l\u00e4sst sich jederzeit bequem waschen und austauschen, sodass das Innere des Helms sauber und hygienisch bleibt. Dieses Design verl\u00e4ngert die Lebensdauer des Produkts und sch\u00fctzt gleichzeitig Ihre Gesundheit bei jeder Fahrt.<\/p>\n<\/li>\n<\/ul>\n<\/div>\n<div>\n<div>\n<div style=\"margin:16px 0px 24px;margin-bottom:24px;margin-top:16px;margin-left:0px;margin-right:0px\"><img decoding=\"async\" style=\"width:100%\" width=\"100%\" src=\"https:\/\/d2qc09rl1gfuof.cloudfront.net\/product\/MTCQKOZBSMHSVYL17\/motorcycle-helmets-a100-1.11-pt.jpg\" slate-data-type=\"image\"\/><\/div>\n<\/div>\n<\/div>\n<div>\n<div>\n<div style=\"margin:16px 0px 24px;margin-bottom:24px;margin-top:16px;margin-left:0px;margin-right:0px\"><img decoding=\"async\" style=\"width:100%\" width=\"100%\" src=\"https:\/\/d2qc09rl1gfuof.cloudfront.net\/product\/MTCQKOZBMMHSW9UIC\/motorcycle-helmets-a100-1.11-pt.jpg\" slate-data-type=\"image\"\/><\/div>\n<\/div>\n<\/div>\n<div>\n<div>\n<div style=\"margin:16px 0px 24px;margin-bottom:24px;margin-top:16px;margin-left:0px;margin-right:0px\"><img decoding=\"async\" style=\"width:100%\" width=\"100%\" src=\"https:\/\/d2qc09rl1gfuof.cloudfront.net\/product\/MTCQKOZBLMHSAXLYJ\/motorcycle-helmets-a100-1.11-pt.jpg\" slate-data-type=\"image\"\/><\/div>\n<\/div>\n<\/div>\n<div>\n<div>\n<div style=\"margin:16px 0px 24px;margin-bottom:24px;margin-top:16px;margin-left:0px;margin-right:0px\"><img decoding=\"async\" style=\"width:100%\" width=\"100%\" src=\"https:\/\/d2qc09rl1gfuof.cloudfront.net\/product\/MTCQKOZBXLMHIJTQE\/motorcycle-helmets-a100-1.11-pt.jpg\" slate-data-type=\"image\"\/><\/div>\n<\/div>\n<\/div>\n<\/div>\n<\/div>\n<\/div>\n<p><\/p>","protected":false},"excerpt":{"rendered":"<p>Hign-concerned Chemical:&nbsp;None Origin:&nbsp;Mainland China Item Type:&nbsp;Helmets VEVOR Guarding You on Every Trip This motorcycle helmet is ECE approved and provides high standard of safety for your riding trips. The helmet<\/p>","protected":false},"featured_media":25576,"comment_status":"open","ping_status":"closed","template":"","meta":{"_acf_changed":false},"product_brand":[],"product_cat":[526],"product_tag":[],"class_list":{"0":"post-25575","1":"product","2":"type-product","3":"status-publish","4":"has-post-thumbnail","6":"product_cat-helmets","8":"first","9":"instock","10":"shipping-taxable","11":"purchasable","12":"product-type-variable"},"acf":[],"_links":{"self":[{"href":"https:\/\/www.electricstore.eu\/de\/wp-json\/wp\/v2\/product\/25575","targetHints":{"allow":["GET"]}}],"collection":[{"href":"https:\/\/www.electricstore.eu\/de\/wp-json\/wp\/v2\/product"}],"about":[{"href":"https:\/\/www.electricstore.eu\/de\/wp-json\/wp\/v2\/types\/product"}],"replies":[{"embeddable":true,"href":"https:\/\/www.electricstore.eu\/de\/wp-json\/wp\/v2\/comments?post=25575"}],"wp:featuredmedia":[{"embeddable":true,"href":"https:\/\/www.electricstore.eu\/de\/wp-json\/wp\/v2\/media\/25576"}],"wp:attachment":[{"href":"https:\/\/www.electricstore.eu\/de\/wp-json\/wp\/v2\/media?parent=25575"}],"wp:term":[{"taxonomy":"product_brand","embeddable":true,"href":"https:\/\/www.electricstore.eu\/de\/wp-json\/wp\/v2\/product_brand?post=25575"},{"taxonomy":"product_cat","embeddable":true,"href":"https:\/\/www.electricstore.eu\/de\/wp-json\/wp\/v2\/product_cat?post=25575"},{"taxonomy":"product_tag","embeddable":true,"href":"https:\/\/www.electricstore.eu\/de\/wp-json\/wp\/v2\/product_tag?post=25575"}],"curies":[{"name":"wp","href":"https:\/\/api.w.org\/{rel}","templated":true}]}}