{"id":25566,"date":"2025-05-20T19:00:01","date_gmt":"2025-05-20T19:00:01","guid":{"rendered":"https:\/\/electricstore.eu\/p\/uncategorized\/vevor-100lbs-bike-cargo-trailer-foldable-bicycle-wagon-cart-with-waterproof-cover-safe-reflectors-fits-22-28-bike-wheel\/"},"modified":"2025-05-20T19:04:45","modified_gmt":"2025-05-20T19:04:45","slug":"vevor-100lbs-bike-cargo-trailer-foldable-bicycle-wagon-cart-with-waterproof-cover-safe-reflectors-fits-22-28-bike-wheel","status":"publish","type":"product","link":"https:\/\/www.electricstore.eu\/de\/p\/o\/bike-trailers-and-wagons\/vevor-100lbs-bike-cargo-trailer-foldable-bicycle-wagon-cart-with-waterproof-cover-safe-reflectors-fits-22-28-bike-wheel\/","title":{"rendered":"VEVOR 100lbs Fahrrad-Lastenanh\u00e4nger, faltbarer Fahrradwagen mit wasserdichter Abdeckung und sicheren Reflektoren, passend f\u00fcr 22\u2033-28\u2033-Fahrradr\u00e4der"},"content":{"rendered":"<div class=\"product-specs-list-container\">\n<ul class=\"product-specs-list util-clearfix\">\n<li class=\"product-prop line-limit-length\"><span\n                                        class=\"property-title\">Hochgef\u00e4hrliche Chemikalie:&nbsp;<\/span><span\n                                        class=\"property-desc line-limit-length\">Keiner<\/span>\n                            <\/li>\n<li class=\"product-prop line-limit-length\"><span\n                                        class=\"property-title\">Sitzposition:&nbsp;<\/span><span\n                                        class=\"property-desc line-limit-length\">POST<\/span>\n                            <\/li>\n<li class=\"product-prop line-limit-length\"><span\n                                        class=\"property-title\">Material:&nbsp;<\/span><span\n                                        class=\"property-desc line-limit-length\">Metall<\/span>\n                            <\/li>\n<li class=\"product-prop line-limit-length\"><span\n                                        class=\"property-title\">Altersbereich:&nbsp;<\/span><span\n                                        class=\"property-desc line-limit-length\">3-6 Jahre<\/span>\n                            <\/li>\n<li class=\"product-prop line-limit-length\"><span\n                                        class=\"property-title\">Herkunft:&nbsp;<\/span><span\n                                        class=\"property-desc line-limit-length\">Festlandchina<\/span>\n                            <\/li>\n<\/ul><\/div>\n<div class=\"detailmodule_html\">\n<div class=\"detail-desc-decorate-richtext\">\n<div style=\"font-family:&quot;Open sans&quot;, Arial, Helvetica, sans-serif\">\n<div><img decoding=\"async\" style=\"width:100%\" width=\"100%\" src=\"https:\/\/d2qc09rl1gfuof.cloudfront.net\/vevor\/boutique-banner\/pc\/banner-en.jpg\" slate-data-type=\"image\"\/><\/div>\n<div>\n<div style=\"font-size:16px;font-weight:bold;text-align:center;color:rgb(34, 34, 34);margin:24px 0px;margin-bottom:24px;margin-top:24px;margin-left:0px;margin-right:0px\" align=\"center\">Mehr transportieren, weiter fahren mit dem VEVOR Fahrrad-Lastenanh\u00e4nger<\/div>\n<div><img decoding=\"async\" style=\"width:100%\" width=\"100%\" src=\"https:\/\/d2qc09rl1gfuof.cloudfront.net\/product\/CGKHZHJG100BMFBKO\/cargo-trailer-a100-1.4.jpg\" slate-data-type=\"image\"\/><\/div>\n<div style=\"font-size:14px;text-align:center;color:rgb(34, 34, 34);margin:16px 0px 24px;margin-bottom:24px;margin-top:16px;margin-left:0px;margin-right:0px\" align=\"center\">Dieser Fahrradanh\u00e4nger ist der ideale Transporteur f\u00fcr Ihre Ausr\u00fcstung und tr\u00e4gt bis zu 45 kg. Von Campingausr\u00fcstung bis hin zu Ihren Alltagsgegenst\u00e4nden bietet er ausreichend Platz. Er ist f\u00fcr Fahrr\u00e4der mit 22- bis 28-Zoll-R\u00e4dern geeignet und somit vielseitig einsetzbar.<\/div>\n<\/div>\n<div>\n<div style=\"margin:8px 0px;margin-bottom:8px;margin-top:8px;margin-left:0px;margin-right:0px\"><img decoding=\"async\" style=\"width:100%\" width=\"100%\" src=\"https:\/\/d2qc09rl1gfuof.cloudfront.net\/product\/CGKHZHJG100BMFBKO\/cargo-trailer-a100-2.2.jpg\" slate-data-type=\"image\"\/><\/div>\n<div style=\"font-size:14px;text-align:center;color:rgb(34, 34, 34);margin:16px 0px 24px;margin-bottom:24px;margin-top:16px;margin-left:0px;margin-right:0px\" align=\"center\">Dieser aus robustem Industriestahl gefertigte Fahrradanh\u00e4nger ist leicht und gleichzeitig stabil. Dank der Pulverbeschichtung ist er rostfrei. Und mit der zus\u00e4tzlichen Abdeckung aus 420D Oxford-Gewebe bleibt Ihr Gep\u00e4ck garantiert trocken. Bereit f\u00fcr jedes Abenteuer, egal ob Regen oder Sonnenschein!<\/div>\n<\/div>\n<div>\n<div style=\"margin:8px 0px;margin-bottom:8px;margin-top:8px;margin-left:0px;margin-right:0px\"><img decoding=\"async\" style=\"width:100%\" width=\"100%\" src=\"https:\/\/d2qc09rl1gfuof.cloudfront.net\/product\/CGKHZHJG100BMFBKO\/cargo-trailer-a100-2.3.jpg\" slate-data-type=\"image\"\/><\/div>\n<div style=\"font-size:14px;text-align:center;color:rgb(34, 34, 34);margin:16px 0px 24px;margin-bottom:24px;margin-top:16px;margin-left:0px;margin-right:0px\" align=\"center\">Mit seinen sportlichen Reifen und robusten Naben aus Eisen sorgt dieser Fahrradanh\u00e4nger f\u00fcr Stabilit\u00e4t auf jedem Terrain. Egal ob auf Asphalt oder im Gel\u00e4nde \u2013 Sie bleiben immer auf Kurs.<\/div>\n<\/div>\n<div>\n<div style=\"margin:8px 0px;margin-bottom:8px;margin-top:8px;margin-left:0px;margin-right:0px\"><img decoding=\"async\" style=\"width:100%\" width=\"100%\" src=\"https:\/\/d2qc09rl1gfuof.cloudfront.net\/product\/CGKHZHJG100BMFBKO\/cargo-trailer-a100-2.4.jpg\" slate-data-type=\"image\"\/><\/div>\n<div style=\"font-size:14px;text-align:center;color:rgb(34, 34, 34);margin:16px 0px 24px;margin-bottom:24px;margin-top:16px;margin-left:0px;margin-right:0px\" align=\"center\">Der Aufbau dieses Fahrradwagens ist dank des faltbaren Rahmens und des Schnellspannsystems kinderleicht. Kompakt und praktisch \u2013 perfekt f\u00fcr Abenteurer unterwegs. Die reflektierenden Aufkleber sorgen zudem f\u00fcr einen stylischen Look und erh\u00f6hen Ihre Sicherheit.<\/div>\n<\/div>\n<div>\n<div style=\"margin:8px 0px;margin-bottom:8px;margin-top:8px;margin-left:0px;margin-right:0px\"><img decoding=\"async\" style=\"width:100%\" width=\"100%\" src=\"https:\/\/d2qc09rl1gfuof.cloudfront.net\/product\/CGKHZHJG100BMFBKO\/cargo-trailer-a100-2.5.jpg\" slate-data-type=\"image\"\/><\/div>\n<div style=\"font-size:14px;text-align:center;color:rgb(34, 34, 34);margin:16px 0px 24px;margin-bottom:24px;margin-top:16px;margin-left:0px;margin-right:0px\" align=\"center\">Egal, welches Fahrrad du f\u00e4hrst \u2013 Cruiser, Mountainbike oder Rennrad \u2013 dieser Fahrradwagen ist die perfekte L\u00f6sung. Ob f\u00fcr den Wocheneinkauf oder Wochenendausfl\u00fcge, er ist dein idealer Transportbegleiter.<\/div>\n<\/div>\n<div style=\"margin:16px 0px 24px;margin-bottom:24px;margin-top:16px;margin-left:0px;margin-right:0px\"><\/div>\n<div style=\"margin:24px 0px;margin-bottom:24px;margin-top:24px;margin-left:0px;margin-right:0px\">\n<div style=\"font-size:16px;font-weight:bold;color:rgb(34, 34, 34);margin:24px 0px 16px;margin-bottom:16px;margin-top:24px;margin-left:0px;margin-right:0px\">Funktionen und Details<\/div>\n<ul style=\"margin:16px 0px 24px;margin-bottom:24px;margin-top:16px;margin-left:0px;margin-right:0px\">\n<li style=\"font-size:14px;color:rgb(34, 34, 34)\">\n<p>Hohe Tragf\u00e4higkeit von 45 kg: Unser Fahrradanh\u00e4nger ist der ideale Reisebegleiter. Er ist robust gebaut und bietet viel Platz f\u00fcr bis zu 45 kg Gep\u00e4ck. Perfekt f\u00fcr all Ihre Outdoor-Abenteuer, vom Campingurlaub bis zum Picknick \u2013 die ideale L\u00f6sung, um Ihre wichtigsten Utensilien \u00fcberallhin mitzunehmen.<\/p>\n<\/li>\n<li style=\"font-size:14px;color:rgb(34, 34, 34)\">\n<p>Hochwertiges Material: Dieser Fahrradanh\u00e4nger verf\u00fcgt \u00fcber einen robusten Stahlrahmen mit rostbest\u00e4ndiger Beschichtung, der f\u00fcr Langlebigkeit und ein ansprechendes Aussehen sorgt. Dank der Regenh\u00fclle aus 420D Oxford-Gewebe ist Ihre Ausr\u00fcstung bei jedem Wetter optimal gesch\u00fctzt.<\/p>\n<\/li>\n<li style=\"font-size:14px;color:rgb(34, 34, 34)\">\n<p>Professionelles Reifendesign: Gleiten Sie sanft auf jedem Untergrund! Unser Fahrradanh\u00e4nger ist mit sportlichen 16&quot; x 1,75&quot;-Reifen und Eisennaben ausgestattet, die hervorragende Stabilit\u00e4t und Traktion auf verschiedenen Oberfl\u00e4chen bieten, egal ob Sie auf Beton fahren, Schotterwege befahren oder sandige Pfade bew\u00e4ltigen.<\/p>\n<\/li>\n<li style=\"font-size:14px;color:rgb(34, 34, 34)\">\n<p>Verbesserte Installation: Einfache Montage, erh\u00f6hte Sicherheit! Dank des benutzerfreundlichen Designs und des kompletten Montagesets ist die Installation unseres Fahrradanh\u00e4ngers kinderleicht. Die orangefarbene Sicherheitsfahne und die goldfarbenen Speichenreflektoren sorgen zudem f\u00fcr bessere Sichtbarkeit im Stra\u00dfenverkehr, insbesondere bei Nachtfahrten.<\/p>\n<\/li>\n<li style=\"font-size:14px;color:rgb(34, 34, 34)\">\n<p>Passend f\u00fcr verschiedene Fahrradmodelle: Unser Fahrradwagen ist mit Fahrr\u00e4dern von 22 bis 28 Zoll kompatibel und l\u00e4sst sich problemlos an verschiedene Fahrradmodelle anbringen, darunter Freizeitr\u00e4der, Kinderfahrr\u00e4der, Mountainbikes und Rennr\u00e4der. Ideal zum Einkaufen, Campen und Picknicken. HINWEIS: Nicht f\u00fcr Haustiere oder Kinder geeignet.<\/p>\n<\/li>\n<\/ul>\n<\/div>\n<div>\n<div>\n<div style=\"margin:16px 0px 24px;margin-bottom:24px;margin-top:16px;margin-left:0px;margin-right:0px\"><img decoding=\"async\" style=\"width:100%\" width=\"100%\" src=\"https:\/\/d2qc09rl1gfuof.cloudfront.net\/product\/CGKHZHJG100BMFBKO\/cargo-trailer-a100-1.11.jpg\" slate-data-type=\"image\"\/><\/div>\n<\/div>\n<\/div>\n<\/div>\n<div><\/div>\n<\/div>\n<\/div>\n<p><\/p>","protected":false},"excerpt":{"rendered":"<p>Hign-concerned Chemical:&nbsp;None Seat position:&nbsp;POST Material:&nbsp;Metal Age Range:&nbsp;3-6Y Origin:&nbsp;Mainland China Carry More, Ride Farther with VEVOR Bike Cargo Trailer This bike cargo trailer is your ultimate gear hauler, supporting up to<\/p>","protected":false},"featured_media":25567,"comment_status":"open","ping_status":"closed","template":"","meta":{"_acf_changed":false},"product_brand":[],"product_cat":[523],"product_tag":[],"class_list":{"0":"post-25566","1":"product","2":"type-product","3":"status-publish","4":"has-post-thumbnail","6":"product_cat-bike-trailers-and-wagons","8":"first","9":"instock","10":"shipping-taxable","11":"purchasable","12":"product-type-variable"},"acf":[],"_links":{"self":[{"href":"https:\/\/www.electricstore.eu\/de\/wp-json\/wp\/v2\/product\/25566","targetHints":{"allow":["GET"]}}],"collection":[{"href":"https:\/\/www.electricstore.eu\/de\/wp-json\/wp\/v2\/product"}],"about":[{"href":"https:\/\/www.electricstore.eu\/de\/wp-json\/wp\/v2\/types\/product"}],"replies":[{"embeddable":true,"href":"https:\/\/www.electricstore.eu\/de\/wp-json\/wp\/v2\/comments?post=25566"}],"wp:featuredmedia":[{"embeddable":true,"href":"https:\/\/www.electricstore.eu\/de\/wp-json\/wp\/v2\/media\/25567"}],"wp:attachment":[{"href":"https:\/\/www.electricstore.eu\/de\/wp-json\/wp\/v2\/media?parent=25566"}],"wp:term":[{"taxonomy":"product_brand","embeddable":true,"href":"https:\/\/www.electricstore.eu\/de\/wp-json\/wp\/v2\/product_brand?post=25566"},{"taxonomy":"product_cat","embeddable":true,"href":"https:\/\/www.electricstore.eu\/de\/wp-json\/wp\/v2\/product_cat?post=25566"},{"taxonomy":"product_tag","embeddable":true,"href":"https:\/\/www.electricstore.eu\/de\/wp-json\/wp\/v2\/product_tag?post=25566"}],"curies":[{"name":"wp","href":"https:\/\/api.w.org\/{rel}","templated":true}]}}