{"id":25555,"date":"2025-05-20T18:59:57","date_gmt":"2025-05-20T18:59:57","guid":{"rendered":"https:\/\/electricstore.eu\/p\/uncategorized\/vevor-100-lbs-bike-cargo-trailer-foldable-bicycle-wagon-storage-cart-with-16-wheels-safe-reflectors-fits-22-28-bike-wheels\/"},"modified":"2025-05-20T19:04:23","modified_gmt":"2025-05-20T19:04:23","slug":"vevor-100-lbs-bike-cargo-trailer-foldable-bicycle-wagon-storage-cart-with-16-wheels-safe-reflectors-fits-22-28-bike-wheels","status":"publish","type":"product","link":"https:\/\/www.electricstore.eu\/de\/p\/o\/bike-trailers-and-wagons\/vevor-100-lbs-bike-cargo-trailer-foldable-bicycle-wagon-storage-cart-with-16-wheels-safe-reflectors-fits-22-28-bike-wheels\/","title":{"rendered":"VEVOR 100 lbs Fahrrad-Lastenanh\u00e4nger, faltbarer Fahrradwagen, Aufbewahrungswagen mit 16-Zoll-R\u00e4dern und sicheren Reflektoren, passend f\u00fcr 22- bis 28-Zoll-Fahrradr\u00e4der"},"content":{"rendered":"<div class=\"product-specs-list-container\">\n<ul class=\"product-specs-list util-clearfix\">\n<li class=\"product-prop line-limit-length\"><span\n                                        class=\"property-title\">Hochgef\u00e4hrliche Chemikalie:&nbsp;<\/span><span\n                                        class=\"property-desc line-limit-length\">Keiner<\/span>\n                            <\/li>\n<li class=\"product-prop line-limit-length\"><span\n                                        class=\"property-title\">Sitzposition:&nbsp;<\/span><span\n                                        class=\"property-desc line-limit-length\">POST<\/span>\n                            <\/li>\n<li class=\"product-prop line-limit-length\"><span\n                                        class=\"property-title\">Material:&nbsp;<\/span><span\n                                        class=\"property-desc line-limit-length\">Metall<\/span>\n                            <\/li>\n<li class=\"product-prop line-limit-length\"><span\n                                        class=\"property-title\">Altersbereich:&nbsp;<\/span><span\n                                        class=\"property-desc line-limit-length\">3-6 Jahre<\/span>\n                            <\/li>\n<li class=\"product-prop line-limit-length\"><span\n                                        class=\"property-title\">Herkunft:&nbsp;<\/span><span\n                                        class=\"property-desc line-limit-length\">Festlandchina<\/span>\n                            <\/li>\n<li class=\"product-prop line-limit-length\"><span\n                                        class=\"property-title\">Maximale Tragf\u00e4higkeit:&nbsp;<\/span><span\n                                        class=\"property-desc line-limit-length\">100 Pfund\/45 kg<\/span>\n                            <\/li>\n<li class=\"product-prop line-limit-length\"><span\n                                        class=\"property-title\">Gr\u00f6\u00dfe der Transportbox:&nbsp;<\/span><span\n                                        class=\"property-desc line-limit-length\">30,1 x 21,9 x 7,9 Zoll \/ 765 x 555 x 200 mm<\/span>\n                            <\/li>\n<li class=\"product-prop line-limit-length\"><span\n                                        class=\"property-title\">Einbaulage:&nbsp;<\/span><span\n                                        class=\"property-desc line-limit-length\">Hinterachse<\/span>\n                            <\/li>\n<li class=\"product-prop line-limit-length\"><span\n                                        class=\"property-title\">Rahmenmaterial:&nbsp;<\/span><span\n                                        class=\"property-desc line-limit-length\">Aluminiumlegierung, Rundrohr<\/span>\n                            <\/li>\n<li class=\"product-prop line-limit-length\"><span\n                                        class=\"property-title\">Produktgewicht:&nbsp;<\/span><span\n                                        class=\"property-desc line-limit-length\">14,55 lbs\/6,6 kg<\/span>\n                            <\/li>\n<li class=\"product-prop line-limit-length\"><span\n                                        class=\"property-title\">Typ:&nbsp;<\/span><span\n                                        class=\"property-desc line-limit-length\">Fahrradanh\u00e4nger<\/span>\n                            <\/li>\n<\/ul><\/div>\n<div class=\"detailmodule_html\">\n<div class=\"detail-desc-decorate-richtext\">\n<div style=\"font-family:&quot;Open sans&quot;, Arial, Helvetica, sans-serif\">\n<div><img decoding=\"async\" style=\"width:100%\" width=\"100%\" src=\"https:\/\/d2qc09rl1gfuof.cloudfront.net\/vevor\/boutique-banner\/pc\/banner-en.jpg\" slate-data-type=\"image\"\/><\/div>\n<div>\n<div style=\"font-size:16px;font-weight:bold;text-align:center;color:rgb(34, 34, 34);margin:24px 0px;margin-bottom:24px;margin-top:24px;margin-left:0px;margin-right:0px\" align=\"center\">Mehr transportieren, weiter fahren mit dem VEVOR Fahrrad-Lastenanh\u00e4nger<\/div>\n<div><img decoding=\"async\" style=\"width:100%\" width=\"100%\" src=\"https:\/\/d2qc09rl1gfuof.cloudfront.net\/product\/CGKHZLHJ100BHMDBA\/cargo-trailer-a100-1.4.jpg\" slate-data-type=\"image\"\/><\/div>\n<div style=\"font-size:14px;text-align:center;color:rgb(34, 34, 34);margin:16px 0px 24px;margin-bottom:24px;margin-top:16px;margin-left:0px;margin-right:0px\" align=\"center\">Dieser Fahrradanh\u00e4nger ist der ideale Transporteur f\u00fcr Ihre Ausr\u00fcstung und tr\u00e4gt bis zu 45 kg. Von Campingausr\u00fcstung bis hin zu Ihren Alltagsgegenst\u00e4nden bietet er ausreichend Platz. Er ist f\u00fcr Fahrr\u00e4der mit 22- bis 28-Zoll-R\u00e4dern geeignet und somit vielseitig einsetzbar.<\/div>\n<\/div>\n<div>\n<div style=\"margin:8px 0px;margin-bottom:8px;margin-top:8px;margin-left:0px;margin-right:0px\"><img decoding=\"async\" style=\"width:100%\" width=\"100%\" src=\"https:\/\/d2qc09rl1gfuof.cloudfront.net\/product\/CGKHZLHJ100BHMDBA\/cargo-trailer-a100-2.2.jpg\" slate-data-type=\"image\"\/><\/div>\n<div style=\"font-size:14px;text-align:center;color:rgb(34, 34, 34);margin:16px 0px 24px;margin-bottom:24px;margin-top:16px;margin-left:0px;margin-right:0px\" align=\"center\">Dieser aus einer robusten Aluminiumlegierung in Industriequalit\u00e4t gefertigte Fahrradanh\u00e4nger ist leicht und gleichzeitig stabil. Dank der Pulverbeschichtung ist er rostfrei. Bereit f\u00fcr jedes Abenteuer, egal ob bei Regen oder Sonnenschein!<\/div>\n<\/div>\n<div>\n<div style=\"margin:8px 0px;margin-bottom:8px;margin-top:8px;margin-left:0px;margin-right:0px\"><img decoding=\"async\" style=\"width:100%\" width=\"100%\" src=\"https:\/\/d2qc09rl1gfuof.cloudfront.net\/product\/CGKHZLHJ100BHMDBA\/cargo-trailer-a100-2.3.jpg\" slate-data-type=\"image\"\/><\/div>\n<div style=\"font-size:14px;text-align:center;color:rgb(34, 34, 34);margin:16px 0px 24px;margin-bottom:24px;margin-top:16px;margin-left:0px;margin-right:0px\" align=\"center\">Mit seinen sportlichen Reifen und robusten Naben aus Eisen sorgt dieser Fahrradanh\u00e4nger f\u00fcr Stabilit\u00e4t auf jedem Terrain. Egal ob auf Asphalt oder im Gel\u00e4nde \u2013 Sie bleiben immer auf Kurs.<\/div>\n<\/div>\n<div>\n<div style=\"margin:8px 0px;margin-bottom:8px;margin-top:8px;margin-left:0px;margin-right:0px\"><img decoding=\"async\" style=\"width:100%\" width=\"100%\" src=\"https:\/\/d2qc09rl1gfuof.cloudfront.net\/product\/CGKHZLHJ100BHMDBA\/cargo-trailer-a100-2.4.jpg\" slate-data-type=\"image\"\/><\/div>\n<div style=\"font-size:14px;text-align:center;color:rgb(34, 34, 34);margin:16px 0px 24px;margin-bottom:24px;margin-top:16px;margin-left:0px;margin-right:0px\" align=\"center\">Der Aufbau dieses Fahrradwagens ist dank des faltbaren Rahmens und des Schnellspannsystems kinderleicht. Kompakt und praktisch \u2013 perfekt f\u00fcr Abenteurer unterwegs. Die reflektierenden Aufkleber sorgen zudem f\u00fcr einen stylischen Look und erh\u00f6hen Ihre Sicherheit.<\/div>\n<\/div>\n<div>\n<div style=\"margin:8px 0px;margin-bottom:8px;margin-top:8px;margin-left:0px;margin-right:0px\"><img decoding=\"async\" style=\"width:100%\" width=\"100%\" src=\"https:\/\/d2qc09rl1gfuof.cloudfront.net\/product\/CGKHZLHJ100BHMDBA\/cargo-trailer-a100-2.5.jpg\" slate-data-type=\"image\"\/><\/div>\n<div style=\"font-size:14px;text-align:center;color:rgb(34, 34, 34);margin:16px 0px 24px;margin-bottom:24px;margin-top:16px;margin-left:0px;margin-right:0px\" align=\"center\">Egal, welches Fahrrad du f\u00e4hrst \u2013 Cruiser, Mountainbike oder Rennrad \u2013 dieser Fahrradwagen ist die perfekte L\u00f6sung. Ob f\u00fcr den Wocheneinkauf oder Wochenendausfl\u00fcge, er ist dein idealer Transportbegleiter.<\/div>\n<\/div>\n<div style=\"margin:16px 0px 24px;margin-bottom:24px;margin-top:16px;margin-left:0px;margin-right:0px\"><\/div>\n<div style=\"margin:24px 0px;margin-bottom:24px;margin-top:24px;margin-left:0px;margin-right:0px\">\n<div style=\"font-size:16px;font-weight:bold;color:rgb(34, 34, 34);margin:24px 0px 16px;margin-bottom:16px;margin-top:24px;margin-left:0px;margin-right:0px\">Funktionen und Details<\/div>\n<ul style=\"margin:16px 0px 24px;margin-bottom:24px;margin-top:16px;margin-left:0px;margin-right:0px\">\n<li style=\"font-size:14px;color:rgb(34, 34, 34)\">\n<p>Hohe Tragf\u00e4higkeit von 45 kg: Unser Fahrradanh\u00e4nger ist der ideale Reisebegleiter. Er ist robust gebaut und bietet viel Platz f\u00fcr bis zu 45 kg Gep\u00e4ck. Perfekt f\u00fcr all Ihre Outdoor-Abenteuer, vom Campingurlaub bis zum Picknick \u2013 die ideale L\u00f6sung, um Ihre wichtigsten Utensilien \u00fcberallhin mitzunehmen.<\/p>\n<\/li>\n<li style=\"font-size:14px;color:rgb(34, 34, 34)\">\n<p>Hochwertige Materialien: Der Fahrradanh\u00e4nger ist aus robusten Materialien in Industriequalit\u00e4t gefertigt und verf\u00fcgt \u00fcber einen stabilen Rahmen aus Aluminiumlegierung mit pulverbeschichteter Oberfl\u00e4che f\u00fcr optimalen Rostschutz. Diese Konstruktion garantiert dauerhafte Sauberkeit und ein ansprechendes Erscheinungsbild sowie Stabilit\u00e4t und Langlebigkeit.<\/p>\n<\/li>\n<li style=\"font-size:14px;color:rgb(34, 34, 34)\">\n<p>Professionelles Reifendesign: Gleiten Sie sanft auf jedem Untergrund! Unser Fahrradanh\u00e4nger ist mit sportlichen 16&quot; x 1,75&quot;-Reifen und Eisennaben ausgestattet, die hervorragende Stabilit\u00e4t und Traktion auf verschiedenen Oberfl\u00e4chen bieten, egal ob Sie auf Beton fahren, Schotterwege befahren oder sandige Pfade bew\u00e4ltigen.<\/p>\n<\/li>\n<li style=\"font-size:14px;color:rgb(34, 34, 34)\">\n<p>Verbesserte Installation: Einfache Montage, erh\u00f6hte Sicherheit! Dank des benutzerfreundlichen Designs und des kompletten Montagesets ist die Installation unseres Fahrradwagens kinderleicht. Goldfarbene Speichenreflektoren sorgen zudem f\u00fcr optimale Sichtbarkeit bei Nachtfahrten.<\/p>\n<\/li>\n<li style=\"font-size:14px;color:rgb(34, 34, 34)\">\n<p>Passend f\u00fcr verschiedene Fahrradmodelle: Unser Fahrradwagen ist mit Fahrr\u00e4dern von 22 bis 28 Zoll kompatibel und l\u00e4sst sich problemlos an verschiedene Fahrradmodelle anbringen, darunter Freizeitr\u00e4der, Kinderfahrr\u00e4der, Mountainbikes und Rennr\u00e4der. Ideal zum Einkaufen, Campen und Picknicken. HINWEIS: Nicht f\u00fcr Haustiere oder Kinder geeignet.<\/p>\n<\/li>\n<\/ul>\n<\/div>\n<div>\n<div>\n<div style=\"margin:16px 0px 24px;margin-bottom:24px;margin-top:16px;margin-left:0px;margin-right:0px\"><img decoding=\"async\" style=\"width:100%\" width=\"100%\" src=\"https:\/\/d2qc09rl1gfuof.cloudfront.net\/product\/CGKHZLHJ100BHMDBA\/cargo-trailer-a100-1.11.jpg\" slate-data-type=\"image\"\/><\/div>\n<\/div>\n<\/div>\n<\/div>\n<\/div>\n<\/div>\n<p><\/p>","protected":false},"excerpt":{"rendered":"<p>Hign-concerned Chemical:&nbsp;None Seat position:&nbsp;POST Material:&nbsp;Metal Age Range:&nbsp;3-6Y Origin:&nbsp;Mainland China Max Load Capacity:&nbsp;100 lbs\/45 kg Transport Box Size:&nbsp;30.1 x 21.9 x 7.9 inches\/765 x 555 x 200 mm Mounting Position:&nbsp;Rear Axle<\/p>","protected":false},"featured_media":25556,"comment_status":"open","ping_status":"closed","template":"","meta":{"_acf_changed":false},"product_brand":[],"product_cat":[523],"product_tag":[],"class_list":{"0":"post-25555","1":"product","2":"type-product","3":"status-publish","4":"has-post-thumbnail","6":"product_cat-bike-trailers-and-wagons","8":"first","9":"instock","10":"shipping-taxable","11":"purchasable","12":"product-type-variable"},"acf":[],"_links":{"self":[{"href":"https:\/\/www.electricstore.eu\/de\/wp-json\/wp\/v2\/product\/25555","targetHints":{"allow":["GET"]}}],"collection":[{"href":"https:\/\/www.electricstore.eu\/de\/wp-json\/wp\/v2\/product"}],"about":[{"href":"https:\/\/www.electricstore.eu\/de\/wp-json\/wp\/v2\/types\/product"}],"replies":[{"embeddable":true,"href":"https:\/\/www.electricstore.eu\/de\/wp-json\/wp\/v2\/comments?post=25555"}],"wp:featuredmedia":[{"embeddable":true,"href":"https:\/\/www.electricstore.eu\/de\/wp-json\/wp\/v2\/media\/25556"}],"wp:attachment":[{"href":"https:\/\/www.electricstore.eu\/de\/wp-json\/wp\/v2\/media?parent=25555"}],"wp:term":[{"taxonomy":"product_brand","embeddable":true,"href":"https:\/\/www.electricstore.eu\/de\/wp-json\/wp\/v2\/product_brand?post=25555"},{"taxonomy":"product_cat","embeddable":true,"href":"https:\/\/www.electricstore.eu\/de\/wp-json\/wp\/v2\/product_cat?post=25555"},{"taxonomy":"product_tag","embeddable":true,"href":"https:\/\/www.electricstore.eu\/de\/wp-json\/wp\/v2\/product_tag?post=25555"}],"curies":[{"name":"wp","href":"https:\/\/api.w.org\/{rel}","templated":true}]}}