{"id":25461,"date":"2025-05-20T18:59:30","date_gmt":"2025-05-20T18:59:30","guid":{"rendered":"https:\/\/electricstore.eu\/p\/uncategorized\/vevor-rc-plane-2-4g-4ch-remote-control-airplane-with-6-axis-gyro-stabilizer-aircraft-toy-rc-glider-for-kids-beginners-boys-gifts\/"},"modified":"2025-05-20T19:02:57","modified_gmt":"2025-05-20T19:02:57","slug":"vevor-rc-plane-2-4g-4ch-remote-control-airplane-with-6-axis-gyro-stabilizer-aircraft-toy-rc-glider-for-kids-beginners-boys-gifts","status":"publish","type":"product","link":"https:\/\/www.electricstore.eu\/de\/p\/rc\/rc-cars\/vevor-rc-plane-2-4g-4ch-remote-control-airplane-with-6-axis-gyro-stabilizer-aircraft-toy-rc-glider-for-kids-beginners-boys-gifts\/","title":{"rendered":"VEVOR RC-Flugzeug, 2,4 G, 4-Kanal-Fernbedienungsflugzeug mit 6-Achsen-Gyro-Stabilisator, Flugzeugspielzeug, RC-Segelflugzeug f\u00fcr Kinder, Anf\u00e4nger, Jungen, Geschenke"},"content":{"rendered":"<div class=\"product-specs-list-container\">\n<ul class=\"product-specs-list util-clearfix\">\n<li class=\"product-prop line-limit-length\"><span\n                                        class=\"property-title\">Hochgef\u00e4hrliche Chemikalie:&nbsp;<\/span><span\n                                        class=\"property-desc line-limit-length\">Keiner<\/span>\n                            <\/li>\n<li class=\"product-prop line-limit-length\"><span\n                                        class=\"property-title\">Ist elektrisch:&nbsp;<\/span><span\n                                        class=\"property-desc line-limit-length\">Keine Batterie<\/span>\n                            <\/li>\n<li class=\"product-prop line-limit-length\"><span\n                                        class=\"property-title\">Windschutzf\u00e4higkeit:&nbsp;<\/span><span\n                                        class=\"property-desc line-limit-length\">Ja<\/span>\n                            <\/li>\n<li class=\"product-prop line-limit-length\"><span\n                                        class=\"property-title\">Drohnengewicht:&nbsp;<\/span><span\n                                        class=\"property-desc line-limit-length\">\/<\/span>\n                            <\/li>\n<li class=\"product-prop line-limit-length\"><span\n                                        class=\"property-title\">Startgewicht:&nbsp;<\/span><span\n                                        class=\"property-desc line-limit-length\">\/<\/span>\n                            <\/li>\n<li class=\"product-prop line-limit-length\"><span\n                                        class=\"property-title\">Transitzeit (Tage):&nbsp;<\/span><span\n                                        class=\"property-desc line-limit-length\">\/<\/span>\n                            <\/li>\n<li class=\"product-prop line-limit-length\"><span\n                                        class=\"property-title\">Videoaufnahmeaufl\u00f6sung:&nbsp;<\/span><span\n                                        class=\"property-desc line-limit-length\">andere<\/span>\n                            <\/li>\n<li class=\"product-prop line-limit-length\"><span\n                                        class=\"property-title\">Bedienerqualifikationsniveau:&nbsp;<\/span><span\n                                        class=\"property-desc line-limit-length\">Anf\u00e4nger<\/span>\n                            <\/li>\n<li class=\"product-prop line-limit-length\"><span\n                                        class=\"property-title\">F\u00fcr den Innen- und Au\u00dfenbereich geeignet:&nbsp;<\/span><span\n                                        class=\"property-desc line-limit-length\">Im Freien<\/span>\n                            <\/li>\n<li class=\"product-prop line-limit-length\"><span\n                                        class=\"property-title\">Kamerahalterungstyp:&nbsp;<\/span><span\n                                        class=\"property-desc line-limit-length\">andere<\/span>\n                            <\/li>\n<li class=\"product-prop line-limit-length\"><span\n                                        class=\"property-title\">Barcode:&nbsp;<\/span><span\n                                        class=\"property-desc line-limit-length\">NEIN<\/span>\n                            <\/li>\n<li class=\"product-prop line-limit-length\"><span\n                                        class=\"property-title\">Modellnummer:&nbsp;<\/span><span\n                                        class=\"property-desc line-limit-length\">A210<\/span>\n                            <\/li>\n<li class=\"product-prop line-limit-length\"><span\n                                        class=\"property-title\">Controller-Modus:&nbsp;<\/span><span\n                                        class=\"property-desc line-limit-length\">MODUS 1<\/span>\n                            <\/li>\n<li class=\"product-prop line-limit-length\"><span\n                                        class=\"property-title\">Flugzeit:&nbsp;<\/span><span\n                                        class=\"property-desc line-limit-length\">5~10<\/span>\n                            <\/li>\n<li class=\"product-prop line-limit-length\"><span\n                                        class=\"property-title\">Steuerkan\u00e4le:&nbsp;<\/span><span\n                                        class=\"property-desc line-limit-length\">4 Kan\u00e4le<\/span>\n                            <\/li>\n<li class=\"product-prop line-limit-length\"><span\n                                        class=\"property-title\">Controller-Batterie:&nbsp;<\/span><span\n                                        class=\"property-desc line-limit-length\">4*AA (nicht enthalten)<\/span>\n                            <\/li>\n<li class=\"product-prop line-limit-length\"><span\n                                        class=\"property-title\">Ferndistanz:&nbsp;<\/span><span\n                                        class=\"property-desc line-limit-length\">200 m<\/span>\n                            <\/li>\n<li class=\"product-prop line-limit-length\"><span\n                                        class=\"property-title\">Ladezeit:&nbsp;<\/span><span\n                                        class=\"property-desc line-limit-length\">60-70 Minuten<\/span>\n                            <\/li>\n<li class=\"product-prop line-limit-length\"><span\n                                        class=\"property-title\">Ladespannung:&nbsp;<\/span><span\n                                        class=\"property-desc line-limit-length\">5 V<\/span>\n                            <\/li>\n<li class=\"product-prop line-limit-length\"><span\n                                        class=\"property-title\">Stromquelle:&nbsp;<\/span><span\n                                        class=\"property-desc line-limit-length\">Elektrisch<\/span>\n                            <\/li>\n<li class=\"product-prop line-limit-length\"><span\n                                        class=\"property-title\">Fernbedienung:&nbsp;<\/span><span\n                                        class=\"property-desc line-limit-length\">Ja<\/span>\n                            <\/li>\n<li class=\"product-prop line-limit-length\"><span\n                                        class=\"property-title\">Paket beinhaltet:&nbsp;<\/span><span\n                                        class=\"property-desc line-limit-length\">Fernbedienung<\/span>\n                            <\/li>\n<li class=\"product-prop line-limit-length\"><span\n                                        class=\"property-title\">Material:&nbsp;<\/span><span\n                                        class=\"property-desc line-limit-length\">Schaum<\/span>\n                            <\/li>\n<li class=\"product-prop line-limit-length\"><span\n                                        class=\"property-title\">Merkmale:&nbsp;<\/span><span\n                                        class=\"property-desc line-limit-length\">andere<\/span>\n                            <\/li>\n<li class=\"product-prop line-limit-length\"><span\n                                        class=\"property-title\">Empfohlenes Alter:&nbsp;<\/span><span\n                                        class=\"property-desc line-limit-length\">14+ Jahre<\/span>\n                            <\/li>\n<li class=\"product-prop line-limit-length\"><span\n                                        class=\"property-title\">Herkunft:&nbsp;<\/span><span\n                                        class=\"property-desc line-limit-length\">Festlandchina<\/span>\n                            <\/li>\n<li class=\"product-prop line-limit-length\"><span\n                                        class=\"property-title\">Luftaufnahmen:&nbsp;<\/span><span\n                                        class=\"property-desc line-limit-length\">NEIN<\/span>\n                            <\/li>\n<li class=\"product-prop line-limit-length\"><span\n                                        class=\"property-title\">Typ:&nbsp;<\/span><span\n                                        class=\"property-desc line-limit-length\">Flugzeug<\/span>\n                            <\/li>\n<\/ul><\/div>\n<div class=\"detailmodule_html\">\n<div class=\"detail-desc-decorate-richtext\">\n<div style=\"font-family:&quot;Open sans&quot;, Arial, Helvetica, sans-serif\">\n<div><img decoding=\"async\" style=\"width:100%\" width=\"100%\" src=\"https:\/\/d2qc09rl1gfuof.cloudfront.net\/vevor\/boutique-banner\/pc\/banner-en.jpg\" slate-data-type=\"image\"\/><\/div>\n<div>\n<div style=\"font-size:16px;font-weight:bold;text-align:center;color:rgb(34, 34, 34);margin:24px 0px;margin-bottom:24px;margin-top:24px;margin-left:0px;margin-right:0px\" align=\"center\">VEVOR RC-Flugzeug \u2013 Beherrsche den Himmel mit Spa\u00df<\/div>\n<div><img decoding=\"async\" style=\"width:100%\" width=\"100%\" src=\"https:\/\/d2qc09rl1gfuof.cloudfront.net\/product\/YKFJFJSTD40CYM1PO\/rc-airplane-a100-1.4-pt.jpg\" slate-data-type=\"image\"\/><\/div>\n<div style=\"font-size:14px;text-align:center;color:rgb(34, 34, 34);margin:16px 0px 24px;margin-bottom:24px;margin-top:16px;margin-left:0px;margin-right:0px\" align=\"center\">Wir pr\u00e4sentieren ein ferngesteuertes Flugzeug f\u00fcr gemeinsamen Flugspa\u00df mit Gro\u00df und Klein. Es ist kinderleicht zu fliegen \u2013 Kinder steuern es schon nach wenigen Stunden \u00dcbung souver\u00e4n. Das realistische Design sorgt f\u00fcr noch mehr Flugvergn\u00fcgen.<\/div>\n<\/div>\n<div>\n<div style=\"margin:8px 0px;margin-bottom:8px;margin-top:8px;margin-left:0px;margin-right:0px\"><img decoding=\"async\" style=\"width:100%\" width=\"100%\" src=\"https:\/\/d2qc09rl1gfuof.cloudfront.net\/product\/YKFJFJSTD40CYM1PO\/rc-airplane-a100-2.2-pt.jpg\" slate-data-type=\"image\"\/><\/div>\n<div style=\"font-size:14px;text-align:center;color:rgb(34, 34, 34);margin:16px 0px 24px;margin-bottom:24px;margin-top:16px;margin-left:0px;margin-right:0px\" align=\"center\">Dieses ferngesteuerte Flugzeug bietet dank seines 4-Kanal-Systems und der 3D\/6G-Modi vielf\u00e4ltige Stuntm\u00f6glichkeiten. Rollen, R\u00fcckenfl\u00fcge und vieles mehr lassen sich mit der einfachen Ein-Knopf-Steuerung m\u00fchelos ausf\u00fchren \u2013 so gelingt es Ihnen und Ihren Kindern im Handumdrehen.<\/div>\n<\/div>\n<div>\n<div style=\"margin:8px 0px;margin-bottom:8px;margin-top:8px;margin-left:0px;margin-right:0px\"><img decoding=\"async\" style=\"width:100%\" width=\"100%\" src=\"https:\/\/d2qc09rl1gfuof.cloudfront.net\/product\/YKFJFJSTD40CYM1PO\/rc-airplane-a100-2.3-pt.jpg\" slate-data-type=\"image\"\/><\/div>\n<div style=\"font-size:14px;text-align:center;color:rgb(34, 34, 34);margin:16px 0px 24px;margin-bottom:24px;margin-top:16px;margin-left:0px;margin-right:0px\" align=\"center\">Ausgestattet mit einem 6-Achsen-Gyrostabilisator, gew\u00e4hrleistet dieses ferngesteuerte Flugzeug einen stabilen Flug bei Kunstflugman\u00f6vern. Es warnt Sie bei niedrigem Akkustand und au\u00dferhalb der Reichweite und sorgt so jederzeit f\u00fcr sichere und kontrollierte Fl\u00fcge.<\/div>\n<\/div>\n<div>\n<div style=\"margin:8px 0px;margin-bottom:8px;margin-top:8px;margin-left:0px;margin-right:0px\"><img decoding=\"async\" style=\"width:100%\" width=\"100%\" src=\"https:\/\/d2qc09rl1gfuof.cloudfront.net\/product\/YKFJFJSTD40CYM1PO\/rc-airplane-a100-2.4-pt.jpg\" slate-data-type=\"image\"\/><\/div>\n<div style=\"font-size:14px;text-align:center;color:rgb(34, 34, 34);margin:16px 0px 24px;margin-bottom:24px;margin-top:16px;margin-left:0px;margin-right:0px\" align=\"center\">Starts gelingen kinderleicht. Einfach die Fernbedienung mit einer Hand greifen, Gas geben und das ferngesteuerte Flugzeug geradeaus starten. Oder: Auf einer glatten Oberfl\u00e4che platzieren, f\u00fcr einen 10-Meter-Gleitflug Gas geben und zusehen, wie es abhebt.<\/div>\n<\/div>\n<div>\n<div style=\"margin:8px 0px;margin-bottom:8px;margin-top:8px;margin-left:0px;margin-right:0px\"><img decoding=\"async\" style=\"width:100%\" width=\"100%\" src=\"https:\/\/d2qc09rl1gfuof.cloudfront.net\/product\/YKFJFJSTD40CYM1PO\/rc-airplane-a100-2.5-pt.jpg\" slate-data-type=\"image\"\/><\/div>\n<div style=\"font-size:14px;text-align:center;color:rgb(34, 34, 34);margin:16px 0px 24px;margin-bottom:24px;margin-top:16px;margin-left:0px;margin-right:0px\" align=\"center\">Dieses RC-Einsteigerflugzeug enth\u00e4lt Ersatzakkus und -propeller f\u00fcr ungetr\u00fcbten Flugspa\u00df. Ein Teil verloren? Kein Problem \u2013 einfach sofort ersetzen, ohne dass es zu einer Unterbrechung kommt.<\/div>\n<\/div>\n<div style=\"margin:16px 0px 24px;margin-bottom:24px;margin-top:16px;margin-left:0px;margin-right:0px\"><\/div>\n<div style=\"margin:24px 0px;margin-bottom:24px;margin-top:24px;margin-left:0px;margin-right:0px\">\n<div style=\"font-size:16px;font-weight:bold;color:rgb(34, 34, 34);margin:24px 0px 16px;margin-bottom:16px;margin-top:24px;margin-left:0px;margin-right:0px\">Funktionen und Details<\/div>\n<ul style=\"margin:16px 0px 24px;margin-bottom:24px;margin-top:16px;margin-left:0px;margin-right:0px\">\n<li style=\"font-size:14px;color:rgb(34, 34, 34)\">\n<p>Vielseitige 4-Kanal-Steuerung: Dieses RC-Flugzeug funktioniert wie ein echtes Flugzeug mit vollst\u00e4ndiger 4-Kanal-Steuerung: Propeller, Seitenruder, H\u00f6henruder und Querruder. Steuern Sie alle vier m\u00fchelos mit der kabellosen Fernbedienung. Ideal f\u00fcr Bodenman\u00f6ver mit Gas und Seitenruder vor dem Start. Genie\u00dfen Sie einfache Stunts wie Rollen, \u00dcberschl\u00e4ge, Loopings und R\u00fcckenfl\u00fcge mit den 3D\/6G-Modi \u2013 ein Flugvergn\u00fcgen f\u00fcr Anf\u00e4nger und Profis gleicherma\u00dfen.<\/p>\n<\/li>\n<li style=\"font-size:14px;color:rgb(34, 34, 34)\">\n<p>Leicht und robust: Unser RC-Flugzeug ist aus hochwertigem EPP-Material gefertigt und daher leicht, aber dennoch widerstandsf\u00e4hig genug, um St\u00f6\u00dfe und Abst\u00fcrze problemlos zu \u00fcberstehen. Die stabile Konstruktion sorgt f\u00fcr Langlebigkeit und gew\u00e4hrleistet, dass es den Witterungseinfl\u00fcssen im Freien standh\u00e4lt, ohne dass st\u00e4ndige Reparaturen n\u00f6tig sind.<\/p>\n<\/li>\n<li style=\"font-size:14px;color:rgb(34, 34, 34)\">\n<p>Stabiles Flugerlebnis: Erleben Sie Flugstabilit\u00e4t dank des fortschrittlichen 6-Achsen-Gyrostabilisators und des leistungsstarken 1020-Motors mit optimierter Untersetzung. Steuern Sie mehrere Flugzeuge gleichzeitig st\u00f6rungsfrei dank des zuverl\u00e4ssigen 2,4-GHz-Funksystems. Ideal f\u00fcr spektakul\u00e4re Flugman\u00f6ver bei freundschaftlichen Wettk\u00e4mpfen mit Freunden und Familie.<\/p>\n<\/li>\n<li style=\"font-size:14px;color:rgb(34, 34, 34)\">\n<p>Erweiterte Flugreichweite: Mit einer maximalen Reichweite von 200 m warnt Sie dieses ferngesteuerte Flugzeug, wenn Sie diese Reichweite \u00fcberschreiten, und meldet einen niedrigen Akkustand f\u00fcr eine sichere R\u00fcckkehr. Zwei 500-mAh-Akkus erm\u00f6glichen bis zu 20 Minuten Flugzeit und garantieren so ungest\u00f6rten Flugspa\u00df ohne h\u00e4ufiges Aufladen oder Verz\u00f6gerungen.<\/p>\n<\/li>\n<li style=\"font-size:14px;color:rgb(34, 34, 34)\">\n<p>Flugspa\u00df leicht gemacht: Unser ferngesteuertes Flugzeug ist kinderleicht zu fliegen und bietet interaktiven Flugspa\u00df f\u00fcr Gro\u00df und Klein. Ein integrierter 6-Achsen-Gyrostabilisator sorgt f\u00fcr stabile Fl\u00fcge. Schon nach wenigen \u00dcbungseinheiten fliegen Kinder sicher und souver\u00e4n. Ideal f\u00fcr Erwachsene, Kinder, Anf\u00e4nger und alle, die sich f\u00fcr die Faszination der Luftfahrt begeistern. Ersatzteile wie Akkus und Propeller garantieren ununterbrochenen Flugspa\u00df.<\/p>\n<\/li>\n<\/ul>\n<\/div>\n<div>\n<div>\n<div style=\"margin:16px 0px 24px;margin-bottom:24px;margin-top:16px;margin-left:0px;margin-right:0px\"><img decoding=\"async\" style=\"width:100%\" width=\"100%\" src=\"https:\/\/d2qc09rl1gfuof.cloudfront.net\/product\/YKFJFJSTD40CYM1PO\/rc-airplane-a100-1.11-pt.jpg\" slate-data-type=\"image\"\/><\/div>\n<\/div>\n<\/div>\n<\/div>\n<div><\/div>\n<\/div>\n<\/div>\n<p><\/p>","protected":false},"excerpt":{"rendered":"<p>Hign-concerned Chemical:&nbsp;None Is Electric:&nbsp;No battery Anti-wind Ability:&nbsp;Yes Drone Weight:&nbsp;\/ Takeoff Weight:&nbsp;\/ Transit Time (Days):&nbsp;\/ Video Capture Resolution:&nbsp;other Operator Skill Level:&nbsp;Beginner Indoor\/Outdoor Use:&nbsp;Outdoor Camera Mount Type:&nbsp;other Barcode:&nbsp;No Model Number:&nbsp;A210 Controller Mode:&nbsp;MODE1<\/p>","protected":false},"featured_media":25462,"comment_status":"open","ping_status":"closed","template":"","meta":{"_acf_changed":false},"product_brand":[],"product_cat":[519],"product_tag":[],"class_list":{"0":"post-25461","1":"product","2":"type-product","3":"status-publish","4":"has-post-thumbnail","6":"product_cat-rc-cars","8":"first","9":"instock","10":"shipping-taxable","11":"purchasable","12":"product-type-variable"},"acf":[],"_links":{"self":[{"href":"https:\/\/www.electricstore.eu\/de\/wp-json\/wp\/v2\/product\/25461","targetHints":{"allow":["GET"]}}],"collection":[{"href":"https:\/\/www.electricstore.eu\/de\/wp-json\/wp\/v2\/product"}],"about":[{"href":"https:\/\/www.electricstore.eu\/de\/wp-json\/wp\/v2\/types\/product"}],"replies":[{"embeddable":true,"href":"https:\/\/www.electricstore.eu\/de\/wp-json\/wp\/v2\/comments?post=25461"}],"wp:featuredmedia":[{"embeddable":true,"href":"https:\/\/www.electricstore.eu\/de\/wp-json\/wp\/v2\/media\/25462"}],"wp:attachment":[{"href":"https:\/\/www.electricstore.eu\/de\/wp-json\/wp\/v2\/media?parent=25461"}],"wp:term":[{"taxonomy":"product_brand","embeddable":true,"href":"https:\/\/www.electricstore.eu\/de\/wp-json\/wp\/v2\/product_brand?post=25461"},{"taxonomy":"product_cat","embeddable":true,"href":"https:\/\/www.electricstore.eu\/de\/wp-json\/wp\/v2\/product_cat?post=25461"},{"taxonomy":"product_tag","embeddable":true,"href":"https:\/\/www.electricstore.eu\/de\/wp-json\/wp\/v2\/product_tag?post=25461"}],"curies":[{"name":"wp","href":"https:\/\/api.w.org\/{rel}","templated":true}]}}