{"id":25366,"date":"2025-05-20T18:58:54","date_gmt":"2025-05-20T18:58:54","guid":{"rendered":"https:\/\/electricstore.eu\/p\/uncategorized\/vevor-4500lbs-atv-utv-electric-winch-nylon-steel-rope-winch-with-wireless-wired-remote-for-truck-car-towing-jeep-off-road-suv\/"},"modified":"2025-05-20T19:00:46","modified_gmt":"2025-05-20T19:00:46","slug":"vevor-4500lbs-atv-utv-electric-winch-nylon-steel-rope-winch-with-wireless-wired-remote-for-truck-car-towing-jeep-off-road-suv","status":"publish","type":"product","link":"https:\/\/www.electricstore.eu\/de\/p\/o\/electric-winches\/vevor-4500lbs-atv-utv-electric-winch-nylon-steel-rope-winch-with-wireless-wired-remote-for-truck-car-towing-jeep-off-road-suv\/","title":{"rendered":"VEVOR 4500 lbs ATV\/UTV Elektrowinde mit Nylon-\/Stahlseil und kabelloser\/kabelgebundener Fernbedienung zum Abschleppen von LKW, PKW, Jeep, Gel\u00e4ndewagen und SUV"},"content":{"rendered":"<div class=\"product-specs-list-container\">\n<ul class=\"product-specs-list util-clearfix\">\n<li class=\"product-prop line-limit-length\"><span\n                                        class=\"property-title\">Hochgef\u00e4hrliche Chemikalie:&nbsp;<\/span><span\n                                        class=\"property-desc line-limit-length\">Keiner<\/span>\n                            <\/li>\n<li class=\"product-prop line-limit-length\"><span\n                                        class=\"property-title\">Herkunft:&nbsp;<\/span><span\n                                        class=\"property-desc line-limit-length\">Festlandchina<\/span>\n                            <\/li>\n<li class=\"product-prop line-limit-length\"><span\n                                        class=\"property-title\">Markenname:&nbsp;<\/span><span\n                                        class=\"property-desc line-limit-length\">VEVOR<\/span>\n                            <\/li>\n<li class=\"product-prop line-limit-length\"><span\n                                        class=\"property-title\">Typ:&nbsp;<\/span><span\n                                        class=\"property-desc line-limit-length\">Leistung<\/span>\n                            <\/li>\n<\/ul><\/div>\n<div class=\"detailmodule_html\">\n<div class=\"detail-desc-decorate-richtext\">\n<div><\/div>\n<div style=\"font-family:&quot;Open sans&quot;, Arial, Helvetica, sans-serif\">\n<div style=\"font-family:&quot;Open sans&quot;, Arial, Helvetica, sans-serif\"><img decoding=\"async\" style=\"width:100%\" width=\"100%\" src=\"https:\/\/d2qc09rl1gfuof.cloudfront.net\/vevor\/boutique-banner\/pc\/banner-en.jpg\" slate-data-type=\"image\"\/><\/div>\n<div style=\"font-family:&quot;Open sans&quot;, Arial, Helvetica, sans-serif\">\n<div style=\"font-size:16px;font-weight:bold;text-align:center;color:rgb(34, 34, 34);margin:24px 0px;margin-bottom:24px;margin-top:24px;margin-left:0px;margin-right:0px\" align=\"center\">Damit Sie nicht stecken bleiben, besorgen Sie sich eine elektrische Seilwinde von VEVOR!<\/div>\n<div><img decoding=\"async\" style=\"width:100%\" width=\"100%\" src=\"https:\/\/d2qc09rl1gfuof.cloudfront.net\/product\/HCSJPHCSYCYCA93Y0\/electric-winch-a100-1.4.jpg\" slate-data-type=\"image\"\/><\/div>\n<div style=\"font-size:14px;text-align:center;color:rgb(34, 34, 34);margin:16px 0px 24px;margin-bottom:24px;margin-top:16px;margin-left:0px;margin-right:0px\" align=\"center\">Unsere elektrische Seilwinde ist mit einem leistungsstarken Kupfermotor f\u00fcr zuverl\u00e4ssige Leistung ausgestattet. Dank der kabellosen Fernbedienung l\u00e4sst sie sich bequem aus der Ferne bedienen. Die Seilwinde ist absolut wasserdicht und somit ideal f\u00fcr den Einsatz im Freien geeignet. Das hochwertige Kabel ist besonders robust und langlebig.<\/div>\n<\/div>\n<div style=\"font-family:&quot;Open sans&quot;, Arial, Helvetica, sans-serif\">\n<div style=\"margin:8px 0px;margin-bottom:8px;margin-top:8px;margin-left:0px;margin-right:0px\"><img decoding=\"async\" style=\"width:100%\" width=\"100%\" src=\"https:\/\/d2qc09rl1gfuof.cloudfront.net\/product\/HCSJPHCSYCYCA93Y0\/electric-winch-a100-2.2.jpg\" slate-data-type=\"image\"\/><\/div>\n<div style=\"font-size:14px;text-align:center;color:rgb(34, 34, 34);margin:16px 0px 24px;margin-bottom:24px;margin-top:16px;margin-left:0px;margin-right:0px\" align=\"center\">Sie verf\u00fcgt \u00fcber einen leistungsstarken 12-V-Reinkupfermotor mit extrem hoher Leistung und ist somit ideal f\u00fcr den t\u00e4glichen Einsatz bei Offroad-Eins\u00e4tzen. Das pr\u00e4zise 3-stufige Planetengetriebe erm\u00f6glicht einen stabilen Dauerbetrieb und ist mit einem Freilaufkupplungssystem ausgestattet.<\/div>\n<\/div>\n<div style=\"font-family:&quot;Open sans&quot;, Arial, Helvetica, sans-serif\">\n<div style=\"margin:8px 0px;margin-bottom:8px;margin-top:8px;margin-left:0px;margin-right:0px\"><img decoding=\"async\" style=\"width:100%\" width=\"100%\" src=\"https:\/\/d2qc09rl1gfuof.cloudfront.net\/product\/HCSJPHCSYCYCA93Y0\/electric-winch-a100-2.3.jpg\" slate-data-type=\"image\"\/><\/div>\n<div style=\"font-size:14px;text-align:center;color:rgb(34, 34, 34);margin:16px 0px 24px;margin-bottom:24px;margin-top:16px;margin-left:0px;margin-right:0px\" align=\"center\">Diese elektrische Seilwinde ist wasserdicht und bew\u00e4ltigt m\u00fchelos auch anspruchsvolle Au\u00dfenbedingungen. Schlamm, Regenst\u00fcrme und Schnee trotzen ihr nicht.<\/div>\n<\/div>\n<div style=\"font-family:&quot;Open sans&quot;, Arial, Helvetica, sans-serif\">\n<div style=\"margin:8px 0px;margin-bottom:8px;margin-top:8px;margin-left:0px;margin-right:0px\"><img decoding=\"async\" style=\"width:100%\" width=\"100%\" src=\"https:\/\/d2qc09rl1gfuof.cloudfront.net\/product\/HCSJPHCSYCYCA93Y0\/electric-winch-a100-2.4.jpg\" slate-data-type=\"image\"\/><\/div>\n<div style=\"font-size:14px;text-align:center;color:rgb(34, 34, 34);margin:16px 0px 24px;margin-bottom:24px;margin-top:16px;margin-left:0px;margin-right:0px\" align=\"center\">Nylonseil: Hergestellt aus UHMWPE-Material, 12-str\u00e4ngig, leicht, sinkt nicht und ist hautfreundlich. Die letzten 5 Windungen sind rot markiert und somit auch aus gro\u00dfer Entfernung gut sichtbar.<\/div>\n<\/div>\n<div style=\"font-family:&quot;Open sans&quot;, Arial, Helvetica, sans-serif\">\n<div style=\"margin:8px 0px;margin-bottom:8px;margin-top:8px;margin-left:0px;margin-right:0px\"><img decoding=\"async\" style=\"width:100%\" width=\"100%\" src=\"https:\/\/d2qc09rl1gfuof.cloudfront.net\/product\/HCSJPHCSYCYCA93Y0\/electric-winch-a100-2.5.jpg\" slate-data-type=\"image\"\/><\/div>\n<div style=\"font-size:14px;text-align:center;color:rgb(34, 34, 34);margin:16px 0px 24px;margin-bottom:24px;margin-top:16px;margin-left:0px;margin-right:0px\" align=\"center\">Es eignet sich f\u00fcr ATVs. Die starke Zugkraft sorgt f\u00fcr Sicherheit bei jeder Fahrt.<\/div>\n<\/div>\n<div style=\"margin:16px 0px 24px;margin-bottom:24px;margin-top:16px;margin-left:0px;margin-right:0px\"><\/div>\n<div style=\"margin:24px 0px;margin-bottom:24px;margin-top:24px;margin-left:0px;margin-right:0px\">\n<div style=\"font-size:16px;font-weight:bold;color:rgb(34, 34, 34);margin:24px 0px 16px;margin-bottom:16px;margin-top:24px;margin-left:0px;margin-right:0px\">Funktionen und Details<\/div>\n<ul style=\"margin:16px 0px 24px;margin-bottom:24px;margin-top:16px;margin-left:0px;margin-right:0px\">\n<li style=\"font-size:14px;color:rgb(34, 34, 34)\">\n<p>Reinkupfermotor: Unsere elektrische Seilwinde ist mit einem leistungsstarken 12-V-Reinkupfermotor mit extrem hoher Leistung ausgestattet und begleitet Sie t\u00e4glich bei Bergungsarbeiten im Gel\u00e4nde. Das pr\u00e4zise 3-stufige Planetengetriebe sorgt zudem f\u00fcr einen dauerhaft stabilen Betrieb der Winde.<\/p>\n<\/li>\n<li style=\"font-size:14px;color:rgb(34, 34, 34)\">\n<p>IP55 Wasserdicht: Diese Seilwinde ist nach IP55 wasserdicht und meistert problemlos anspruchsvolle Au\u00dfenbedingungen. Dank dieser Eigenschaft trotzt sie Schlamm, Regensturm und Schnee.<\/p>\n<\/li>\n<li style=\"font-size:14px;color:rgb(34, 34, 34)\">\n<p>Geeignet f\u00fcr verschiedene Fahrzeugtypen: Es ist f\u00fcr ATVs geeignet. Die starke Zugkraft sorgt f\u00fcr Sicherheit bei jeder Fahrt.<\/p>\n<\/li>\n<li style=\"font-size:14px;color:rgb(34, 34, 34)\">\n<p>Hochwertiges Kabel: Dank des gro\u00dfen Durchmessers besteht keine Gefahr eines Kabelbruchs. Zus\u00e4tzlich ist das Kabel an den letzten f\u00fcnf Windungen mit roten Warnmarkierungen versehen, die auch aus gro\u00dfer Entfernung gut sichtbar sind.<\/p>\n<\/li>\n<li style=\"font-size:14px;color:rgb(34, 34, 34)\">\n<p>Drahtlose Steuerung: Dank der drahtlosen Funktion wird die Bedienung nicht durch Kabel beeintr\u00e4chtigt. Zudem kann das Ger\u00e4t von einer einzelnen Person bedient werden, um sich selbst aus festgefahrenen Fahrzeugen zu befreien, ohne Angst davor haben zu m\u00fcssen.<\/p>\n<\/li>\n<\/ul>\n<\/div>\n<div>\n<div>\u00a0<\/div>\n<div>\n<div><strong>Nylonseil<\/strong><\/div>\n<div style=\"margin:16px 0px 24px;margin-bottom:24px;margin-top:16px;margin-left:0px;margin-right:0px\"><img decoding=\"async\" style=\"width:100%\" width=\"100%\" src=\"https:\/\/d2qc09rl1gfuof.cloudfront.net\/product\/HCSJPHCSYCYCA93Y0\/electric-winch-a100-1.11.jpg\" slate-data-type=\"image\"\/><\/div>\n<\/div>\n<\/div>\n<div style=\"font-family:&quot;Open sans&quot;, Arial, Helvetica, sans-serif\">\n<div><strong>Stahlseil<\/strong><\/div>\n<div>\n<div style=\"margin:16px 0px 24px;margin-bottom:24px;margin-top:16px;margin-left:0px;margin-right:0px\"><img decoding=\"async\" style=\"width:100%\" width=\"100%\" src=\"https:\/\/d2qc09rl1gfuof.cloudfront.net\/product\/GSSJPGSSYCYCAZZ41\/electric-winch-a100-1.11.jpg\" slate-data-type=\"image\"\/><\/div>\n<\/div>\n<\/div>\n<\/div>\n<div><\/div>\n<\/div>\n<\/div>\n<p><\/p>","protected":false},"excerpt":{"rendered":"<p>Hign-concerned Chemical:&nbsp;None Origin:&nbsp;Mainland China Brand Name:&nbsp;VEVOR Type:&nbsp;Power Don&#x27;t get stuck, get a VEVOR electric winch! Our electric winch features a high-power copper motor for reliable performance. With the wireless remote<\/p>","protected":false},"featured_media":25367,"comment_status":"open","ping_status":"closed","template":"","meta":{"_acf_changed":false},"product_brand":[],"product_cat":[522],"product_tag":[],"class_list":{"0":"post-25366","1":"product","2":"type-product","3":"status-publish","4":"has-post-thumbnail","6":"product_cat-electric-winches","8":"first","9":"instock","10":"shipping-taxable","11":"purchasable","12":"product-type-variable"},"acf":[],"_links":{"self":[{"href":"https:\/\/www.electricstore.eu\/de\/wp-json\/wp\/v2\/product\/25366","targetHints":{"allow":["GET"]}}],"collection":[{"href":"https:\/\/www.electricstore.eu\/de\/wp-json\/wp\/v2\/product"}],"about":[{"href":"https:\/\/www.electricstore.eu\/de\/wp-json\/wp\/v2\/types\/product"}],"replies":[{"embeddable":true,"href":"https:\/\/www.electricstore.eu\/de\/wp-json\/wp\/v2\/comments?post=25366"}],"wp:featuredmedia":[{"embeddable":true,"href":"https:\/\/www.electricstore.eu\/de\/wp-json\/wp\/v2\/media\/25367"}],"wp:attachment":[{"href":"https:\/\/www.electricstore.eu\/de\/wp-json\/wp\/v2\/media?parent=25366"}],"wp:term":[{"taxonomy":"product_brand","embeddable":true,"href":"https:\/\/www.electricstore.eu\/de\/wp-json\/wp\/v2\/product_brand?post=25366"},{"taxonomy":"product_cat","embeddable":true,"href":"https:\/\/www.electricstore.eu\/de\/wp-json\/wp\/v2\/product_cat?post=25366"},{"taxonomy":"product_tag","embeddable":true,"href":"https:\/\/www.electricstore.eu\/de\/wp-json\/wp\/v2\/product_tag?post=25366"}],"curies":[{"name":"wp","href":"https:\/\/api.w.org\/{rel}","templated":true}]}}