{"id":25347,"date":"2025-05-20T18:58:45","date_gmt":"2025-05-20T18:58:45","guid":{"rendered":"https:\/\/electricstore.eu\/p\/uncategorized\/vevor-18000lbs-electric-winch-car-truck-steel-cable-winch-with-85ft-wire-rope-wireless-remote-control-for-towing-off-road-suv\/"},"modified":"2025-05-20T19:00:25","modified_gmt":"2025-05-20T19:00:25","slug":"vevor-18000lbs-electric-winch-car-truck-steel-cable-winch-with-85ft-wire-rope-wireless-remote-control-for-towing-off-road-suv","status":"publish","type":"product","link":"https:\/\/www.electricstore.eu\/de\/p\/o\/electric-winches\/vevor-18000lbs-electric-winch-car-truck-steel-cable-winch-with-85ft-wire-rope-wireless-remote-control-for-towing-off-road-suv\/","title":{"rendered":"VEVOR 18000lbs elektrische Seilwinde mit Stahlseil, 85ft Drahtseil und drahtloser Fernbedienung zum Abschleppen von Gel\u00e4ndewagen und SUVs"},"content":{"rendered":"<div class=\"product-specs-list-container\">\n<ul class=\"product-specs-list util-clearfix\">\n<li class=\"product-prop line-limit-length\"><span\n                                        class=\"property-title\">Hochgef\u00e4hrliche Chemikalie:&nbsp;<\/span><span\n                                        class=\"property-desc line-limit-length\">Keiner<\/span>\n                            <\/li>\n<li class=\"product-prop line-limit-length\"><span\n                                        class=\"property-title\">Modellnummer:&nbsp;<\/span><span\n                                        class=\"property-desc line-limit-length\">SEC16800T<\/span>\n                            <\/li>\n<li class=\"product-prop line-limit-length\"><span\n                                        class=\"property-title\">Herkunft:&nbsp;<\/span><span\n                                        class=\"property-desc line-limit-length\">Festlandchina<\/span>\n                            <\/li>\n<li class=\"product-prop line-limit-length\"><span\n                                        class=\"property-title\">Markenname:&nbsp;<\/span><span\n                                        class=\"property-desc line-limit-length\">VEVOR<\/span>\n                            <\/li>\n<li class=\"product-prop line-limit-length\"><span\n                                        class=\"property-title\">Typ:&nbsp;<\/span><span\n                                        class=\"property-desc line-limit-length\">Leistung<\/span>\n                            <\/li>\n<li class=\"product-prop line-limit-length\"><span\n                                        class=\"property-title\">Marke:&nbsp;<\/span><span\n                                        class=\"property-desc line-limit-length\">VEVOR<\/span>\n                            <\/li>\n<li class=\"product-prop line-limit-length\"><span\n                                        class=\"property-title\">Material:&nbsp;<\/span><span\n                                        class=\"property-desc line-limit-length\">Legiertes Aluminium, Stahl, Kupfer, Kunststoff (PPS und PA usw.).<\/span>\n                            <\/li>\n<li class=\"product-prop line-limit-length\"><span\n                                        class=\"property-title\">Nennzugkraft:&nbsp;<\/span><span\n                                        class=\"property-desc line-limit-length\">18000 Pfund<\/span>\n                            <\/li>\n<li class=\"product-prop line-limit-length\"><span\n                                        class=\"property-title\">Kabelmaterial:&nbsp;<\/span><span\n                                        class=\"property-desc line-limit-length\">Stahl, 19 Litzen<\/span>\n                            <\/li>\n<li class=\"product-prop line-limit-length\"><span\n                                        class=\"property-title\">Spannung\/Leistung:&nbsp;<\/span><span\n                                        class=\"property-desc line-limit-length\">12 V Gleichstrom \/ 5,7 PS<\/span>\n                            <\/li>\n<li class=\"product-prop line-limit-length\"><span\n                                        class=\"property-title\">Nettogewicht:&nbsp;<\/span><span\n                                        class=\"property-desc line-limit-length\">96,8 lbs\/43,9 kg<\/span>\n                            <\/li>\n<li class=\"product-prop line-limit-length\"><span\n                                        class=\"property-title\">Typ:&nbsp;<\/span><span\n                                        class=\"property-desc line-limit-length\">Elektrische Seilwinde<\/span>\n                            <\/li>\n<li class=\"product-prop line-limit-length\"><span\n                                        class=\"property-title\">Fernbedienung:&nbsp;<\/span><span\n                                        class=\"property-desc line-limit-length\">Drahtlose + kabelgebundene Fernbedienung<\/span>\n                            <\/li>\n<li class=\"product-prop line-limit-length\"><span\n                                        class=\"property-title\">Reichweite der drahtlosen Fernbedienung:&nbsp;<\/span><span\n                                        class=\"property-desc line-limit-length\">65,61 Fu\u00df\/20 m<\/span>\n                            <\/li>\n<li class=\"product-prop line-limit-length\"><span\n                                        class=\"property-title\">Kabelspezifikationen:&nbsp;<\/span><span\n                                        class=\"property-desc line-limit-length\">7\/16 Zoll x 85 Fu\u00df \/ 1,1 x 2590,8 cm<\/span>\n                            <\/li>\n<\/ul><\/div>\n<div class=\"detailmodule_html\">\n<div class=\"detail-desc-decorate-richtext\">\n<div style=\"font-family:&quot;Open sans&quot;, Arial, Helvetica, sans-serif\">\n<div><img decoding=\"async\" style=\"width:100%\" width=\"100%\" src=\"https:\/\/d2qc09rl1gfuof.cloudfront.net\/vevor\/boutique-banner\/pc\/banner-en.jpg\" slate-data-type=\"image\"\/><\/div>\n<div>\n<div style=\"font-size:16px;font-weight:bold;text-align:center;color:rgb(34, 34, 34);margin:24px 0px;margin-bottom:24px;margin-top:24px;margin-left:0px;margin-right:0px\" align=\"center\">Elektrische Seilwinde mit 18.000 lbs Zugkraft \u2013 Bew\u00e4ltigen Sie Offroad-Abenteuer mit Zuversicht<\/div>\n<div><img decoding=\"async\" style=\"width:100%\" width=\"100%\" src=\"https:\/\/d2qc09rl1gfuof.cloudfront.net\/product\/DDGSSJPYXWXYMXBC5\/electric-winch-a100-1.4-pt.jpg\" slate-data-type=\"image\"\/><\/div>\n<div style=\"font-size:14px;text-align:center;color:rgb(34, 34, 34);margin:16px 0px 24px;margin-bottom:24px;margin-top:16px;margin-left:0px;margin-right:0px\" align=\"center\">Unsere robuste LKW-Seilwinde bietet eine Zugkraft von 8.165 kg und ist wasserdicht gem\u00e4\u00df IP55 \u2013 ideal, um Ihr Gel\u00e4ndefahrzeug oder Ihren SUV aus Schlamml\u00f6chern oder starkem Regen zu befreien. Mit einem 12-V-Gleichstrommotor (5,7 PS), einem \u00dcbersetzungsverh\u00e4ltnis von 312,4:1 und einem Stahlseil sind Sie bestens ger\u00fcstet.<\/div>\n<\/div>\n<div>\n<div style=\"margin:8px 0px;margin-bottom:8px;margin-top:8px;margin-left:0px;margin-right:0px\"><img decoding=\"async\" style=\"width:100%\" width=\"100%\" src=\"https:\/\/d2qc09rl1gfuof.cloudfront.net\/product\/DDGSSJPYXWXYMXBC5\/electric-winch-a100-2.2-pt.jpg\" slate-data-type=\"image\"\/><\/div>\n<div style=\"font-size:14px;text-align:center;color:rgb(34, 34, 34);margin:16px 0px 24px;margin-bottom:24px;margin-top:16px;margin-left:0px;margin-right:0px\" align=\"center\">Unsere elektrische Seilwinde wird von einem robusten 12-V-Gleichstrommotor mit 5,7 PS angetrieben und liefert stets konstante und effiziente Leistung. Dank des fortschrittlichen Planetengetriebes und einer \u00dcbersetzung von 312,4:1 genie\u00dfen Sie eine gleichm\u00e4\u00dfige und zuverl\u00e4ssige Zugkraft, selbst unter widrigen Wetterbedingungen oder in tiefem Schlamm.<\/div>\n<\/div>\n<div>\n<div style=\"margin:8px 0px;margin-bottom:8px;margin-top:8px;margin-left:0px;margin-right:0px\"><img decoding=\"async\" style=\"width:100%\" width=\"100%\" src=\"https:\/\/d2qc09rl1gfuof.cloudfront.net\/product\/DDGSSJPYXWXYMXBC5\/electric-winch-a100-2.3-pt.jpg\" slate-data-type=\"image\"\/><\/div>\n<div style=\"font-size:14px;text-align:center;color:rgb(34, 34, 34);margin:16px 0px 24px;margin-bottom:24px;margin-top:16px;margin-left:0px;margin-right:0px\" align=\"center\">Unsere elektrische LKW-Seilwinde ist mit einem hochwertigen Kabel ausgestattet, dessen letzte f\u00fcnf Wicklungen zur zus\u00e4tzlichen Sicherheit rot markiert sind. Sie verf\u00fcgt \u00fcber die Schutzart IP55 (wasserdicht) und eine robuste, mattschwarze Oberfl\u00e4che, sodass sie auch starkem Regen und rauen Bedingungen problemlos standh\u00e4lt.<\/div>\n<\/div>\n<div>\n<div style=\"margin:8px 0px;margin-bottom:8px;margin-top:8px;margin-left:0px;margin-right:0px\"><img decoding=\"async\" style=\"width:100%\" width=\"100%\" src=\"https:\/\/d2qc09rl1gfuof.cloudfront.net\/product\/DDGSSJPYXWXYMXBC5\/electric-winch-a100-2.4-pt.jpg\" slate-data-type=\"image\"\/><\/div>\n<div style=\"font-size:14px;text-align:center;color:rgb(34, 34, 34);margin:16px 0px 24px;margin-bottom:24px;margin-top:16px;margin-left:0px;margin-right:0px\" align=\"center\">Unser LKW-Seilwindenseil wurde f\u00fcr h\u00e4rteste Eins\u00e4tze entwickelt und widersteht widrigen Witterungsbedingungen und extremen Temperaturen. So bew\u00e4ltigt es problemlos verschiedene Zugaufgaben mit der angegebenen Zugkraft, ohne zu rei\u00dfen. Dank der deutlichen Lastmarkierungen auf jeder Lage profitieren Sie zudem von h\u00f6chster Materialstabilit\u00e4t und maximaler Zugsicherheit.<\/div>\n<\/div>\n<div>\n<div style=\"margin:8px 0px;margin-bottom:8px;margin-top:8px;margin-left:0px;margin-right:0px\"><img decoding=\"async\" style=\"width:100%\" width=\"100%\" src=\"https:\/\/d2qc09rl1gfuof.cloudfront.net\/product\/DDGSSJPYXWXYMXBC5\/electric-winch-a100-2.5-pt.jpg\" slate-data-type=\"image\"\/><\/div>\n<div style=\"font-size:14px;text-align:center;color:rgb(34, 34, 34);margin:16px 0px 24px;margin-bottom:24px;margin-top:16px;margin-left:0px;margin-right:0px\" align=\"center\">Unsere 12-Volt-Seilwinde verf\u00fcgt \u00fcber farbcodierte Stromkabel f\u00fcr eine schnelle und problemlose Installation. Die drahtlosen Fernbedienungen erm\u00f6glichen die Steuerung der Selbstbergungsfunktion des Fahrzeugs auch bei Hindernissen in einer Reichweite von 20 m. Alternativ bieten wir Ihnen auch eine kabelgebundene Fernbedienung an, damit Sie die volle Kontrolle haben.<\/div>\n<\/div>\n<div style=\"margin:16px 0px 24px;margin-bottom:24px;margin-top:16px;margin-left:0px;margin-right:0px\"><\/div>\n<div style=\"margin:24px 0px;margin-bottom:24px;margin-top:24px;margin-left:0px;margin-right:0px\">\n<div style=\"font-size:16px;font-weight:bold;color:rgb(34, 34, 34);margin:24px 0px 16px;margin-bottom:16px;margin-top:24px;margin-left:0px;margin-right:0px\">Funktionen und Details<\/div>\n<ul style=\"margin:16px 0px 24px;margin-bottom:24px;margin-top:16px;margin-left:0px;margin-right:0px\">\n<li style=\"font-size:14px;color:rgb(34, 34, 34)\">\n<p>Zus\u00e4tzliche Kraft f\u00fcr Ihr Fahrzeug: Unsere robuste elektrische Seilwinde wurde speziell f\u00fcr die Bergung im Gel\u00e4nde entwickelt und bietet eine Zugkraft von bis zu 8.165 kg. Wenn Ihr Fahrzeug im Schlamm feststeckt oder von einem Regenguss \u00fcberrascht wird, liefert Ihnen diese Seilwinde die n\u00f6tige Unterst\u00fctzung, um schnell wieder mobil zu sein. Sie eignet sich nicht nur f\u00fcr Gel\u00e4ndewagen und SUVs, sondern auch hervorragend zum Transport schwerer Lasten wie Holz. Bew\u00e4ltigen Sie jedes Hindernis souver\u00e4n und kraftvoll!<\/p>\n<\/li>\n<li style=\"font-size:14px;color:rgb(34, 34, 34)\">\n<p>Kraft, die Sie aus jeder misslichen Lage befreit: Unsere LKW-Seilwinde wird von einem 12-V-Gleichstrommotor mit 5,7 PS angetrieben und liefert konstante Leistung, wenn Sie sie am dringendsten ben\u00f6tigen. Dank eines fortschrittlichen 3-stufigen Planetengetriebes und einer \u00dcbersetzung von 312,4:1 gew\u00e4hrleistet diese Seilwinde eine hohe Zugkraft, selbst bei widrigen Wetterbedingungen und tiefem Schlamm. Bew\u00e4ltigen Sie jede Herausforderung souver\u00e4n!<\/p>\n<\/li>\n<li style=\"font-size:14px;color:rgb(34, 34, 34)\">\n<p>Hochleistungs-Stahlseil: Erleben Sie die extreme Leistungsf\u00e4higkeit unseres 19-litzigen Hochleistungs-Stahlseils. Entwickelt f\u00fcr den Einsatz unter h\u00e4rtesten Bedingungen und bei extremen Temperaturen, ist dieses Stahlseil so robust, dass es jeder Herausforderung gewachsen ist. Die leuchtend roten Markierungen auf den letzten 5 Seilrollen sorgen f\u00fcr optimale Sichtbarkeit und gew\u00e4hrleisten Sicherheit und Langlebigkeit, selbst bei anspruchsvollsten Aufgaben.<\/p>\n<\/li>\n<li style=\"font-size:14px;color:rgb(34, 34, 34)\">\n<p>Benutzerfreundlich und problemlos: Unsere 12-Volt-Seilwinde bietet Ihnen sowohl kabellose als auch kabelgebundene Fernbedienungsoptionen. Mit der benutzerfreundlichen Funkfernbedienung k\u00f6nnen Sie Ihr Fahrzeug m\u00fchelos in einer Reichweite von 20 m bergen, w\u00e4hrend die kabelgebundene Fernbedienung eine zuverl\u00e4ssige Alternative f\u00fcr die pr\u00e4zise, manuelle Steuerung darstellt. Genie\u00dfen Sie die Flexibilit\u00e4t und den Komfort beider Steuerungsarten f\u00fcr eine reibungslose Fahrzeugbergung.<\/p>\n<\/li>\n<li style=\"font-size:14px;color:rgb(34, 34, 34)\">\n<p>Sorgenfreies Abschleppen: Unwetter? Kein Problem! Unsere elektrische Seilwinde ist wasserdicht (Schutzart IP55) und verf\u00fcgt \u00fcber eine elegante, mattschwarze Oberfl\u00e4che, die Rostbest\u00e4ndigkeit und Isolierung verbessert. Sie ist bestens ger\u00fcstet f\u00fcr Starkregen, Schlamm und andere widrige Bedingungen. Dank farbcodierter Stromkabel und einer leicht verst\u00e4ndlichen Anleitung ist die Installation kinderleicht, sodass Sie Ihre Fahrt schnell wieder genie\u00dfen k\u00f6nnen.<\/p>\n<\/li>\n<\/ul>\n<\/div>\n<div>\n<div>\n<div style=\"margin:16px 0px 24px;margin-bottom:24px;margin-top:16px;margin-left:0px;margin-right:0px\"><img decoding=\"async\" style=\"width:100%\" width=\"100%\" src=\"https:\/\/d2qc09rl1gfuof.cloudfront.net\/product\/DDGSSJPYXWXYMXBC5\/electric-winch-a100-1.11-pt.jpg\" slate-data-type=\"image\"\/><\/div>\n<\/div>\n<\/div>\n<\/div>\n<\/div>\n<\/div>\n<p><\/p>","protected":false},"excerpt":{"rendered":"<p>Hign-concerned Chemical:&nbsp;None Model Number:&nbsp;SEC16800T Origin:&nbsp;Mainland China Brand Name:&nbsp;VEVOR Type:&nbsp;Power Brand:&nbsp;VEVOR Material:&nbsp;Alloy Aluminum, Steel, Copper, Plastic (PPS and PA, etc.) Rated Line Pull Capacity:&nbsp;18000 lbs Cable Material:&nbsp;Steel, 19 Strands Voltage\/Horsepower:&nbsp;12V DC\/5.7<\/p>","protected":false},"featured_media":25348,"comment_status":"open","ping_status":"closed","template":"","meta":{"_acf_changed":false},"product_brand":[],"product_cat":[522],"product_tag":[],"class_list":{"0":"post-25347","1":"product","2":"type-product","3":"status-publish","4":"has-post-thumbnail","6":"product_cat-electric-winches","8":"first","9":"instock","10":"shipping-taxable","11":"purchasable","12":"product-type-variable"},"acf":[],"_links":{"self":[{"href":"https:\/\/www.electricstore.eu\/de\/wp-json\/wp\/v2\/product\/25347","targetHints":{"allow":["GET"]}}],"collection":[{"href":"https:\/\/www.electricstore.eu\/de\/wp-json\/wp\/v2\/product"}],"about":[{"href":"https:\/\/www.electricstore.eu\/de\/wp-json\/wp\/v2\/types\/product"}],"replies":[{"embeddable":true,"href":"https:\/\/www.electricstore.eu\/de\/wp-json\/wp\/v2\/comments?post=25347"}],"wp:featuredmedia":[{"embeddable":true,"href":"https:\/\/www.electricstore.eu\/de\/wp-json\/wp\/v2\/media\/25348"}],"wp:attachment":[{"href":"https:\/\/www.electricstore.eu\/de\/wp-json\/wp\/v2\/media?parent=25347"}],"wp:term":[{"taxonomy":"product_brand","embeddable":true,"href":"https:\/\/www.electricstore.eu\/de\/wp-json\/wp\/v2\/product_brand?post=25347"},{"taxonomy":"product_cat","embeddable":true,"href":"https:\/\/www.electricstore.eu\/de\/wp-json\/wp\/v2\/product_cat?post=25347"},{"taxonomy":"product_tag","embeddable":true,"href":"https:\/\/www.electricstore.eu\/de\/wp-json\/wp\/v2\/product_tag?post=25347"}],"curies":[{"name":"wp","href":"https:\/\/api.w.org\/{rel}","templated":true}]}}