{"id":25319,"date":"2025-05-20T18:58:37","date_gmt":"2025-05-20T18:58:37","guid":{"rendered":"https:\/\/electricstore.eu\/p\/uncategorized\/vevor-1700lbs-2200lbs-wired-electric-hoist-crane-with-trolley-portable-lifter-overhead-winch-effort-elevator-for-garage-lifting\/"},"modified":"2025-05-20T18:59:43","modified_gmt":"2025-05-20T18:59:43","slug":"vevor-1700lbs-2200lbs-wired-electric-hoist-crane-with-trolley-portable-lifter-overhead-winch-effort-elevator-for-garage-lifting","status":"publish","type":"product","link":"https:\/\/electricstore.eu\/de\/p\/o\/electric-lifting-hoists\/vevor-1700lbs-2200lbs-wired-electric-hoist-crane-with-trolley-portable-lifter-overhead-winch-effort-elevator-for-garage-lifting\/","title":{"rendered":"VEVOR 1700LBS\/2200LBS Kabelgebundener elektrischer Hebekran mit Trolley Tragbarer Heber Deckenwinde Kraftaufzug zum Heben in der Garage"},"content":{"rendered":"<div class=\"product-specs-list-container\">\n<ul class=\"product-specs-list util-clearfix\">\n<li class=\"product-prop line-limit-length\"><span\n                                        class=\"property-title\">Hochgef\u00e4hrliche Chemikalie:&nbsp;<\/span><span\n                                        class=\"property-desc line-limit-length\">Keiner<\/span>\n                            <\/li>\n<li class=\"product-prop line-limit-length\"><span\n                                        class=\"property-title\">Herkunft:&nbsp;<\/span><span\n                                        class=\"property-desc line-limit-length\">Festlandchina<\/span>\n                            <\/li>\n<li class=\"product-prop line-limit-length\"><span\n                                        class=\"property-title\">Markenname:&nbsp;<\/span><span\n                                        class=\"property-desc line-limit-length\">VEVOR<\/span>\n                            <\/li>\n<li class=\"product-prop line-limit-length\"><span\n                                        class=\"property-title\">Kapazit\u00e4t von Einzel-\/Doppelkabel:&nbsp;<\/span><span\n                                        class=\"property-desc line-limit-length\">1700 lbs\/220 lbs<\/span>\n                            <\/li>\n<li class=\"product-prop line-limit-length\"><span\n                                        class=\"property-title\">1700 Pfund Leistung:&nbsp;<\/span><span\n                                        class=\"property-desc line-limit-length\">1300 W<\/span>\n                            <\/li>\n<li class=\"product-prop line-limit-length\"><span\n                                        class=\"property-title\">2200 Pfund Leistung:&nbsp;<\/span><span\n                                        class=\"property-desc line-limit-length\">1800 W<\/span>\n                            <\/li>\n<li class=\"product-prop line-limit-length\"><span\n                                        class=\"property-title\">Material:&nbsp;<\/span><span\n                                        class=\"property-desc line-limit-length\">Stahl, Gusseisen und Aluminium<\/span>\n                            <\/li>\n<\/ul><\/div>\n<div class=\"detailmodule_html\">\n<div class=\"detail-desc-decorate-richtext\"><\/p>\n<div class=\"detailmodule_html\">\n<div class=\"detail-desc-decorate-richtext\">\n<div style=\"padding:20px;padding-bottom:20px;padding-top:20px;padding-left:20px;padding-right:20px\">\n<div style=\"text-align:center;width:100%\" align=\"center\"><img decoding=\"async\" src=\"https:\/\/vevor-bmp-prm.s3.ap-east-1.amazonaws.com\/default\/vevor-1.png\" slate-data-type=\"image\"\/><\/div>\n<div style=\"font-size:16px;font-weight:bold;line-height:36px\">Produktbeschreibung<\/div>\n<div style=\"width:100%\"><img decoding=\"async\" src=\"https:\/\/d2qc09rl1gfuof.cloudfront.net\/product\/DDHL800KGXCZH0001\/lift-electric-hoist-a100-1.4.jpg\" slate-data-type=\"image\"\/><\/div>\n<div style=\"margin-top:15px;display:flex\">\n<div style=\"width:33%\"><img decoding=\"async\" style=\"width:100%\" width=\"100%\" src=\"https:\/\/d2qc09rl1gfuof.cloudfront.net\/product\/DDHL800KGXCZH0001\/lift-electric-hoist-x1.jpg\" slate-data-type=\"image\"\/><\/div>\n<div style=\"padding:0px 15px;padding-bottom:0px;padding-top:0px;padding-left:15px;padding-right:15px;width:33%\">\n<div style=\"font-size:16px;font-weight:bold;line-height:36px\">Elektrischer Hebezeug mit Fahrwerk, Tragkraft 1700 lbs (ca. 771 kg).<\/div>\n<div style=\"font-size:14px\"><\/div>\n<div style=\"font-size:14px\">1300-W-Kupfermotor, verdrehsicherer Stahldraht und hohe Sicherheit<\/div>\n<p>Dieser elektrische All-in-One-Hebezeug ist f\u00fcr das Heben und Bewegen schwerer Lasten konzipiert. Die Stahlkonstruktion und der Motor aus reinem Kupfer machen ihn langlebig und hocheffizient. Die Schienenbreite l\u00e4sst sich mit einer Unterlegscheibe und hochwertigen Muttern anpassen. Er ist das ideale Werkzeug f\u00fcr den Materialtransport in Fabriken, Bergwerken, H\u00e4fen, Lagerhallen, auf Baustellen und \u00fcberall dort, wo schwere Lasten gehoben und bewegt werden m\u00fcssen.<\/p>\n<ul style=\"font-size:14px;background-color:rgb(243, 243, 243);border:1px solid rgb(204, 204, 204);margin-top:8px;padding:10px 40px;padding-bottom:10px;padding-top:10px;padding-left:40px;padding-right:40px\">\n<li>\n<p>Freundliche Anmerkung<\/p>\n<\/li>\n<li>\n<p>Der elektrische Hebezeug und der Fahrwagen k\u00f6nnen in unterschiedlichen Verpackungen sein und separat geliefert werden.<\/p>\n<\/li>\n<li>\n<p>Bitte machen Sie sich keine Sorgen, Sie werden ALLE Pakete in den n\u00e4chsten Tagen nach der Bestellung erhalten.<\/p>\n<\/li>\n<li>\n<p>Premium-Trolley<\/p>\n<\/li>\n<li>\n<p>1700 Pfund Tragf\u00e4higkeit<\/p>\n<\/li>\n<li>\n<p>Leistungsstarker 1300-W-Motor<\/p>\n<\/li>\n<li>\n<p>1,4 m langes Steuerkabel<\/p>\n<\/li>\n<li>\n<p>Sichere Struktur<\/p>\n<\/li>\n<\/ul>\n<\/div>\n<div style=\"border-left:1px solid rgb(204, 204, 204);padding:0px 15px;padding-bottom:0px;padding-top:0px;padding-left:15px;padding-right:15px;width:33%\">\n<div> <\/div>\n<div style=\"padding:0px 15px;padding-bottom:0px;padding-top:0px;padding-left:15px;padding-right:15px\">\n<div><img decoding=\"async\" style=\"width:100%\" width=\"100%\" src=\"https:\/\/www.jinlantrade.com\/ebay\/VEVOR\/vevor-2.png\" slate-data-type=\"image\"\/><\/div>\n<div style=\"font-size:14px;font-weight:bold;line-height:24px\">Robuste Ausr\u00fcstung und Werkzeuge, weniger bezahlen<\/div>\n<div style=\"font-size:12px;margin:8px 0px;margin-bottom:8px;margin-top:8px;margin-left:0px;margin-right:0px\">VEVOR ist eine f\u00fchrende Marke f\u00fcr Ausr\u00fcstung und Werkzeuge. Gemeinsam mit Tausenden motivierten Mitarbeitern bietet VEVOR seinen Kunden robuste Ausr\u00fcstung und Werkzeuge zu unglaublich g\u00fcnstigen Preisen. VEVOR-Produkte werden heute in \u00fcber 200 L\u00e4ndern und Regionen vertrieben und z\u00e4hlen weltweit mehr als 10 Millionen Mitglieder.<\/div>\n<div style=\"font-size:14px;font-weight:bold;line-height:24px\">Warum VEVOR w\u00e4hlen?<\/div>\n<ul style=\"font-size:14px;background-color:rgb(243, 243, 243);border:1px solid rgb(204, 204, 204);margin-top:8px;padding:10px 40px;padding-bottom:10px;padding-top:10px;padding-left:40px;padding-right:40px\">\n<li>\n<p>Robuste Premium-Qualit\u00e4t<\/p>\n<\/li>\n<li>\n<p>Unglaublich niedrige Preise<\/p>\n<\/li>\n<li>\n<p>Schnelle und sichere Lieferung<\/p>\n<\/li>\n<li>\n<p>30 Tage kostenlose R\u00fccksendung<\/p>\n<\/li>\n<li>\n<p>Aufmerksamer Service rund um die Uhr<\/p>\n<\/li>\n<\/ul>\n<\/div>\n<\/div>\n<\/div>\n<div style=\"margin-top:30px\">\n<div style=\"font-size:16px;font-weight:bold;line-height:36px\">Hauptmerkmale<\/div>\n<div style=\"padding:30px;padding-bottom:30px;padding-top:30px;padding-left:30px;padding-right:30px\">\n<div>\n<div style=\"margin-top:15px;padding:0px 15px;padding-bottom:0px;padding-top:0px;padding-left:15px;padding-right:15px;display:inline-block;width:33%;box-sizing:border-box\">\n<div><img decoding=\"async\" style=\"width:100%\" width=\"100%\" src=\"https:\/\/d2qc09rl1gfuof.cloudfront.net\/product\/DDHL800KGXCZH0001\/lift-electric-hoist-m100-2.jpg\" slate-data-type=\"image\"\/> <\/div>\n<div style=\"font-size:16px;font-weight:bold;line-height:36px\">Hocheffizienter Trolley<\/div>\n<div style=\"font-size:14px\">Der elektrische Transportwagen wird mit mehreren Unterlegscheiben zur Anpassung der Spurbreite geliefert. Die vier geh\u00e4rteten R\u00e4der sind robust und langlebig, die gekapselten Lager sorgen f\u00fcr eine lange Lebensdauer und geringen Wartungsaufwand. Die geeignete Spurbreite betr\u00e4gt 80\u2013110 mm (3\u20134,3 Zoll), die Arbeitsgeschwindigkeit 13 m\/min (42,7 ft\/min).<\/div>\n<\/div>\n<div style=\"margin-top:15px;padding:0px 15px;padding-bottom:0px;padding-top:0px;padding-left:15px;padding-right:15px;display:inline-block;width:33%;box-sizing:border-box\">\n<div><img decoding=\"async\" style=\"width:100%\" width=\"100%\" src=\"https:\/\/d2qc09rl1gfuof.cloudfront.net\/product\/DDHL800KGXCZH0001\/lift-electric-hoist-m100-3.jpg\" slate-data-type=\"image\"\/> <\/div>\n<div style=\"font-size:16px;font-weight:bold;line-height:36px\">Motor aus reinem Kupfer<\/div>\n<div style=\"font-size:14px\">Ausgestattet mit 1300-W-Kupfermotoren in einem robusten und korrosionsbest\u00e4ndigen Aluminiumgeh\u00e4use, zeichnet sich die elektrische Seilwinde durch hohe Effizienz und geringe Ger\u00e4uschentwicklung aus. Dank ihrer schnellen W\u00e4rmeableitung erm\u00f6glicht sie zudem einen dauerhaften Betrieb \u00fcber lange Zeitr\u00e4ume.<\/div>\n<\/div>\n<div style=\"margin-top:15px;padding:0px 15px;padding-bottom:0px;padding-top:0px;padding-left:15px;padding-right:15px;display:inline-block;width:33%;box-sizing:border-box\">\n<div><img decoding=\"async\" style=\"width:100%\" width=\"100%\" src=\"https:\/\/d2qc09rl1gfuof.cloudfront.net\/product\/DDHL800KGXCZH0001\/lift-electric-hoist-m100-4.jpg\" slate-data-type=\"image\"\/> <\/div>\n<div style=\"font-size:16px;font-weight:bold;line-height:36px\">Gro\u00dfe Tragf\u00e4higkeit<\/div>\n<div style=\"font-size:14px\">Unser elektrischer Hebezeug erf\u00fcllt Ihre vielf\u00e4ltigen Anforderungen an St\u00e4rke und Robustheit. Die Tragf\u00e4higkeit und Hubgeschwindigkeit betragen 800 kg bzw. 400 kg. Dank seiner hohen Qualit\u00e4t wird es Ihren unterschiedlichen Bed\u00fcrfnissen gerecht.<\/div>\n<\/div>\n<div style=\"margin-top:15px;padding:0px 15px;padding-bottom:0px;padding-top:0px;padding-left:15px;padding-right:15px;display:inline-block;width:33%;box-sizing:border-box\">\n<div><img decoding=\"async\" style=\"width:100%\" width=\"100%\" src=\"https:\/\/d2qc09rl1gfuof.cloudfront.net\/product\/DDHL800KGXCZH0001\/lift-electric-hoist-m100-5.jpg\" slate-data-type=\"image\"\/> <\/div>\n<div style=\"font-size:16px;font-weight:bold;line-height:36px\">Fernbedienung<\/div>\n<div style=\"font-size:14px\">Die kabelgebundene Fernbedienung verf\u00fcgt \u00fcber Auf-\/Ab- und Links-\/Rechts-Tasten zur Steuerung des Hebezeugs aus der Ferne. Zus\u00e4tzlich ist ein Not-Aus-Schalter angebracht, um die Sicherheit im Betrieb zu erh\u00f6hen.<\/div>\n<\/div>\n<div style=\"margin-top:15px;padding:0px 15px;padding-bottom:0px;padding-top:0px;padding-left:15px;padding-right:15px;display:inline-block;width:33%;box-sizing:border-box\">\n<div><img decoding=\"async\" style=\"width:100%\" width=\"100%\" src=\"https:\/\/d2qc09rl1gfuof.cloudfront.net\/product\/DDHL800KGXCZH0001\/lift-electric-hoist-m100-6.jpg\" slate-data-type=\"image\"\/> <\/div>\n<div style=\"font-size:16px;font-weight:bold;line-height:36px\">Sicherheitsdesign<\/div>\n<div style=\"font-size:14px\">Der Endschalter sorgt f\u00fcr automatisches Anhalten des Motors und verhindert so ein \u00dcberlaufen der Kette. Ein Haken aus Manganstahl mit Verriegelung und verzinktem Stahldraht gew\u00e4hrleistet doppelten Schutz.<\/div>\n<\/div>\n<div style=\"margin-top:15px;padding:0px 15px;padding-bottom:0px;padding-top:0px;padding-left:15px;padding-right:15px;display:inline-block;width:33%;box-sizing:border-box\">\n<div><img decoding=\"async\" style=\"width:100%\" width=\"100%\" src=\"https:\/\/d2qc09rl1gfuof.cloudfront.net\/product\/DDHL800KGXCZH0001\/lift-electric-hoist-m100-7.jpg\" slate-data-type=\"image\"\/> <\/div>\n<div style=\"font-size:16px;font-weight:bold;line-height:36px\">Umfangreiche Anwendungsm\u00f6glichkeiten<\/div>\n<div style=\"font-size:14px\">Dieser elektrische Hebezeug ist ideal zum Anheben von Gegenst\u00e4nden mit regelm\u00e4\u00dfiger oder unregelm\u00e4\u00dfiger Form, wie z. B. Steinen, B\u00e4umen, Rasenm\u00e4hern, Motoren usw. Daher findet er breite Anwendung in der Automobilindustrie, auf Baustellen, in der Logistik, in Lagerh\u00e4usern usw.<\/div>\n<\/div>\n<\/div>\n<\/div>\n<\/div>\n<div style=\"margin-top:15px;display:flex\">\n<div style=\"width:33%\"><img decoding=\"async\" style=\"width:100%\" width=\"100%\" src=\"https:\/\/d2qc09rl1gfuof.cloudfront.net\/product\/DDHL800KGXCZH0001\/lift-electric-hoist-a100-2.jpg\" slate-data-type=\"image\"\/><\/div>\n<div style=\"padding:0px 15px;padding-bottom:0px;padding-top:0px;padding-left:15px;padding-right:15px;width:33%\">\n<div style=\"font-size:16px;font-weight:bold;line-height:36px\">Technische Daten<\/div>\n<ul style=\"font-size:14px;border:1px solid rgb(204, 204, 204);margin-top:8px;padding:10px 40px;padding-bottom:10px;padding-top:10px;padding-left:40px;padding-right:40px\">\n<li>\n<p>Elektrischer Hebezeug<\/p>\n<\/li>\n<li>\n<p>Modell: PA800<\/p>\n<\/li>\n<li>\n<p>Material: Gusseisen &amp; Aluminium<\/p>\n<\/li>\n<li>\n<p>Spannung: 220 V \/ 50 Hz<\/p>\n<\/li>\n<li>\n<p>Leistung: 1300 W<\/p>\n<\/li>\n<li>\n<p>Fernbedienungskabel: 1,4 m<\/p>\n<\/li>\n<li>\n<p>Durchmesser der Leitung: 0,2 Zoll \/ 5,1 mm<\/p>\n<\/li>\n<li>\n<p>Kabell\u00e4nge: 40 Fu\u00df \/ 12 m, 20 Fu\u00df \/ 6 m<\/p>\n<\/li>\n<li>\n<p>Kabelgeschwindigkeit: 40 ft\/min (12 m\/min), 20 ft\/min (6 m\/min)<\/p>\n<\/li>\n<li>\n<p>Nennhebekapazit\u00e4t: Doppelseil 1700 lbs \/ 800 kg, Einzelseil 880 lbs \/ 400 kg<\/p>\n<\/li>\n<li>\n<p>Produktgr\u00f6\u00dfe: 15,8 x 6 x 13,8 Zoll \/ 40 x 15 x 35 cm<\/p>\n<\/li>\n<li>\n<p>Nettogewicht: 75 lbs \/ 34 kg<\/p>\n<\/li>\n<li>\n<p>Wagen<\/p>\n<\/li>\n<li>\n<p>Nennlast: 2200 lbs \/ 1 T<\/p>\n<\/li>\n<li>\n<p>Arbeitsgeschwindigkeit: 42,7 ft\/min (13 m\/min)<\/p>\n<\/li>\n<li>\n<p>Standardm\u00e4\u00dfige Betriebsh\u00f6he: 3 m \/ 10 ft<\/p>\n<\/li>\n<li>\n<p>Geeignete Breite: 3-4,3 Zoll (80-110 mm)<\/p>\n<\/li>\n<\/ul>\n<\/div>\n<div style=\"border-left:1px solid rgb(204, 204, 204);padding:0px 15px;padding-bottom:0px;padding-top:0px;padding-left:15px;padding-right:15px;width:33%\">\n<div style=\"width:100%\"><img decoding=\"async\" style=\"width:100%\" width=\"100%\" src=\"https:\/\/d2qc09rl1gfuof.cloudfront.net\/product\/DDHL800KGXCZH0001\/lift-electric-hoist-a100-3.jpg\" slate-data-type=\"image\"\/><\/div>\n<div style=\"font-size:14px;font-weight:bold;line-height:24px\">Packungsinhalt<\/div>\n<ul style=\"font-size:14px;background-color:rgb(243, 243, 243);border:1px solid rgb(204, 204, 204);margin-top:8px;padding:10px 40px;padding-bottom:10px;padding-top:10px;padding-left:40px;padding-right:40px\">\n<li>\n<p>1 x Elektrohebezeug<\/p>\n<\/li>\n<li>\n<p>1 x Trolley<\/p>\n<\/li>\n<\/ul>\n<\/div>\n<\/div>\n<div> <\/div>\n<div>\n<div style=\"font-size:16px;font-weight:bold;line-height:36px\">Funktionen und Details<\/div>\n<ul style=\"font-size:14px;padding-left:40px\">\n<li>\n<p>Premium-Transportwagen: Inklusive elektrischem Hebezeug und Transportwagen. Dieses Komplettpaket eignet sich hervorragend zum Anheben von Kleinmotoren, Getrieben, umfangreichem Werkstattwerkzeug oder Baumaterialien. Der vierr\u00e4drige Transportwagen ist aus korrosionsbest\u00e4ndigem und besonders robustem Q235-Stahl gefertigt. Die verstellbare Spurbreite von 80\u2013110 mm (3\u20134,3 Zoll) erf\u00fcllt m\u00fchelos Ihre individuellen Anforderungen.<\/p>\n<\/li>\n<li>\n<p>Tragf\u00e4higkeit 771 kg: Der Hebewagen bietet ausreichend Kapazit\u00e4t zum Heben verschiedener Lasten. Tragf\u00e4higkeit (einfach): 400 kg, Geschwindigkeit: 12 m\/min. Tragf\u00e4higkeit (zweifach): 800 kg, Geschwindigkeit: 6 m\/min. Der Endschalter und der Haken aus Manganstahl verhindern ein pl\u00f6tzliches Absinken. Tragf\u00e4higkeit (zweifach): 800 kg, Tragf\u00e4higkeit (einfach): 400 kg.<\/p>\n<\/li>\n<li>\n<p>Leistungsstarker 1300-W-Motor: Der hochwertige Kupfermotor liefert eine starke Leistung von 1800 W und bew\u00e4ltigt hohe Belastungen ohne Verformung oder Besch\u00e4digung. Der gro\u00dfe L\u00fcfter sorgt in Kombination mit einem \u00dcberhitzungsschutz f\u00fcr schnelle K\u00fchlung. So gew\u00e4hrleistet dieser leistungsstarke Motor einen hocheffizienten und ger\u00e4uscharmen Betrieb.<\/p>\n<\/li>\n<li>\n<p>1,4 m langes Steuerkabel: Unser elektrischer Hebezeug mit Fernbedienung wird \u00fcber einen Handschalter gesteuert. Die Kabell\u00e4nge betr\u00e4gt 1,4 m. Steuern Sie das Ger\u00e4t bequem per Knopfdruck zum Auf- und Absteigen \u2013 auch aus der Ferne. Zus\u00e4tzlich verf\u00fcgt der Schalter \u00fcber einen Not-Aus-Schalter f\u00fcr maximale Sicherheit.<\/p>\n<\/li>\n<li>\n<p>Sichere Konstruktion: Diese elektrische Hebezeugwinde besteht aus einem Geh\u00e4use aus Aluminiumlegierung und verzinktem Stahlseil und ist somit vor Korrosion, Rost und Regen gesch\u00fctzt. Die Stahlseill\u00e4nge betr\u00e4gt 30 m (98 ft), der Durchmesser 5,1 mm (0,2 in). Dank dieser robusten Konstruktion ist ein dauerhafter Betrieb der Maschine m\u00f6glich.<\/p>\n<\/li>\n<\/ul>\n<\/div>\n<\/div>\n<\/div>\n<\/div>\n<p><\/p>\n<\/div>\n<\/div>\n<p><\/p>","protected":false},"excerpt":{"rendered":"<p>Hign-concerned Chemical:&nbsp;None Origin:&nbsp;Mainland China Brand Name:&nbsp;VEVOR Capacity of Single\/Double Cable:&nbsp;1700 lbs\/220 LBS 1700 LBS Power:&nbsp;1300W 2200 LBS Power:&nbsp;1800W Material:&nbsp;Steel,Cast Iron &amp; Aluminum Product Description 1700lbs Electric Hoist With Trolley 1300W<\/p>","protected":false},"featured_media":25321,"comment_status":"open","ping_status":"closed","template":"","meta":{"_acf_changed":false},"product_brand":[],"product_cat":[517],"product_tag":[],"class_list":{"0":"post-25319","1":"product","2":"type-product","3":"status-publish","4":"has-post-thumbnail","6":"product_cat-electric-lifting-hoists","8":"first","9":"instock","10":"shipping-taxable","11":"purchasable","12":"product-type-variable"},"acf":[],"_links":{"self":[{"href":"https:\/\/electricstore.eu\/de\/wp-json\/wp\/v2\/product\/25319","targetHints":{"allow":["GET"]}}],"collection":[{"href":"https:\/\/electricstore.eu\/de\/wp-json\/wp\/v2\/product"}],"about":[{"href":"https:\/\/electricstore.eu\/de\/wp-json\/wp\/v2\/types\/product"}],"replies":[{"embeddable":true,"href":"https:\/\/electricstore.eu\/de\/wp-json\/wp\/v2\/comments?post=25319"}],"wp:featuredmedia":[{"embeddable":true,"href":"https:\/\/electricstore.eu\/de\/wp-json\/wp\/v2\/media\/25321"}],"wp:attachment":[{"href":"https:\/\/electricstore.eu\/de\/wp-json\/wp\/v2\/media?parent=25319"}],"wp:term":[{"taxonomy":"product_brand","embeddable":true,"href":"https:\/\/electricstore.eu\/de\/wp-json\/wp\/v2\/product_brand?post=25319"},{"taxonomy":"product_cat","embeddable":true,"href":"https:\/\/electricstore.eu\/de\/wp-json\/wp\/v2\/product_cat?post=25319"},{"taxonomy":"product_tag","embeddable":true,"href":"https:\/\/electricstore.eu\/de\/wp-json\/wp\/v2\/product_tag?post=25319"}],"curies":[{"name":"wp","href":"https:\/\/api.w.org\/{rel}","templated":true}]}}