{"id":25306,"date":"2025-05-20T18:58:33","date_gmt":"2025-05-20T18:58:33","guid":{"rendered":"https:\/\/electricstore.eu\/p\/uncategorized\/vevor-3000-5000kg-digital-crane-scales-heavy-duty-aluminum-hanging-scale-w-ocs-t-lcd-display-reinforced-ring-hook-for-industry\/"},"modified":"2025-05-20T18:59:27","modified_gmt":"2025-05-20T18:59:27","slug":"vevor-3000-5000kg-digital-crane-scales-heavy-duty-aluminum-hanging-scale-w-ocs-t-lcd-display-reinforced-ring-hook-for-industry","status":"publish","type":"product","link":"https:\/\/www.electricstore.eu\/de\/p\/o\/electric-lifting-hoists\/vevor-3000-5000kg-digital-crane-scales-heavy-duty-aluminum-hanging-scale-w-ocs-t-lcd-display-reinforced-ring-hook-for-industry\/","title":{"rendered":"VEVOR 3000 5000 kg digitale Kranwaage, robuste H\u00e4ngewaage aus Aluminium mit OCS-T-LCD-Display und verst\u00e4rktem Ringhaken f\u00fcr die Industrie"},"content":{"rendered":"<div class=\"product-specs-list-container\">\n<ul class=\"product-specs-list util-clearfix\">\n<li class=\"product-prop line-limit-length\"><span\n                                        class=\"property-title\">Hochgef\u00e4hrliche Chemikalie:&nbsp;<\/span><span\n                                        class=\"property-desc line-limit-length\">Keiner<\/span>\n                            <\/li>\n<li class=\"product-prop line-limit-length\"><span\n                                        class=\"property-title\">Typ:&nbsp;<\/span><span\n                                        class=\"property-desc line-limit-length\">Kranwaage<\/span>\n                            <\/li>\n<li class=\"product-prop line-limit-length\"><span\n                                        class=\"property-title\">Markenname:&nbsp;<\/span><span\n                                        class=\"property-desc line-limit-length\">VEVOR<\/span>\n                            <\/li>\n<li class=\"product-prop line-limit-length\"><span\n                                        class=\"property-title\">Herkunft:&nbsp;<\/span><span\n                                        class=\"property-desc line-limit-length\">Festlandchina<\/span>\n                            <\/li>\n<\/ul><\/div>\n<div class=\"detailmodule_html\">\n<div class=\"detail-desc-decorate-richtext\">\n<div class=\"detailmodule_dynamic\"><kse:widget data-widget-type=\"customText\" id=\"1005000000821364\" type=\"relation\"><\/kse:widget><\/div>\n<div style=\"padding:20px;padding-bottom:20px;padding-top:20px;padding-left:20px;padding-right:20px\">\n<div style=\"text-align:center;width:100%\" align=\"center\"><img decoding=\"async\" src=\"https:\/\/vevor-bmp-prm.s3.ap-east-1.amazonaws.com\/default\/vevor-1.png\" slate-data-type=\"image\"\/><\/div>\n<div style=\"font-size:16px;font-weight:bold;line-height:36px\">Produktbeschreibung<\/div>\n<div style=\"width:100%\"><img decoding=\"async\" src=\"https:\/\/d2qc09rl1gfuof.cloudfront.net\/product\/OCS-T-5TDZDC00001\/crane-scale-a100-1.4.jpg\" slate-data-type=\"image\"\/><\/div>\n<div style=\"margin-top:15px;display:flex\">\n<div style=\"width:33%\"><img decoding=\"async\" style=\"width:100%\" width=\"100%\" src=\"https:\/\/d2qc09rl1gfuof.cloudfront.net\/product\/OCS-T-5TDZDC00001\/crane-scale-x1.jpg\" slate-data-type=\"image\"\/><\/div>\n<div style=\"padding:0px 15px;padding-bottom:0px;padding-top:0px;padding-left:15px;padding-right:15px;width:33%\">\n<div style=\"font-size:16px;font-weight:700;line-height:36px\">11000LBS\/5000KG Digitale Kranwaage aus Aluminium<\/div>\n<div style=\"font-size:14px\"><\/div>\n<div style=\"font-size:14px\">Die digitale Kranwaage besteht aus hochwertigem Aluminium und bietet so hohe Leistung und Langzeitstabilit\u00e4t. Sie verf\u00fcgt \u00fcber Funktionen wie Nullstellen, Abziehen, Anzeige, \u00dcberlastungswarnung und automatische Abschaltung. Die digitale Fischwaage ist einfach zu bedienen und zu transportieren und wird h\u00e4ufig in Lagerhallen, der Landwirtschaft, der Jagd, der Fischerei, Werkst\u00e4tten, B\u00fcros und anderen Unternehmen eingesetzt.<\/div>\n<ul style=\"font-size:14px;background-color:rgb(243, 243, 243);border:1px solid rgb(204, 204, 204);margin-top:8px;padding:10px 40px;padding-bottom:10px;padding-top:10px;padding-left:40px;padding-right:40px\">\n<li>\n<p>Robustes Design<\/p>\n<\/li>\n<li>\n<p>Kompromisslose Genauigkeit<\/p>\n<\/li>\n<li>\n<p>LCD-Bildschirm<\/p>\n<\/li>\n<li>\n<p>Einfach zu verwenden<\/p>\n<\/li>\n<\/ul>\n<\/div>\n<div style=\"border-left:1px solid rgb(204, 204, 204);padding:0px 15px;padding-bottom:0px;padding-top:0px;padding-left:15px;padding-right:15px;width:33%\">\n<div style=\"padding:0px 15px;padding-bottom:0px;padding-top:0px;padding-left:15px;padding-right:15px\">\n<div><img decoding=\"async\" style=\"width:100%\" width=\"100%\" src=\"https:\/\/vevor-bmp-prm.s3.ap-east-1.amazonaws.com\/default\/vevor-2.jpg\" slate-data-type=\"image\"\/><\/div>\n<div style=\"font-size:14px;font-weight:bold;line-height:24px\">Robuste Ausr\u00fcstung und Werkzeuge, weniger bezahlen<\/div>\n<div style=\"font-size:12px;margin:8px 0px;margin-bottom:8px;margin-top:8px;margin-left:0px;margin-right:0px\">VEVOR ist eine f\u00fchrende Marke, die sich auf Ausr\u00fcstung und Werkzeuge spezialisiert hat. Zusammen mit Tausenden von motivierten<br \/>Mitarbeiter, VEVOR ist bestrebt, unseren Kunden robuste Ger\u00e4te und Werkzeuge zu unglaublich<br \/>niedrige Preise. Heute werden die Produkte von VEVOR in mehr als 200 L\u00e4ndern und Regionen mit 10 Millionen verkauft<br \/>plus Mitglieder weltweit.<\/div>\n<div style=\"font-size:14px;font-weight:bold;line-height:24px\">Warum VEVOR w\u00e4hlen?<\/div>\n<ul style=\"font-size:14px;background-color:rgb(243, 243, 243);border:1px solid rgb(204, 204, 204);margin-top:8px;padding:10px 40px;padding-bottom:10px;padding-top:10px;padding-left:40px;padding-right:40px\">\n<li>\n<p>Robuste Premium-Qualit\u00e4t<\/p>\n<\/li>\n<li>\n<p>Unglaublich niedrige Preise<\/p>\n<\/li>\n<li>\n<p>Schnelle und sichere Lieferung<\/p>\n<\/li>\n<li>\n<p>30 Tage kostenlose R\u00fccksendung<\/p>\n<\/li>\n<li>\n<p>Aufmerksamer Service rund um die Uhr<\/p>\n<\/li>\n<\/ul>\n<\/div>\n<\/div>\n<\/div>\n<div style=\"margin-top:30px\">\n<div style=\"font-size:16px;font-weight:bold;line-height:36px\">Hauptmerkmale<\/div>\n<div style=\"padding:30px;padding-bottom:30px;padding-top:30px;padding-left:30px;padding-right:30px\">\n<div>\n<div style=\"margin-top:15px;padding:0px 15px;padding-bottom:0px;padding-top:0px;padding-left:15px;padding-right:15px;display:inline-block;width:33%;box-sizing:border-box\">\n<div><img decoding=\"async\" style=\"width:100%\" width=\"100%\" src=\"https:\/\/d2qc09rl1gfuof.cloudfront.net\/product\/OCS-T-5TDZDC00001\/crane-scale-m100-2.jpg\" slate-data-type=\"image\"\/><\/div>\n<div style=\"font-size:16px;font-weight:700;line-height:36px\">Hervorragende Qualit\u00e4t<\/div>\n<div style=\"font-size:14px\">Geh\u00e4use aus pr\u00e4zisionsgeformter Aluminiumlegierung; Gussverfahren in Industriequalit\u00e4t, die H\u00e4ngewaage ist \u00e4u\u00dferst zuverl\u00e4ssig.<\/div>\n<\/div>\n<div style=\"margin-top:15px;padding:0px 15px;padding-bottom:0px;padding-top:0px;padding-left:15px;padding-right:15px;display:inline-block;width:33%;box-sizing:border-box\">\n<div><img decoding=\"async\" style=\"width:100%\" width=\"100%\" src=\"https:\/\/d2qc09rl1gfuof.cloudfront.net\/product\/OCS-T-5TDZDC00001\/crane-scale-m100-3.jpg\" slate-data-type=\"image\"\/><\/div>\n<div style=\"font-size:16px;font-weight:700;line-height:36px\">Pr\u00e4zise und empfindlich<\/div>\n<div style=\"font-size:14px\">Hochwertige W\u00e4gezellen gew\u00e4hrleisten konstante und genaue Messungen bis zu 11.000 lb oder 5.000 kg.<\/div>\n<\/div>\n<div style=\"margin-top:15px;padding:0px 15px;padding-bottom:0px;padding-top:0px;padding-left:15px;padding-right:15px;display:inline-block;width:33%;box-sizing:border-box\">\n<div><img decoding=\"async\" style=\"width:100%\" width=\"100%\" src=\"https:\/\/d2qc09rl1gfuof.cloudfront.net\/product\/OCS-T-5TDZDC00001\/crane-scale-m100-4.jpg\" slate-data-type=\"image\"\/><\/div>\n<div style=\"font-size:16px;font-weight:700;line-height:36px\">LCD-Hintergrundbeleuchtung<\/div>\n<div style=\"font-size:14px\">Das hochaufl\u00f6sende LCD-Display mit Hintergrundbeleuchtung vervollst\u00e4ndigt diese effiziente elektronische Fischwaage. LCD-Modulanzeige, leicht abzulesen.<\/div>\n<\/div>\n<div style=\"margin-top:15px;padding:0px 15px;padding-bottom:0px;padding-top:0px;padding-left:15px;padding-right:15px;display:inline-block;width:33%;box-sizing:border-box\">\n<div><img decoding=\"async\" style=\"width:100%\" width=\"100%\" src=\"https:\/\/d2qc09rl1gfuof.cloudfront.net\/product\/OCS-T-5TDZDC00001\/crane-scale-m100-5.jpg\" slate-data-type=\"image\"\/><\/div>\n<div style=\"font-size:16px;font-weight:700;line-height:36px\">Super einfach zu bedienen<\/div>\n<div style=\"font-size:14px\">Einfach zu verwenden und zu bedienen, Dinge an den Haken h\u00e4ngen und die Zahlen ablesen.<\/div>\n<\/div>\n<div style=\"margin-top:15px;padding:0px 15px;padding-bottom:0px;padding-top:0px;padding-left:15px;padding-right:15px;display:inline-block;width:33%;box-sizing:border-box\">\n<div><img decoding=\"async\" style=\"width:100%\" width=\"100%\" src=\"https:\/\/d2qc09rl1gfuof.cloudfront.net\/product\/OCS-T-5TDZDC00001\/crane-scale-m100-6.jpg\" slate-data-type=\"image\"\/><\/div>\n<div style=\"font-size:16px;font-weight:700;line-height:36px\">Verst\u00e4rkter Ring und Haken<\/div>\n<div style=\"font-size:14px\">Hochfeste Ringe und Haken sind robust und langlebig und sicher in der Anwendung.<\/div>\n<\/div>\n<div style=\"margin-top:15px;padding:0px 15px;padding-bottom:0px;padding-top:0px;padding-left:15px;padding-right:15px;display:inline-block;width:33%;box-sizing:border-box\">\n<div><img decoding=\"async\" style=\"width:100%\" width=\"100%\" src=\"https:\/\/d2qc09rl1gfuof.cloudfront.net\/product\/OCS-T-5TDZDC00001\/crane-scale-m100-7.jpg\" slate-data-type=\"image\"\/><\/div>\n<div style=\"font-size:16px;font-weight:700;line-height:36px\">Breite Anwendung<\/div>\n<div style=\"font-size:14px\">Die Industriewaage bietet professionelle Wiegel\u00f6sungen f\u00fcr die Schwerindustrie und wird h\u00e4ufig in Lagern, der Landwirtschaft, der Jagd, der Fischerei, Werkst\u00e4tten, B\u00fcros und anderen Unternehmen eingesetzt.<\/div>\n<\/div>\n<\/div>\n<\/div>\n<\/div>\n<div style=\"margin-top:15px;display:flex\">\n<div style=\"width:33%\"><img decoding=\"async\" style=\"width:100%\" width=\"100%\" src=\"https:\/\/d2qc09rl1gfuof.cloudfront.net\/product\/OCS-T-5TDZDC00001\/crane-scale-a100-2.jpg\" slate-data-type=\"image\"\/><\/div>\n<div style=\"padding:0px 15px;padding-bottom:0px;padding-top:0px;padding-left:15px;padding-right:15px;width:33%\">\n<div style=\"font-size:16px;font-weight:700;line-height:36px\">Technische Daten<\/div>\n<ul style=\"font-size:14px;border:1px solid rgb(204, 204, 204);margin-top:8px;padding:10px 40px;padding-bottom:10px;padding-top:10px;padding-left:40px;padding-right:40px\">\n<li>\n<p>Maximale Kapazit\u00e4t: 11000 lbs \/ 5000 kg<\/p>\n<\/li>\n<li>\n<p>Min. Kapazit\u00e4t: 88 lbs \/ 40 kg<\/p>\n<\/li>\n<li>\n<p>Aufl\u00f6sung: 4,4 lbs \/ 2 kg<\/p>\n<\/li>\n<li>\n<p>Abteilung: 2500<\/p>\n<\/li>\n<li>\n<p>Genauigkeitsklasse: OIML III<\/p>\n<\/li>\n<li>\n<p>Tarabereich: 100% FS<\/p>\n<\/li>\n<li>\n<p>Nullbereich: 4% FS<\/p>\n<\/li>\n<li>\n<p>Sicherheitslast: 120% FS<\/p>\n<\/li>\n<li>\n<p>Ultimative \u00dcberlastung: 400% FS<\/p>\n<\/li>\n<li>\n<p>\u00dcberlastwarnung: 100% FS + 9e<\/p>\n<\/li>\n<li>\n<p>Temperaturbereich: -10 \u00b0C bis 40 \u00b0C<\/p>\n<\/li>\n<li>\n<p>Bruttogewicht: 32,9 lbs \/ 14,9 kg<\/p>\n<\/li>\n<li>\n<p>Gr\u00f6\u00dfe: 10,4&quot; x 8,7&quot; x 29,5&quot; \/ 26,5 x 22 x 75 cm<\/p>\n<\/li>\n<\/ul>\n<\/div>\n<div style=\"border-left:1px solid rgb(204, 204, 204);padding:0px 15px;padding-bottom:0px;padding-top:0px;padding-left:15px;padding-right:15px;width:33%\">\n<div style=\"width:100%\"><img decoding=\"async\" style=\"width:100%\" width=\"100%\" src=\"https:\/\/d2qc09rl1gfuof.cloudfront.net\/product\/OCS-T-5TDZDC00001\/crane-scale-a100-3.jpg\" slate-data-type=\"image\"\/><\/div>\n<div style=\"font-size:14px;font-weight:bold;line-height:24px\">Packungsinhalt<\/div>\n<ul style=\"font-size:14px;background-color:rgb(243, 243, 243);border:1px solid rgb(204, 204, 204);margin-top:8px;padding:10px 40px;padding-bottom:10px;padding-top:10px;padding-left:40px;padding-right:40px\">\n<li>\n<p>1 x Kranwaage mit einer Kapazit\u00e4t von 5000 kg (Batterie nicht im Lieferumfang enthalten)<\/p>\n<\/li>\n<li>\n<p>1 x Fernbedienung<\/p>\n<\/li>\n<li>\n<p>1 x Akkuladeger\u00e4t\/Netzstecker<\/p>\n<\/li>\n<li>\n<p>1 x Benutzerhandbuch<\/p>\n<\/li>\n<\/ul>\n<\/div>\n<\/div>\n<div style=\"margin-top:15px;display:flex\">\n<div style=\"width:33%\"><img decoding=\"async\" style=\"width:100%\" width=\"100%\" src=\"https:\/\/d2qc09rl1gfuof.cloudfront.net\/product\/OCS-T-3000KGDZDC1\/crane-scale-a100-2.jpg\" slate-data-type=\"image\"\/><\/div>\n<div style=\"padding:0px 15px;padding-bottom:0px;padding-top:0px;padding-left:15px;padding-right:15px;width:33%\">\n<div style=\"font-size:16px;font-weight:700;line-height:36px\">Technische Daten<\/div>\n<ul style=\"font-size:14px;border:1px solid rgb(204, 204, 204);margin-top:8px;padding:10px 40px;padding-bottom:10px;padding-top:10px;padding-left:40px;padding-right:40px\">\n<li>\n<p>Maximale Kapazit\u00e4t: 6600 lbs \/ 3000 kg<\/p>\n<\/li>\n<li>\n<p>Min. Kapazit\u00e4t: 44 lbs \/ 20 kg<\/p>\n<\/li>\n<li>\n<p>Aufl\u00f6sung: 2,2 lbs \/ 1 kg<\/p>\n<\/li>\n<li>\n<p>Abteilung: 3000<\/p>\n<\/li>\n<li>\n<p>Genauigkeitsklasse: OIML III<\/p>\n<\/li>\n<li>\n<p>Tarabereich: 100% FS<\/p>\n<\/li>\n<li>\n<p>Nullbereich: 4% FS<\/p>\n<\/li>\n<li>\n<p>Sicherheitslast: 120% FS<\/p>\n<\/li>\n<li>\n<p>Ultimative \u00dcberlastung: 400% FS<\/p>\n<\/li>\n<li>\n<p>\u00dcberlastwarnung: 100% FS + 9e<\/p>\n<\/li>\n<li>\n<p>Temperaturbereich: -10 \u00b0C bis 40 \u00b0C<\/p>\n<\/li>\n<li>\n<p>Bruttogewicht: 30 lbs \/ 13,7 kg<\/p>\n<\/li>\n<li>\n<p>Gr\u00f6\u00dfe: 10,4&quot; x 8,7&quot; x 26,8&quot; \/ 26,5 x 22 x 68 cm<\/p>\n<\/li>\n<\/ul>\n<\/div>\n<div style=\"border-left:1px solid rgb(204, 204, 204);padding:0px 15px;padding-bottom:0px;padding-top:0px;padding-left:15px;padding-right:15px;width:33%\">\n<div style=\"width:100%\"><img decoding=\"async\" style=\"width:100%\" width=\"100%\" src=\"https:\/\/d2qc09rl1gfuof.cloudfront.net\/product\/OCS-T-3000KGDZDC1\/crane-scale-a100-3.jpg\" slate-data-type=\"image\"\/><\/div>\n<div style=\"font-size:14px;font-weight:bold;line-height:24px\">Packungsinhalt<\/div>\n<ul style=\"font-size:14px;background-color:rgb(243, 243, 243);border:1px solid rgb(204, 204, 204);margin-top:8px;padding:10px 40px;padding-bottom:10px;padding-top:10px;padding-left:40px;padding-right:40px\">\n<li>\n<p>1 x 3000 kg Kranwaage (Batterie nicht im Lieferumfang enthalten)<\/p>\n<\/li>\n<li>\n<p>1 x Fernbedienung<\/p>\n<\/li>\n<li>\n<p>1 x Akkuladeger\u00e4t\/Netzstecker<\/p>\n<\/li>\n<li>\n<p>1 x Benutzerhandbuch<\/p>\n<\/li>\n<\/ul>\n<\/div>\n<\/div>\n<div>\n<div style=\"font-size:16px;font-weight:bold;line-height:36px\">Funktionen und Details<\/div>\n<ul style=\"font-size:14px;padding-left:40px\">\n<li>\n<p>Robustes Design: Die digitale Kranwaage besteht aus hochwertigem Aluminium und ist \u00e4u\u00dferst stabil. Der robuste Stahlhaken verf\u00fcgt \u00fcber eine hohe Tragkraft. Dank des robusten Geh\u00e4usedesigns ist die Waage sto\u00dffest und sto\u00dffest, wie es bei schweren Arbeiten zu erwarten ist.<\/p>\n<\/li>\n<li>\n<p>Kompromisslose Genauigkeit: Die digitale H\u00e4ngewaage mit einer maximalen Kapazit\u00e4t von 5000 kg\/11000 LBS ist mit einem pr\u00e4zisen Sensor ausgestattet, verf\u00fcgt \u00fcber eine hohe Messgenauigkeit und verf\u00fcgt au\u00dferdem \u00fcber die Funktionen Null, Tara und Hold-Anzeige.<\/p>\n<\/li>\n<li>\n<p>LCD-Bildschirm: Die Angelwaage verf\u00fcgt \u00fcber ein gro\u00dfes LCD-Display mit Hintergrundbeleuchtung und Einheitenumrechnungsfunktion. Sie k\u00f6nnen zwischen Pfund und Kilogramm w\u00e4hlen und verf\u00fcgt \u00fcber eine \u00dcberlastungswarnung und eine automatische Abschaltfunktion.<\/p>\n<\/li>\n<li>\n<p>Einfach zu verwenden: Sie m\u00fcssen sich nicht mehr mit gro\u00dfen H\u00e4ngewaagen herumschlagen. Unsere Angelwaagen sind einfach zu bedienen und kompakt und k\u00f6nnen bequem im Handschuhfach des Autos oder zusammen mit Ihrer Outdoor-Ausr\u00fcstung verstaut werden.<\/p>\n<\/li>\n<li>\n<p>Erleben Sie die Vielseitigkeit: Die elektronische H\u00e4ngewaage liest das Gewicht schnell ab und eignet sich zum Angeln, Jagen, auf Bauernh\u00f6fen oder Baustellen oder f\u00fcr andere schwere Arbeiten.<\/p>\n<\/li>\n<\/ul>\n<\/div>\n<\/div>\n<div class=\"detailmodule_dynamic\"><kse:widget data-widget-type=\"customText\" id=\"1005000000397265\" type=\"custom\"><\/kse:widget><\/div>\n<p><\/p>\n<\/div>\n<\/div>\n<p><\/p>","protected":false},"excerpt":{"rendered":"<p>Hign-concerned Chemical:&nbsp;None Type:&nbsp;Crane Scale Brand Name:&nbsp;VEVOR Origin:&nbsp;Mainland China Product Description 11000LBS\/5000KG Aluminum Digital Crane Scale The digital crane scale is made of high-quality aluminum, which provides high performance and long-term<\/p>","protected":false},"featured_media":25307,"comment_status":"open","ping_status":"closed","template":"","meta":{"_acf_changed":false},"product_brand":[],"product_cat":[517],"product_tag":[],"class_list":{"0":"post-25306","1":"product","2":"type-product","3":"status-publish","4":"has-post-thumbnail","6":"product_cat-electric-lifting-hoists","8":"first","9":"instock","10":"shipping-taxable","11":"purchasable","12":"product-type-variable"},"acf":[],"_links":{"self":[{"href":"https:\/\/www.electricstore.eu\/de\/wp-json\/wp\/v2\/product\/25306","targetHints":{"allow":["GET"]}}],"collection":[{"href":"https:\/\/www.electricstore.eu\/de\/wp-json\/wp\/v2\/product"}],"about":[{"href":"https:\/\/www.electricstore.eu\/de\/wp-json\/wp\/v2\/types\/product"}],"replies":[{"embeddable":true,"href":"https:\/\/www.electricstore.eu\/de\/wp-json\/wp\/v2\/comments?post=25306"}],"wp:featuredmedia":[{"embeddable":true,"href":"https:\/\/www.electricstore.eu\/de\/wp-json\/wp\/v2\/media\/25307"}],"wp:attachment":[{"href":"https:\/\/www.electricstore.eu\/de\/wp-json\/wp\/v2\/media?parent=25306"}],"wp:term":[{"taxonomy":"product_brand","embeddable":true,"href":"https:\/\/www.electricstore.eu\/de\/wp-json\/wp\/v2\/product_brand?post=25306"},{"taxonomy":"product_cat","embeddable":true,"href":"https:\/\/www.electricstore.eu\/de\/wp-json\/wp\/v2\/product_cat?post=25306"},{"taxonomy":"product_tag","embeddable":true,"href":"https:\/\/www.electricstore.eu\/de\/wp-json\/wp\/v2\/product_tag?post=25306"}],"curies":[{"name":"wp","href":"https:\/\/api.w.org\/{rel}","templated":true}]}}