{"id":25293,"date":"2025-05-20T18:58:30","date_gmt":"2025-05-20T18:58:30","guid":{"rendered":"https:\/\/electricstore.eu\/p\/uncategorized\/vevor-1100lbs-1500w-electric-hoist-winch-3-in-1-portable-power-winch-crane-with-wireless-remote-control-for-overload-protection\/"},"modified":"2025-05-20T18:59:22","modified_gmt":"2025-05-20T18:59:22","slug":"vevor-1100lbs-1500w-electric-hoist-winch-3-in-1-portable-power-winch-crane-with-wireless-remote-control-for-overload-protection","status":"publish","type":"product","link":"https:\/\/www.electricstore.eu\/de\/p\/o\/electric-lifting-hoists\/vevor-1100lbs-1500w-electric-hoist-winch-3-in-1-portable-power-winch-crane-with-wireless-remote-control-for-overload-protection\/","title":{"rendered":"VEVOR 1100lbs 1500W Elektrische Hebewinde 3-in-1 Tragbarer Power-Windenkran mit kabelloser Fernbedienung f\u00fcr \u00dcberlastschutz"},"content":{"rendered":"<div class=\"product-specs-list-container\">\n<ul class=\"product-specs-list util-clearfix\">\n<li class=\"product-prop line-limit-length\"><span\n                                        class=\"property-title\">Hochgef\u00e4hrliche Chemikalie:&nbsp;<\/span><span\n                                        class=\"property-desc line-limit-length\">Keiner<\/span>\n                            <\/li>\n<li class=\"product-prop line-limit-length\"><span\n                                        class=\"property-title\">Herkunft:&nbsp;<\/span><span\n                                        class=\"property-desc line-limit-length\">Festlandchina<\/span>\n                            <\/li>\n<li class=\"product-prop line-limit-length\"><span\n                                        class=\"property-title\">Markenname:&nbsp;<\/span><span\n                                        class=\"property-desc line-limit-length\">VEVOR<\/span>\n                            <\/li>\n<\/ul><\/div>\n<p><\/p>\n<div class=\"detailmodule_html\">\n<div class=\"detail-desc-decorate-richtext\">\n<div style=\"font-family:&quot;Open sans&quot;, Arial, Helvetica, sans-serif\">\n<div style=\"font-family:&quot;Open sans&quot;, Arial, Helvetica, sans-serif\"><img decoding=\"async\" style=\"width:100%\" width=\"100%\" src=\"https:\/\/d2qc09rl1gfuof.cloudfront.net\/vevor\/boutique-banner\/pc\/banner-en.jpg\" slate-data-type=\"image\"\/><\/div>\n<div style=\"font-family:&quot;Open sans&quot;, Arial, Helvetica, sans-serif\">\n<div style=\"font-size:16px;font-weight:bold;text-align:center;color:rgb(34, 34, 34);margin:24px 0px;margin-bottom:24px;margin-top:24px;margin-left:0px;margin-right:0px\" align=\"center\">VEVOR Tragbare elektrische Hebewinde<\/div>\n<div><img decoding=\"async\" style=\"width:100%\" width=\"100%\" src=\"https:\/\/d2qc09rl1gfuof.cloudfront.net\/product\/BXSDDHL1100BE27PC\/electric-hoist-a100-1.4.jpg\" slate-data-type=\"image\"\/><\/div>\n<div style=\"font-size:14px;text-align:center;color:rgb(34, 34, 34);margin:16px 0px 24px;margin-bottom:24px;margin-top:16px;margin-left:0px;margin-right:0px\" align=\"center\">Unsere elektrische Hebewinde ist besonders benutzerfreundlich. Einfach anschlie\u00dfen und los geht&#039;s! Ob drinnen oder drau\u00dfen, sie bew\u00e4ltigt Lasten bis zu 500 kg m\u00fchelos.<\/div>\n<\/div>\n<div style=\"font-family:&quot;Open sans&quot;, Arial, Helvetica, sans-serif\">\n<div>\u00a0<\/div>\n<div style=\"margin:8px 0px;margin-bottom:8px;margin-top:8px;margin-left:0px;margin-right:0px\"><img decoding=\"async\" style=\"width:100%\" width=\"100%\" src=\"https:\/\/d2qc09rl1gfuof.cloudfront.net\/product\/BXSDDHL1100BE27PC\/electric-hoist-a100-2.2.jpg\" slate-data-type=\"image\"\/><\/div>\n<div style=\"font-size:14px;text-align:center;color:rgb(34, 34, 34);margin:16px 0px 24px;margin-bottom:24px;margin-top:16px;margin-left:0px;margin-right:0px\" align=\"center\">Unsere tragbare Elektrowinde bietet Ihnen drei Steuerungsm\u00f6glichkeiten. Nutzen Sie die manuelle Steuerung f\u00fcr kurze Arbeiten in der N\u00e4he, wechseln Sie f\u00fcr Arbeiten mittlerer Entfernung zur 5,8 m langen Kabelfernbedienung oder genie\u00dfen Sie die Freiheit der 61 m langen Funkfernbedienung.<\/div>\n<\/div>\n<div style=\"font-family:&quot;Open sans&quot;, Arial, Helvetica, sans-serif\">\n<div>\u00a0<\/div>\n<div style=\"margin:8px 0px;margin-bottom:8px;margin-top:8px;margin-left:0px;margin-right:0px\"><img decoding=\"async\" style=\"width:100%\" width=\"100%\" src=\"https:\/\/d2qc09rl1gfuof.cloudfront.net\/product\/BXSDDHL1100BE27PC\/electric-hoist-a100-2.3.jpg\" slate-data-type=\"image\"\/><\/div>\n<div style=\"font-size:14px;text-align:center;color:rgb(34, 34, 34);margin:16px 0px 24px;margin-bottom:24px;margin-top:16px;margin-left:0px;margin-right:0px\" align=\"center\">Steigern Sie Ihre Effizienz mit unserem leistungsstarken Seilwindenkran, ausgestattet mit einem Premium-Kupfermotor und einem Aluminiumgetriebe. Es geht nicht nur um Kraft \u2013 es geht um 1500 W gleichm\u00e4\u00dfigen, k\u00fchlen Lauf, perfekt f\u00fcr lange Hebearbeiten.<\/div>\n<\/div>\n<div style=\"font-family:&quot;Open sans&quot;, Arial, Helvetica, sans-serif\">\n<div>\u00a0<\/div>\n<div style=\"margin:8px 0px;margin-bottom:8px;margin-top:8px;margin-left:0px;margin-right:0px\"><img decoding=\"async\" style=\"width:100%\" width=\"100%\" src=\"https:\/\/d2qc09rl1gfuof.cloudfront.net\/product\/BXSDDHL1100BE27PC\/electric-hoist-a100-2.4.jpg\" slate-data-type=\"image\"\/><\/div>\n<div style=\"font-size:14px;text-align:center;color:rgb(34, 34, 34);margin:16px 0px 24px;margin-bottom:24px;margin-top:16px;margin-left:0px;margin-right:0px\" align=\"center\">Wir haben bei unserem Elektrohebezeugseil keine M\u00fchen gescheut. Keine gew\u00f6hnlichen Seilwindungen \u2013 unser dickes, verzinktes Stahlseil ist auf Stabilit\u00e4t und Sicherheit ausgelegt und gew\u00e4hrleistet ein reibungsloses Heben Ihrer Lasten.<\/div>\n<\/div>\n<div style=\"font-family:&quot;Open sans&quot;, Arial, Helvetica, sans-serif\">\n<div>\u00a0<\/div>\n<div style=\"margin:8px 0px;margin-bottom:8px;margin-top:8px;margin-left:0px;margin-right:0px\"><img decoding=\"async\" style=\"width:100%\" width=\"100%\" src=\"https:\/\/d2qc09rl1gfuof.cloudfront.net\/product\/BXSDDHL1100BE27PC\/electric-hoist-a100-2.5.jpg\" slate-data-type=\"image\"\/><\/div>\n<div style=\"font-size:14px;text-align:center;color:rgb(34, 34, 34);margin:16px 0px 24px;margin-bottom:24px;margin-top:16px;margin-left:0px;margin-right:0px\" align=\"center\">Ob drinnen oder drau\u00dfen, in luftiger H\u00f6he oder quer \u00fcber den Boden \u2013 unsere tragbare Seilwinde ist die ideale L\u00f6sung, um m\u00fchelos alles \u00fcberallhin zu bewegen. Schluss mit der schweren Arbeit, jetzt wird Heben zum Kinderspiel!<\/div>\n<\/div>\n<div style=\"margin:16px 0px 24px;margin-bottom:24px;margin-top:16px;margin-left:0px;margin-right:0px\"><\/div>\n<div style=\"margin:24px 0px;margin-bottom:24px;margin-top:24px;margin-left:0px;margin-right:0px\">\n<div style=\"font-size:16px;font-weight:bold;color:rgb(34, 34, 34);margin:24px 0px 16px;margin-bottom:16px;margin-top:24px;margin-left:0px;margin-right:0px\">Funktionen und Details<\/div>\n<ul style=\"margin:16px 0px 24px;margin-bottom:24px;margin-top:16px;margin-left:0px;margin-right:0px\">\n<li style=\"font-size:14px;color:rgb(34, 34, 34)\">\n<p>3-in-1-Steuerungsmethoden: Lernen Sie unseren vielseitigen Elektrohebezeug mit 3 Steuerungsmodi kennen. Nutzen Sie die manuelle Steuerung f\u00fcr schnelle, kurze Hebevorg\u00e4nge. Die 6 m lange Kabelfernbedienung ist Ihr zuverl\u00e4ssiger Helfer beim Heben schwerer Lasten in der N\u00e4he. Oder heben Sie gr\u00f6\u00dfere Entfernungen mit unserer 60 m langen Funkfernbedienung \u2013 perfekt f\u00fcr Arbeiten in der H\u00f6he. HINWEIS: Betreiben Sie das Hebezeug beim ersten Gebrauch nicht ohne Last!<\/p>\n<\/li>\n<li style=\"font-size:14px;color:rgb(34, 34, 34)\">\n<p>60 m Funkfernbedienung: Die Funkfernbedienung unserer elektrischen Hebewinde hat eine beeindruckende Reichweite von 60 Metern. Zwei Fernbedienungen sind im Lieferumfang enthalten (drei weitere k\u00f6nnen hinzugef\u00fcgt werden). So einfach war das Heben im Team noch nie. Ob Motoren oder Waren in Lagerhallen \u2013 wir haben die passende L\u00f6sung f\u00fcr Ihre Aufgaben in der H\u00f6he und an entfernten Orten.<\/p>\n<\/li>\n<li style=\"font-size:14px;color:rgb(34, 34, 34)\">\n<p>1500 W Power: Mit dem 1500-W-Motor unserer tragbaren Elektrowinde meistern Sie jede Herausforderung \u2013 die perfekte Balance aus Kraft und Geschwindigkeit. Mit einer Hubgeschwindigkeit von bis zu 4 m\/min und einer maximalen Hubh\u00f6he von 7 m \u00fcberzeugt diese Hebevorrichtung durch effiziente Leistung. Dank des k\u00fchl laufenden Getriebes ist sie zudem bestens f\u00fcr den dauerhaften Einsatz ger\u00fcstet.<\/p>\n<\/li>\n<li style=\"font-size:14px;color:rgb(34, 34, 34)\">\n<p>Material in Luftfahrtqualit\u00e4t: St\u00e4rke trifft auf Eleganz \u2013 das verzinkte Stahlseil unserer Seilwinde entspricht h\u00f6chsten Luftfahrtstandards. Schluss mit Verdrehungen und Verwicklungen! Profitieren Sie von der Langlebigkeit dieses Seils, das Zugkr\u00e4ften bis zu 1520 MPa standh\u00e4lt. Heben Sie sicher und sorgenfrei.<\/p>\n<\/li>\n<li style=\"font-size:14px;color:rgb(34, 34, 34)\">\n<p>Hochleistungs-Hebehaken: Der Hochleistungs-Hebehaken unserer tragbaren Seilwinde ist ein echter Gamechanger. Er kann bis zu 500 kg heben und ist damit extrem robust. Dank 360\u00b0-Drehung und stabilem Sicherheitsverschluss bleiben Ihre Lasten sicher und lassen sich m\u00fchelos man\u00f6vrieren. Heben Sie also Ihre Kuh (oder was auch immer) ganz einfach an!<\/p>\n<\/li>\n<\/ul>\n<\/div>\n<div>\n<div>\u00a0<\/div>\n<div>\n<div>\u00a0<\/div>\n<div style=\"margin:16px 0px 24px;margin-bottom:24px;margin-top:16px;margin-left:0px;margin-right:0px\"><strong>500-A Manuell\/Kabelgebunden\/Kabellos<\/strong><\/div>\n<div style=\"margin:16px 0px 24px;margin-bottom:24px;margin-top:16px;margin-left:0px;margin-right:0px\"><img decoding=\"async\" style=\"width:100%\" width=\"100%\" src=\"https:\/\/d2qc09rl1gfuof.cloudfront.net\/product\/BXSDDHL1100BE27PC\/electric-hoist-a100-1.11.jpg\" slate-data-type=\"image\"\/><\/div>\n<\/div>\n<\/div>\n<div style=\"font-family:&quot;Open sans&quot;, Arial, Helvetica, sans-serif\">\n<div>\u00a0<\/div>\n<div>\n<div style=\"margin:16px 0px 24px;margin-bottom:24px;margin-top:16px;margin-left:0px;margin-right:0px\"><span style=\"font-family:&quot;Microsoft YaHei&quot;\"><span style=\"font-family:&quot;Open sans&quot;, Arial, Helvetica, sans-serif\"><strong>500-B <\/strong><\/span><\/span><span style=\"font-family:&quot;Microsoft YaHei&quot;\"><strong>Manuell\/Drahtlos<\/strong><\/span><\/div>\n<div style=\"margin:16px 0px 24px;margin-bottom:24px;margin-top:16px;margin-left:0px;margin-right:0px\"><img decoding=\"async\" style=\"width:100%\" width=\"100%\" src=\"https:\/\/d2qc09rl1gfuof.cloudfront.net\/product\/BXSDDHL1100BF7XB2\/electric-hoist-a100-1.11.jpg\" slate-data-type=\"image\"\/><\/div>\n<\/div>\n<\/div>\n<div style=\"font-family:&quot;Open sans&quot;, Arial, Helvetica, sans-serif\">\n<div>\u00a0<\/div>\n<div>\n<div style=\"margin:16px 0px 24px;margin-bottom:24px;margin-top:16px;margin-left:0px;margin-right:0px\"><span style=\"font-family:&quot;Microsoft YaHei&quot;\"><span style=\"font-family:&quot;Open sans&quot;, Arial, Helvetica, sans-serif\"><strong>500-C <\/strong><\/span><\/span><span style=\"font-family:&quot;Microsoft YaHei&quot;\"><strong>Manuell\/Kabelgebunden<\/strong><\/span><\/div>\n<div style=\"margin:16px 0px 24px;margin-bottom:24px;margin-top:16px;margin-left:0px;margin-right:0px\"><img decoding=\"async\" style=\"width:100%\" width=\"100%\" src=\"https:\/\/d2qc09rl1gfuof.cloudfront.net\/product\/BXSDDHL1100BSJQDB\/electric-hoist-a100-1.11.jpg\" slate-data-type=\"image\"\/><\/div>\n<\/div>\n<\/div>\n<\/div>\n<p><\/div>\n<\/div>\n<p><\/p>","protected":false},"excerpt":{"rendered":"<p>Hign-concerned Chemical:&nbsp;None Origin:&nbsp;Mainland China Brand Name:&nbsp;VEVOR VEVOR Portable Electric Hoist Winch Our electric hoist winch is all about convenience. Grab it, plug it, and you&#x27;re set to lift! Whether you&#x27;re<\/p>","protected":false},"featured_media":25294,"comment_status":"open","ping_status":"closed","template":"","meta":{"_acf_changed":false},"product_brand":[],"product_cat":[517],"product_tag":[],"class_list":{"0":"post-25293","1":"product","2":"type-product","3":"status-publish","4":"has-post-thumbnail","6":"product_cat-electric-lifting-hoists","8":"first","9":"instock","10":"shipping-taxable","11":"purchasable","12":"product-type-variable"},"acf":[],"_links":{"self":[{"href":"https:\/\/www.electricstore.eu\/de\/wp-json\/wp\/v2\/product\/25293","targetHints":{"allow":["GET"]}}],"collection":[{"href":"https:\/\/www.electricstore.eu\/de\/wp-json\/wp\/v2\/product"}],"about":[{"href":"https:\/\/www.electricstore.eu\/de\/wp-json\/wp\/v2\/types\/product"}],"replies":[{"embeddable":true,"href":"https:\/\/www.electricstore.eu\/de\/wp-json\/wp\/v2\/comments?post=25293"}],"wp:featuredmedia":[{"embeddable":true,"href":"https:\/\/www.electricstore.eu\/de\/wp-json\/wp\/v2\/media\/25294"}],"wp:attachment":[{"href":"https:\/\/www.electricstore.eu\/de\/wp-json\/wp\/v2\/media?parent=25293"}],"wp:term":[{"taxonomy":"product_brand","embeddable":true,"href":"https:\/\/www.electricstore.eu\/de\/wp-json\/wp\/v2\/product_brand?post=25293"},{"taxonomy":"product_cat","embeddable":true,"href":"https:\/\/www.electricstore.eu\/de\/wp-json\/wp\/v2\/product_cat?post=25293"},{"taxonomy":"product_tag","embeddable":true,"href":"https:\/\/www.electricstore.eu\/de\/wp-json\/wp\/v2\/product_tag?post=25293"}],"curies":[{"name":"wp","href":"https:\/\/api.w.org\/{rel}","templated":true}]}}