{"id":25283,"date":"2025-05-20T18:58:26","date_gmt":"2025-05-20T18:58:26","guid":{"rendered":"https:\/\/electricstore.eu\/p\/uncategorized\/vevor-300kg-electric-hoist-lifting-crane-cable-hoist-winch-for-boat-car-garage-elevator-with-wired-remote-control-lifter\/"},"modified":"2025-05-20T18:59:06","modified_gmt":"2025-05-20T18:59:06","slug":"vevor-300kg-electric-hoist-lifting-crane-cable-hoist-winch-for-boat-car-garage-elevator-with-wired-remote-control-lifter","status":"publish","type":"product","link":"https:\/\/www.electricstore.eu\/de\/p\/o\/electric-lifting-hoists\/vevor-300kg-electric-hoist-lifting-crane-cable-hoist-winch-for-boat-car-garage-elevator-with-wired-remote-control-lifter\/","title":{"rendered":"VEVOR 300 kg Elektro-Hebekran, Seilwinde f\u00fcr Boots-, Auto- und Garagenaufz\u00fcge mit kabelgebundener Fernbedienung"},"content":{"rendered":"<div class=\"product-specs-list-container\">\n<ul class=\"product-specs-list util-clearfix\">\n<li class=\"product-prop line-limit-length\"><span\n                                        class=\"property-title\">Hochgef\u00e4hrliche Chemikalie:&nbsp;<\/span><span\n                                        class=\"property-desc line-limit-length\">Keiner<\/span>\n                            <\/li>\n<li class=\"product-prop line-limit-length\"><span\n                                        class=\"property-title\">Herkunft:&nbsp;<\/span><span\n                                        class=\"property-desc line-limit-length\">Festlandchina<\/span>\n                            <\/li>\n<li class=\"product-prop line-limit-length\"><span\n                                        class=\"property-title\">Markenname:&nbsp;<\/span><span\n                                        class=\"property-desc line-limit-length\">VEVOR<\/span>\n                            <\/li>\n<\/ul><\/div>\n<div class=\"detailmodule_dynamic\"><kse:widget data-widget-type=\"customText\" id=\"1005000000572806\" type=\"relation\"><\/kse:widget><\/div>\n<div class=\"detailmodule_html\">\n<div class=\"detail-desc-decorate-richtext\">\n<div style=\"padding:20px;padding-bottom:20px;padding-top:20px;padding-left:20px;padding-right:20px\">\n<div style=\"text-align:center;width:100%\" align=\"center\"><img decoding=\"async\" src=\"https:\/\/vevor-bmp-prm.s3.ap-east-1.amazonaws.com\/default\/vevor-1.png\" slate-data-type=\"image\"\/><\/div>\n<div style=\"font-size:16px;font-weight:bold;line-height:36px\">Produktbeschreibung<\/div>\n<div style=\"width:100%\"><img decoding=\"async\" src=\"https:\/\/d2qc09rl1gfuof.cloudfront.net\/product\/DDHLPA30000000001\/lift-electric-hoist-a100-1.4.jpg\" slate-data-type=\"image\"\/><\/div>\n<div style=\"margin-top:15px;display:flex\">\n<div style=\"width:33%\"><img decoding=\"async\" style=\"width:100%\" width=\"100%\" src=\"https:\/\/d2qc09rl1gfuof.cloudfront.net\/product\/DDHLPA30000000001\/lift-electric-hoist-x1.jpg\" slate-data-type=\"image\"\/><\/div>\n<div style=\"padding:0px 15px;padding-bottom:0px;padding-top:0px;padding-left:15px;padding-right:15px;width:33%\">\n<div style=\"font-size:16px;font-weight:bold;line-height:36px\">Elektrischer Hebezeug mit einer Hubkraft von 660 Pfund<\/div>\n<div style=\"font-size:14px\"><\/div>\n<div style=\"font-size:14px\">550-W-Kupfermotor, verdrehsicherer Stahldraht und hohe Sicherheit<\/div>\n<ul style=\"font-size:14px;background-color:rgb(243, 243, 243);border:1px solid rgb(204, 204, 204);margin-top:8px;padding:10px 40px;padding-bottom:10px;padding-top:10px;padding-left:40px;padding-right:40px\">\n<li>\n<p>Dieser elektrische Hebezeug ist f\u00fcr das Heben und Bewegen schwerer Lasten konzipiert. Die Stahlkonstruktion und der Motor aus reinem Kupfer machen ihn langlebig und hocheffizient. Das Hebezeug kann mit einem einstr\u00e4ngigen Seil (Tragf\u00e4higkeit 150 kg) oder zweistr\u00e4ngigen Seilen (Tragf\u00e4higkeit 300 kg) verwendet werden. Es ist das ideale Hilfsmittel f\u00fcr Fabriken, Docks, Lagerhallen, Baustellen und andere Einsatzorte.<\/p>\n<\/li>\n<li>\n<p>Tragf\u00e4higkeit von 660 Pfund<\/p>\n<\/li>\n<li>\n<p>Leistungsstarker 550-W-Motor<\/p>\n<\/li>\n<li>\n<p>3,9 Fu\u00df langes Steuerkabel<\/p>\n<\/li>\n<li>\n<p>Premiumstruktur<\/p>\n<\/li>\n<\/ul>\n<\/div>\n<div style=\"border-left:1px solid rgb(204, 204, 204);padding:0px 15px;padding-bottom:0px;padding-top:0px;padding-left:15px;padding-right:15px;width:33%\">\n<div>\u00a0<\/div>\n<div style=\"padding:0px 15px;padding-bottom:0px;padding-top:0px;padding-left:15px;padding-right:15px\">\n<div><img decoding=\"async\" style=\"width:100%\" width=\"100%\" src=\"https:\/\/vevor-bmp-prm.s3.ap-east-1.amazonaws.com\/default\/vevor-2.jpg\" slate-data-type=\"image\"\/><\/div>\n<div style=\"font-size:14px;font-weight:bold;line-height:24px\">Robuste Ausr\u00fcstung und Werkzeuge, weniger bezahlen<\/div>\n<div style=\"font-size:12px;margin:8px 0px;margin-bottom:8px;margin-top:8px;margin-left:0px;margin-right:0px\">VEVOR ist eine f\u00fchrende Marke f\u00fcr Ausr\u00fcstung und Werkzeuge. Gemeinsam mit Tausenden motivierten Mitarbeitern bietet VEVOR seinen Kunden robuste Ausr\u00fcstung und Werkzeuge zu unglaublich g\u00fcnstigen Preisen. VEVOR-Produkte werden heute in \u00fcber 200 L\u00e4ndern und Regionen vertrieben und z\u00e4hlen weltweit mehr als 10 Millionen Mitglieder.<\/div>\n<div style=\"font-size:14px;font-weight:bold;line-height:24px\">Warum VEVOR w\u00e4hlen?<\/div>\n<ul style=\"font-size:14px;background-color:rgb(243, 243, 243);border:1px solid rgb(204, 204, 204);margin-top:8px;padding:10px 40px;padding-bottom:10px;padding-top:10px;padding-left:40px;padding-right:40px\">\n<li>\n<p>Robuste Premium-Qualit\u00e4t<\/p>\n<\/li>\n<li>\n<p>Unglaublich niedrige Preise<\/p>\n<\/li>\n<li>\n<p>Schnelle und sichere Lieferung<\/p>\n<\/li>\n<li>\n<p>30 Tage kostenlose R\u00fccksendung<\/p>\n<\/li>\n<li>\n<p>Aufmerksamer Service rund um die Uhr<\/p>\n<\/li>\n<\/ul>\n<\/div>\n<\/div>\n<\/div>\n<div style=\"margin-top:30px\">\n<div style=\"font-size:16px;font-weight:bold;line-height:36px\">Hauptmerkmale<\/div>\n<div style=\"padding:30px;padding-bottom:30px;padding-top:30px;padding-left:30px;padding-right:30px\">\n<div>\n<div style=\"margin-top:15px;padding:0px 15px;padding-bottom:0px;padding-top:0px;padding-left:15px;padding-right:15px;display:inline-block;width:33%;box-sizing:border-box\">\n<div><img decoding=\"async\" style=\"width:100%\" width=\"100%\" src=\"https:\/\/d2qc09rl1gfuof.cloudfront.net\/product\/DDHLPA30000000001\/lift-electric-hoist-m100-2.jpg\" slate-data-type=\"image\"\/><\/div>\n<div style=\"font-size:16px;font-weight:bold;line-height:36px\">Gro\u00dfe Tragf\u00e4higkeit<\/div>\n<div style=\"font-size:14px\">Unser elektrischer Hebezeug erf\u00fcllt Ihre vielf\u00e4ltigen Anforderungen an St\u00e4rke und Belastbarkeit. Die Tragf\u00e4higkeit und Geschwindigkeit im Einseilbetrieb betragen 150 kg (330 lbs) bzw. 10 m\/min (32,8 ft\/min). Im Zweiseilbetrieb betragen die Tragf\u00e4higkeit und Geschwindigkeit 300 kg (660 lbs) bzw. 5 m\/min (16,4 ft\/min).<\/div>\n<\/div>\n<div style=\"margin-top:15px;padding:0px 15px;padding-bottom:0px;padding-top:0px;padding-left:15px;padding-right:15px;display:inline-block;width:33%;box-sizing:border-box\">\n<div><img decoding=\"async\" style=\"width:100%\" width=\"100%\" src=\"https:\/\/d2qc09rl1gfuof.cloudfront.net\/product\/DDHLPA30000000001\/lift-electric-hoist-m100-3.jpg\" slate-data-type=\"image\"\/><\/div>\n<div style=\"font-size:16px;font-weight:bold;line-height:36px\">Griffschalter<\/div>\n<div style=\"font-size:14px\">Die kabelgebundene Fernbedienung dieses Hebezeugs wird \u00fcber einen Griffschalter bedient. Durch Dr\u00fccken nach oben wird das Hebezeug angehoben, umgekehrt abgesenkt. Das ca. 1,2 m lange Kabel erm\u00f6glicht die Bedienung aus einer gewissen Entfernung.<\/div>\n<\/div>\n<div style=\"margin-top:15px;padding:0px 15px;padding-bottom:0px;padding-top:0px;padding-left:15px;padding-right:15px;display:inline-block;width:33%;box-sizing:border-box\">\n<div><img decoding=\"async\" style=\"width:100%\" width=\"100%\" src=\"https:\/\/d2qc09rl1gfuof.cloudfront.net\/product\/DDHLPA30000000001\/lift-electric-hoist-m100-4.jpg\" slate-data-type=\"image\"\/><\/div>\n<div style=\"font-size:16px;font-weight:bold;line-height:36px\">Hochwertiger Kupfermotor<\/div>\n<div style=\"font-size:14px\">Die elektrische Hebevorrichtung ist mit einem 550-W-Reinkupfermotor ausgestattet, der sich durch hohe Effizienz und geringe Ger\u00e4uschentwicklung auszeichnet. Dank ihrer schnellen W\u00e4rmeableitung kann die Seilwinde zudem \u00fcber einen langen Zeitraum kontinuierlich betrieben werden.<\/div>\n<\/div>\n<div style=\"margin-top:15px;padding:0px 15px;padding-bottom:0px;padding-top:0px;padding-left:15px;padding-right:15px;display:inline-block;width:33%;box-sizing:border-box\">\n<div><img decoding=\"async\" style=\"width:100%\" width=\"100%\" src=\"https:\/\/d2qc09rl1gfuof.cloudfront.net\/product\/DDHLPA30000000001\/lift-electric-hoist-m100-5.jpg\" slate-data-type=\"image\"\/><\/div>\n<div style=\"font-size:16px;font-weight:bold;line-height:36px\">Sicherheitsdesign<\/div>\n<div style=\"font-size:14px\">Sobald der rote Block den Endschalter ber\u00fchrt, stoppt der Motor automatisch, um eine \u00dcberlastung der Ketten zu verhindern. Zus\u00e4tzlich gew\u00e4hrleisten der verzinkte Stahldraht und der Haken mit Verriegelung einen doppelten Schutz.<\/div>\n<\/div>\n<div style=\"margin-top:15px;padding:0px 15px;padding-bottom:0px;padding-top:0px;padding-left:15px;padding-right:15px;display:inline-block;width:33%;box-sizing:border-box\">\n<div><img decoding=\"async\" style=\"width:100%\" width=\"100%\" src=\"https:\/\/d2qc09rl1gfuof.cloudfront.net\/product\/DDHLPA30000000001\/lift-electric-hoist-m100-6.jpg\" slate-data-type=\"image\"\/><\/div>\n<div style=\"font-size:16px;font-weight:bold;line-height:36px\">Einfache Installation<\/div>\n<div style=\"font-size:14px\">Um Ihren Anforderungen gerecht zu werden, ist unser Elektrohebezeug mit einem einfach zu montierenden Metallbefestigungsring ausgestattet. Bitte beachten Sie, dass die Breite und H\u00f6he der Stange die Innenma\u00dfe der Montagehalterungen nicht \u00fcberschreiten d\u00fcrfen. Ringbreite: 5 cm; H\u00f6he: 4,5 cm.<\/div>\n<\/div>\n<div style=\"margin-top:15px;padding:0px 15px;padding-bottom:0px;padding-top:0px;padding-left:15px;padding-right:15px;display:inline-block;width:33%;box-sizing:border-box\">\n<div><img decoding=\"async\" style=\"width:100%\" width=\"100%\" src=\"https:\/\/d2qc09rl1gfuof.cloudfront.net\/product\/DDHLPA30000000001\/lift-electric-hoist-m100-7.jpg\" slate-data-type=\"image\"\/><\/div>\n<div style=\"font-size:16px;font-weight:bold;line-height:36px\">Umfangreiche Anwendungsm\u00f6glichkeiten<\/div>\n<div style=\"font-size:14px\">Dieser elektrische Hebezeug ist ideal zum Anheben von Gegenst\u00e4nden mit regelm\u00e4\u00dfiger oder unregelm\u00e4\u00dfiger Form, wie z. B. Steinen, B\u00e4umen, Rasenm\u00e4hern, Motoren usw. Daher findet er breite Anwendung in der Automobilindustrie, auf Baustellen, in der Logistik, in Lagerh\u00e4usern usw.<\/div>\n<\/div>\n<\/div>\n<\/div>\n<\/div>\n<div style=\"margin-top:15px;display:flex\">\n<div style=\"width:33%\"><img decoding=\"async\" style=\"width:100%\" width=\"100%\" src=\"https:\/\/d2qc09rl1gfuof.cloudfront.net\/product\/DDHLPA30000000001\/lift-electric-hoist-a100-2.jpg\" slate-data-type=\"image\"\/><\/div>\n<div style=\"padding:0px 15px;padding-bottom:0px;padding-top:0px;padding-left:15px;padding-right:15px;width:33%\">\n<div style=\"font-size:16px;font-weight:bold;line-height:36px\">300 kg<\/div>\n<ul style=\"font-size:14px;border:1px solid rgb(204, 204, 204);margin-top:8px;padding:10px 40px;padding-bottom:10px;padding-top:10px;padding-left:40px;padding-right:40px\">\n<li>\n<p>Modell: PA300<\/p>\n<\/li>\n<li>\n<p>Material: Aluminiumlegierung und legierter Stahl<\/p>\n<\/li>\n<li>\n<p>Spannung: 110 V \/ 60 Hz<\/p>\n<\/li>\n<li>\n<p>Leistung: 550 W<\/p>\n<\/li>\n<li>\n<p>Tragf\u00e4higkeit: 150 kg \/ 330 lbs, 300 kg \/ 660 lbs<\/p>\n<\/li>\n<li>\n<p>Hubh\u00f6he: 12 m \/ 39,4 ft, 6 m \/ 19,7 ft<\/p>\n<\/li>\n<li>\n<p>Hubgeschwindigkeit: 32,8 ft\/min \/ 10 m\/min, 16,4 ft\/min \/ 5 m\/min<\/p>\n<\/li>\n<li>\n<p>Stahlseill\u00e4nge: 39,4 Fu\u00df \/ 12 m<\/p>\n<\/li>\n<li>\n<p>L\u00e4nge des Netzkabels: 2,1 Fu\u00df \/ 0,65 m<\/p>\n<\/li>\n<li>\n<p>Kabell\u00e4nge der Fernbedienung: 1,2 m<\/p>\n<\/li>\n<li>\n<p>Ringbreite: 2 Zoll \/ 5 cm<\/p>\n<\/li>\n<li>\n<p>Ringh\u00f6he: 1,8 Zoll \/ 4,5 cm<\/p>\n<\/li>\n<li>\n<p>Artikelgr\u00f6\u00dfe: 13,5 x 5,5 x 7,8 Zoll \/ 34,3 x 14 x 19,8 cm<\/p>\n<\/li>\n<li>\n<p>Artikelgewicht: 24,3 lbs \/ 11 kg<\/p>\n<\/li>\n<\/ul>\n<\/div>\n<div style=\"border-left:1px solid rgb(204, 204, 204);padding:0px 15px;padding-bottom:0px;padding-top:0px;padding-left:15px;padding-right:15px;width:33%\">\n<div style=\"width:100%\"><img decoding=\"async\" style=\"width:100%\" width=\"100%\" src=\"https:\/\/d2qc09rl1gfuof.cloudfront.net\/product\/DDHLPA30000000001\/lift-electric-hoist-a100-3.jpg\" slate-data-type=\"image\"\/><\/div>\n<div style=\"font-size:14px;font-weight:bold;line-height:24px\">Packungsinhalt<\/div>\n<ul style=\"font-size:14px;background-color:rgb(243, 243, 243);border:1px solid rgb(204, 204, 204);margin-top:8px;padding:10px 40px;padding-bottom:10px;padding-top:10px;padding-left:40px;padding-right:40px\">\n<li>\n<p>1 x Elektrischer Hebezeug<\/p>\n<\/li>\n<li>\n<p>2 x Hebe\u00f6sen<\/p>\n<\/li>\n<li>\n<p>1 x bewegliche Rolle<\/p>\n<\/li>\n<li>\n<p>1 x Beutel mit Schrauben<\/p>\n<\/li>\n<\/ul>\n<\/div>\n<\/div>\n<div style=\"margin-top:15px;display:flex\">\n<div style=\"width:33%\"><img decoding=\"async\" style=\"width:100%\" width=\"100%\" src=\"https:\/\/d2qc09rl1gfuof.cloudfront.net\/product\/DDHLPA25000000001\/lift-electric-hoist-a100-2.jpg\" slate-data-type=\"image\"\/><\/div>\n<div style=\"padding:0px 15px;padding-bottom:0px;padding-top:0px;padding-left:15px;padding-right:15px;width:33%\">\n<div style=\"font-size:16px;font-weight:bold;line-height:36px\">250 kg<\/div>\n<ul style=\"font-size:14px;border:1px solid rgb(204, 204, 204);margin-top:8px;padding:10px 40px;padding-bottom:10px;padding-top:10px;padding-left:40px;padding-right:40px\">\n<li>\n<p>Modell: PA250<\/p>\n<\/li>\n<li>\n<p>Material: Aluminiumlegierung und legierter Stahl<\/p>\n<\/li>\n<li>\n<p>Spannung: 110 V \/ 60 Hz<\/p>\n<\/li>\n<li>\n<p>Leistung: 500W<\/p>\n<\/li>\n<li>\n<p>Tragf\u00e4higkeit: 125 kg \/ 275 lbs, 250 kg \/ 550 lbs<\/p>\n<\/li>\n<li>\n<p>Hubh\u00f6he: 12 m \/ 39,4 ft, 6 m \/ 19,7 ft<\/p>\n<\/li>\n<li>\n<p>Hubgeschwindigkeit: 32,8 ft\/min \/ 10 m\/min, 16,4 ft\/min \/ 5 m\/min<\/p>\n<\/li>\n<li>\n<p>Stahlseill\u00e4nge: 39,4 Fu\u00df \/ 12 m<\/p>\n<\/li>\n<li>\n<p>L\u00e4nge des Netzkabels: 2,1 Fu\u00df \/ 0,65 m<\/p>\n<\/li>\n<li>\n<p>Kabell\u00e4nge der Fernbedienung: 1,5 m<\/p>\n<\/li>\n<li>\n<p>Ringbreite: 2 Zoll \/ 5 cm<\/p>\n<\/li>\n<li>\n<p>Ringh\u00f6he: 1,8 Zoll \/ 4,5 cm<\/p>\n<\/li>\n<li>\n<p>Artikelgr\u00f6\u00dfe: 13,5 x 5,5 x 7,8 Zoll \/ 34,3 x 14 x 19,8 cm<\/p>\n<\/li>\n<li>\n<p>Artikelgewicht: 24,3 lbs \/ 11 kg<\/p>\n<\/li>\n<\/ul>\n<\/div>\n<div style=\"border-left:1px solid rgb(204, 204, 204);padding:0px 15px;padding-bottom:0px;padding-top:0px;padding-left:15px;padding-right:15px;width:33%\">\n<div style=\"width:100%\"><img decoding=\"async\" style=\"width:100%\" width=\"100%\" src=\"https:\/\/d2qc09rl1gfuof.cloudfront.net\/product\/DDHLPA25000000001\/lift-electric-hoist-a100-3.jpg\" slate-data-type=\"image\"\/><\/div>\n<div style=\"font-size:14px;font-weight:bold;line-height:24px\">Packungsinhalt<\/div>\n<ul style=\"font-size:14px;background-color:rgb(243, 243, 243);border:1px solid rgb(204, 204, 204);margin-top:8px;padding:10px 40px;padding-bottom:10px;padding-top:10px;padding-left:40px;padding-right:40px\">\n<li>\n<p>1 x Elektrischer Hebezeug<\/p>\n<\/li>\n<li>\n<p>2 x Hebe\u00f6sen<\/p>\n<\/li>\n<li>\n<p>1 x bewegliche Rolle<\/p>\n<\/li>\n<li>\n<p>1 x Beutel mit Schrauben<\/p>\n<\/li>\n<\/ul>\n<\/div>\n<\/div>\n<div style=\"margin-top:15px;display:flex\">\n<div style=\"width:33%\"><img decoding=\"async\" style=\"width:100%\" width=\"100%\" src=\"https:\/\/d2qc09rl1gfuof.cloudfront.net\/product\/DDHLPA50000000001\/lift-electric-hoist-a100-2.jpg\" slate-data-type=\"image\"\/><\/div>\n<div style=\"padding:0px 15px;padding-bottom:0px;padding-top:0px;padding-left:15px;padding-right:15px;width:33%\">\n<div style=\"font-size:16px;font-weight:bold;line-height:36px\">500 kg<\/div>\n<ul style=\"font-size:14px;border:1px solid rgb(204, 204, 204);margin-top:8px;padding:10px 40px;padding-bottom:10px;padding-top:10px;padding-left:40px;padding-right:40px\">\n<li>\n<p>Modell: PA500<\/p>\n<\/li>\n<li>\n<p>Material: Aluminiumlegierung und legierter Stahl<\/p>\n<\/li>\n<li>\n<p>Spannung: 110 V \/ 60 Hz<\/p>\n<\/li>\n<li>\n<p>Leistung: 900 W<\/p>\n<\/li>\n<li>\n<p>Tragf\u00e4higkeit: 550 lbs \/ 250 kg, 1100 lbs \/ 500 kg<\/p>\n<\/li>\n<li>\n<p>Hubh\u00f6he: 12 m \/ 39,4 ft, 6 m \/ 19,7 ft<\/p>\n<\/li>\n<li>\n<p>Hubgeschwindigkeit: 32,8 ft\/min \/ 10 m\/min, 16,4 ft\/min \/ 5 m\/min<\/p>\n<\/li>\n<li>\n<p>Stahlseill\u00e4nge: 39,4 Fu\u00df \/ 12 m<\/p>\n<\/li>\n<li>\n<p>L\u00e4nge des Netzkabels: 2,1 Fu\u00df \/ 0,65 m<\/p>\n<\/li>\n<li>\n<p>Kabell\u00e4nge der Fernbedienung: 1,3 m<\/p>\n<\/li>\n<li>\n<p>Ringbreite: 2,2 Zoll \/ 5,5 cm<\/p>\n<\/li>\n<li>\n<p>Ringh\u00f6he: 2 Zoll \/ 5 cm<\/p>\n<\/li>\n<li>\n<p>Artikelgr\u00f6\u00dfe: 15 x 5,7 x 9,1 Zoll \/ 38 x 14 x 23 cm<\/p>\n<\/li>\n<li>\n<p>Artikelgewicht: 33,1 lbs \/ 15 kg<\/p>\n<\/li>\n<\/ul>\n<\/div>\n<div style=\"border-left:1px solid rgb(204, 204, 204);padding:0px 15px;padding-bottom:0px;padding-top:0px;padding-left:15px;padding-right:15px;width:33%\">\n<div style=\"width:100%\"><img decoding=\"async\" style=\"width:100%\" width=\"100%\" src=\"https:\/\/d2qc09rl1gfuof.cloudfront.net\/product\/DDHLPA50000000001\/lift-electric-hoist-a100-3.jpg\" slate-data-type=\"image\"\/><\/div>\n<div style=\"font-size:14px;font-weight:bold;line-height:24px\">Packungsinhalt<\/div>\n<ul style=\"font-size:14px;background-color:rgb(243, 243, 243);border:1px solid rgb(204, 204, 204);margin-top:8px;padding:10px 40px;padding-bottom:10px;padding-top:10px;padding-left:40px;padding-right:40px\">\n<li>\n<p>1 x Elektrischer Hebezeug<\/p>\n<\/li>\n<li>\n<p>2 x Hebe\u00f6sen<\/p>\n<\/li>\n<li>\n<p>1 x bewegliche Rolle<\/p>\n<\/li>\n<li>\n<p>1 x Beutel mit Schrauben<\/p>\n<\/li>\n<\/ul>\n<\/div>\n<\/div>\n<div>\n<div style=\"font-size:16px;font-weight:bold;line-height:36px\">Funktionen und Details<\/div>\n<ul style=\"font-size:14px;padding-left:40px\">\n<li>\n<p>Tragf\u00e4higkeit 300 kg: Der Elektrokettenzug hebt m\u00fchelos kleine Motoren, Getriebe oder Baumaterialien. Er bietet zwei Hubmodi mit einem Sicherheitshaken aus Stahl. Die Tragf\u00e4higkeit und Geschwindigkeit im Einzelseilbetrieb betragen 150 kg bzw. 10 m\/min. Im Doppelseilbetrieb betr\u00e4gt die Tragf\u00e4higkeit und Geschwindigkeit 300 kg bzw. 5 m\/min.<\/p>\n<\/li>\n<li>\n<p>Leistungsstarker 550-W-Motor: Der hochwertige Kupfermotor dieser elektrischen Seilwinde liefert starke 550 W Leistung und h\u00e4lt auch hohen Belastungen stand, ohne sich zu verformen. Der gro\u00dfe L\u00fcfter sorgt in Verbindung mit einem \u00dcberhitzungsschutz f\u00fcr schnelle K\u00fchlung. So gew\u00e4hrleistet der leistungsstarke Motor einen hocheffizienten Betrieb und spart Energie.<\/p>\n<\/li>\n<li>\n<p>1,2 m langes Steuerkabel: Unser Elektrohebezeug mit Fernbedienung wird \u00fcber einen Handschalter gesteuert, der f\u00fcr eine sichere Bedienung aus sicherer Entfernung am Ger\u00e4t angebracht ist. Zus\u00e4tzlich ist unser Hebezeug mit einem Endschalter und einer Pufferfeder ausgestattet, um das Ger\u00e4t automatisch zu stoppen und ein Durchh\u00e4ngen zu verhindern.<\/p>\n<\/li>\n<li>\n<p>Hochwertige Konstruktion: Diese elektrische Hebezeugwinde besteht aus einem Geh\u00e4use aus einer Legierung und verzinktem Stahldraht und ist somit korrosions-, rost- und regenfest. Die Stahlseill\u00e4nge betr\u00e4gt 12 m (39,4 ft), der Durchmesser 3 mm (0,12 in). Der Befestigungsring aus Metall ist verstellbar und l\u00e4sst sich einfach montieren.<\/p>\n<\/li>\n<li>\n<p>Breites Anwendungsspektrum: Der Hebezeug eignet sich f\u00fcr Fabriken, Lagerhallen, Baustellen, Automobilhersteller, Eisenbahnbauprojekte usw. Er ist ideal f\u00fcr Arbeiten unter anspruchsvollen Bedingungen im Innen- und Au\u00dfenbereich. Bitte achten Sie bei der Auswahl des Hebezeugs auf die Kompatibilit\u00e4t mit den Innenma\u00dfen der Montagehalterungen, insbesondere auf die Breite und H\u00f6he der Hebestange.<\/p>\n<\/li>\n<\/ul>\n<\/div>\n<\/div>\n<div><\/div>\n<\/div>\n<\/div>\n<div class=\"detailmodule_dynamic\"><kse:widget data-widget-type=\"customText\" id=\"1005000000397265\" type=\"custom\"><\/kse:widget><\/div>\n<p><\/p>","protected":false},"excerpt":{"rendered":"<p>Hign-concerned Chemical:&nbsp;None Origin:&nbsp;Mainland China Brand Name:&nbsp;VEVOR Product Description 660LBS Lift Electric Hoist 550W Copper Motor &amp; Anti-Rotate Steel Wire &amp; High Security This lift electric hoist is designed for lifting<\/p>","protected":false},"featured_media":25285,"comment_status":"open","ping_status":"closed","template":"","meta":{"_acf_changed":false},"product_brand":[],"product_cat":[517],"product_tag":[],"class_list":{"0":"post-25283","1":"product","2":"type-product","3":"status-publish","4":"has-post-thumbnail","6":"product_cat-electric-lifting-hoists","8":"first","9":"instock","10":"shipping-taxable","11":"purchasable","12":"product-type-variable"},"acf":[],"_links":{"self":[{"href":"https:\/\/www.electricstore.eu\/de\/wp-json\/wp\/v2\/product\/25283","targetHints":{"allow":["GET"]}}],"collection":[{"href":"https:\/\/www.electricstore.eu\/de\/wp-json\/wp\/v2\/product"}],"about":[{"href":"https:\/\/www.electricstore.eu\/de\/wp-json\/wp\/v2\/types\/product"}],"replies":[{"embeddable":true,"href":"https:\/\/www.electricstore.eu\/de\/wp-json\/wp\/v2\/comments?post=25283"}],"wp:featuredmedia":[{"embeddable":true,"href":"https:\/\/www.electricstore.eu\/de\/wp-json\/wp\/v2\/media\/25285"}],"wp:attachment":[{"href":"https:\/\/www.electricstore.eu\/de\/wp-json\/wp\/v2\/media?parent=25283"}],"wp:term":[{"taxonomy":"product_brand","embeddable":true,"href":"https:\/\/www.electricstore.eu\/de\/wp-json\/wp\/v2\/product_brand?post=25283"},{"taxonomy":"product_cat","embeddable":true,"href":"https:\/\/www.electricstore.eu\/de\/wp-json\/wp\/v2\/product_cat?post=25283"},{"taxonomy":"product_tag","embeddable":true,"href":"https:\/\/www.electricstore.eu\/de\/wp-json\/wp\/v2\/product_tag?post=25283"}],"curies":[{"name":"wp","href":"https:\/\/api.w.org\/{rel}","templated":true}]}}