{"id":25274,"date":"2025-05-20T18:58:22","date_gmt":"2025-05-20T18:58:22","guid":{"rendered":"https:\/\/electricstore.eu\/p\/uncategorized\/vevor-hj819-rc-boat-2-4ghz-12-km-h-high-speed-remote-control-racing-boat-waterproof-electric-radio-toys-for-boys-14y-gifts\/"},"modified":"2025-05-20T18:58:59","modified_gmt":"2025-05-20T18:58:59","slug":"vevor-hj819-rc-boat-2-4ghz-12-km-h-high-speed-remote-control-racing-boat-waterproof-electric-radio-toys-for-boys-14y-gifts","status":"publish","type":"product","link":"https:\/\/www.electricstore.eu\/de\/p\/rc\/rc-cars\/vevor-hj819-rc-boat-2-4ghz-12-km-h-high-speed-remote-control-racing-boat-waterproof-electric-radio-toys-for-boys-14y-gifts\/","title":{"rendered":"VEVOR HJ819 RC-Boot, 2,4 GHz, 12 km\/h, Hochgeschwindigkeits-Fernbedienungs-Rennboot, wasserdicht, Elektro-Funkspielzeug f\u00fcr Jungen ab 14 Jahren"},"content":{"rendered":"<div class=\"product-specs-list-container\">\n<ul class=\"product-specs-list util-clearfix\">\n<li class=\"product-prop line-limit-length\"><span\n                                        class=\"property-title\">Hochgef\u00e4hrliche Chemikalie:&nbsp;<\/span><span\n                                        class=\"property-desc line-limit-length\">Keiner<\/span>\n                            <\/li>\n<li class=\"product-prop line-limit-length\"><span\n                                        class=\"property-title\">Ist elektrisch:&nbsp;<\/span><span\n                                        class=\"property-desc line-limit-length\">Lithiumbatterie<\/span>\n                            <\/li>\n<li class=\"product-prop line-limit-length\"><span\n                                        class=\"property-title\">Barcode:&nbsp;<\/span><span\n                                        class=\"property-desc line-limit-length\">NEIN<\/span>\n                            <\/li>\n<li class=\"product-prop line-limit-length\"><span\n                                        class=\"property-title\">Stromquelle:&nbsp;<\/span><span\n                                        class=\"property-desc line-limit-length\">Elektrisch<\/span>\n                            <\/li>\n<li class=\"product-prop line-limit-length\"><span\n                                        class=\"property-title\">Modellnummer:&nbsp;<\/span><span\n                                        class=\"property-desc line-limit-length\">HJ819<\/span>\n                            <\/li>\n<li class=\"product-prop line-limit-length\"><span\n                                        class=\"property-title\">H\u00f6chstgeschwindigkeit:&nbsp;<\/span><span\n                                        class=\"property-desc line-limit-length\">12 km\/h<\/span>\n                            <\/li>\n<li class=\"product-prop line-limit-length\"><span\n                                        class=\"property-title\">Stand der Versammlung:&nbsp;<\/span><span\n                                        class=\"property-desc line-limit-length\">Unmontierter Bausatz<\/span>\n                            <\/li>\n<li class=\"product-prop line-limit-length\"><span\n                                        class=\"property-title\">Fernbedienung:&nbsp;<\/span><span\n                                        class=\"property-desc line-limit-length\">Ja<\/span>\n                            <\/li>\n<li class=\"product-prop line-limit-length\"><span\n                                        class=\"property-title\">Material:&nbsp;<\/span><span\n                                        class=\"property-desc line-limit-length\">Plastik<\/span>\n                            <\/li>\n<li class=\"product-prop line-limit-length\"><span\n                                        class=\"property-title\">Empfohlenes Alter:&nbsp;<\/span><span\n                                        class=\"property-desc line-limit-length\">6-12 Jahre<\/span>\n                            <\/li>\n<li class=\"product-prop line-limit-length\"><span\n                                        class=\"property-title\">Herkunft:&nbsp;<\/span><span\n                                        class=\"property-desc line-limit-length\">Festlandchina<\/span>\n                            <\/li>\n<li class=\"product-prop line-limit-length\"><span\n                                        class=\"property-title\">Design:&nbsp;<\/span><span\n                                        class=\"property-desc line-limit-length\">Schnellboot<\/span>\n                            <\/li>\n<li class=\"product-prop line-limit-length\"><span\n                                        class=\"property-title\">Typ:&nbsp;<\/span><span\n                                        class=\"property-desc line-limit-length\">Boot &amp; Schiff<\/span>\n                            <\/li>\n<li class=\"product-prop line-limit-length\"><span\n                                        class=\"property-title\">Merkmale:&nbsp;<\/span><span\n                                        class=\"property-desc line-limit-length\">FERNBEDIENUNG<\/span>\n                            <\/li>\n<li class=\"product-prop line-limit-length\"><span\n                                        class=\"property-title\">Marke:&nbsp;<\/span><span\n                                        class=\"property-desc line-limit-length\">VEVOR<\/span>\n                            <\/li>\n<li class=\"product-prop line-limit-length\"><span\n                                        class=\"property-title\">Produktgewicht:&nbsp;<\/span><span\n                                        class=\"property-desc line-limit-length\">0,92 lbs\/0,42 kg<\/span>\n                            <\/li>\n<li class=\"product-prop line-limit-length\"><span\n                                        class=\"property-title\">Produktgr\u00f6\u00dfe:&nbsp;<\/span><span\n                                        class=\"property-desc line-limit-length\">9,84 x 3,14 x 2,75 Zoll<\/span>\n                            <\/li>\n<li class=\"product-prop line-limit-length\"><span\n                                        class=\"property-title\">Besonderheit:&nbsp;<\/span><span\n                                        class=\"property-desc line-limit-length\">Einfaches Aufladen<\/span>\n                            <\/li>\n<li class=\"product-prop line-limit-length\"><span\n                                        class=\"property-title\">Typ:&nbsp;<\/span><span\n                                        class=\"property-desc line-limit-length\">RC Boat<\/span>\n                            <\/li>\n<li class=\"product-prop line-limit-length\"><span\n                                        class=\"property-title\">Farbe:&nbsp;<\/span><span\n                                        class=\"property-desc line-limit-length\">Gr\u00fcn<\/span>\n                            <\/li>\n<\/ul><\/div>\n<div class=\"detailmodule_html\">\n<div class=\"detail-desc-decorate-richtext\">\n<div style=\"font-family:&quot;Open sans&quot;, Arial, Helvetica, sans-serif\">\n<div><img decoding=\"async\" style=\"width:100%\" width=\"100%\" src=\"https:\/\/d2qc09rl1gfuof.cloudfront.net\/vevor\/boutique-banner\/pc\/banner-en.jpg\" slate-data-type=\"image\"\/><\/div>\n<div>\n<div style=\"font-size:16px;font-weight:bold;text-align:center;color:rgb(34, 34, 34);margin:24px 0px;margin-bottom:24px;margin-top:24px;margin-left:0px;margin-right:0px\" align=\"center\">Reite auf den Wellen \u2013 Ultimativer VEVOR RC-Bootsspa\u00df<\/div>\n<div><img decoding=\"async\" style=\"width:100%\" width=\"100%\" src=\"https:\/\/d2qc09rl1gfuof.cloudfront.net\/product\/SSYKCLSCJ30KFZ1PG\/rc-boat-a100-1.4-pt.jpg\" slate-data-type=\"image\"\/><\/div>\n<div style=\"font-size:14px;text-align:center;color:rgb(34, 34, 34);margin:16px 0px 24px;margin-bottom:24px;margin-top:16px;margin-left:0px;margin-right:0px\" align=\"center\">Dieses elegante und stylische RC-Boot besticht durch sein vom Rennsport inspiriertes Design. Dank des automatischen Abschaltsystems mit Wasserauswurf und der vollst\u00e4ndig wasserdichten Konstruktion bietet es Kindern unbeschwerten Fahrspa\u00df.<\/div>\n<\/div>\n<div>\n<div style=\"margin:8px 0px;margin-bottom:8px;margin-top:8px;margin-left:0px;margin-right:0px\"><img decoding=\"async\" style=\"width:100%\" width=\"100%\" src=\"https:\/\/d2qc09rl1gfuof.cloudfront.net\/product\/SSYKCLSCJ30KFZ1PG\/rc-boat-a100-2.2-pt.jpg\" slate-data-type=\"image\"\/><\/div>\n<div style=\"font-size:14px;text-align:center;color:rgb(34, 34, 34);margin:16px 0px 24px;margin-bottom:24px;margin-top:16px;margin-left:0px;margin-right:0px\" align=\"center\">Dank zweier Motoren und Propeller bietet dieses ferngesteuerte Boot eine starke und stabile Leistung und erreicht Geschwindigkeiten von bis zu 12 km\/h. Es ist perfekt, um jeder Wasseraktivit\u00e4t mehr Spannung und Spa\u00df zu verleihen.<\/div>\n<\/div>\n<div>\n<div style=\"margin:8px 0px;margin-bottom:8px;margin-top:8px;margin-left:0px;margin-right:0px\"><img decoding=\"async\" style=\"width:100%\" width=\"100%\" src=\"https:\/\/d2qc09rl1gfuof.cloudfront.net\/product\/SSYKCLSCJ30KFZ1PG\/rc-boat-a100-2.3-pt.jpg\" slate-data-type=\"image\"\/><\/div>\n<div style=\"font-size:14px;text-align:center;color:rgb(34, 34, 34);margin:16px 0px 24px;margin-bottom:24px;margin-top:16px;margin-left:0px;margin-right:0px\" align=\"center\">Dieses aus robustem ABS gefertigte und absolut wasserdichte RC-Schnellboot ist f\u00fcr den Einsatz unter anspruchsvollen Bedingungen und sto\u00dffest konzipiert. Es eignet sich zuverl\u00e4ssig f\u00fcr Abenteuer im Garten und in der freien Natur.<\/div>\n<\/div>\n<div>\n<div style=\"margin:8px 0px;margin-bottom:8px;margin-top:8px;margin-left:0px;margin-right:0px\"><img decoding=\"async\" style=\"width:100%\" width=\"100%\" src=\"https:\/\/d2qc09rl1gfuof.cloudfront.net\/product\/SSYKCLSCJ30KFZ1PG\/rc-boat-a100-2.4-pt.jpg\" slate-data-type=\"image\"\/><\/div>\n<div style=\"font-size:14px;text-align:center;color:rgb(34, 34, 34);margin:16px 0px 24px;margin-bottom:24px;margin-top:16px;margin-left:0px;margin-right:0px\" align=\"center\">Das ferngesteuerte Boot verf\u00fcgt \u00fcber 2,4-GHz-Technologie f\u00fcr eine reibungslose Steuerung aus bis zu 50 m Entfernung. Es eignet sich hervorragend f\u00fcr Rennen mit mehreren Booten und ist mit einer Reichweitenwarnung ausgestattet, um das Boot sicher in Reichweite zu halten.<\/div>\n<\/div>\n<div>\n<div style=\"margin:8px 0px;margin-bottom:8px;margin-top:8px;margin-left:0px;margin-right:0px\"><img decoding=\"async\" style=\"width:100%\" width=\"100%\" src=\"https:\/\/d2qc09rl1gfuof.cloudfront.net\/product\/SSYKCLSCJ30KFZ1PG\/rc-boat-a100-2.5-pt.jpg\" slate-data-type=\"image\"\/><\/div>\n<div style=\"font-size:14px;text-align:center;color:rgb(34, 34, 34);margin:16px 0px 24px;margin-bottom:24px;margin-top:16px;margin-left:0px;margin-right:0px\" align=\"center\">Mit USB-Ladefunktion und einem Dual-Akku-System bietet dieses ferngesteuerte Boot \u00fcber 90 Minuten Spielzeit. Bringen Sie eine Powerbank mit f\u00fcr endlosen Spielspa\u00df bei Outdoor-Abenteuern.<\/div>\n<\/div>\n<div style=\"margin:16px 0px 24px;margin-bottom:24px;margin-top:16px;margin-left:0px;margin-right:0px\"><\/div>\n<div style=\"margin:24px 0px;margin-bottom:24px;margin-top:24px;margin-left:0px;margin-right:0px\">\n<div style=\"font-size:16px;font-weight:bold;color:rgb(34, 34, 34);margin:24px 0px 16px;margin-bottom:16px;margin-top:24px;margin-left:0px;margin-right:0px\">Funktionen und Details<\/div>\n<ul style=\"margin:16px 0px 24px;margin-bottom:24px;margin-top:16px;margin-left:0px;margin-right:0px\">\n<li style=\"font-size:14px;color:rgb(34, 34, 34)\">\n<p>Faszinierendes RC-Boot: Erleben Sie n\u00e4chtlichen Segelspa\u00df mit diesem eleganten ferngesteuerten Boot! Es ist wasserdicht und robust und somit perfekt f\u00fcr sichere Sommerabenteuer. Die automatische Abschaltfunktion au\u00dferhalb des Wassers sorgt f\u00fcr zus\u00e4tzliche Sicherheit. Ihre Kinder k\u00f6nnen die ganze Nacht lang aufregenden Wasserspa\u00df genie\u00dfen!<\/p>\n<\/li>\n<li style=\"font-size:14px;color:rgb(34, 34, 34)\">\n<p>Rasanter Fahrspa\u00df: Dieses ferngesteuerte Boot flitzt dank seiner zwei Motoren und Propeller mit bis zu 12 km\/h \u00fcber das Wasser. Ob Rennen oder Erkundungstouren \u2013 es ist stabil und leistungsstark und sorgt f\u00fcr aufregende Wasserabenteuer.<\/p>\n<\/li>\n<li style=\"font-size:14px;color:rgb(34, 34, 34)\">\n<p>Vielseitiges Segelvergn\u00fcgen: Ob im heimischen Pool, in lebhaften Wasserparks oder auf malerischen Seen \u2013 dieses ferngesteuerte Boot ist f\u00fcr jede Umgebung geeignet. Dank seiner wasserdichten und sto\u00dffesten Konstruktion ist unbeschwerter Fahrspa\u00df garantiert, egal wo Sie unterwegs sind.<\/p>\n<\/li>\n<li style=\"font-size:14px;color:rgb(34, 34, 34)\">\n<p>Fernsteuerung: Dank 2,4-GHz-Technologie l\u00e4sst sich das ferngesteuerte Schnellboot aus bis zu 50 m Entfernung steuern. Es ist st\u00f6rungsresistent und erm\u00f6glicht mehrere Rennen gleichzeitig. Die Fernbedienung verf\u00fcgt au\u00dferdem \u00fcber eine Reichweitenwarnung, die Sie informiert, wenn das Boot die Reichweite verl\u00e4sst \u2013 f\u00fcr sicheres Spielen.<\/p>\n<\/li>\n<li style=\"font-size:14px;color:rgb(34, 34, 34)\">\n<p>Einfaches Aufladen &amp; lange Spielzeit: Dank USB-Ladefunktion und einem 1200-mAh-Doppelakku bietet dieses ferngesteuerte Kinderboot bis zu 90 Minuten Spielzeit. Perfekt f\u00fcr Outdoor-Spa\u00df \u2013 einfach eine Powerbank mitnehmen und das Abenteuer den ganzen Tag genie\u00dfen!<\/p>\n<\/li>\n<\/ul>\n<\/div>\n<div>\n<div>\n<div style=\"margin:16px 0px 24px;margin-bottom:24px;margin-top:16px;margin-left:0px;margin-right:0px\"><img decoding=\"async\" style=\"width:100%\" width=\"100%\" src=\"https:\/\/d2qc09rl1gfuof.cloudfront.net\/product\/SSYKCLSCJ30KFZ1PG\/rc-boat-a100-1.11-pt.jpg\" slate-data-type=\"image\"\/><\/div>\n<\/div>\n<\/div>\n<\/div>\n<div><\/div>\n<\/div>\n<\/div>\n<p><\/p>","protected":false},"excerpt":{"rendered":"<p>Hign-concerned Chemical:&nbsp;None Is Electric:&nbsp;lithium battery Barcode:&nbsp;No Power Source:&nbsp;Electric Model Number:&nbsp;HJ819 Max Speed:&nbsp;12 km\/h State of Assembly:&nbsp;Unassembled Kit Remote Control:&nbsp;Yes Material:&nbsp;Plastic Recommend Age:&nbsp;6-12Y Origin:&nbsp;Mainland China Design:&nbsp;Speedboat Type:&nbsp;Boat &amp; Ship Features:&nbsp;REMOTE CONTROL<\/p>","protected":false},"featured_media":25275,"comment_status":"open","ping_status":"closed","template":"","meta":{"_acf_changed":false},"product_brand":[],"product_cat":[519],"product_tag":[],"class_list":{"0":"post-25274","1":"product","2":"type-product","3":"status-publish","4":"has-post-thumbnail","6":"product_cat-rc-cars","8":"first","9":"instock","10":"shipping-taxable","11":"purchasable","12":"product-type-variable"},"acf":[],"_links":{"self":[{"href":"https:\/\/www.electricstore.eu\/de\/wp-json\/wp\/v2\/product\/25274","targetHints":{"allow":["GET"]}}],"collection":[{"href":"https:\/\/www.electricstore.eu\/de\/wp-json\/wp\/v2\/product"}],"about":[{"href":"https:\/\/www.electricstore.eu\/de\/wp-json\/wp\/v2\/types\/product"}],"replies":[{"embeddable":true,"href":"https:\/\/www.electricstore.eu\/de\/wp-json\/wp\/v2\/comments?post=25274"}],"wp:featuredmedia":[{"embeddable":true,"href":"https:\/\/www.electricstore.eu\/de\/wp-json\/wp\/v2\/media\/25275"}],"wp:attachment":[{"href":"https:\/\/www.electricstore.eu\/de\/wp-json\/wp\/v2\/media?parent=25274"}],"wp:term":[{"taxonomy":"product_brand","embeddable":true,"href":"https:\/\/www.electricstore.eu\/de\/wp-json\/wp\/v2\/product_brand?post=25274"},{"taxonomy":"product_cat","embeddable":true,"href":"https:\/\/www.electricstore.eu\/de\/wp-json\/wp\/v2\/product_cat?post=25274"},{"taxonomy":"product_tag","embeddable":true,"href":"https:\/\/www.electricstore.eu\/de\/wp-json\/wp\/v2\/product_tag?post=25274"}],"curies":[{"name":"wp","href":"https:\/\/api.w.org\/{rel}","templated":true}]}}