{"id":25236,"date":"2025-05-20T18:58:08","date_gmt":"2025-05-20T18:58:08","guid":{"rendered":"https:\/\/electricstore.eu\/p\/uncategorized\/vevor-hand-winch-boat-trailer-winch-heavy-duty-rope-crank-polyester-strap-and-two-way-ratchet-manual-operated-hand-crank-winch\/"},"modified":"2025-05-20T18:58:37","modified_gmt":"2025-05-20T18:58:37","slug":"vevor-hand-winch-boat-trailer-winch-heavy-duty-rope-crank-polyester-strap-and-two-way-ratchet-manual-operated-hand-crank-winch","status":"publish","type":"product","link":"https:\/\/www.electricstore.eu\/de\/p\/o\/electric-winches\/vevor-hand-winch-boat-trailer-winch-heavy-duty-rope-crank-polyester-strap-and-two-way-ratchet-manual-operated-hand-crank-winch\/","title":{"rendered":"VEVOR Handwinde f\u00fcr Bootsanh\u00e4nger, robuste Seilkurbel, Polyestergurt und Zweiwege-Ratsche, manuell bedienbar"},"content":{"rendered":"<div class=\"product-specs-list-container\">\n<ul class=\"product-specs-list util-clearfix\">\n<li class=\"product-prop line-limit-length\"><span\n                                        class=\"property-title\">Hochgef\u00e4hrliche Chemikalie:&nbsp;<\/span><span\n                                        class=\"property-desc line-limit-length\">Keiner<\/span>\n                            <\/li>\n<li class=\"product-prop line-limit-length\"><span\n                                        class=\"property-title\">Herkunft:&nbsp;<\/span><span\n                                        class=\"property-desc line-limit-length\">Festlandchina<\/span>\n                            <\/li>\n<li class=\"product-prop line-limit-length\"><span\n                                        class=\"property-title\">Markenname:&nbsp;<\/span><span\n                                        class=\"property-desc line-limit-length\">VEVOR<\/span>\n                            <\/li>\n<li class=\"product-prop line-limit-length\"><span\n                                        class=\"property-title\">Artikelmodellnummer:&nbsp;<\/span><span\n                                        class=\"property-desc line-limit-length\">KW3500<\/span>\n                            <\/li>\n<li class=\"product-prop line-limit-length\"><span\n                                        class=\"property-title\">Maximale Zugkraft:&nbsp;<\/span><span\n                                        class=\"property-desc line-limit-length\">3500 lbs\/2000 lbs\/1600 lbs\/1200 lbs<\/span>\n                            <\/li>\n<li class=\"product-prop line-limit-length\"><span\n                                        class=\"property-title\">Produktgewicht:&nbsp;<\/span><span\n                                        class=\"property-desc line-limit-length\">11,35 lbs\/7,6 lbs\/8,59 lbs\/6,28 lbs<\/span>\n                            <\/li>\n<li class=\"product-prop line-limit-length\"><span\n                                        class=\"property-title\">Produktgr\u00f6\u00dfe: 3500 lbs&nbsp;<\/span><span\n                                        class=\"property-desc line-limit-length\">10,23 x 6,29 x 7,08 Zoll \/ 260 x 160 x 180 mm<\/span>\n                            <\/li>\n<li class=\"product-prop line-limit-length\"><span\n                                        class=\"property-title\">Produktgr\u00f6\u00dfe: 2000 Pfund&nbsp;<\/span><span\n                                        class=\"property-desc line-limit-length\">8,18 x 4,13 x 5,94 Zoll \/ 208 x 105 x 151 mm<\/span>\n                            <\/li>\n<li class=\"product-prop line-limit-length\"><span\n                                        class=\"property-title\">Produktgr\u00f6\u00dfe: 1600 lbs&nbsp;<\/span><span\n                                        class=\"property-desc line-limit-length\">8,81 x 5,94 x 6,96 Zoll \/ 224 x 151 x 177 mm<\/span>\n                            <\/li>\n<li class=\"product-prop line-limit-length\"><span\n                                        class=\"property-title\">1200 Pfund Produktgr\u00f6\u00dfe:&nbsp;<\/span><span\n                                        class=\"property-desc line-limit-length\">8,18 x 5,43 x 5,86 Zoll \/ 208 x 138 x 149 mm<\/span>\n                            <\/li>\n<\/ul><\/div>\n<div class=\"detailmodule_dynamic\"><kse:widget data-widget-type=\"customText\" id=\"1005000000790434\" type=\"relation\"><\/kse:widget><\/div>\n<div class=\"detailmodule_html\">\n<div class=\"detail-desc-decorate-richtext\">\n<div style=\"font-family:&quot;Open sans&quot;, Arial, Helvetica, sans-serif\">\n<div><img decoding=\"async\" style=\"width:100%\" width=\"100%\" src=\"https:\/\/d2qc09rl1gfuof.cloudfront.net\/vevor\/boutique-banner\/pc\/banner-en.jpg\" slate-data-type=\"image\"\/><\/div>\n<div>\n<div style=\"font-size:16px;font-weight:bold;text-align:center;color:rgb(34, 34, 34);margin:24px 0px;margin-bottom:24px;margin-top:24px;margin-left:0px;margin-right:0px\" align=\"center\">VEVOR Handwinde \u2013 Alles dreht sich um Zugkraft und Benutzerfreundlichkeit<\/div>\n<div><img decoding=\"async\" style=\"width:100%\" width=\"100%\" src=\"https:\/\/d2qc09rl1gfuof.cloudfront.net\/product\/CYSDJP3500BDRD94X\/hand-winch-a100-1.4.jpg\" slate-data-type=\"image\"\/><\/div>\n<div style=\"font-size:14px;text-align:center;color:rgb(34, 34, 34);margin:16px 0px 24px;margin-bottom:24px;margin-top:16px;margin-left:0px;margin-right:0px\" align=\"center\">Ihr neuer Helfer f\u00fcr anspruchsvolle Zugaufgaben \u2013 unsere Handwinde. Mit einer Tragkraft von 1588 kg, einem 10 m langen Gurt, einer 4,1\/8:1-Zweigang-Ratsche und einem 25 cm langen, ergonomischen Griff ist sie der ideale Begleiter f\u00fcr unterwegs.<\/div>\n<div style=\"font-size:14px;text-align:center;color:rgb(34, 34, 34);margin:16px 0px 24px;margin-bottom:24px;margin-top:16px;margin-left:0px;margin-right:0px\" align=\"center\"><img decoding=\"async\" src=\"https:\/\/d2qc09rl1gfuof.cloudfront.net\/product\/CYSDJP2000BDI2OUW\/hand-winch-a100-1.4.jpg\" slate-data-type=\"image\"\/><\/div>\n<div style=\"font-size:14px;text-align:center;color:rgb(34, 34, 34);margin:16px 0px 24px;margin-bottom:24px;margin-top:16px;margin-left:0px;margin-right:0px\" align=\"center\"><span style=\"background-color:rgb(255, 255, 255);color:rgb(13, 17, 17);font-family:&quot;Roboto Condensed&quot;\">Ihr neuer Helfer f\u00fcr anspruchsvolle Zugaufgaben \u2013 unsere Handwinde. Mit einer Tragkraft von 907 kg, einem 7 m langen Gurt, einer 4:1-Einweg-Ratsche und einem 20 cm langen, ergonomischen Griff ist sie der ideale Begleiter f\u00fcr unterwegs.<\/span><\/div>\n<div style=\"font-size:14px;text-align:center;color:rgb(34, 34, 34);margin:16px 0px 24px;margin-bottom:24px;margin-top:16px;margin-left:0px;margin-right:0px\" align=\"center\"><img decoding=\"async\" src=\"https:\/\/d2qc09rl1gfuof.cloudfront.net\/product\/CYSDJP1600BDKMHDE\/hand-winch-a100-1.4.jpg\" slate-data-type=\"image\"\/><\/div>\n<div style=\"font-size:14px;text-align:center;color:rgb(34, 34, 34);margin:16px 0px 24px;margin-bottom:24px;margin-top:16px;margin-left:0px;margin-right:0px\" align=\"center\"><span style=\"background-color:rgb(255, 255, 255);color:rgb(13, 17, 17);font-family:&quot;Roboto Condensed&quot;\">Ihr neuer Helfer f\u00fcr anspruchsvolle Zugaufgaben \u2013 unsere Handwinde. Mit einer Tragkraft von 726 kg, einem 10 m langen Gurt, einer 4:1-Einweg-Ratsche und einem 20 cm langen, ergonomischen Griff ist sie der ideale Begleiter f\u00fcr unterwegs.<\/span><\/div>\n<div style=\"font-size:14px;text-align:center;color:rgb(34, 34, 34);margin:16px 0px 24px;margin-bottom:24px;margin-top:16px;margin-left:0px;margin-right:0px\" align=\"center\"><img decoding=\"async\" src=\"https:\/\/d2qc09rl1gfuof.cloudfront.net\/product\/CYSDJP1200BDE18BE\/hand-winch-a100-1.4.jpg\" slate-data-type=\"image\"\/><\/div>\n<div style=\"font-size:14px;text-align:center;color:rgb(34, 34, 34);margin:16px 0px 24px;margin-bottom:24px;margin-top:16px;margin-left:0px;margin-right:0px\" align=\"center\"><span style=\"background-color:rgb(255, 255, 255);color:rgb(13, 17, 17);font-family:&quot;Roboto Condensed&quot;\">Ihr neuer Helfer f\u00fcr anspruchsvolle Zugaufgaben \u2013 unsere Handwinde. Mit einer Tragkraft von 544 kg, einem 7 m langen Gurt, einer 4:1-Einweg-Ratsche und einem 20 cm langen, ergonomischen Griff ist sie der ideale Begleiter f\u00fcr unterwegs.<\/span><\/div>\n<\/div>\n<div>\n<div>\u00a0<\/div>\n<div style=\"margin:8px 0px;margin-bottom:8px;margin-top:8px;margin-left:0px;margin-right:0px\"><img decoding=\"async\" style=\"width:100%\" width=\"100%\" src=\"https:\/\/d2qc09rl1gfuof.cloudfront.net\/product\/CYSDJP3500BDRD94X\/hand-winch-a100-2.2.jpg\" slate-data-type=\"image\"\/><\/div>\n<div style=\"font-size:14px;text-align:center;color:rgb(34, 34, 34);margin:16px 0px 24px;margin-bottom:24px;margin-top:16px;margin-left:0px;margin-right:0px\" align=\"center\">Steht Ihr Fahrzeug fest oder r\u00fchrt sich Ihr Boot einfach nicht vom Fleck? Unsere Bootswinde ist die L\u00f6sung! Sie wurde entwickelt, um selbst die schwierigsten Zugaufgaben m\u00fchelos zu bew\u00e4ltigen und bietet eine Zugkraft von 1588 kg f\u00fcr alle Ihre allt\u00e4glichen Herausforderungen.<\/div>\n<div style=\"font-size:14px;text-align:center;color:rgb(34, 34, 34);margin:16px 0px 24px;margin-bottom:24px;margin-top:16px;margin-left:0px;margin-right:0px\" align=\"center\"><img decoding=\"async\" src=\"https:\/\/d2qc09rl1gfuof.cloudfront.net\/product\/CYSDJP2000BDI2OUW\/hand-winch-a100-2.2.jpg\" slate-data-type=\"image\"\/><\/div>\n<div style=\"font-size:14px;text-align:center;color:rgb(34, 34, 34);margin:16px 0px 24px;margin-bottom:24px;margin-top:16px;margin-left:0px;margin-right:0px\" align=\"center\"><span style=\"background-color:rgb(255, 255, 255);color:rgb(13, 17, 17);font-family:&quot;Roboto Condensed&quot;\">Steht Ihr Fahrzeug fest oder Ihr Boot r\u00fchrt sich einfach nicht vom Fleck? Unsere Bootswinde ist die L\u00f6sung! Sie wurde entwickelt, um selbst die schwierigsten Zugaufgaben m\u00fchelos zu bew\u00e4ltigen und bietet eine Zugkraft von 907 kg f\u00fcr alle Ihre allt\u00e4glichen Herausforderungen.<\/span><\/div>\n<div style=\"font-size:14px;text-align:center;color:rgb(34, 34, 34);margin:16px 0px 24px;margin-bottom:24px;margin-top:16px;margin-left:0px;margin-right:0px\" align=\"center\"><img decoding=\"async\" src=\"https:\/\/d2qc09rl1gfuof.cloudfront.net\/product\/CYSDJP1600BDKMHDE\/hand-winch-a100-2.2.jpg\" slate-data-type=\"image\"\/><\/div>\n<div style=\"font-size:14px;text-align:center;color:rgb(34, 34, 34);margin:16px 0px 24px;margin-bottom:24px;margin-top:16px;margin-left:0px;margin-right:0px\" align=\"center\"><span style=\"background-color:rgb(255, 255, 255);color:rgb(13, 17, 17);font-family:&quot;Roboto Condensed&quot;\">Steht Ihr Fahrzeug fest oder r\u00fchrt sich Ihr Boot einfach nicht vom Fleck? Unsere Bootswinde ist die L\u00f6sung! Sie wurde entwickelt, um selbst die schwierigsten Zugaufgaben m\u00fchelos zu bew\u00e4ltigen und bietet eine Zugkraft von 726 kg f\u00fcr alle Ihre allt\u00e4glichen Herausforderungen.<\/span><\/div>\n<div style=\"font-size:14px;text-align:center;color:rgb(34, 34, 34);margin:16px 0px 24px;margin-bottom:24px;margin-top:16px;margin-left:0px;margin-right:0px\" align=\"center\"><img decoding=\"async\" src=\"https:\/\/d2qc09rl1gfuof.cloudfront.net\/product\/CYSDJP1200BDE18BE\/hand-winch-a100-2.2.jpg\" slate-data-type=\"image\"\/><\/div>\n<div style=\"font-size:14px;text-align:center;color:rgb(34, 34, 34);margin:16px 0px 24px;margin-bottom:24px;margin-top:16px;margin-left:0px;margin-right:0px\" align=\"center\"><span style=\"background-color:rgb(255, 255, 255);color:rgb(13, 17, 17);font-family:&quot;Roboto Condensed&quot;\">Steht Ihr Fahrzeug fest oder r\u00fchrt sich Ihr Boot einfach nicht vom Fleck? Unsere Bootswinde ist die L\u00f6sung! Sie wurde entwickelt, um selbst die schwierigsten Zugaufgaben m\u00fchelos zu bew\u00e4ltigen und bietet eine Zugkraft von 544 kg f\u00fcr alle Ihre allt\u00e4glichen Herausforderungen.<\/span><\/div>\n<\/div>\n<div>\n<div>\u00a0<\/div>\n<div style=\"margin:8px 0px;margin-bottom:8px;margin-top:8px;margin-left:0px;margin-right:0px\"><img decoding=\"async\" style=\"width:100%\" width=\"100%\" src=\"https:\/\/d2qc09rl1gfuof.cloudfront.net\/product\/CYSDJP3500BDRD94X\/hand-winch-a100-2.3.jpg\" slate-data-type=\"image\"\/><\/div>\n<div style=\"font-size:14px;text-align:center;color:rgb(34, 34, 34);margin:16px 0px 24px;margin-bottom:24px;margin-top:16px;margin-left:0px;margin-right:0px\" align=\"center\">Vergessen Sie Getriebe, die beim ersten Wetterumschwung den Geist aufgeben. Die Zahnr\u00e4der unserer Bootsseilkurbel sind w\u00e4rmebehandelt und trotzen jeder Witterung \u2013 ob Schneesturm oder strahlender Sonnenschein. Rostbest\u00e4ndig und leichtg\u00e4ngig \u2013 diese Getriebe sind absolute Zuverl\u00e4ssigkeit.<\/div>\n<\/div>\n<div>\n<div>\u00a0<\/div>\n<div style=\"margin:8px 0px;margin-bottom:8px;margin-top:8px;margin-left:0px;margin-right:0px\"><img decoding=\"async\" style=\"width:100%\" width=\"100%\" src=\"https:\/\/d2qc09rl1gfuof.cloudfront.net\/product\/CYSDJP3500BDRD94X\/hand-winch-a100-2.4.jpg\" slate-data-type=\"image\"\/><\/div>\n<div style=\"font-size:14px;text-align:center;color:rgb(34, 34, 34);margin:16px 0px 24px;margin-bottom:24px;margin-top:16px;margin-left:0px;margin-right:0px\" align=\"center\">Unsere Handkurbelwinde verf\u00fcgt \u00fcber einen robusten, einteilig geschmiedeten Haken, der selbst schwersten Lasten standh\u00e4lt. Die gro\u00dfe \u00d6ffnung ist auch f\u00fcr dickste Seile oder Anh\u00e4ngerhaken geeignet, und dank des selbstverriegelnden Sicherheitsverschlusses bleibt Ihre Ladung sicher fixiert.<\/div>\n<\/div>\n<div>\n<div>\u00a0<\/div>\n<div style=\"margin:8px 0px;margin-bottom:8px;margin-top:8px;margin-left:0px;margin-right:0px\"><img decoding=\"async\" style=\"width:100%\" width=\"100%\" src=\"https:\/\/d2qc09rl1gfuof.cloudfront.net\/product\/CYSDJP3500BDRD94X\/hand-winch-a100-2.5.jpg\" slate-data-type=\"image\"\/><\/div>\n<div style=\"font-size:14px;text-align:center;color:rgb(34, 34, 34);margin:16px 0px 24px;margin-bottom:24px;margin-top:16px;margin-left:0px;margin-right:0px\" align=\"center\">Sie brauchen kein Werkzeugprofi zu sein, um diese robuste Handwinde zu montieren. Einfach anbringen, den Griff einstellen, die Ratsche justieren \u2013 fertig. Schnell, einfach und problemlos \u2013 so einfach geht&#039;s.<\/div>\n<\/div>\n<div style=\"margin:16px 0px 24px;margin-bottom:24px;margin-top:16px;margin-left:0px;margin-right:0px\"><\/div>\n<div style=\"margin:24px 0px;margin-bottom:24px;margin-top:24px;margin-left:0px;margin-right:0px\">\n<div style=\"font-size:16px;font-weight:bold;color:rgb(34, 34, 34);margin:24px 0px 16px;margin-bottom:16px;margin-top:24px;margin-left:0px;margin-right:0px\">Funktionen und Details<\/div>\n<ul style=\"margin:16px 0px 24px;margin-bottom:24px;margin-top:16px;margin-left:0px;margin-right:0px\">\n<li style=\"font-size:14px;color:rgb(34, 34, 34)\">\n<p>Robustes Gurtband, noch robustere Leistung: Unsere Handwinde verf\u00fcgt \u00fcber ein 10 Meter langes, hochfestes Polyestergurtband mit einer Zugkraft von bis zu 1588 kg. Vergessen Sie empfindliche, rei\u00dfanf\u00e4llige Seile. Dieses Gurtband ist f\u00fcr den Dauereinsatz konzipiert und bew\u00e4ltigt selbst schwerste Fahrzeuge und Boote m\u00fchelos.<\/p>\n<\/li>\n<li style=\"font-size:14px;color:rgb(34, 34, 34)\">\n<p>Zwei-Wege-Ratsche: Diese Bootskurbel ist mit einer hochwertigen Zwei-Wege-Ratsche aus Kohlenstoffstahl ausgestattet. Dank der 4,1\/8:1-\u00dcbersetzung zur Einstellung der Griffposition haben Sie die volle Kontrolle \u2013 ob Einholen oder Ausholen, Sie haben die Wahl. Durch das Hochtemperatur-H\u00e4rtungsverfahren sind diese Zahnr\u00e4der extrem robust und bestens f\u00fcr den harten Einsatz im Freien geeignet.<\/p>\n<\/li>\n<li style=\"font-size:14px;color:rgb(34, 34, 34)\">\n<p>Geschmiedeter Haken: Nicht nur der Gurt der Bootswinde ist wichtig. Auch der Haken spielt eine entscheidende Rolle. Die 26 mm breite \u00d6ffnung ist robust geschmiedet und h\u00e4lt selbst schwersten Belastungen problemlos stand. Dank seiner korrosions- und rissbest\u00e4ndigen Konstruktion beh\u00e4lt er seine Form \u2013 auch nach h\u00e4ufigem Gebrauch. Der Sicherheitsverschluss sorgt f\u00fcr zus\u00e4tzliche Sicherheit.<\/p>\n<\/li>\n<li style=\"font-size:14px;color:rgb(34, 34, 34)\">\n<p>Einfache Handhabung: Unsere Handkurbelwinde verf\u00fcgt \u00fcber einen ergonomischen Griff mit einer optimalen L\u00e4nge von 25 cm. Hier stehen Griffigkeit und Komfort im Vordergrund, kombiniert mit einem robusten, verzinkten Rahmen. Schnell montiert und noch schneller einsatzbereit \u2013 dieses kleine Kraftpaket zieht schwere Fahrzeuge und Boote m\u00fchelos.<\/p>\n<\/li>\n<li style=\"font-size:14px;color:rgb(34, 34, 34)\">\n<p>F\u00fcr alles bereit, \u00fcberall: Einfach aufzubauen, kinderleicht zu bedienen \u2013 unsere robuste Handwinde ist der ideale Helfer f\u00fcr horizontale Zugarbeiten, egal wo Sie sind. Ob drinnen, drau\u00dfen, auf dem Wasser oder an Land \u2013 nehmen Sie sie mit zu Motorbooten, Anh\u00e4ngern oder Gel\u00e4ndefahrzeugen und erleben Sie ihre wahre St\u00e4rke.<\/p>\n<\/li>\n<li style=\"font-size:14px;color:rgb(34, 34, 34)\">\n<p><span style=\"color:rgb(0, 0, 0);font-size:medium\"><strong><span style=\"font-size:24px\"><span style=\"color:rgb(186, 55, 42)\">3500 Pfund<\/span><\/span><\/strong><\/span><span style=\"color:rgb(0, 0, 0);font-size:medium\"><strong><span style=\"font-size:24px\">\u00a0Technische Daten<\/span><\/strong><\/span><\/p>\n<\/li>\n<\/ul>\n<\/div>\n<div>\n<div>\u00a0<\/div>\n<div>\n<div>\u00a0<\/div>\n<div style=\"margin:16px 0px 24px;margin-bottom:24px;margin-top:16px;margin-left:0px;margin-right:0px\"><img decoding=\"async\" style=\"width:100%\" width=\"100%\" src=\"https:\/\/d2qc09rl1gfuof.cloudfront.net\/product\/CYSDJP3500BDRD94X\/hand-winch-a100-1.11.jpg\" slate-data-type=\"image\"\/><\/div>\n<div style=\"margin:16px 0px 24px;margin-bottom:24px;margin-top:16px;margin-left:0px;margin-right:0px\">\n<ul style=\"margin:16px 0px 24px;margin-bottom:24px;margin-top:16px;margin-left:0px;margin-right:0px\">\n<li style=\"font-size:14px;color:rgb(34, 34, 34)\">\n<p><span style=\"color:rgb(0, 0, 0);font-size:medium\"><strong><span style=\"font-size:24px\"><span style=\"color:rgb(186, 55, 42)\">2000 Pfund<\/span><\/span><\/strong><\/span><span style=\"color:rgb(0, 0, 0);font-size:medium\"><strong><span style=\"font-size:24px\"> Technische Daten<\/span><\/strong><\/span><\/p>\n<\/li>\n<\/ul>\n<\/div>\n<\/div>\n<\/div>\n<div>\n<div>\u00a0<\/div>\n<div>\n<div>\u00a0<\/div>\n<div style=\"margin:16px 0px 24px;margin-bottom:24px;margin-top:16px;margin-left:0px;margin-right:0px\"><img decoding=\"async\" style=\"width:100%\" width=\"100%\" src=\"https:\/\/d2qc09rl1gfuof.cloudfront.net\/product\/CYSDJP2000BDI2OUW\/hand-winch-a100-1.11.jpg\" slate-data-type=\"image\"\/><\/div>\n<div style=\"margin:16px 0px 24px;margin-bottom:24px;margin-top:16px;margin-left:0px;margin-right:0px\">\n<ul style=\"margin:16px 0px 24px;margin-bottom:24px;margin-top:16px;margin-left:0px;margin-right:0px\">\n<li style=\"font-size:14px;color:rgb(34, 34, 34)\">\n<p><span style=\"color:rgb(0, 0, 0);font-size:medium\"><strong><span style=\"font-size:24px\"><span style=\"color:rgb(186, 55, 42)\">1600 Pfund<\/span><\/span><\/strong><\/span><span style=\"color:rgb(0, 0, 0);font-size:medium\"><strong><span style=\"font-size:24px\"> Technische Daten<\/span><\/strong><\/span><\/p>\n<\/li>\n<\/ul>\n<\/div>\n<\/div>\n<\/div>\n<div>\n<div>\u00a0<\/div>\n<div>\n<div>\u00a0<\/div>\n<div style=\"margin:16px 0px 24px;margin-bottom:24px;margin-top:16px;margin-left:0px;margin-right:0px\"><img decoding=\"async\" style=\"width:100%\" width=\"100%\" src=\"https:\/\/d2qc09rl1gfuof.cloudfront.net\/product\/CYSDJP1600BDKMHDE\/hand-winch-a100-1.11.jpg\" slate-data-type=\"image\"\/><\/div>\n<div style=\"margin:16px 0px 24px;margin-bottom:24px;margin-top:16px;margin-left:0px;margin-right:0px\">\n<ul style=\"margin:16px 0px 24px;margin-bottom:24px;margin-top:16px;margin-left:0px;margin-right:0px\">\n<li style=\"font-size:14px;color:rgb(34, 34, 34)\">\n<p><span style=\"color:rgb(0, 0, 0);font-size:medium\"><strong><span style=\"font-size:24px\"><span style=\"color:rgb(186, 55, 42)\">1200 Pfund<\/span><\/span><\/strong><\/span><span style=\"color:rgb(0, 0, 0);font-size:medium\"><strong><span style=\"font-size:24px\"> Technische Daten<\/span><\/strong><\/span><\/p>\n<\/li>\n<\/ul>\n<\/div>\n<\/div>\n<\/div>\n<div>\n<div>\u00a0<\/div>\n<div>\n<div>\u00a0<\/div>\n<div style=\"margin:16px 0px 24px;margin-bottom:24px;margin-top:16px;margin-left:0px;margin-right:0px\"><img decoding=\"async\" style=\"width:100%\" width=\"100%\" src=\"https:\/\/d2qc09rl1gfuof.cloudfront.net\/product\/CYSDJP1200BDE18BE\/hand-winch-a100-1.11.jpg\" slate-data-type=\"image\"\/><\/div>\n<\/div>\n<\/div>\n<\/div>\n<p><\/p>\n<\/div>\n<\/div>\n<div class=\"detailmodule_dynamic\"><kse:widget data-widget-type=\"customText\" id=\"1005000000397265\" type=\"custom\"><\/kse:widget><\/div>\n<p><\/p>","protected":false},"excerpt":{"rendered":"<p>Hign-concerned Chemical:&nbsp;None Origin:&nbsp;Mainland China Brand Name:&nbsp;VEVOR Item Model Number:&nbsp;KW3500 Max Pulling Capacity:&nbsp;3500 lbs\/2000 lbs\/1600 lbs\/1200 lbs Product Weight:&nbsp;11.35 lbs\/7.6 lbs\/8.59 lbs\/6.28 lbs 3500lbs Product Size:&nbsp;10.23 x 6.29 x 7.08 in\/260<\/p>","protected":false},"featured_media":25237,"comment_status":"open","ping_status":"closed","template":"","meta":{"_acf_changed":false},"product_brand":[],"product_cat":[522],"product_tag":[],"class_list":{"0":"post-25236","1":"product","2":"type-product","3":"status-publish","4":"has-post-thumbnail","6":"product_cat-electric-winches","8":"first","9":"instock","10":"shipping-taxable","11":"purchasable","12":"product-type-variable"},"acf":[],"_links":{"self":[{"href":"https:\/\/www.electricstore.eu\/de\/wp-json\/wp\/v2\/product\/25236","targetHints":{"allow":["GET"]}}],"collection":[{"href":"https:\/\/www.electricstore.eu\/de\/wp-json\/wp\/v2\/product"}],"about":[{"href":"https:\/\/www.electricstore.eu\/de\/wp-json\/wp\/v2\/types\/product"}],"replies":[{"embeddable":true,"href":"https:\/\/www.electricstore.eu\/de\/wp-json\/wp\/v2\/comments?post=25236"}],"wp:featuredmedia":[{"embeddable":true,"href":"https:\/\/www.electricstore.eu\/de\/wp-json\/wp\/v2\/media\/25237"}],"wp:attachment":[{"href":"https:\/\/www.electricstore.eu\/de\/wp-json\/wp\/v2\/media?parent=25236"}],"wp:term":[{"taxonomy":"product_brand","embeddable":true,"href":"https:\/\/www.electricstore.eu\/de\/wp-json\/wp\/v2\/product_brand?post=25236"},{"taxonomy":"product_cat","embeddable":true,"href":"https:\/\/www.electricstore.eu\/de\/wp-json\/wp\/v2\/product_cat?post=25236"},{"taxonomy":"product_tag","embeddable":true,"href":"https:\/\/www.electricstore.eu\/de\/wp-json\/wp\/v2\/product_tag?post=25236"}],"curies":[{"name":"wp","href":"https:\/\/api.w.org\/{rel}","templated":true}]}}