{"id":24937,"date":"2025-05-20T18:43:31","date_gmt":"2025-05-20T18:43:31","guid":{"rendered":"https:\/\/electricstore.eu\/p\/uncategorized\/vevor-ratchet-chain-binder-3-8-1-2-heavy-duty-load-binders-12000-lbs-limit-hauling-chain-binders-for-flatbed-truck-trailer-4pc\/"},"modified":"2025-05-20T18:46:10","modified_gmt":"2025-05-20T18:46:10","slug":"vevor-ratchet-chain-binder-3-8-1-2-heavy-duty-load-binders-12000-lbs-limit-hauling-chain-binders-for-flatbed-truck-trailer-4pc","status":"publish","type":"product","link":"https:\/\/www.electricstore.eu\/de\/p\/o\/electric-lifting-hoists\/vevor-ratchet-chain-binder-3-8-1-2-heavy-duty-load-binders-12000-lbs-limit-hauling-chain-binders-for-flatbed-truck-trailer-4pc\/","title":{"rendered":"VEVOR Ratschen-Kettenbinder 3\/8\u2033-1\/2\u2033 Hochleistungs-Lastbinder 12000 lbs Limit-Transportkettenbinder f\u00fcr Pritschenwagenanh\u00e4nger 4-teilig"},"content":{"rendered":"<div class=\"product-specs-list-container\">\n<ul class=\"product-specs-list util-clearfix\">\n<li class=\"product-prop line-limit-length\"><span\n                                        class=\"property-title\">Hochgef\u00e4hrliche Chemikalie:&nbsp;<\/span><span\n                                        class=\"property-desc line-limit-length\">Keiner<\/span>\n                            <\/li>\n<li class=\"product-prop line-limit-length\"><span\n                                        class=\"property-title\">Herkunft:&nbsp;<\/span><span\n                                        class=\"property-desc line-limit-length\">Festlandchina<\/span>\n                            <\/li>\n<li class=\"product-prop line-limit-length\"><span\n                                        class=\"property-title\">Markenname:&nbsp;<\/span><span\n                                        class=\"property-desc line-limit-length\">VEVOR<\/span>\n                            <\/li>\n<li class=\"product-prop line-limit-length\"><span\n                                        class=\"property-title\">Marke:&nbsp;<\/span><span\n                                        class=\"property-desc line-limit-length\">VEVOR<\/span>\n                            <\/li>\n<li class=\"product-prop line-limit-length\"><span\n                                        class=\"property-title\">Material:&nbsp;<\/span><span\n                                        class=\"property-desc line-limit-length\">Stahlguss<\/span>\n                            <\/li>\n<li class=\"product-prop line-limit-length\"><span\n                                        class=\"property-title\">Maximale Kettenbelastung:&nbsp;<\/span><span\n                                        class=\"property-desc line-limit-length\">7100 lbs \/ 3220 kg<\/span>\n                            <\/li>\n<li class=\"product-prop line-limit-length\"><span\n                                        class=\"property-title\">Sperrklinkenstruktur:&nbsp;<\/span><span\n                                        class=\"property-desc line-limit-length\">Externer Verstellgriff<\/span>\n                            <\/li>\n<li class=\"product-prop line-limit-length\"><span\n                                        class=\"property-title\">Maximale Belastung des Ratschenbinders:&nbsp;<\/span><span\n                                        class=\"property-desc line-limit-length\">12000 lbs \/ 5443 kg<\/span>\n                            <\/li>\n<li class=\"product-prop line-limit-length\"><span\n                                        class=\"property-title\">Modell:&nbsp;<\/span><span\n                                        class=\"property-desc line-limit-length\">3\/8-1\/2 Kettenbinder<\/span>\n                            <\/li>\n<li class=\"product-prop line-limit-length\"><span\n                                        class=\"property-title\">Typ:&nbsp;<\/span><span\n                                        class=\"property-desc line-limit-length\">Kettenbinder<\/span>\n                            <\/li>\n<li class=\"product-prop line-limit-length\"><span\n                                        class=\"property-title\">Merkmale:&nbsp;<\/span><span\n                                        class=\"property-desc line-limit-length\">Einfache Installation, hohe Belastbarkeit<\/span>\n                            <\/li>\n<li class=\"product-prop line-limit-length\"><span\n                                        class=\"property-title\">Beenden:&nbsp;<\/span><span\n                                        class=\"property-desc line-limit-length\">Pulverbeschichtet<\/span>\n                            <\/li>\n<\/ul><\/div>\n<div class=\"detailmodule_html\">\n<div class=\"detail-desc-decorate-richtext\">\n<div style=\"font-family:&quot;Open sans&quot;, Arial, Helvetica, sans-serif\">\n<div><img decoding=\"async\" style=\"width:100%\" width=\"100%\" src=\"https:\/\/d2qc09rl1gfuof.cloudfront.net\/vevor\/boutique-banner\/pc\/banner-en.jpg\" slate-data-type=\"image\"\/><\/div>\n<div>\n<div style=\"font-size:16px;font-weight:bold;text-align:center;color:rgb(34, 34, 34);margin:24px 0px;margin-bottom:24px;margin-top:24px;margin-left:0px;margin-right:0px\" align=\"center\">Tragbarer Ratschen-Ladungsbinder<\/div>\n<div><img decoding=\"async\" style=\"width:100%\" width=\"100%\" src=\"https:\/\/d2qc09rl1gfuof.cloudfront.net\/product\/DLTJLLJQBBTYCEEB7\/chain-binder-a100-1.4.jpg\" slate-data-type=\"image\"\/><\/div>\n<div style=\"font-size:14px;text-align:center;color:rgb(34, 34, 34);margin:16px 0px 24px;margin-bottom:24px;margin-top:16px;margin-left:0px;margin-right:0px\" align=\"center\">Dieser VEVOR-Spanngurt ist deutlich kraftsparender als herk\u00f6mmliche Modelle. Der Griff l\u00e4sst sich abnehmen und der Spanngurt kann im Werkzeugkasten oder im schmalen Staufach Ihres Autos verstaut werden. Ideal f\u00fcr den geb\u00fcndelten Transport von schweren G\u00fctern, Ger\u00e4ten und Fahrzeugen. Mit VEVOR kommen Ihre Produkte sicher ans Ziel!<\/div>\n<\/div>\n<div>\n<div style=\"font-size:16px;font-weight:bold;text-align:center;color:rgb(34, 34, 34);margin:24px 0px;margin-bottom:24px;margin-top:24px;margin-left:0px;margin-right:0px\" align=\"center\"><\/div>\n<div style=\"margin:8px 0px;margin-bottom:8px;margin-top:8px;margin-left:0px;margin-right:0px\"><img decoding=\"async\" style=\"width:100%\" width=\"100%\" src=\"https:\/\/d2qc09rl1gfuof.cloudfront.net\/product\/DLTJLLJQBBTYCEEB7\/chain-binder-a100-2.2.jpg\" slate-data-type=\"image\"\/><\/div>\n<div style=\"font-size:14px;text-align:center;color:rgb(34, 34, 34);margin:16px 0px 24px;margin-bottom:24px;margin-top:16px;margin-left:0px;margin-right:0px\" align=\"center\">Die Ratschenvorrichtung erleichtert das Spannen und L\u00f6sen der Kette. Der 40 cm lange Griff ist 5 cm l\u00e4nger als \u00fcblich, und die Kraftersparnis durch die 14%-Technologie sorgt f\u00fcr eine m\u00fchelose Bedienung.<\/div>\n<\/div>\n<div>\n<div style=\"font-size:16px;font-weight:bold;text-align:center;color:rgb(34, 34, 34);margin:24px 0px;margin-bottom:24px;margin-top:24px;margin-left:0px;margin-right:0px\" align=\"center\"><\/div>\n<div style=\"margin:8px 0px;margin-bottom:8px;margin-top:8px;margin-left:0px;margin-right:0px\"><img decoding=\"async\" style=\"width:100%\" width=\"100%\" src=\"https:\/\/d2qc09rl1gfuof.cloudfront.net\/product\/DLTJLLJQBBTYCEEB7\/chain-binder-a100-2.3.jpg\" slate-data-type=\"image\"\/><\/div>\n<div style=\"font-size:14px;text-align:center;color:rgb(34, 34, 34);margin:16px 0px 24px;margin-bottom:24px;margin-top:16px;margin-left:0px;margin-right:0px\" align=\"center\">Durch Umlegen des Schalters l\u00e4sst sich die Drehrichtung der Ratsche (vorw\u00e4rts\/r\u00fcckw\u00e4rts) steuern. Die beschichtete Oberfl\u00e4che ist rost- und korrosionsbest\u00e4ndig und eignet sich daher f\u00fcr alle Arten von anspruchsvollen Feldeins\u00e4tzen.<\/div>\n<\/div>\n<div>\n<div style=\"font-size:16px;font-weight:bold;text-align:center;color:rgb(34, 34, 34);margin:24px 0px;margin-bottom:24px;margin-top:24px;margin-left:0px;margin-right:0px\" align=\"center\"><\/div>\n<div style=\"margin:8px 0px;margin-bottom:8px;margin-top:8px;margin-left:0px;margin-right:0px\"><img decoding=\"async\" style=\"width:100%\" width=\"100%\" src=\"https:\/\/d2qc09rl1gfuof.cloudfront.net\/product\/DLTJLLJQBBTYCEEB7\/chain-binder-a100-2.4.jpg\" slate-data-type=\"image\"\/><\/div>\n<div style=\"font-size:14px;text-align:center;color:rgb(34, 34, 34);margin:16px 0px 24px;margin-bottom:24px;margin-top:16px;margin-left:0px;margin-right:0px\" align=\"center\">Die bei hohen Temperaturen geschmiedeten G80-Gussstahlketten verformen und brechen auch unter rauen Au\u00dfenbedingungen \u00fcber lange Zeitr\u00e4ume nicht leicht und sind verschlei\u00dffest und korrosionsbest\u00e4ndig.<\/div>\n<\/div>\n<div>\n<div style=\"font-size:16px;font-weight:bold;text-align:center;color:rgb(34, 34, 34);margin:24px 0px;margin-bottom:24px;margin-top:24px;margin-left:0px;margin-right:0px\" align=\"center\"><\/div>\n<div style=\"margin:8px 0px;margin-bottom:8px;margin-top:8px;margin-left:0px;margin-right:0px\"><img decoding=\"async\" style=\"width:100%\" width=\"100%\" src=\"https:\/\/d2qc09rl1gfuof.cloudfront.net\/product\/DLTJLLJQBBTYCEEB7\/chain-binder-a100-2.5.jpg\" slate-data-type=\"image\"\/><\/div>\n<div style=\"font-size:14px;text-align:center;color:rgb(34, 34, 34);margin:16px 0px 24px;margin-bottom:24px;margin-top:16px;margin-left:0px;margin-right:0px\" align=\"center\">Der Griff ist abnehmbar und kann somit vielseitig eingesetzt werden. Au\u00dferdem kann die Ratschenbindemaschine die Drahtspannvorrichtung herk\u00f6mmlicher G\u00fcterwagen ersetzen.<\/div>\n<\/div>\n<div style=\"margin:16px 0px 24px;margin-bottom:24px;margin-top:16px;margin-left:0px;margin-right:0px\"><\/div>\n<div style=\"margin:24px 0px;margin-bottom:24px;margin-top:24px;margin-left:0px;margin-right:0px\">\n<div style=\"font-size:16px;font-weight:bold;color:rgb(34, 34, 34);margin:24px 0px 16px;margin-bottom:16px;margin-top:24px;margin-left:0px;margin-right:0px\">Funktionen und Details<\/div>\n<ul style=\"margin:16px 0px 24px;margin-bottom:24px;margin-top:16px;margin-left:0px;margin-right:0px\">\n<li style=\"font-size:14px;color:rgb(34, 34, 34)\">\n<p>Arbeitssparende Bedienung: Profitieren Sie von der verl\u00e4ngerten Griffl\u00e4nge! Die 40 cm langen Griffe bieten optimale Hebelwirkung, die durch die Ratschengriffe zus\u00e4tzlich verst\u00e4rkt wird. Der ger\u00e4ndelte Metallgriff und der konkav-konvexe Gummigriff sorgen f\u00fcr sicheren Halt und einfache Handhabung.<\/p>\n<\/li>\n<li style=\"font-size:14px;color:rgb(34, 34, 34)\">\n<p>F\u00fcr h\u00f6chste Beanspruchung entwickelt: Der Lastzurrhaken ist aus Stahlguss gefertigt und bietet dadurch eine besonders hohe Tragf\u00e4higkeit. Die Oberfl\u00e4che ist beschichtet und somit rostbest\u00e4ndig. Maximale Arbeitslast: 5443 kg, Bruchlast: 2177 kg. Geeignet f\u00fcr 9,5 mm und 12,7 mm Ketten. Maximale Arbeitslast f\u00fcr 9,5 mm G80 Kette: 3221 kg, Bruchlast: 12881 kg.<\/p>\n<\/li>\n<li style=\"font-size:14px;color:rgb(34, 34, 34)\">\n<p>Einfache Aufbewahrung: Dank der patentierten, abnehmbaren Konstruktion l\u00e4sst sich der Griff platzsparend im LKW verstauen. Er ist auch f\u00fcr die Verzurrung von G\u00fcterwagen geeignet.<\/p>\n<\/li>\n<li style=\"font-size:14px;color:rgb(34, 34, 34)\">\n<p>Sicherheit hat f\u00fcr uns oberste Priorit\u00e4t: Der Gurt wurde speziell f\u00fcr Ihre Sicherheit entwickelt und verf\u00fcgt \u00fcber eine Absturzsicherung, die Ihre F\u00fc\u00dfe vor Verletzungen sch\u00fctzt. Der verbesserte externe Schalter ist kraftsparend und verhindert das Einklemmen der H\u00e4nde. Der geschmiedete Greifer mit 360\u00b0-Drehung garantiert maximale Haltbarkeit und Zuverl\u00e4ssigkeit.<\/p>\n<\/li>\n<li style=\"font-size:14px;color:rgb(34, 34, 34)\">\n<p>Vielseitig einsetzbar: Unsere Ratschengurte eignen sich zur Ladungssicherung in Kettenanwendungen f\u00fcr Transport, Industrie und Landwirtschaft sowie zur Ladungssicherung in der Schifffahrt, Landwirtschaft und im Au\u00dfendienst. Sie erf\u00fcllen alle Anforderungen von CVSA, DOT, NACM und FMCSA. Achtung: Dieser Ladungsgurt ist nicht f\u00fcr das Heben \u00fcber Kopfh\u00f6he geeignet.<\/p>\n<\/li>\n<\/ul>\n<\/div>\n<div>\n<div>\n<div style=\"margin:16px 0px 24px;margin-bottom:24px;margin-top:16px;margin-left:0px;margin-right:0px\"><img decoding=\"async\" style=\"width:100%\" width=\"100%\" src=\"https:\/\/d2qc09rl1gfuof.cloudfront.net\/product\/DLTJLLJQBBTYCEEB7\/chain-binder-a100-1.11.jpg\" slate-data-type=\"image\"\/><\/div>\n<\/div>\n<\/div>\n<\/div>\n<\/div>\n<\/div>\n<p><\/p>","protected":false},"excerpt":{"rendered":"<p>Hign-concerned Chemical:&nbsp;None Origin:&nbsp;Mainland China Brand Name:&nbsp;VEVOR Brand:&nbsp;VEVOR Material:&nbsp;Cast Steel Max. Load of Chain:&nbsp;7100 lbs \/ 3220 kg Pawl Structure:&nbsp;External Adjusting Handle Max. Load of Ratchet Binder:&nbsp;12000 lbs \/ 5443 kg<\/p>","protected":false},"featured_media":24939,"comment_status":"open","ping_status":"closed","template":"","meta":{"_acf_changed":false},"product_brand":[],"product_cat":[517],"product_tag":[],"class_list":{"0":"post-24937","1":"product","2":"type-product","3":"status-publish","4":"has-post-thumbnail","6":"product_cat-electric-lifting-hoists","8":"first","9":"instock","10":"shipping-taxable","11":"purchasable","12":"product-type-variable"},"acf":[],"_links":{"self":[{"href":"https:\/\/www.electricstore.eu\/de\/wp-json\/wp\/v2\/product\/24937","targetHints":{"allow":["GET"]}}],"collection":[{"href":"https:\/\/www.electricstore.eu\/de\/wp-json\/wp\/v2\/product"}],"about":[{"href":"https:\/\/www.electricstore.eu\/de\/wp-json\/wp\/v2\/types\/product"}],"replies":[{"embeddable":true,"href":"https:\/\/www.electricstore.eu\/de\/wp-json\/wp\/v2\/comments?post=24937"}],"wp:featuredmedia":[{"embeddable":true,"href":"https:\/\/www.electricstore.eu\/de\/wp-json\/wp\/v2\/media\/24939"}],"wp:attachment":[{"href":"https:\/\/www.electricstore.eu\/de\/wp-json\/wp\/v2\/media?parent=24937"}],"wp:term":[{"taxonomy":"product_brand","embeddable":true,"href":"https:\/\/www.electricstore.eu\/de\/wp-json\/wp\/v2\/product_brand?post=24937"},{"taxonomy":"product_cat","embeddable":true,"href":"https:\/\/www.electricstore.eu\/de\/wp-json\/wp\/v2\/product_cat?post=24937"},{"taxonomy":"product_tag","embeddable":true,"href":"https:\/\/www.electricstore.eu\/de\/wp-json\/wp\/v2\/product_tag?post=24937"}],"curies":[{"name":"wp","href":"https:\/\/api.w.org\/{rel}","templated":true}]}}