{"id":24907,"date":"2025-05-20T18:43:23","date_gmt":"2025-05-20T18:43:23","guid":{"rendered":"https:\/\/electricstore.eu\/p\/uncategorized\/vevor-lifting-chain-sling-lifts-5-tonne-1-5m-3m-4m-x-5-16-inch-heavy-duty-with-4-legs-grade-hooks-and-adjuster-g80-alloy-steel\/"},"modified":"2025-05-20T18:45:47","modified_gmt":"2025-05-20T18:45:47","slug":"vevor-lifting-chain-sling-lifts-5-tonne-1-5m-3m-4m-x-5-16-inch-heavy-duty-with-4-legs-grade-hooks-and-adjuster-g80-alloy-steel","status":"publish","type":"product","link":"https:\/\/www.electricstore.eu\/de\/p\/o\/electric-lifting-hoists\/vevor-lifting-chain-sling-lifts-5-tonne-1-5m-3m-4m-x-5-16-inch-heavy-duty-with-4-legs-grade-hooks-and-adjuster-g80-alloy-steel\/","title":{"rendered":"VEVOR Hebekettenschlinge f\u00fcr Hebezeuge 5 Tonnen, 1,5 m, 3 m, 4 m, x 5\/16 Zoll, strapazierf\u00e4hig, mit 4 Beinen, Haken der G\u00fcteklasse und Einsteller, G80-Legierungsstahl"},"content":{"rendered":"<div class=\"product-specs-list-container\">\n<ul class=\"product-specs-list util-clearfix\">\n<li class=\"product-prop line-limit-length\"><span\n                                        class=\"property-title\">Hochgef\u00e4hrliche Chemikalie:&nbsp;<\/span><span\n                                        class=\"property-desc line-limit-length\">Keiner<\/span>\n                            <\/li>\n<li class=\"product-prop line-limit-length\"><span\n                                        class=\"property-title\">Herkunft:&nbsp;<\/span><span\n                                        class=\"property-desc line-limit-length\">Festlandchina<\/span>\n                            <\/li>\n<li class=\"product-prop line-limit-length\"><span\n                                        class=\"property-title\">Markenname:&nbsp;<\/span><span\n                                        class=\"property-desc line-limit-length\">VEVOR<\/span>\n                            <\/li>\n<\/ul><\/div>\n<p><\/p>\n<div class=\"detailmodule_html\">\n<div class=\"detail-desc-decorate-richtext\">\n<div>\n<\/div>\n<div style=\"padding:20px;padding-bottom:20px;padding-top:20px;padding-left:20px;padding-right:20px\">\n<div style=\"text-align:center;width:100%\" align=\"center\"><img decoding=\"async\" src=\"https:\/\/vevor-bmp-prm.s3.ap-east-1.amazonaws.com\/default\/vevor-1.png\" slate-data-type=\"image\"\/><\/div>\n<div style=\"font-size:16px;font-weight:bold;line-height:36px\">Produktbeschreibung<\/div>\n<div style=\"width:100%\"><img decoding=\"async\" src=\"https:\/\/d2qc09rl1gfuof.cloudfront.net\/product\/4MSGLT00000000001\/chain-slings-a100-1.4.jpg\" slate-data-type=\"image\"\/><\/div>\n<div style=\"margin-top:15px;display:flex\">\n<div style=\"width:33%\"><img decoding=\"async\" style=\"width:100%\" width=\"100%\" src=\"https:\/\/d2qc09rl1gfuof.cloudfront.net\/product\/4MSGLT00000000001\/four-leg-Lifting-Chain-x1.jpg\" slate-data-type=\"image\"\/><\/div>\n<div style=\"padding:0px 15px;padding-bottom:0px;padding-top:0px;padding-left:15px;padding-right:15px;width:33%\">\n<div style=\"font-size:16px;font-weight:bold;line-height:36px\">5\/16&#039;&#039;x13&#039; Kettengeh\u00e4nge<\/div>\n<div style=\"font-size:14px\"><\/div>\n<div style=\"font-size:14px\">Diese vierstr\u00e4ngige Kettenschlinge besteht aus einer Kette aus G80-Manganstahl und einem Haken aus legiertem Stahl mit Pulverbeschichtung. Sie dehnt sich unter Belastung nicht aus. Dank ihrer Verschlei\u00df- und Hochtemperaturbest\u00e4ndigkeit ist sie besonders langlebig und tr\u00e4gt wesentlich zur Steigerung der Arbeitseffizienz bei.<\/div>\n<ul style=\"font-size:14px;background-color:rgb(243, 243, 243);border:1px solid rgb(204, 204, 204);margin-top:8px;padding:10px 40px;padding-bottom:10px;padding-top:10px;padding-left:40px;padding-right:40px\">\n<li>\n<p>11.000 lbs Ladekapazit\u00e4t<\/p>\n<\/li>\n<li>\n<p>Robuste Stahlkonstruktion<\/p>\n<\/li>\n<li>\n<p>Hochleistungskette &amp; Haken<\/p>\n<\/li>\n<li>\n<p>Vorsichtsma\u00dfnahmen f\u00fcr die Anwendung<\/p>\n<\/li>\n<\/ul>\n<\/div>\n<div style=\"border-left:1px solid rgb(204, 204, 204);padding:0px 15px;padding-bottom:0px;padding-top:0px;padding-left:15px;padding-right:15px;width:33%\">\n<div>\u00a0<\/div>\n<div style=\"padding:0px 15px;padding-bottom:0px;padding-top:0px;padding-left:15px;padding-right:15px\">\n<div><img decoding=\"async\" style=\"width:100%\" width=\"100%\" src=\"https:\/\/www.jinlantrade.com\/ebay\/VEVOR\/vevor-2.png\" slate-data-type=\"image\"\/><\/div>\n<div style=\"font-size:14px;font-weight:bold;line-height:24px\">Robuste Ausr\u00fcstung und Werkzeuge, weniger bezahlen<\/div>\n<div style=\"font-size:12px;margin:8px 0px;margin-bottom:8px;margin-top:8px;margin-left:0px;margin-right:0px\">VEVOR ist eine f\u00fchrende Marke f\u00fcr Ausr\u00fcstung und Werkzeuge. Gemeinsam mit Tausenden motivierten Mitarbeitern bietet VEVOR seinen Kunden robuste Ausr\u00fcstung und Werkzeuge zu unglaublich g\u00fcnstigen Preisen. VEVOR-Produkte werden heute in \u00fcber 200 L\u00e4ndern und Regionen vertrieben und z\u00e4hlen weltweit mehr als 10 Millionen Mitglieder.<\/div>\n<div style=\"font-size:14px;font-weight:bold;line-height:24px\">Warum VEVOR w\u00e4hlen?<\/div>\n<ul style=\"font-size:14px;background-color:rgb(243, 243, 243);border:1px solid rgb(204, 204, 204);margin-top:8px;padding:10px 40px;padding-bottom:10px;padding-top:10px;padding-left:40px;padding-right:40px\">\n<li>\n<p>Robuste Premium-Qualit\u00e4t<\/p>\n<\/li>\n<li>\n<p>Unglaublich niedrige Preise<\/p>\n<\/li>\n<li>\n<p>Schnelle und sichere Lieferung<\/p>\n<\/li>\n<li>\n<p>30 Tage kostenlose R\u00fccksendung<\/p>\n<\/li>\n<li>\n<p>Aufmerksamer Service rund um die Uhr<\/p>\n<\/li>\n<\/ul>\n<\/div>\n<\/div>\n<\/div>\n<div style=\"margin-top:30px\">\n<div style=\"font-size:16px;font-weight:bold;line-height:36px\">Hauptmerkmale<\/div>\n<div style=\"padding:30px;padding-bottom:30px;padding-top:30px;padding-left:30px;padding-right:30px\">\n<div>\n<div style=\"margin-top:15px;padding:0px 15px;padding-bottom:0px;padding-top:0px;padding-left:15px;padding-right:15px;display:inline-block;width:33%;box-sizing:border-box\">\n<div><img decoding=\"async\" style=\"width:100%\" width=\"100%\" src=\"https:\/\/d2qc09rl1gfuof.cloudfront.net\/product\/4MSGLT00000000001\/chain-slings-m100-2.jpg\" slate-data-type=\"image\"\/><\/div>\n<div style=\"font-size:16px;font-weight:bold;line-height:36px\">Gro\u00dfe Ladekapazit\u00e4t<\/div>\n<div style=\"font-size:14px\">Es hat eine Nennlast von 11.000 lbs und eine Bruchfestigkeit von \u00fcber 800 MPa. Es darf nur innerhalb des zul\u00e4ssigen Lastbereichs verwendet werden.<\/div>\n<\/div>\n<div style=\"margin-top:15px;padding:0px 15px;padding-bottom:0px;padding-top:0px;padding-left:15px;padding-right:15px;display:inline-block;width:33%;box-sizing:border-box\">\n<div><img decoding=\"async\" style=\"width:100%\" width=\"100%\" src=\"https:\/\/d2qc09rl1gfuof.cloudfront.net\/product\/4MSGLT00000000001\/chain-slings-m100-3.jpg\" slate-data-type=\"image\"\/><\/div>\n<div style=\"font-size:16px;font-weight:bold;line-height:36px\">Robuste Konstruktion<\/div>\n<div style=\"font-size:14px\">Die gesamte Konstruktion besteht aus hochwertigem Stahlmaterial und weist eine bessere Best\u00e4ndigkeit gegen Korrosion, Rost und Abrieb auf.<\/div>\n<\/div>\n<div style=\"margin-top:15px;padding:0px 15px;padding-bottom:0px;padding-top:0px;padding-left:15px;padding-right:15px;display:inline-block;width:33%;box-sizing:border-box\">\n<div><img decoding=\"async\" style=\"width:100%\" width=\"100%\" src=\"https:\/\/d2qc09rl1gfuof.cloudfront.net\/product\/4MSGLT00000000001\/chain-slings-m100-4.jpg\" slate-data-type=\"image\"\/><\/div>\n<div style=\"font-size:16px;font-weight:bold;line-height:36px\">Hochleistungskette<\/div>\n<div style=\"font-size:14px\">Die 5\/16&#039;&#039; x 13&#039; lange Kette besteht aus Manganstahl. Sie ist verschlei\u00dffest und dehnt sich unter Belastung nicht.<\/div>\n<\/div>\n<div style=\"margin-top:15px;padding:0px 15px;padding-bottom:0px;padding-top:0px;padding-left:15px;padding-right:15px;display:inline-block;width:33%;box-sizing:border-box\">\n<div><img decoding=\"async\" style=\"width:100%\" width=\"100%\" src=\"https:\/\/d2qc09rl1gfuof.cloudfront.net\/product\/4MSGLT00000000001\/chain-slings-m100-5.jpg\" slate-data-type=\"image\"\/><\/div>\n<div style=\"font-size:16px;font-weight:bold;line-height:36px\">Selbstverriegelnde Haken<\/div>\n<div style=\"font-size:14px\">Der Haken ist aus legiertem Stahl gefertigt, um den Anforderungen an Festigkeit und H\u00e4rte gerecht zu werden und ein Abrutschen zu verhindern.<\/div>\n<\/div>\n<div style=\"margin-top:15px;padding:0px 15px;padding-bottom:0px;padding-top:0px;padding-left:15px;padding-right:15px;display:inline-block;width:33%;box-sizing:border-box\">\n<div><img decoding=\"async\" style=\"width:100%\" width=\"100%\" src=\"https:\/\/d2qc09rl1gfuof.cloudfront.net\/product\/4MSGLT00000000001\/chain-slings-m100-6.jpg\" slate-data-type=\"image\"\/><\/div>\n<div style=\"font-size:16px;font-weight:bold;line-height:36px\">Einfache Bedienung<\/div>\n<div style=\"font-size:14px\">Verbinden Sie den Aufh\u00e4ngering mit Ihrem Hebezeug und h\u00e4ngen Sie Ihre Lasten ein, und schon k\u00f6nnen Sie mit dem Heben beginnen.<\/div>\n<\/div>\n<div style=\"margin-top:15px;padding:0px 15px;padding-bottom:0px;padding-top:0px;padding-left:15px;padding-right:15px;display:inline-block;width:33%;box-sizing:border-box\">\n<div><img decoding=\"async\" style=\"width:100%\" width=\"100%\" src=\"https:\/\/d2qc09rl1gfuof.cloudfront.net\/product\/4MSGLT00000000001\/chain-slings-m100-7.jpg\" slate-data-type=\"image\"\/><\/div>\n<div style=\"font-size:16px;font-weight:bold;line-height:36px\">Weit verbreitet<\/div>\n<div style=\"font-size:14px\">Geeignet zum Heben oder Bewegen von Lasten in verschiedenen Branchen, wie z. B. Maschinenbau, Fabriken, Lagerhallen, Garagen usw.<\/div>\n<\/div>\n<\/div>\n<\/div>\n<\/div>\n<div style=\"margin-top:15px;display:flex\">\n<div style=\"width:33%\"><img decoding=\"async\" style=\"width:100%\" width=\"100%\" src=\"https:\/\/d2qc09rl1gfuof.cloudfront.net\/product\/4MSGLT00000000001\/chain-slings-a100-2.jpg\" slate-data-type=\"image\"\/><\/div>\n<div style=\"padding:0px 15px;padding-bottom:0px;padding-top:0px;padding-left:15px;padding-right:15px;width:33%\">\n<div style=\"font-size:16px;font-weight:bold;line-height:36px\">Technische Daten<\/div>\n<ul style=\"font-size:14px;border:1px solid rgb(204, 204, 204);margin-top:8px;padding:10px 40px;padding-bottom:10px;padding-top:10px;padding-left:40px;padding-right:40px\">\n<li>\n<p>Werkstoff: G80, legierter Stahl<\/p>\n<\/li>\n<li>\n<p>Kettenwurzel: 4<\/p>\n<\/li>\n<li>\n<p>Kettendurchmesser: 5\/16&quot;\/8 mm<\/p>\n<\/li>\n<li>\n<p>Arbeitsl\u00e4nge: 13&#039;\/4 m<\/p>\n<\/li>\n<li>\n<p>Tragf\u00e4higkeit: 11.000 lbs\/5 t<\/p>\n<\/li>\n<li>\n<p>Sicherheitsfaktor: 4:1<\/p>\n<\/li>\n<\/ul>\n<\/div>\n<div style=\"border-left:1px solid rgb(204, 204, 204);padding:0px 15px;padding-bottom:0px;padding-top:0px;padding-left:15px;padding-right:15px;width:33%\">\n<div style=\"width:100%\"><img decoding=\"async\" style=\"width:100%\" width=\"100%\" src=\"https:\/\/d2qc09rl1gfuof.cloudfront.net\/product\/4MSGLT00000000001\/chain-slings-a100-3.jpg\" slate-data-type=\"image\"\/><\/div>\n<div style=\"font-size:14px;font-weight:bold;line-height:24px\">Packungsinhalt<\/div>\n<ul style=\"font-size:14px;background-color:rgb(243, 243, 243);border:1px solid rgb(204, 204, 204);margin-top:8px;padding:10px 40px;padding-bottom:10px;padding-top:10px;padding-left:40px;padding-right:40px\">\n<li>\n<p>1 x Kettenschlinge<\/p>\n<\/li>\n<\/ul>\n<\/div>\n<\/div>\n<div>\u00a0<\/div>\n<div>\n<div style=\"font-size:16px;font-weight:bold;line-height:36px\">Funktionen und Details<\/div>\n<ul style=\"font-size:14px;padding-left:40px\">\n<li>\n<p>\u301011.000 lbs Tragf\u00e4higkeit\u3011 \u2013 Kettenl\u00e4nge: 13 Fu\u00df. Kettendurchmesser: 5\/16 Zoll. Die Bruchfestigkeit betr\u00e4gt \u00fcber 800 MPa. Arbeitskapazit\u00e4t: 11.000 lbs. Dieses Produkt bietet ein hohes Ma\u00df an Sicherheit und kann bedenkenlos verwendet werden.<\/p>\n<\/li>\n<li>\n<p>\u3010ROBUSTE STAHLKONSTRUKTION\u3011- Unsere Kettenschlinge besteht aus einer Kette aus G80-Manganstahl und einem Haken aus legiertem Stahl und zeichnet sich durch vollautomatische Schwei\u00dftechnik aus. Sie ist f\u00fcr den Langzeiteinsatz konzipiert.<\/p>\n<\/li>\n<li>\n<p>\u3010HOCHLEISTUNGSKETTE &amp; -HAKEN\u3011 \u2013 Die Kette dieser Hebeschlinge besteht aus G80-Manganstahl. Hebeglied und Haken sind aus pulverbeschichtetem legiertem Stahl gefertigt. Sie sind verschlei\u00dffest und hochtemperaturbest\u00e4ndig.<\/p>\n<\/li>\n<li>\n<p>\u3010HINWEISE ZUR VERWENDUNG\u3011- Gegenst\u00e4nde m\u00fcssen mittig am Haken aufgeh\u00e4ngt werden. Der Rand des Hakens darf nicht eingeh\u00e4ngt werden. Eine verdrehte, umgedrehte oder verhedderte Kette darf nicht verwendet werden.<\/p>\n<\/li>\n<li>\n<p>\u3010VIELSEITIGE ANWENDUNG\u3011- Es eignet sich perfekt f\u00fcr diverse Hebe- und Transportarbeiten in Fabriken, auf Baustellen, im Bergbau, in H\u00e4fen, im Hochbau usw. Die hochbelastbare Kettenschlinge ist f\u00fcr sicheres Schleppen und Handhaben von G\u00fctern konzipiert.<\/p>\n<\/li>\n<li>\n<p>Verwendung der Kette<\/p>\n<\/li>\n<li>\n<p>Tritt einer der folgenden F\u00e4lle ein, darf die Verwendung von Kettengeh\u00e4ngen sofort eingestellt werden.<\/p>\n<\/li>\n<li>\n<p>A. Durchmesser besch\u00e4digt 10% des Originals;<\/p>\n<\/li>\n<li>\n<p>B. An der Kette treten Risse, Verbiegungen, Verformungen oder Oberfl\u00e4chenbesch\u00e4digungen auf (Ph\u00e4nomen);<\/p>\n<\/li>\n<li>\n<p>C. Die bleibende Dehnung der Kette \u00fcbersteigt 5% der tats\u00e4chlichen L\u00e4nge.<\/p>\n<\/li>\n<li>\n<p>Aufmerksamkeit<\/p>\n<\/li>\n<li>\n<p>Beim Heben schwerer Gegenst\u00e4nde sollten Benutzer vermeiden, unter oder in der N\u00e4he der Gegenst\u00e4nde zu stehen;<\/p>\n<\/li>\n<li>\n<p>Die Benutzer sollten die Seile regelm\u00e4\u00dfig auf sichtbare Sch\u00e4den \u00fcberpr\u00fcfen, einschlie\u00dflich versteckter Flecken unter Verletzungen, die die sichere Verwendung der Takelage gef\u00e4hrden k\u00f6nnten.<\/p>\n<\/li>\n<\/ul>\n<\/div>\n<\/div>\n<\/div>\n<\/div>\n<p><\/p>","protected":false},"excerpt":{"rendered":"<p>Hign-concerned Chemical:&nbsp;None Origin:&nbsp;Mainland China Brand Name:&nbsp;VEVOR Product Description 5\/16&#x27;&#x27;x13&#x27; Chain Sling This Chain Sling of four legs is constructed of a G80 Mn-steel chain and alloy steel hook with powder<\/p>","protected":false},"featured_media":24908,"comment_status":"open","ping_status":"closed","template":"","meta":{"_acf_changed":false},"product_brand":[],"product_cat":[517],"product_tag":[],"class_list":{"0":"post-24907","1":"product","2":"type-product","3":"status-publish","4":"has-post-thumbnail","6":"product_cat-electric-lifting-hoists","8":"first","9":"instock","10":"shipping-taxable","11":"purchasable","12":"product-type-variable"},"acf":[],"_links":{"self":[{"href":"https:\/\/www.electricstore.eu\/de\/wp-json\/wp\/v2\/product\/24907","targetHints":{"allow":["GET"]}}],"collection":[{"href":"https:\/\/www.electricstore.eu\/de\/wp-json\/wp\/v2\/product"}],"about":[{"href":"https:\/\/www.electricstore.eu\/de\/wp-json\/wp\/v2\/types\/product"}],"replies":[{"embeddable":true,"href":"https:\/\/www.electricstore.eu\/de\/wp-json\/wp\/v2\/comments?post=24907"}],"wp:featuredmedia":[{"embeddable":true,"href":"https:\/\/www.electricstore.eu\/de\/wp-json\/wp\/v2\/media\/24908"}],"wp:attachment":[{"href":"https:\/\/www.electricstore.eu\/de\/wp-json\/wp\/v2\/media?parent=24907"}],"wp:term":[{"taxonomy":"product_brand","embeddable":true,"href":"https:\/\/www.electricstore.eu\/de\/wp-json\/wp\/v2\/product_brand?post=24907"},{"taxonomy":"product_cat","embeddable":true,"href":"https:\/\/www.electricstore.eu\/de\/wp-json\/wp\/v2\/product_cat?post=24907"},{"taxonomy":"product_tag","embeddable":true,"href":"https:\/\/www.electricstore.eu\/de\/wp-json\/wp\/v2\/product_tag?post=24907"}],"curies":[{"name":"wp","href":"https:\/\/api.w.org\/{rel}","templated":true}]}}