{"id":24898,"date":"2025-05-20T18:43:19","date_gmt":"2025-05-20T18:43:19","guid":{"rendered":"https:\/\/electricstore.eu\/p\/uncategorized\/vevor-4t-chain-sling-1m-2m-x-8mm-four-leg-with-powder-coating-steel-hook-grade-80-high-temperature-resistance-for-lifting\/"},"modified":"2025-05-20T18:45:36","modified_gmt":"2025-05-20T18:45:36","slug":"vevor-4t-chain-sling-1m-2m-x-8mm-four-leg-with-powder-coating-steel-hook-grade-80-high-temperature-resistance-for-lifting","status":"publish","type":"product","link":"https:\/\/www.electricstore.eu\/de\/p\/o\/electric-lifting-hoists\/vevor-4t-chain-sling-1m-2m-x-8mm-four-leg-with-powder-coating-steel-hook-grade-80-high-temperature-resistance-for-lifting\/","title":{"rendered":"VEVOR 4T Kettenschlinge \u2013 1M \/ 2M x 8MM Vierbein mit pulverbeschichtetem Stahlhaken \u2013 Hohe Temperaturbest\u00e4ndigkeit der G\u00fcteklasse 80 zum Heben"},"content":{"rendered":"<div class=\"product-specs-list-container\">\n<ul class=\"product-specs-list util-clearfix\">\n<li class=\"product-prop line-limit-length\"><span\n                                        class=\"property-title\">Hochgef\u00e4hrliche Chemikalie:&nbsp;<\/span><span\n                                        class=\"property-desc line-limit-length\">Keiner<\/span>\n                            <\/li>\n<li class=\"product-prop line-limit-length\"><span\n                                        class=\"property-title\">Modellnummer:&nbsp;<\/span><span\n                                        class=\"property-desc line-limit-length\">Kettenschlinge<\/span>\n                            <\/li>\n<li class=\"product-prop line-limit-length\"><span\n                                        class=\"property-title\">Herkunft:&nbsp;<\/span><span\n                                        class=\"property-desc line-limit-length\">Festlandchina<\/span>\n                            <\/li>\n<li class=\"product-prop line-limit-length\"><span\n                                        class=\"property-title\">Markenname:&nbsp;<\/span><span\n                                        class=\"property-desc line-limit-length\">VEVOR<\/span>\n                            <\/li>\n<li class=\"product-prop line-limit-length\"><span\n                                        class=\"property-title\">Material:&nbsp;<\/span><span\n                                        class=\"property-desc line-limit-length\">Legierter Stahl<\/span>\n                            <\/li>\n<\/ul><\/div>\n<div class=\"detailmodule_html\">\n<div class=\"detail-desc-decorate-richtext\">\n<div style=\"padding:20px;padding-bottom:20px;padding-top:20px;padding-left:20px;padding-right:20px\">\n<div style=\"text-align:center;width:100%\" align=\"center\"><img decoding=\"async\" src=\"https:\/\/vevor-bmp-prm.s3.ap-east-1.amazonaws.com\/default\/vevor-1.png\" slate-data-type=\"image\"\/><\/div>\n<div style=\"font-size:16px;font-weight:bold;line-height:36px\">Produktbeschreibung<\/div>\n<div style=\"width:100%\"><img decoding=\"async\" src=\"https:\/\/d2qc09rl1gfuof.cloudfront.net\/product\/GLSJG80SZGL8MMX2M\/chain-slings-a100-1.4.jpg\" slate-data-type=\"image\"\/><\/div>\n<div style=\"margin-top:15px;display:flex\">\n<div style=\"width:33%\"><img decoding=\"async\" style=\"width:100%\" width=\"100%\" src=\"https:\/\/d2qc09rl1gfuof.cloudfront.net\/product\/GLSJG80SZGL8MMX2M\/four-+leg-+Lifting+-Chain-x1.jpg\" slate-data-type=\"image\"\/><\/div>\n<div style=\"padding:0px 15px;padding-bottom:0px;padding-top:0px;padding-left:15px;padding-right:15px;width:33%\">\n<div style=\"font-size:16px;font-weight:700;line-height:36px\">5\/16&#039;&#039; x 6,5&#039; Kettengeh\u00e4nge<\/div>\n<div style=\"font-size:14px\"><\/div>\n<div style=\"font-size:14px\">Diese vierstr\u00e4ngige Kettenschlinge besteht aus einer Kette aus G80-Manganstahl und einem Haken aus legiertem Stahl mit Pulverbeschichtung. Sie dehnt sich unter Belastung nicht aus. Dank ihrer Verschlei\u00df- und Hochtemperaturbest\u00e4ndigkeit ist sie besonders langlebig und tr\u00e4gt wesentlich zur Steigerung der Arbeitseffizienz bei.<\/div>\n<ul style=\"font-size:14px;background-color:rgb(243, 243, 243);border:1px solid rgb(204, 204, 204);margin-top:8px;padding:10px 40px;padding-bottom:10px;padding-top:10px;padding-left:40px;padding-right:40px\">\n<li>\n<p>8800 lbs Ladekapazit\u00e4t<\/p>\n<\/li>\n<li>\n<p>Robuste Stahlkonstruktion<\/p>\n<\/li>\n<li>\n<p>Hochleistungskette &amp; Haken<\/p>\n<\/li>\n<li>\n<p>Vorsichtsma\u00dfnahmen f\u00fcr die Anwendung<\/p>\n<\/li>\n<\/ul>\n<\/div>\n<div style=\"border-left:1px solid rgb(204, 204, 204);padding:0px 15px;padding-bottom:0px;padding-top:0px;padding-left:15px;padding-right:15px;width:33%\">\n<div style=\"padding:0px 15px;padding-bottom:0px;padding-top:0px;padding-left:15px;padding-right:15px\">\n<div><img decoding=\"async\" style=\"width:100%\" width=\"100%\" src=\"https:\/\/www.jinlantrade.com\/ebay\/VEVOR\/vevor-2.png\" slate-data-type=\"image\"\/><\/div>\n<div style=\"font-size:14px;font-weight:bold;line-height:24px\">Robuste Ausr\u00fcstung und Werkzeuge, weniger bezahlen<\/div>\n<div style=\"font-size:12px;margin:8px 0px;margin-bottom:8px;margin-top:8px;margin-left:0px;margin-right:0px\">VEVOR ist eine f\u00fchrende Marke, die sich auf Ausr\u00fcstung und Werkzeuge spezialisiert hat. Zusammen mit Tausenden von motivierten<br \/>Mitarbeiter, VEVOR ist bestrebt, unseren Kunden robuste Ger\u00e4te und Werkzeuge zu unglaublich<br \/>niedrige Preise. Heute werden die Produkte von VEVOR in mehr als 200 L\u00e4ndern und Regionen mit 10 Millionen verkauft<br \/>plus Mitglieder weltweit.<\/div>\n<div style=\"font-size:14px;font-weight:bold;line-height:24px\">Warum VEVOR w\u00e4hlen?<\/div>\n<ul style=\"font-size:14px;background-color:rgb(243, 243, 243);border:1px solid rgb(204, 204, 204);margin-top:8px;padding:10px 40px;padding-bottom:10px;padding-top:10px;padding-left:40px;padding-right:40px\">\n<li>\n<p>Robuste Premium-Qualit\u00e4t<\/p>\n<\/li>\n<li>\n<p>Unglaublich niedrige Preise<\/p>\n<\/li>\n<li>\n<p>Schnelle und sichere Lieferung<\/p>\n<\/li>\n<li>\n<p>30 Tage kostenlose R\u00fccksendung<\/p>\n<\/li>\n<li>\n<p>Aufmerksamer Service rund um die Uhr<\/p>\n<\/li>\n<\/ul>\n<\/div>\n<\/div>\n<\/div>\n<div style=\"margin-top:30px\">\n<div style=\"font-size:16px;font-weight:bold;line-height:36px\">Hauptmerkmale<\/div>\n<div style=\"padding:30px;padding-bottom:30px;padding-top:30px;padding-left:30px;padding-right:30px\">\n<div>\n<div style=\"margin-top:15px;padding:0px 15px;padding-bottom:0px;padding-top:0px;padding-left:15px;padding-right:15px;display:inline-block;width:33%;box-sizing:border-box\">\n<div><img decoding=\"async\" style=\"width:100%\" width=\"100%\" src=\"https:\/\/d2qc09rl1gfuof.cloudfront.net\/product\/GLSJG80SZGL8MMX2M\/chain-slings-m100-2.jpg\" slate-data-type=\"image\"\/><\/div>\n<div style=\"font-size:16px;font-weight:700;line-height:36px\">Gro\u00dfe Ladekapazit\u00e4t<\/div>\n<div style=\"font-size:14px\">Unsere Kettengeh\u00e4nge verf\u00fcgen \u00fcber vollautomatische Schwei\u00dftechnik. Sie haben eine Tragf\u00e4higkeit von 8800 lbs (ca. 4000 kg) und d\u00fcrfen nur innerhalb der zul\u00e4ssigen Belastungsgrenze verwendet werden.<\/div>\n<\/div>\n<div style=\"margin-top:15px;padding:0px 15px;padding-bottom:0px;padding-top:0px;padding-left:15px;padding-right:15px;display:inline-block;width:33%;box-sizing:border-box\">\n<div><img decoding=\"async\" style=\"width:100%\" width=\"100%\" src=\"https:\/\/d2qc09rl1gfuof.cloudfront.net\/product\/GLSJG80SZGL8MMX2M\/chain-slings-m100-3.jpg\" slate-data-type=\"image\"\/><\/div>\n<div style=\"font-size:16px;font-weight:700;line-height:36px\">Robuste Konstruktion<\/div>\n<div style=\"font-size:14px\">Die gesamte Konstruktion besteht aus hochwertigem Stahlmaterial und weist eine bessere Best\u00e4ndigkeit gegen Korrosion, Rost und Abrieb auf.<\/div>\n<\/div>\n<div style=\"margin-top:15px;padding:0px 15px;padding-bottom:0px;padding-top:0px;padding-left:15px;padding-right:15px;display:inline-block;width:33%;box-sizing:border-box\">\n<div><img decoding=\"async\" style=\"width:100%\" width=\"100%\" src=\"https:\/\/d2qc09rl1gfuof.cloudfront.net\/product\/GLSJG80SZGL8MMX2M\/chain-slings-m100-4.jpg\" slate-data-type=\"image\"\/><\/div>\n<div style=\"font-size:16px;font-weight:700;line-height:36px\">Hochleistungskette<\/div>\n<div style=\"font-size:14px\">Die 5\/16&#039;&#039; x 6,5&#039; lange Kette besteht aus Manganstahl. Sie ist verschlei\u00dffest, dehnt sich unter Belastung nicht und ist f\u00fcr den Langzeiteinsatz konzipiert.<\/div>\n<\/div>\n<div style=\"margin-top:15px;padding:0px 15px;padding-bottom:0px;padding-top:0px;padding-left:15px;padding-right:15px;display:inline-block;width:33%;box-sizing:border-box\">\n<div><img decoding=\"async\" style=\"width:100%\" width=\"100%\" src=\"https:\/\/d2qc09rl1gfuof.cloudfront.net\/product\/GLSJG80SZGL8MMX2M\/chain-slings-m100-5.jpg\" slate-data-type=\"image\"\/><\/div>\n<div style=\"font-size:16px;font-weight:700;line-height:36px\">Selbstverriegelnde Haken<\/div>\n<div style=\"font-size:14px\">Der Haken mit Sicherheitsverriegelung ist aus legiertem Stahl gefertigt, um den Anforderungen an Festigkeit und H\u00e4rte gerecht zu werden und ein Abrutschen zu verhindern.<\/div>\n<\/div>\n<div style=\"margin-top:15px;padding:0px 15px;padding-bottom:0px;padding-top:0px;padding-left:15px;padding-right:15px;display:inline-block;width:33%;box-sizing:border-box\">\n<div><img decoding=\"async\" style=\"width:100%\" width=\"100%\" src=\"https:\/\/d2qc09rl1gfuof.cloudfront.net\/product\/GLSJG80SZGL8MMX2M\/chain-slings-m100-6.jpg\" slate-data-type=\"image\"\/><\/div>\n<div style=\"font-size:16px;font-weight:700;line-height:36px\">Einfache Bedienung<\/div>\n<div style=\"font-size:14px\">Befestigen Sie den Aufh\u00e4ngering an Ihrem Hebezeug und h\u00e4ngen Sie Ihre Lasten ein, dann k\u00f6nnen Sie mit dem Heben beginnen. Sie k\u00f6nnen es bedenkenlos verwenden.<\/div>\n<\/div>\n<div style=\"margin-top:15px;padding:0px 15px;padding-bottom:0px;padding-top:0px;padding-left:15px;padding-right:15px;display:inline-block;width:33%;box-sizing:border-box\">\n<div><img decoding=\"async\" style=\"width:100%\" width=\"100%\" src=\"https:\/\/d2qc09rl1gfuof.cloudfront.net\/product\/GLSJG80SZGL8MMX2M\/chain-slings-m100-7.jpg\" slate-data-type=\"image\"\/><\/div>\n<div style=\"font-size:16px;font-weight:700;line-height:36px\">Weit verbreitet<\/div>\n<div style=\"font-size:14px\">Geeignet zum Heben oder Bewegen von Lasten in verschiedenen Branchen, wie z. B. Maschinenbau, Fabriken, Lagerhallen, Garagen usw.<\/div>\n<\/div>\n<\/div>\n<\/div>\n<\/div>\n<div style=\"margin-top:15px;display:flex\">\n<div style=\"width:33%\"><img decoding=\"async\" style=\"width:100%\" width=\"100%\" src=\"https:\/\/d2qc09rl1gfuof.cloudfront.net\/product\/GLSJG80SZGL8MMX2M\/chain-slings-a100-2.jpg\" slate-data-type=\"image\"\/><\/div>\n<div style=\"padding:0px 15px;padding-bottom:0px;padding-top:0px;padding-left:15px;padding-right:15px;width:33%\">\n<div style=\"font-size:16px;font-weight:700;line-height:36px\">Technische Daten<\/div>\n<ul style=\"font-size:14px;border:1px solid rgb(204, 204, 204);margin-top:8px;padding:10px 40px;padding-bottom:10px;padding-top:10px;padding-left:40px;padding-right:40px\">\n<li>\n<p>Werkstoff: G80, legierter Stahl<\/p>\n<\/li>\n<li>\n<p>Kettenwurzel: 4<\/p>\n<\/li>\n<li>\n<p>Kettendurchmesser: 5\/16&quot;\/8 mm<\/p>\n<\/li>\n<li>\n<p>Arbeitsl\u00e4nge: 6,5 Fu\u00df \/ 2 m<\/p>\n<\/li>\n<li>\n<p>Tragf\u00e4higkeit: 8800 lbs\/4 t<\/p>\n<\/li>\n<\/ul>\n<\/div>\n<div style=\"border-left:1px solid rgb(204, 204, 204);padding:0px 15px;padding-bottom:0px;padding-top:0px;padding-left:15px;padding-right:15px;width:33%\">\n<div style=\"width:100%\"><img decoding=\"async\" style=\"width:100%\" width=\"100%\" src=\"https:\/\/d2qc09rl1gfuof.cloudfront.net\/product\/GLSJG80SZGL8MMX2M\/chain-slings-a100-3.jpg\" slate-data-type=\"image\"\/><\/div>\n<div style=\"font-size:14px;font-weight:bold;line-height:24px\">Packungsinhalt<\/div>\n<ul style=\"font-size:14px;background-color:rgb(243, 243, 243);border:1px solid rgb(204, 204, 204);margin-top:8px;padding:10px 40px;padding-bottom:10px;padding-top:10px;padding-left:40px;padding-right:40px\">\n<li>\n<p>1 x Kettenschlinge<\/p>\n<\/li>\n<\/ul>\n<\/div>\n<\/div>\n<div style=\"margin-top:15px;display:flex\">\n<div style=\"width:33%\"><img decoding=\"async\" style=\"width:100%\" width=\"100%\" src=\"https:\/\/d2qc09rl1gfuof.cloudfront.net\/product\/GLSJG80SZGL8MMX1M\/chain-slings-a100-2.jpg\" slate-data-type=\"image\"\/><\/div>\n<div style=\"padding:0px 15px;padding-bottom:0px;padding-top:0px;padding-left:15px;padding-right:15px;width:33%\">\n<div style=\"font-size:16px;font-weight:700;line-height:36px\">Technische Daten<\/div>\n<ul style=\"font-size:14px;border:1px solid rgb(204, 204, 204);margin-top:8px;padding:10px 40px;padding-bottom:10px;padding-top:10px;padding-left:40px;padding-right:40px\">\n<li>\n<p>Werkstoff: G80, legierter Stahl<\/p>\n<\/li>\n<li>\n<p>Kettenwurzel: 4<\/p>\n<\/li>\n<li>\n<p>Kettendurchmesser: 5\/16&quot;\/8 mm<\/p>\n<\/li>\n<li>\n<p>Arbeitsl\u00e4nge: 3,3 Fu\u00df\/1 m<\/p>\n<\/li>\n<li>\n<p>Tragf\u00e4higkeit: 8800 lbs\/4 t<\/p>\n<\/li>\n<\/ul>\n<\/div>\n<div style=\"border-left:1px solid rgb(204, 204, 204);padding:0px 15px;padding-bottom:0px;padding-top:0px;padding-left:15px;padding-right:15px;width:33%\">\n<div style=\"width:100%\"><img decoding=\"async\" style=\"width:100%\" width=\"100%\" src=\"https:\/\/d2qc09rl1gfuof.cloudfront.net\/product\/GLSJG80SZGL8MMX1M\/chain-slings-a100-3.jpg\" slate-data-type=\"image\"\/><\/div>\n<div style=\"font-size:14px;font-weight:bold;line-height:24px\">Packungsinhalt<\/div>\n<ul style=\"font-size:14px;background-color:rgb(243, 243, 243);border:1px solid rgb(204, 204, 204);margin-top:8px;padding:10px 40px;padding-bottom:10px;padding-top:10px;padding-left:40px;padding-right:40px\">\n<li>\n<p>1 x Kettenschlinge<\/p>\n<\/li>\n<\/ul>\n<\/div>\n<\/div>\n<div>\n<div style=\"font-size:16px;font-weight:bold;line-height:36px\">Funktionen und Details<\/div>\n<ul style=\"font-size:14px;padding-left:40px\">\n<li>\n<p>\u30108800 lbs Tragf\u00e4higkeit\u3011 \u2013 Kettenl\u00e4nge: 6,5 Fu\u00df. Kettendurchmesser: 5\/16 Zoll. Tragf\u00e4higkeit: 8800 lbs. Dieses Produkt bietet ein hohes Ma\u00df an Sicherheit und kann bedenkenlos verwendet werden.<\/p>\n<\/li>\n<li>\n<p>\u3010ROBUSTE STAHLKONSTRUKTION\u3011- Unsere Kettenschlinge besteht aus einer Kette aus G80-Manganstahl und einem Haken aus legiertem Stahl und zeichnet sich durch vollautomatische Schwei\u00dftechnik aus. Sie ist f\u00fcr den Langzeiteinsatz konzipiert.<\/p>\n<\/li>\n<li>\n<p>\u3010HOCHLEISTUNGSKETTE &amp; -HAKEN\u3011 \u2013 Die Kette dieser Hebeschlinge besteht aus G80-Manganstahl. Hebeglied und Haken sind aus pulverbeschichtetem legiertem Stahl gefertigt. Sie sind verschlei\u00dffest und hochtemperaturbest\u00e4ndig.<\/p>\n<\/li>\n<li>\n<p>\u3010HINWEISE ZUR VERWENDUNG\u3011- Gegenst\u00e4nde m\u00fcssen mittig am Haken aufgeh\u00e4ngt werden. Der Rand des Hakens darf nicht eingeh\u00e4ngt werden. Eine verdrehte, umgedrehte oder verhedderte Kette darf nicht verwendet werden.<\/p>\n<\/li>\n<li>\n<p>\u3010VIELSEITIGE ANWENDUNG\u3011- Es eignet sich perfekt f\u00fcr diverse Hebe- und Transportarbeiten in Fabriken, auf Baustellen, im Bergbau, in H\u00e4fen, im Hochbau usw. Die hochbelastbare Kettenschlinge ist f\u00fcr sicheres Schleppen und Handhaben von G\u00fctern konzipiert.<\/p>\n<\/li>\n<\/ul>\n<\/div>\n<\/div>\n<\/div>\n<\/div>\n<p><\/p>","protected":false},"excerpt":{"rendered":"<p>Hign-concerned Chemical:&nbsp;None Model Number:&nbsp;Chain Sling Origin:&nbsp;Mainland China Brand Name:&nbsp;VEVOR Material:&nbsp;Alloy Steel Product Description 5\/16&#x27;&#x27; x 6.5&#x27; Chain Sling This Chain Sling of four legs is constructed of a G80 Mn-steel<\/p>","protected":false},"featured_media":24899,"comment_status":"open","ping_status":"closed","template":"","meta":{"_acf_changed":false},"product_brand":[],"product_cat":[517],"product_tag":[],"class_list":{"0":"post-24898","1":"product","2":"type-product","3":"status-publish","4":"has-post-thumbnail","6":"product_cat-electric-lifting-hoists","8":"first","9":"instock","10":"shipping-taxable","11":"purchasable","12":"product-type-variable"},"acf":[],"_links":{"self":[{"href":"https:\/\/www.electricstore.eu\/de\/wp-json\/wp\/v2\/product\/24898","targetHints":{"allow":["GET"]}}],"collection":[{"href":"https:\/\/www.electricstore.eu\/de\/wp-json\/wp\/v2\/product"}],"about":[{"href":"https:\/\/www.electricstore.eu\/de\/wp-json\/wp\/v2\/types\/product"}],"replies":[{"embeddable":true,"href":"https:\/\/www.electricstore.eu\/de\/wp-json\/wp\/v2\/comments?post=24898"}],"wp:featuredmedia":[{"embeddable":true,"href":"https:\/\/www.electricstore.eu\/de\/wp-json\/wp\/v2\/media\/24899"}],"wp:attachment":[{"href":"https:\/\/www.electricstore.eu\/de\/wp-json\/wp\/v2\/media?parent=24898"}],"wp:term":[{"taxonomy":"product_brand","embeddable":true,"href":"https:\/\/www.electricstore.eu\/de\/wp-json\/wp\/v2\/product_brand?post=24898"},{"taxonomy":"product_cat","embeddable":true,"href":"https:\/\/www.electricstore.eu\/de\/wp-json\/wp\/v2\/product_cat?post=24898"},{"taxonomy":"product_tag","embeddable":true,"href":"https:\/\/www.electricstore.eu\/de\/wp-json\/wp\/v2\/product_tag?post=24898"}],"curies":[{"name":"wp","href":"https:\/\/api.w.org\/{rel}","templated":true}]}}