{"id":24881,"date":"2025-05-20T18:43:16","date_gmt":"2025-05-20T18:43:16","guid":{"rendered":"https:\/\/electricstore.eu\/p\/uncategorized\/vevor-hand-winch-heavy-duty-rope-crank-with-33-ft-steel-wire-cable-and-two-way-ratchet-for-trailer-boat-or-atv-towing\/"},"modified":"2025-05-20T18:45:37","modified_gmt":"2025-05-20T18:45:37","slug":"vevor-hand-winch-heavy-duty-rope-crank-with-33-ft-steel-wire-cable-and-two-way-ratchet-for-trailer-boat-or-atv-towing","status":"publish","type":"product","link":"https:\/\/www.electricstore.eu\/de\/p\/o\/electric-winches\/vevor-hand-winch-heavy-duty-rope-crank-with-33-ft-steel-wire-cable-and-two-way-ratchet-for-trailer-boat-or-atv-towing\/","title":{"rendered":"VEVOR Handwinde, robuste Seilkurbel mit 10 m langem Stahldrahtkabel und Zweiwege-Ratsche zum Abschleppen von Anh\u00e4ngern, Booten oder Gel\u00e4ndefahrzeugen"},"content":{"rendered":"<div class=\"product-specs-list-container\">\n<ul class=\"product-specs-list util-clearfix\">\n<li class=\"product-prop line-limit-length\"><span\n                                        class=\"property-title\">Hochgef\u00e4hrliche Chemikalie:&nbsp;<\/span><span\n                                        class=\"property-desc line-limit-length\">Keiner<\/span>\n                            <\/li>\n<li class=\"product-prop line-limit-length\"><span\n                                        class=\"property-title\">Herkunft:&nbsp;<\/span><span\n                                        class=\"property-desc line-limit-length\">Festlandchina<\/span>\n                            <\/li>\n<li class=\"product-prop line-limit-length\"><span\n                                        class=\"property-title\">Markenname:&nbsp;<\/span><span\n                                        class=\"property-desc line-limit-length\">VEVOR<\/span>\n                            <\/li>\n<li class=\"product-prop line-limit-length\"><span\n                                        class=\"property-title\">Typ:&nbsp;<\/span><span\n                                        class=\"property-desc line-limit-length\">Handbuch<\/span>\n                            <\/li>\n<li class=\"product-prop line-limit-length\"><span\n                                        class=\"property-title\">Marke:&nbsp;<\/span><span\n                                        class=\"property-desc line-limit-length\">VEVOR<\/span>\n                            <\/li>\n<li class=\"product-prop line-limit-length\"><span\n                                        class=\"property-title\">Anh\u00e4ngelast:&nbsp;<\/span><span\n                                        class=\"property-desc line-limit-length\">800\/3500 Pfund<\/span>\n                            <\/li>\n<li class=\"product-prop line-limit-length\"><span\n                                        class=\"property-title\">Modus\/Geschwindigkeit:&nbsp;<\/span><span\n                                        class=\"property-desc line-limit-length\">2-Wege-Ratsche\/2-Gang<\/span>\n                            <\/li>\n<li class=\"product-prop line-limit-length\"><span\n                                        class=\"property-title\">Typ:&nbsp;<\/span><span\n                                        class=\"property-desc line-limit-length\">Handwinde<\/span>\n                            <\/li>\n<li class=\"product-prop line-limit-length\"><span\n                                        class=\"property-title\">Produktgewicht:&nbsp;<\/span><span\n                                        class=\"property-desc line-limit-length\">12,34 lbs \/ 5,6 kg<\/span>\n                            <\/li>\n<\/ul><\/div>\n<div class=\"detailmodule_html\">\n<div class=\"detail-desc-decorate-richtext\">\n<div><\/div>\n<div style=\"font-family:&quot;Open sans&quot;, Arial, Helvetica, sans-serif\">\n<div style=\"font-family:&quot;Open sans&quot;, Arial, Helvetica, sans-serif\"><img decoding=\"async\" style=\"width:100%\" width=\"100%\" src=\"https:\/\/d2qc09rl1gfuof.cloudfront.net\/vevor\/boutique-banner\/pc\/banner-en.jpg\" slate-data-type=\"image\"\/><\/div>\n<div style=\"font-family:&quot;Open sans&quot;, Arial, Helvetica, sans-serif\">\n<div style=\"font-size:16px;font-weight:bold;text-align:center;color:rgb(34, 34, 34);margin:24px 0px;margin-bottom:24px;margin-top:24px;margin-left:0px;margin-right:0px\" align=\"center\">VEVOR Handwinde \u2013 Alles dreht sich um Zugkraft und Benutzerfreundlichkeit<\/div>\n<div><img decoding=\"async\" style=\"width:100%\" width=\"100%\" src=\"https:\/\/d2qc09rl1gfuof.cloudfront.net\/product\/CYSDJP3500BG5Z1ZX\/hand-winch-a100-1.4.jpg\" slate-data-type=\"image\"\/><\/div>\n<div style=\"font-size:14px;text-align:center;color:rgb(34, 34, 34);margin:16px 0px 24px;margin-bottom:24px;margin-top:16px;margin-left:0px;margin-right:0px\" align=\"center\">Ihr neuer Helfer f\u00fcr anspruchsvolle Zugaufgaben \u2013 unsere Handwinde. Mit 10 m Seil, 4,1\/8:1 Zweigang-Ratschengetriebe und 25 cm langem, ergonomischem Griff ist sie der ideale Begleiter f\u00fcr unterwegs.<\/div>\n<\/div>\n<div style=\"font-family:&quot;Open sans&quot;, Arial, Helvetica, sans-serif\">\n<div>\u00a0<\/div>\n<div style=\"margin:8px 0px;margin-bottom:8px;margin-top:8px;margin-left:0px;margin-right:0px\"><img decoding=\"async\" style=\"width:100%\" width=\"100%\" src=\"https:\/\/d2qc09rl1gfuof.cloudfront.net\/product\/CYSDJP3500BG5Z1ZX\/hand-winch-a100-2.2.jpg\" slate-data-type=\"image\"\/><\/div>\n<div style=\"font-size:14px;text-align:center;color:rgb(34, 34, 34);margin:16px 0px 24px;margin-bottom:24px;margin-top:16px;margin-left:0px;margin-right:0px\" align=\"center\">Steht Ihr Fahrzeug fest oder r\u00fchrt sich Ihr Boot einfach nicht vom Fleck? Unsere Bootswinde ist die L\u00f6sung! Sie wurde entwickelt, um selbst die schwierigsten Zugaufgaben m\u00fchelos zu bew\u00e4ltigen und bietet die n\u00f6tige Zugkraft f\u00fcr alle Ihre allt\u00e4glichen Herausforderungen.<\/div>\n<\/div>\n<div style=\"font-family:&quot;Open sans&quot;, Arial, Helvetica, sans-serif\">\n<div>\u00a0<\/div>\n<div style=\"margin:8px 0px;margin-bottom:8px;margin-top:8px;margin-left:0px;margin-right:0px\"><img decoding=\"async\" style=\"width:100%\" width=\"100%\" src=\"https:\/\/d2qc09rl1gfuof.cloudfront.net\/product\/CYSDJP3500BG5Z1ZX\/hand-winch-a100-2.3.jpg\" slate-data-type=\"image\"\/><\/div>\n<div style=\"font-size:14px;text-align:center;color:rgb(34, 34, 34);margin:16px 0px 24px;margin-bottom:24px;margin-top:16px;margin-left:0px;margin-right:0px\" align=\"center\">Vergessen Sie Getriebe, die beim ersten Wetterumschwung den Geist aufgeben. Die Zahnr\u00e4der unserer Bootsseilkurbel sind w\u00e4rmebehandelt und trotzen jeder Witterung \u2013 ob Schneesturm oder strahlender Sonnenschein. Rostbest\u00e4ndig und leichtg\u00e4ngig \u2013 diese Getriebe sind absolute Zuverl\u00e4ssigkeit.<\/div>\n<\/div>\n<div style=\"font-family:&quot;Open sans&quot;, Arial, Helvetica, sans-serif\">\n<div>\u00a0<\/div>\n<div style=\"margin:8px 0px;margin-bottom:8px;margin-top:8px;margin-left:0px;margin-right:0px\"><img decoding=\"async\" style=\"width:100%\" width=\"100%\" src=\"https:\/\/d2qc09rl1gfuof.cloudfront.net\/product\/CYSDJP3500BG5Z1ZX\/hand-winch-a100-2.4.jpg\" slate-data-type=\"image\"\/><\/div>\n<div style=\"font-size:14px;text-align:center;color:rgb(34, 34, 34);margin:16px 0px 24px;margin-bottom:24px;margin-top:16px;margin-left:0px;margin-right:0px\" align=\"center\">Unsere Handkurbelwinde verf\u00fcgt \u00fcber einen robusten, einteilig geschmiedeten Haken, der selbst schwersten Lasten standh\u00e4lt. Die gro\u00dfe \u00d6ffnung ist auch f\u00fcr dickste Seile oder Anh\u00e4ngerhaken geeignet, und dank des selbstverriegelnden Sicherheitsverschlusses bleibt Ihre Ladung sicher fixiert.<\/div>\n<\/div>\n<div style=\"font-family:&quot;Open sans&quot;, Arial, Helvetica, sans-serif\">\n<div>\u00a0<\/div>\n<div style=\"margin:8px 0px;margin-bottom:8px;margin-top:8px;margin-left:0px;margin-right:0px\"><img decoding=\"async\" style=\"width:100%\" width=\"100%\" src=\"https:\/\/d2qc09rl1gfuof.cloudfront.net\/product\/CYSDJP3500BG5Z1ZX\/hand-winch-a100-2.5.jpg\" slate-data-type=\"image\"\/><\/div>\n<div style=\"font-size:14px;text-align:center;color:rgb(34, 34, 34);margin:16px 0px 24px;margin-bottom:24px;margin-top:16px;margin-left:0px;margin-right:0px\" align=\"center\">Sie brauchen kein Werkzeugprofi zu sein, um diese robuste Handwinde zu montieren. Einfach anbringen, den Griff einstellen, die Ratsche justieren \u2013 fertig. Schnell, einfach und problemlos \u2013 so einfach geht&#039;s.<\/div>\n<\/div>\n<div style=\"margin:16px 0px 24px;margin-bottom:24px;margin-top:16px;margin-left:0px;margin-right:0px\"><\/div>\n<div style=\"margin:24px 0px;margin-bottom:24px;margin-top:24px;margin-left:0px;margin-right:0px\">\n<div style=\"font-size:16px;font-weight:bold;color:rgb(34, 34, 34);margin:24px 0px 16px;margin-bottom:16px;margin-top:24px;margin-left:0px;margin-right:0px\">Funktionen und Details<\/div>\n<ul style=\"margin:16px 0px 24px;margin-bottom:24px;margin-top:16px;margin-left:0px;margin-right:0px\">\n<li style=\"font-size:14px;color:rgb(34, 34, 34)\">\n<p>Robustes Seil, noch robustere Leistung: Unsere Handwinde verf\u00fcgt \u00fcber ein 10 Meter langes, hochfestes, verzinktes Stahlseil mit enormer Zugkraft. Vergessen Sie zerbrechliche, bruchanf\u00e4llige Seile. Diese Winde ist f\u00fcr den Dauereinsatz konzipiert und bew\u00e4ltigt selbst schwerste Fahrzeuge und Boote m\u00fchelos.<\/p>\n<\/li>\n<li style=\"font-size:14px;color:rgb(34, 34, 34)\">\n<p>Zwei-Wege-Ratsche: Diese Bootskurbel ist mit einer hochwertigen Zwei-Wege-Ratsche aus Kohlenstoffstahl ausgestattet. Dank der 4,1\/8:1-\u00dcbersetzung zur Einstellung der Griffposition haben Sie die volle Kontrolle \u2013 ob Einholen oder Ausholen, Sie haben die Wahl. Durch das Hochtemperatur-H\u00e4rtungsverfahren sind diese Zahnr\u00e4der extrem robust und bestens f\u00fcr den harten Einsatz im Freien geeignet.<\/p>\n<\/li>\n<li style=\"font-size:14px;color:rgb(34, 34, 34)\">\n<p>Geschmiedeter Haken: Nicht nur der Gurt der Bootswinde ist wichtig. Auch der Haken spielt eine entscheidende Rolle. Die 26 mm breite \u00d6ffnung ist robust geschmiedet und h\u00e4lt selbst schwersten Belastungen problemlos stand. Dank seiner korrosions- und rissbest\u00e4ndigen Konstruktion beh\u00e4lt er seine Form \u2013 auch nach h\u00e4ufigem Gebrauch. Der Sicherheitsverschluss sorgt f\u00fcr zus\u00e4tzliche Sicherheit.<\/p>\n<\/li>\n<li style=\"font-size:14px;color:rgb(34, 34, 34)\">\n<p>Einfache Handhabung: Unsere Handkurbelwinde verf\u00fcgt \u00fcber einen ergonomischen Griff mit einer optimalen L\u00e4nge von 25 cm. Hier stehen Griffigkeit und Komfort im Vordergrund, kombiniert mit einem robusten, verzinkten Rahmen. Schnell montiert und noch schneller einsatzbereit \u2013 dieses kleine Kraftpaket zieht schwere Fahrzeuge und Boote m\u00fchelos.<\/p>\n<\/li>\n<li style=\"font-size:14px;color:rgb(34, 34, 34)\">\n<p>F\u00fcr alles bereit, \u00fcberall: Einfach aufzubauen, kinderleicht zu bedienen \u2013 unsere robuste Handwinde ist der ideale Helfer f\u00fcr horizontale Zugarbeiten, egal wo Sie sind. Ob drinnen, drau\u00dfen, auf dem Wasser oder an Land \u2013 nehmen Sie sie mit zu Motorbooten, Anh\u00e4ngern oder Gel\u00e4ndefahrzeugen und erleben Sie ihre wahre St\u00e4rke.<\/p>\n<\/li>\n<\/ul>\n<\/div>\n<div>\n<div>\u00a0<\/div>\n<div>\n<div>\u00a0<\/div>\n<div style=\"margin:16px 0px 24px;margin-bottom:24px;margin-top:16px;margin-left:0px;margin-right:0px\"><strong>3500 Pfund<\/strong><\/div>\n<div style=\"margin:16px 0px 24px;margin-bottom:24px;margin-top:16px;margin-left:0px;margin-right:0px\"><img decoding=\"async\" style=\"width:100%\" width=\"100%\" src=\"https:\/\/d2qc09rl1gfuof.cloudfront.net\/product\/CYSDJP3500BG5Z1ZX\/hand-winch-a100-1.11.jpg\" slate-data-type=\"image\"\/><\/div>\n<\/div>\n<\/div>\n<div style=\"font-family:&quot;Open sans&quot;, Arial, Helvetica, sans-serif\">\n<div>\u00a0<\/div>\n<div>\n<div>\u00a0<\/div>\n<div style=\"margin:16px 0px 24px;margin-bottom:24px;margin-top:16px;margin-left:0px;margin-right:0px\"><span style=\"font-family:&quot;Microsoft YaHei&quot;\"><strong>800 Pfund<\/strong><\/span><\/div>\n<div style=\"margin:16px 0px 24px;margin-bottom:24px;margin-top:16px;margin-left:0px;margin-right:0px\"><img decoding=\"async\" style=\"width:100%\" width=\"100%\" src=\"https:\/\/d2qc09rl1gfuof.cloudfront.net\/product\/CYSDJP800BG0IYPD8\/hand-winch-a100-1.11.jpg\" slate-data-type=\"image\"\/><\/div>\n<\/div>\n<\/div>\n<\/div>\n<\/div>\n<\/div>\n<p><\/p>","protected":false},"excerpt":{"rendered":"<p>Hign-concerned Chemical:&nbsp;None Origin:&nbsp;Mainland China Brand Name:&nbsp;VEVOR Type:&nbsp;Manual Brand:&nbsp;VEVOR Tow Weight Capacity:&nbsp;800\/3500 lbs Mode\/Speed:&nbsp;2-Way Ratchet\/2-Speed Type:&nbsp;Hand Winch Product Weight:&nbsp;12.34 lbs \/ 5.6 kg VEVOR Hand Winch \u2013 All about Pulling Power<\/p>","protected":false},"featured_media":24882,"comment_status":"open","ping_status":"closed","template":"","meta":{"_acf_changed":false},"product_brand":[],"product_cat":[522],"product_tag":[],"class_list":{"0":"post-24881","1":"product","2":"type-product","3":"status-publish","4":"has-post-thumbnail","6":"product_cat-electric-winches","8":"first","9":"instock","10":"shipping-taxable","11":"purchasable","12":"product-type-variable"},"acf":[],"_links":{"self":[{"href":"https:\/\/www.electricstore.eu\/de\/wp-json\/wp\/v2\/product\/24881","targetHints":{"allow":["GET"]}}],"collection":[{"href":"https:\/\/www.electricstore.eu\/de\/wp-json\/wp\/v2\/product"}],"about":[{"href":"https:\/\/www.electricstore.eu\/de\/wp-json\/wp\/v2\/types\/product"}],"replies":[{"embeddable":true,"href":"https:\/\/www.electricstore.eu\/de\/wp-json\/wp\/v2\/comments?post=24881"}],"wp:featuredmedia":[{"embeddable":true,"href":"https:\/\/www.electricstore.eu\/de\/wp-json\/wp\/v2\/media\/24882"}],"wp:attachment":[{"href":"https:\/\/www.electricstore.eu\/de\/wp-json\/wp\/v2\/media?parent=24881"}],"wp:term":[{"taxonomy":"product_brand","embeddable":true,"href":"https:\/\/www.electricstore.eu\/de\/wp-json\/wp\/v2\/product_brand?post=24881"},{"taxonomy":"product_cat","embeddable":true,"href":"https:\/\/www.electricstore.eu\/de\/wp-json\/wp\/v2\/product_cat?post=24881"},{"taxonomy":"product_tag","embeddable":true,"href":"https:\/\/www.electricstore.eu\/de\/wp-json\/wp\/v2\/product_tag?post=24881"}],"curies":[{"name":"wp","href":"https:\/\/api.w.org\/{rel}","templated":true}]}}