{"id":24827,"date":"2025-05-20T18:43:04","date_gmt":"2025-05-20T18:43:04","guid":{"rendered":"https:\/\/electricstore.eu\/p\/uncategorized\/vevor-4500lbs-atv-utv-electric-winch-12v-dc-with-39-ft-synthetic-rope-wireless-wired-remote-control-ip55-waterproof-for-jeeps\/"},"modified":"2025-05-20T18:44:53","modified_gmt":"2025-05-20T18:44:53","slug":"vevor-4500lbs-atv-utv-electric-winch-12v-dc-with-39-ft-synthetic-rope-wireless-wired-remote-control-ip55-waterproof-for-jeeps","status":"publish","type":"product","link":"https:\/\/www.electricstore.eu\/de\/p\/o\/electric-winches\/vevor-4500lbs-atv-utv-electric-winch-12v-dc-with-39-ft-synthetic-rope-wireless-wired-remote-control-ip55-waterproof-for-jeeps\/","title":{"rendered":"VEVOR 4500lbs ATV\/UTV Elektrische Seilwinde 12V DC mit 39ft Synthetikseil Kabellose und kabelgebundene Fernbedienung IP55 Wasserdicht f\u00fcr Jeeps"},"content":{"rendered":"<div class=\"product-specs-list-container\">\n<ul class=\"product-specs-list util-clearfix\">\n<li class=\"product-prop line-limit-length\"><span\n                                        class=\"property-title\">Hochgef\u00e4hrliche Chemikalie:&nbsp;<\/span><span\n                                        class=\"property-desc line-limit-length\">Keiner<\/span>\n                            <\/li>\n<li class=\"product-prop line-limit-length\"><span\n                                        class=\"property-title\">Herkunft:&nbsp;<\/span><span\n                                        class=\"property-desc line-limit-length\">Festlandchina<\/span>\n                            <\/li>\n<li class=\"product-prop line-limit-length\"><span\n                                        class=\"property-title\">Markenname:&nbsp;<\/span><span\n                                        class=\"property-desc line-limit-length\">VEVOR<\/span>\n                            <\/li>\n<li class=\"product-prop line-limit-length\"><span\n                                        class=\"property-title\">Marke:&nbsp;<\/span><span\n                                        class=\"property-desc line-limit-length\">VEVOR<\/span>\n                            <\/li>\n<li class=\"product-prop line-limit-length\"><span\n                                        class=\"property-title\">Nennzugkraft:&nbsp;<\/span><span\n                                        class=\"property-desc line-limit-length\">4500 lbs\/2041 kg<\/span>\n                            <\/li>\n<li class=\"product-prop line-limit-length\"><span\n                                        class=\"property-title\">Seilmaterial:&nbsp;<\/span><span\n                                        class=\"property-desc line-limit-length\">Polyethylen, 12 Str\u00e4nge<\/span>\n                            <\/li>\n<li class=\"product-prop line-limit-length\"><span\n                                        class=\"property-title\">Fernbedienung:&nbsp;<\/span><span\n                                        class=\"property-desc line-limit-length\">Drahtlose + kabelgebundene Fernbedienung<\/span>\n                            <\/li>\n<li class=\"product-prop line-limit-length\"><span\n                                        class=\"property-title\">Reichweite der drahtlosen Fernbedienung:&nbsp;<\/span><span\n                                        class=\"property-desc line-limit-length\">65,61 Fu\u00df\/20 m<\/span>\n                            <\/li>\n<li class=\"product-prop line-limit-length\"><span\n                                        class=\"property-title\">Spannung\/Leistung:&nbsp;<\/span><span\n                                        class=\"property-desc line-limit-length\">12 V Gleichstrom \/ 2,2 PS<\/span>\n                            <\/li>\n<li class=\"product-prop line-limit-length\"><span\n                                        class=\"property-title\">\u00dcbersetzungsverh\u00e4ltnis:&nbsp;<\/span><span\n                                        class=\"property-desc line-limit-length\">128.2:1<\/span>\n                            <\/li>\n<li class=\"product-prop line-limit-length\"><span\n                                        class=\"property-title\">Seilspezifikationen:&nbsp;<\/span><span\n                                        class=\"property-desc line-limit-length\">1\/4 Zoll x 39 Fu\u00df \/ 0,6 x 1188,7 cm<\/span>\n                            <\/li>\n<li class=\"product-prop line-limit-length\"><span\n                                        class=\"property-title\">Typ:&nbsp;<\/span><span\n                                        class=\"property-desc line-limit-length\">Elektrische Seilwinde<\/span>\n                            <\/li>\n<li class=\"product-prop line-limit-length\"><span\n                                        class=\"property-title\">Material:&nbsp;<\/span><span\n                                        class=\"property-desc line-limit-length\">Legiertes Aluminium, Stahl, Kupfer, Kunststoff (PPS und PA usw.).<\/span>\n                            <\/li>\n<\/ul><\/div>\n<div class=\"detailmodule_html\">\n<div class=\"detail-desc-decorate-richtext\">\n<div style=\"font-family:&quot;Open sans&quot;, Arial, Helvetica, sans-serif\">\n<div><img decoding=\"async\" style=\"width:100%\" width=\"100%\" src=\"https:\/\/d2qc09rl1gfuof.cloudfront.net\/vevor\/boutique-banner\/pc\/banner-en.jpg\" slate-data-type=\"image\"\/><\/div>\n<div>\n<div style=\"font-size:16px;font-weight:bold;text-align:center;color:rgb(34, 34, 34);margin:24px 0px;margin-bottom:24px;margin-top:24px;margin-left:0px;margin-right:0px\" align=\"center\">4500 lbs ATV-Elektroseilwinde, Bezwingen Sie jedes Gel\u00e4nde souver\u00e4n<\/div>\n<div><img decoding=\"async\" style=\"width:100%\" width=\"100%\" src=\"https:\/\/d2qc09rl1gfuof.cloudfront.net\/product\/ATVHCSJPYXWXMCF1O\/electric-winch-a100-1.4-pt.jpg\" slate-data-type=\"image\"\/><\/div>\n<div style=\"font-size:14px;text-align:center;color:rgb(34, 34, 34);margin:16px 0px 24px;margin-bottom:24px;margin-top:16px;margin-left:0px;margin-right:0px\" align=\"center\">Unsere robuste elektrische Seilwinde bietet eine Zugkraft von 2041 kg und ist wasserdicht gem\u00e4\u00df IP55 \u2013 ideal, um Ihr ATV oder UTV aus festgefahrenen Schlamml\u00f6chern zu befreien. Ein 12-V-Gleichstrommotor mit 2,2 PS und Permanentmagneten, ein \u00dcbersetzungsverh\u00e4ltnis von 128,2:1 und ein Synthetikseil sorgen daf\u00fcr, dass Sie nie lange feststecken.<\/div>\n<\/div>\n<div>\n<div style=\"margin:8px 0px;margin-bottom:8px;margin-top:8px;margin-left:0px;margin-right:0px\"><img decoding=\"async\" style=\"width:100%\" width=\"100%\" src=\"https:\/\/d2qc09rl1gfuof.cloudfront.net\/product\/ATVHCSJPYXWXMCF1O\/electric-winch-a100-2.2-pt.jpg\" slate-data-type=\"image\"\/><\/div>\n<div style=\"font-size:14px;text-align:center;color:rgb(34, 34, 34);margin:16px 0px 24px;margin-bottom:24px;margin-top:16px;margin-left:0px;margin-right:0px\" align=\"center\">Unsere elektrische Seilwinde wird von einem robusten 12-V-Gleichstrommotor mit 2,2 PS Leistung angetrieben und liefert stets konstante und effiziente Kraft. Dank des fortschrittlichen Planetengetriebes und einer \u00dcbersetzung von 128,2:1 genie\u00dfen Sie eine gleichm\u00e4\u00dfige und zuverl\u00e4ssige Zugkraft, selbst unter widrigen Wetterbedingungen oder in tiefem Schlamm.<\/div>\n<\/div>\n<div>\n<div style=\"margin:8px 0px;margin-bottom:8px;margin-top:8px;margin-left:0px;margin-right:0px\"><img decoding=\"async\" style=\"width:100%\" width=\"100%\" src=\"https:\/\/d2qc09rl1gfuof.cloudfront.net\/product\/ATVHCSJPYXWXMCF1O\/electric-winch-a100-2.3-pt.jpg\" slate-data-type=\"image\"\/><\/div>\n<div style=\"font-size:14px;text-align:center;color:rgb(34, 34, 34);margin:16px 0px 24px;margin-bottom:24px;margin-top:16px;margin-left:0px;margin-right:0px\" align=\"center\">Unsere ATV-Seilwinde ist mit einem hochwertigen Seil ausgestattet, dessen letzte f\u00fcnf Wicklungen zur zus\u00e4tzlichen Sicherheit rot markiert sind. Sie verf\u00fcgt \u00fcber die Schutzart IP55 (wasserdicht) und eine robuste, mattschwarze Oberfl\u00e4che, sodass sie auch starkem Regen und rauen Bedingungen problemlos standh\u00e4lt.<\/div>\n<\/div>\n<div>\n<div style=\"margin:8px 0px;margin-bottom:8px;margin-top:8px;margin-left:0px;margin-right:0px\"><img decoding=\"async\" style=\"width:100%\" width=\"100%\" src=\"https:\/\/d2qc09rl1gfuof.cloudfront.net\/product\/ATVHCSJPYXWXMCF1O\/electric-winch-a100-2.4-pt.jpg\" slate-data-type=\"image\"\/><\/div>\n<div style=\"font-size:14px;text-align:center;color:rgb(34, 34, 34);margin:16px 0px 24px;margin-bottom:24px;margin-top:16px;margin-left:0px;margin-right:0px\" align=\"center\">Unser UTV-Seil wurde f\u00fcr h\u00e4rteste Eins\u00e4tze entwickelt und widersteht widrigen Witterungsbedingungen und extremen Temperaturen. So bew\u00e4ltigt es diverse Zugaufgaben mit der angegebenen Zugkraft, ohne zu rei\u00dfen. Dank der deutlichen Lastmarkierungen auf jeder Lage profitieren Sie zudem von h\u00f6chster Materialstabilit\u00e4t und maximaler Zugsicherheit.<\/div>\n<\/div>\n<div>\n<div style=\"margin:8px 0px;margin-bottom:8px;margin-top:8px;margin-left:0px;margin-right:0px\"><img decoding=\"async\" style=\"width:100%\" width=\"100%\" src=\"https:\/\/d2qc09rl1gfuof.cloudfront.net\/product\/ATVHCSJPYXWXMCF1O\/electric-winch-a100-2.5-pt.jpg\" slate-data-type=\"image\"\/><\/div>\n<div style=\"font-size:14px;text-align:center;color:rgb(34, 34, 34);margin:16px 0px 24px;margin-bottom:24px;margin-top:16px;margin-left:0px;margin-right:0px\" align=\"center\">Nie mehr Kabelsalat! Unsere 12-Volt-Seilwinde verf\u00fcgt \u00fcber farbcodierte Stromkabel f\u00fcr eine schnelle und problemlose Installation. Mit der kabelgebundenen Fernbedienung schlie\u00dfen Sie einfach die Stromleitungen an und schon kann die Fahrzeugbergung reibungslos und effizient beginnen.<\/div>\n<\/div>\n<div style=\"margin:16px 0px 24px;margin-bottom:24px;margin-top:16px;margin-left:0px;margin-right:0px\"><\/div>\n<div style=\"margin:24px 0px;margin-bottom:24px;margin-top:24px;margin-left:0px;margin-right:0px\">\n<div style=\"font-size:16px;font-weight:bold;color:rgb(34, 34, 34);margin:24px 0px 16px;margin-bottom:16px;margin-top:24px;margin-left:0px;margin-right:0px\">Funktionen und Details<\/div>\n<ul style=\"margin:16px 0px 24px;margin-bottom:24px;margin-top:16px;margin-left:0px;margin-right:0px\">\n<li style=\"font-size:14px;color:rgb(34, 34, 34)\">\n<p>Die zuverl\u00e4ssige Notstromversorgung f\u00fcr Ihr Fahrzeug: Unsere robuste elektrische Seilwinde wurde speziell f\u00fcr die Bergung im Gel\u00e4nde entwickelt und bietet eine Zugkraft von 2041 kg. Wenn Ihr Fahrzeug im Schlamm feststeckt oder von einem Regenguss \u00fcberrascht wird, sorgt diese Seilwinde f\u00fcr die n\u00f6tige Unterst\u00fctzung, um schnell wieder mobil zu sein. Ideal zum Abschleppen von kleineren Fahrzeugen wie ATVs und UTVs \u2013 damit Ihre Abenteuer nie enden.<\/p>\n<\/li>\n<li style=\"font-size:14px;color:rgb(34, 34, 34)\">\n<p>Kraft, die Sie aus jeder misslichen Lage befreit: Unsere ATV-Seilwinde wird von einem robusten 12-V-Gleichstrommotor mit 2,2 PS und Permanentmagneten angetrieben und liefert Ihnen konstante und effiziente Leistung, wenn Sie sie am dringendsten ben\u00f6tigen. Dank des fortschrittlichen Planetengetriebes und einer \u00dcbersetzung von 128,2:1 ist eine zuverl\u00e4ssige und kraftvolle Zugkraft garantiert. Ob widrige Wetterbedingungen oder tiefer Schlamm \u2013 mit dieser Seilwinde sind Sie bestens ger\u00fcstet und k\u00f6nnen Ihr Fahrzeug m\u00fchelos und zuverl\u00e4ssig bergen.<\/p>\n<\/li>\n<li style=\"font-size:14px;color:rgb(34, 34, 34)\">\n<p>Leichtes Synthetikseil: Erleben Sie ultimative Seilleistung. Unsere UTV-Seilwinde ist mit einem 12-str\u00e4ngigen, hochdichten Polyethylenseil ausgestattet, das robust und dennoch leicht ist \u2013 perfekt f\u00fcr jedes Offroad-Abenteuer. Es sinkt nicht und h\u00e4lt allen Belastungen im Freien stand. Die leuchtend roten Markierungen auf den letzten 5 Seilrollen sorgen f\u00fcr optimale Sichtbarkeit und garantieren Ihnen jederzeit Sicherheit und maximale Kraft f\u00fcr Ihren Einsatz.<\/p>\n<\/li>\n<li style=\"font-size:14px;color:rgb(34, 34, 34)\">\n<p>Benutzerfreundlich und problemlos: Unsere kleine Seilwinde bietet Ihnen sowohl kabellose als auch kabelgebundene Fernbedienungsoptionen. Mit der benutzerfreundlichen Funkfernbedienung k\u00f6nnen Sie Ihr Fahrzeug m\u00fchelos in einer Reichweite von 20 m bergen, w\u00e4hrend die kabelgebundene Fernbedienung eine zuverl\u00e4ssige Alternative f\u00fcr die pr\u00e4zise, manuelle Steuerung darstellt. Genie\u00dfen Sie die Flexibilit\u00e4t und den Komfort beider Steuerungsarten f\u00fcr eine reibungslose Fahrzeugbergung.<\/p>\n<\/li>\n<li style=\"font-size:14px;color:rgb(34, 34, 34)\">\n<p>Sorgenfreies Abschleppen: Unwetter? Kein Problem! Unsere elektrische Seilwinde ist wasserdicht (Schutzart IP55) und verf\u00fcgt \u00fcber eine elegante, mattschwarze Oberfl\u00e4che, die Rostbest\u00e4ndigkeit und Isolierung verbessert. Sie ist bestens ger\u00fcstet f\u00fcr Starkregen, Schlamm und andere widrige Bedingungen. Dank farbcodierter Stromkabel und einer leicht verst\u00e4ndlichen Anleitung ist die Installation kinderleicht, sodass Sie Ihre Fahrt schnell wieder genie\u00dfen k\u00f6nnen.<\/p>\n<\/li>\n<\/ul>\n<\/div>\n<div>\n<div>\n<div style=\"margin:16px 0px 24px;margin-bottom:24px;margin-top:16px;margin-left:0px;margin-right:0px\"><img decoding=\"async\" style=\"width:100%\" width=\"100%\" src=\"https:\/\/d2qc09rl1gfuof.cloudfront.net\/product\/ATVHCSJPYXWXMCF1O\/electric-winch-a100-1.11-pt.jpg\" slate-data-type=\"image\"\/><\/div>\n<\/div>\n<\/div>\n<\/div>\n<div><\/div>\n<\/div>\n<\/div>\n<p><\/p>","protected":false},"excerpt":{"rendered":"<p>Hign-concerned Chemical:&nbsp;None Origin:&nbsp;Mainland China Brand Name:&nbsp;VEVOR Brand:&nbsp;VEVOR Rated Line Pull Capacity:&nbsp;4500 lbs\/2041 kg Rope Material:&nbsp;Polyethylene, 12 Strands Remote Control:&nbsp;Wireless + Wired Remote Control Wireless Remote Control Distance:&nbsp;65.61 ft\/20 m Voltage\/Horsepower:&nbsp;12V<\/p>","protected":false},"featured_media":24828,"comment_status":"open","ping_status":"closed","template":"","meta":{"_acf_changed":false},"product_brand":[],"product_cat":[522],"product_tag":[],"class_list":{"0":"post-24827","1":"product","2":"type-product","3":"status-publish","4":"has-post-thumbnail","6":"product_cat-electric-winches","8":"first","9":"instock","10":"shipping-taxable","11":"purchasable","12":"product-type-variable"},"acf":[],"_links":{"self":[{"href":"https:\/\/www.electricstore.eu\/de\/wp-json\/wp\/v2\/product\/24827","targetHints":{"allow":["GET"]}}],"collection":[{"href":"https:\/\/www.electricstore.eu\/de\/wp-json\/wp\/v2\/product"}],"about":[{"href":"https:\/\/www.electricstore.eu\/de\/wp-json\/wp\/v2\/types\/product"}],"replies":[{"embeddable":true,"href":"https:\/\/www.electricstore.eu\/de\/wp-json\/wp\/v2\/comments?post=24827"}],"wp:featuredmedia":[{"embeddable":true,"href":"https:\/\/www.electricstore.eu\/de\/wp-json\/wp\/v2\/media\/24828"}],"wp:attachment":[{"href":"https:\/\/www.electricstore.eu\/de\/wp-json\/wp\/v2\/media?parent=24827"}],"wp:term":[{"taxonomy":"product_brand","embeddable":true,"href":"https:\/\/www.electricstore.eu\/de\/wp-json\/wp\/v2\/product_brand?post=24827"},{"taxonomy":"product_cat","embeddable":true,"href":"https:\/\/www.electricstore.eu\/de\/wp-json\/wp\/v2\/product_cat?post=24827"},{"taxonomy":"product_tag","embeddable":true,"href":"https:\/\/www.electricstore.eu\/de\/wp-json\/wp\/v2\/product_tag?post=24827"}],"curies":[{"name":"wp","href":"https:\/\/api.w.org\/{rel}","templated":true}]}}