{"id":24782,"date":"2025-05-20T18:42:45","date_gmt":"2025-05-20T18:42:45","guid":{"rendered":"https:\/\/electricstore.eu\/p\/uncategorized\/vevor-2200lbs-electric-chain-hoist-10-5-ft-min-single-phase-overhead-crane-with-g100-chain-lifting-wired-control-for-garage-shop\/"},"modified":"2025-05-20T18:44:11","modified_gmt":"2025-05-20T18:44:11","slug":"vevor-2200lbs-electric-chain-hoist-10-5-ft-min-single-phase-overhead-crane-with-g100-chain-lifting-wired-control-for-garage-shop","status":"publish","type":"product","link":"https:\/\/www.electricstore.eu\/de\/p\/o\/electric-lifting-hoists\/vevor-2200lbs-electric-chain-hoist-10-5-ft-min-single-phase-overhead-crane-with-g100-chain-lifting-wired-control-for-garage-shop\/","title":{"rendered":"VEVOR 2200lbs Elektrischer Kettenzug 10,5 ft\/min Einphasen-Br\u00fcckenkran mit G100-Kettenhebe-Kabelsteuerung f\u00fcr Garagenwerkst\u00e4tten"},"content":{"rendered":"<div class=\"product-specs-list-container\">\n<ul class=\"product-specs-list util-clearfix\">\n<li class=\"product-prop line-limit-length\"><span\n                                        class=\"property-title\">Hochgef\u00e4hrliche Chemikalie:&nbsp;<\/span><span\n                                        class=\"property-desc line-limit-length\">Keiner<\/span>\n                            <\/li>\n<li class=\"product-prop line-limit-length\"><span\n                                        class=\"property-title\">Herkunft:&nbsp;<\/span><span\n                                        class=\"property-desc line-limit-length\">Festlandchina<\/span>\n                            <\/li>\n<li class=\"product-prop line-limit-length\"><span\n                                        class=\"property-title\">Markenname:&nbsp;<\/span><span\n                                        class=\"property-desc line-limit-length\">VEVOR<\/span>\n                            <\/li>\n<li class=\"product-prop line-limit-length\"><span\n                                        class=\"property-title\">Artikelmodellnummer:&nbsp;<\/span><span\n                                        class=\"property-desc line-limit-length\">BDH1000<\/span>\n                            <\/li>\n<li class=\"product-prop line-limit-length\"><span\n                                        class=\"property-title\">Lastleistung:&nbsp;<\/span><span\n                                        class=\"property-desc line-limit-length\">1100 W<\/span>\n                            <\/li>\n<li class=\"product-prop line-limit-length\"><span\n                                        class=\"property-title\">Maximale Hubh\u00f6he:&nbsp;<\/span><span\n                                        class=\"property-desc line-limit-length\">10 Fu\u00df\/3 m<\/span>\n                            <\/li>\n<li class=\"product-prop line-limit-length\"><span\n                                        class=\"property-title\">Hublast:&nbsp;<\/span><span\n                                        class=\"property-desc line-limit-length\">2200 lbs\/998 kg<\/span>\n                            <\/li>\n<li class=\"product-prop line-limit-length\"><span\n                                        class=\"property-title\">Kettenmaterial:&nbsp;<\/span><span\n                                        class=\"property-desc line-limit-length\">8620 Legierter Stahl<\/span>\n                            <\/li>\n<li class=\"product-prop line-limit-length\"><span\n                                        class=\"property-title\">Typ:&nbsp;<\/span><span\n                                        class=\"property-desc line-limit-length\">Elektrokettenzug<\/span>\n                            <\/li>\n<\/ul><\/div>\n<div class=\"detailmodule_html\">\n<div class=\"detail-desc-decorate-richtext\">\n<div><\/div>\n<div style=\"font-family:&quot;Open sans&quot;, Arial, Helvetica, sans-serif\">\n<div><img decoding=\"async\" style=\"width:100%\" width=\"100%\" src=\"https:\/\/d2qc09rl1gfuof.cloudfront.net\/vevor\/boutique-banner\/pc\/banner-en.jpg\" slate-data-type=\"image\"\/><\/div>\n<div>\n<div style=\"font-size:16px;font-weight:bold;text-align:center;color:rgb(34, 34, 34);margin:24px 0px;margin-bottom:24px;margin-top:24px;margin-left:0px;margin-right:0px\" align=\"center\">VEVOR Elektrokettenzug \u2013 Ver\u00e4ndern Sie Ihre Sicht auf das Heben<\/div>\n<div><img decoding=\"async\" style=\"width:100%\" width=\"100%\" src=\"https:\/\/d2qc09rl1gfuof.cloudfront.net\/product\/DDHLHLCS25MDFZHUD\/chain-hoist-a100-1.4-pt.jpg\" slate-data-type=\"image\"\/><\/div>\n<div style=\"font-size:14px;text-align:center;color:rgb(34, 34, 34);margin:16px 0px 24px;margin-bottom:24px;margin-top:16px;margin-left:0px;margin-right:0px\" align=\"center\">Unser Elektrokettenzug verf\u00fcgt \u00fcber eine hohe Hubkraft und eignet sich daher ideal zum Heben schwerer Gegenst\u00e4nde in Garagen. Seine hohe Hubgeschwindigkeit gew\u00e4hrleistet einen effizienten Betrieb ohne lange Wartezeiten.<\/div>\n<\/div>\n<div>\n<div>\u00a0<\/div>\n<div style=\"margin:8px 0px;margin-bottom:8px;margin-top:8px;margin-left:0px;margin-right:0px\"><img decoding=\"async\" style=\"width:100%\" width=\"100%\" src=\"https:\/\/d2qc09rl1gfuof.cloudfront.net\/product\/DDHLHLCS25MDFZHUD\/chain-hoist-a100-2.2-pt.jpg\" slate-data-type=\"image\"\/><\/div>\n<div style=\"font-size:14px;text-align:center;color:rgb(34, 34, 34);margin:16px 0px 24px;margin-bottom:24px;margin-top:16px;margin-left:0px;margin-right:0px\" align=\"center\">Die robuste Kette sorgt f\u00fcr ein geringeres Gesamtgewicht und eine h\u00f6here Festigkeit des elektrischen Kettenzuges. Er tr\u00e4gt schwere Lasten und bietet dennoch hohen Komfort.<\/div>\n<\/div>\n<div>\n<div>\u00a0<\/div>\n<div style=\"margin:8px 0px;margin-bottom:8px;margin-top:8px;margin-left:0px;margin-right:0px\"><img decoding=\"async\" style=\"width:100%\" width=\"100%\" src=\"https:\/\/d2qc09rl1gfuof.cloudfront.net\/product\/DDHLHLCS25MDFZHUD\/chain-hoist-a100-2.3-pt.jpg\" slate-data-type=\"image\"\/><\/div>\n<div style=\"font-size:14px;text-align:center;color:rgb(34, 34, 34);margin:16px 0px 24px;margin-bottom:24px;margin-top:16px;margin-left:0px;margin-right:0px\" align=\"center\">Dieser elektrische Kettenheber zeichnet sich durch ein komfortables und praktisches Design aus und verf\u00fcgt \u00fcber eine Hebeschlinge zum Transportieren verschiedener schwerer Gegenst\u00e4nde. Die sensible Fernbedienung erm\u00f6glicht pr\u00e4zises und bequemes Heben.<\/div>\n<\/div>\n<div>\n<div>\u00a0<\/div>\n<div style=\"margin:8px 0px;margin-bottom:8px;margin-top:8px;margin-left:0px;margin-right:0px\"><img decoding=\"async\" style=\"width:100%\" width=\"100%\" src=\"https:\/\/d2qc09rl1gfuof.cloudfront.net\/product\/DDHLHLCS25MDFZHUD\/chain-hoist-a100-2.4-pt.jpg\" slate-data-type=\"image\"\/><\/div>\n<div style=\"font-size:14px;text-align:center;color:rgb(34, 34, 34);margin:16px 0px 24px;margin-bottom:24px;margin-top:16px;margin-left:0px;margin-right:0px\" align=\"center\">Der effiziente Kupfermotor sorgt f\u00fcr das stabile und sichere Heben schwerer Gegenst\u00e4nde. Mit einem Notbremssystem und einem Luftk\u00fchlsystem ist der elektrische Kettenzug zuverl\u00e4ssig und sicher in der Anwendung.<\/div>\n<\/div>\n<div>\n<div>\u00a0<\/div>\n<div style=\"margin:8px 0px;margin-bottom:8px;margin-top:8px;margin-left:0px;margin-right:0px\"><img decoding=\"async\" style=\"width:100%\" width=\"100%\" src=\"https:\/\/d2qc09rl1gfuof.cloudfront.net\/product\/DDHLHLCS25MDFZHUD\/chain-hoist-a100-2.5-pt.jpg\" slate-data-type=\"image\"\/><\/div>\n<div style=\"font-size:14px;text-align:center;color:rgb(34, 34, 34);margin:16px 0px 24px;margin-bottom:24px;margin-top:16px;margin-left:0px;margin-right:0px\" align=\"center\">Unser Kettenzug f\u00fcr die Montage wurde hinsichtlich Haltbarkeit und Tragf\u00e4higkeit verbessert, um den Anforderungen an das Heben gr\u00f6\u00dferer Lasten gerecht zu werden. Die langlebigeren und robusteren Materialien verbessern die Lebensdauer und Stabilit\u00e4t.<\/div>\n<\/div>\n<div style=\"margin:16px 0px 24px;margin-bottom:24px;margin-top:16px;margin-left:0px;margin-right:0px\"><\/div>\n<div style=\"margin:24px 0px;margin-bottom:24px;margin-top:24px;margin-left:0px;margin-right:0px\">\n<div style=\"font-size:16px;font-weight:bold;color:rgb(34, 34, 34);margin:24px 0px 16px;margin-bottom:16px;margin-top:24px;margin-left:0px;margin-right:0px\">Funktionen und Details<\/div>\n<ul style=\"margin:16px 0px 24px;margin-bottom:24px;margin-top:16px;margin-left:0px;margin-right:0px\">\n<li style=\"font-size:14px;color:rgb(34, 34, 34)\">\n<p>Tragf\u00e4higkeit 2200 lbs: Unser elektrischer Kettenzug ist mit einer G100-Kette ausgestattet und bietet eine sichere Tragf\u00e4higkeit von 2200 lbs\/998 kg. Er kann alle Arten von schweren Gegenst\u00e4nden mit einer Geschwindigkeit von 10,5 ft\/min (3,2 m\/min) und einer maximalen Hubh\u00f6he von 10 ft\/3 m heben.<\/p>\n<\/li>\n<li style=\"font-size:14px;color:rgb(34, 34, 34)\">\n<p>Leistungsstarker Motor: Der Kupfermotor liefert 1100 W Leistung und bew\u00e4ltigt auch schwere Lasten ohne Verformung. Der gro\u00dfe L\u00fcfter sorgt f\u00fcr optimale K\u00fchlung des elektrischen Kettenzugs und verhindert so eine \u00dcberhitzung. All diese Merkmale gew\u00e4hrleisten effizientes Arbeiten und sparen Ihnen Zeit und Energie.<\/p>\n<\/li>\n<li style=\"font-size:14px;color:rgb(34, 34, 34)\">\n<p>Installation im Handumdrehen: Unser elektrischer Kettenzug ist einfach zu installieren und kann mit Metallstreifen oder Massivholzstreifen direkt an der Decke aufgeh\u00e4ngt werden. Er verf\u00fcgt \u00fcber einen Not-Aus-Schalter und ein elektromagnetisches Bremssystem, um ein abnormales Verrutschen zu verhindern.<\/p>\n<\/li>\n<li style=\"font-size:14px;color:rgb(34, 34, 34)\">\n<p>Verl\u00e4ngertes Steuerkabel: Die kabelgebundene Fernbedienung unseres elektrischen Kettenzugs erfolgt \u00fcber den am Ger\u00e4t installierten Handschalter. Das verl\u00e4ngerte Kabel ist 3 m lang und erm\u00f6glicht so eine sichere Bedienung aus sicherer Entfernung.<\/p>\n<\/li>\n<li style=\"font-size:14px;color:rgb(34, 34, 34)\">\n<p>\u00dcberall einsetzbar: Unser elektrischer Kettenzug eignet sich f\u00fcr Garagen, Gesch\u00e4fte, Hotels und Privathaushalte und ist sowohl f\u00fcr Profis als auch f\u00fcr Hobbybastler ideal. Er eignet sich hervorragend f\u00fcr Bootsreparaturen, Autos, Rasenm\u00e4her, Golfwagen, Heimdekorationen, Motoren, Felsbrocken, B\u00e4ume usw. Er ist ein idealer Helfer zum Heben von Maschinen und auch praktisch f\u00fcr J\u00e4ger, um ihre Beute aufzuh\u00e4ngen.<\/p>\n<\/li>\n<\/ul>\n<\/div>\n<div>\n<div>\u00a0<\/div>\n<div>\n<div>\u00a0<\/div>\n<div style=\"margin:16px 0px 24px;margin-bottom:24px;margin-top:16px;margin-left:0px;margin-right:0px\"><img decoding=\"async\" style=\"width:100%\" width=\"100%\" src=\"https:\/\/d2qc09rl1gfuof.cloudfront.net\/product\/DDHLHLCS25MDFZHUD\/chain-hoist-a100-1.11-pt.jpg\" slate-data-type=\"image\"\/><\/div>\n<\/div>\n<\/div>\n<\/div>\n<\/div>\n<\/div>\n<p><\/p>","protected":false},"excerpt":{"rendered":"<p>Hign-concerned Chemical:&nbsp;None Origin:&nbsp;Mainland China Brand Name:&nbsp;VEVOR Item Model Number:&nbsp;BDH1000 Load Power:&nbsp;1100W Max Lifting Height:&nbsp;10 ft\/3 m Lifting Load:&nbsp;2200 lbs\/998 kg Chain Material:&nbsp;8620 Alloy Steel Type:&nbsp;Electric Chain Hoist VEVOR Electric Chain<\/p>","protected":false},"featured_media":24783,"comment_status":"open","ping_status":"closed","template":"","meta":{"_acf_changed":false},"product_brand":[],"product_cat":[517],"product_tag":[],"class_list":{"0":"post-24782","1":"product","2":"type-product","3":"status-publish","4":"has-post-thumbnail","6":"product_cat-electric-lifting-hoists","8":"first","9":"instock","10":"shipping-taxable","11":"purchasable","12":"product-type-variable"},"acf":[],"_links":{"self":[{"href":"https:\/\/www.electricstore.eu\/de\/wp-json\/wp\/v2\/product\/24782","targetHints":{"allow":["GET"]}}],"collection":[{"href":"https:\/\/www.electricstore.eu\/de\/wp-json\/wp\/v2\/product"}],"about":[{"href":"https:\/\/www.electricstore.eu\/de\/wp-json\/wp\/v2\/types\/product"}],"replies":[{"embeddable":true,"href":"https:\/\/www.electricstore.eu\/de\/wp-json\/wp\/v2\/comments?post=24782"}],"wp:featuredmedia":[{"embeddable":true,"href":"https:\/\/www.electricstore.eu\/de\/wp-json\/wp\/v2\/media\/24783"}],"wp:attachment":[{"href":"https:\/\/www.electricstore.eu\/de\/wp-json\/wp\/v2\/media?parent=24782"}],"wp:term":[{"taxonomy":"product_brand","embeddable":true,"href":"https:\/\/www.electricstore.eu\/de\/wp-json\/wp\/v2\/product_brand?post=24782"},{"taxonomy":"product_cat","embeddable":true,"href":"https:\/\/www.electricstore.eu\/de\/wp-json\/wp\/v2\/product_cat?post=24782"},{"taxonomy":"product_tag","embeddable":true,"href":"https:\/\/www.electricstore.eu\/de\/wp-json\/wp\/v2\/product_tag?post=24782"}],"curies":[{"name":"wp","href":"https:\/\/api.w.org\/{rel}","templated":true}]}}