{"id":24772,"date":"2025-05-20T18:42:41","date_gmt":"2025-05-20T18:42:41","guid":{"rendered":"https:\/\/electricstore.eu\/p\/uncategorized\/vevor-4400-lbs-wireless-electric-chain-hoist-with-g100-chain-20-ft-lifting-height-ip54-protection-three-phase-overhead-crane\/"},"modified":"2025-05-20T18:44:11","modified_gmt":"2025-05-20T18:44:11","slug":"vevor-4400-lbs-wireless-electric-chain-hoist-with-g100-chain-20-ft-lifting-height-ip54-protection-three-phase-overhead-crane","status":"publish","type":"product","link":"https:\/\/www.electricstore.eu\/de\/p\/o\/electric-lifting-hoists\/vevor-4400-lbs-wireless-electric-chain-hoist-with-g100-chain-20-ft-lifting-height-ip54-protection-three-phase-overhead-crane\/","title":{"rendered":"VEVOR 4400 LBS Kabelloser Elektrokettenzug mit G100-Kette, 20 Fu\u00df Hubh\u00f6he, IP54-Schutz, Dreiphasen-Br\u00fcckenkran"},"content":{"rendered":"<div class=\"product-specs-list-container\">\n<ul class=\"product-specs-list util-clearfix\">\n<li class=\"product-prop line-limit-length\"><span\n                                        class=\"property-title\">Hochgef\u00e4hrliche Chemikalie:&nbsp;<\/span><span\n                                        class=\"property-desc line-limit-length\">Keiner<\/span>\n                            <\/li>\n<li class=\"product-prop line-limit-length\"><span\n                                        class=\"property-title\">Herkunft:&nbsp;<\/span><span\n                                        class=\"property-desc line-limit-length\">Festlandchina<\/span>\n                            <\/li>\n<li class=\"product-prop line-limit-length\"><span\n                                        class=\"property-title\">Markenname:&nbsp;<\/span><span\n                                        class=\"property-desc line-limit-length\">VEVOR<\/span>\n                            <\/li>\n<\/ul><\/div>\n<div class=\"detailmodule_html\">\n<div class=\"detail-desc-decorate-richtext\">\n<div><\/div>\n<div style=\"font-family:&quot;Open sans&quot;, Arial, Helvetica, sans-serif\">\n<div><img decoding=\"async\" style=\"width:100%\" width=\"100%\" src=\"https:\/\/d2qc09rl1gfuof.cloudfront.net\/vevor\/boutique-banner\/pc\/banner-en.jpg\" slate-data-type=\"image\"\/><\/div>\n<div>\n<div style=\"font-size:16px;font-weight:bold;text-align:center;color:rgb(34, 34, 34);margin:24px 0px;margin-bottom:24px;margin-top:24px;margin-left:0px;margin-right:0px\" align=\"center\">VEVOR Elektrokettenzug \u2013 Ver\u00e4ndern Sie Ihre Sichtweise auf das Heben<\/div>\n<div><img decoding=\"async\" style=\"width:100%\" width=\"100%\" src=\"https:\/\/d2qc09rl1gfuof.cloudfront.net\/product\/DDHLHLSXDDLCS5G71\/electric-hoist-a100-1.4.jpg\" slate-data-type=\"image\"\/><\/div>\n<div style=\"font-size:14px;text-align:center;color:rgb(34, 34, 34);margin:16px 0px 24px;margin-bottom:24px;margin-top:16px;margin-left:0px;margin-right:0px\" align=\"center\">Unser elektrischer Kettenzug hat eine Tragf\u00e4higkeit von 2000 kg und eignet sich daher ideal zum Heben schwerer Gegenst\u00e4nde in Garagen. Seine hohe Hubgeschwindigkeit gew\u00e4hrleistet ein effizientes Arbeiten ohne lange Wartezeiten.<\/div>\n<\/div>\n<div>\n<div>\u00a0<\/div>\n<div style=\"margin:8px 0px;margin-bottom:8px;margin-top:8px;margin-left:0px;margin-right:0px\"><img decoding=\"async\" style=\"width:100%\" width=\"100%\" src=\"https:\/\/d2qc09rl1gfuof.cloudfront.net\/product\/DDHLHLSXDDLCS5G71\/electric-hoist-a100-2.2.jpg\" slate-data-type=\"image\"\/><\/div>\n<div style=\"font-size:14px;text-align:center;color:rgb(34, 34, 34);margin:16px 0px 24px;margin-bottom:24px;margin-top:16px;margin-left:0px;margin-right:0px\" align=\"center\">Die G100-Kette bietet ein geringeres Gesamtgewicht und eine h\u00f6here Festigkeit f\u00fcr den elektrischen Deckenkettenzug. Sie erm\u00f6glicht das Tragen schwerer Lasten bei gleichzeitig hohem Bedienkomfort.<\/div>\n<\/div>\n<div>\n<div>\u00a0<\/div>\n<div style=\"margin:8px 0px;margin-bottom:8px;margin-top:8px;margin-left:0px;margin-right:0px\"><img decoding=\"async\" style=\"width:100%\" width=\"100%\" src=\"https:\/\/d2qc09rl1gfuof.cloudfront.net\/product\/DDHLHLSXDDLCS5G71\/electric-hoist-a100-2.3.jpg\" slate-data-type=\"image\"\/><\/div>\n<div style=\"font-size:14px;text-align:center;color:rgb(34, 34, 34);margin:16px 0px 24px;margin-bottom:24px;margin-top:16px;margin-left:0px;margin-right:0px\" align=\"center\">Dieser elektrische Hebezeug zeichnet sich durch ein komfortables und praktisches Design aus und verf\u00fcgt \u00fcber einen Hebegurt zum Transport verschiedener schwerer Gegenst\u00e4nde. Die feinf\u00fchlige Fernbedienung erm\u00f6glicht ein pr\u00e4zises und bequemes Anheben.<\/div>\n<\/div>\n<div>\n<div>\u00a0<\/div>\n<div style=\"margin:8px 0px;margin-bottom:8px;margin-top:8px;margin-left:0px;margin-right:0px\"><img decoding=\"async\" style=\"width:100%\" width=\"100%\" src=\"https:\/\/d2qc09rl1gfuof.cloudfront.net\/product\/DDHLHLSXDDLCS5G71\/electric-hoist-a100-2.4.jpg\" slate-data-type=\"image\"\/><\/div>\n<div style=\"font-size:14px;text-align:center;color:rgb(34, 34, 34);margin:16px 0px 24px;margin-bottom:24px;margin-top:16px;margin-left:0px;margin-right:0px\" align=\"center\">Der effiziente Kupfermotor gew\u00e4hrleistet das stabile und sichere Heben schwerer Lasten. Dank Notbremssystem und Luftk\u00fchlung ist der Br\u00fcckenkran zuverl\u00e4ssig und sicher im Einsatz.<\/div>\n<\/div>\n<div>\n<div>\u00a0<\/div>\n<div style=\"margin:8px 0px;margin-bottom:8px;margin-top:8px;margin-left:0px;margin-right:0px\"><img decoding=\"async\" style=\"width:100%\" width=\"100%\" src=\"https:\/\/d2qc09rl1gfuof.cloudfront.net\/product\/DDHLHLSXDDLCS5G71\/electric-hoist-a100-2.5.jpg\" slate-data-type=\"image\"\/><\/div>\n<div style=\"font-size:14px;text-align:center;color:rgb(34, 34, 34);margin:16px 0px 24px;margin-bottom:24px;margin-top:16px;margin-left:0px;margin-right:0px\" align=\"center\">Unser kleiner Elektrolift wurde hinsichtlich Langlebigkeit und Tragf\u00e4higkeit f\u00fcr anspruchsvollere Hebeaufgaben verbessert. Die robusteren und widerstandsf\u00e4higeren Materialien erh\u00f6hen die Lebensdauer und Stabilit\u00e4t.<\/div>\n<\/div>\n<div style=\"margin:16px 0px 24px;margin-bottom:24px;margin-top:16px;margin-left:0px;margin-right:0px\"><\/div>\n<div style=\"margin:24px 0px;margin-bottom:24px;margin-top:24px;margin-left:0px;margin-right:0px\">\n<div style=\"font-size:16px;font-weight:bold;color:rgb(34, 34, 34);margin:24px 0px 16px;margin-bottom:16px;margin-top:24px;margin-left:0px;margin-right:0px\">Funktionen und Details<\/div>\n<ul style=\"margin:16px 0px 24px;margin-bottom:24px;margin-top:16px;margin-left:0px;margin-right:0px\">\n<li style=\"font-size:14px;color:rgb(34, 34, 34)\">\n<p>Tragf\u00e4higkeit 2000 kg: Unser elektrischer Kettenzug ist mit einer G100-Kette ausgestattet und bietet eine sichere Tragf\u00e4higkeit von 2000 kg. Er kann schwere Gegenst\u00e4nde aller Art mit einer Geschwindigkeit von 7,9 m\/min und einer maximalen Hubh\u00f6he von 6,1 m heben.<\/p>\n<\/li>\n<li style=\"font-size:14px;color:rgb(34, 34, 34)\">\n<p>Leistungsstarker Motor: Der Kupfermotor liefert 3000 W Leistung und bew\u00e4ltigt selbst schwere Lasten ohne Verformung. Der gro\u00dfe L\u00fcfter sorgt f\u00fcr optimale K\u00fchlung des elektrischen Kettenzugs und verhindert so eine \u00dcberhitzung. All diese Merkmale gew\u00e4hrleisten effizientes Arbeiten und sparen Ihnen Zeit und Energie.<\/p>\n<\/li>\n<li style=\"font-size:14px;color:rgb(34, 34, 34)\">\n<p>Blitzschnelle Installation: Unser elektrischer Deckenaufzug ist einfach zu montieren und kann mit Metall- oder Massivholzleisten direkt an der Decke befestigt werden. Er verf\u00fcgt \u00fcber einen Not-Aus-Schalter und ein elektromagnetisches Bremssystem, um ein unkontrolliertes Abrutschen zu verhindern.<\/p>\n<\/li>\n<li style=\"font-size:14px;color:rgb(34, 34, 34)\">\n<p>Drahtlose Fernbedienung: Der Elektrohebezeug verf\u00fcgt \u00fcber eine drahtlose Fernbedienung mit einer maximalen Reichweite von 100 m. Sie bietet eine sensible Schaltfunktion und erm\u00f6glicht die einh\u00e4ndige Bedienung des Elektrohebezeugs zum Heben, Platzieren und Absenken von Ausr\u00fcstung.<\/p>\n<\/li>\n<li style=\"font-size:14px;color:rgb(34, 34, 34)\">\n<p>\u00dcberall einsetzbar: Unser Deckenkran eignet sich f\u00fcr Garagen, Gesch\u00e4fte, Hotels und Privathaushalte und ist ideal f\u00fcr Profis und Heimwerker. Er ist perfekt f\u00fcr Bootsreparaturen, Autos, Rasenm\u00e4her, Golfwagen, Dekorationen, Motoren, Felsbrocken, B\u00e4ume usw. Er ist ein idealer Helfer zum Anheben von Maschinen und auch f\u00fcr J\u00e4ger praktisch zum Aufh\u00e4ngen ihrer Beute.<\/p>\n<\/li>\n<\/ul>\n<\/div>\n<div>\n<div>\u00a0<\/div>\n<div>\n<div>\u00a0<\/div>\n<div style=\"margin:16px 0px 24px;margin-bottom:24px;margin-top:16px;margin-left:0px;margin-right:0px\"><img decoding=\"async\" style=\"width:100%\" width=\"100%\" src=\"https:\/\/d2qc09rl1gfuof.cloudfront.net\/product\/DDHLHLSXDDLCS5G71\/electric-hoist-a100-1.11.jpg\" slate-data-type=\"image\"\/><\/div>\n<\/div>\n<\/div>\n<\/div>\n<\/div>\n<\/div>\n<p><\/p>","protected":false},"excerpt":{"rendered":"<p>Hign-concerned Chemical:&nbsp;None Origin:&nbsp;Mainland China Brand Name:&nbsp;VEVOR VEVOR Electric Chain Hoist\u2013Change the Way You Look at Lifting Our electric chain fall hoist has a lifting capacity of 4400 lbs, making it<\/p>","protected":false},"featured_media":24774,"comment_status":"open","ping_status":"closed","template":"","meta":{"_acf_changed":false},"product_brand":[],"product_cat":[517],"product_tag":[],"class_list":{"0":"post-24772","1":"product","2":"type-product","3":"status-publish","4":"has-post-thumbnail","6":"product_cat-electric-lifting-hoists","8":"first","9":"instock","10":"shipping-taxable","11":"purchasable","12":"product-type-variable"},"acf":[],"_links":{"self":[{"href":"https:\/\/www.electricstore.eu\/de\/wp-json\/wp\/v2\/product\/24772","targetHints":{"allow":["GET"]}}],"collection":[{"href":"https:\/\/www.electricstore.eu\/de\/wp-json\/wp\/v2\/product"}],"about":[{"href":"https:\/\/www.electricstore.eu\/de\/wp-json\/wp\/v2\/types\/product"}],"replies":[{"embeddable":true,"href":"https:\/\/www.electricstore.eu\/de\/wp-json\/wp\/v2\/comments?post=24772"}],"wp:featuredmedia":[{"embeddable":true,"href":"https:\/\/www.electricstore.eu\/de\/wp-json\/wp\/v2\/media\/24774"}],"wp:attachment":[{"href":"https:\/\/www.electricstore.eu\/de\/wp-json\/wp\/v2\/media?parent=24772"}],"wp:term":[{"taxonomy":"product_brand","embeddable":true,"href":"https:\/\/www.electricstore.eu\/de\/wp-json\/wp\/v2\/product_brand?post=24772"},{"taxonomy":"product_cat","embeddable":true,"href":"https:\/\/www.electricstore.eu\/de\/wp-json\/wp\/v2\/product_cat?post=24772"},{"taxonomy":"product_tag","embeddable":true,"href":"https:\/\/www.electricstore.eu\/de\/wp-json\/wp\/v2\/product_tag?post=24772"}],"curies":[{"name":"wp","href":"https:\/\/api.w.org\/{rel}","templated":true}]}}