{"id":24695,"date":"2025-05-20T18:41:52","date_gmt":"2025-05-20T18:41:52","guid":{"rendered":"https:\/\/electricstore.eu\/p\/uncategorized\/homcom-caballete-trasero-moto-universal-elevador-soporte-de-motocross-acero\/"},"modified":"2025-05-20T18:42:39","modified_gmt":"2025-05-20T18:42:39","slug":"homcom-caballete-trasero-moto-universal-elevador-soporte-de-motocross-acero","status":"publish","type":"product","link":"https:\/\/www.electricstore.eu\/de\/p\/a\/homcom-caballete-trasero-moto-universal-elevador-soporte-de-motocross-acero\/","title":{"rendered":"HOMCOM Caballete Trasero Moto Universal Elevador Soporte de Motocross Acero"},"content":{"rendered":"<div class=\"product-specs-list-container\">\n<ul class=\"product-specs-list util-clearfix\">\n<li class=\"product-prop line-limit-length\"><span\n                                        class=\"property-title\">Kapazit\u00e4t (Last):&nbsp;<\/span><span\n                                        class=\"property-desc line-limit-length\">150 kg<\/span>\n                            <\/li>\n<li class=\"product-prop line-limit-length\"><span\n                                        class=\"property-title\">Markenname:&nbsp;<\/span><span\n                                        class=\"property-desc line-limit-length\">HOMCOM<\/span>\n                            <\/li>\n<\/ul><\/div>\n<div class=\"detailmodule_html\">\n<div class=\"detail-desc-decorate-richtext\">\n<div style=\"overflow:visible;height:auto\">\n<div>\n<div>\n<div class=\"detailmodule_html\">\n<div class=\"detail-desc-decorate-richtext\">\n<div style=\"overflow:visible;height:auto\">\n<div>\n<div>\n<p><span style=\"font-size:16px\">Ist Ihnen eine Reparatur oder Reparatur Ihres Motorrads nicht gelungen? Es handelt sich um eine fantastische, universelle und tragbare Motorrad-H\u00fclse, die jeweils \u00fcber 2 Horquilla-Typen verf\u00fcgt (in Form von L und in Form von U). F\u00fcr alle Motorradtypen ist die Ansaughalterung einstellbar und hochverzinkt, sodass ein perfektes Gleichgewicht herrscht. Ideal, um das Motorrad in der Garage oder auf der Terrasse abzustellen und grundlegende Wartungsarbeiten oder Reparaturen durchzuf\u00fchren. Cuenta con 2 Ruedas ist einfach zu bewegen.<\/span><\/p>\n<\/div>\n<\/div>\n<\/div>\n<\/div>\n<\/div>\n<div>\n<\/div>\n<\/div>\n<\/div>\n<\/div>\n<div>\n<div>\n<div>\n<div><strong>Charakteristika:<\/strong><br \/>\u2022 Universelles Ger\u00e4t: F\u00fcr alle Motorradtypen muss die Ansaugvorrichtung einstellbar sein. Abmessungen: 80x50x40cm. ;<\/div>\n<div>\u2022 Vielseitig einsetzbar: Ideal zum Abtrennen des Motorrads in der Garage oder auf der Terrasse und zur Wartung oder Reparatur grundlegender Dinge. Cuenta con 2 ruedas, weil es leicht zu bewegen ist. ;<\/div>\n<div>\u2022 Enthalten sind 2 Horquilla-Typen: Horquillas in Form von U-Modellen, die ideal f\u00fcr Motorr\u00e4der sind, auf denen die Di\u00e1bolos installiert sind, und Palas Planas en Forma de L f\u00fcr Motos ohne Di\u00e1bolos. ;<\/div>\n<div>\u2022 H\u00f6chste Qualit\u00e4t: Verzinktes Stahlblech mit einem 1,5-mm-Rohrbeh\u00e4lter. Muy s\u00f3lido a la vez que estable. Kapazit\u00e4t max. Gewicht: 150 kg. ;<\/div>\n<div>\u2022 F\u00fchren Sie die Montage durch und enthalten Sie die entsprechende Montageanleitung. ;<\/div>\n<div>\u2022 Hinweis: Por favor, mantenerse fuera del alcance de los ni\u00f1os. Stellen Sie sicher, dass sich die Caballete vor der Benutzung in einwandfreiem Zustand befindet.<\/p>\n<\/div>\n<\/div>\n<\/div>\n<\/div>\n<div>\n<div>\n<div>\n<div class=\"detailmodule_html\">\n<div class=\"detail-desc-decorate-richtext\">\n<div class=\"detailmodule_html\">\n<div class=\"detail-desc-decorate-richtext\">\n<div class=\"lc-1\">\n<div class=\"f-line\">\n<div class=\"fts\">\n<div><strong>Spezifikationen:<\/strong><\/div>\n<\/div>\n<\/div>\n<\/div>\n<\/div>\n<\/div>\n<\/div>\n<\/div>\n<div>\u2022 Farbe: Rojo ;<\/div>\n<div>\u2022 Material: verzinktes Acero;<\/div>\n<div>\u2022 Abmessungen: 80x50x40cm (LxANxAL);<\/div>\n<div>\u2022 Anchura de sujeci\u00f3n justible de las horquillas (Forma U\/Forma L): 21\u201335 cm\/22\u201333 cm;<\/div>\n<div>\u2022 Espesor del tubo: 1.5mm ;<\/div>\n<div>\u2022 Bruttogewicht: 5,5 kg ;<\/div>\n<div>\u2022 Nettogewicht: 4,5 kg ;<\/div>\n<div>\u2022 Ladekapazit\u00e4t: 150 kg;<\/div>\n<div>\u2022 Referenz: C30-001<\/p>\n<\/div>\n<\/div>\n<\/div>\n<\/div>\n<div><img decoding=\"async\" width=\"1000    \" height=\"35\" src=\"https:\/\/ae01.alicdn.com\/kf\/HTB1KhgjkfiSBuNkSnhJq6zDcpXaR.jpg\" slate-data-type=\"image\"\/><\/div>\n<div>\n<div><img decoding=\"async\" src=\"https:\/\/ae01.alicdn.com\/kf\/S1ad8e00c4d37488598c61042fc5c6a30K.jpg\" slate-data-type=\"image\"\/><img decoding=\"async\" src=\"https:\/\/ae01.alicdn.com\/kf\/S3a5498b5210342839e03bc0d09e5a752F.jpg\" slate-data-type=\"image\"\/><img decoding=\"async\" src=\"https:\/\/ae01.alicdn.com\/kf\/S7c396a40d3ec40b0a8fb743ab1b67756k.jpg\" slate-data-type=\"image\"\/><img decoding=\"async\" src=\"https:\/\/ae01.alicdn.com\/kf\/Se0fdeeb7edd04593a3e251212d2d0317Y.jpg\" slate-data-type=\"image\"\/><\/div>\n<\/div>\n<div><img fetchpriority=\"high\" decoding=\"async\" width=\"1000\" height=\"1881\" src=\"https:\/\/ae01.alicdn.com\/kf\/HTB1Pe4ZKAOWBuNjSsppq6xPgpXay.jpg\" slate-data-type=\"image\"\/><\/div>\n<\/div>\n<\/div>\n<p><\/p>","protected":false},"excerpt":{"rendered":"<p>Capacity (Load):&nbsp;150 kg Brand Name:&nbsp;HOMCOM \u00bfTe hace falta un caballete para aparcar o reparar tu moto? Te presentamos este fant\u00e1stico caballete de moto posterior universal y port\u00e1til, el cual dispone<\/p>","protected":false},"featured_media":24697,"comment_status":"open","ping_status":"closed","template":"","meta":{"_acf_changed":false},"product_brand":[],"product_cat":[525],"product_tag":[],"class_list":{"0":"post-24695","1":"product","2":"type-product","3":"status-publish","4":"has-post-thumbnail","6":"product_cat-a","8":"first","9":"instock","10":"shipping-taxable","11":"purchasable","12":"product-type-variable"},"acf":[],"_links":{"self":[{"href":"https:\/\/www.electricstore.eu\/de\/wp-json\/wp\/v2\/product\/24695","targetHints":{"allow":["GET"]}}],"collection":[{"href":"https:\/\/www.electricstore.eu\/de\/wp-json\/wp\/v2\/product"}],"about":[{"href":"https:\/\/www.electricstore.eu\/de\/wp-json\/wp\/v2\/types\/product"}],"replies":[{"embeddable":true,"href":"https:\/\/www.electricstore.eu\/de\/wp-json\/wp\/v2\/comments?post=24695"}],"wp:featuredmedia":[{"embeddable":true,"href":"https:\/\/www.electricstore.eu\/de\/wp-json\/wp\/v2\/media\/24697"}],"wp:attachment":[{"href":"https:\/\/www.electricstore.eu\/de\/wp-json\/wp\/v2\/media?parent=24695"}],"wp:term":[{"taxonomy":"product_brand","embeddable":true,"href":"https:\/\/www.electricstore.eu\/de\/wp-json\/wp\/v2\/product_brand?post=24695"},{"taxonomy":"product_cat","embeddable":true,"href":"https:\/\/www.electricstore.eu\/de\/wp-json\/wp\/v2\/product_cat?post=24695"},{"taxonomy":"product_tag","embeddable":true,"href":"https:\/\/www.electricstore.eu\/de\/wp-json\/wp\/v2\/product_tag?post=24695"}],"curies":[{"name":"wp","href":"https:\/\/api.w.org\/{rel}","templated":true}]}}