{"id":24669,"date":"2025-05-20T18:41:34","date_gmt":"2025-05-20T18:41:34","guid":{"rendered":"https:\/\/electricstore.eu\/p\/uncategorized\/homcom-moto-electrica-para-ninos-de-18-36-meses-66x37x44-cm-rojo\/"},"modified":"2025-05-20T18:42:23","modified_gmt":"2025-05-20T18:42:23","slug":"homcom-moto-electrica-para-ninos-de-18-36-meses-66x37x44-cm-rojo","status":"publish","type":"product","link":"https:\/\/www.electricstore.eu\/de\/p\/motorbikes\/electric-children-motorbikes\/homcom-moto-electrica-para-ninos-de-18-36-meses-66x37x44-cm-rojo\/","title":{"rendered":"HOMCOM Elektrisches Motorrad f\u00fcr Kinder im Alter von 18 bis 36 Monaten, 66 x 37 x 44 cm, Rot"},"content":{"rendered":"<div class=\"product-specs-list-container\">\n<ul class=\"product-specs-list util-clearfix\">\n<li class=\"product-prop line-limit-length\"><span\n                                        class=\"property-title\">Ist elektrisch:&nbsp;<\/span><span\n                                        class=\"property-desc line-limit-length\">Andere Batterie<\/span>\n                            <\/li>\n<li class=\"product-prop line-limit-length\"><span\n                                        class=\"property-title\">Markenname:&nbsp;<\/span><span\n                                        class=\"property-desc line-limit-length\">HOMCOM<\/span>\n                            <\/li>\n<li class=\"product-prop line-limit-length\"><span\n                                        class=\"property-title\">Merkmale:&nbsp;<\/span><span\n                                        class=\"property-desc line-limit-length\">Druckguss<\/span>\n                            <\/li>\n<\/ul><\/div>\n<div class=\"detailmodule_html\">\n<div class=\"detail-desc-decorate-richtext\">\n<div style=\"overflow:visible;height:auto\">\n<div>\n<div>\n<div>Mit einem BMW-Kindermotorrad-F\u00fchrerschein. Mit einer H\u00f6chstgeschwindigkeit von 2,5 km\/h ist das Kindermotorrad f\u00fcr Kinder von 18 bis 36 Monaten geeignet. Der bequeme Sitz und die integrierte Musiktaste sorgen f\u00fcr eine angenehme Atmosph\u00e4re f\u00fcr Ihr Baby, wenn es unterwegs ist. Tragen Sie dieses Spielzeugmotorrad mit nach Hause, um Ihre Kinder zum Spielen im Freien zu animieren. Die sch\u00f6nen, leuchtenden Lichter vermitteln ein k\u00f6nigliches Fahrgef\u00fchl.<\/p>\n<\/div>\n<\/div>\n<\/div>\n<\/div>\n<div>\n<div>\n<div>\n<div><strong>Merkmale:<\/strong><br \/>Roboter BMW mit Lizenz, einzigartiges Aussehen, stromlinienf\u00f6rmiges Design und einzigartige<br \/>Roboter mit Pedal und Schnickschnack f\u00fcr Kinder von 18 bis 36 Monaten<br \/>Roboter Super stabil mit Design von 3 R\u00e4dern<br \/>Roboter-Leuchtt\u00fcrme funktionieren, Musik eingebaut und erweiterte Funktion, Pedalsteuerung, realistischer<br \/>Roboter entwickeln auf nat\u00fcrliche Weise die F\u00e4higkeit zur Hand-Auge-Koordination im Spiel und das Lachen<br \/>Trockensitz GESTEPPT Extra Breite und Federd\u00e4mpfer f\u00fcr One Direction weich und bequem<br \/>Robotermotor 6 V f\u00fcr einen kraftvollen Antrieb HINTEN und voll geladen f\u00fcr 45 min Dauerwiedergabe<br \/>Robot Super einfacher Sattel<\/p>\n<p><\/div>\n<\/div>\n<\/div>\n<\/div>\n<div>\n<div>\n<div>\n<div>Roboterfarbe: Rot\/Schwarz<br \/>Robotermaterial: Metall und PP<br \/>Roboterabmessungen gesamt: 66x37x44 cm (LxANxAL)<br \/>Gr\u00f6\u00dfe des Robotersitzes: 22\u00d714 cm (LxAN)<br \/>Robotergr\u00f6\u00dfe Rad: \u042418\u00d77,5 cm (DxAN)<br \/>Trocknungszeit Erstbeladung umfassend: 10-12 h<br \/>Trocknungszeit konventionell beladen: 10 h<br \/>Trocknungszeit bei fortgesetzter Verwendung mit vollst\u00e4ndiger Ladung: 45 min<br \/>Roboter 1 Batterien: 6 V, 4AH<br \/>Roboterladeger\u00e4t: 6 V, 500 mA<br \/>Robotermotor: 390 #<br \/>Trockengewicht: 4 kg<br \/>Trockenkapazit\u00e4t Max. Toplader: 20 kg<br \/>Roboterreferenz: 370-064RD\/370-064BK<\/div>\n<\/div>\n<\/div>\n<\/div>\n<div><img decoding=\"async\" width=\"1000    \" height=\"35\" src=\"https:\/\/ae01.alicdn.com\/kf\/HTB1KhgjkfiSBuNkSnhJq6zDcpXaR.jpg\" slate-data-type=\"image\"\/><\/div>\n<div>\n<div><img width=\"1000\" slate-data-type=\"image\"\/><\/div>\n<div><img width=\"1000\" slate-data-type=\"image\"\/><\/div>\n<div><img width=\"1000\" slate-data-type=\"image\"\/><\/div>\n<div><img width=\"1000\" slate-data-type=\"image\"\/><\/div>\n<div><img width=\"1000\" slate-data-type=\"image\"\/><\/div>\n<div><img width=\"1000\" slate-data-type=\"image\"\/><\/div>\n<div><img width=\"1000\" slate-data-type=\"image\"\/><\/div>\n<div><img width=\"1000\" slate-data-type=\"image\"\/><\/div>\n<\/div>\n<div><img fetchpriority=\"high\" decoding=\"async\" width=\"1000\" height=\"1881\" src=\"https:\/\/ae01.alicdn.com\/kf\/HTB1Pe4ZKAOWBuNjSsppq6xPgpXay.jpg\" slate-data-type=\"image\"\/><\/div>\n<\/div>\n<\/div>\n<p><\/p>","protected":false},"excerpt":{"rendered":"<p>Is Electric:&nbsp;Other Battery Brand Name:&nbsp;HOMCOM Features:&nbsp;Diecast With a license for BMW motorcycle child. With a top speed 2.5 km\/h, order child is insurance from 18 to 36 months old. The<\/p>","protected":false},"featured_media":24670,"comment_status":"open","ping_status":"closed","template":"","meta":{"_acf_changed":false},"product_brand":[],"product_cat":[313],"product_tag":[],"class_list":{"0":"post-24669","1":"product","2":"type-product","3":"status-publish","4":"has-post-thumbnail","6":"product_cat-electric-children-motorbikes","8":"first","9":"instock","10":"shipping-taxable","11":"purchasable","12":"product-type-variable"},"acf":[],"_links":{"self":[{"href":"https:\/\/www.electricstore.eu\/de\/wp-json\/wp\/v2\/product\/24669","targetHints":{"allow":["GET"]}}],"collection":[{"href":"https:\/\/www.electricstore.eu\/de\/wp-json\/wp\/v2\/product"}],"about":[{"href":"https:\/\/www.electricstore.eu\/de\/wp-json\/wp\/v2\/types\/product"}],"replies":[{"embeddable":true,"href":"https:\/\/www.electricstore.eu\/de\/wp-json\/wp\/v2\/comments?post=24669"}],"wp:featuredmedia":[{"embeddable":true,"href":"https:\/\/www.electricstore.eu\/de\/wp-json\/wp\/v2\/media\/24670"}],"wp:attachment":[{"href":"https:\/\/www.electricstore.eu\/de\/wp-json\/wp\/v2\/media?parent=24669"}],"wp:term":[{"taxonomy":"product_brand","embeddable":true,"href":"https:\/\/www.electricstore.eu\/de\/wp-json\/wp\/v2\/product_brand?post=24669"},{"taxonomy":"product_cat","embeddable":true,"href":"https:\/\/www.electricstore.eu\/de\/wp-json\/wp\/v2\/product_cat?post=24669"},{"taxonomy":"product_tag","embeddable":true,"href":"https:\/\/www.electricstore.eu\/de\/wp-json\/wp\/v2\/product_tag?post=24669"}],"curies":[{"name":"wp","href":"https:\/\/api.w.org\/{rel}","templated":true}]}}