{"id":24663,"date":"2025-05-20T18:41:29","date_gmt":"2025-05-20T18:41:29","guid":{"rendered":"https:\/\/electricstore.eu\/p\/uncategorized\/pawhut-cargo-bicycle-trailer-40kg-light-steel-frame-with\/"},"modified":"2025-05-20T18:41:56","modified_gmt":"2025-05-20T18:41:56","slug":"pawhut-cargo-bicycle-trailer-40kg-light-steel-frame-with","status":"publish","type":"product","link":"https:\/\/www.electricstore.eu\/de\/p\/o\/bike-trailers-and-wagons\/pawhut-cargo-bicycle-trailer-40kg-light-steel-frame-with\/","title":{"rendered":"PawHut Lastenfahrradanh\u00e4nger 40kg leichter Stahlrahmen mit"},"content":{"rendered":"<div class=\"product-specs-list-container\">\n<ul class=\"product-specs-list util-clearfix\">\n<li class=\"product-prop line-limit-length\"><span\n                                        class=\"property-title\">Markenname:&nbsp;<\/span><span\n                                        class=\"property-desc line-limit-length\">Pfotenh\u00fctte<\/span>\n                            <\/li>\n<\/ul><\/div>\n<div class=\"detailmodule_html\">\n<div class=\"detail-desc-decorate-richtext\">\n<p><\/p>\n<div style=\"overflow:visible;height:auto\" class=\"lc-1\">\n<div class=\"f-line\">\n<div class=\"fts\">\n<div>\nHolen Sie noch mehr aus Ihrem Citybike heraus! Was eignet sich da besser als dieser fantastische Lastenanh\u00e4nger? Seine Stahlkonstruktion und die gro\u00dfen R\u00e4der machen ihn robust und leicht zu transportieren. Zudem ist er \u00e4u\u00dferst flexibel, da sich die Seitenw\u00e4nde an der Basis einklappen und Vorder- und Hinterteil einfach demontieren lassen. So bietet er viel Platz f\u00fcr sperrige Gegenst\u00e4nde. Der Anh\u00e4nger ist f\u00fcr eine Zuladung von bis zu 50 kg ausgelegt und l\u00e4sst sich bei Nichtgebrauch unkompliziert verstauen. Daher ist der Lastenanh\u00e4nger schnell demontiert. Worauf warten Sie noch? Holen Sie das Beste aus Ihrem Citybike heraus!<\/p><\/div><\/div><\/div>\n<\/div>\n<div class=\"lc-1\">\n<div class=\"f-line\">\n<div class=\"fts\">\n<div>\n    <strong>Merkmale:<\/strong><br \/>\n    <br \/>\u25cf Leichter Stahlrahmen;\n<\/div>\n<div>\n\u25cf Verst\u00e4rkter, massiver PE-Hintergrund;\n<\/div>\n<div>\n\u25cf Gro\u00dfe R\u00e4der und eine Stahlkonstruktion sorgen f\u00fcr optimale Stabilit\u00e4t;\n<\/div>\n<div>\n\u25cf Verst\u00e4rkter Stahlankerstab;\n<\/div>\n<div>\n\u25cf Leicht zu montieren und zu demontieren;\n<\/div>\n<div>\n\u25cf Der Lastenanh\u00e4nger wird bei der Paketzustellung, beim Umschlag von Schwerlasten usw. eingesetzt;\n<\/div>\n<div>\n\u25cf Die Seitenbarrieren k\u00f6nnen auf die Ladefl\u00e4che des Anh\u00e4ngers geklappt werden;\n<\/div>\n<div>\n\u25cf Die vorderen und hinteren Trennw\u00e4nde k\u00f6nnen heruntergeklappt werden;\n<\/div>\n<div>\n\u25cf Im Lieferumfang ist der Aosom-Fahrradstecker vom Typ &#039;B&#039; enthalten; zum Verbinden des Anh\u00e4ngers mit dem Fahrrad wird nichts weiter ben\u00f6tigt.\n<\/div>\n<div>\n\u25cf Schnellspannr\u00e4der;\n<\/div>\n<div>\n\u25cf Insgesamt 4 Reflektoren, verteilt auf die R\u00fcckseite und die R\u00e4der<\/p><\/div><\/div><\/div>\n<\/div>\n<div class=\"lc-1\">\n<div class=\"f-line\">\n<div class=\"fts\">\n<div>\n    <strong>Spezifikationen:<\/strong><br \/>\n    <br \/>-Material: Robuste Stahlkonstruktion mit Kunststofffu\u00df<br \/>\n<br \/>-Farbe: Schwarz<br \/>\n<br \/>-Tr\u00e4gt ein maximales Gewicht von 50 kg<br \/>\n<br \/>-Gewicht des Anh\u00e4ngers: 11,5 kg<br \/>\n<br \/>-Ma\u00dfe: 145x70x49cm (LxANxAL)<br \/>\n<br \/>-PE-Plattenst\u00e4rke: 2 mm\n<\/div>\n<div class=\"detailmodule_html\">\n<div class=\"detail-desc-decorate-richtext\">\n<div class=\"lc-1\">\n<div class=\"f-line\">\n<div class=\"fts\">\n<div>\n-Geeigneter Fahrradraddurchmesser: 20&quot;-26&quot;<br \/>\n<br \/>-Referenz: B4-0008<br \/>\n\n        <\/div><\/div><\/div><\/div><\/div><\/div><\/div><\/div>\n<\/div>\n<div>\n <img decoding=\"async\" width=\"1000    \" height=\"35\" src=\"https:\/\/ae01.alicdn.com\/kf\/HTB1KhgjkfiSBuNkSnhJq6zDcpXaR.jpg\" slate-data-type=\"image\" \/>\n<\/div>\n<div class=\"content01\">\n<div class=\"content_img\">\n  <img decoding=\"async\" width=\"1000\" src=\"https:\/\/ae01.alicdn.com\/kf\/H2c64b258a67643ed85a0cc187dc8bb3cQ.jpg\" slate-data-type=\"image\" \/>\n <\/div>\n<div class=\"content_img\">\n  <img decoding=\"async\" width=\"1000\" src=\"https:\/\/ae01.alicdn.com\/kf\/Ha7bcb129fe7d4a999932bc04554ebedbq.jpg\" slate-data-type=\"image\" \/>\n <\/div>\n<div class=\"content_img\">\n  <img decoding=\"async\" width=\"1000\" src=\"https:\/\/ae01.alicdn.com\/kf\/Hab3a76bdd7564a8b9d6f90e3279125fbF.jpg\" slate-data-type=\"image\" \/>\n <\/div>\n<div class=\"content_img\">\n  <img decoding=\"async\" width=\"1000\" src=\"https:\/\/ae01.alicdn.com\/kf\/Hfe13f487df274ceea08e55911aec8ed9M.jpg\" slate-data-type=\"image\" \/>\n <\/div>\n<div class=\"content_img\">\n  <img decoding=\"async\" width=\"1000\" src=\"https:\/\/ae01.alicdn.com\/kf\/Hfd097be8084043459af95bdb322fc4cf5.jpg\" slate-data-type=\"image\" \/>\n <\/div>\n<div class=\"content_img\">\n  <img decoding=\"async\" width=\"1000\" src=\"https:\/\/ae01.alicdn.com\/kf\/H5068429d5fe74a8cad3b2c1594bd1abcs.jpg\" slate-data-type=\"image\" \/>\n <\/div>\n<div class=\"content_img\">\n  <img decoding=\"async\" width=\"1000\" src=\"https:\/\/gsp.aliexpress.com\/apps\/product\/publish?spm=5261.ProductManageOnline.0.0.789e4edf7O1jHp&amp;productId=4000370801767\" slate-data-type=\"image\" \/>\n <\/div>\n<div class=\"content_img\">\n  <img decoding=\"async\" width=\"1000\" src=\"https:\/\/gsp.aliexpress.com\/apps\/product\/publish?spm=5261.ProductManageOnline.0.0.789e4edf7O1jHp&amp;productId=4000370801767\" slate-data-type=\"image\" \/>\n <\/div>\n<\/div>\n<div>\n <img fetchpriority=\"high\" decoding=\"async\" width=\"1000\" height=\"1881\" src=\"https:\/\/ae01.alicdn.com\/kf\/HTB1i.OtVMHqK1RjSZFkq6x.WFXaT.jpg\" slate-data-type=\"image\" \/>\n<\/div>\n<p><\/p>\n<\/div>\n<\/div>","protected":false},"excerpt":{"rendered":"<p>Brand Name:&nbsp;PawHut To get even more out of your city bike, &amp; iquest; What better than this fantastic large cargo bike trailer? Its steel structure and large wheels make it<\/p>","protected":false},"featured_media":24664,"comment_status":"open","ping_status":"closed","template":"","meta":{"_acf_changed":false},"product_brand":[],"product_cat":[523],"product_tag":[],"class_list":{"0":"post-24663","1":"product","2":"type-product","3":"status-publish","4":"has-post-thumbnail","6":"product_cat-bike-trailers-and-wagons","8":"first","9":"instock","10":"shipping-taxable","11":"purchasable","12":"product-type-variable"},"acf":[],"_links":{"self":[{"href":"https:\/\/www.electricstore.eu\/de\/wp-json\/wp\/v2\/product\/24663","targetHints":{"allow":["GET"]}}],"collection":[{"href":"https:\/\/www.electricstore.eu\/de\/wp-json\/wp\/v2\/product"}],"about":[{"href":"https:\/\/www.electricstore.eu\/de\/wp-json\/wp\/v2\/types\/product"}],"replies":[{"embeddable":true,"href":"https:\/\/www.electricstore.eu\/de\/wp-json\/wp\/v2\/comments?post=24663"}],"wp:featuredmedia":[{"embeddable":true,"href":"https:\/\/www.electricstore.eu\/de\/wp-json\/wp\/v2\/media\/24664"}],"wp:attachment":[{"href":"https:\/\/www.electricstore.eu\/de\/wp-json\/wp\/v2\/media?parent=24663"}],"wp:term":[{"taxonomy":"product_brand","embeddable":true,"href":"https:\/\/www.electricstore.eu\/de\/wp-json\/wp\/v2\/product_brand?post=24663"},{"taxonomy":"product_cat","embeddable":true,"href":"https:\/\/www.electricstore.eu\/de\/wp-json\/wp\/v2\/product_cat?post=24663"},{"taxonomy":"product_tag","embeddable":true,"href":"https:\/\/www.electricstore.eu\/de\/wp-json\/wp\/v2\/product_tag?post=24663"}],"curies":[{"name":"wp","href":"https:\/\/api.w.org\/{rel}","templated":true}]}}