{"id":23212,"date":"2025-05-20T18:33:14","date_gmt":"2025-05-20T18:33:14","guid":{"rendered":"https:\/\/electricstore.eu\/p\/uncategorized\/csc-e-bike-conversion-kit-48v-1000w-1500w-with-48v-battery-for-26in-27-5in-29inch-e-bike-motor-wheel-bike-kit-mtx-sunringle\/"},"modified":"2025-05-20T18:33:16","modified_gmt":"2025-05-20T18:33:16","slug":"csc-e-bike-conversion-kit-48v-1000w-1500w-with-48v-battery-for-26in-27-5in-29inch-e-bike-motor-wheel-bike-kit-mtx-sunringle","status":"publish","type":"product","link":"https:\/\/www.electricstore.eu\/de\/p\/p\/kits\/electric-hub-motor-kits\/csc-e-bike-conversion-kit-48v-1000w-1500w-with-48v-battery-for-26in-27-5in-29inch-e-bike-motor-wheel-bike-kit-mtx-sunringle\/","title":{"rendered":"CSC E-Bike-Umr\u00fcstsatz 48 V 1000 W 1500 W mit 48 V-Batterie f\u00fcr 26 Zoll 27,5 Zoll 29 Zoll E-Bike-Motorrad-Kit MTX SUNRINGLE"},"content":{"rendered":"<div class=\"product-specs-list-container\">\n<ul class=\"product-specs-list util-clearfix\">\n<li class=\"product-prop line-limit-length\"><span\n                                        class=\"property-title\">Gr\u00f6\u00dfe:&nbsp;<\/span><span\n                                        class=\"property-desc line-limit-length\">26 Zoll<\/span>\n                            <\/li>\n<li class=\"product-prop line-limit-length\"><span\n                                        class=\"property-title\">Einbaulage:&nbsp;<\/span><span\n                                        class=\"property-desc line-limit-length\">Heckantrieb<\/span>\n                            <\/li>\n<li class=\"product-prop line-limit-length\"><span\n                                        class=\"property-title\">Design:&nbsp;<\/span><span\n                                        class=\"property-desc line-limit-length\">B\u00fcrstenlos<\/span>\n                            <\/li>\n<li class=\"product-prop line-limit-length\"><span\n                                        class=\"property-title\">Leistung:&nbsp;<\/span><span\n                                        class=\"property-desc line-limit-length\">&gt; 1000 W<\/span>\n                            <\/li>\n<li class=\"product-prop line-limit-length\"><span\n                                        class=\"property-title\">Stromspannung:&nbsp;<\/span><span\n                                        class=\"property-desc line-limit-length\">48 V<\/span>\n                            <\/li>\n<li class=\"product-prop line-limit-length\"><span\n                                        class=\"property-title\">Motor:&nbsp;<\/span><span\n                                        class=\"property-desc line-limit-length\">B\u00fcrstenloser Nabenmotor ohne Getriebe<\/span>\n                            <\/li>\n<li class=\"product-prop line-limit-length\"><span\n                                        class=\"property-title\">Herkunft:&nbsp;<\/span><span\n                                        class=\"property-desc line-limit-length\">Festlandchina<\/span>\n                            <\/li>\n<li class=\"product-prop line-limit-length\"><span\n                                        class=\"property-title\">Gr\u00f6\u00dfe:&nbsp;<\/span><span\n                                        class=\"property-desc line-limit-length\">26&quot; 27,5&quot; 29&quot;<\/span>\n                            <\/li>\n<li class=\"product-prop line-limit-length\"><span\n                                        class=\"property-title\">Batteriekapazit\u00e4t:&nbsp;<\/span><span\n                                        class=\"property-desc line-limit-length\">18AH 24AH 13.5AH<\/span>\n                            <\/li>\n<li class=\"product-prop line-limit-length\"><span\n                                        class=\"property-title\">Leistung:&nbsp;<\/span><span\n                                        class=\"property-desc line-limit-length\">1000 W 1500 W<\/span>\n                            <\/li>\n<\/ul><\/div>\n<p><\/p>\n<p><\/p>\n<p><\/p>\n<p><\/p>\n<p><\/p>\n<p><\/p>\n<p><\/p>\n<p><\/p>\n<p><kse:widget data-widget-type=\"customText\" id=\"1005000001164523\" type=\"relation\"><\/kse:widget><\/p>\n<div class=\"detailmodule_html\">\n<div class=\"detail-desc-decorate-richtext\">\n<div><\/p>\n<div class=\"detailmodule_media\">\n<div class=\"video-container-325571608753\">\n<div class=\"detail-video\" id=\"325571608753\" data-previewurl=\"https:\/\/img.alicdn.com\/imgextra\/i2\/6000000000607\/O1CN01xS1KS21GM37760fdu_!!6000000000607-0-tbvideo.jpg\"><\/div>\n<\/div>\n<\/div>\n<p><img decoding=\"async\" style=\"margin-bottom:10px\" class=\"detail-desc-decorate-image\" src=\"https:\/\/ae01.alicdn.com\/kf\/H2b03344852924cdf925995fc0182a027c.jpg\" slate-data-type=\"image\"\/><\/div>\n<div class=\"detailmodule_text\">\n<p style=\"font-family:OpenSans;font-size:20px;font-weight:900;line-height:28px;white-space:pre-wrap;color:rgb(0, 0, 0);margin-bottom:12px\" class=\"detail-desc-decorate-title\">Produktdetails<\/p>\n<p style=\"font-family:OpenSans;font-size:14px;font-weight:300;line-height:20px;white-space:pre-wrap;color:rgb(0, 0, 0);margin-bottom:12px\" class=\"detail-desc-decorate-content\">1. Volle Geschwindigkeit: 36 V 250\/350\/500 W ca. 20\u201335 km\/h,<br \/>48V 1000W ca. 45-55km\/h, <br \/>48V 1500W ca. 50-60km\/h, <br \/> (unterschiedliche Radgr\u00f6\u00dfen, Stra\u00dfen- und Wetterbedingungen sowie Fahrergewicht f\u00fchren zu unterschiedlichen Geschwindigkeiten)<br \/>2. Felge: Doppelwandige Aluminiumlegierungsfelge<br \/>3. Rad Tretlager: Hinten 135mm-142mm<\/p>\n<\/div>\n<div class=\"detailmodule_text\">\n<p style=\"font-family:OpenSans;font-size:20px;font-weight:900;line-height:28px;white-space:pre-wrap;color:rgb(0, 0, 0);margin-bottom:12px\" class=\"detail-desc-decorate-title\">Anweisung<\/p>\n<p style=\"font-family:OpenSans;font-size:14px;font-weight:300;line-height:20px;white-space:pre-wrap;color:rgb(0, 0, 0);margin-bottom:12px\" class=\"detail-desc-decorate-content\">Nabenmotor: 48 V 1500 W b\u00fcrstenloser Nabenmotor ohne Getriebe, 540 U\/min, 45 NM<br \/>48 V 1000 W b\u00fcrstenloser Nabenmotor ohne Getriebe, 470 U\/min, 35 NM<br \/>Controller: 18 Mosfet Dual-Mode-Controller 45A+-1A Max. Strom f\u00fcr 1500W <br \/>12 Mosfet Dual-Mode-Controller 30A+-1A Max Strom f\u00fcr 1000W <br \/>6 Mosfet Dual-Mode-Controller 20A+-1A Max Strom f\u00fcr 250W 350W 500W<br \/>Bremshebel: Power Cut-Off-Funktion. Rutschfeste Bremshebel aus Aluminiumlegierung.<br \/>Gashebel: Halbdrehgashebel<br \/>Anzeige: 24\/36\/48 V LCD3-Anzeige, unterst\u00fctzt DIY-Einstellung<br \/>PAS: 8-Magnet-Pedalassistent-Sensor<br \/>Freilauf: 7-Gang-Gewindefreilauf<br \/>Scheibe: 160-mm-Scheibe<\/p>\n<\/div>\n<div class=\"detailmodule_image\"><img decoding=\"async\" class=\"detail-desc-decorate-image\" src=\"https:\/\/ae01.alicdn.com\/kf\/Hf7167973d27445f38847e619286f7bc0Z.jpg\" slate-data-type=\"image\"\/><\/div>\n<div class=\"detailmodule_image\"><img decoding=\"async\" style=\"margin-bottom:10px\" class=\"detail-desc-decorate-image\" src=\"https:\/\/ae01.alicdn.com\/kf\/H719fb8172fba4e62b41ae2b8a38ff726U.jpg\" slate-data-type=\"image\"\/><\/div>\n<div class=\"detailmodule_text\"><\/div>\n<div class=\"detailmodule_image\"><img decoding=\"async\" class=\"detail-desc-decorate-image\" src=\"https:\/\/ae01.alicdn.com\/kf\/H8b91c1593c444bfbbec40d6ecd795090T.jpg\" slate-data-type=\"image\"\/><\/div>\n<div class=\"detailmodule_image\"><img decoding=\"async\" class=\"detail-desc-decorate-image\" src=\"https:\/\/ae01.alicdn.com\/kf\/H27b28dbb4cbc46e48d94eea21fcabb985.jpg\" slate-data-type=\"image\"\/><img decoding=\"async\" class=\"detail-desc-decorate-image\" src=\"https:\/\/ae01.alicdn.com\/kf\/H4ec7012bd73d4c2086e12ecc25532ea6O.jpg\" slate-data-type=\"image\"\/><\/div>\n<div class=\"detailmodule_image\"><img decoding=\"async\" class=\"detail-desc-decorate-image\" src=\"https:\/\/ae01.alicdn.com\/kf\/Hc5c3fc765db14435af9e4c66200b3a32S.jpg\" slate-data-type=\"image\"\/><\/div>\n<div><\/div>\n<p>Batterie<\/p>\n<p><span style=\"background-color:rgb(255, 255, 255);color:rgb(0, 0, 0);font-size:14px;font-family:OpenSans\">48V 18AH Batterie<\/span><br \/><span style=\"background-color:rgb(255, 255, 255);color:rgb(0, 0, 0);font-size:14px;font-family:OpenSans\">Nennspannung: 48V<\/span><br \/><span style=\"background-color:rgb(255, 255, 255);color:rgb(0, 0, 0);font-size:14px;font-family:OpenSans\">Nennkapazit\u00e4t: 18 Ah<\/span><br \/><span style=\"background-color:rgb(255, 255, 255);color:rgb(0, 0, 0);font-size:14px;font-family:OpenSans\">Zusammengesetzter Typ: 13Series 4Paralles 13S4P<\/span><br \/><span style=\"background-color:rgb(255, 255, 255);color:rgb(0, 0, 0);font-size:14px;font-family:OpenSans\">Zellen: Leistungsstarke 21700 3,7 V 4500 mAh Zellen<\/span><br \/><span style=\"background-color:rgb(255, 255, 255);color:rgb(0, 0, 0);font-size:14px;font-family:OpenSans\">BMS: 40 Ampere kontinuierlich, 100 \u00b1 10 Ampere maximal<\/span><br \/><span style=\"background-color:rgb(255, 255, 255);color:rgb(0, 0, 0);font-size:14px;font-family:OpenSans\">Passende Motorleistung: 48 V, 250 W \u2013 1500 W<\/span><br \/><span style=\"background-color:rgb(255, 255, 255);color:rgb(0, 0, 0);font-size:14px;font-family:OpenSans\">Ladestrom: 2-5A<\/span><br \/><span style=\"background-color:rgb(255, 255, 255);color:rgb(0, 0, 0);font-size:14px;font-family:OpenSans\">Ladeschlussspannung: 54,6 V<\/span><br \/><span style=\"background-color:rgb(255, 255, 255);color:rgb(0, 0, 0);font-size:14px;font-family:OpenSans\">Entladeschlussspannung: 39 V<\/span><br \/><span style=\"background-color:rgb(255, 255, 255);color:rgb(0, 0, 0);font-size:14px;font-family:OpenSans\">Entladetemperatur: -20 bis 65\u00b0C<\/span><br \/><span style=\"background-color:rgb(255, 255, 255);color:rgb(0, 0, 0);font-size:14px;font-family:OpenSans\">Ladetemperatur: 0 bis 45 \u00b0C<\/span><br \/><span style=\"background-color:rgb(255, 255, 255);color:rgb(0, 0, 0);font-size:14px;font-family:OpenSans\">Abmessungen: 90*110*360mm<\/span><br \/><span style=\"background-color:rgb(255, 255, 255);color:rgb(0, 0, 0);font-size:14px;font-family:OpenSans\">Batteriegewicht: 4,77 kg<\/span><br \/><span style=\"background-color:rgb(255, 255, 255);color:rgb(0, 0, 0);font-size:14px;font-family:OpenSans\">Zyklenlebensdauer: \u226580% Kapazit\u00e4t nach 800 Zyklen.<\/span><br \/><span style=\"background-color:rgb(255, 255, 255);color:rgb(0, 0, 0);font-size:14px;font-family:OpenSans\">&#8212;&#8212;&#8212;&#8212;&#8212;&#8212;&#8212;&#8212;&#8212;&#8212;&#8212;&#8212;&#8212;&#8212;&#8212;&#8212;&#8212;&#8212;&#8212;&#8212;&#8212;&#8212;<\/span><\/p>\n<div><\/div>\n<div style=\"font-family:&quot;Open Sans&quot;, Roboto, Arial, Helvetica, sans-serif, SimSun;font-size:14px;font-weight:400;letter-spacing:normal;text-align:start;white-space:normal;color:rgb(34, 34, 34);background-color:rgb(255, 255, 255);margin:0px;margin-bottom:0px;margin-top:0px;margin-left:0px;margin-right:0px;padding:0px;padding-bottom:0px;padding-top:0px;padding-left:0px;padding-right:0px;box-sizing:content-box\" class=\"detailmodule_text\" align=\"start\">\n<p style=\"font-size:14px;font-weight:400;line-height:inherit;margin:0px;margin-bottom:0px;margin-top:0px;margin-left:0px;margin-right:0px;padding:0px;padding-bottom:0px;padding-top:0px;padding-left:0px;padding-right:0px;box-sizing:border-box\">48V 24AH Batterie<br \/>Nennspannung: 48V<br \/>Nennkapazit\u00e4t: 24 Ah<br \/>Zusammengesetzter Typ: 13Series 5Paralles 13S5P<br \/>Zellen: Leistungsstarke 21700 3,7 V 4800 mAh Zellen<br \/>BMS: 40 Ampere kontinuierlich, 100 \u00b1 10 Ampere maximal<br \/>Passende Motorleistung: 48 V, 250 W \u2013 1500 W<br \/>Ladestrom: 2-5A<br \/>Ladeschlussspannung: 54,6 V<br \/>Entladeschlussspannung: 39 V<br \/>Entladetemperatur: -20 bis 65\u00b0C<br \/>Ladetemperatur: 0 bis 45 \u00b0C<br \/>Abmessungen: 90*110*360mm<br \/>Batteriegewicht: 5,73 kg<br \/>Zyklenlebensdauer: \u226580% Kapazit\u00e4t nach 800 Zyklen.<br \/>&#8212;&#8212;&#8212;&#8212;&#8212;&#8212;&#8212;&#8212;&#8212;&#8212;&#8212;&#8212;&#8212;&#8212;&#8212;&#8212;&#8212;&#8212;&#8212;&#8212;&#8212;&#8212;<\/p>\n<p>52V 13,5AH Batterie<br \/>Nennspannung: 52 V<br \/>Nennkapazit\u00e4t: 13,5 Ah<br \/>Zusammengesetzter Typ: 14Series 3Paralles 14S3P<br \/>Zellen: Leistungsstarke 21700 3,7 V 4500 mAh Zellen<br \/>BMS: 30 Ampere kontinuierlich, 100 \u00b1 10 Ampere maximal<br \/>Passende Motorleistung: 52 V, 250 W \u2013 750 W<br \/>Ladestrom: 2-5A<br \/>Ladeschlussspannung: 60 V<br \/>Entladeschlussspannung: 39 V<br \/>Entladetemperatur: -20 bis 65\u00b0C<br \/>Ladetemperatur: 0 bis 45 \u00b0C<br \/>Abmessungen: 90*110*360mm<br \/>Batteriegewicht: 4,15 kg<br \/>Zyklenlebensdauer: \u226580% Kapazit\u00e4t nach 800 Zyklen.<br \/>&#8212;&#8212;&#8212;&#8212;&#8212;&#8212;&#8212;&#8212;&#8212;&#8212;&#8212;&#8212;&#8212;&#8212;&#8212;&#8212;&#8212;&#8212;&#8212;&#8212;&#8212;&#8212;<\/p>\n<p>52V 18AH Batterie<br \/>Nennspannung: 52 V<br \/>Nennkapazit\u00e4t: 18 Ah<br \/>Zusammengesetzter Typ: 14Series 4Paralles 14S4P<br \/>Zellen: Leistungsstarke 21700 3,7 V 4500 mAh Zellen<br \/>BMS: 40 Ampere kontinuierlich, 100 \u00b1 10 Ampere maximal<br \/>Passende Motorleistung: 52 V, 250 W \u2013 1500 W<br \/>Ladestrom: 2-5A<br \/>Ladeschlussspannung: 60 V<br \/>Entladeschlussspannung: 39\u201342 V<br \/>Entladetemperatur: -20 bis 65\u00b0C<br \/>Ladetemperatur: 0 bis 45 \u00b0C<br \/>Abmessungen: 90*110*360mm<br \/>Batteriegewicht: 4,99 kg<br \/>Zyklenlebensdauer: \u226580% Kapazit\u00e4t nach 800 Zyklen.<br \/>&#8212;&#8212;&#8212;&#8212;&#8212;&#8212;&#8212;&#8212;&#8212;&#8212;&#8212;&#8212;&#8212;&#8212;&#8212;&#8212;&#8212;&#8212;&#8212;&#8212;&#8212;&#8212;<\/p>\n<\/div>\n<div style=\"font-family:&quot;Open Sans&quot;, Roboto, Arial, Helvetica, sans-serif, SimSun;font-size:14px;font-weight:400;letter-spacing:normal;text-align:start;white-space:normal;color:rgb(34, 34, 34);background-color:rgb(255, 255, 255);margin:0px;margin-bottom:0px;margin-top:0px;margin-left:0px;margin-right:0px;padding:0px;padding-bottom:0px;padding-top:0px;padding-left:0px;padding-right:0px;box-sizing:content-box\" class=\"detailmodule_image\" align=\"start\"><img decoding=\"async\" style=\"border:0px;margin:0px;margin-bottom:0px;margin-top:0px;margin-left:0px;margin-right:0px;padding:0px;padding-bottom:0px;padding-top:0px;padding-left:0px;padding-right:0px;max-width:100%;box-sizing:border-box\" src=\"https:\/\/ae01.alicdn.com\/kf\/H73dd922a6dd0414f90bee11960a200df2.png\" slate-data-type=\"image\"\/><\/div>\n<div class=\"detailmodule_text\">\n<p style=\"font-family:OpenSans;font-size:20px;font-weight:900;line-height:28px;white-space:pre-wrap;color:rgb(0, 0, 0);margin-bottom:12px\" class=\"detail-desc-decorate-title\">Packliste<\/p>\n<p>1 * Batterie<\/p>\n<p>1 * Akku und Ladeger\u00e4t<\/p>\n<p>1 * Hinterradmotor (20\/24\/26\/27,5\/28\/29 Zoll 700C)<\/p>\n<p>1 * Reifen<\/p>\n<p>1*7 geschwindigkeit Freilauf<\/p>\n<p>1*160mm Scheibenbremse Rotor<\/p>\n<p>1 * DC-Controller<\/p>\n<p>1 * Controller-Tasche<\/p>\n<p>1 Paar * Wuxing Power Cut-Off-Bremshebel<\/p>\n<p>1 * LCD3-Anzeige<\/p>\n<p>1*8 Magnet Pedal Assistent Sensor<\/p>\n<p>1 Satz * Halbdrehgasgriff (Standard)<\/p>\n<\/div>\n<div class=\"detailmodule_image\"><img decoding=\"async\" style=\"margin-bottom:10px\" class=\"detail-desc-decorate-image\" src=\"https:\/\/ae01.alicdn.com\/kf\/H695e6e367afc4f4994f24f2c80b41124Z.jpg\" slate-data-type=\"image\"\/><img decoding=\"async\" src=\"https:\/\/ae01.alicdn.com\/kf\/S08fe5d3841f0401b943779f50ca5480a3.jpg\" slate-data-type=\"image\"\/><img decoding=\"async\" class=\"detail-desc-decorate-image\" src=\"https:\/\/ae01.alicdn.com\/kf\/H77548476247245148eafbea4e380010dE.jpg\" slate-data-type=\"image\"\/><\/div>\n<div class=\"detailmodule_text\"><\/div>\n<div class=\"detailmodule_image\"><img decoding=\"async\" class=\"detail-desc-decorate-image\" src=\"https:\/\/ae01.alicdn.com\/kf\/HTB1EbRdOmzqK1RjSZFLq6An2XXap.jpg\" slate-data-type=\"image\"\/><\/div>\n<div class=\"detailmodule_text\">\n<p style=\"font-family:OpenSans;font-size:14px;font-weight:300;line-height:20px;white-space:pre-wrap;color:rgb(0, 0, 0);margin-bottom:12px\" class=\"detail-desc-decorate-content\">1. ) Preis inklusive Mehrwertsteuer<\/p>\n<p>2.) Wenn Sie nach Erhalt der Artikel Fragen haben, kontaktieren Sie uns bitte zuerst. Ihre Zufriedenheit ist unsere oberste Priorit\u00e4t und wir sind zuversichtlich, dass Sie mit unseren Dienstleistungen zufrieden sein werden<\/p>\n<\/div>\n<p><\/p>\n<p><\/p>\n<p><\/p>\n<p><\/p>\n<p><\/p>\n<div><\/div>\n<\/div>\n<\/div>\n<p><\/p>\n<p><\/p>\n<p><\/p>\n<p><\/p>\n<p><\/p>\n<p><\/p>\n<p><\/p>\n<p><\/p>\n<p><\/p>\n<p><\/p>\n<p><\/p>\n<p><\/p>\n<p><\/p>\n<p><\/p>\n<p><\/p>\n<p><\/p>\n<p><\/p>\n<p><\/p>\n<p><\/p>","protected":false},"excerpt":{"rendered":"<p>Size:&nbsp;26inch Mounting Position:&nbsp;Rear Drive Design:&nbsp;Brushless Wattage:&nbsp;&gt; 1000w Voltage:&nbsp;48V Motor:&nbsp;Brushless Non-gear Hub Motor Origin:&nbsp;Mainland China size:&nbsp;26&quot; 27.5&quot; 29&quot; battery capacity:&nbsp;18AH 24AH 13.5AH power:&nbsp;1000W 1500W Product Details 1. Full Speed: 36V 250\/350\/500W<\/p>","protected":false},"featured_media":23213,"comment_status":"open","ping_status":"closed","template":"","meta":{"_acf_changed":false},"product_brand":[],"product_cat":[528],"product_tag":[],"class_list":{"0":"post-23212","1":"product","2":"type-product","3":"status-publish","4":"has-post-thumbnail","6":"product_cat-electric-hub-motor-kits","8":"first","9":"instock","10":"shipping-taxable","11":"purchasable","12":"product-type-variable"},"acf":[],"_links":{"self":[{"href":"https:\/\/www.electricstore.eu\/de\/wp-json\/wp\/v2\/product\/23212","targetHints":{"allow":["GET"]}}],"collection":[{"href":"https:\/\/www.electricstore.eu\/de\/wp-json\/wp\/v2\/product"}],"about":[{"href":"https:\/\/www.electricstore.eu\/de\/wp-json\/wp\/v2\/types\/product"}],"replies":[{"embeddable":true,"href":"https:\/\/www.electricstore.eu\/de\/wp-json\/wp\/v2\/comments?post=23212"}],"wp:featuredmedia":[{"embeddable":true,"href":"https:\/\/www.electricstore.eu\/de\/wp-json\/wp\/v2\/media\/23213"}],"wp:attachment":[{"href":"https:\/\/www.electricstore.eu\/de\/wp-json\/wp\/v2\/media?parent=23212"}],"wp:term":[{"taxonomy":"product_brand","embeddable":true,"href":"https:\/\/www.electricstore.eu\/de\/wp-json\/wp\/v2\/product_brand?post=23212"},{"taxonomy":"product_cat","embeddable":true,"href":"https:\/\/www.electricstore.eu\/de\/wp-json\/wp\/v2\/product_cat?post=23212"},{"taxonomy":"product_tag","embeddable":true,"href":"https:\/\/www.electricstore.eu\/de\/wp-json\/wp\/v2\/product_tag?post=23212"}],"curies":[{"name":"wp","href":"https:\/\/api.w.org\/{rel}","templated":true}]}}