{"id":21695,"date":"2025-05-20T18:21:15","date_gmt":"2025-05-20T18:21:15","guid":{"rendered":"https:\/\/electricstore.eu\/p\/uncategorized\/ampace-andes-1500-3600w-pure-sine-wave-portable-power-station-1462wh-lifepo4-capacity-solar-generator-full-charge-in-55min\/"},"modified":"2025-05-20T18:21:16","modified_gmt":"2025-05-20T18:21:16","slug":"ampace-andes-1500-3600w-pure-sine-wave-portable-power-station-1462wh-lifepo4-capacity-solar-generator-full-charge-in-55min","status":"publish","type":"product","link":"https:\/\/www.electricstore.eu\/de\/p\/batteries\/portable-power-stations\/ampace-andes-1500-3600w-pure-sine-wave-portable-power-station-1462wh-lifepo4-capacity-solar-generator-full-charge-in-55min\/","title":{"rendered":"Ampace Andes 1500 3600W Tragbare Powerstation mit reiner Sinuswelle, 1462Wh LiFePO4-Kapazit\u00e4t, Solargenerator, vollst\u00e4ndige Aufladung in 55 Minuten"},"content":{"rendered":"<div class=\"product-specs-list-container\">\n<ul class=\"product-specs-list util-clearfix\">\n<li class=\"product-prop line-limit-length\"><span\n                                        class=\"property-title\">Nennkapazit\u00e4t:&nbsp;<\/span><span\n                                        class=\"property-desc line-limit-length\">1462 Wh<\/span>\n                            <\/li>\n<li class=\"product-prop line-limit-length\"><span\n                                        class=\"property-title\">Modellnummer:&nbsp;<\/span><span\n                                        class=\"property-desc line-limit-length\">Anden 1500<\/span>\n                            <\/li>\n<li class=\"product-prop line-limit-length\"><span\n                                        class=\"property-title\">Typ:&nbsp;<\/span><span\n                                        class=\"property-desc line-limit-length\">LiFePO4<\/span>\n                            <\/li>\n<li class=\"product-prop line-limit-length\"><span\n                                        class=\"property-title\">Set-Typ:&nbsp;<\/span><span\n                                        class=\"property-desc line-limit-length\">Ladeger\u00e4te-Sets<\/span>\n                            <\/li>\n<li class=\"product-prop line-limit-length\"><span\n                                        class=\"property-title\">Marke:&nbsp;<\/span><span\n                                        class=\"property-desc line-limit-length\">Ampace<\/span>\n                            <\/li>\n<li class=\"product-prop line-limit-length\"><span\n                                        class=\"property-title\">Typ:&nbsp;<\/span><span\n                                        class=\"property-desc line-limit-length\">Tragbares Kraftwerk<\/span>\n                            <\/li>\n<li class=\"product-prop line-limit-length\"><span\n                                        class=\"property-title\">Modell:&nbsp;<\/span><span\n                                        class=\"property-desc line-limit-length\">Anden 1500<\/span>\n                            <\/li>\n<li class=\"product-prop line-limit-length\"><span\n                                        class=\"property-title\">Startseite EPS:&nbsp;<\/span><span\n                                        class=\"property-desc line-limit-length\">20 ms<\/span>\n                            <\/li>\n<li class=\"product-prop line-limit-length\"><span\n                                        class=\"property-title\">Zertifizierung:&nbsp;<\/span><span\n                                        class=\"property-desc line-limit-length\">UL, CE, FCC, PSE, RoHS<\/span>\n                            <\/li>\n<li class=\"product-prop line-limit-length\"><span\n                                        class=\"property-title\">Lebensdauer:&nbsp;<\/span><span\n                                        class=\"property-desc line-limit-length\">6000 Zyklen<\/span>\n                            <\/li>\n<li class=\"product-prop line-limit-length\"><span\n                                        class=\"property-title\">Zellchemiesystem:&nbsp;<\/span><span\n                                        class=\"property-desc line-limit-length\">LiFePO4-System<\/span>\n                            <\/li>\n<li class=\"product-prop line-limit-length\"><span\n                                        class=\"property-title\">Wechselstrom-Ausgangsbuchsen:&nbsp;<\/span><span\n                                        class=\"property-desc line-limit-length\">Reine Sinuswelle<\/span>\n                            <\/li>\n<li class=\"product-prop line-limit-length\"><span\n                                        class=\"property-title\">Typ A:&nbsp;<\/span><span\n                                        class=\"property-desc line-limit-length\">13 Ausg\u00e4nge<\/span>\n                            <\/li>\n<\/ul><\/div>\n<p><\/p>\n<p style=\"font-family:&quot;Microsoft YaHei&quot;;font-size:medium;font-weight:400;letter-spacing:normal;text-align:start;white-space:normal;color:rgb(0, 0, 0)\" align=\"start\"><span style=\"font-size:x-large\">Highlights<\/span><\/p>\n<p><\/p>\n<h3 style=\"font-family:&quot;Microsoft YaHei&quot;;letter-spacing:normal;text-align:start;white-space:normal;color:rgb(0, 0, 0)\" align=\"start\">Schnelles Aufladen<strong><br \/><\/strong><\/h3>\n<p style=\"font-family:&quot;Microsoft YaHei&quot;;font-size:medium;font-weight:400;letter-spacing:normal;text-align:start;white-space:normal;color:rgb(0, 0, 0)\" align=\"start\">Die tragbare Powerstation Ampace Andes 1500 nutzt die A-Boost-Technologie f\u00fcr extrem schnelles Aufladen. Sie erreicht ihre volle Kapazit\u00e4t in nur 55 Minuten \u2013 schneller als viele andere Modelle. Mit einem 600-W-Solarpanel ist sie in 3 bis 5 Stunden und mit einem 96-W-Autoladeger\u00e4t in 16 Stunden vollst\u00e4ndig aufgeladen.<strong><br \/><\/strong><\/p>\n<h3 style=\"font-family:&quot;Microsoft YaHei&quot;;letter-spacing:normal;text-align:start;white-space:normal;color:rgb(0, 0, 0)\" align=\"start\">Kraftvolle Vielseitigkeit<strong><br \/><\/strong><\/h3>\n<p style=\"font-family:&quot;Microsoft YaHei&quot;;font-size:medium;font-weight:400;letter-spacing:normal;text-align:start;white-space:normal;color:rgb(0, 0, 0)\" align=\"start\">Diese Powerstation verf\u00fcgt \u00fcber 13 vielseitige Anschl\u00fcsse und liefert eine Leistung von bis zu 3600 W, sodass Sie sich keine Sorgen mehr um Stromausf\u00e4lle machen m\u00fcssen. Sie versorgt 99% Haushaltsger\u00e4te mit Strom, darunter Projektoren, Herde, Elektrogrills, Back\u00f6fen, Kaffeemaschinen, K\u00fchlschr\u00e4nke, Klimaanlagen, Rasenm\u00e4her, Bohrmaschinen und Kreiss\u00e4gen. Dar\u00fcber hinaus l\u00e4dt dieses Kraftpaket m\u00fchelos mobile Ger\u00e4te wie Smartphones, Laptops und Tablets auf, damit Sie \u00fcberall in Verbindung bleiben und produktiv arbeiten k\u00f6nnen.<\/p>\n<h3 style=\"font-family:&quot;Microsoft YaHei&quot;;letter-spacing:normal;text-align:start;white-space:normal;color:rgb(0, 0, 0)\" align=\"start\">Mehrere anwendbare Szenarien<strong><br \/><\/strong><\/h3>\n<p style=\"font-family:&quot;Microsoft YaHei&quot;;font-size:medium;font-weight:400;letter-spacing:normal;text-align:start;white-space:normal;color:rgb(0, 0, 0)\" align=\"start\">Dank seiner hohen Ausgangsleistung von 3600 W eignet sich das Ampace Andes 1500 f\u00fcr vielf\u00e4ltige Einsatzbereiche. Es kann unter anderem als medizinische Stromquelle, Notstromversorgung, Campingstromversorgung, Heim-Notstromversorgung und B\u00fcrostromversorgung dienen. Dar\u00fcber hinaus arbeitet es selbst unter extremen Bedingungen, wie beispielsweise bei eisigen Temperaturen, zuverl\u00e4ssig.<strong><br \/><\/strong><\/p>\n<h3 style=\"font-family:&quot;Microsoft YaHei&quot;;letter-spacing:normal;text-align:start;white-space:normal;color:rgb(0, 0, 0)\" align=\"start\">Premium-LFP-Batterien und wegweisendes SiC-Material<strong><br \/><\/strong><\/h3>\n<p style=\"font-family:&quot;Microsoft YaHei&quot;;font-size:medium;font-weight:400;letter-spacing:normal;text-align:start;white-space:normal;color:rgb(0, 0, 0)\" align=\"start\">Die tragbare Powerstation Ampace Andes 1500 ist mit einer LFP-Batterie h\u00f6chster Qualit\u00e4t ausgestattet, die nicht brennbar und temperaturbest\u00e4ndig ist. Sie wird von SiCPrime angetrieben und bietet eine au\u00dfergew\u00f6hnliche Langlebigkeit mit 6000 Ladezyklen. Gleichzeitig gew\u00e4hrleistet sie eine beispiellose Sicherheit Ihrer Ger\u00e4te, indem sie Energieverluste und W\u00e4rmeentwicklung reduziert und die Energieeffizienz steigert.<strong><br \/><\/strong><\/p>\n<h3 style=\"font-family:&quot;Microsoft YaHei&quot;;letter-spacing:normal;text-align:start;white-space:normal;color:rgb(0, 0, 0)\" align=\"start\">Modernstes Geb\u00e4udeleitsystem und umweltfreundliches Material<strong><br \/><\/strong><\/h3>\n<p style=\"font-family:&quot;Microsoft YaHei&quot;;font-size:medium;font-weight:400;letter-spacing:normal;text-align:start;white-space:normal;color:rgb(0, 0, 0)\" align=\"start\">Die Ampace Andes 1500 verf\u00fcgt \u00fcber ein erstklassiges Batteriemanagementsystem (BMS) mit umfassenden Schutzfunktionen, darunter Schutz vor \u00dcber- und Untertemperatur, \u00dcber- und Unterspannung, \u00dcberstrom, Kurzschluss und \u00dcberlastung. Die aus umweltfreundlichen Materialien gefertigte Powerstation f\u00f6rdert eine sauberere Energienutzung.<strong><br \/><\/strong><\/p>\n<h3 style=\"font-family:&quot;Microsoft YaHei&quot;;letter-spacing:normal;text-align:start;white-space:normal;color:rgb(0, 0, 0)\" align=\"start\">Intelligente App-Steuerung &amp; optionale Lichtmodi<strong><br \/><\/strong><\/h3>\n<p style=\"font-family:&quot;Microsoft YaHei&quot;;font-size:medium;font-weight:400;letter-spacing:normal;text-align:start;white-space:normal;color:rgb(0, 0, 0)\" align=\"start\">Genie\u00dfen Sie die nahtlose Steuerung mit der intelligenten App, mit der Sie Ihre Ger\u00e4te per Fingertipp schnell aufladen k\u00f6nnen. Die Powerstation bietet zudem vier optionale Lichtmodi: LED-Licht, Umgebungslicht, SOS-Licht und Morsecode-Licht. Wechseln Sie bei Bedarf einfach zum gew\u00fcnschten Modus.<\/p>\n<p><\/p>\n<h2 style=\"font-family:&quot;Microsoft YaHei&quot;;font-size:14px;letter-spacing:normal;text-align:start;white-space:normal;color:rgb(0, 0, 0);margin:10px 0px;margin-bottom:10px;margin-top:10px;margin-left:0px;margin-right:0px;padding:0px;padding-bottom:0px;padding-top:0px;padding-left:0px;padding-right:0px\" align=\"start\">Spezifikation<\/h2>\n<p><\/p>\n<table style=\"border-collapse:collapse;font-family:&quot;Microsoft YaHei&quot;;width:1865.89px\" border=\"1\" cellpadding=\"8\">\n<tbody>\n<tr>\n<td style=\"width:438.575px\">\n<p><strong>Allgemein<\/strong><\/p>\n<\/td>\n<td style=\"width:1392.91px\" width=\"466\">\n<p>Marke: Ampace<br \/>Typ: Tragbares Kraftwerk<br \/>Modell: Andes 1500<br \/>Farbe: Schwarz<\/p>\n<\/td>\n<\/tr>\n<tr>\n<td style=\"width:438.575px\">\n<p><strong>Spezifikation<\/strong><\/p>\n<\/td>\n<td style=\"width:1392.91px\" width=\"466\">\n<p>Mehrere Anwendungsszenarien: Ja<strong><br \/><\/strong>Premium-LFP-Batterie: Ja<strong><br \/><\/strong>Modernstes Geb\u00e4udeleitsystem: Ja<strong><br \/><\/strong>Umweltfreundliche Materialien: Ja<strong><br \/><\/strong>App-Steuerung: Ja<br \/>Zertifizierung: UL, CE, FCC, PSE, RoHS<br \/>Home-EPS: 20 ms<br \/>Beleuchtung: LED-Licht, Umgebungslicht, SOS-Licht und Morsecode-Licht<br \/>Ladetemperatur: -20 \u00b0C bis 45 \u00b0C (-4 \u00b0F bis 113 \u00b0F)<br \/>Entladetemperatur: -20 \u00b0C bis 45 \u00b0C (-4 \u00b0F bis 113 \u00b0F)<\/p>\n<\/td>\n<\/tr>\n<tr>\n<td style=\"width:438.575px\">\n<p><strong>Eingang<\/strong><\/p>\n<\/td>\n<td style=\"width:1392.91px\" width=\"466\">\n<p>Netzanschluss: USA: 120 V, 60 Hz (A-Boost Schnellladung: 1800 W), Gro\u00dfbritannien\/EU\/AU\/ZA: 220\u2013240 V, 50 Hz (A-Boost Schnellladung: 2200 W)<br \/>Eingang f\u00fcr Solarpanel-Ladefunktion: DC 11~60V, 12A (600W max.)<br \/>Kfz-Ladeeingang: DC 12V\/24V, 8A (96W Max)<\/p>\n<\/td>\n<\/tr>\n<tr>\n<td style=\"width:438.575px\">\n<p><strong>Ausgabe<\/strong><\/p>\n<\/td>\n<td style=\"width:1392.91px\" width=\"466\">\n<p>4 USB-A-Ausgangsanschl\u00fcsse: 5 V\/3 A, 9 V\/2 A, 12 V\/1,5 A, max. 18 W pro Anschluss<br \/>4 Wechselstrom-Ausgangsbuchsen: Reine Sinuswelle, Gesamtleistung 2400 W (Spitzenleistung 3600 W), USA: 120 V, 60 Hz, UK\/EU\/AU\/ZA: 220\u2013240 V, 50 Hz<strong><br \/><\/strong>2 USB-C-Ausg\u00e4nge: 5 V\/3 A, 9 V\/3 A, 12 V\/3 A, 15 V\/3 A, 20 V\/5 A, max. 100 W<br \/>2 x DC5521-Ausgangsanschl\u00fcsse: 12,6 V\/10 A, max. 120 W<strong><br \/><\/strong>1 x Kfz-Anschluss: 12,6 V\/10 A, max. 120 W<br \/>Maximale Ger\u00e4teleistung, die von A-Turbo unterst\u00fctzt wird: 3600 W f\u00fcr ohmsche Lasten<\/p>\n<\/td>\n<\/tr>\n<tr>\n<td style=\"width:438.575px\">\n<p><strong>Batterieinformationen<\/strong><\/p>\n<p><\/td>\n<td style=\"width:1392.91px\" width=\"466\">\n<p>Zellchemisches System: LiFePO4-System<br \/>Lebensdauer: 6000 Zyklen<br \/>Schutzfunktionen: Leckstromschutz; K\u00e4lteschutz; Unterspannungsschutz; \u00dcberstromschutz; \u00dcberlastschutz; \u00dcbertemperaturschutz; \u00dcberspannungsschutz; Kurzschlussschutz<\/p>\n<\/td>\n<\/tr>\n<tr>\n<td style=\"width:438.575px\">\n<p><strong>Gewicht &amp; Gr\u00f6\u00dfe<\/strong><\/p>\n<\/td>\n<td style=\"width:1392.91px\" width=\"466\">\n<p>Produktgewicht: 16,5 kg<br \/>Paketgewicht: 18,2 kg<br \/>Produktabmessungen (L x B x H): 436 \u00d7 195 \u00d7 335 mm<br \/>Verpackungsgr\u00f6\u00dfe (L x B x H): 508 \u00d7 260 \u00d7 428 mm<\/p>\n<\/td>\n<\/tr>\n<tr>\n<td style=\"width:438.575px\">\n<p><strong>Packungsinhalt<\/strong><\/p>\n<\/td>\n<td style=\"width:1392.91px\" width=\"466\">\n<p>1 x Tragbare Powerstation Andes 1500\u00a0<br \/>1 x AC-Ladekabel\u00a0<br \/>1 x Auto-Ladekabel\u00a0<br \/>1 x Kabeltasche\u00a0<br \/>1 x Benutzerhandbuch\u00a0<br \/>1 x Garantiekarte\u00a0<\/p>\n<\/td>\n<\/tr>\n<\/tbody>\n<\/table>\n<p><img decoding=\"async\" src=\"https:\/\/ae01.alicdn.com\/kf\/S8cd07578d87f4bce857c68534ea64f91F.jpeg\" slate-data-type=\"image\"\/><img decoding=\"async\" src=\"https:\/\/ae01.alicdn.com\/kf\/Se2d8bf4f50264eb9961ca09eb885bc8aE.jpeg\" slate-data-type=\"image\"\/><img decoding=\"async\" src=\"https:\/\/ae01.alicdn.com\/kf\/Sc1165f5e2e67469a9a44b95e8afa7704Y.jpeg\" slate-data-type=\"image\"\/><img decoding=\"async\" src=\"https:\/\/ae01.alicdn.com\/kf\/Seb0d02b2c5fc436482906542f0a594700.jpeg\" slate-data-type=\"image\"\/><img decoding=\"async\" src=\"https:\/\/ae01.alicdn.com\/kf\/S65c965dc181a40ddb6447f04bbf8ecc4O.jpeg\" slate-data-type=\"image\"\/><img decoding=\"async\" src=\"https:\/\/ae01.alicdn.com\/kf\/S28ce9d48a2c24d4db17cdbecb72e5d01b.jpeg\" slate-data-type=\"image\"\/><img decoding=\"async\" src=\"https:\/\/ae01.alicdn.com\/kf\/Sc6cfb22f033042158c021150ee64b901n.jpeg\" slate-data-type=\"image\"\/><img decoding=\"async\" src=\"https:\/\/ae01.alicdn.com\/kf\/Sa3aee9efdafe4d6cbb43073b0847f5f9d.jpeg\" slate-data-type=\"image\"\/><img decoding=\"async\" src=\"https:\/\/ae01.alicdn.com\/kf\/S33beb1136b044dc5a271f490d7999c2fm.jpeg\" slate-data-type=\"image\"\/><img decoding=\"async\" src=\"https:\/\/ae01.alicdn.com\/kf\/Sfaa46db4c3c54f11b864dee1c9a28a21x.jpeg\" slate-data-type=\"image\"\/><img decoding=\"async\" src=\"https:\/\/ae01.alicdn.com\/kf\/Sa567d40aacff4b62ad420ea13e556943O.jpeg\" slate-data-type=\"image\"\/><\/p>","protected":false},"excerpt":{"rendered":"<p>Nominal Capacity:&nbsp;1462Wh Model Number:&nbsp;Andes 1500 Type:&nbsp;LiFePO4 Set Type:&nbsp;Charger Sets Brand:&nbsp;Ampace Type:&nbsp;Portable Power Station Model:&nbsp;Andes 1500 Home EPS:&nbsp;20ms Certification:&nbsp;UL, CE, FCC, PSE, RoHS Cycle Life:&nbsp;6000 Cycles Cell Chemistry System:&nbsp;LiFePO4 System AC<\/p>","protected":false},"featured_media":21697,"comment_status":"open","ping_status":"closed","template":"","meta":{"_acf_changed":false},"product_brand":[],"product_cat":[515],"product_tag":[],"class_list":{"0":"post-21695","1":"product","2":"type-product","3":"status-publish","4":"has-post-thumbnail","6":"product_cat-portable-power-stations","8":"first","9":"instock","10":"shipping-taxable","11":"purchasable","12":"product-type-simple"},"acf":[],"_links":{"self":[{"href":"https:\/\/www.electricstore.eu\/de\/wp-json\/wp\/v2\/product\/21695","targetHints":{"allow":["GET"]}}],"collection":[{"href":"https:\/\/www.electricstore.eu\/de\/wp-json\/wp\/v2\/product"}],"about":[{"href":"https:\/\/www.electricstore.eu\/de\/wp-json\/wp\/v2\/types\/product"}],"replies":[{"embeddable":true,"href":"https:\/\/www.electricstore.eu\/de\/wp-json\/wp\/v2\/comments?post=21695"}],"wp:featuredmedia":[{"embeddable":true,"href":"https:\/\/www.electricstore.eu\/de\/wp-json\/wp\/v2\/media\/21697"}],"wp:attachment":[{"href":"https:\/\/www.electricstore.eu\/de\/wp-json\/wp\/v2\/media?parent=21695"}],"wp:term":[{"taxonomy":"product_brand","embeddable":true,"href":"https:\/\/www.electricstore.eu\/de\/wp-json\/wp\/v2\/product_brand?post=21695"},{"taxonomy":"product_cat","embeddable":true,"href":"https:\/\/www.electricstore.eu\/de\/wp-json\/wp\/v2\/product_cat?post=21695"},{"taxonomy":"product_tag","embeddable":true,"href":"https:\/\/www.electricstore.eu\/de\/wp-json\/wp\/v2\/product_tag?post=21695"}],"curies":[{"name":"wp","href":"https:\/\/api.w.org\/{rel}","templated":true}]}}