{"id":21632,"date":"2025-05-20T18:20:33","date_gmt":"2025-05-20T18:20:33","guid":{"rendered":"https:\/\/electricstore.eu\/p\/uncategorized\/touroll-j1-adult-bikes-27-5-250w-motor-electric-bikes-wheels-561-6wh-battery-100km-range-electric-bicycles\/"},"modified":"2025-05-20T18:20:42","modified_gmt":"2025-05-20T18:20:42","slug":"touroll-j1-adult-bikes-27-5-250w-motor-electric-bikes-wheels-561-6wh-battery-100km-range-electric-bicycles","status":"publish","type":"product","link":"https:\/\/www.electricstore.eu\/de\/p\/bikes\/touroll-j1-adult-bikes-27-5-250w-motor-electric-bikes-wheels-561-6wh-battery-100km-range-electric-bicycles\/","title":{"rendered":"Touroll J1 Fahrr\u00e4der f\u00fcr Erwachsene 27,5\u2033 250W Motor Elektrofahrr\u00e4der R\u00e4der 561,6Wh Batterie 100km Reichweite Elektrofahrr\u00e4der"},"content":{"rendered":"<div class=\"product-specs-list-container\">\n<ul class=\"product-specs-list util-clearfix\">\n<li class=\"product-prop line-limit-length\"><span\n                                        class=\"property-title\">Marke:&nbsp;<\/span><span\n                                        class=\"property-desc line-limit-length\">Eleglide<\/span>\n                            <\/li>\n<li class=\"product-prop line-limit-length\"><span\n                                        class=\"property-title\">Rahmengr\u00f6\u00dfe:&nbsp;<\/span><span\n                                        class=\"property-desc line-limit-length\">27.5&quot; x 17&quot;<\/span>\n                            <\/li>\n<li class=\"product-prop line-limit-length\"><span\n                                        class=\"property-title\">Max. Load:&nbsp;<\/span><span\n                                        class=\"property-desc line-limit-length\">100 kg<\/span>\n                            <\/li>\n<li class=\"product-prop line-limit-length\"><span\n                                        class=\"property-title\">Max. Speed:&nbsp;<\/span><span\n                                        class=\"property-desc line-limit-length\">25 KM\/H<\/span>\n                            <\/li>\n<li class=\"product-prop line-limit-length\"><span\n                                        class=\"property-title\">Wasserdichtigkeit:&nbsp;<\/span><span\n                                        class=\"property-desc line-limit-length\">IPX4<\/span>\n                            <\/li>\n<li class=\"product-prop line-limit-length\"><span\n                                        class=\"property-title\">Material:&nbsp;<\/span><span\n                                        class=\"property-desc line-limit-length\">Aluminiumlegierung<\/span>\n                            <\/li>\n<li class=\"product-prop line-limit-length\"><span\n                                        class=\"property-title\">Leistung:&nbsp;<\/span><span\n                                        class=\"property-desc line-limit-length\">500 W<\/span>\n                            <\/li>\n<li class=\"product-prop line-limit-length\"><span\n                                        class=\"property-title\">Stromspannung:&nbsp;<\/span><span\n                                        class=\"property-desc line-limit-length\">36 V<\/span>\n                            <\/li>\n<li class=\"product-prop line-limit-length\"><span\n                                        class=\"property-title\">Funktionen 01:&nbsp;<\/span><span\n                                        class=\"property-desc line-limit-length\">Elektrofahrrad<\/span>\n                            <\/li>\n<li class=\"product-prop line-limit-length\"><span\n                                        class=\"property-title\">Funktionen 02:&nbsp;<\/span><span\n                                        class=\"property-desc line-limit-length\">Elektrofahrr\u00e4der<\/span>\n                            <\/li>\n<li class=\"product-prop line-limit-length\"><span\n                                        class=\"property-title\">Funktionen 03:&nbsp;<\/span><span\n                                        class=\"property-desc line-limit-length\">Elektrofahrrad-Angebot<\/span>\n                            <\/li>\n<li class=\"product-prop line-limit-length\"><span\n                                        class=\"property-title\">Funktionen 04:&nbsp;<\/span><span\n                                        class=\"property-desc line-limit-length\">Elektrofahrr\u00e4der f\u00fcr Erwachsene<\/span>\n                            <\/li>\n<li class=\"product-prop line-limit-length\"><span\n                                        class=\"property-title\">Funktionen 06:&nbsp;<\/span><span\n                                        class=\"property-desc line-limit-length\">Elektrofahrr\u00e4der f\u00fcr Erwachsene<\/span>\n                            <\/li>\n<li class=\"product-prop line-limit-length\"><span\n                                        class=\"property-title\">Funktionen 08:&nbsp;<\/span><span\n                                        class=\"property-desc line-limit-length\">Elektrisches E-Bike<\/span>\n                            <\/li>\n<li class=\"product-prop line-limit-length\"><span\n                                        class=\"property-title\">Funktionen 09:&nbsp;<\/span><span\n                                        class=\"property-desc line-limit-length\">G\u00fcnstige Fahrr\u00e4der<\/span>\n                            <\/li>\n<\/ul><\/div>\n<p><span style=\"font-size:26px\"><strong>Highlights:<\/strong><\/span><\/p>\n<ul style=\"font-family:&quot;Microsoft YaHei&quot;;font-size:medium;font-weight:400;letter-spacing:normal;text-align:start;white-space:normal;color:rgb(0, 0, 0);margin-bottom:10px;padding-left:0px\" class=\"clearfix\" align=\"start\">\n<li style=\"font-size:14px;margin-right:10px;padding-left:18px;list-style:none;position:relative;float:left\">\n<p><strong>High-Powered Motor<br \/><\/strong>The\u00a0Touroll J1\u00a0boasts\u00a0a powerful brushless motor that delivers 45N.M\u00a0torque,\u00a0and a cut-off\u00a0speed of 25km\/h.\u00a0The robust motor presents low maintenance requirements and provides\u00a0consistent power delivery on flat terrain, perfect for urban commuting\u00a0and recreational excursion.<\/p>\n<div><\/div>\n<p><strong>Efficient Removable Battery<br \/><\/strong>Equipped with a replaceable 561.6 Wh lithium-ion battery, the J1 e-bike has a maximum range of 100km in assist mode, so whether you&#x27;re on a daily commute or a long-distance cycling adventure, it&#x27;s up to the task. With the J1 e-Bike, you can enjoy a hassle-free riding experience.<\/p>\n<div><\/div>\n<p><strong>27.5&#215;2.1&quot;<\/strong><strong><span>\u00a0<\/span><\/strong><strong>Big\u00a0Tires\u00a0&amp; 7-Speed Shimano Gear<br \/><\/strong>The J1 electric bike features 27.5-inch\u00a0premium pneumatic rubber tires, which provide improved traction and stability on all terrains\u00a0for effortless\u00a0and stable uphill climbing and a smooth ride on uneven pavement. It comes with a 7-speed professional Shimano derailleur that lets you enjoy the thrill of shifting gears and hitting the road with ease.<\/p>\n<div><\/div>\n<p><strong>Reliable Suspension<\/strong><strong><span>\u00a0<\/span><\/strong><strong>with a Lockout<br \/><\/strong>Mechanical shock absorbers with 80mm of suspension travel protect riders from joint pain and spinal injuries by absorbing\u00a0the shock and vibration for a smooth, firm ride. With the locking design, you can switch the shock absorber on or off for a fast ride on flat roads or a comfortable ride on bumpy hills.<\/p>\n<div><\/div>\n<p><strong>Intelligent\u00a0LCD &amp;\u00a05\u00a0Assist Levels\u00a0<br \/><\/strong>The\u00a0J1\u00a0comes with a smart\u00a0LCD\u00a0with a USB port,\u00a0which not only\u00a0keeps you up to date with important data, such as real-time speed but also allows you to charge your digital devices when needed. The display\u00a0lets you easily switch between 5 pedal assist levels, including 12, 15, 18, 21,\u00a0and 25 km\/h, as well as activating\u00a0the 6 km\/h walk mode.<\/p>\n<div><\/div>\n<p><strong>StVZO-Certified Bike Lights &amp; Sturdy Luggage Rack<br \/><\/strong>Due to the StVZO-certified\u00a0bike light\u00a0on the trekking bike J1, the beam significantly increases visibility on the road without dazzling other road users, resulting in safer street-legal riding. The sturdy luggage rack can effectively reduce the burden of traveling, making it ideal for shopping, commuting, and a long tour.<\/p>\n<div><\/div>\n<\/li>\n<\/ul>\n<p><span style=\"font-size:24px\"><strong>Spezifikation:<\/strong><\/span><\/p>\n<ul style=\"font-family:&quot;Microsoft YaHei&quot;;font-size:medium;font-weight:400;letter-spacing:normal;text-align:start;white-space:normal;color:rgb(0, 0, 0);margin-bottom:10px;padding-left:0px\" class=\"clearfix\" align=\"start\">\n<li style=\"font-size:14px;margin-right:10px;padding-left:18px;list-style:none;position:relative;float:left\">\n<table style=\"border-collapse:collapse;width:1000px\" class=\"jbEidtTable\" border=\"1\" cellpadding=\"5\" cellspacing=\"0\">\n<tbody>\n<tr>\n<td style=\"font-size:14px;text-align:left\" align=\"left\">\n<p><strong>Allgemein<\/strong><\/p>\n<\/td>\n<td style=\"font-size:14px;text-align:left\" align=\"left\">\n<p>Marke: Tourol<br \/>Type: Trekking Bike<br \/>Model:\u00a0J1,J1 ST<br \/>Farbe: Schwarz<\/p>\n<\/td>\n<\/tr>\n<tr>\n<td style=\"font-size:14px;text-align:left\" align=\"left\">\n<p><strong>Grundlegende Spezifikation<\/strong><\/p>\n<\/td>\n<td style=\"font-size:14px;text-align:left\" align=\"left\">\n<p>Net Weight: 26.4kg<br \/>Unfolded Size: 1820x680x1110mm<br \/>Rahmengr\u00f6\u00dfe: 27,5&quot; x 17,5&quot;<br \/>Lenkerl\u00e4nge: 680 mm (26,8 Zoll)<br \/>Height of Saddle (from the ground): 32.3&quot;-38.6&quot;<br \/>Recommended Rider Height: 160-200cm (around 5&#x27; 3&quot;-6&#x27; 7&quot;)<br \/>Maximale Fahrradlast: 120 kg<br \/>Abschaltgeschwindigkeit: 25 km\/h<br \/>Maximale Reichweite: 100 km (Assistenzmodus)<br \/>Tretunterst\u00fctzungsstufen: 12\/15\/18\/21\/25 km\/h<br \/>Gehmodus: 6 km\/h<br \/>Wasserdichtigkeit: IPX4<br \/>Material: STL<br \/>Braking System: Mechanical Disc Brake &amp; E-Brake<br \/>Federung: Mechanischer Sto\u00dfd\u00e4mpfer mit Sperrfunktion<\/p>\n<\/td>\n<\/tr>\n<tr>\n<td style=\"font-size:14px;text-align:left\" align=\"left\">\n<p><strong>Motor<\/strong><\/p>\n<\/td>\n<td style=\"font-size:14px;text-align:left\" align=\"left\">\n<p>Typ: Nabenmotor<br \/>Nennspannung: 36 V<br \/>Max. Ausgangsdrehmoment: 45 N.M<\/p>\n<\/td>\n<\/tr>\n<tr>\n<td style=\"font-size:14px;text-align:left\" align=\"left\">\n<p><strong>Umwerfer<\/strong><\/p>\n<\/td>\n<td style=\"font-size:14px;text-align:left\" align=\"left\">\n<p>Marke: Shimano<br \/>Number of Gears: 7 (Rear)<\/p>\n<\/td>\n<\/tr>\n<tr>\n<td style=\"font-size:14px;text-align:left\" align=\"left\">\n<p><strong>Batterie<\/strong><\/p>\n<\/td>\n<td style=\"font-size:14px;text-align:left\" align=\"left\">\n<p>Kapazit\u00e4t: 15,6 Ah<br \/>Spannung: 36V<br \/>Ladezeit: 6-8h<br \/>Leistungskapazit\u00e4t: 561,6 Wh<br \/>Schutzsystem: Ja<\/p>\n<\/td>\n<\/tr>\n<tr>\n<td style=\"font-size:14px;text-align:left\" align=\"left\">\n<p><strong>Ladeger\u00e4t<\/strong><\/p>\n<\/td>\n<td style=\"font-size:14px;text-align:left\" align=\"left\">\n<p>Eingang: 100\u2013240\u00a0V, 2,0\u00a0A<br \/>Ausgang: 42 V, 2,0 A<\/p>\n<\/td>\n<\/tr>\n<tr>\n<td style=\"font-size:14px;text-align:left\" align=\"left\">\n<p><strong>Reifen<\/strong><\/p>\n<\/td>\n<td style=\"font-size:14px;text-align:left\" align=\"left\">\n<p>Marke: CST<br \/>Size: 27.5&#215;2.1&quot;<br \/>Typ: Pneumatische Gummireifen<br \/>Reifendruck: 40\u201370 PSI<br \/>Bester Reifendruck: 45-65PSI<\/p>\n<\/td>\n<\/tr>\n<tr>\n<td style=\"font-size:14px;text-align:left\" align=\"left\">\n<p><strong>Anzeige<\/strong><\/p>\n<\/td>\n<td style=\"font-size:14px;text-align:left\" align=\"left\">\n<p>Size: 1.8&quot;<br \/>Typ: LCD<br \/>Information: Speed, Battery Level, Trip Distance\/Odometer, Assist Level, Walk Mode, Light Mark, Brake Mark<br \/>Functions: Power on\/off, turning light on\/off, shifting assist levels, activating walk mode, removing trip data, setting screen timeout, etc.<\/p>\n<\/td>\n<\/tr>\n<tr>\n<td style=\"font-size:14px;text-align:left\" align=\"left\">\n<p><strong>Paket<\/strong><\/p>\n<\/td>\n<td style=\"font-size:14px;text-align:left\" align=\"left\">\n<p>Size: 1480x250x780mm<br \/>Gross Weight: 29kg<\/p>\n<\/td>\n<\/tr>\n<tr>\n<td style=\"font-size:14px;text-align:left\" align=\"left\">\n<p><strong>Packungsinhalt<\/strong><\/p>\n<\/td>\n<td style=\"font-size:14px;text-align:left\" align=\"left\">\n<p>1 x E-Bike, 1 x Bedienungsanleitung<\/p>\n<p>1 x Ladeger\u00e4t, 2 x Pedal (links und rechts).<\/p>\n<p>1 x Taillight \u00a0\u00a0\u00a0\u00a0\u00a0\u00a0\u00a0\u00a0\u00a0\u00a04 x Spoke Reflector<\/p>\n<p>1 x Headlight \u00a0\u00a0\u00a0\u00a0\u00a0\u00a0\u00a0\u00a02\u00a0x Mudguard (Front &amp; Rear)<\/p>\n<p>1 x LCD Display \u00a0\u00a0\u00a0\u00a0\u00a0\u00a0\u00a02 x Key<\/p>\n<p>1 x Werkzeugsatz<\/p>\n<\/td>\n<\/tr>\n<tr>\n<td style=\"font-size:14px;text-align:left\" colspan=\"2\" align=\"left\">\n<div><strong><br \/><\/strong><\/div>\n<p>Hinweis: Die maximale Reichweite wird unter folgenden Bedingungen erreicht: 75 kg Last, 26 \u00b0C Temperatur, 15 km\/h konstante Geschwindigkeit, auf ebenen Stra\u00dfen ohne starken Wind.<\/p>\n<\/td>\n<\/tr>\n<\/tbody>\n<\/table>\n<\/li>\n<\/ul>\n<p style=\"font-family:&quot;TT Norms Pro&quot;, &quot;Open Sans&quot;, Roboto, Arial, Helvetica, sans-serif, SimSun;font-size:14px;font-weight:400;letter-spacing:normal;line-height:inherit;text-align:start;white-space:normal;color:rgb(34, 34, 34);margin:0px;margin-bottom:0px;margin-top:0px;margin-left:0px;margin-right:0px;padding:0px;padding-bottom:0px;padding-top:0px;padding-left:0px;padding-right:0px;box-sizing:border-box\" align=\"start\"><img decoding=\"async\" style=\"border:0px;margin:0px;margin-bottom:0px;margin-top:0px;margin-left:0px;margin-right:0px;padding:0px;padding-bottom:0px;padding-top:0px;padding-left:0px;padding-right:0px;max-width:100%;box-sizing:border-box\" src=\"https:\/\/ae01.alicdn.com\/kf\/S591ea02dc8a4426190f12e82d67b9d3bX.jpg\" slate-data-type=\"image\"\/><img decoding=\"async\" style=\"border:0px;margin:0px;margin-bottom:0px;margin-top:0px;margin-left:0px;margin-right:0px;padding:0px;padding-bottom:0px;padding-top:0px;padding-left:0px;padding-right:0px;max-width:100%;box-sizing:border-box\" src=\"https:\/\/ae01.alicdn.com\/kf\/S4edea08ba52f4e7ca2c8503279c40492I.jpg\" slate-data-type=\"image\"\/><img decoding=\"async\" style=\"border:0px;margin:0px;margin-bottom:0px;margin-top:0px;margin-left:0px;margin-right:0px;padding:0px;padding-bottom:0px;padding-top:0px;padding-left:0px;padding-right:0px;max-width:100%;box-sizing:border-box\" src=\"https:\/\/ae01.alicdn.com\/kf\/S94c0e4632ec54c9ab9fc99e3cc44ba42T.jpg\" slate-data-type=\"image\"\/><img decoding=\"async\" style=\"border:0px;margin:0px;margin-bottom:0px;margin-top:0px;margin-left:0px;margin-right:0px;padding:0px;padding-bottom:0px;padding-top:0px;padding-left:0px;padding-right:0px;max-width:100%;box-sizing:border-box\" src=\"https:\/\/ae01.alicdn.com\/kf\/Sd8913f419a4b4233a100e55ae7063dc8r.jpg\" slate-data-type=\"image\"\/><img decoding=\"async\" style=\"border:0px;margin:0px;margin-bottom:0px;margin-top:0px;margin-left:0px;margin-right:0px;padding:0px;padding-bottom:0px;padding-top:0px;padding-left:0px;padding-right:0px;max-width:100%;box-sizing:border-box\" src=\"https:\/\/ae01.alicdn.com\/kf\/S56b68c02e2b64013b63d5cb79d05b088W.jpg\" slate-data-type=\"image\"\/><img decoding=\"async\" style=\"border:0px;margin:0px;margin-bottom:0px;margin-top:0px;margin-left:0px;margin-right:0px;padding:0px;padding-bottom:0px;padding-top:0px;padding-left:0px;padding-right:0px;max-width:100%;box-sizing:border-box\" src=\"https:\/\/ae01.alicdn.com\/kf\/S0b7a408432304c6f8f8a5f70d3684d1bL.jpg\" slate-data-type=\"image\"\/><img decoding=\"async\" style=\"border:0px;margin:0px;margin-bottom:0px;margin-top:0px;margin-left:0px;margin-right:0px;padding:0px;padding-bottom:0px;padding-top:0px;padding-left:0px;padding-right:0px;max-width:100%;box-sizing:border-box\" src=\"https:\/\/ae01.alicdn.com\/kf\/S3ccd0135e43543eabb87917a567b6218L.jpg\" slate-data-type=\"image\"\/><img decoding=\"async\" style=\"border:0px;margin:0px;margin-bottom:0px;margin-top:0px;margin-left:0px;margin-right:0px;padding:0px;padding-bottom:0px;padding-top:0px;padding-left:0px;padding-right:0px;max-width:100%;box-sizing:border-box\" src=\"https:\/\/ae01.alicdn.com\/kf\/S2fe53fa05b0045658c83a3e40b67eb03l.jpg\" slate-data-type=\"image\"\/><img decoding=\"async\" style=\"border:0px;margin:0px;margin-bottom:0px;margin-top:0px;margin-left:0px;margin-right:0px;padding:0px;padding-bottom:0px;padding-top:0px;padding-left:0px;padding-right:0px;max-width:100%;box-sizing:border-box\" src=\"https:\/\/ae01.alicdn.com\/kf\/Sec54ff99ae4743958464d4f8fc74a07e1.jpg\" slate-data-type=\"image\"\/><img decoding=\"async\" style=\"border:0px;margin:0px;margin-bottom:0px;margin-top:0px;margin-left:0px;margin-right:0px;padding:0px;padding-bottom:0px;padding-top:0px;padding-left:0px;padding-right:0px;max-width:100%;box-sizing:border-box\" src=\"https:\/\/ae01.alicdn.com\/kf\/Sbb620561c15f44bc9193a597f7ca1910t.jpg\" slate-data-type=\"image\"\/><img decoding=\"async\" style=\"border:0px;margin:0px;margin-bottom:0px;margin-top:0px;margin-left:0px;margin-right:0px;padding:0px;padding-bottom:0px;padding-top:0px;padding-left:0px;padding-right:0px;max-width:100%;box-sizing:border-box\" src=\"https:\/\/ae01.alicdn.com\/kf\/Sd37f04ff294d44f7afa237816400fbb7a.jpg\" slate-data-type=\"image\"\/><img decoding=\"async\" style=\"border:0px;margin:0px;margin-bottom:0px;margin-top:0px;margin-left:0px;margin-right:0px;padding:0px;padding-bottom:0px;padding-top:0px;padding-left:0px;padding-right:0px;max-width:100%;box-sizing:border-box\" src=\"https:\/\/ae01.alicdn.com\/kf\/S760634773520481e9d8fab4da372e48ch.jpg\" slate-data-type=\"image\"\/><img decoding=\"async\" style=\"border:0px;margin:0px;margin-bottom:0px;margin-top:0px;margin-left:0px;margin-right:0px;padding:0px;padding-bottom:0px;padding-top:0px;padding-left:0px;padding-right:0px;max-width:100%;box-sizing:border-box\" src=\"https:\/\/ae01.alicdn.com\/kf\/S0cf9bfcf5e144380887f6d778c954885v.jpg\" slate-data-type=\"image\"\/><img decoding=\"async\" style=\"border:0px;margin:0px;margin-bottom:0px;margin-top:0px;margin-left:0px;margin-right:0px;padding:0px;padding-bottom:0px;padding-top:0px;padding-left:0px;padding-right:0px;max-width:100%;box-sizing:border-box\" src=\"https:\/\/ae01.alicdn.com\/kf\/Sb58e06fdacc94ef28ebeae77dcb75e52i.jpg\" slate-data-type=\"image\"\/><\/p>\n<p><\/p>","protected":false},"excerpt":{"rendered":"<p>Brand:&nbsp;Eleglide Size of Frame:&nbsp;27.5&quot; x 17&quot; Max. Load:&nbsp;100KG Max. Speed:&nbsp;25 KM\/H Waterproof Level:&nbsp;IPX4 Material:&nbsp;Aluminium Alloy Power:&nbsp;500W Voltage:&nbsp;36V Features 01:&nbsp;Electric Bicycle Features 02:&nbsp;Electric Bikes Features 03:&nbsp;Electric Bike Offer Features 04:&nbsp;Electric Bikes<\/p>","protected":false},"featured_media":21634,"comment_status":"open","ping_status":"closed","template":"","meta":{"_acf_changed":false},"product_brand":[],"product_cat":[230],"product_tag":[],"class_list":{"0":"post-21632","1":"product","2":"type-product","3":"status-publish","4":"has-post-thumbnail","6":"product_cat-bikes","8":"first","9":"instock","10":"shipping-taxable","11":"purchasable","12":"product-type-variable"},"acf":[],"_links":{"self":[{"href":"https:\/\/www.electricstore.eu\/de\/wp-json\/wp\/v2\/product\/21632","targetHints":{"allow":["GET"]}}],"collection":[{"href":"https:\/\/www.electricstore.eu\/de\/wp-json\/wp\/v2\/product"}],"about":[{"href":"https:\/\/www.electricstore.eu\/de\/wp-json\/wp\/v2\/types\/product"}],"replies":[{"embeddable":true,"href":"https:\/\/www.electricstore.eu\/de\/wp-json\/wp\/v2\/comments?post=21632"}],"wp:featuredmedia":[{"embeddable":true,"href":"https:\/\/www.electricstore.eu\/de\/wp-json\/wp\/v2\/media\/21634"}],"wp:attachment":[{"href":"https:\/\/www.electricstore.eu\/de\/wp-json\/wp\/v2\/media?parent=21632"}],"wp:term":[{"taxonomy":"product_brand","embeddable":true,"href":"https:\/\/www.electricstore.eu\/de\/wp-json\/wp\/v2\/product_brand?post=21632"},{"taxonomy":"product_cat","embeddable":true,"href":"https:\/\/www.electricstore.eu\/de\/wp-json\/wp\/v2\/product_cat?post=21632"},{"taxonomy":"product_tag","embeddable":true,"href":"https:\/\/www.electricstore.eu\/de\/wp-json\/wp\/v2\/product_tag?post=21632"}],"curies":[{"name":"wp","href":"https:\/\/api.w.org\/{rel}","templated":true}]}}